





{"id":66140,"date":"2023-11-30T14:47:21","date_gmt":"2023-11-30T13:47:21","guid":{"rendered":"https:\/\/repliquemangacine.fr\/?post_type=product&#038;p=66140"},"modified":"2026-04-20T19:40:49","modified_gmt":"2026-04-20T17:40:49","slug":"olio-universale-ballistol","status":"publish","type":"product","link":"https:\/\/repliquemangacine.fr\/it\/armes-historiques\/huile-universelle-ballistol\/","title":{"rendered":"Olio universale Ballistol"},"content":{"rendered":"<h2>L'eccellenza dell'olio universale Ballistol<\/h2>\n<p>In primo luogo, l'olio universale Ballistol, un prodotto versatile che offre numerosi vantaggi e utilizzi. Composto da un olio bianco puro in senso medico,<br \/>\nil che significa che \u00e8 priva di resina e acido e non si deteriora nel tempo. Questa qualit\u00e0 la rende ideale per diverse applicazioni, in particolare per la manutenzione e la conservazione di oggetti.<\/p>\n<h3>Olio universale Ballistol: Approvato e ineguagliabile<\/h3>\n<p>Va sottolineato che questo prodotto \u00e8 ideale per la cura di metallo, legno, pelle, gomma, materiali sintetici, pelle, pelo degli animali e molto altro ancora.<\/p>\n<p>Del resto, <a href=\"https:\/\/ballistol.de\/\" target=\"_blank\" rel=\"noopener noreferrer\">Ballistol<\/a> \u00e8 ecologico, biodegradabile e sicuro per la pelle e gli alimenti. Queste caratteristiche lo rendono particolarmente adatto a un'ampia gamma di applicazioni, dalla cura delle armi ad altri usi domestici e professionali.<\/p>\n<h2>Olio universale Ballistol: un must per la cura di repliche e accessori<\/h2>\n<p>L'olio universale Ballistol \u00e8 la scelta ideale per la cura ottimale di katana, repliche di armi e accessori in pelle come le fondine.<\/p>\n<p>La sua composizione unica, a base di olio bianco puro, lo rende ideale per la conservazione e la cura di questi preziosi oggetti.<\/p>\n<h2>Scoprite il potere versatile di Ballistol<\/h2>\n<p>BALLISTOL forma un film protettivo alcalino sulla superficie dei metalli. Neutralizza il sudore delle mani e altri residui corrosivi acidi, proteggendo la superficie dalla corrosione.<\/p>\n<p>Ideale per l'artigianato, l'industria, il fai da te, l'agricoltura, la casa, il giardinaggio, le auto e le moto, la pesca, la caccia e il tiro.<\/p>\n<p>La sua formula non corrosiva e biodegradabile lo rende una scelta sicura e rispettosa dell'ambiente per mantenere le vostre attrezzature in perfette condizioni.<\/p>\n<h2>Cura e protezione di alta qualit\u00e0 per le vostre collezioni<\/h2>\n<p>Per quanto riguarda <a href=\"https:\/\/repliquemangacine.fr\/it\/fucina-di-katana\/\">katane<\/a> e altre lame. Ballistol svolge un ruolo fondamentale nel preservare il filo e la lucentezza delle lame. La sua capacit\u00e0 di penetrare in profondit\u00e0 previene la corrosione.<br \/>\ne mantiene l'integrit\u00e0 della lama, prolungandone cos\u00ec la durata e la bellezza.<\/p>\n<p>Per i <a href=\"https:\/\/repliquemangacine.fr\/it\/repliche-di-armi\/\">armi replica<\/a>, Ballistol protegge dalla ruggine e dai danni, neutralizzando i residui acidi e garantendo che le tue repliche rimangano come<br \/>\nimpressionanti come il giorno in cui sono state acquistate.<\/p>\n<h3>Ballistol e la cura degli accessori in pelle<\/h3>\n<p>Per quanto riguarda la cura dei prodotti in pelle, come le fondine, Ballistol \u00e8 altrettanto efficace. Nutre la pelle, rendendola pi\u00f9 morbida e resistente, proteggendone al contempo la superficie.<\/p>\n<p>In conclusione, con Ballistol garantite una longevit\u00e0 e un'eleganza senza pari alle vostre collezioni di repliche e accessori.<\/p>","protected":false},"excerpt":{"rendered":"<p>Olio universale assolutamente favoloso di Ballistol.<\/p>\n<p>Manutenzione di metallo, legno, pelle, ecc.<\/p>\n<ul>\n<li>Protegge dalla corrosione Mantiene, lubrifica, disinfetta, protegge dalla ruggine<\/li>\n<li>Si infila facilmente negli angoli e nelle fessure pi\u00f9 piccole<\/li>\n<li>Non resinifica, completamente biodegradabile<\/li>\n<li>Adatto agli alimenti, compatibile con la pelle.<\/li>\n<li>Disponibile in spray da 200 e 400 ml e in flaconi da 500ml<\/li>\n<\/ul>","protected":false},"featured_media":66154,"template":"","meta":[],"product_brand":[896],"product_cat":[50,51,49,25,34,65,66,30,39,86,82,33,77,93,84,73,44,72,68,112,69,55,46,92,111,45,90,26,32,117,116,38,109,71,88,23,52,40,114,83,28,833,76,115,74],"product_tag":[],"class_list":{"0":"post-66140","1":"product","2":"type-product","3":"status-publish","4":"has-post-thumbnail","6":"product_brand-replique-manga-cine","7":"product_cat-accessoires-katana","8":"product_cat-accessoires-western","9":"product_cat-armes-de-pirates","10":"product_cat-armes-historiques","11":"product_cat-armes-westerns","12":"product_cat-katana-et-epee-de-manga-anime-autre-manga","13":"product_cat-repliques-d-armes-films-et-series","14":"product_cat-katana-bleach","15":"product_cat-carabine-winchester","16":"product_cat-repliques-carabine-winchester-western","17":"product_cat-casques-romains-et-grecs","18":"product_cat-colt-pistolet","19":"product_cat-colt-revolver-western","20":"product_cat-dagues-medievales","21":"product_cat-epee-templier-medievale","22":"product_cat-epees-glaives-antique","23":"product_cat-epees-et-dagues-fantasy","24":"product_cat-epees-game-of-thrones","25":"product_cat-epees-seigneur-des-anneaux","26":"product_cat-epees-serie-tv-vikings","27":"product_cat-epees-the-hobbit","28":"product_cat-fusil-ancien","29":"product_cat-fusil-d-assaut-fusil-moderne","30":"product_cat-haches-de-guerre-medievale-et-accessoire-medievaux","31":"product_cat-haches-serie-vikings","32":"product_cat-holster-western-ceinturon","33":"product_cat-holster-accessoires-western","34":"product_cat-katana-epee","35":"product_cat-katana-decoration","36":"product_cat-katana-demon-slayer-metal","37":"product_cat-katana-en-bois-demon-slayer","38":"product_cat-katana-forge","39":"product_cat-katana-naruto","40":"product_cat-katana-kill-bill","41":"product_cat-katanas-le-dernier-samourai","42":"product_cat-repliques-manga-jeux-video","43":"product_cat-pistolet-ancien","44":"product_cat-pistolet-moderne","45":"product_cat-pistolet-pirate","46":"product_cat-replique-d-armes-1er-empire","47":"product_cat-repliques-darmes","48":"product_cat-repliques-darmes-napoleon","49":"product_cat-reproductions-armes-seconde-guerre-mondiale-denix","50":"product_cat-sabre-dabordage-de-pirate","51":"product_cat-sabres-1er-empire","53":"first","54":"instock","55":"taxable","56":"shipping-taxable","57":"purchasable","58":"product-type-variable"},"yoast_head":"<!-- This site is optimized with the Yoast SEO plugin v27.4 - https:\/\/yoast.com\/product\/yoast-seo-wordpress\/ -->\n<title>Huile universelle Ballistol - Entretien premium assur\u00e9 | R\u00e9plique Manga Cin\u00e9<\/title>\n<meta name=\"description\" content=\"D\u00e9couvrez l&#039;Huile universelle Ballistol le must pour l&#039;entretien des armes, des katanas et du cuir. Biod\u00e9gradable, ultra-efficace. Spray de 200ml, 400ml ...\" \/>\n<meta name=\"robots\" content=\"index, follow, max-snippet:-1, max-image-preview:large, max-video-preview:-1\" \/>\n<link rel=\"canonical\" href=\"https:\/\/repliquemangacine.fr\/it\/armi-storiche\/olio-universale-ballistol\/\" \/>\n<meta property=\"og:locale\" content=\"it_IT\" \/>\n<meta property=\"og:type\" content=\"article\" \/>\n<meta property=\"og:title\" content=\"Huile universelle Ballistol - Entretien premium assur\u00e9 | R\u00e9plique Manga Cin\u00e9\" \/>\n<meta property=\"og:description\" content=\"D\u00e9couvrez l&#039;Huile universelle Ballistol le must pour l&#039;entretien des armes, des katanas et du cuir. Biod\u00e9gradable, ultra-efficace. Spray de 200ml, 400ml ...\" \/>\n<meta property=\"og:url\" content=\"https:\/\/repliquemangacine.fr\/it\/armi-storiche\/olio-universale-ballistol\/\" \/>\n<meta property=\"og:site_name\" content=\"R\u00e9plique Manga Cin\u00e9\" \/>\n<meta property=\"article:publisher\" content=\"https:\/\/www.facebook.com\/RepliqueMangaCine\" \/>\n<meta property=\"article:modified_time\" content=\"2026-04-20T17:40:49+00:00\" \/>\n<meta property=\"og:image\" content=\"https:\/\/repliquemangacine.fr\/wp-content\/uploads\/2023\/11\/huile-ballistol.jpg\" \/>\n\t<meta property=\"og:image:width\" content=\"500\" \/>\n\t<meta property=\"og:image:height\" content=\"500\" \/>\n\t<meta property=\"og:image:type\" content=\"image\/jpeg\" \/>\n<meta name=\"twitter:card\" content=\"summary_large_image\" \/>\n<meta name=\"twitter:label1\" content=\"Tempo di lettura stimato\" \/>\n\t<meta name=\"twitter:data1\" content=\"3 minuti\" \/>\n<script type=\"application\/ld+json\" class=\"yoast-schema-graph\">{\"@context\":\"https:\\\/\\\/schema.org\",\"@graph\":[{\"@type\":\"WebPage\",\"@id\":\"https:\\\/\\\/repliquemangacine.fr\\\/armes-historiques\\\/huile-universelle-ballistol\\\/\",\"url\":\"https:\\\/\\\/repliquemangacine.fr\\\/armes-historiques\\\/huile-universelle-ballistol\\\/\",\"name\":\"Huile universelle Ballistol - Entretien premium assur\u00e9 | R\u00e9plique Manga Cin\u00e9\",\"isPartOf\":{\"@id\":\"https:\\\/\\\/repliquemangacine.fr\\\/#website\"},\"primaryImageOfPage\":{\"@id\":\"https:\\\/\\\/repliquemangacine.fr\\\/armes-historiques\\\/huile-universelle-ballistol\\\/#primaryimage\"},\"image\":{\"@id\":\"https:\\\/\\\/repliquemangacine.fr\\\/armes-historiques\\\/huile-universelle-ballistol\\\/#primaryimage\"},\"thumbnailUrl\":\"https:\\\/\\\/repliquemangacine.fr\\\/wp-content\\\/uploads\\\/2023\\\/11\\\/huile-ballistol.jpg\",\"datePublished\":\"2023-11-30T13:47:21+00:00\",\"dateModified\":\"2026-04-20T17:40:49+00:00\",\"description\":\"D\u00e9couvrez l'Huile universelle Ballistol le must pour l'entretien des armes, des katanas et du cuir. Biod\u00e9gradable, ultra-efficace. Spray de 200ml, 400ml ...\",\"breadcrumb\":{\"@id\":\"https:\\\/\\\/repliquemangacine.fr\\\/armes-historiques\\\/huile-universelle-ballistol\\\/#breadcrumb\"},\"inLanguage\":\"it-IT\",\"potentialAction\":[{\"@type\":\"ReadAction\",\"target\":[\"https:\\\/\\\/repliquemangacine.fr\\\/armes-historiques\\\/huile-universelle-ballistol\\\/\"]}]},{\"@type\":\"ImageObject\",\"inLanguage\":\"it-IT\",\"@id\":\"https:\\\/\\\/repliquemangacine.fr\\\/armes-historiques\\\/huile-universelle-ballistol\\\/#primaryimage\",\"url\":\"https:\\\/\\\/repliquemangacine.fr\\\/wp-content\\\/uploads\\\/2023\\\/11\\\/huile-ballistol.jpg\",\"contentUrl\":\"https:\\\/\\\/repliquemangacine.fr\\\/wp-content\\\/uploads\\\/2023\\\/11\\\/huile-ballistol.jpg\",\"width\":500,\"height\":500,\"caption\":\"Huile Ballistol\"},{\"@type\":\"BreadcrumbList\",\"@id\":\"https:\\\/\\\/repliquemangacine.fr\\\/armes-historiques\\\/huile-universelle-ballistol\\\/#breadcrumb\",\"itemListElement\":[{\"@type\":\"ListItem\",\"position\":1,\"name\":\"Accueil\",\"item\":\"https:\\\/\\\/repliquemangacine.fr\\\/\"},{\"@type\":\"ListItem\",\"position\":2,\"name\":\"Produits\",\"item\":\"https:\\\/\\\/repliquemangacine.fr\\\/boutique\\\/\"},{\"@type\":\"ListItem\",\"position\":3,\"name\":\"Huile universelle Ballistol\"}]},{\"@type\":\"WebSite\",\"@id\":\"https:\\\/\\\/repliquemangacine.fr\\\/#website\",\"url\":\"https:\\\/\\\/repliquemangacine.fr\\\/\",\"name\":\"R\u00e9plique Manga Cin\u00e9\",\"description\":\"\",\"publisher\":{\"@id\":\"https:\\\/\\\/repliquemangacine.fr\\\/#organization\"},\"potentialAction\":[{\"@type\":\"SearchAction\",\"target\":{\"@type\":\"EntryPoint\",\"urlTemplate\":\"https:\\\/\\\/repliquemangacine.fr\\\/?s={search_term_string}\"},\"query-input\":{\"@type\":\"PropertyValueSpecification\",\"valueRequired\":true,\"valueName\":\"search_term_string\"}}],\"inLanguage\":\"it-IT\"},{\"@type\":\"Organization\",\"@id\":\"https:\\\/\\\/repliquemangacine.fr\\\/#organization\",\"name\":\"R\u00e9plique Manga Cin\u00e9\",\"url\":\"https:\\\/\\\/repliquemangacine.fr\\\/\",\"logo\":{\"@type\":\"ImageObject\",\"inLanguage\":\"it-IT\",\"@id\":\"https:\\\/\\\/repliquemangacine.fr\\\/#\\\/schema\\\/logo\\\/image\\\/\",\"url\":\"https:\\\/\\\/repliquemangacine.fr\\\/wp-content\\\/uploads\\\/2023\\\/10\\\/RMC-500250.png\",\"contentUrl\":\"https:\\\/\\\/repliquemangacine.fr\\\/wp-content\\\/uploads\\\/2023\\\/10\\\/RMC-500250.png\",\"width\":500,\"height\":250,\"caption\":\"R\u00e9plique Manga Cin\u00e9\"},\"image\":{\"@id\":\"https:\\\/\\\/repliquemangacine.fr\\\/#\\\/schema\\\/logo\\\/image\\\/\"},\"sameAs\":[\"https:\\\/\\\/www.facebook.com\\\/RepliqueMangaCine\",\"https:\\\/\\\/www.instagram.com\\\/repliquemangacine.fr\\\/\"]}]}<\/script>\n<!-- \/ Yoast SEO plugin. -->","yoast_head_json":{"title":"Olio universale Ballistol - Manutenzione Premium garantita | R\u00e9plique Manga Cin\u00e9","description":"Scoprite l'olio universale Ballistol, indispensabile per la cura di armi, katane e cuoio. Biodegradabile, ultra efficace. Spray 200ml, 400ml ...","robots":{"index":"index","follow":"follow","max-snippet":"max-snippet:-1","max-image-preview":"max-image-preview:large","max-video-preview":"max-video-preview:-1"},"canonical":"https:\/\/repliquemangacine.fr\/it\/armi-storiche\/olio-universale-ballistol\/","og_locale":"it_IT","og_type":"article","og_title":"Huile universelle Ballistol - Entretien premium assur\u00e9 | R\u00e9plique Manga Cin\u00e9","og_description":"D\u00e9couvrez l'Huile universelle Ballistol le must pour l'entretien des armes, des katanas et du cuir. Biod\u00e9gradable, ultra-efficace. Spray de 200ml, 400ml ...","og_url":"https:\/\/repliquemangacine.fr\/it\/armi-storiche\/olio-universale-ballistol\/","og_site_name":"R\u00e9plique Manga Cin\u00e9","article_publisher":"https:\/\/www.facebook.com\/RepliqueMangaCine","article_modified_time":"2026-04-20T17:40:49+00:00","og_image":[{"width":500,"height":500,"url":"https:\/\/repliquemangacine.fr\/wp-content\/uploads\/2023\/11\/huile-ballistol.jpg","type":"image\/jpeg"}],"twitter_card":"summary_large_image","twitter_misc":{"Tempo di lettura stimato":"3 minuti"},"schema":{"@context":"https:\/\/schema.org","@graph":[{"@type":"WebPage","@id":"https:\/\/repliquemangacine.fr\/armes-historiques\/huile-universelle-ballistol\/","url":"https:\/\/repliquemangacine.fr\/armes-historiques\/huile-universelle-ballistol\/","name":"Olio universale Ballistol - Manutenzione Premium garantita | R\u00e9plique Manga Cin\u00e9","isPartOf":{"@id":"https:\/\/repliquemangacine.fr\/#website"},"primaryImageOfPage":{"@id":"https:\/\/repliquemangacine.fr\/armes-historiques\/huile-universelle-ballistol\/#primaryimage"},"image":{"@id":"https:\/\/repliquemangacine.fr\/armes-historiques\/huile-universelle-ballistol\/#primaryimage"},"thumbnailUrl":"https:\/\/repliquemangacine.fr\/wp-content\/uploads\/2023\/11\/huile-ballistol.jpg","datePublished":"2023-11-30T13:47:21+00:00","dateModified":"2026-04-20T17:40:49+00:00","description":"Scoprite l'olio universale Ballistol, indispensabile per la cura di armi, katane e cuoio. Biodegradabile, ultra efficace. Spray 200ml, 400ml ...","breadcrumb":{"@id":"https:\/\/repliquemangacine.fr\/armes-historiques\/huile-universelle-ballistol\/#breadcrumb"},"inLanguage":"it-IT","potentialAction":[{"@type":"ReadAction","target":["https:\/\/repliquemangacine.fr\/armes-historiques\/huile-universelle-ballistol\/"]}]},{"@type":"ImageObject","inLanguage":"it-IT","@id":"https:\/\/repliquemangacine.fr\/armes-historiques\/huile-universelle-ballistol\/#primaryimage","url":"https:\/\/repliquemangacine.fr\/wp-content\/uploads\/2023\/11\/huile-ballistol.jpg","contentUrl":"https:\/\/repliquemangacine.fr\/wp-content\/uploads\/2023\/11\/huile-ballistol.jpg","width":500,"height":500,"caption":"Huile Ballistol"},{"@type":"BreadcrumbList","@id":"https:\/\/repliquemangacine.fr\/armes-historiques\/huile-universelle-ballistol\/#breadcrumb","itemListElement":[{"@type":"ListItem","position":1,"name":"Accueil","item":"https:\/\/repliquemangacine.fr\/"},{"@type":"ListItem","position":2,"name":"Produits","item":"https:\/\/repliquemangacine.fr\/boutique\/"},{"@type":"ListItem","position":3,"name":"Huile universelle Ballistol"}]},{"@type":"WebSite","@id":"https:\/\/repliquemangacine.fr\/#website","url":"https:\/\/repliquemangacine.fr\/","name":"R\u00e9plique Manga Cin\u00e9","description":"","publisher":{"@id":"https:\/\/repliquemangacine.fr\/#organization"},"potentialAction":[{"@type":"SearchAction","target":{"@type":"EntryPoint","urlTemplate":"https:\/\/repliquemangacine.fr\/?s={search_term_string}"},"query-input":{"@type":"PropertyValueSpecification","valueRequired":true,"valueName":"search_term_string"}}],"inLanguage":"it-IT"},{"@type":"Organization","@id":"https:\/\/repliquemangacine.fr\/#organization","name":"R\u00e9plique Manga Cin\u00e9","url":"https:\/\/repliquemangacine.fr\/","logo":{"@type":"ImageObject","inLanguage":"it-IT","@id":"https:\/\/repliquemangacine.fr\/#\/schema\/logo\/image\/","url":"https:\/\/repliquemangacine.fr\/wp-content\/uploads\/2023\/10\/RMC-500250.png","contentUrl":"https:\/\/repliquemangacine.fr\/wp-content\/uploads\/2023\/10\/RMC-500250.png","width":500,"height":250,"caption":"R\u00e9plique Manga Cin\u00e9"},"image":{"@id":"https:\/\/repliquemangacine.fr\/#\/schema\/logo\/image\/"},"sameAs":["https:\/\/www.facebook.com\/RepliqueMangaCine","https:\/\/www.instagram.com\/repliquemangacine.fr\/"]}]}},"_links":{"self":[{"href":"https:\/\/repliquemangacine.fr\/it\/wp-json\/wp\/v2\/product\/66140","targetHints":{"allow":["GET"]}}],"collection":[{"href":"https:\/\/repliquemangacine.fr\/it\/wp-json\/wp\/v2\/product"}],"about":[{"href":"https:\/\/repliquemangacine.fr\/it\/wp-json\/wp\/v2\/types\/product"}],"wp:featuredmedia":[{"embeddable":true,"href":"https:\/\/repliquemangacine.fr\/it\/wp-json\/wp\/v2\/media\/66154"}],"wp:attachment":[{"href":"https:\/\/repliquemangacine.fr\/it\/wp-json\/wp\/v2\/media?parent=66140"}],"wp:term":[{"taxonomy":"product_brand","embeddable":true,"href":"https:\/\/repliquemangacine.fr\/it\/wp-json\/wp\/v2\/product_brand?post=66140"},{"taxonomy":"product_cat","embeddable":true,"href":"https:\/\/repliquemangacine.fr\/it\/wp-json\/wp\/v2\/product_cat?post=66140"},{"taxonomy":"product_tag","embeddable":true,"href":"https:\/\/repliquemangacine.fr\/it\/wp-json\/wp\/v2\/product_tag?post=66140"}],"curies":[{"name":"wp","href":"https:\/\/api.w.org\/{rel}","templated":true}]}}