





{"id":66091,"date":"2023-11-29T17:19:50","date_gmt":"2023-11-29T16:19:50","guid":{"rendered":"https:\/\/repliquemangacine.fr\/?post_type=product&#038;p=66091"},"modified":"2025-11-18T15:42:05","modified_gmt":"2025-11-18T14:42:05","slug":"pugnali-drax-guardiani-della-galassia","status":"publish","type":"product","link":"https:\/\/repliquemangacine.fr\/it\/super-heros-marvel\/dagues-de-drax-les-gardiens-de-la-galaxie\/","title":{"rendered":"I pugnali di Drax - Guardiani della Galassia"},"content":{"rendered":"<h2>I pugnali di Drax: un artefatto iconico dei Guardiani della Galassia<\/h2>\n<p>Innanzitutto, nell'Universo Cinematografico Marvel, il <strong>Pugnali di Drax<\/strong> occupano un posto speciale, in quanto simbolo di forza e resilienza. Utilizzata da Drax il Distruttore nel film di successo \"Guardiani della Galassia\". Quest'arma emblematica riflette non solo la personalit\u00e0 feroce e indomita di Drax, ma anche la sua capacit\u00e0 di affrontare nuove sfide. <a href=\"https:\/\/universcinematographiquemarvel.fandom.com\/fr\/wiki\/Drax\" target=\"_blank\" rel=\"noopener noreferrer\">Drax<\/a>ma anche la sua struggente storia.<\/p>\n<h3>L'arma leggendaria di Drax nell'universo Marvel<\/h3>\n<p>Realizzato con notevole precisione, il pugnale non \u00e8 solo un ambito oggetto da collezione per i fan. \u00c8 anche un eccezionale esempio di maestria nel mondo delle repliche cinematografiche. Il suo design unico, che unisce estetica e funzionalit\u00e0, lo rende un oggetto del desiderio per i collezionisti e i fan dell'universo Marvel.<\/p>\n<h2>Le armi iconiche dell'Universo Marvel<\/h2>\n<p>L'universo Marvel, con la sua schiera di eroi e cattivi, \u00e8 famoso anche per le sue armi iconiche. Armi che sono simbolo di potere e carattere. Da <a href=\"https:\/\/repliquemangacine.fr\/it\/supereroi-marvel\/martello-thor-in-metallo-mjolnir-con-base\/\">Il martello di Thor<\/a> a <a href=\"https:\/\/repliquemangacine.fr\/it\/supereroi-marvel\/scudo-di-capitan-america-versione-lusso\/\">Gli scudi di Capitan America<\/a>, Ogni arma racconta una storia, riflettendo la forza e i valori di chi la impugna.<\/p>\n<p>Queste armi, ormai diventate iconiche, sono molto ricercate sia dagli appassionati di cinema che dai collezionisti.<\/p>\n<h3>Il potere delle armi iconiche della Marvel<\/h3>\n<p>Incarna l'eccezionale innovazione e maestria artigianale dell'universo Marvel. Testimonia la cura e la precisione con cui \u00e8 stato creato, sia nella narrazione cinematografica che nella riproduzione per i collezionisti.<\/p>\n<p>Per concludere, possedere una replica di queste armi iconiche \u00e8 come possedere un pezzo della storia della Marvel. Un simbolo della lotta tra il bene e il male e una celebrazione dell'eroismo in tutte le sue forme.<\/p>\n<h2>Acquista I due pugnali di Drax al miglior prezzo.<\/h2>\n<p>Scoprite l'opportunit\u00e0 unica di possedere il set completo dei due pugnali di Drax, offerto a un prezzo senza pari. Queste repliche, sebbene non ufficiali, sono realizzate con una cura dei dettagli e una qualit\u00e0 di fabbricazione che soddisferanno anche gli appassionati pi\u00f9 esigenti.<\/p>\n<p>Ogni pugnale \u00e8 il risultato di un lavoro meticoloso. Riproduce fedelmente l'estetica e il dinamismo delle armi emblematiche di Drax in \u201cGuardiani della Galassia\u201d.<\/p>\n<h3>Repliche di qualit\u00e0 eccezionale dei pugnali di Drax<\/h3>\n<p>Offerte a un prezzo competitivo, queste repliche sono accessibili senza compromettere la qualit\u00e0. Rappresentano il perfetto equilibrio tra prezzo accessibile e finiture di alta gamma.,<br \/>\nrendendo questo set una scelta privilegiata per i collezionisti e gli appassionati dell'universo Marvel.<\/p>\n<p>In conclusione, aggiungete un tocco di avventura e coraggio alla vostra collezione con questi <strong>Pugnali di Drax<\/strong>Questi pezzi eccezionali catturano lo spirito combattivo e l'anima del famoso guerriero.<\/p>","protected":false},"excerpt":{"rendered":"<p>Superba replica non ufficiale, set di due pugnali di Drax da Guardiani della Galassia.<\/p>\n<ul>\n<li>Lama in acciaio satinato<\/li>\n<li>Incisione sulle lame in rosso<\/li>\n<li>Protezione e impugnatura in acciaio nichelato<\/li>\n<li>Manopola appositamente sagomata in acciaio nichelato<\/li>\n<li>Fodero in similpelle nera con chiusura a velcro<\/li>\n<li>Lunghezza di ciascuna lama: 30,5 cm - Lunghezza totale: 48 cm ciascuna<\/li>\n<li>Peso: 670 grammi ciascuno.<\/li>\n<\/ul>","protected":false},"featured_media":66094,"template":"","meta":[],"product_brand":[896],"product_cat":[59],"product_tag":[],"class_list":{"0":"post-66091","1":"product","2":"type-product","3":"status-publish","4":"has-post-thumbnail","6":"product_brand-replique-manga-cine","7":"product_cat-super-heros-marvel","9":"first","10":"instock","11":"sale","12":"taxable","13":"shipping-taxable","14":"purchasable","15":"product-type-simple"},"yoast_head":"<!-- This site is optimized with the Yoast SEO plugin v27.5 - https:\/\/yoast.com\/product\/yoast-seo-wordpress\/ -->\n<title>Dagues de Drax - Les gardiens de la Galaxie - R\u00e9plique Manga Cin\u00e9<\/title>\n<meta name=\"description\" content=\"D\u00e9couvrez les r\u00e9pliques des dagues de Drax dans Les Gardiens de la Galaxie. Qualit\u00e9 exceptionnelle, prix imbattable, pour les fans de l&#039;univers Marvel.\" \/>\n<meta name=\"robots\" content=\"index, follow, max-snippet:-1, max-image-preview:large, max-video-preview:-1\" \/>\n<link rel=\"canonical\" href=\"https:\/\/repliquemangacine.fr\/it\/supereroi-marvel\/pugnali-drax-guardiani-della-galassia\/\" \/>\n<meta property=\"og:locale\" content=\"it_IT\" \/>\n<meta property=\"og:type\" content=\"article\" \/>\n<meta property=\"og:title\" content=\"Dagues de Drax - Les gardiens de la Galaxie - R\u00e9plique Manga Cin\u00e9\" \/>\n<meta property=\"og:description\" content=\"D\u00e9couvrez les r\u00e9pliques des dagues de Drax dans Les Gardiens de la Galaxie. Qualit\u00e9 exceptionnelle, prix imbattable, pour les fans de l&#039;univers Marvel.\" \/>\n<meta property=\"og:url\" content=\"https:\/\/repliquemangacine.fr\/it\/supereroi-marvel\/pugnali-drax-guardiani-della-galassia\/\" \/>\n<meta property=\"og:site_name\" content=\"R\u00e9plique Manga Cin\u00e9\" \/>\n<meta property=\"article:publisher\" content=\"https:\/\/www.facebook.com\/RepliqueMangaCine\" \/>\n<meta property=\"article:modified_time\" content=\"2025-11-18T14:42:05+00:00\" \/>\n<meta property=\"og:image\" content=\"https:\/\/repliquemangacine.fr\/wp-content\/uploads\/2023\/11\/Dagues-de-Drax.jpg\" \/>\n\t<meta property=\"og:image:width\" content=\"500\" \/>\n\t<meta property=\"og:image:height\" content=\"500\" \/>\n\t<meta property=\"og:image:type\" content=\"image\/jpeg\" \/>\n<meta name=\"twitter:card\" content=\"summary_large_image\" \/>\n<meta name=\"twitter:label1\" content=\"Tempo di lettura stimato\" \/>\n\t<meta name=\"twitter:data1\" content=\"3 minuti\" \/>\n<script type=\"application\/ld+json\" class=\"yoast-schema-graph\">{\"@context\":\"https:\\\/\\\/schema.org\",\"@graph\":[{\"@type\":\"WebPage\",\"@id\":\"https:\\\/\\\/repliquemangacine.fr\\\/super-heros-marvel\\\/dagues-de-drax-les-gardiens-de-la-galaxie\\\/\",\"url\":\"https:\\\/\\\/repliquemangacine.fr\\\/super-heros-marvel\\\/dagues-de-drax-les-gardiens-de-la-galaxie\\\/\",\"name\":\"Dagues de Drax - Les gardiens de la Galaxie - R\u00e9plique Manga Cin\u00e9\",\"isPartOf\":{\"@id\":\"https:\\\/\\\/repliquemangacine.fr\\\/#website\"},\"primaryImageOfPage\":{\"@id\":\"https:\\\/\\\/repliquemangacine.fr\\\/super-heros-marvel\\\/dagues-de-drax-les-gardiens-de-la-galaxie\\\/#primaryimage\"},\"image\":{\"@id\":\"https:\\\/\\\/repliquemangacine.fr\\\/super-heros-marvel\\\/dagues-de-drax-les-gardiens-de-la-galaxie\\\/#primaryimage\"},\"thumbnailUrl\":\"https:\\\/\\\/repliquemangacine.fr\\\/wp-content\\\/uploads\\\/2023\\\/11\\\/Dagues-de-Drax.jpg\",\"datePublished\":\"2023-11-29T16:19:50+00:00\",\"dateModified\":\"2025-11-18T14:42:05+00:00\",\"description\":\"D\u00e9couvrez les r\u00e9pliques des dagues de Drax dans Les Gardiens de la Galaxie. Qualit\u00e9 exceptionnelle, prix imbattable, pour les fans de l'univers Marvel.\",\"breadcrumb\":{\"@id\":\"https:\\\/\\\/repliquemangacine.fr\\\/super-heros-marvel\\\/dagues-de-drax-les-gardiens-de-la-galaxie\\\/#breadcrumb\"},\"inLanguage\":\"it-IT\",\"potentialAction\":[{\"@type\":\"ReadAction\",\"target\":[\"https:\\\/\\\/repliquemangacine.fr\\\/super-heros-marvel\\\/dagues-de-drax-les-gardiens-de-la-galaxie\\\/\"]}]},{\"@type\":\"ImageObject\",\"inLanguage\":\"it-IT\",\"@id\":\"https:\\\/\\\/repliquemangacine.fr\\\/super-heros-marvel\\\/dagues-de-drax-les-gardiens-de-la-galaxie\\\/#primaryimage\",\"url\":\"https:\\\/\\\/repliquemangacine.fr\\\/wp-content\\\/uploads\\\/2023\\\/11\\\/Dagues-de-Drax.jpg\",\"contentUrl\":\"https:\\\/\\\/repliquemangacine.fr\\\/wp-content\\\/uploads\\\/2023\\\/11\\\/Dagues-de-Drax.jpg\",\"width\":500,\"height\":500,\"caption\":\"Dagues de Drax\"},{\"@type\":\"BreadcrumbList\",\"@id\":\"https:\\\/\\\/repliquemangacine.fr\\\/super-heros-marvel\\\/dagues-de-drax-les-gardiens-de-la-galaxie\\\/#breadcrumb\",\"itemListElement\":[{\"@type\":\"ListItem\",\"position\":1,\"name\":\"Accueil\",\"item\":\"https:\\\/\\\/repliquemangacine.fr\\\/\"},{\"@type\":\"ListItem\",\"position\":2,\"name\":\"Produits\",\"item\":\"https:\\\/\\\/repliquemangacine.fr\\\/boutique\\\/\"},{\"@type\":\"ListItem\",\"position\":3,\"name\":\"Dagues de Drax &#8211; Les gardiens de la Galaxie\"}]},{\"@type\":\"WebSite\",\"@id\":\"https:\\\/\\\/repliquemangacine.fr\\\/#website\",\"url\":\"https:\\\/\\\/repliquemangacine.fr\\\/\",\"name\":\"R\u00e9plique Manga Cin\u00e9\",\"description\":\"\",\"publisher\":{\"@id\":\"https:\\\/\\\/repliquemangacine.fr\\\/#organization\"},\"potentialAction\":[{\"@type\":\"SearchAction\",\"target\":{\"@type\":\"EntryPoint\",\"urlTemplate\":\"https:\\\/\\\/repliquemangacine.fr\\\/?s={search_term_string}\"},\"query-input\":{\"@type\":\"PropertyValueSpecification\",\"valueRequired\":true,\"valueName\":\"search_term_string\"}}],\"inLanguage\":\"it-IT\"},{\"@type\":\"Organization\",\"@id\":\"https:\\\/\\\/repliquemangacine.fr\\\/#organization\",\"name\":\"R\u00e9plique Manga Cin\u00e9\",\"url\":\"https:\\\/\\\/repliquemangacine.fr\\\/\",\"logo\":{\"@type\":\"ImageObject\",\"inLanguage\":\"it-IT\",\"@id\":\"https:\\\/\\\/repliquemangacine.fr\\\/#\\\/schema\\\/logo\\\/image\\\/\",\"url\":\"https:\\\/\\\/repliquemangacine.fr\\\/wp-content\\\/uploads\\\/2023\\\/10\\\/RMC-500250.png\",\"contentUrl\":\"https:\\\/\\\/repliquemangacine.fr\\\/wp-content\\\/uploads\\\/2023\\\/10\\\/RMC-500250.png\",\"width\":500,\"height\":250,\"caption\":\"R\u00e9plique Manga Cin\u00e9\"},\"image\":{\"@id\":\"https:\\\/\\\/repliquemangacine.fr\\\/#\\\/schema\\\/logo\\\/image\\\/\"},\"sameAs\":[\"https:\\\/\\\/www.facebook.com\\\/RepliqueMangaCine\",\"https:\\\/\\\/www.instagram.com\\\/repliquemangacine.fr\\\/\"]}]}<\/script>\n<!-- \/ Yoast SEO plugin. -->","yoast_head_json":{"title":"Pugnali di Drax - Guardiani della Galassia - R\u00e9plique Manga Cin\u00e9","description":"Scoprite la replica dei pugnali di Drax di Guardiani della Galassia. Qualit\u00e0 eccezionale, prezzo imbattibile, per i fan dell'universo Marvel.","robots":{"index":"index","follow":"follow","max-snippet":"max-snippet:-1","max-image-preview":"max-image-preview:large","max-video-preview":"max-video-preview:-1"},"canonical":"https:\/\/repliquemangacine.fr\/it\/supereroi-marvel\/pugnali-drax-guardiani-della-galassia\/","og_locale":"it_IT","og_type":"article","og_title":"Dagues de Drax - Les gardiens de la Galaxie - R\u00e9plique Manga Cin\u00e9","og_description":"D\u00e9couvrez les r\u00e9pliques des dagues de Drax dans Les Gardiens de la Galaxie. Qualit\u00e9 exceptionnelle, prix imbattable, pour les fans de l'univers Marvel.","og_url":"https:\/\/repliquemangacine.fr\/it\/supereroi-marvel\/pugnali-drax-guardiani-della-galassia\/","og_site_name":"R\u00e9plique Manga Cin\u00e9","article_publisher":"https:\/\/www.facebook.com\/RepliqueMangaCine","article_modified_time":"2025-11-18T14:42:05+00:00","og_image":[{"width":500,"height":500,"url":"https:\/\/repliquemangacine.fr\/wp-content\/uploads\/2023\/11\/Dagues-de-Drax.jpg","type":"image\/jpeg"}],"twitter_card":"summary_large_image","twitter_misc":{"Tempo di lettura stimato":"3 minuti"},"schema":{"@context":"https:\/\/schema.org","@graph":[{"@type":"WebPage","@id":"https:\/\/repliquemangacine.fr\/super-heros-marvel\/dagues-de-drax-les-gardiens-de-la-galaxie\/","url":"https:\/\/repliquemangacine.fr\/super-heros-marvel\/dagues-de-drax-les-gardiens-de-la-galaxie\/","name":"Pugnali di Drax - Guardiani della Galassia - R\u00e9plique Manga Cin\u00e9","isPartOf":{"@id":"https:\/\/repliquemangacine.fr\/#website"},"primaryImageOfPage":{"@id":"https:\/\/repliquemangacine.fr\/super-heros-marvel\/dagues-de-drax-les-gardiens-de-la-galaxie\/#primaryimage"},"image":{"@id":"https:\/\/repliquemangacine.fr\/super-heros-marvel\/dagues-de-drax-les-gardiens-de-la-galaxie\/#primaryimage"},"thumbnailUrl":"https:\/\/repliquemangacine.fr\/wp-content\/uploads\/2023\/11\/Dagues-de-Drax.jpg","datePublished":"2023-11-29T16:19:50+00:00","dateModified":"2025-11-18T14:42:05+00:00","description":"Scoprite la replica dei pugnali di Drax di Guardiani della Galassia. Qualit\u00e0 eccezionale, prezzo imbattibile, per i fan dell'universo Marvel.","breadcrumb":{"@id":"https:\/\/repliquemangacine.fr\/super-heros-marvel\/dagues-de-drax-les-gardiens-de-la-galaxie\/#breadcrumb"},"inLanguage":"it-IT","potentialAction":[{"@type":"ReadAction","target":["https:\/\/repliquemangacine.fr\/super-heros-marvel\/dagues-de-drax-les-gardiens-de-la-galaxie\/"]}]},{"@type":"ImageObject","inLanguage":"it-IT","@id":"https:\/\/repliquemangacine.fr\/super-heros-marvel\/dagues-de-drax-les-gardiens-de-la-galaxie\/#primaryimage","url":"https:\/\/repliquemangacine.fr\/wp-content\/uploads\/2023\/11\/Dagues-de-Drax.jpg","contentUrl":"https:\/\/repliquemangacine.fr\/wp-content\/uploads\/2023\/11\/Dagues-de-Drax.jpg","width":500,"height":500,"caption":"Dagues de Drax"},{"@type":"BreadcrumbList","@id":"https:\/\/repliquemangacine.fr\/super-heros-marvel\/dagues-de-drax-les-gardiens-de-la-galaxie\/#breadcrumb","itemListElement":[{"@type":"ListItem","position":1,"name":"Accueil","item":"https:\/\/repliquemangacine.fr\/"},{"@type":"ListItem","position":2,"name":"Produits","item":"https:\/\/repliquemangacine.fr\/boutique\/"},{"@type":"ListItem","position":3,"name":"Dagues de Drax &#8211; Les gardiens de la Galaxie"}]},{"@type":"WebSite","@id":"https:\/\/repliquemangacine.fr\/#website","url":"https:\/\/repliquemangacine.fr\/","name":"R\u00e9plique Manga Cin\u00e9","description":"","publisher":{"@id":"https:\/\/repliquemangacine.fr\/#organization"},"potentialAction":[{"@type":"SearchAction","target":{"@type":"EntryPoint","urlTemplate":"https:\/\/repliquemangacine.fr\/?s={search_term_string}"},"query-input":{"@type":"PropertyValueSpecification","valueRequired":true,"valueName":"search_term_string"}}],"inLanguage":"it-IT"},{"@type":"Organization","@id":"https:\/\/repliquemangacine.fr\/#organization","name":"R\u00e9plique Manga Cin\u00e9","url":"https:\/\/repliquemangacine.fr\/","logo":{"@type":"ImageObject","inLanguage":"it-IT","@id":"https:\/\/repliquemangacine.fr\/#\/schema\/logo\/image\/","url":"https:\/\/repliquemangacine.fr\/wp-content\/uploads\/2023\/10\/RMC-500250.png","contentUrl":"https:\/\/repliquemangacine.fr\/wp-content\/uploads\/2023\/10\/RMC-500250.png","width":500,"height":250,"caption":"R\u00e9plique Manga Cin\u00e9"},"image":{"@id":"https:\/\/repliquemangacine.fr\/#\/schema\/logo\/image\/"},"sameAs":["https:\/\/www.facebook.com\/RepliqueMangaCine","https:\/\/www.instagram.com\/repliquemangacine.fr\/"]}]}},"_links":{"self":[{"href":"https:\/\/repliquemangacine.fr\/it\/wp-json\/wp\/v2\/product\/66091","targetHints":{"allow":["GET"]}}],"collection":[{"href":"https:\/\/repliquemangacine.fr\/it\/wp-json\/wp\/v2\/product"}],"about":[{"href":"https:\/\/repliquemangacine.fr\/it\/wp-json\/wp\/v2\/types\/product"}],"wp:featuredmedia":[{"embeddable":true,"href":"https:\/\/repliquemangacine.fr\/it\/wp-json\/wp\/v2\/media\/66094"}],"wp:attachment":[{"href":"https:\/\/repliquemangacine.fr\/it\/wp-json\/wp\/v2\/media?parent=66091"}],"wp:term":[{"taxonomy":"product_brand","embeddable":true,"href":"https:\/\/repliquemangacine.fr\/it\/wp-json\/wp\/v2\/product_brand?post=66091"},{"taxonomy":"product_cat","embeddable":true,"href":"https:\/\/repliquemangacine.fr\/it\/wp-json\/wp\/v2\/product_cat?post=66091"},{"taxonomy":"product_tag","embeddable":true,"href":"https:\/\/repliquemangacine.fr\/it\/wp-json\/wp\/v2\/product_tag?post=66091"}],"curies":[{"name":"wp","href":"https:\/\/api.w.org\/{rel}","templated":true}]}}