





{"id":65989,"date":"2023-11-27T17:28:36","date_gmt":"2023-11-27T16:28:36","guid":{"rendered":"https:\/\/repliquemangacine.fr\/?post_type=product&#038;p=65989"},"modified":"2025-11-18T15:44:27","modified_gmt":"2025-11-18T14:44:27","slug":"rampa-per-m1-garand","status":"publish","type":"product","link":"https:\/\/repliquemangacine.fr\/it\/dagues-et-accessoires-seconde-guerre-mondiale-materiels-militaria\/bretelle-pour-m1-garand\/","title":{"rendered":"Bretella per M1 Garand"},"content":{"rendered":"<h2>Tracolla per fucile M1 Garand<\/h2>\n<p>Per cominciare, il <strong>Bretella per M1 Garand<\/strong>, il famoso fucile semiautomatico dei G.I. Ampiamente utilizzato dalle forze americane e alleate durante la Seconda Guerra Mondiale e la Guerra di Corea. La sua affidabilit\u00e0 e precisione lo hanno reso popolare tra i soldati.<\/p>\n<p>Al di l\u00e0 del suo ruolo militare, il <a href=\"https:\/\/www.histoiredumonde.net\/M1-Garand.html\" target=\"_blank\" rel=\"noopener noreferrer\">M1 Garand<\/a> \u00e8 diventato un simbolo della Seconda Guerra Mondiale nella cultura popolare, comparendo in numerosi film, serie televisive e videogiochi sul periodo. \u00c8 anche uno dei preferiti dai collezionisti di armi storiche.<\/p>\n<h3>Tracolla per M1 Garand : Funzionalit\u00e0<\/h3>\n<p>La fionda non era solo un mezzo per trasportare l'arma, ma anche uno strumento per stabilizzarla durante il tiro. I soldati venivano addestrati a usare la fionda per ottenere un migliore sostegno e aumentare la precisione del tiro, avvolgendola intorno al braccio o alla spalla.<\/p>\n<h2>Tracolla per M1 Garand : Accessorio storico militare essenziale<\/h2>\n<p>\u00c8 molto pi\u00f9 di un semplice accessorio, \u00e8 parte integrante della storia militare. Progettato per offrire un miglior controllo e una maggiore stabilit\u00e0 durante l'uso del leggendario M1 Garand. Componente fondamentale per gli appassionati di armi storiche.<\/p>\n<p>Si distingue per la sua robustezza, tradizionalmente realizzata in tela o pelle, materiali scelti per la loro durata e funzionalit\u00e0 in condizioni difficili.<\/p>\n<h3>La rampa dell'M1 Garand: comfort e precisione<\/h3>\n<p>Infatti, svolge un ruolo cruciale nell'esperienza di tiro. Avvolgendosi attorno al braccio, consente una maggiore precisione, riducendo il tremolio e aumentando la stabilit\u00e0.<\/p>\n<p>Per i collezionisti e i rievocatori storici, possedere una bretella fedele all'originale \u00e8 indispensabile per completare la propria attrezzatura. Noi di RMC offriamo bretelle per M1 Garand che uniscono autenticit\u00e0 storica e qualit\u00e0 superiore, garantendo agli appassionati un'esperienza coinvolgente e fedele alla storia.<\/p>\n<h2>Scopri i nostri accessori di militaria: un viaggio nella storia<\/h2>\n<p>Per gli appassionati di storia e i collezionisti di oggetti militari, la nostra collezione di accessori militaria \u00e8 una vera e propria caverna di Al\u00ec Bab\u00e0.<\/p>\n<p>Ogni pezzo racconta una storia. I nostri prodotti sono accuratamente selezionati per la loro autenticit\u00e0 e qualit\u00e0.<\/p>\n<p>Offre un'esperienza coinvolgente nella storia militare. Che si tratti di completare una collezione o di una rievocazione storica, da RMC troverete tutto ci\u00f2 di cui avete bisogno.<\/p>\n<h3>Da RMC troverete una gamma completa di accessori militari.<\/h3>\n<p>La nostra gamma di accessori militari copre il periodo storico della Seconda Guerra Mondiale, dalle armi classiche alle attrezzature da campo pi\u00f9 disparate.<br \/>\nCominciamo con<\/p>\n<ul>\n<li>Il <a href=\"https:\/\/repliquemangacine.fr\/it\/pugnali-e-accessori-materiale-militare-della-seconda-guerra-mondiale\/elmetto-tedesco-stahlhelm-m42\/\">Elmetti militari tedeschi<\/a>ma anche americano<\/li>\n<li>Cos\u00ec come <a href=\"https:\/\/repliquemangacine.fr\/it\/pugnali-e-accessori-materiale-militare-della-seconda-guerra-mondiale\/granata-mk2-usa-1918-granata-ananas\/\">ananas melograni<\/a> (ciuccio) o schiacciapatate<\/li>\n<li>Ci sono anche baionette, fondine e molto altro!<\/li>\n<\/ul>\n<p>In conclusione, riscoprite i tesori del passato e immergetevi nella storia con i nostri accessori militari.<\/p>","protected":false},"excerpt":{"rendered":"<p>Eccellente imbragatura per il fucile M1 Garand<\/p>\n<ul>\n<li>Tutti in vera pelle<\/li>\n<li>Doppia perforazione per il gancio<\/li>\n<li>Pu\u00f2 essere montato sui granatieri<\/li>\n<li>Gancio in metallo<\/li>\n<\/ul>","protected":false},"featured_media":65990,"template":"","meta":[],"product_brand":[896],"product_cat":[54,85],"product_tag":[],"class_list":{"0":"post-65989","1":"product","2":"type-product","3":"status-publish","4":"has-post-thumbnail","6":"product_brand-replique-manga-cine","7":"product_cat-armes-accessoires-guerre-mondiale","8":"product_cat-dagues-et-accessoires-seconde-guerre-mondiale-materiels-militaria","10":"first","11":"outofstock","12":"taxable","13":"shipping-taxable","14":"purchasable","15":"product-type-simple"},"yoast_head":"<!-- This site is optimized with the Yoast SEO plugin v27.4 - https:\/\/yoast.com\/product\/yoast-seo-wordpress\/ -->\n<title>Bretelle pour M1 Garand - Accessoires Militaria | R\u00e9plique Manga Cin\u00e9<\/title>\n<meta name=\"description\" content=\"D\u00e9couvrez cette superbe Bretelle pour M1 Garand au meilleur prix. Tout en cuir v\u00e9ritable. Crochet en m\u00e9tal. Id\u00e9al pour transporter votre r\u00e9plique historique\" \/>\n<meta name=\"robots\" content=\"index, follow, max-snippet:-1, max-image-preview:large, max-video-preview:-1\" \/>\n<link rel=\"canonical\" href=\"https:\/\/repliquemangacine.fr\/it\/pugnali-e-accessori-materiale-militare-della-seconda-guerra-mondiale\/rampa-per-m1-garand\/\" \/>\n<meta property=\"og:locale\" content=\"it_IT\" \/>\n<meta property=\"og:type\" content=\"article\" \/>\n<meta property=\"og:title\" content=\"Bretelle pour M1 Garand - Accessoires Militaria | R\u00e9plique Manga Cin\u00e9\" \/>\n<meta property=\"og:description\" content=\"D\u00e9couvrez cette superbe Bretelle pour M1 Garand au meilleur prix. Tout en cuir v\u00e9ritable. Crochet en m\u00e9tal. Id\u00e9al pour transporter votre r\u00e9plique historique\" \/>\n<meta property=\"og:url\" content=\"https:\/\/repliquemangacine.fr\/it\/pugnali-e-accessori-materiale-militare-della-seconda-guerra-mondiale\/rampa-per-m1-garand\/\" \/>\n<meta property=\"og:site_name\" content=\"R\u00e9plique Manga Cin\u00e9\" \/>\n<meta property=\"article:publisher\" content=\"https:\/\/www.facebook.com\/RepliqueMangaCine\" \/>\n<meta property=\"article:modified_time\" content=\"2025-11-18T14:44:27+00:00\" \/>\n<meta property=\"og:image\" content=\"https:\/\/repliquemangacine.fr\/wp-content\/uploads\/2023\/11\/Bretelle-pour-M1-Garand.jpg\" \/>\n\t<meta property=\"og:image:width\" content=\"500\" \/>\n\t<meta property=\"og:image:height\" content=\"500\" \/>\n\t<meta property=\"og:image:type\" content=\"image\/jpeg\" \/>\n<meta name=\"twitter:card\" content=\"summary_large_image\" \/>\n<meta name=\"twitter:label1\" content=\"Tempo di lettura stimato\" \/>\n\t<meta name=\"twitter:data1\" content=\"3 minuti\" \/>\n<script type=\"application\/ld+json\" class=\"yoast-schema-graph\">{\"@context\":\"https:\\\/\\\/schema.org\",\"@graph\":[{\"@type\":\"WebPage\",\"@id\":\"https:\\\/\\\/repliquemangacine.fr\\\/dagues-et-accessoires-seconde-guerre-mondiale-materiels-militaria\\\/bretelle-pour-m1-garand\\\/\",\"url\":\"https:\\\/\\\/repliquemangacine.fr\\\/dagues-et-accessoires-seconde-guerre-mondiale-materiels-militaria\\\/bretelle-pour-m1-garand\\\/\",\"name\":\"Bretelle pour M1 Garand - Accessoires Militaria | R\u00e9plique Manga Cin\u00e9\",\"isPartOf\":{\"@id\":\"https:\\\/\\\/repliquemangacine.fr\\\/#website\"},\"primaryImageOfPage\":{\"@id\":\"https:\\\/\\\/repliquemangacine.fr\\\/dagues-et-accessoires-seconde-guerre-mondiale-materiels-militaria\\\/bretelle-pour-m1-garand\\\/#primaryimage\"},\"image\":{\"@id\":\"https:\\\/\\\/repliquemangacine.fr\\\/dagues-et-accessoires-seconde-guerre-mondiale-materiels-militaria\\\/bretelle-pour-m1-garand\\\/#primaryimage\"},\"thumbnailUrl\":\"https:\\\/\\\/repliquemangacine.fr\\\/wp-content\\\/uploads\\\/2023\\\/11\\\/Bretelle-pour-M1-Garand.jpg\",\"datePublished\":\"2023-11-27T16:28:36+00:00\",\"dateModified\":\"2025-11-18T14:44:27+00:00\",\"description\":\"D\u00e9couvrez cette superbe Bretelle pour M1 Garand au meilleur prix. Tout en cuir v\u00e9ritable. Crochet en m\u00e9tal. Id\u00e9al pour transporter votre r\u00e9plique historique\",\"breadcrumb\":{\"@id\":\"https:\\\/\\\/repliquemangacine.fr\\\/dagues-et-accessoires-seconde-guerre-mondiale-materiels-militaria\\\/bretelle-pour-m1-garand\\\/#breadcrumb\"},\"inLanguage\":\"it-IT\",\"potentialAction\":[{\"@type\":\"ReadAction\",\"target\":[\"https:\\\/\\\/repliquemangacine.fr\\\/dagues-et-accessoires-seconde-guerre-mondiale-materiels-militaria\\\/bretelle-pour-m1-garand\\\/\"]}]},{\"@type\":\"ImageObject\",\"inLanguage\":\"it-IT\",\"@id\":\"https:\\\/\\\/repliquemangacine.fr\\\/dagues-et-accessoires-seconde-guerre-mondiale-materiels-militaria\\\/bretelle-pour-m1-garand\\\/#primaryimage\",\"url\":\"https:\\\/\\\/repliquemangacine.fr\\\/wp-content\\\/uploads\\\/2023\\\/11\\\/Bretelle-pour-M1-Garand.jpg\",\"contentUrl\":\"https:\\\/\\\/repliquemangacine.fr\\\/wp-content\\\/uploads\\\/2023\\\/11\\\/Bretelle-pour-M1-Garand.jpg\",\"width\":500,\"height\":500,\"caption\":\"Bretelle pour M1 Garand\"},{\"@type\":\"BreadcrumbList\",\"@id\":\"https:\\\/\\\/repliquemangacine.fr\\\/dagues-et-accessoires-seconde-guerre-mondiale-materiels-militaria\\\/bretelle-pour-m1-garand\\\/#breadcrumb\",\"itemListElement\":[{\"@type\":\"ListItem\",\"position\":1,\"name\":\"Accueil\",\"item\":\"https:\\\/\\\/repliquemangacine.fr\\\/\"},{\"@type\":\"ListItem\",\"position\":2,\"name\":\"Produits\",\"item\":\"https:\\\/\\\/repliquemangacine.fr\\\/boutique\\\/\"},{\"@type\":\"ListItem\",\"position\":3,\"name\":\"Bretelle pour M1 Garand\"}]},{\"@type\":\"WebSite\",\"@id\":\"https:\\\/\\\/repliquemangacine.fr\\\/#website\",\"url\":\"https:\\\/\\\/repliquemangacine.fr\\\/\",\"name\":\"R\u00e9plique Manga Cin\u00e9\",\"description\":\"\",\"publisher\":{\"@id\":\"https:\\\/\\\/repliquemangacine.fr\\\/#organization\"},\"potentialAction\":[{\"@type\":\"SearchAction\",\"target\":{\"@type\":\"EntryPoint\",\"urlTemplate\":\"https:\\\/\\\/repliquemangacine.fr\\\/?s={search_term_string}\"},\"query-input\":{\"@type\":\"PropertyValueSpecification\",\"valueRequired\":true,\"valueName\":\"search_term_string\"}}],\"inLanguage\":\"it-IT\"},{\"@type\":\"Organization\",\"@id\":\"https:\\\/\\\/repliquemangacine.fr\\\/#organization\",\"name\":\"R\u00e9plique Manga Cin\u00e9\",\"url\":\"https:\\\/\\\/repliquemangacine.fr\\\/\",\"logo\":{\"@type\":\"ImageObject\",\"inLanguage\":\"it-IT\",\"@id\":\"https:\\\/\\\/repliquemangacine.fr\\\/#\\\/schema\\\/logo\\\/image\\\/\",\"url\":\"https:\\\/\\\/repliquemangacine.fr\\\/wp-content\\\/uploads\\\/2023\\\/10\\\/RMC-500250.png\",\"contentUrl\":\"https:\\\/\\\/repliquemangacine.fr\\\/wp-content\\\/uploads\\\/2023\\\/10\\\/RMC-500250.png\",\"width\":500,\"height\":250,\"caption\":\"R\u00e9plique Manga Cin\u00e9\"},\"image\":{\"@id\":\"https:\\\/\\\/repliquemangacine.fr\\\/#\\\/schema\\\/logo\\\/image\\\/\"},\"sameAs\":[\"https:\\\/\\\/www.facebook.com\\\/RepliqueMangaCine\",\"https:\\\/\\\/www.instagram.com\\\/repliquemangacine.fr\\\/\"]}]}<\/script>\n<!-- \/ Yoast SEO plugin. -->","yoast_head_json":{"title":"Tracolla per M1 Garand - Accessori Militaria | R\u00e9plique Manga Cin\u00e9","description":"Scoprite questa superba tracolla M1 Garand al miglior prezzo. Tutta in vera pelle. Gancio in metallo. Ideale per trasportare la vostra replica storica","robots":{"index":"index","follow":"follow","max-snippet":"max-snippet:-1","max-image-preview":"max-image-preview:large","max-video-preview":"max-video-preview:-1"},"canonical":"https:\/\/repliquemangacine.fr\/it\/pugnali-e-accessori-materiale-militare-della-seconda-guerra-mondiale\/rampa-per-m1-garand\/","og_locale":"it_IT","og_type":"article","og_title":"Bretelle pour M1 Garand - Accessoires Militaria | R\u00e9plique Manga Cin\u00e9","og_description":"D\u00e9couvrez cette superbe Bretelle pour M1 Garand au meilleur prix. Tout en cuir v\u00e9ritable. Crochet en m\u00e9tal. Id\u00e9al pour transporter votre r\u00e9plique historique","og_url":"https:\/\/repliquemangacine.fr\/it\/pugnali-e-accessori-materiale-militare-della-seconda-guerra-mondiale\/rampa-per-m1-garand\/","og_site_name":"R\u00e9plique Manga Cin\u00e9","article_publisher":"https:\/\/www.facebook.com\/RepliqueMangaCine","article_modified_time":"2025-11-18T14:44:27+00:00","og_image":[{"width":500,"height":500,"url":"https:\/\/repliquemangacine.fr\/wp-content\/uploads\/2023\/11\/Bretelle-pour-M1-Garand.jpg","type":"image\/jpeg"}],"twitter_card":"summary_large_image","twitter_misc":{"Tempo di lettura stimato":"3 minuti"},"schema":{"@context":"https:\/\/schema.org","@graph":[{"@type":"WebPage","@id":"https:\/\/repliquemangacine.fr\/dagues-et-accessoires-seconde-guerre-mondiale-materiels-militaria\/bretelle-pour-m1-garand\/","url":"https:\/\/repliquemangacine.fr\/dagues-et-accessoires-seconde-guerre-mondiale-materiels-militaria\/bretelle-pour-m1-garand\/","name":"Tracolla per M1 Garand - Accessori Militaria | R\u00e9plique Manga Cin\u00e9","isPartOf":{"@id":"https:\/\/repliquemangacine.fr\/#website"},"primaryImageOfPage":{"@id":"https:\/\/repliquemangacine.fr\/dagues-et-accessoires-seconde-guerre-mondiale-materiels-militaria\/bretelle-pour-m1-garand\/#primaryimage"},"image":{"@id":"https:\/\/repliquemangacine.fr\/dagues-et-accessoires-seconde-guerre-mondiale-materiels-militaria\/bretelle-pour-m1-garand\/#primaryimage"},"thumbnailUrl":"https:\/\/repliquemangacine.fr\/wp-content\/uploads\/2023\/11\/Bretelle-pour-M1-Garand.jpg","datePublished":"2023-11-27T16:28:36+00:00","dateModified":"2025-11-18T14:44:27+00:00","description":"Scoprite questa superba tracolla M1 Garand al miglior prezzo. Tutta in vera pelle. Gancio in metallo. Ideale per trasportare la vostra replica storica","breadcrumb":{"@id":"https:\/\/repliquemangacine.fr\/dagues-et-accessoires-seconde-guerre-mondiale-materiels-militaria\/bretelle-pour-m1-garand\/#breadcrumb"},"inLanguage":"it-IT","potentialAction":[{"@type":"ReadAction","target":["https:\/\/repliquemangacine.fr\/dagues-et-accessoires-seconde-guerre-mondiale-materiels-militaria\/bretelle-pour-m1-garand\/"]}]},{"@type":"ImageObject","inLanguage":"it-IT","@id":"https:\/\/repliquemangacine.fr\/dagues-et-accessoires-seconde-guerre-mondiale-materiels-militaria\/bretelle-pour-m1-garand\/#primaryimage","url":"https:\/\/repliquemangacine.fr\/wp-content\/uploads\/2023\/11\/Bretelle-pour-M1-Garand.jpg","contentUrl":"https:\/\/repliquemangacine.fr\/wp-content\/uploads\/2023\/11\/Bretelle-pour-M1-Garand.jpg","width":500,"height":500,"caption":"Bretelle pour M1 Garand"},{"@type":"BreadcrumbList","@id":"https:\/\/repliquemangacine.fr\/dagues-et-accessoires-seconde-guerre-mondiale-materiels-militaria\/bretelle-pour-m1-garand\/#breadcrumb","itemListElement":[{"@type":"ListItem","position":1,"name":"Accueil","item":"https:\/\/repliquemangacine.fr\/"},{"@type":"ListItem","position":2,"name":"Produits","item":"https:\/\/repliquemangacine.fr\/boutique\/"},{"@type":"ListItem","position":3,"name":"Bretelle pour M1 Garand"}]},{"@type":"WebSite","@id":"https:\/\/repliquemangacine.fr\/#website","url":"https:\/\/repliquemangacine.fr\/","name":"R\u00e9plique Manga Cin\u00e9","description":"","publisher":{"@id":"https:\/\/repliquemangacine.fr\/#organization"},"potentialAction":[{"@type":"SearchAction","target":{"@type":"EntryPoint","urlTemplate":"https:\/\/repliquemangacine.fr\/?s={search_term_string}"},"query-input":{"@type":"PropertyValueSpecification","valueRequired":true,"valueName":"search_term_string"}}],"inLanguage":"it-IT"},{"@type":"Organization","@id":"https:\/\/repliquemangacine.fr\/#organization","name":"R\u00e9plique Manga Cin\u00e9","url":"https:\/\/repliquemangacine.fr\/","logo":{"@type":"ImageObject","inLanguage":"it-IT","@id":"https:\/\/repliquemangacine.fr\/#\/schema\/logo\/image\/","url":"https:\/\/repliquemangacine.fr\/wp-content\/uploads\/2023\/10\/RMC-500250.png","contentUrl":"https:\/\/repliquemangacine.fr\/wp-content\/uploads\/2023\/10\/RMC-500250.png","width":500,"height":250,"caption":"R\u00e9plique Manga Cin\u00e9"},"image":{"@id":"https:\/\/repliquemangacine.fr\/#\/schema\/logo\/image\/"},"sameAs":["https:\/\/www.facebook.com\/RepliqueMangaCine","https:\/\/www.instagram.com\/repliquemangacine.fr\/"]}]}},"_links":{"self":[{"href":"https:\/\/repliquemangacine.fr\/it\/wp-json\/wp\/v2\/product\/65989","targetHints":{"allow":["GET"]}}],"collection":[{"href":"https:\/\/repliquemangacine.fr\/it\/wp-json\/wp\/v2\/product"}],"about":[{"href":"https:\/\/repliquemangacine.fr\/it\/wp-json\/wp\/v2\/types\/product"}],"wp:featuredmedia":[{"embeddable":true,"href":"https:\/\/repliquemangacine.fr\/it\/wp-json\/wp\/v2\/media\/65990"}],"wp:attachment":[{"href":"https:\/\/repliquemangacine.fr\/it\/wp-json\/wp\/v2\/media?parent=65989"}],"wp:term":[{"taxonomy":"product_brand","embeddable":true,"href":"https:\/\/repliquemangacine.fr\/it\/wp-json\/wp\/v2\/product_brand?post=65989"},{"taxonomy":"product_cat","embeddable":true,"href":"https:\/\/repliquemangacine.fr\/it\/wp-json\/wp\/v2\/product_cat?post=65989"},{"taxonomy":"product_tag","embeddable":true,"href":"https:\/\/repliquemangacine.fr\/it\/wp-json\/wp\/v2\/product_tag?post=65989"}],"curies":[{"name":"wp","href":"https:\/\/api.w.org\/{rel}","templated":true}]}}