





{"id":65870,"date":"2023-11-24T19:08:31","date_gmt":"2023-11-24T18:08:31","guid":{"rendered":"https:\/\/repliquemangacine.fr\/?post_type=product&#038;p=65870"},"modified":"2025-11-18T15:49:46","modified_gmt":"2025-11-18T14:49:46","slug":"scudo-da-combattimento","status":"publish","type":"product","link":"https:\/\/repliquemangacine.fr\/it\/armes-et-accessoires-vikings\/bouclier-de-combat\/","title":{"rendered":"Scudo da battaglia vichingo"},"content":{"rendered":"<h2>Scudo da battaglia vichingo - Simbolo di forza<\/h2>\n<p>In primo luogo, il <strong>Scudo da battaglia vichingo<\/strong>, elemento chiave dell'arsenale dei guerrieri nordici, che rappresenta una straordinaria fusione di funzionalit\u00e0 e simbolismo.<br \/>\nProgettati per la guerra e la protezione, questi scudi rotondi erano realizzati in legno leggero. Spesso rinforzati con fasce metalliche e un umbo (rigonfiamento) centrale in ferro.<br \/>\nLe loro dimensioni variavano, ma il diametro tipico era compreso tra 70 e 100 cm, consentendo una maneggevolezza ottimale nelle feroci battaglie.<\/p>\n<h3>Scudo vichingo: potere e protezione<\/h3>\n<p>Dipinti e decorati con motivi simbolici, gli scudi vichinghi non erano solo strumenti di guerra. Erano anche espressioni dell'identit\u00e0 e delle credenze dei vichinghi.<br \/>\nIl colore e il design avevano un ruolo cruciale nell'intimidire i nemici. La robusta costruzione offriva invece una difesa vitale contro le armi dell'epoca.<\/p>\n<h2>Il vostro Viking Combat Shield al miglior prezzo<\/h2>\n<p>Immergiti nell'affascinante mondo dei Vichinghi con uno scudo vichingo che offre un perfetto equilibrio tra qualit\u00e0 e prezzo. Queste repliche, fedeli agli originali utilizzati nelle battaglie del Medioevo, sono progettate per offrire un'esperienza autentica.<\/p>\n<p>Prendiamo l'esempio del<\/p>\n<ul>\n<li><a href=\"https:\/\/repliquemangacine.fr\/it\/serie-shields-vikings\/scudo-vichingo-fenrir\/\">Scudo Fenrir<\/a>Realizzato esattamente come agli inizi, con una tavola di legno dipinta, un umbone centrale e un bordo in pelle cucito a mano.<\/li>\n<li>C'\u00e8 anche il <a href=\"https:\/\/repliquemangacine.fr\/it\/armi-e-accessori-vichinghi\/scudo-vichingo-in-legno\/\">scudo rotondo<\/a> con il suo umbone e i suoi rinforzi in metallo, e molto altro ancora!<\/li>\n<\/ul>\n<h3>Lo spirito vichingo a un prezzo accessibile: scudi di alta qualit\u00e0<\/h3>\n<p>Con la garanzia di una qualit\u00e0 eccezionale a un prezzo competitivo, questi scudi vichinghi non sono solo oggetti da collezione. Sono portali di un passato eroico. La cura con cui sono stati realizzati assicura una durata e un'autenticit\u00e0 senza compromessi.<\/p>\n<h2>Tecniche e strategie di combattimento con lo scudo vichingo<\/h2>\n<p>Progettato specificamente per dimostrazioni e rievocazioni storiche. Questo scudo, fedele ai modelli e ai materiali storici, \u00e8 ideale per chi desidera sperimentare le tecniche di combattimento e le strategie dei guerrieri vichinghi in modo sicuro e spettacolare.<\/p>\n<p>La sua struttura robusta e la sua maneggevolezza lo rendono perfetto per le esibizioni, dove la precisione dei movimenti e la sicurezza sono fondamentali.<\/p>\n<h3>Il muro di scudi vichinghi: una strategia immersiva per le mostre.<\/h3>\n<p>Incorporate la famosa tattica vichinga del \u201cmuro di scudi\u201d nelle vostre esibizioni. Il nostro scudo \u00e8 appositamente progettato per consentire questa formazione difensiva, in cui i guerrieri allineavano strettamente i loro scudi per creare una barriera quasi impenetrabile.<\/p>\n<p>Va sottolineato che questa tattica offre un'affascinante immersione nelle strategie di combattimento. <a href=\"https:\/\/www.futura-sciences.com\/sciences\/questions-reponses\/histoire-histoire-vikings-leur-epopee-13777\/\" target=\"_blank\" rel=\"noopener noreferrer\">vichingo<\/a>. In conclusione, perfetto per gli appassionati di storia e per gli artisti del combattimento scenico.<\/p>","protected":false},"excerpt":{"rendered":"<p>Splendido scudo da battaglia vichingo<\/p>\n<ul>\n<li>Adatto ai combattimenti in mostra<\/li>\n<li>Scudo rotondo in legno<\/li>\n<li>Gobba in acciaio (Umbo) e raccordi in acciaio, circa 1,2 mm.<\/li>\n<li>Il retro \u00e8 rivestito in tessuto.<\/li>\n<li>Il manico in acciaio \u00e8 imbottito e rivestito in pelle scamosciata.<\/li>\n<li>Diametro: circa 55 cm - Spessore del materiale: circa 1,4 cm<\/li>\n<li>Peso: circa 3,2 kg<\/li>\n<\/ul>","protected":false},"featured_media":65874,"template":"","meta":[],"product_brand":[896],"product_cat":[103],"product_tag":[],"class_list":{"0":"post-65870","1":"product","2":"type-product","3":"status-publish","4":"has-post-thumbnail","6":"product_brand-replique-manga-cine","7":"product_cat-armes-et-accessoires-vikings","9":"first","10":"instock","11":"taxable","12":"shipping-taxable","13":"purchasable","14":"product-type-simple"},"yoast_head":"<!-- This site is optimized with the Yoast SEO plugin v27.4 - https:\/\/yoast.com\/product\/yoast-seo-wordpress\/ -->\n<title>Bouclier de combat Viking | R\u00e9plique Manga Cin\u00e9<\/title>\n<meta name=\"description\" content=\"D\u00e9couvrez ce superbe Bouclier de combat Viking au meilleur prix. Tout n bois avec garniture en m\u00e9tal. Poign\u00e9e au dos. Adapt\u00e9 au combat d&#039;exhibition\" \/>\n<meta name=\"robots\" content=\"index, follow, max-snippet:-1, max-image-preview:large, max-video-preview:-1\" \/>\n<link rel=\"canonical\" href=\"https:\/\/repliquemangacine.fr\/it\/armi-e-accessori-vichinghi\/scudo-da-combattimento\/\" \/>\n<meta property=\"og:locale\" content=\"it_IT\" \/>\n<meta property=\"og:type\" content=\"article\" \/>\n<meta property=\"og:title\" content=\"Bouclier de combat Viking | R\u00e9plique Manga Cin\u00e9\" \/>\n<meta property=\"og:description\" content=\"D\u00e9couvrez ce superbe Bouclier de combat Viking au meilleur prix. Tout n bois avec garniture en m\u00e9tal. Poign\u00e9e au dos. Adapt\u00e9 au combat d&#039;exhibition\" \/>\n<meta property=\"og:url\" content=\"https:\/\/repliquemangacine.fr\/it\/armi-e-accessori-vichinghi\/scudo-da-combattimento\/\" \/>\n<meta property=\"og:site_name\" content=\"R\u00e9plique Manga Cin\u00e9\" \/>\n<meta property=\"article:publisher\" content=\"https:\/\/www.facebook.com\/RepliqueMangaCine\" \/>\n<meta property=\"article:modified_time\" content=\"2025-11-18T14:49:46+00:00\" \/>\n<meta property=\"og:image\" content=\"https:\/\/repliquemangacine.fr\/wp-content\/uploads\/2023\/11\/Bouclier-de-combat.jpg\" \/>\n\t<meta property=\"og:image:width\" content=\"500\" \/>\n\t<meta property=\"og:image:height\" content=\"500\" \/>\n\t<meta property=\"og:image:type\" content=\"image\/jpeg\" \/>\n<meta name=\"twitter:card\" content=\"summary_large_image\" \/>\n<meta name=\"twitter:label1\" content=\"Tempo di lettura stimato\" \/>\n\t<meta name=\"twitter:data1\" content=\"3 minuti\" \/>\n<script type=\"application\/ld+json\" class=\"yoast-schema-graph\">{\"@context\":\"https:\\\/\\\/schema.org\",\"@graph\":[{\"@type\":\"WebPage\",\"@id\":\"https:\\\/\\\/repliquemangacine.fr\\\/armes-et-accessoires-vikings\\\/bouclier-de-combat\\\/\",\"url\":\"https:\\\/\\\/repliquemangacine.fr\\\/armes-et-accessoires-vikings\\\/bouclier-de-combat\\\/\",\"name\":\"Bouclier de combat Viking | R\u00e9plique Manga Cin\u00e9\",\"isPartOf\":{\"@id\":\"https:\\\/\\\/repliquemangacine.fr\\\/#website\"},\"primaryImageOfPage\":{\"@id\":\"https:\\\/\\\/repliquemangacine.fr\\\/armes-et-accessoires-vikings\\\/bouclier-de-combat\\\/#primaryimage\"},\"image\":{\"@id\":\"https:\\\/\\\/repliquemangacine.fr\\\/armes-et-accessoires-vikings\\\/bouclier-de-combat\\\/#primaryimage\"},\"thumbnailUrl\":\"https:\\\/\\\/repliquemangacine.fr\\\/wp-content\\\/uploads\\\/2023\\\/11\\\/Bouclier-de-combat.jpg\",\"datePublished\":\"2023-11-24T18:08:31+00:00\",\"dateModified\":\"2025-11-18T14:49:46+00:00\",\"description\":\"D\u00e9couvrez ce superbe Bouclier de combat Viking au meilleur prix. Tout n bois avec garniture en m\u00e9tal. Poign\u00e9e au dos. Adapt\u00e9 au combat d'exhibition\",\"breadcrumb\":{\"@id\":\"https:\\\/\\\/repliquemangacine.fr\\\/armes-et-accessoires-vikings\\\/bouclier-de-combat\\\/#breadcrumb\"},\"inLanguage\":\"it-IT\",\"potentialAction\":[{\"@type\":\"ReadAction\",\"target\":[\"https:\\\/\\\/repliquemangacine.fr\\\/armes-et-accessoires-vikings\\\/bouclier-de-combat\\\/\"]}]},{\"@type\":\"ImageObject\",\"inLanguage\":\"it-IT\",\"@id\":\"https:\\\/\\\/repliquemangacine.fr\\\/armes-et-accessoires-vikings\\\/bouclier-de-combat\\\/#primaryimage\",\"url\":\"https:\\\/\\\/repliquemangacine.fr\\\/wp-content\\\/uploads\\\/2023\\\/11\\\/Bouclier-de-combat.jpg\",\"contentUrl\":\"https:\\\/\\\/repliquemangacine.fr\\\/wp-content\\\/uploads\\\/2023\\\/11\\\/Bouclier-de-combat.jpg\",\"width\":500,\"height\":500,\"caption\":\"Bouclier de combat Viking\"},{\"@type\":\"BreadcrumbList\",\"@id\":\"https:\\\/\\\/repliquemangacine.fr\\\/armes-et-accessoires-vikings\\\/bouclier-de-combat\\\/#breadcrumb\",\"itemListElement\":[{\"@type\":\"ListItem\",\"position\":1,\"name\":\"Accueil\",\"item\":\"https:\\\/\\\/repliquemangacine.fr\\\/\"},{\"@type\":\"ListItem\",\"position\":2,\"name\":\"Produits\",\"item\":\"https:\\\/\\\/repliquemangacine.fr\\\/boutique\\\/\"},{\"@type\":\"ListItem\",\"position\":3,\"name\":\"Bouclier de combat Viking\"}]},{\"@type\":\"WebSite\",\"@id\":\"https:\\\/\\\/repliquemangacine.fr\\\/#website\",\"url\":\"https:\\\/\\\/repliquemangacine.fr\\\/\",\"name\":\"R\u00e9plique Manga Cin\u00e9\",\"description\":\"\",\"publisher\":{\"@id\":\"https:\\\/\\\/repliquemangacine.fr\\\/#organization\"},\"potentialAction\":[{\"@type\":\"SearchAction\",\"target\":{\"@type\":\"EntryPoint\",\"urlTemplate\":\"https:\\\/\\\/repliquemangacine.fr\\\/?s={search_term_string}\"},\"query-input\":{\"@type\":\"PropertyValueSpecification\",\"valueRequired\":true,\"valueName\":\"search_term_string\"}}],\"inLanguage\":\"it-IT\"},{\"@type\":\"Organization\",\"@id\":\"https:\\\/\\\/repliquemangacine.fr\\\/#organization\",\"name\":\"R\u00e9plique Manga Cin\u00e9\",\"url\":\"https:\\\/\\\/repliquemangacine.fr\\\/\",\"logo\":{\"@type\":\"ImageObject\",\"inLanguage\":\"it-IT\",\"@id\":\"https:\\\/\\\/repliquemangacine.fr\\\/#\\\/schema\\\/logo\\\/image\\\/\",\"url\":\"https:\\\/\\\/repliquemangacine.fr\\\/wp-content\\\/uploads\\\/2023\\\/10\\\/RMC-500250.png\",\"contentUrl\":\"https:\\\/\\\/repliquemangacine.fr\\\/wp-content\\\/uploads\\\/2023\\\/10\\\/RMC-500250.png\",\"width\":500,\"height\":250,\"caption\":\"R\u00e9plique Manga Cin\u00e9\"},\"image\":{\"@id\":\"https:\\\/\\\/repliquemangacine.fr\\\/#\\\/schema\\\/logo\\\/image\\\/\"},\"sameAs\":[\"https:\\\/\\\/www.facebook.com\\\/RepliqueMangaCine\",\"https:\\\/\\\/www.instagram.com\\\/repliquemangacine.fr\\\/\"]}]}<\/script>\n<!-- \/ Yoast SEO plugin. -->","yoast_head_json":{"title":"Scudo da battaglia vichingo | R\u00e9plique Manga Cin\u00e9","description":"Scoprite questo superbo scudo da battaglia vichingo al miglior prezzo. Tutto in legno con finiture in metallo. Maniglia sul retro. Adatto per combattimenti da esibizione.","robots":{"index":"index","follow":"follow","max-snippet":"max-snippet:-1","max-image-preview":"max-image-preview:large","max-video-preview":"max-video-preview:-1"},"canonical":"https:\/\/repliquemangacine.fr\/it\/armi-e-accessori-vichinghi\/scudo-da-combattimento\/","og_locale":"it_IT","og_type":"article","og_title":"Bouclier de combat Viking | R\u00e9plique Manga Cin\u00e9","og_description":"D\u00e9couvrez ce superbe Bouclier de combat Viking au meilleur prix. Tout n bois avec garniture en m\u00e9tal. Poign\u00e9e au dos. Adapt\u00e9 au combat d'exhibition","og_url":"https:\/\/repliquemangacine.fr\/it\/armi-e-accessori-vichinghi\/scudo-da-combattimento\/","og_site_name":"R\u00e9plique Manga Cin\u00e9","article_publisher":"https:\/\/www.facebook.com\/RepliqueMangaCine","article_modified_time":"2025-11-18T14:49:46+00:00","og_image":[{"width":500,"height":500,"url":"https:\/\/repliquemangacine.fr\/wp-content\/uploads\/2023\/11\/Bouclier-de-combat.jpg","type":"image\/jpeg"}],"twitter_card":"summary_large_image","twitter_misc":{"Tempo di lettura stimato":"3 minuti"},"schema":{"@context":"https:\/\/schema.org","@graph":[{"@type":"WebPage","@id":"https:\/\/repliquemangacine.fr\/armes-et-accessoires-vikings\/bouclier-de-combat\/","url":"https:\/\/repliquemangacine.fr\/armes-et-accessoires-vikings\/bouclier-de-combat\/","name":"Scudo da battaglia vichingo | R\u00e9plique Manga Cin\u00e9","isPartOf":{"@id":"https:\/\/repliquemangacine.fr\/#website"},"primaryImageOfPage":{"@id":"https:\/\/repliquemangacine.fr\/armes-et-accessoires-vikings\/bouclier-de-combat\/#primaryimage"},"image":{"@id":"https:\/\/repliquemangacine.fr\/armes-et-accessoires-vikings\/bouclier-de-combat\/#primaryimage"},"thumbnailUrl":"https:\/\/repliquemangacine.fr\/wp-content\/uploads\/2023\/11\/Bouclier-de-combat.jpg","datePublished":"2023-11-24T18:08:31+00:00","dateModified":"2025-11-18T14:49:46+00:00","description":"Scoprite questo superbo scudo da battaglia vichingo al miglior prezzo. Tutto in legno con finiture in metallo. Maniglia sul retro. Adatto per combattimenti da esibizione.","breadcrumb":{"@id":"https:\/\/repliquemangacine.fr\/armes-et-accessoires-vikings\/bouclier-de-combat\/#breadcrumb"},"inLanguage":"it-IT","potentialAction":[{"@type":"ReadAction","target":["https:\/\/repliquemangacine.fr\/armes-et-accessoires-vikings\/bouclier-de-combat\/"]}]},{"@type":"ImageObject","inLanguage":"it-IT","@id":"https:\/\/repliquemangacine.fr\/armes-et-accessoires-vikings\/bouclier-de-combat\/#primaryimage","url":"https:\/\/repliquemangacine.fr\/wp-content\/uploads\/2023\/11\/Bouclier-de-combat.jpg","contentUrl":"https:\/\/repliquemangacine.fr\/wp-content\/uploads\/2023\/11\/Bouclier-de-combat.jpg","width":500,"height":500,"caption":"Bouclier de combat Viking"},{"@type":"BreadcrumbList","@id":"https:\/\/repliquemangacine.fr\/armes-et-accessoires-vikings\/bouclier-de-combat\/#breadcrumb","itemListElement":[{"@type":"ListItem","position":1,"name":"Accueil","item":"https:\/\/repliquemangacine.fr\/"},{"@type":"ListItem","position":2,"name":"Produits","item":"https:\/\/repliquemangacine.fr\/boutique\/"},{"@type":"ListItem","position":3,"name":"Bouclier de combat Viking"}]},{"@type":"WebSite","@id":"https:\/\/repliquemangacine.fr\/#website","url":"https:\/\/repliquemangacine.fr\/","name":"R\u00e9plique Manga Cin\u00e9","description":"","publisher":{"@id":"https:\/\/repliquemangacine.fr\/#organization"},"potentialAction":[{"@type":"SearchAction","target":{"@type":"EntryPoint","urlTemplate":"https:\/\/repliquemangacine.fr\/?s={search_term_string}"},"query-input":{"@type":"PropertyValueSpecification","valueRequired":true,"valueName":"search_term_string"}}],"inLanguage":"it-IT"},{"@type":"Organization","@id":"https:\/\/repliquemangacine.fr\/#organization","name":"R\u00e9plique Manga Cin\u00e9","url":"https:\/\/repliquemangacine.fr\/","logo":{"@type":"ImageObject","inLanguage":"it-IT","@id":"https:\/\/repliquemangacine.fr\/#\/schema\/logo\/image\/","url":"https:\/\/repliquemangacine.fr\/wp-content\/uploads\/2023\/10\/RMC-500250.png","contentUrl":"https:\/\/repliquemangacine.fr\/wp-content\/uploads\/2023\/10\/RMC-500250.png","width":500,"height":250,"caption":"R\u00e9plique Manga Cin\u00e9"},"image":{"@id":"https:\/\/repliquemangacine.fr\/#\/schema\/logo\/image\/"},"sameAs":["https:\/\/www.facebook.com\/RepliqueMangaCine","https:\/\/www.instagram.com\/repliquemangacine.fr\/"]}]}},"_links":{"self":[{"href":"https:\/\/repliquemangacine.fr\/it\/wp-json\/wp\/v2\/product\/65870","targetHints":{"allow":["GET"]}}],"collection":[{"href":"https:\/\/repliquemangacine.fr\/it\/wp-json\/wp\/v2\/product"}],"about":[{"href":"https:\/\/repliquemangacine.fr\/it\/wp-json\/wp\/v2\/types\/product"}],"wp:featuredmedia":[{"embeddable":true,"href":"https:\/\/repliquemangacine.fr\/it\/wp-json\/wp\/v2\/media\/65874"}],"wp:attachment":[{"href":"https:\/\/repliquemangacine.fr\/it\/wp-json\/wp\/v2\/media?parent=65870"}],"wp:term":[{"taxonomy":"product_brand","embeddable":true,"href":"https:\/\/repliquemangacine.fr\/it\/wp-json\/wp\/v2\/product_brand?post=65870"},{"taxonomy":"product_cat","embeddable":true,"href":"https:\/\/repliquemangacine.fr\/it\/wp-json\/wp\/v2\/product_cat?post=65870"},{"taxonomy":"product_tag","embeddable":true,"href":"https:\/\/repliquemangacine.fr\/it\/wp-json\/wp\/v2\/product_tag?post=65870"}],"curies":[{"name":"wp","href":"https:\/\/api.w.org\/{rel}","templated":true}]}}