





{"id":65854,"date":"2023-11-24T16:39:35","date_gmt":"2023-11-24T15:39:35","guid":{"rendered":"https:\/\/repliquemangacine.fr\/?post_type=product&#038;p=65854"},"modified":"2026-02-06T15:46:15","modified_gmt":"2026-02-06T14:46:15","slug":"sciabola-da-truppa-1801","status":"publish","type":"product","link":"https:\/\/repliquemangacine.fr\/it\/armes-historiques\/sabre-de-troupe-1801\/","title":{"rendered":"Sciabola da truppa 1801"},"content":{"rendered":"<h2>Sabre de Troupe 1801 - Un'eredit\u00e0 napoleonica<\/h2>\n<p>In primo luogo, la sciabola da cavalleria del 1801, nota anche come \"sabre de cavalerie l\u00e9g\u00e8re mod\u00e8le An IX\", \u00e8 un'arma emblematica dell'epoca napoleonica in Francia.<\/p>\n<ul>\n<li><strong>Origine e contesto :<\/strong> Introdotta nel 1801, questa sciabola fu progettata per equipaggiare la cavalleria leggera dell'esercito francese.<\/li>\n<li><strong>Design e caratteristiche:<\/strong> La sciabola da cavalleria leggera modello 1801 presenta una lama ricurva, ideale per la carica a cavallo.<\/li>\n<li><strong>Uso ed efficacia :<\/strong> Progettato per attacchi veloci e movimenti fluidi. Particolarmente efficace nelle cariche di cavalleria.<\/li>\n<\/ul>\n<h3>Impatto ed eredit\u00e0 della sciabola da cavalleria<\/h3>\n<p>La sciabola da cavalleria leggera modello 1801 divenne un simbolo della potenza militare napoleonica, influenzando la progettazione delle armi da taglio degli altri eserciti europei. La sua efficacia e il suo design furono ammirati e imitati, consolidando la reputazione dell'esercito francese come forza formidabile.<\/p>\n<h2>La vostra Sciabola della IX Cavalleria - Eccezionale rapporto qualit\u00e0\/prezzo<\/h2>\n<p>La sciabola da cavalleria Modello An IX non \u00e8 solo una replica storica, ma anche la scelta migliore in termini di rapporto qualit\u00e0-prezzo per i collezionisti.  Fedele all'originale, \u00e8 un perfetto esempio di qualit\u00e0.<\/p>\n<p>L'acquisto di una replica del Modello An XI rappresenta un'occasione unica per possedere un pezzo di storia. Offre infatti un valore estetico e storico eccezionale.<\/p>\n<p>Ideale per collezionisti esperti che desiderano arricchire la propria collezione senza compromettere la qualit\u00e0 n\u00e9 il budget.<\/p>\n<h3>Le emblematiche sciabole del Primo Impero: una leggenda in acciaio<\/h3>\n<p>Durante il regno di <a href=\"https:\/\/www.larousse.fr\/encyclopedie\/personnage\/Napol%C3%A9on_I_er\/134747\" target=\"_blank\" rel=\"noopener noreferrer\">Napoleone<\/a> Bonaparte, l'esercito francese utilizzava diversi tipi di sciabole.<\/p>\n<p>Innanzitutto,<\/p>\n<ul>\n<li><a href=\"https:\/\/repliquemangacine.fr\/it\/replica-pistole-napoleoniche\/accendino-con-sciabola-del-1-impero-di-fanteria-napoleonico\/\">Accendino a sciabola:<\/a> Portato dalla fanteria, l'accendino a sciabola era uno strumento versatile sul campo di battaglia.<\/li>\n<li><a href=\"https:\/\/repliquemangacine.fr\/it\/spade-del-1-impero\/sciabola-da-cavalleria-prussiana-blucher-m1811\/\">Sciabola Bl\u00fccher M1811<\/a> Bl\u00fccher, generale tedesco, popolare comandante durante la campagna tedesca contro Napoleone.<\/li>\n<\/ul>\n<h2>Come faccio a mantenere la lama della mia sciabola da truppa 1801?<\/h2>\n<p>In primo luogo, le spade da collezione e decorative, fabbricate e assemblate in modo semplificato. Essendo destinate a scopi decorativi, non dispongono degli elementi di sicurezza necessari per una spada giapponese destinata all'allenamento.<\/p>\n<p>Tuttavia, il vostro <strong>Sciabola da truppa 1801<\/strong> una lama in acciaio che deve essere curata per evitare che si rovini con il tempo. Infatti, esporrete la vostra spada e i vostri amici saranno curiosi di vedere la lama e di toccarla. \u00c8 qui che bisogna prestare attenzione. Va sottolineato che l'acidit\u00e0 delle dita \u00e8 molto dannosa per l'acciaio, indipendentemente dalla sua qualit\u00e0.<\/p>\n<p>Tuttavia, se ci\u00f2 dovesse accadere, non fatevi prendere dal panico: basta un panno inumidito con un po' di olio per rimuovere le impronte digitali. In questo modo, la vostra spada durer\u00e0 a lungo.<\/p>\n<p>&nbsp;<\/p>","protected":false},"excerpt":{"rendered":"<p>Superba riproduzione della sciabola da cavalleria francese del 1801.<\/p>\n<ul>\n<li>Lama in acciaio<\/li>\n<li>Protezione speciale in acciaio placcato oro<\/li>\n<li>Maniglia rivestita in similpelle nera<\/li>\n<li>Fodero in metallo.<\/li>\n<\/ul>","protected":false},"featured_media":65863,"template":"","meta":[],"product_brand":[896],"product_cat":[25,83,74],"product_tag":[],"class_list":{"0":"post-65854","1":"product","2":"type-product","3":"status-publish","4":"has-post-thumbnail","6":"product_brand-replique-manga-cine","7":"product_cat-armes-historiques","8":"product_cat-replique-d-armes-1er-empire","9":"product_cat-sabres-1er-empire","11":"first","12":"instock","13":"taxable","14":"shipping-taxable","15":"purchasable","16":"product-type-simple"},"yoast_head":"<!-- This site is optimized with the Yoast SEO plugin v27.4 - https:\/\/yoast.com\/product\/yoast-seo-wordpress\/ -->\n<title>Sabre de Troupe 1801 - Sabre de cavalerie | R\u00e9plique Manga Cin\u00e9<\/title>\n<meta name=\"description\" content=\"D\u00e9couvrez ce magnifique sabre de troupe 1801 au meilleur prix. Lame en acier. Garde de forme sp\u00e9cifique en acier dor\u00e9. Fourreau en m\u00e9tal\" \/>\n<meta name=\"robots\" content=\"index, follow, max-snippet:-1, max-image-preview:large, max-video-preview:-1\" \/>\n<link rel=\"canonical\" href=\"https:\/\/repliquemangacine.fr\/it\/armi-storiche\/sciabola-da-truppa-1801\/\" \/>\n<meta property=\"og:locale\" content=\"it_IT\" \/>\n<meta property=\"og:type\" content=\"article\" \/>\n<meta property=\"og:title\" content=\"Sabre de Troupe 1801 - Sabre de cavalerie | R\u00e9plique Manga Cin\u00e9\" \/>\n<meta property=\"og:description\" content=\"D\u00e9couvrez ce magnifique sabre de troupe 1801 au meilleur prix. Lame en acier. Garde de forme sp\u00e9cifique en acier dor\u00e9. Fourreau en m\u00e9tal\" \/>\n<meta property=\"og:url\" content=\"https:\/\/repliquemangacine.fr\/it\/armi-storiche\/sciabola-da-truppa-1801\/\" \/>\n<meta property=\"og:site_name\" content=\"R\u00e9plique Manga Cin\u00e9\" \/>\n<meta property=\"article:publisher\" content=\"https:\/\/www.facebook.com\/RepliqueMangaCine\" \/>\n<meta property=\"article:modified_time\" content=\"2026-02-06T14:46:15+00:00\" \/>\n<meta property=\"og:image\" content=\"https:\/\/repliquemangacine.fr\/wp-content\/uploads\/2023\/11\/sabre-de-cavalerie-napoleonlamejpg.jpg\" \/>\n\t<meta property=\"og:image:width\" content=\"500\" \/>\n\t<meta property=\"og:image:height\" content=\"500\" \/>\n\t<meta property=\"og:image:type\" content=\"image\/jpeg\" \/>\n<meta name=\"twitter:card\" content=\"summary_large_image\" \/>\n<meta name=\"twitter:label1\" content=\"Tempo di lettura stimato\" \/>\n\t<meta name=\"twitter:data1\" content=\"3 minuti\" \/>\n<script type=\"application\/ld+json\" class=\"yoast-schema-graph\">{\"@context\":\"https:\\\/\\\/schema.org\",\"@graph\":[{\"@type\":\"WebPage\",\"@id\":\"https:\\\/\\\/repliquemangacine.fr\\\/armes-historiques\\\/sabre-de-troupe-1801\\\/\",\"url\":\"https:\\\/\\\/repliquemangacine.fr\\\/armes-historiques\\\/sabre-de-troupe-1801\\\/\",\"name\":\"Sabre de Troupe 1801 - Sabre de cavalerie | R\u00e9plique Manga Cin\u00e9\",\"isPartOf\":{\"@id\":\"https:\\\/\\\/repliquemangacine.fr\\\/#website\"},\"primaryImageOfPage\":{\"@id\":\"https:\\\/\\\/repliquemangacine.fr\\\/armes-historiques\\\/sabre-de-troupe-1801\\\/#primaryimage\"},\"image\":{\"@id\":\"https:\\\/\\\/repliquemangacine.fr\\\/armes-historiques\\\/sabre-de-troupe-1801\\\/#primaryimage\"},\"thumbnailUrl\":\"https:\\\/\\\/repliquemangacine.fr\\\/wp-content\\\/uploads\\\/2023\\\/11\\\/sabre-de-cavalerie-napoleonlamejpg.jpg\",\"datePublished\":\"2023-11-24T15:39:35+00:00\",\"dateModified\":\"2026-02-06T14:46:15+00:00\",\"description\":\"D\u00e9couvrez ce magnifique sabre de troupe 1801 au meilleur prix. Lame en acier. Garde de forme sp\u00e9cifique en acier dor\u00e9. Fourreau en m\u00e9tal\",\"breadcrumb\":{\"@id\":\"https:\\\/\\\/repliquemangacine.fr\\\/armes-historiques\\\/sabre-de-troupe-1801\\\/#breadcrumb\"},\"inLanguage\":\"it-IT\",\"potentialAction\":[{\"@type\":\"ReadAction\",\"target\":[\"https:\\\/\\\/repliquemangacine.fr\\\/armes-historiques\\\/sabre-de-troupe-1801\\\/\"]}]},{\"@type\":\"ImageObject\",\"inLanguage\":\"it-IT\",\"@id\":\"https:\\\/\\\/repliquemangacine.fr\\\/armes-historiques\\\/sabre-de-troupe-1801\\\/#primaryimage\",\"url\":\"https:\\\/\\\/repliquemangacine.fr\\\/wp-content\\\/uploads\\\/2023\\\/11\\\/sabre-de-cavalerie-napoleonlamejpg.jpg\",\"contentUrl\":\"https:\\\/\\\/repliquemangacine.fr\\\/wp-content\\\/uploads\\\/2023\\\/11\\\/sabre-de-cavalerie-napoleonlamejpg.jpg\",\"width\":500,\"height\":500,\"caption\":\"Sabre de Troupe 1801\"},{\"@type\":\"BreadcrumbList\",\"@id\":\"https:\\\/\\\/repliquemangacine.fr\\\/armes-historiques\\\/sabre-de-troupe-1801\\\/#breadcrumb\",\"itemListElement\":[{\"@type\":\"ListItem\",\"position\":1,\"name\":\"Accueil\",\"item\":\"https:\\\/\\\/repliquemangacine.fr\\\/\"},{\"@type\":\"ListItem\",\"position\":2,\"name\":\"Produits\",\"item\":\"https:\\\/\\\/repliquemangacine.fr\\\/boutique\\\/\"},{\"@type\":\"ListItem\",\"position\":3,\"name\":\"Sabre de Troupe 1801\"}]},{\"@type\":\"WebSite\",\"@id\":\"https:\\\/\\\/repliquemangacine.fr\\\/#website\",\"url\":\"https:\\\/\\\/repliquemangacine.fr\\\/\",\"name\":\"R\u00e9plique Manga Cin\u00e9\",\"description\":\"\",\"publisher\":{\"@id\":\"https:\\\/\\\/repliquemangacine.fr\\\/#organization\"},\"potentialAction\":[{\"@type\":\"SearchAction\",\"target\":{\"@type\":\"EntryPoint\",\"urlTemplate\":\"https:\\\/\\\/repliquemangacine.fr\\\/?s={search_term_string}\"},\"query-input\":{\"@type\":\"PropertyValueSpecification\",\"valueRequired\":true,\"valueName\":\"search_term_string\"}}],\"inLanguage\":\"it-IT\"},{\"@type\":\"Organization\",\"@id\":\"https:\\\/\\\/repliquemangacine.fr\\\/#organization\",\"name\":\"R\u00e9plique Manga Cin\u00e9\",\"url\":\"https:\\\/\\\/repliquemangacine.fr\\\/\",\"logo\":{\"@type\":\"ImageObject\",\"inLanguage\":\"it-IT\",\"@id\":\"https:\\\/\\\/repliquemangacine.fr\\\/#\\\/schema\\\/logo\\\/image\\\/\",\"url\":\"https:\\\/\\\/repliquemangacine.fr\\\/wp-content\\\/uploads\\\/2023\\\/10\\\/RMC-500250.png\",\"contentUrl\":\"https:\\\/\\\/repliquemangacine.fr\\\/wp-content\\\/uploads\\\/2023\\\/10\\\/RMC-500250.png\",\"width\":500,\"height\":250,\"caption\":\"R\u00e9plique Manga Cin\u00e9\"},\"image\":{\"@id\":\"https:\\\/\\\/repliquemangacine.fr\\\/#\\\/schema\\\/logo\\\/image\\\/\"},\"sameAs\":[\"https:\\\/\\\/www.facebook.com\\\/RepliqueMangaCine\",\"https:\\\/\\\/www.instagram.com\\\/repliquemangacine.fr\\\/\"]}]}<\/script>\n<!-- \/ Yoast SEO plugin. -->","yoast_head_json":{"title":"Sciabola da truppa 1801 - Sciabola da cavalleria | R\u00e9plique Manga Cin\u00e9","description":"Scoprite questa magnifica sciabola da truppa del 1801 al miglior prezzo. Lama in acciaio. Guardia speciale sagomata in acciaio dorato. Fodero in metallo.","robots":{"index":"index","follow":"follow","max-snippet":"max-snippet:-1","max-image-preview":"max-image-preview:large","max-video-preview":"max-video-preview:-1"},"canonical":"https:\/\/repliquemangacine.fr\/it\/armi-storiche\/sciabola-da-truppa-1801\/","og_locale":"it_IT","og_type":"article","og_title":"Sabre de Troupe 1801 - Sabre de cavalerie | R\u00e9plique Manga Cin\u00e9","og_description":"D\u00e9couvrez ce magnifique sabre de troupe 1801 au meilleur prix. Lame en acier. Garde de forme sp\u00e9cifique en acier dor\u00e9. Fourreau en m\u00e9tal","og_url":"https:\/\/repliquemangacine.fr\/it\/armi-storiche\/sciabola-da-truppa-1801\/","og_site_name":"R\u00e9plique Manga Cin\u00e9","article_publisher":"https:\/\/www.facebook.com\/RepliqueMangaCine","article_modified_time":"2026-02-06T14:46:15+00:00","og_image":[{"width":500,"height":500,"url":"https:\/\/repliquemangacine.fr\/wp-content\/uploads\/2023\/11\/sabre-de-cavalerie-napoleonlamejpg.jpg","type":"image\/jpeg"}],"twitter_card":"summary_large_image","twitter_misc":{"Tempo di lettura stimato":"3 minuti"},"schema":{"@context":"https:\/\/schema.org","@graph":[{"@type":"WebPage","@id":"https:\/\/repliquemangacine.fr\/armes-historiques\/sabre-de-troupe-1801\/","url":"https:\/\/repliquemangacine.fr\/armes-historiques\/sabre-de-troupe-1801\/","name":"Sciabola da truppa 1801 - Sciabola da cavalleria | R\u00e9plique Manga Cin\u00e9","isPartOf":{"@id":"https:\/\/repliquemangacine.fr\/#website"},"primaryImageOfPage":{"@id":"https:\/\/repliquemangacine.fr\/armes-historiques\/sabre-de-troupe-1801\/#primaryimage"},"image":{"@id":"https:\/\/repliquemangacine.fr\/armes-historiques\/sabre-de-troupe-1801\/#primaryimage"},"thumbnailUrl":"https:\/\/repliquemangacine.fr\/wp-content\/uploads\/2023\/11\/sabre-de-cavalerie-napoleonlamejpg.jpg","datePublished":"2023-11-24T15:39:35+00:00","dateModified":"2026-02-06T14:46:15+00:00","description":"Scoprite questa magnifica sciabola da truppa del 1801 al miglior prezzo. Lama in acciaio. Guardia speciale sagomata in acciaio dorato. Fodero in metallo.","breadcrumb":{"@id":"https:\/\/repliquemangacine.fr\/armes-historiques\/sabre-de-troupe-1801\/#breadcrumb"},"inLanguage":"it-IT","potentialAction":[{"@type":"ReadAction","target":["https:\/\/repliquemangacine.fr\/armes-historiques\/sabre-de-troupe-1801\/"]}]},{"@type":"ImageObject","inLanguage":"it-IT","@id":"https:\/\/repliquemangacine.fr\/armes-historiques\/sabre-de-troupe-1801\/#primaryimage","url":"https:\/\/repliquemangacine.fr\/wp-content\/uploads\/2023\/11\/sabre-de-cavalerie-napoleonlamejpg.jpg","contentUrl":"https:\/\/repliquemangacine.fr\/wp-content\/uploads\/2023\/11\/sabre-de-cavalerie-napoleonlamejpg.jpg","width":500,"height":500,"caption":"Sabre de Troupe 1801"},{"@type":"BreadcrumbList","@id":"https:\/\/repliquemangacine.fr\/armes-historiques\/sabre-de-troupe-1801\/#breadcrumb","itemListElement":[{"@type":"ListItem","position":1,"name":"Accueil","item":"https:\/\/repliquemangacine.fr\/"},{"@type":"ListItem","position":2,"name":"Produits","item":"https:\/\/repliquemangacine.fr\/boutique\/"},{"@type":"ListItem","position":3,"name":"Sabre de Troupe 1801"}]},{"@type":"WebSite","@id":"https:\/\/repliquemangacine.fr\/#website","url":"https:\/\/repliquemangacine.fr\/","name":"R\u00e9plique Manga Cin\u00e9","description":"","publisher":{"@id":"https:\/\/repliquemangacine.fr\/#organization"},"potentialAction":[{"@type":"SearchAction","target":{"@type":"EntryPoint","urlTemplate":"https:\/\/repliquemangacine.fr\/?s={search_term_string}"},"query-input":{"@type":"PropertyValueSpecification","valueRequired":true,"valueName":"search_term_string"}}],"inLanguage":"it-IT"},{"@type":"Organization","@id":"https:\/\/repliquemangacine.fr\/#organization","name":"R\u00e9plique Manga Cin\u00e9","url":"https:\/\/repliquemangacine.fr\/","logo":{"@type":"ImageObject","inLanguage":"it-IT","@id":"https:\/\/repliquemangacine.fr\/#\/schema\/logo\/image\/","url":"https:\/\/repliquemangacine.fr\/wp-content\/uploads\/2023\/10\/RMC-500250.png","contentUrl":"https:\/\/repliquemangacine.fr\/wp-content\/uploads\/2023\/10\/RMC-500250.png","width":500,"height":250,"caption":"R\u00e9plique Manga Cin\u00e9"},"image":{"@id":"https:\/\/repliquemangacine.fr\/#\/schema\/logo\/image\/"},"sameAs":["https:\/\/www.facebook.com\/RepliqueMangaCine","https:\/\/www.instagram.com\/repliquemangacine.fr\/"]}]}},"_links":{"self":[{"href":"https:\/\/repliquemangacine.fr\/it\/wp-json\/wp\/v2\/product\/65854","targetHints":{"allow":["GET"]}}],"collection":[{"href":"https:\/\/repliquemangacine.fr\/it\/wp-json\/wp\/v2\/product"}],"about":[{"href":"https:\/\/repliquemangacine.fr\/it\/wp-json\/wp\/v2\/types\/product"}],"wp:featuredmedia":[{"embeddable":true,"href":"https:\/\/repliquemangacine.fr\/it\/wp-json\/wp\/v2\/media\/65863"}],"wp:attachment":[{"href":"https:\/\/repliquemangacine.fr\/it\/wp-json\/wp\/v2\/media?parent=65854"}],"wp:term":[{"taxonomy":"product_brand","embeddable":true,"href":"https:\/\/repliquemangacine.fr\/it\/wp-json\/wp\/v2\/product_brand?post=65854"},{"taxonomy":"product_cat","embeddable":true,"href":"https:\/\/repliquemangacine.fr\/it\/wp-json\/wp\/v2\/product_cat?post=65854"},{"taxonomy":"product_tag","embeddable":true,"href":"https:\/\/repliquemangacine.fr\/it\/wp-json\/wp\/v2\/product_tag?post=65854"}],"curies":[{"name":"wp","href":"https:\/\/api.w.org\/{rel}","templated":true}]}}