





{"id":65781,"date":"2023-11-22T15:49:09","date_gmt":"2023-11-22T14:49:09","guid":{"rendered":"https:\/\/repliquemangacine.fr\/?post_type=product&#038;p=65781"},"modified":"2026-03-04T17:08:07","modified_gmt":"2026-03-04T16:08:07","slug":"epee-duhtred-lultimo-regno","status":"publish","type":"product","link":"https:\/\/repliquemangacine.fr\/it\/films-series-tv-vente-de-katana-epee-et-produits-derives\/epee-duhtred-the-last-kingdom\/","title":{"rendered":"Spada di Uhtred Ultimo Regno"},"content":{"rendered":"<h2>La replica della spada di Uhtred: un pezzo di storia<\/h2>\n<p>In primo luogo, il<strong>La spada di Uhtred<\/strong> Il protagonista della serie \u201cThe Last Kingdom\u201d, \u00e8 pi\u00f9 di una semplice arma, \u00e8 un simbolo di coraggio e onore.<\/p>\n<p>Chiamata \u201cSouffle de Serpent\u201d (\u201cSerpent-Breath\u201d), \u00e8 una compagna costante di Uhtred nelle sue battaglie e avventure. Utilizzata in numerosi duelli e battaglie nel corso della serie, dimostra la sua importanza non solo come arma, ma anche come estensione della personalit\u00e0 di Uhtred.<\/p>\n<h3>La Spada di Uhtred: un artefatto per appassionati<\/h3>\n<p>Questa fedele replica \u00e8 stata accuratamente progettata sulla base dell'arma originale utilizzata nella serie.<\/p>\n<p>Ogni dettaglio della replica \u00e8 stato accuratamente progettato per riflettere la qualit\u00e0 e lo stile dell'epoca, rendendo questa spada un oggetto da collezione ideale per gli appassionati di storia e i fan della serie.<\/p>\n<h2>La tua Spada di Uhtred al miglior rapporto qualit\u00e0\/prezzo<\/h2>\n<p>Su R\u00e9plique Manga Cine, l'accento \u00e8 posto sulla qualit\u00e0 senza compromettere il prezzo. Specializzati nella vendita di repliche di spade medievali e vichinghe di alta qualit\u00e0.  La nostra gamma comprende riproduzioni fedeli delle armi emblematiche tratte da famose serie, film e saghe storiche.<\/p>\n<p>Prendiamo l'esempio dell\u2019<a href=\"https:\/\/repliquemangacine.fr\/it\/spade-serie-tv-vichinghi\/replica-della-spada-di-re-ragnar-lothbrok-della-serie-tv-vikings\/\">La spada di Ragnar Lothbrok<\/a> con la sua lama incisa e il manico ricco di piccoli dettagli. Tra le armi storiche proposte ci sono le<a href=\"https:\/\/repliquemangacine.fr\/it\/spada-templare-medievale\/epee-richard-coeur-de-lion-coeur\/\">spada di Riccardo Cuor di Leone<\/a> con le sue sublimi incisioni di Denix.<\/p>\n<h3>Investire nella qualit\u00e0 senza spendere troppo<\/h3>\n<p>Offriamo un'esperienza unica a collezionisti e appassionati. Permettiamo loro di possedere un pezzo di storia e cultura medievale e vichinga. Con un eccellente rapporto qualit\u00e0-prezzo, le nostre repliche sono ideali per gli appassionati di storia, di cinema e di rievocazioni.<\/p>\n<h2>Come faccio a mantenere la lama della mia spada?<\/h2>\n<p>In primo luogo, le spade da collezione e decorative, fabbricate e assemblate in modo semplificato. Essendo destinate a scopi decorativi, non dispongono degli elementi di sicurezza necessari per una spada giapponese destinata all'allenamento.<\/p>\n<p>Tuttavia, il vostro <strong>Spada di Uhtred <\/strong>nella serie Netflix <a href=\"https:\/\/the-last-kingdom.fandom.com\/wiki\/The_Last_Kingdom_Wiki\" target=\"_blank\" rel=\"noopener noreferrer\">L'ultimo regno<\/a> una lama in acciaio che deve essere curata per evitare che si rovini con il tempo. Infatti, esporrete la vostra spada e i vostri amici saranno curiosi di vedere la lama e di toccarla. \u00c8 qui che bisogna prestare attenzione. Va sottolineato che l'acidit\u00e0 delle dita \u00e8 molto dannosa per l'acciaio, indipendentemente dalla sua qualit\u00e0.<\/p>\n<p>Tuttavia, se ci\u00f2 dovesse accadere, non fatevi prendere dal panico: basta un panno inumidito con un po' di olio per rimuovere le impronte digitali.<br \/>\nIn questo modo, potrete conservare la vostra spada per molto tempo.<\/p>","protected":false},"excerpt":{"rendered":"<p>Superba replica della spada di Utrecht della serie L'ultimo Regno<\/p>\n<ul>\n<li>Lama in acciaio 440 con scanalatura<\/li>\n<li>Manico rivestito in similpelle marrone<\/li>\n<li>Pomello in acciaio che circonda una pietra in resina<\/li>\n<li>Protezione in acciaio massiccio<\/li>\n<li>Fornito con supporto a parete decorato<\/li>\n<li>Lunghezza totale: 100 cm<\/li>\n<\/ul>","protected":false},"featured_media":65786,"template":"","meta":[],"product_brand":[896],"product_cat":[91,66,24,103],"product_tag":[],"class_list":{"0":"post-65781","1":"product","2":"type-product","3":"status-publish","4":"has-post-thumbnail","6":"product_brand-replique-manga-cine","7":"product_cat-katana-les-epees-de-films-et-series","8":"product_cat-repliques-d-armes-films-et-series","9":"product_cat-films-series-tv-vente-de-katana-epee-et-produits-derives","10":"product_cat-armes-et-accessoires-vikings","12":"first","13":"instock","14":"taxable","15":"shipping-taxable","16":"purchasable","17":"product-type-simple"},"yoast_head":"<!-- This site is optimized with the Yoast SEO plugin v27.4 - https:\/\/yoast.com\/product\/yoast-seo-wordpress\/ -->\n<title>\u00c9p\u00e9e d&#039;Uhtred Last Kingdom - R\u00e9plique Manga Cin\u00e9<\/title>\n<meta name=\"description\" content=\"Venez d\u00e9couvrir cette superbe \u00c9p\u00e9e d&#039;Uhtred dans The Last Kingdom au meilleur prix. Lame en acier inox. Poign\u00e9e similicuir. Support mural. L. 100 cm\" \/>\n<meta name=\"robots\" content=\"index, follow, max-snippet:-1, max-image-preview:large, max-video-preview:-1\" \/>\n<link rel=\"canonical\" href=\"https:\/\/repliquemangacine.fr\/it\/film-serie-tv-vendita-di-spade-katana-e-prodotti-correlati\/epee-duhtred-lultimo-regno\/\" \/>\n<meta property=\"og:locale\" content=\"it_IT\" \/>\n<meta property=\"og:type\" content=\"article\" \/>\n<meta property=\"og:title\" content=\"\u00c9p\u00e9e d&#039;Uhtred Last Kingdom - R\u00e9plique Manga Cin\u00e9\" \/>\n<meta property=\"og:description\" content=\"Venez d\u00e9couvrir cette superbe \u00c9p\u00e9e d&#039;Uhtred dans The Last Kingdom au meilleur prix. Lame en acier inox. Poign\u00e9e similicuir. Support mural. L. 100 cm\" \/>\n<meta property=\"og:url\" content=\"https:\/\/repliquemangacine.fr\/it\/film-serie-tv-vendita-di-spade-katana-e-prodotti-correlati\/epee-duhtred-lultimo-regno\/\" \/>\n<meta property=\"og:site_name\" content=\"R\u00e9plique Manga Cin\u00e9\" \/>\n<meta property=\"article:publisher\" content=\"https:\/\/www.facebook.com\/RepliqueMangaCine\" \/>\n<meta property=\"article:modified_time\" content=\"2026-03-04T16:08:07+00:00\" \/>\n<meta property=\"og:image\" content=\"https:\/\/repliquemangacine.fr\/wp-content\/uploads\/2023\/11\/Epee-dUtrecht-the-Last-Kingdom.jpg\" \/>\n\t<meta property=\"og:image:width\" content=\"500\" \/>\n\t<meta property=\"og:image:height\" content=\"500\" \/>\n\t<meta property=\"og:image:type\" content=\"image\/jpeg\" \/>\n<meta name=\"twitter:card\" content=\"summary_large_image\" \/>\n<meta name=\"twitter:label1\" content=\"Tempo di lettura stimato\" \/>\n\t<meta name=\"twitter:data1\" content=\"3 minuti\" \/>\n<script type=\"application\/ld+json\" class=\"yoast-schema-graph\">{\"@context\":\"https:\\\/\\\/schema.org\",\"@graph\":[{\"@type\":\"WebPage\",\"@id\":\"https:\\\/\\\/repliquemangacine.fr\\\/films-series-tv-vente-de-katana-epee-et-produits-derives\\\/epee-duhtred-the-last-kingdom\\\/\",\"url\":\"https:\\\/\\\/repliquemangacine.fr\\\/films-series-tv-vente-de-katana-epee-et-produits-derives\\\/epee-duhtred-the-last-kingdom\\\/\",\"name\":\"\u00c9p\u00e9e d'Uhtred Last Kingdom - R\u00e9plique Manga Cin\u00e9\",\"isPartOf\":{\"@id\":\"https:\\\/\\\/repliquemangacine.fr\\\/#website\"},\"primaryImageOfPage\":{\"@id\":\"https:\\\/\\\/repliquemangacine.fr\\\/films-series-tv-vente-de-katana-epee-et-produits-derives\\\/epee-duhtred-the-last-kingdom\\\/#primaryimage\"},\"image\":{\"@id\":\"https:\\\/\\\/repliquemangacine.fr\\\/films-series-tv-vente-de-katana-epee-et-produits-derives\\\/epee-duhtred-the-last-kingdom\\\/#primaryimage\"},\"thumbnailUrl\":\"https:\\\/\\\/repliquemangacine.fr\\\/wp-content\\\/uploads\\\/2023\\\/11\\\/Epee-dUtrecht-the-Last-Kingdom.jpg\",\"datePublished\":\"2023-11-22T14:49:09+00:00\",\"dateModified\":\"2026-03-04T16:08:07+00:00\",\"description\":\"Venez d\u00e9couvrir cette superbe \u00c9p\u00e9e d'Uhtred dans The Last Kingdom au meilleur prix. Lame en acier inox. Poign\u00e9e similicuir. Support mural. L. 100 cm\",\"breadcrumb\":{\"@id\":\"https:\\\/\\\/repliquemangacine.fr\\\/films-series-tv-vente-de-katana-epee-et-produits-derives\\\/epee-duhtred-the-last-kingdom\\\/#breadcrumb\"},\"inLanguage\":\"it-IT\",\"potentialAction\":[{\"@type\":\"ReadAction\",\"target\":[\"https:\\\/\\\/repliquemangacine.fr\\\/films-series-tv-vente-de-katana-epee-et-produits-derives\\\/epee-duhtred-the-last-kingdom\\\/\"]}]},{\"@type\":\"ImageObject\",\"inLanguage\":\"it-IT\",\"@id\":\"https:\\\/\\\/repliquemangacine.fr\\\/films-series-tv-vente-de-katana-epee-et-produits-derives\\\/epee-duhtred-the-last-kingdom\\\/#primaryimage\",\"url\":\"https:\\\/\\\/repliquemangacine.fr\\\/wp-content\\\/uploads\\\/2023\\\/11\\\/Epee-dUtrecht-the-Last-Kingdom.jpg\",\"contentUrl\":\"https:\\\/\\\/repliquemangacine.fr\\\/wp-content\\\/uploads\\\/2023\\\/11\\\/Epee-dUtrecht-the-Last-Kingdom.jpg\",\"width\":500,\"height\":500,\"caption\":\"\u00c9p\u00e9e Uhtred The Last Kingdom\"},{\"@type\":\"BreadcrumbList\",\"@id\":\"https:\\\/\\\/repliquemangacine.fr\\\/films-series-tv-vente-de-katana-epee-et-produits-derives\\\/epee-duhtred-the-last-kingdom\\\/#breadcrumb\",\"itemListElement\":[{\"@type\":\"ListItem\",\"position\":1,\"name\":\"Accueil\",\"item\":\"https:\\\/\\\/repliquemangacine.fr\\\/\"},{\"@type\":\"ListItem\",\"position\":2,\"name\":\"Produits\",\"item\":\"https:\\\/\\\/repliquemangacine.fr\\\/boutique\\\/\"},{\"@type\":\"ListItem\",\"position\":3,\"name\":\"\u00c9p\u00e9e d&#8217;Uhtred Last Kingdom\"}]},{\"@type\":\"WebSite\",\"@id\":\"https:\\\/\\\/repliquemangacine.fr\\\/#website\",\"url\":\"https:\\\/\\\/repliquemangacine.fr\\\/\",\"name\":\"R\u00e9plique Manga Cin\u00e9\",\"description\":\"\",\"publisher\":{\"@id\":\"https:\\\/\\\/repliquemangacine.fr\\\/#organization\"},\"potentialAction\":[{\"@type\":\"SearchAction\",\"target\":{\"@type\":\"EntryPoint\",\"urlTemplate\":\"https:\\\/\\\/repliquemangacine.fr\\\/?s={search_term_string}\"},\"query-input\":{\"@type\":\"PropertyValueSpecification\",\"valueRequired\":true,\"valueName\":\"search_term_string\"}}],\"inLanguage\":\"it-IT\"},{\"@type\":\"Organization\",\"@id\":\"https:\\\/\\\/repliquemangacine.fr\\\/#organization\",\"name\":\"R\u00e9plique Manga Cin\u00e9\",\"url\":\"https:\\\/\\\/repliquemangacine.fr\\\/\",\"logo\":{\"@type\":\"ImageObject\",\"inLanguage\":\"it-IT\",\"@id\":\"https:\\\/\\\/repliquemangacine.fr\\\/#\\\/schema\\\/logo\\\/image\\\/\",\"url\":\"https:\\\/\\\/repliquemangacine.fr\\\/wp-content\\\/uploads\\\/2023\\\/10\\\/RMC-500250.png\",\"contentUrl\":\"https:\\\/\\\/repliquemangacine.fr\\\/wp-content\\\/uploads\\\/2023\\\/10\\\/RMC-500250.png\",\"width\":500,\"height\":250,\"caption\":\"R\u00e9plique Manga Cin\u00e9\"},\"image\":{\"@id\":\"https:\\\/\\\/repliquemangacine.fr\\\/#\\\/schema\\\/logo\\\/image\\\/\"},\"sameAs\":[\"https:\\\/\\\/www.facebook.com\\\/RepliqueMangaCine\",\"https:\\\/\\\/www.instagram.com\\\/repliquemangacine.fr\\\/\"]}]}<\/script>\n<!-- \/ Yoast SEO plugin. -->","yoast_head_json":{"title":"Spada di Uhtred Ultimo Regno - R\u00e9plique Manga Cin\u00e9","description":"Scoprite questa superba spada di Uhtred in The Last Kingdom al miglior prezzo. Lama in acciaio inossidabile. Impugnatura in similpelle. Supporto da parete. Lunghezza 100 cm","robots":{"index":"index","follow":"follow","max-snippet":"max-snippet:-1","max-image-preview":"max-image-preview:large","max-video-preview":"max-video-preview:-1"},"canonical":"https:\/\/repliquemangacine.fr\/it\/film-serie-tv-vendita-di-spade-katana-e-prodotti-correlati\/epee-duhtred-lultimo-regno\/","og_locale":"it_IT","og_type":"article","og_title":"\u00c9p\u00e9e d'Uhtred Last Kingdom - R\u00e9plique Manga Cin\u00e9","og_description":"Venez d\u00e9couvrir cette superbe \u00c9p\u00e9e d'Uhtred dans The Last Kingdom au meilleur prix. Lame en acier inox. Poign\u00e9e similicuir. Support mural. L. 100 cm","og_url":"https:\/\/repliquemangacine.fr\/it\/film-serie-tv-vendita-di-spade-katana-e-prodotti-correlati\/epee-duhtred-lultimo-regno\/","og_site_name":"R\u00e9plique Manga Cin\u00e9","article_publisher":"https:\/\/www.facebook.com\/RepliqueMangaCine","article_modified_time":"2026-03-04T16:08:07+00:00","og_image":[{"width":500,"height":500,"url":"https:\/\/repliquemangacine.fr\/wp-content\/uploads\/2023\/11\/Epee-dUtrecht-the-Last-Kingdom.jpg","type":"image\/jpeg"}],"twitter_card":"summary_large_image","twitter_misc":{"Tempo di lettura stimato":"3 minuti"},"schema":{"@context":"https:\/\/schema.org","@graph":[{"@type":"WebPage","@id":"https:\/\/repliquemangacine.fr\/films-series-tv-vente-de-katana-epee-et-produits-derives\/epee-duhtred-the-last-kingdom\/","url":"https:\/\/repliquemangacine.fr\/films-series-tv-vente-de-katana-epee-et-produits-derives\/epee-duhtred-the-last-kingdom\/","name":"Spada di Uhtred Ultimo Regno - R\u00e9plique Manga Cin\u00e9","isPartOf":{"@id":"https:\/\/repliquemangacine.fr\/#website"},"primaryImageOfPage":{"@id":"https:\/\/repliquemangacine.fr\/films-series-tv-vente-de-katana-epee-et-produits-derives\/epee-duhtred-the-last-kingdom\/#primaryimage"},"image":{"@id":"https:\/\/repliquemangacine.fr\/films-series-tv-vente-de-katana-epee-et-produits-derives\/epee-duhtred-the-last-kingdom\/#primaryimage"},"thumbnailUrl":"https:\/\/repliquemangacine.fr\/wp-content\/uploads\/2023\/11\/Epee-dUtrecht-the-Last-Kingdom.jpg","datePublished":"2023-11-22T14:49:09+00:00","dateModified":"2026-03-04T16:08:07+00:00","description":"Scoprite questa superba spada di Uhtred in The Last Kingdom al miglior prezzo. Lama in acciaio inossidabile. Impugnatura in similpelle. Supporto da parete. Lunghezza 100 cm","breadcrumb":{"@id":"https:\/\/repliquemangacine.fr\/films-series-tv-vente-de-katana-epee-et-produits-derives\/epee-duhtred-the-last-kingdom\/#breadcrumb"},"inLanguage":"it-IT","potentialAction":[{"@type":"ReadAction","target":["https:\/\/repliquemangacine.fr\/films-series-tv-vente-de-katana-epee-et-produits-derives\/epee-duhtred-the-last-kingdom\/"]}]},{"@type":"ImageObject","inLanguage":"it-IT","@id":"https:\/\/repliquemangacine.fr\/films-series-tv-vente-de-katana-epee-et-produits-derives\/epee-duhtred-the-last-kingdom\/#primaryimage","url":"https:\/\/repliquemangacine.fr\/wp-content\/uploads\/2023\/11\/Epee-dUtrecht-the-Last-Kingdom.jpg","contentUrl":"https:\/\/repliquemangacine.fr\/wp-content\/uploads\/2023\/11\/Epee-dUtrecht-the-Last-Kingdom.jpg","width":500,"height":500,"caption":"\u00c9p\u00e9e Uhtred The Last Kingdom"},{"@type":"BreadcrumbList","@id":"https:\/\/repliquemangacine.fr\/films-series-tv-vente-de-katana-epee-et-produits-derives\/epee-duhtred-the-last-kingdom\/#breadcrumb","itemListElement":[{"@type":"ListItem","position":1,"name":"Accueil","item":"https:\/\/repliquemangacine.fr\/"},{"@type":"ListItem","position":2,"name":"Produits","item":"https:\/\/repliquemangacine.fr\/boutique\/"},{"@type":"ListItem","position":3,"name":"\u00c9p\u00e9e d&#8217;Uhtred Last Kingdom"}]},{"@type":"WebSite","@id":"https:\/\/repliquemangacine.fr\/#website","url":"https:\/\/repliquemangacine.fr\/","name":"R\u00e9plique Manga Cin\u00e9","description":"","publisher":{"@id":"https:\/\/repliquemangacine.fr\/#organization"},"potentialAction":[{"@type":"SearchAction","target":{"@type":"EntryPoint","urlTemplate":"https:\/\/repliquemangacine.fr\/?s={search_term_string}"},"query-input":{"@type":"PropertyValueSpecification","valueRequired":true,"valueName":"search_term_string"}}],"inLanguage":"it-IT"},{"@type":"Organization","@id":"https:\/\/repliquemangacine.fr\/#organization","name":"R\u00e9plique Manga Cin\u00e9","url":"https:\/\/repliquemangacine.fr\/","logo":{"@type":"ImageObject","inLanguage":"it-IT","@id":"https:\/\/repliquemangacine.fr\/#\/schema\/logo\/image\/","url":"https:\/\/repliquemangacine.fr\/wp-content\/uploads\/2023\/10\/RMC-500250.png","contentUrl":"https:\/\/repliquemangacine.fr\/wp-content\/uploads\/2023\/10\/RMC-500250.png","width":500,"height":250,"caption":"R\u00e9plique Manga Cin\u00e9"},"image":{"@id":"https:\/\/repliquemangacine.fr\/#\/schema\/logo\/image\/"},"sameAs":["https:\/\/www.facebook.com\/RepliqueMangaCine","https:\/\/www.instagram.com\/repliquemangacine.fr\/"]}]}},"_links":{"self":[{"href":"https:\/\/repliquemangacine.fr\/it\/wp-json\/wp\/v2\/product\/65781","targetHints":{"allow":["GET"]}}],"collection":[{"href":"https:\/\/repliquemangacine.fr\/it\/wp-json\/wp\/v2\/product"}],"about":[{"href":"https:\/\/repliquemangacine.fr\/it\/wp-json\/wp\/v2\/types\/product"}],"wp:featuredmedia":[{"embeddable":true,"href":"https:\/\/repliquemangacine.fr\/it\/wp-json\/wp\/v2\/media\/65786"}],"wp:attachment":[{"href":"https:\/\/repliquemangacine.fr\/it\/wp-json\/wp\/v2\/media?parent=65781"}],"wp:term":[{"taxonomy":"product_brand","embeddable":true,"href":"https:\/\/repliquemangacine.fr\/it\/wp-json\/wp\/v2\/product_brand?post=65781"},{"taxonomy":"product_cat","embeddable":true,"href":"https:\/\/repliquemangacine.fr\/it\/wp-json\/wp\/v2\/product_cat?post=65781"},{"taxonomy":"product_tag","embeddable":true,"href":"https:\/\/repliquemangacine.fr\/it\/wp-json\/wp\/v2\/product_tag?post=65781"}],"curies":[{"name":"wp","href":"https:\/\/api.w.org\/{rel}","templated":true}]}}