





{"id":65765,"date":"2023-11-22T12:35:02","date_gmt":"2023-11-22T11:35:02","guid":{"rendered":"https:\/\/repliquemangacine.fr\/?post_type=product&#038;p=65765"},"modified":"2025-11-18T15:53:14","modified_gmt":"2025-11-18T14:53:14","slug":"katana-duncan-highlander","status":"publish","type":"product","link":"https:\/\/repliquemangacine.fr\/it\/repliques-d-armes-films-et-series\/katana-duncan-highlander\/","title":{"rendered":"Katana Duncan Highlander"},"content":{"rendered":"<h2>La Katana di Duncan in Highlander: Un'icona di potere<\/h2>\n<p>Per cominciare, la katana di Duncan MacLeod, protagonista della famosa serie \u201cHighlander\u201d, \u00e8 pi\u00f9 di una semplice arma.  Spesso rappresentata come simbolo della sua eredit\u00e0 e della sua identit\u00e0 di Immortale, essa incarna l'onore, la tradizione e la continuit\u00e0 degli insegnamenti del suo popolo.<\/p>\n<p>In \u201c<a href=\"https:\/\/highlander.fandom.com\/fr\/wiki\/Accueil\" target=\"_blank\" rel=\"noopener noreferrer\">Highlander<\/a>\u201c, la katana viene utilizzata in numerosi combattimenti ed \u00e8 fondamentale nella trama. \u00c8 un simbolo della potenza e dell'abilit\u00e0 in combattimento di Duncan.<br \/>\nLa serie sottolinea spesso l'importanza della maestria con la spada nella cultura degli Immortali.<\/p>\n<h3>Una replica per gli appassionati<\/h3>\n<p>La katana di Duncan non \u00e8 famosa solo per il suo ruolo nella serie, ma anche per il suo design elegante e preciso.<\/p>\n<p>Questa katana \u00e8 un tesoro per ogni collezionista della serie. Cattura lo spirito dei samurai e l'aura di mistero degli Immortali.<\/p>\n<h2>Spade in Highlander: Armi Leggendarie<\/h2>\n<p>La serie \u201cHighlander\u201d non si limita alla sola katana di Duncan MacLeod. Essa mette in scena una variet\u00e0 di spade e katana, ognuna con la propria storia e il proprio carisma unico.<\/p>\n<p>Prendiamo il caso dell\u2019<a href=\"https:\/\/repliquemangacine.fr\/it\/spade-katana-da-film-e-serie\/epee-kurgan-highlander\/\">Spada Kurgan<\/a>, si distingue per il suo design imponente e l'aspetto minaccioso. Quest'arma riflette perfettamente la natura spietata e dominante del suo personaggio.<\/p>\n<p>C'\u00e8 anche il<a href=\"https:\/\/repliquemangacine.fr\/it\/spade-katana-da-film-e-serie\/spada-highlander-di-connor-macleod\/\">La spada di Connor MacLeod<\/a>, una spada scozzese, spesso raffigurata come una claymore. Simboleggia le sue origini scozzesi e il suo retaggio.<\/p>\n<p>Queste armi illustrano la diversit\u00e0 delle culture e delle epoche rappresentate nella serie.<\/p>\n<h3>Un panorama di lame storiche e mitiche<\/h3>\n<p>Le spade e i katana presenti in Highlander sono testimonianze dell'immenso patrimonio culturale e storico che la serie cerca di rappresentare.<br \/>\nOgni lama ha una sua personalit\u00e0, che riflette le caratteristiche e la storia di chi la porta.<\/p>\n<h2>Come faccio a mantenere la lama della mia katana Duncan?<\/h2>\n<p>In primo luogo, le katane da collezione e decorative sono realizzate e assemblate in modo semplificato. Poich\u00e9 il loro uso \u00e8 decorativo, non hanno le caratteristiche di sicurezza richieste da una spada giapponese destinata all'allenamento. Tuttavia, la vostra <strong>La katana di Duncan in Highlander<\/strong> una lama in acciaio che deve essere curata per evitare che si danneggi con il tempo. Infatti, esporrete la vostra katana e i vostri amici saranno curiosi di vedere la lama e di toccarla.<\/p>\n<p>\u00c8 qui che bisogna prestare attenzione: \u00e8 importante sottolineare che l'acidit\u00e0 delle dita \u00e8 molto dannosa per l'acciaio, indipendentemente dalla sua qualit\u00e0. Tuttavia, se ci\u00f2 dovesse accadere, non fatevi prendere dal panico, basta un panno inumidito con un po' d'olio per rimuovere le impronte digitali. In questo modo, la vostra spada durer\u00e0 a lungo.<\/p>","protected":false},"excerpt":{"rendered":"<p>Splendida replica della katana di Duncan McLeod in Highlander.<\/p>\n<ul>\n<li>Lama in acciaio inox 440<\/li>\n<li>Maniglia in resina riccamente decorata su entrambi i lati<\/li>\n<li>Pomello in resina a forma di testa di serpente<\/li>\n<li>Fodero laccato nero con decorazioni dorate alle estremit\u00e0.<\/li>\n<li>Lunghezza totale: 104 cm<\/li>\n<\/ul>","protected":false},"featured_media":65767,"template":"","meta":[],"product_brand":[896],"product_cat":[91,66,24],"product_tag":[],"class_list":{"0":"post-65765","1":"product","2":"type-product","3":"status-publish","4":"has-post-thumbnail","6":"product_brand-replique-manga-cine","7":"product_cat-katana-les-epees-de-films-et-series","8":"product_cat-repliques-d-armes-films-et-series","9":"product_cat-films-series-tv-vente-de-katana-epee-et-produits-derives","11":"first","12":"instock","13":"taxable","14":"shipping-taxable","15":"purchasable","16":"product-type-simple"},"yoast_head":"<!-- This site is optimized with the Yoast SEO plugin v27.4 - https:\/\/yoast.com\/product\/yoast-seo-wordpress\/ -->\n<title>Katana Duncan Highlander | R\u00e9plique Manga Cin\u00e9<\/title>\n<meta name=\"description\" content=\"D\u00e9couvrez le magnifique Katana de Duncan dans Highlander au meilleur prix. Lame acier. Poign\u00e9e en r\u00e9sine superbement d\u00e9cor\u00e9e. Pommeau t\u00eate de serpent.\" \/>\n<meta name=\"robots\" content=\"index, follow, max-snippet:-1, max-image-preview:large, max-video-preview:-1\" \/>\n<link rel=\"canonical\" href=\"https:\/\/repliquemangacine.fr\/it\/film-e-serie-di-repliche-di-armi\/katana-duncan-highlander\/\" \/>\n<meta property=\"og:locale\" content=\"it_IT\" \/>\n<meta property=\"og:type\" content=\"article\" \/>\n<meta property=\"og:title\" content=\"Katana Duncan Highlander | R\u00e9plique Manga Cin\u00e9\" \/>\n<meta property=\"og:description\" content=\"D\u00e9couvrez le magnifique Katana de Duncan dans Highlander au meilleur prix. Lame acier. Poign\u00e9e en r\u00e9sine superbement d\u00e9cor\u00e9e. Pommeau t\u00eate de serpent.\" \/>\n<meta property=\"og:url\" content=\"https:\/\/repliquemangacine.fr\/it\/film-e-serie-di-repliche-di-armi\/katana-duncan-highlander\/\" \/>\n<meta property=\"og:site_name\" content=\"R\u00e9plique Manga Cin\u00e9\" \/>\n<meta property=\"article:publisher\" content=\"https:\/\/www.facebook.com\/RepliqueMangaCine\" \/>\n<meta property=\"article:modified_time\" content=\"2025-11-18T14:53:14+00:00\" \/>\n<meta property=\"og:image\" content=\"https:\/\/repliquemangacine.fr\/wp-content\/uploads\/2023\/11\/katana-highlander.jpg\" \/>\n\t<meta property=\"og:image:width\" content=\"500\" \/>\n\t<meta property=\"og:image:height\" content=\"500\" \/>\n\t<meta property=\"og:image:type\" content=\"image\/jpeg\" \/>\n<meta name=\"twitter:card\" content=\"summary_large_image\" \/>\n<meta name=\"twitter:label1\" content=\"Tempo di lettura stimato\" \/>\n\t<meta name=\"twitter:data1\" content=\"3 minuti\" \/>\n<script type=\"application\/ld+json\" class=\"yoast-schema-graph\">{\"@context\":\"https:\\\/\\\/schema.org\",\"@graph\":[{\"@type\":\"WebPage\",\"@id\":\"https:\\\/\\\/repliquemangacine.fr\\\/repliques-d-armes-films-et-series\\\/katana-duncan-highlander\\\/\",\"url\":\"https:\\\/\\\/repliquemangacine.fr\\\/repliques-d-armes-films-et-series\\\/katana-duncan-highlander\\\/\",\"name\":\"Katana Duncan Highlander | R\u00e9plique Manga Cin\u00e9\",\"isPartOf\":{\"@id\":\"https:\\\/\\\/repliquemangacine.fr\\\/#website\"},\"primaryImageOfPage\":{\"@id\":\"https:\\\/\\\/repliquemangacine.fr\\\/repliques-d-armes-films-et-series\\\/katana-duncan-highlander\\\/#primaryimage\"},\"image\":{\"@id\":\"https:\\\/\\\/repliquemangacine.fr\\\/repliques-d-armes-films-et-series\\\/katana-duncan-highlander\\\/#primaryimage\"},\"thumbnailUrl\":\"https:\\\/\\\/repliquemangacine.fr\\\/wp-content\\\/uploads\\\/2023\\\/11\\\/katana-highlander.jpg\",\"datePublished\":\"2023-11-22T11:35:02+00:00\",\"dateModified\":\"2025-11-18T14:53:14+00:00\",\"description\":\"D\u00e9couvrez le magnifique Katana de Duncan dans Highlander au meilleur prix. Lame acier. Poign\u00e9e en r\u00e9sine superbement d\u00e9cor\u00e9e. Pommeau t\u00eate de serpent.\",\"breadcrumb\":{\"@id\":\"https:\\\/\\\/repliquemangacine.fr\\\/repliques-d-armes-films-et-series\\\/katana-duncan-highlander\\\/#breadcrumb\"},\"inLanguage\":\"it-IT\",\"potentialAction\":[{\"@type\":\"ReadAction\",\"target\":[\"https:\\\/\\\/repliquemangacine.fr\\\/repliques-d-armes-films-et-series\\\/katana-duncan-highlander\\\/\"]}]},{\"@type\":\"ImageObject\",\"inLanguage\":\"it-IT\",\"@id\":\"https:\\\/\\\/repliquemangacine.fr\\\/repliques-d-armes-films-et-series\\\/katana-duncan-highlander\\\/#primaryimage\",\"url\":\"https:\\\/\\\/repliquemangacine.fr\\\/wp-content\\\/uploads\\\/2023\\\/11\\\/katana-highlander.jpg\",\"contentUrl\":\"https:\\\/\\\/repliquemangacine.fr\\\/wp-content\\\/uploads\\\/2023\\\/11\\\/katana-highlander.jpg\",\"width\":500,\"height\":500,\"caption\":\"Katana Duncan Highlander\"},{\"@type\":\"BreadcrumbList\",\"@id\":\"https:\\\/\\\/repliquemangacine.fr\\\/repliques-d-armes-films-et-series\\\/katana-duncan-highlander\\\/#breadcrumb\",\"itemListElement\":[{\"@type\":\"ListItem\",\"position\":1,\"name\":\"Accueil\",\"item\":\"https:\\\/\\\/repliquemangacine.fr\\\/\"},{\"@type\":\"ListItem\",\"position\":2,\"name\":\"Produits\",\"item\":\"https:\\\/\\\/repliquemangacine.fr\\\/boutique\\\/\"},{\"@type\":\"ListItem\",\"position\":3,\"name\":\"Katana Duncan Highlander\"}]},{\"@type\":\"WebSite\",\"@id\":\"https:\\\/\\\/repliquemangacine.fr\\\/#website\",\"url\":\"https:\\\/\\\/repliquemangacine.fr\\\/\",\"name\":\"R\u00e9plique Manga Cin\u00e9\",\"description\":\"\",\"publisher\":{\"@id\":\"https:\\\/\\\/repliquemangacine.fr\\\/#organization\"},\"potentialAction\":[{\"@type\":\"SearchAction\",\"target\":{\"@type\":\"EntryPoint\",\"urlTemplate\":\"https:\\\/\\\/repliquemangacine.fr\\\/?s={search_term_string}\"},\"query-input\":{\"@type\":\"PropertyValueSpecification\",\"valueRequired\":true,\"valueName\":\"search_term_string\"}}],\"inLanguage\":\"it-IT\"},{\"@type\":\"Organization\",\"@id\":\"https:\\\/\\\/repliquemangacine.fr\\\/#organization\",\"name\":\"R\u00e9plique Manga Cin\u00e9\",\"url\":\"https:\\\/\\\/repliquemangacine.fr\\\/\",\"logo\":{\"@type\":\"ImageObject\",\"inLanguage\":\"it-IT\",\"@id\":\"https:\\\/\\\/repliquemangacine.fr\\\/#\\\/schema\\\/logo\\\/image\\\/\",\"url\":\"https:\\\/\\\/repliquemangacine.fr\\\/wp-content\\\/uploads\\\/2023\\\/10\\\/RMC-500250.png\",\"contentUrl\":\"https:\\\/\\\/repliquemangacine.fr\\\/wp-content\\\/uploads\\\/2023\\\/10\\\/RMC-500250.png\",\"width\":500,\"height\":250,\"caption\":\"R\u00e9plique Manga Cin\u00e9\"},\"image\":{\"@id\":\"https:\\\/\\\/repliquemangacine.fr\\\/#\\\/schema\\\/logo\\\/image\\\/\"},\"sameAs\":[\"https:\\\/\\\/www.facebook.com\\\/RepliqueMangaCine\",\"https:\\\/\\\/www.instagram.com\\\/repliquemangacine.fr\\\/\"]}]}<\/script>\n<!-- \/ Yoast SEO plugin. -->","yoast_head_json":{"title":"Katana Duncan Highlander | R\u00e9plique Manga Cin\u00e9","description":"Scoprite la magnifica Katana di Duncan in Highlander al miglior prezzo. Lama in acciaio. Manico in resina superbamente decorato. Pomo a testa di serpente.","robots":{"index":"index","follow":"follow","max-snippet":"max-snippet:-1","max-image-preview":"max-image-preview:large","max-video-preview":"max-video-preview:-1"},"canonical":"https:\/\/repliquemangacine.fr\/it\/film-e-serie-di-repliche-di-armi\/katana-duncan-highlander\/","og_locale":"it_IT","og_type":"article","og_title":"Katana Duncan Highlander | R\u00e9plique Manga Cin\u00e9","og_description":"D\u00e9couvrez le magnifique Katana de Duncan dans Highlander au meilleur prix. Lame acier. Poign\u00e9e en r\u00e9sine superbement d\u00e9cor\u00e9e. Pommeau t\u00eate de serpent.","og_url":"https:\/\/repliquemangacine.fr\/it\/film-e-serie-di-repliche-di-armi\/katana-duncan-highlander\/","og_site_name":"R\u00e9plique Manga Cin\u00e9","article_publisher":"https:\/\/www.facebook.com\/RepliqueMangaCine","article_modified_time":"2025-11-18T14:53:14+00:00","og_image":[{"width":500,"height":500,"url":"https:\/\/repliquemangacine.fr\/wp-content\/uploads\/2023\/11\/katana-highlander.jpg","type":"image\/jpeg"}],"twitter_card":"summary_large_image","twitter_misc":{"Tempo di lettura stimato":"3 minuti"},"schema":{"@context":"https:\/\/schema.org","@graph":[{"@type":"WebPage","@id":"https:\/\/repliquemangacine.fr\/repliques-d-armes-films-et-series\/katana-duncan-highlander\/","url":"https:\/\/repliquemangacine.fr\/repliques-d-armes-films-et-series\/katana-duncan-highlander\/","name":"Katana Duncan Highlander | R\u00e9plique Manga Cin\u00e9","isPartOf":{"@id":"https:\/\/repliquemangacine.fr\/#website"},"primaryImageOfPage":{"@id":"https:\/\/repliquemangacine.fr\/repliques-d-armes-films-et-series\/katana-duncan-highlander\/#primaryimage"},"image":{"@id":"https:\/\/repliquemangacine.fr\/repliques-d-armes-films-et-series\/katana-duncan-highlander\/#primaryimage"},"thumbnailUrl":"https:\/\/repliquemangacine.fr\/wp-content\/uploads\/2023\/11\/katana-highlander.jpg","datePublished":"2023-11-22T11:35:02+00:00","dateModified":"2025-11-18T14:53:14+00:00","description":"Scoprite la magnifica Katana di Duncan in Highlander al miglior prezzo. Lama in acciaio. Manico in resina superbamente decorato. Pomo a testa di serpente.","breadcrumb":{"@id":"https:\/\/repliquemangacine.fr\/repliques-d-armes-films-et-series\/katana-duncan-highlander\/#breadcrumb"},"inLanguage":"it-IT","potentialAction":[{"@type":"ReadAction","target":["https:\/\/repliquemangacine.fr\/repliques-d-armes-films-et-series\/katana-duncan-highlander\/"]}]},{"@type":"ImageObject","inLanguage":"it-IT","@id":"https:\/\/repliquemangacine.fr\/repliques-d-armes-films-et-series\/katana-duncan-highlander\/#primaryimage","url":"https:\/\/repliquemangacine.fr\/wp-content\/uploads\/2023\/11\/katana-highlander.jpg","contentUrl":"https:\/\/repliquemangacine.fr\/wp-content\/uploads\/2023\/11\/katana-highlander.jpg","width":500,"height":500,"caption":"Katana Duncan Highlander"},{"@type":"BreadcrumbList","@id":"https:\/\/repliquemangacine.fr\/repliques-d-armes-films-et-series\/katana-duncan-highlander\/#breadcrumb","itemListElement":[{"@type":"ListItem","position":1,"name":"Accueil","item":"https:\/\/repliquemangacine.fr\/"},{"@type":"ListItem","position":2,"name":"Produits","item":"https:\/\/repliquemangacine.fr\/boutique\/"},{"@type":"ListItem","position":3,"name":"Katana Duncan Highlander"}]},{"@type":"WebSite","@id":"https:\/\/repliquemangacine.fr\/#website","url":"https:\/\/repliquemangacine.fr\/","name":"R\u00e9plique Manga Cin\u00e9","description":"","publisher":{"@id":"https:\/\/repliquemangacine.fr\/#organization"},"potentialAction":[{"@type":"SearchAction","target":{"@type":"EntryPoint","urlTemplate":"https:\/\/repliquemangacine.fr\/?s={search_term_string}"},"query-input":{"@type":"PropertyValueSpecification","valueRequired":true,"valueName":"search_term_string"}}],"inLanguage":"it-IT"},{"@type":"Organization","@id":"https:\/\/repliquemangacine.fr\/#organization","name":"R\u00e9plique Manga Cin\u00e9","url":"https:\/\/repliquemangacine.fr\/","logo":{"@type":"ImageObject","inLanguage":"it-IT","@id":"https:\/\/repliquemangacine.fr\/#\/schema\/logo\/image\/","url":"https:\/\/repliquemangacine.fr\/wp-content\/uploads\/2023\/10\/RMC-500250.png","contentUrl":"https:\/\/repliquemangacine.fr\/wp-content\/uploads\/2023\/10\/RMC-500250.png","width":500,"height":250,"caption":"R\u00e9plique Manga Cin\u00e9"},"image":{"@id":"https:\/\/repliquemangacine.fr\/#\/schema\/logo\/image\/"},"sameAs":["https:\/\/www.facebook.com\/RepliqueMangaCine","https:\/\/www.instagram.com\/repliquemangacine.fr\/"]}]}},"_links":{"self":[{"href":"https:\/\/repliquemangacine.fr\/it\/wp-json\/wp\/v2\/product\/65765","targetHints":{"allow":["GET"]}}],"collection":[{"href":"https:\/\/repliquemangacine.fr\/it\/wp-json\/wp\/v2\/product"}],"about":[{"href":"https:\/\/repliquemangacine.fr\/it\/wp-json\/wp\/v2\/types\/product"}],"wp:featuredmedia":[{"embeddable":true,"href":"https:\/\/repliquemangacine.fr\/it\/wp-json\/wp\/v2\/media\/65767"}],"wp:attachment":[{"href":"https:\/\/repliquemangacine.fr\/it\/wp-json\/wp\/v2\/media?parent=65765"}],"wp:term":[{"taxonomy":"product_brand","embeddable":true,"href":"https:\/\/repliquemangacine.fr\/it\/wp-json\/wp\/v2\/product_brand?post=65765"},{"taxonomy":"product_cat","embeddable":true,"href":"https:\/\/repliquemangacine.fr\/it\/wp-json\/wp\/v2\/product_cat?post=65765"},{"taxonomy":"product_tag","embeddable":true,"href":"https:\/\/repliquemangacine.fr\/it\/wp-json\/wp\/v2\/product_tag?post=65765"}],"curies":[{"name":"wp","href":"https:\/\/api.w.org\/{rel}","templated":true}]}}