





{"id":65741,"date":"2023-11-21T18:20:35","date_gmt":"2023-11-21T17:20:35","guid":{"rendered":"https:\/\/repliquemangacine.fr\/?post_type=product&#038;p=65741"},"modified":"2025-12-30T21:14:10","modified_gmt":"2025-12-30T20:14:10","slug":"spada-heartsbane-game-of-thrones","status":"publish","type":"product","link":"https:\/\/repliquemangacine.fr\/it\/game-of-thrones\/epee-heartsbane-game-of-thrones\/","title":{"rendered":"Spada Heartsbane Game of Thrones"},"content":{"rendered":"<h2>La spada di Heartsbane in Game of Thrones<\/h2>\n<p>In primo luogo, il<strong>Spada Heartsbane<\/strong>o <a href=\"https:\/\/gameofthrones.fandom.com\/fr\/wiki\/Corvenin\" target=\"_blank\" rel=\"noopener noreferrer\">Corvenin<\/a> in francese, occupa un posto di rilievo nell'universo di \u201cGame of Thrones\u201d. Questa spada ancestrale, simbolo della casata Tarly, \u00e8 forgiata in acciaio valyriano, un materiale raro ed estremamente resistente.<\/p>\n<p>Per secoli, Corvenin \u00e8 appartenuta alla casata dei Tarly. Era appesa sopra il camino della dimora della famiglia prima che Samwell la rubasse. La regala a Jorah Mormont affinch\u00e9 la usi durante la battaglia contro gli Estranei.<\/p>\n<h3>Un simbolo di potere e tradizione<\/h3>\n<p>Nella serie, Heartsbane rappresenta molto pi\u00f9 di una semplice arma. Incarna l'orgoglio e l'onore della casata Tarly, tramandati di generazione in generazione.<\/p>\n<p>La sua presenza nella serie sottolinea l'importanza dell'eredit\u00e0 e del potere all'interno delle grandi casate di Westeros.<\/p>\n<h2>Spade di Game of Thrones a prezzi convenienti<\/h2>\n<p>R\u00e9plique Manga Cin\u00e9 presenta un'accattivante collezione di spade di \u201cGame of Thrones\u201d, che unisce qualit\u00e0 e prezzi vantaggiosi. Questa selezione \u00e8 ideale per i fan che cercano sia l'autenticit\u00e0 che l'accessibilit\u00e0.<\/p>\n<p>La nostra gamma comprende pezzi iconici come l\u2019<a href=\"https:\/\/repliquemangacine.fr\/it\/spade-di-game-of-thrones\/ago-della-spada-arya-stark-game-of-thrones\/\">Spada ad ago di Arya<\/a> Stark, il famoso Oathkeeper di Brienne de Tarth, e naturalmente il famoso <a href=\"https:\/\/repliquemangacine.fr\/it\/spade-di-game-of-thrones\/spada-jon-snow-grande-game-of-thrones-etichetta\/\">La spada di Jon Snow Grand-Griffe<\/a>.<\/p>\n<h3>Qualit\u00e0 e precisione della replica<\/h3>\n<p>Realizzate con i migliori materiali, queste spade non sono solo oggetti da collezione, ma veri e propri gioielli per i fan della serie. La loro meticolosa lavorazione garantisce la fedelt\u00e0 ai dettagli visti nella serie, con incisioni complesse e finiture di alta qualit\u00e0.<\/p>\n<p>Noi di RMC siamo orgogliosi di offrire queste spade iconiche a prezzi accessibili. Permettiamo cos\u00ec agli appassionati di \u201cGame of Thrones\u201d di possedere un pezzo della loro serie preferita senza compromettere la qualit\u00e0.<\/p>\n<h2>Come faccio a mantenere la lama della mia spada Heartsbane?<\/h2>\n<p>In primo luogo, spade da collezione e decorative, realizzate e assemblate in modo semplificato. Poich\u00e9 il loro uso \u00e8 decorativo, non hanno le caratteristiche di sicurezza richieste da una spada giapponese destinata all'allenamento. Tuttavia, la vostra <strong>Spada Heartsbane<\/strong> in Game of Thrones a una lama in acciaio che deve essere curata per evitare che si rovini con il tempo.<\/p>\n<p>Infatti, quando esporrete la vostra spada, i vostri amici saranno curiosi di vedere la lama e di toccarla. \u00c8 qui che bisogna prestare attenzione. \u00c8 importante sottolineare che l'acidit\u00e0 delle dita \u00e8 molto dannosa per l'acciaio, indipendentemente dalla sua qualit\u00e0.<\/p>\n<p>Tuttavia, se ci\u00f2 dovesse accadere, non fatevi prendere dal panico: basta un panno inumidito con un po' di olio per rimuovere le impronte digitali. In questo modo, la vostra spada durer\u00e0 a lungo.<\/p>","protected":false},"excerpt":{"rendered":"<p>Splendida replica della spada Heartsbane della Casa Tarly in Game of Thrones<\/p>\n<ul>\n<li>Lama in acciaio inox con scanalatura<\/li>\n<li>Guardia di bronzo in acciaio, finemente decorata con due arcieri<\/li>\n<li>Pomello in acciaio massiccio con finitura bronzo<\/li>\n<li>Maniglia in legno<\/li>\n<li>Fornito con una targa da parete in legno raffigurante un arciere.<\/li>\n<li>Lunghezza lama 82 cm - Lunghezza totale: 107 cm<\/li>\n<li>Peso: 1875 gr<\/li>\n<\/ul>","protected":false},"featured_media":75704,"template":"","meta":[],"product_brand":[896],"product_cat":[72,47],"product_tag":[],"class_list":{"0":"post-65741","1":"product","2":"type-product","3":"status-publish","4":"has-post-thumbnail","6":"product_brand-replique-manga-cine","7":"product_cat-epees-game-of-thrones","8":"product_cat-game-of-thrones","10":"first","11":"instock","12":"sale","13":"taxable","14":"shipping-taxable","15":"purchasable","16":"product-type-simple"},"yoast_head":"<!-- This site is optimized with the Yoast SEO plugin v27.4 - https:\/\/yoast.com\/product\/yoast-seo-wordpress\/ -->\n<title>\u00c9p\u00e9e Heartsbane Game of Thrones | R\u00e9plique Manga Cin\u00e9<\/title>\n<meta name=\"description\" content=\"D\u00e9couvrez cette superbe r\u00e9plique de l&#039;\u00c9p\u00e9e Heartsbane dans Game of Thrones au meilleur prix. Lame en acier. Garde en m\u00e9tal finement d\u00e9cor\u00e9e. L. 120 cm\" \/>\n<meta name=\"robots\" content=\"index, follow, max-snippet:-1, max-image-preview:large, max-video-preview:-1\" \/>\n<link rel=\"canonical\" href=\"https:\/\/repliquemangacine.fr\/it\/gioco-del-trono\/spada-heartsbane-game-of-thrones\/\" \/>\n<meta property=\"og:locale\" content=\"it_IT\" \/>\n<meta property=\"og:type\" content=\"article\" \/>\n<meta property=\"og:title\" content=\"\u00c9p\u00e9e Heartsbane Game of Thrones | R\u00e9plique Manga Cin\u00e9\" \/>\n<meta property=\"og:description\" content=\"D\u00e9couvrez cette superbe r\u00e9plique de l&#039;\u00c9p\u00e9e Heartsbane dans Game of Thrones au meilleur prix. Lame en acier. Garde en m\u00e9tal finement d\u00e9cor\u00e9e. L. 120 cm\" \/>\n<meta property=\"og:url\" content=\"https:\/\/repliquemangacine.fr\/it\/gioco-del-trono\/spada-heartsbane-game-of-thrones\/\" \/>\n<meta property=\"og:site_name\" content=\"R\u00e9plique Manga Cin\u00e9\" \/>\n<meta property=\"article:publisher\" content=\"https:\/\/www.facebook.com\/RepliqueMangaCine\" \/>\n<meta property=\"article:modified_time\" content=\"2025-12-30T20:14:10+00:00\" \/>\n<meta property=\"og:image\" content=\"https:\/\/repliquemangacine.fr\/wp-content\/uploads\/2023\/11\/epee-tally.jpg\" \/>\n\t<meta property=\"og:image:width\" content=\"500\" \/>\n\t<meta property=\"og:image:height\" content=\"500\" \/>\n\t<meta property=\"og:image:type\" content=\"image\/jpeg\" \/>\n<meta name=\"twitter:card\" content=\"summary_large_image\" \/>\n<meta name=\"twitter:label1\" content=\"Tempo di lettura stimato\" \/>\n\t<meta name=\"twitter:data1\" content=\"3 minuti\" \/>\n<script type=\"application\/ld+json\" class=\"yoast-schema-graph\">{\"@context\":\"https:\\\/\\\/schema.org\",\"@graph\":[{\"@type\":\"WebPage\",\"@id\":\"https:\\\/\\\/repliquemangacine.fr\\\/game-of-thrones\\\/epee-heartsbane-game-of-thrones\\\/\",\"url\":\"https:\\\/\\\/repliquemangacine.fr\\\/game-of-thrones\\\/epee-heartsbane-game-of-thrones\\\/\",\"name\":\"\u00c9p\u00e9e Heartsbane Game of Thrones | R\u00e9plique Manga Cin\u00e9\",\"isPartOf\":{\"@id\":\"https:\\\/\\\/repliquemangacine.fr\\\/#website\"},\"primaryImageOfPage\":{\"@id\":\"https:\\\/\\\/repliquemangacine.fr\\\/game-of-thrones\\\/epee-heartsbane-game-of-thrones\\\/#primaryimage\"},\"image\":{\"@id\":\"https:\\\/\\\/repliquemangacine.fr\\\/game-of-thrones\\\/epee-heartsbane-game-of-thrones\\\/#primaryimage\"},\"thumbnailUrl\":\"https:\\\/\\\/repliquemangacine.fr\\\/wp-content\\\/uploads\\\/2023\\\/11\\\/epee-tally.jpg\",\"datePublished\":\"2023-11-21T17:20:35+00:00\",\"dateModified\":\"2025-12-30T20:14:10+00:00\",\"description\":\"D\u00e9couvrez cette superbe r\u00e9plique de l'\u00c9p\u00e9e Heartsbane dans Game of Thrones au meilleur prix. Lame en acier. Garde en m\u00e9tal finement d\u00e9cor\u00e9e. L. 120 cm\",\"breadcrumb\":{\"@id\":\"https:\\\/\\\/repliquemangacine.fr\\\/game-of-thrones\\\/epee-heartsbane-game-of-thrones\\\/#breadcrumb\"},\"inLanguage\":\"it-IT\",\"potentialAction\":[{\"@type\":\"ReadAction\",\"target\":[\"https:\\\/\\\/repliquemangacine.fr\\\/game-of-thrones\\\/epee-heartsbane-game-of-thrones\\\/\"]}]},{\"@type\":\"ImageObject\",\"inLanguage\":\"it-IT\",\"@id\":\"https:\\\/\\\/repliquemangacine.fr\\\/game-of-thrones\\\/epee-heartsbane-game-of-thrones\\\/#primaryimage\",\"url\":\"https:\\\/\\\/repliquemangacine.fr\\\/wp-content\\\/uploads\\\/2023\\\/11\\\/epee-tally.jpg\",\"contentUrl\":\"https:\\\/\\\/repliquemangacine.fr\\\/wp-content\\\/uploads\\\/2023\\\/11\\\/epee-tally.jpg\",\"width\":500,\"height\":500,\"caption\":\"\u00c9p\u00e9e Heartsbane Game of Thrones Maison Tarly\"},{\"@type\":\"BreadcrumbList\",\"@id\":\"https:\\\/\\\/repliquemangacine.fr\\\/game-of-thrones\\\/epee-heartsbane-game-of-thrones\\\/#breadcrumb\",\"itemListElement\":[{\"@type\":\"ListItem\",\"position\":1,\"name\":\"Accueil\",\"item\":\"https:\\\/\\\/repliquemangacine.fr\\\/\"},{\"@type\":\"ListItem\",\"position\":2,\"name\":\"Produits\",\"item\":\"https:\\\/\\\/repliquemangacine.fr\\\/boutique\\\/\"},{\"@type\":\"ListItem\",\"position\":3,\"name\":\"\u00c9p\u00e9e Heartsbane Game of Thrones\"}]},{\"@type\":\"WebSite\",\"@id\":\"https:\\\/\\\/repliquemangacine.fr\\\/#website\",\"url\":\"https:\\\/\\\/repliquemangacine.fr\\\/\",\"name\":\"R\u00e9plique Manga Cin\u00e9\",\"description\":\"\",\"publisher\":{\"@id\":\"https:\\\/\\\/repliquemangacine.fr\\\/#organization\"},\"potentialAction\":[{\"@type\":\"SearchAction\",\"target\":{\"@type\":\"EntryPoint\",\"urlTemplate\":\"https:\\\/\\\/repliquemangacine.fr\\\/?s={search_term_string}\"},\"query-input\":{\"@type\":\"PropertyValueSpecification\",\"valueRequired\":true,\"valueName\":\"search_term_string\"}}],\"inLanguage\":\"it-IT\"},{\"@type\":\"Organization\",\"@id\":\"https:\\\/\\\/repliquemangacine.fr\\\/#organization\",\"name\":\"R\u00e9plique Manga Cin\u00e9\",\"url\":\"https:\\\/\\\/repliquemangacine.fr\\\/\",\"logo\":{\"@type\":\"ImageObject\",\"inLanguage\":\"it-IT\",\"@id\":\"https:\\\/\\\/repliquemangacine.fr\\\/#\\\/schema\\\/logo\\\/image\\\/\",\"url\":\"https:\\\/\\\/repliquemangacine.fr\\\/wp-content\\\/uploads\\\/2023\\\/10\\\/RMC-500250.png\",\"contentUrl\":\"https:\\\/\\\/repliquemangacine.fr\\\/wp-content\\\/uploads\\\/2023\\\/10\\\/RMC-500250.png\",\"width\":500,\"height\":250,\"caption\":\"R\u00e9plique Manga Cin\u00e9\"},\"image\":{\"@id\":\"https:\\\/\\\/repliquemangacine.fr\\\/#\\\/schema\\\/logo\\\/image\\\/\"},\"sameAs\":[\"https:\\\/\\\/www.facebook.com\\\/RepliqueMangaCine\",\"https:\\\/\\\/www.instagram.com\\\/repliquemangacine.fr\\\/\"]}]}<\/script>\n<!-- \/ Yoast SEO plugin. -->","yoast_head_json":{"title":"Spada Heartsbane Game of Thrones | R\u00e9plique Manga Cin\u00e9","description":"Scoprite questa superba replica della spada Heartsbane di Game of Thrones al miglior prezzo. Lama in acciaio. Guardia in metallo finemente decorata. Lunghezza 120 cm","robots":{"index":"index","follow":"follow","max-snippet":"max-snippet:-1","max-image-preview":"max-image-preview:large","max-video-preview":"max-video-preview:-1"},"canonical":"https:\/\/repliquemangacine.fr\/it\/gioco-del-trono\/spada-heartsbane-game-of-thrones\/","og_locale":"it_IT","og_type":"article","og_title":"\u00c9p\u00e9e Heartsbane Game of Thrones | R\u00e9plique Manga Cin\u00e9","og_description":"D\u00e9couvrez cette superbe r\u00e9plique de l'\u00c9p\u00e9e Heartsbane dans Game of Thrones au meilleur prix. Lame en acier. Garde en m\u00e9tal finement d\u00e9cor\u00e9e. L. 120 cm","og_url":"https:\/\/repliquemangacine.fr\/it\/gioco-del-trono\/spada-heartsbane-game-of-thrones\/","og_site_name":"R\u00e9plique Manga Cin\u00e9","article_publisher":"https:\/\/www.facebook.com\/RepliqueMangaCine","article_modified_time":"2025-12-30T20:14:10+00:00","og_image":[{"width":500,"height":500,"url":"https:\/\/repliquemangacine.fr\/wp-content\/uploads\/2023\/11\/epee-tally.jpg","type":"image\/jpeg"}],"twitter_card":"summary_large_image","twitter_misc":{"Tempo di lettura stimato":"3 minuti"},"schema":{"@context":"https:\/\/schema.org","@graph":[{"@type":"WebPage","@id":"https:\/\/repliquemangacine.fr\/game-of-thrones\/epee-heartsbane-game-of-thrones\/","url":"https:\/\/repliquemangacine.fr\/game-of-thrones\/epee-heartsbane-game-of-thrones\/","name":"Spada Heartsbane Game of Thrones | R\u00e9plique Manga Cin\u00e9","isPartOf":{"@id":"https:\/\/repliquemangacine.fr\/#website"},"primaryImageOfPage":{"@id":"https:\/\/repliquemangacine.fr\/game-of-thrones\/epee-heartsbane-game-of-thrones\/#primaryimage"},"image":{"@id":"https:\/\/repliquemangacine.fr\/game-of-thrones\/epee-heartsbane-game-of-thrones\/#primaryimage"},"thumbnailUrl":"https:\/\/repliquemangacine.fr\/wp-content\/uploads\/2023\/11\/epee-tally.jpg","datePublished":"2023-11-21T17:20:35+00:00","dateModified":"2025-12-30T20:14:10+00:00","description":"Scoprite questa superba replica della spada Heartsbane di Game of Thrones al miglior prezzo. Lama in acciaio. Guardia in metallo finemente decorata. Lunghezza 120 cm","breadcrumb":{"@id":"https:\/\/repliquemangacine.fr\/game-of-thrones\/epee-heartsbane-game-of-thrones\/#breadcrumb"},"inLanguage":"it-IT","potentialAction":[{"@type":"ReadAction","target":["https:\/\/repliquemangacine.fr\/game-of-thrones\/epee-heartsbane-game-of-thrones\/"]}]},{"@type":"ImageObject","inLanguage":"it-IT","@id":"https:\/\/repliquemangacine.fr\/game-of-thrones\/epee-heartsbane-game-of-thrones\/#primaryimage","url":"https:\/\/repliquemangacine.fr\/wp-content\/uploads\/2023\/11\/epee-tally.jpg","contentUrl":"https:\/\/repliquemangacine.fr\/wp-content\/uploads\/2023\/11\/epee-tally.jpg","width":500,"height":500,"caption":"\u00c9p\u00e9e Heartsbane Game of Thrones Maison Tarly"},{"@type":"BreadcrumbList","@id":"https:\/\/repliquemangacine.fr\/game-of-thrones\/epee-heartsbane-game-of-thrones\/#breadcrumb","itemListElement":[{"@type":"ListItem","position":1,"name":"Accueil","item":"https:\/\/repliquemangacine.fr\/"},{"@type":"ListItem","position":2,"name":"Produits","item":"https:\/\/repliquemangacine.fr\/boutique\/"},{"@type":"ListItem","position":3,"name":"\u00c9p\u00e9e Heartsbane Game of Thrones"}]},{"@type":"WebSite","@id":"https:\/\/repliquemangacine.fr\/#website","url":"https:\/\/repliquemangacine.fr\/","name":"R\u00e9plique Manga Cin\u00e9","description":"","publisher":{"@id":"https:\/\/repliquemangacine.fr\/#organization"},"potentialAction":[{"@type":"SearchAction","target":{"@type":"EntryPoint","urlTemplate":"https:\/\/repliquemangacine.fr\/?s={search_term_string}"},"query-input":{"@type":"PropertyValueSpecification","valueRequired":true,"valueName":"search_term_string"}}],"inLanguage":"it-IT"},{"@type":"Organization","@id":"https:\/\/repliquemangacine.fr\/#organization","name":"R\u00e9plique Manga Cin\u00e9","url":"https:\/\/repliquemangacine.fr\/","logo":{"@type":"ImageObject","inLanguage":"it-IT","@id":"https:\/\/repliquemangacine.fr\/#\/schema\/logo\/image\/","url":"https:\/\/repliquemangacine.fr\/wp-content\/uploads\/2023\/10\/RMC-500250.png","contentUrl":"https:\/\/repliquemangacine.fr\/wp-content\/uploads\/2023\/10\/RMC-500250.png","width":500,"height":250,"caption":"R\u00e9plique Manga Cin\u00e9"},"image":{"@id":"https:\/\/repliquemangacine.fr\/#\/schema\/logo\/image\/"},"sameAs":["https:\/\/www.facebook.com\/RepliqueMangaCine","https:\/\/www.instagram.com\/repliquemangacine.fr\/"]}]}},"_links":{"self":[{"href":"https:\/\/repliquemangacine.fr\/it\/wp-json\/wp\/v2\/product\/65741","targetHints":{"allow":["GET"]}}],"collection":[{"href":"https:\/\/repliquemangacine.fr\/it\/wp-json\/wp\/v2\/product"}],"about":[{"href":"https:\/\/repliquemangacine.fr\/it\/wp-json\/wp\/v2\/types\/product"}],"wp:featuredmedia":[{"embeddable":true,"href":"https:\/\/repliquemangacine.fr\/it\/wp-json\/wp\/v2\/media\/75704"}],"wp:attachment":[{"href":"https:\/\/repliquemangacine.fr\/it\/wp-json\/wp\/v2\/media?parent=65741"}],"wp:term":[{"taxonomy":"product_brand","embeddable":true,"href":"https:\/\/repliquemangacine.fr\/it\/wp-json\/wp\/v2\/product_brand?post=65741"},{"taxonomy":"product_cat","embeddable":true,"href":"https:\/\/repliquemangacine.fr\/it\/wp-json\/wp\/v2\/product_cat?post=65741"},{"taxonomy":"product_tag","embeddable":true,"href":"https:\/\/repliquemangacine.fr\/it\/wp-json\/wp\/v2\/product_tag?post=65741"}],"curies":[{"name":"wp","href":"https:\/\/api.w.org\/{rel}","templated":true}]}}