





{"id":65673,"date":"2023-11-20T17:49:36","date_gmt":"2023-11-20T16:49:36","guid":{"rendered":"https:\/\/repliquemangacine.fr\/?post_type=product&#038;p=65673"},"modified":"2025-11-27T11:41:23","modified_gmt":"2025-11-27T10:41:23","slug":"spada-leggendaria-excalibur","status":"publish","type":"product","link":"https:\/\/repliquemangacine.fr\/it\/armes-historiques\/excalibur-epee-legendaire\/","title":{"rendered":"Spada leggendaria Excalibur"},"content":{"rendered":"<h2>Excalibur, la leggendaria spada della mitologia<\/h2>\n<p>Innanzitutto, <strong>Excalibur, la spada leggendaria<\/strong>, incarna una parte essenziale della mitologia arturiana, circondata da misteri e leggende.<\/p>\n<p>Questa spada leggendaria, spesso associata al re Art\u00f9, simboleggia la regalit\u00e0 e il coraggio incrollabile. Secondo la leggenda, solo il vero re d'Inghilterra poteva estrarre Excalibur dalla roccia.<br \/>\no dell'incudine, a seconda delle versioni della storia.<\/p>\n<p>Questa impresa, compiuta da Art\u00f9, segn\u00f2 l'inizio del suo leggendario regno e delle sue avventure con i Cavalieri della Tavola Rotonda.<\/p>\n<h3>La magia e il potere di Excalibur<\/h3>\n<p>La magia di Excalibur risiede nel suo potere curativo e nella sua invincibile resistenza in combattimento. Forgiata nella mistica isola di Avalon, si diceva che possedesse poteri magici.<br \/>\ne una forza senza pari.<\/p>\n<p>La scena della consegna di\u2019<a href=\"https:\/\/www.worldhistory.org\/trans\/fr\/1-16022\/excalibur\/\" target=\"_blank\" rel=\"noopener noreferrer\">Excalibur<\/a> al giovane Art\u00f9 da parte della Dama del Lago \u00e8 un momento emblematico della letteratura medievale.<\/p>\n<h2>Eccezionale rapporto qualit\u00e0\/prezzo al R\u00e9plique Manga Cin\u00e9<\/h2>\n<p>Da RMC, il rapporto qualit\u00e0-prezzo delle nostre spade storiche e delle repliche tratte da manga e film \u00e8 impareggiabile. Comprendiamo l'importanza di fornire ai nostri clienti<br \/>\nprodotti che non solo catturano l'essenza e i minimi dettagli delle opere originali, ma sono anche accessibili e convenienti.<\/p>\n<p>La nostra collezione di spade storiche, che va dalle <a href=\"https:\/\/repliquemangacine.fr\/it\/spade-antiche\/\">spade antiche<\/a> a <a href=\"https:\/\/repliquemangacine.fr\/it\/spada-templare-medievale\/\">spade medievali<\/a>accuratamente selezionati per garantire qualit\u00e0 e prezzo esemplari.<\/p>\n<h3>Fedelt\u00e0 storica e artistica a prezzi accessibili<\/h3>\n<p>Gli appassionati di manga e film meritano il meglio. Ecco perch\u00e9, in R\u00e9plique Manga Cin\u00e9, ogni articolo del nostro catalogo, sia che si tratti di manga che di film, \u00e8 un prodotto di qualit\u00e0. <a href=\"https:\/\/repliquemangacine.fr\/it\/katana-dacciaio-kimetsu-no-yaiba-metal-katana-demon-slayer\/katana-tanjiro-kamado-uccisore-di-demoni\/\">La katana di Tanjiro<\/a> in Demon Slayer o una replica di un'arma iconica del film, \u00e8 realizzata con passione e dedizione. Lasciatevi trasportare nel fantastico mondo dei vostri eroi preferiti.<\/p>\n<h2>Come si mantiene la lama di Excalibur, la spada leggendaria?<\/h2>\n<p>In primo luogo, le katana da collezione e decorative, fabbricate e assemblate in modo semplificato. Essendo destinate a scopi decorativi, non dispongono degli elementi di sicurezza necessari per una spada giapponese destinata all'allenamento.<\/p>\n<p>Tuttavia, il vostro <strong>Spada leggendaria Excalibur<\/strong> una lama in acciaio che deve essere curata per evitare che si danneggi con il tempo. Infatti, esporrete la vostra katana e i vostri amici saranno curiosi di vedere la lama e di toccarla.<\/p>\n<p>\u00c8 qui che bisogna prestare attenzione: \u00e8 importante sottolineare che l'acidit\u00e0 delle dita \u00e8 molto dannosa per l'acciaio, indipendentemente dalla sua qualit\u00e0. Tuttavia, se ci\u00f2 dovesse accadere, non fatevi prendere dal panico, basta un panno inumidito con un po' d'olio per rimuovere le impronte digitali. In questo modo, la vostra spada durer\u00e0 a lungo.<\/p>","protected":false},"excerpt":{"rendered":"<p>Superba replica della leggendaria spada Excalibur<\/p>\n<ul>\n<li>Lama in acciaio inox con scanalatura centrale<\/li>\n<li>Protezione in acciaio finemente decorata<\/li>\n<li>Pomello in acciaio massiccio con perlina in resina rossa<\/li>\n<li>Maniglia rivestita in similpelle<\/li>\n<li>Fornito con targa a muro decorata<\/li>\n<li>Lunghezza totale: 100 cm<\/li>\n<\/ul>","protected":false},"featured_media":65674,"template":"","meta":[],"product_brand":[896],"product_cat":[25,84],"product_tag":[],"class_list":{"0":"post-65673","1":"product","2":"type-product","3":"status-publish","4":"has-post-thumbnail","6":"product_brand-replique-manga-cine","7":"product_cat-armes-historiques","8":"product_cat-epee-templier-medievale","10":"first","11":"instock","12":"taxable","13":"shipping-taxable","14":"purchasable","15":"product-type-simple"},"yoast_head":"<!-- This site is optimized with the Yoast SEO plugin v27.4 - https:\/\/yoast.com\/product\/yoast-seo-wordpress\/ -->\n<title>Excalibur \u00e9p\u00e9e l\u00e9gendaire - Vente Ep\u00e9es historiques | R\u00e9plique Manga Cin\u00e9<\/title>\n<meta name=\"description\" content=\"D\u00e9couvrez la nouvelle Excalibur \u00e9p\u00e9e l\u00e9gendaire au meilleur prix. Cette r\u00e9plique s&#039;inspire de celle de Windlass. Lame acier inox. Garde en acier. 100 cm\" \/>\n<meta name=\"robots\" content=\"index, follow, max-snippet:-1, max-image-preview:large, max-video-preview:-1\" \/>\n<link rel=\"canonical\" href=\"https:\/\/repliquemangacine.fr\/it\/armi-storiche\/spada-leggendaria-excalibur\/\" \/>\n<meta property=\"og:locale\" content=\"it_IT\" \/>\n<meta property=\"og:type\" content=\"article\" \/>\n<meta property=\"og:title\" content=\"Excalibur \u00e9p\u00e9e l\u00e9gendaire - Vente Ep\u00e9es historiques | R\u00e9plique Manga Cin\u00e9\" \/>\n<meta property=\"og:description\" content=\"D\u00e9couvrez la nouvelle Excalibur \u00e9p\u00e9e l\u00e9gendaire au meilleur prix. Cette r\u00e9plique s&#039;inspire de celle de Windlass. Lame acier inox. Garde en acier. 100 cm\" \/>\n<meta property=\"og:url\" content=\"https:\/\/repliquemangacine.fr\/it\/armi-storiche\/spada-leggendaria-excalibur\/\" \/>\n<meta property=\"og:site_name\" content=\"R\u00e9plique Manga Cin\u00e9\" \/>\n<meta property=\"article:publisher\" content=\"https:\/\/www.facebook.com\/RepliqueMangaCine\" \/>\n<meta property=\"article:modified_time\" content=\"2025-11-27T10:41:23+00:00\" \/>\n<meta property=\"og:image\" content=\"https:\/\/repliquemangacine.fr\/wp-content\/uploads\/2023\/11\/epee-excalibur.jpg\" \/>\n\t<meta property=\"og:image:width\" content=\"500\" \/>\n\t<meta property=\"og:image:height\" content=\"500\" \/>\n\t<meta property=\"og:image:type\" content=\"image\/jpeg\" \/>\n<meta name=\"twitter:card\" content=\"summary_large_image\" \/>\n<meta name=\"twitter:label1\" content=\"Tempo di lettura stimato\" \/>\n\t<meta name=\"twitter:data1\" content=\"3 minuti\" \/>\n<script type=\"application\/ld+json\" class=\"yoast-schema-graph\">{\"@context\":\"https:\\\/\\\/schema.org\",\"@graph\":[{\"@type\":\"WebPage\",\"@id\":\"https:\\\/\\\/repliquemangacine.fr\\\/armes-historiques\\\/excalibur-epee-legendaire\\\/\",\"url\":\"https:\\\/\\\/repliquemangacine.fr\\\/armes-historiques\\\/excalibur-epee-legendaire\\\/\",\"name\":\"Excalibur \u00e9p\u00e9e l\u00e9gendaire - Vente Ep\u00e9es historiques | R\u00e9plique Manga Cin\u00e9\",\"isPartOf\":{\"@id\":\"https:\\\/\\\/repliquemangacine.fr\\\/#website\"},\"primaryImageOfPage\":{\"@id\":\"https:\\\/\\\/repliquemangacine.fr\\\/armes-historiques\\\/excalibur-epee-legendaire\\\/#primaryimage\"},\"image\":{\"@id\":\"https:\\\/\\\/repliquemangacine.fr\\\/armes-historiques\\\/excalibur-epee-legendaire\\\/#primaryimage\"},\"thumbnailUrl\":\"https:\\\/\\\/repliquemangacine.fr\\\/wp-content\\\/uploads\\\/2023\\\/11\\\/epee-excalibur.jpg\",\"datePublished\":\"2023-11-20T16:49:36+00:00\",\"dateModified\":\"2025-11-27T10:41:23+00:00\",\"description\":\"D\u00e9couvrez la nouvelle Excalibur \u00e9p\u00e9e l\u00e9gendaire au meilleur prix. Cette r\u00e9plique s'inspire de celle de Windlass. Lame acier inox. Garde en acier. 100 cm\",\"breadcrumb\":{\"@id\":\"https:\\\/\\\/repliquemangacine.fr\\\/armes-historiques\\\/excalibur-epee-legendaire\\\/#breadcrumb\"},\"inLanguage\":\"it-IT\",\"potentialAction\":[{\"@type\":\"ReadAction\",\"target\":[\"https:\\\/\\\/repliquemangacine.fr\\\/armes-historiques\\\/excalibur-epee-legendaire\\\/\"]}]},{\"@type\":\"ImageObject\",\"inLanguage\":\"it-IT\",\"@id\":\"https:\\\/\\\/repliquemangacine.fr\\\/armes-historiques\\\/excalibur-epee-legendaire\\\/#primaryimage\",\"url\":\"https:\\\/\\\/repliquemangacine.fr\\\/wp-content\\\/uploads\\\/2023\\\/11\\\/epee-excalibur.jpg\",\"contentUrl\":\"https:\\\/\\\/repliquemangacine.fr\\\/wp-content\\\/uploads\\\/2023\\\/11\\\/epee-excalibur.jpg\",\"width\":500,\"height\":500,\"caption\":\"Excalibur \u00e9p\u00e9e l\u00e9gendaire\"},{\"@type\":\"BreadcrumbList\",\"@id\":\"https:\\\/\\\/repliquemangacine.fr\\\/armes-historiques\\\/excalibur-epee-legendaire\\\/#breadcrumb\",\"itemListElement\":[{\"@type\":\"ListItem\",\"position\":1,\"name\":\"Accueil\",\"item\":\"https:\\\/\\\/repliquemangacine.fr\\\/\"},{\"@type\":\"ListItem\",\"position\":2,\"name\":\"Produits\",\"item\":\"https:\\\/\\\/repliquemangacine.fr\\\/boutique\\\/\"},{\"@type\":\"ListItem\",\"position\":3,\"name\":\"Excalibur \u00e9p\u00e9e l\u00e9gendaire\"}]},{\"@type\":\"WebSite\",\"@id\":\"https:\\\/\\\/repliquemangacine.fr\\\/#website\",\"url\":\"https:\\\/\\\/repliquemangacine.fr\\\/\",\"name\":\"R\u00e9plique Manga Cin\u00e9\",\"description\":\"\",\"publisher\":{\"@id\":\"https:\\\/\\\/repliquemangacine.fr\\\/#organization\"},\"potentialAction\":[{\"@type\":\"SearchAction\",\"target\":{\"@type\":\"EntryPoint\",\"urlTemplate\":\"https:\\\/\\\/repliquemangacine.fr\\\/?s={search_term_string}\"},\"query-input\":{\"@type\":\"PropertyValueSpecification\",\"valueRequired\":true,\"valueName\":\"search_term_string\"}}],\"inLanguage\":\"it-IT\"},{\"@type\":\"Organization\",\"@id\":\"https:\\\/\\\/repliquemangacine.fr\\\/#organization\",\"name\":\"R\u00e9plique Manga Cin\u00e9\",\"url\":\"https:\\\/\\\/repliquemangacine.fr\\\/\",\"logo\":{\"@type\":\"ImageObject\",\"inLanguage\":\"it-IT\",\"@id\":\"https:\\\/\\\/repliquemangacine.fr\\\/#\\\/schema\\\/logo\\\/image\\\/\",\"url\":\"https:\\\/\\\/repliquemangacine.fr\\\/wp-content\\\/uploads\\\/2023\\\/10\\\/RMC-500250.png\",\"contentUrl\":\"https:\\\/\\\/repliquemangacine.fr\\\/wp-content\\\/uploads\\\/2023\\\/10\\\/RMC-500250.png\",\"width\":500,\"height\":250,\"caption\":\"R\u00e9plique Manga Cin\u00e9\"},\"image\":{\"@id\":\"https:\\\/\\\/repliquemangacine.fr\\\/#\\\/schema\\\/logo\\\/image\\\/\"},\"sameAs\":[\"https:\\\/\\\/www.facebook.com\\\/RepliqueMangaCine\",\"https:\\\/\\\/www.instagram.com\\\/repliquemangacine.fr\\\/\"]}]}<\/script>\n<!-- \/ Yoast SEO plugin. -->","yoast_head_json":{"title":"Spada leggendaria Excalibur - Spade storiche in vendita | R\u00e9plique Manga Cin\u00e9","description":"Scoprite la nuova spada leggendaria Excalibur al miglior prezzo. Questa replica \u00e8 ispirata alla spada Windlass. Lama in acciaio inossidabile. Guardia in acciaio. Lunghezza 100 cm","robots":{"index":"index","follow":"follow","max-snippet":"max-snippet:-1","max-image-preview":"max-image-preview:large","max-video-preview":"max-video-preview:-1"},"canonical":"https:\/\/repliquemangacine.fr\/it\/armi-storiche\/spada-leggendaria-excalibur\/","og_locale":"it_IT","og_type":"article","og_title":"Excalibur \u00e9p\u00e9e l\u00e9gendaire - Vente Ep\u00e9es historiques | R\u00e9plique Manga Cin\u00e9","og_description":"D\u00e9couvrez la nouvelle Excalibur \u00e9p\u00e9e l\u00e9gendaire au meilleur prix. Cette r\u00e9plique s'inspire de celle de Windlass. Lame acier inox. Garde en acier. 100 cm","og_url":"https:\/\/repliquemangacine.fr\/it\/armi-storiche\/spada-leggendaria-excalibur\/","og_site_name":"R\u00e9plique Manga Cin\u00e9","article_publisher":"https:\/\/www.facebook.com\/RepliqueMangaCine","article_modified_time":"2025-11-27T10:41:23+00:00","og_image":[{"width":500,"height":500,"url":"https:\/\/repliquemangacine.fr\/wp-content\/uploads\/2023\/11\/epee-excalibur.jpg","type":"image\/jpeg"}],"twitter_card":"summary_large_image","twitter_misc":{"Tempo di lettura stimato":"3 minuti"},"schema":{"@context":"https:\/\/schema.org","@graph":[{"@type":"WebPage","@id":"https:\/\/repliquemangacine.fr\/armes-historiques\/excalibur-epee-legendaire\/","url":"https:\/\/repliquemangacine.fr\/armes-historiques\/excalibur-epee-legendaire\/","name":"Spada leggendaria Excalibur - Spade storiche in vendita | R\u00e9plique Manga Cin\u00e9","isPartOf":{"@id":"https:\/\/repliquemangacine.fr\/#website"},"primaryImageOfPage":{"@id":"https:\/\/repliquemangacine.fr\/armes-historiques\/excalibur-epee-legendaire\/#primaryimage"},"image":{"@id":"https:\/\/repliquemangacine.fr\/armes-historiques\/excalibur-epee-legendaire\/#primaryimage"},"thumbnailUrl":"https:\/\/repliquemangacine.fr\/wp-content\/uploads\/2023\/11\/epee-excalibur.jpg","datePublished":"2023-11-20T16:49:36+00:00","dateModified":"2025-11-27T10:41:23+00:00","description":"Scoprite la nuova spada leggendaria Excalibur al miglior prezzo. Questa replica \u00e8 ispirata alla spada Windlass. Lama in acciaio inossidabile. Guardia in acciaio. Lunghezza 100 cm","breadcrumb":{"@id":"https:\/\/repliquemangacine.fr\/armes-historiques\/excalibur-epee-legendaire\/#breadcrumb"},"inLanguage":"it-IT","potentialAction":[{"@type":"ReadAction","target":["https:\/\/repliquemangacine.fr\/armes-historiques\/excalibur-epee-legendaire\/"]}]},{"@type":"ImageObject","inLanguage":"it-IT","@id":"https:\/\/repliquemangacine.fr\/armes-historiques\/excalibur-epee-legendaire\/#primaryimage","url":"https:\/\/repliquemangacine.fr\/wp-content\/uploads\/2023\/11\/epee-excalibur.jpg","contentUrl":"https:\/\/repliquemangacine.fr\/wp-content\/uploads\/2023\/11\/epee-excalibur.jpg","width":500,"height":500,"caption":"Excalibur \u00e9p\u00e9e l\u00e9gendaire"},{"@type":"BreadcrumbList","@id":"https:\/\/repliquemangacine.fr\/armes-historiques\/excalibur-epee-legendaire\/#breadcrumb","itemListElement":[{"@type":"ListItem","position":1,"name":"Accueil","item":"https:\/\/repliquemangacine.fr\/"},{"@type":"ListItem","position":2,"name":"Produits","item":"https:\/\/repliquemangacine.fr\/boutique\/"},{"@type":"ListItem","position":3,"name":"Excalibur \u00e9p\u00e9e l\u00e9gendaire"}]},{"@type":"WebSite","@id":"https:\/\/repliquemangacine.fr\/#website","url":"https:\/\/repliquemangacine.fr\/","name":"R\u00e9plique Manga Cin\u00e9","description":"","publisher":{"@id":"https:\/\/repliquemangacine.fr\/#organization"},"potentialAction":[{"@type":"SearchAction","target":{"@type":"EntryPoint","urlTemplate":"https:\/\/repliquemangacine.fr\/?s={search_term_string}"},"query-input":{"@type":"PropertyValueSpecification","valueRequired":true,"valueName":"search_term_string"}}],"inLanguage":"it-IT"},{"@type":"Organization","@id":"https:\/\/repliquemangacine.fr\/#organization","name":"R\u00e9plique Manga Cin\u00e9","url":"https:\/\/repliquemangacine.fr\/","logo":{"@type":"ImageObject","inLanguage":"it-IT","@id":"https:\/\/repliquemangacine.fr\/#\/schema\/logo\/image\/","url":"https:\/\/repliquemangacine.fr\/wp-content\/uploads\/2023\/10\/RMC-500250.png","contentUrl":"https:\/\/repliquemangacine.fr\/wp-content\/uploads\/2023\/10\/RMC-500250.png","width":500,"height":250,"caption":"R\u00e9plique Manga Cin\u00e9"},"image":{"@id":"https:\/\/repliquemangacine.fr\/#\/schema\/logo\/image\/"},"sameAs":["https:\/\/www.facebook.com\/RepliqueMangaCine","https:\/\/www.instagram.com\/repliquemangacine.fr\/"]}]}},"_links":{"self":[{"href":"https:\/\/repliquemangacine.fr\/it\/wp-json\/wp\/v2\/product\/65673","targetHints":{"allow":["GET"]}}],"collection":[{"href":"https:\/\/repliquemangacine.fr\/it\/wp-json\/wp\/v2\/product"}],"about":[{"href":"https:\/\/repliquemangacine.fr\/it\/wp-json\/wp\/v2\/types\/product"}],"wp:featuredmedia":[{"embeddable":true,"href":"https:\/\/repliquemangacine.fr\/it\/wp-json\/wp\/v2\/media\/65674"}],"wp:attachment":[{"href":"https:\/\/repliquemangacine.fr\/it\/wp-json\/wp\/v2\/media?parent=65673"}],"wp:term":[{"taxonomy":"product_brand","embeddable":true,"href":"https:\/\/repliquemangacine.fr\/it\/wp-json\/wp\/v2\/product_brand?post=65673"},{"taxonomy":"product_cat","embeddable":true,"href":"https:\/\/repliquemangacine.fr\/it\/wp-json\/wp\/v2\/product_cat?post=65673"},{"taxonomy":"product_tag","embeddable":true,"href":"https:\/\/repliquemangacine.fr\/it\/wp-json\/wp\/v2\/product_tag?post=65673"}],"curies":[{"name":"wp","href":"https:\/\/api.w.org\/{rel}","templated":true}]}}