





{"id":65656,"date":"2023-11-20T12:48:07","date_gmt":"2023-11-20T11:48:07","guid":{"rendered":"https:\/\/repliquemangacine.fr\/?post_type=product&#038;p=65656"},"modified":"2026-04-21T19:29:10","modified_gmt":"2026-04-21T17:29:10","slug":"katana-di-yami-in-trifoglio-nero","status":"publish","type":"product","link":"https:\/\/repliquemangacine.fr\/it\/katana-et-epee-de-manga-anime-autre-manga\/katana-de-yami-dans-black-clover\/","title":{"rendered":"Katana di Yami in trifoglio nero"},"content":{"rendered":"<h2>Katana di Yami in trifoglio nero<\/h2>\n<p>Per cominciare, la Katana di Yami in Black Clover, elemento chiave della trama, non \u00e8 solo uno strumento di combattimento. Yami la usa per incanalare la sua potente magia oscura,<br \/>\nche gli permette di tagliare la magia stessa, un'abilit\u00e0 rara in questo mondo magico.<\/p>\n<p>Il personaggio di <a href=\"https:\/\/blackclover.fandom.com\/fr\/wiki\/Yami_Sukehiro\" target=\"_blank\" rel=\"noopener noreferrer\">Yami Sukehiro<\/a> si distingue per la sua impressionante maestria nel kenjutsu e per il possesso di una katana unica.<\/p>\n<p>Questa spada, pi\u00f9 che una semplice arma, \u00e8 un simbolo della sua forza e determinazione. Yami, originario di un paese lontano, apporta un tocco esotico con il suo stile di combattimento e la sua iconica katana.<\/p>\n<h3>La spada leggendaria di Yami in \"Trifoglio nero<\/h3>\n<p>La katana di Yami, con la sua lama scura e l'aura misteriosa, rappresenta una fusione tra la cultura tradizionale giapponese e il mondo fantastico di \"Black Clover\", rendendo Yami un personaggio affascinante e indimenticabile.<\/p>\n<h2>La vostra Yami Katana: il miglior rapporto qualit\u00e0\/prezzo<\/h2>\n<p>L'universo di \u201cBlack Clover\u201d \u00e8 ricco di simboli affascinanti, ma pochi sono cos\u00ec emblematici come la katana di Yami Sukehiro. Quest'arma, che incarna la forza e la raffinatezza di chi la brandisce, \u00e8 diventata un oggetto del desiderio per i fan del manga.<\/p>\n<p>Questa replica, fedele al design originale, offre un ottimo rapporto qualit\u00e0-prezzo. Realizzata con materiali di qualit\u00e0, garantisce durata e fedelt\u00e0 al manga.<\/p>\n<h3>Il fascino universale delle katane nei manga<\/h3>\n<p>Le katana occupano un posto speciale nel cuore degli appassionati di manga e anime. Queste spade, spesso raffigurate con grande attenzione ai dettagli, sono molto pi\u00f9 che semplici armi.<\/p>\n<p>Sono un'estensione dei personaggi stessi. Dal \u201d <a href=\"https:\/\/repliquemangacine.fr\/it\/katana-in-metallo-monopezzo\/spada-katana-wado-ichimonji-spada-di-zoro\/\">Spada Zoro Wado Ichimonji<\/a> in One Piece\" a \"il<a href=\"https:\/\/repliquemangacine.fr\/it\/katana-naruto\/kusanagi-spada-sasuke-naruto\/\">Spada Kusanagi di Sasuke<\/a> In \"Naruto\", ogni katana racconta una storia, riflettendo la personalit\u00e0 e l'evoluzione di chi la indossa.<\/p>\n<h2>Come si mantiene la lama della katana?<\/h2>\n<p>In primo luogo, le katane da collezione e decorative sono realizzate e assemblate in modo semplificato. Poich\u00e9 il loro uso \u00e8 decorativo, non hanno le caratteristiche di sicurezza richieste da una spada giapponese destinata all'allenamento. Tuttavia, la vostra <strong>La katana di Yami in Black Clover<\/strong> a una lama in acciaio che deve essere sottoposta a manutenzione per evitare che si danneggi nel tempo.<\/p>\n<p>Infatti, quando esporrete la vostra katana, i vostri amici saranno curiosi di vedere la lama e di toccarla. \u00c8 qui che bisogna prestare attenzione, poich\u00e9 l'acidit\u00e0 delle dita \u00e8 molto dannosa per l'acciaio, indipendentemente dalla sua qualit\u00e0.<\/p>\n<p>Tuttavia, se ci\u00f2 dovesse accadere, non fatevi prendere dal panico: basta un panno inumidito con un po' di olio per rimuovere le impronte digitali. In questo modo, la vostra spada durer\u00e0 a lungo.<\/p>","protected":false},"excerpt":{"rendered":"<p>Superba replica della Katana di Yami Sukehiro in Black Clover<\/p>\n<ul>\n<li>Lama in acciaio bicolore<\/li>\n<li>Manico in finta pelle di razza rivestito con treccia di cotone nero<\/li>\n<li>Protezione in acciaio massiccio appositamente sagomata<\/li>\n<li>Fodero in legno nero<\/li>\n<li>Lunghezza totale: 103 cm<\/li>\n<\/ul>","protected":false},"featured_media":65658,"template":"","meta":[],"product_brand":[896],"product_cat":[65,23],"product_tag":[],"class_list":{"0":"post-65656","1":"product","2":"type-product","3":"status-publish","4":"has-post-thumbnail","6":"product_brand-replique-manga-cine","7":"product_cat-katana-et-epee-de-manga-anime-autre-manga","8":"product_cat-repliques-manga-jeux-video","10":"first","11":"outofstock","12":"taxable","13":"shipping-taxable","14":"purchasable","15":"product-type-simple"},"yoast_head":"<!-- This site is optimized with the Yoast SEO plugin v27.5 - https:\/\/yoast.com\/product\/yoast-seo-wordpress\/ -->\n<title>Katana de Yami dans Black Clover - Vente Katana Manga | RMC<\/title>\n<meta name=\"description\" content=\"D\u00e9couvrez le Katana de Yami dans Black Clover au meilleur prix. Lame en acier deux tons. Garde en acier plein de forme sp\u00e9cifique. Longueur totale : 103 cm\" \/>\n<meta name=\"robots\" content=\"index, follow, max-snippet:-1, max-image-preview:large, max-video-preview:-1\" \/>\n<link rel=\"canonical\" href=\"https:\/\/repliquemangacine.fr\/it\/katana-e-manga-spada-anime-altri-manga\/katana-di-yami-in-trifoglio-nero\/\" \/>\n<meta property=\"og:locale\" content=\"it_IT\" \/>\n<meta property=\"og:type\" content=\"article\" \/>\n<meta property=\"og:title\" content=\"Katana de Yami dans Black Clover - Vente Katana Manga | RMC\" \/>\n<meta property=\"og:description\" content=\"D\u00e9couvrez le Katana de Yami dans Black Clover au meilleur prix. Lame en acier deux tons. Garde en acier plein de forme sp\u00e9cifique. Longueur totale : 103 cm\" \/>\n<meta property=\"og:url\" content=\"https:\/\/repliquemangacine.fr\/it\/katana-e-manga-spada-anime-altri-manga\/katana-di-yami-in-trifoglio-nero\/\" \/>\n<meta property=\"og:site_name\" content=\"R\u00e9plique Manga Cin\u00e9\" \/>\n<meta property=\"article:publisher\" content=\"https:\/\/www.facebook.com\/RepliqueMangaCine\" \/>\n<meta property=\"article:modified_time\" content=\"2026-04-21T17:29:10+00:00\" \/>\n<meta property=\"og:image\" content=\"https:\/\/repliquemangacine.fr\/wp-content\/uploads\/2023\/11\/Katana-Yami-Black-Clover-lame.jpg\" \/>\n\t<meta property=\"og:image:width\" content=\"500\" \/>\n\t<meta property=\"og:image:height\" content=\"500\" \/>\n\t<meta property=\"og:image:type\" content=\"image\/jpeg\" \/>\n<meta name=\"twitter:card\" content=\"summary_large_image\" \/>\n<meta name=\"twitter:label1\" content=\"Tempo di lettura stimato\" \/>\n\t<meta name=\"twitter:data1\" content=\"3 minuti\" \/>\n<script type=\"application\/ld+json\" class=\"yoast-schema-graph\">{\"@context\":\"https:\\\/\\\/schema.org\",\"@graph\":[{\"@type\":\"WebPage\",\"@id\":\"https:\\\/\\\/repliquemangacine.fr\\\/katana-et-epee-de-manga-anime-autre-manga\\\/katana-de-yami-dans-black-clover\\\/\",\"url\":\"https:\\\/\\\/repliquemangacine.fr\\\/katana-et-epee-de-manga-anime-autre-manga\\\/katana-de-yami-dans-black-clover\\\/\",\"name\":\"Katana de Yami dans Black Clover - Vente Katana Manga | RMC\",\"isPartOf\":{\"@id\":\"https:\\\/\\\/repliquemangacine.fr\\\/#website\"},\"primaryImageOfPage\":{\"@id\":\"https:\\\/\\\/repliquemangacine.fr\\\/katana-et-epee-de-manga-anime-autre-manga\\\/katana-de-yami-dans-black-clover\\\/#primaryimage\"},\"image\":{\"@id\":\"https:\\\/\\\/repliquemangacine.fr\\\/katana-et-epee-de-manga-anime-autre-manga\\\/katana-de-yami-dans-black-clover\\\/#primaryimage\"},\"thumbnailUrl\":\"https:\\\/\\\/repliquemangacine.fr\\\/wp-content\\\/uploads\\\/2023\\\/11\\\/Katana-Yami-Black-Clover-lame.jpg\",\"datePublished\":\"2023-11-20T11:48:07+00:00\",\"dateModified\":\"2026-04-21T17:29:10+00:00\",\"description\":\"D\u00e9couvrez le Katana de Yami dans Black Clover au meilleur prix. Lame en acier deux tons. Garde en acier plein de forme sp\u00e9cifique. Longueur totale : 103 cm\",\"breadcrumb\":{\"@id\":\"https:\\\/\\\/repliquemangacine.fr\\\/katana-et-epee-de-manga-anime-autre-manga\\\/katana-de-yami-dans-black-clover\\\/#breadcrumb\"},\"inLanguage\":\"it-IT\",\"potentialAction\":[{\"@type\":\"ReadAction\",\"target\":[\"https:\\\/\\\/repliquemangacine.fr\\\/katana-et-epee-de-manga-anime-autre-manga\\\/katana-de-yami-dans-black-clover\\\/\"]}]},{\"@type\":\"ImageObject\",\"inLanguage\":\"it-IT\",\"@id\":\"https:\\\/\\\/repliquemangacine.fr\\\/katana-et-epee-de-manga-anime-autre-manga\\\/katana-de-yami-dans-black-clover\\\/#primaryimage\",\"url\":\"https:\\\/\\\/repliquemangacine.fr\\\/wp-content\\\/uploads\\\/2023\\\/11\\\/Katana-Yami-Black-Clover-lame.jpg\",\"contentUrl\":\"https:\\\/\\\/repliquemangacine.fr\\\/wp-content\\\/uploads\\\/2023\\\/11\\\/Katana-Yami-Black-Clover-lame.jpg\",\"width\":500,\"height\":500,\"caption\":\"Katana de Yami dans Black Clover\"},{\"@type\":\"BreadcrumbList\",\"@id\":\"https:\\\/\\\/repliquemangacine.fr\\\/katana-et-epee-de-manga-anime-autre-manga\\\/katana-de-yami-dans-black-clover\\\/#breadcrumb\",\"itemListElement\":[{\"@type\":\"ListItem\",\"position\":1,\"name\":\"Accueil\",\"item\":\"https:\\\/\\\/repliquemangacine.fr\\\/\"},{\"@type\":\"ListItem\",\"position\":2,\"name\":\"Produits\",\"item\":\"https:\\\/\\\/repliquemangacine.fr\\\/boutique\\\/\"},{\"@type\":\"ListItem\",\"position\":3,\"name\":\"Katana de Yami dans Black Clover\"}]},{\"@type\":\"WebSite\",\"@id\":\"https:\\\/\\\/repliquemangacine.fr\\\/#website\",\"url\":\"https:\\\/\\\/repliquemangacine.fr\\\/\",\"name\":\"R\u00e9plique Manga Cin\u00e9\",\"description\":\"\",\"publisher\":{\"@id\":\"https:\\\/\\\/repliquemangacine.fr\\\/#organization\"},\"potentialAction\":[{\"@type\":\"SearchAction\",\"target\":{\"@type\":\"EntryPoint\",\"urlTemplate\":\"https:\\\/\\\/repliquemangacine.fr\\\/?s={search_term_string}\"},\"query-input\":{\"@type\":\"PropertyValueSpecification\",\"valueRequired\":true,\"valueName\":\"search_term_string\"}}],\"inLanguage\":\"it-IT\"},{\"@type\":\"Organization\",\"@id\":\"https:\\\/\\\/repliquemangacine.fr\\\/#organization\",\"name\":\"R\u00e9plique Manga Cin\u00e9\",\"url\":\"https:\\\/\\\/repliquemangacine.fr\\\/\",\"logo\":{\"@type\":\"ImageObject\",\"inLanguage\":\"it-IT\",\"@id\":\"https:\\\/\\\/repliquemangacine.fr\\\/#\\\/schema\\\/logo\\\/image\\\/\",\"url\":\"https:\\\/\\\/repliquemangacine.fr\\\/wp-content\\\/uploads\\\/2023\\\/10\\\/RMC-500250.png\",\"contentUrl\":\"https:\\\/\\\/repliquemangacine.fr\\\/wp-content\\\/uploads\\\/2023\\\/10\\\/RMC-500250.png\",\"width\":500,\"height\":250,\"caption\":\"R\u00e9plique Manga Cin\u00e9\"},\"image\":{\"@id\":\"https:\\\/\\\/repliquemangacine.fr\\\/#\\\/schema\\\/logo\\\/image\\\/\"},\"sameAs\":[\"https:\\\/\\\/www.facebook.com\\\/RepliqueMangaCine\",\"https:\\\/\\\/www.instagram.com\\\/repliquemangacine.fr\\\/\"]}]}<\/script>\n<!-- \/ Yoast SEO plugin. -->","yoast_head_json":{"title":"Katana di Yami in Black Clover - Vendita Katana Manga | RMC","description":"Scopri la Katana Yami in Black Clover al miglior prezzo. Lama in acciaio bicolore. Guardia in acciaio massiccio appositamente sagomata. Lunghezza totale: 103 cm","robots":{"index":"index","follow":"follow","max-snippet":"max-snippet:-1","max-image-preview":"max-image-preview:large","max-video-preview":"max-video-preview:-1"},"canonical":"https:\/\/repliquemangacine.fr\/it\/katana-e-manga-spada-anime-altri-manga\/katana-di-yami-in-trifoglio-nero\/","og_locale":"it_IT","og_type":"article","og_title":"Katana de Yami dans Black Clover - Vente Katana Manga | RMC","og_description":"D\u00e9couvrez le Katana de Yami dans Black Clover au meilleur prix. Lame en acier deux tons. Garde en acier plein de forme sp\u00e9cifique. Longueur totale : 103 cm","og_url":"https:\/\/repliquemangacine.fr\/it\/katana-e-manga-spada-anime-altri-manga\/katana-di-yami-in-trifoglio-nero\/","og_site_name":"R\u00e9plique Manga Cin\u00e9","article_publisher":"https:\/\/www.facebook.com\/RepliqueMangaCine","article_modified_time":"2026-04-21T17:29:10+00:00","og_image":[{"width":500,"height":500,"url":"https:\/\/repliquemangacine.fr\/wp-content\/uploads\/2023\/11\/Katana-Yami-Black-Clover-lame.jpg","type":"image\/jpeg"}],"twitter_card":"summary_large_image","twitter_misc":{"Tempo di lettura stimato":"3 minuti"},"schema":{"@context":"https:\/\/schema.org","@graph":[{"@type":"WebPage","@id":"https:\/\/repliquemangacine.fr\/katana-et-epee-de-manga-anime-autre-manga\/katana-de-yami-dans-black-clover\/","url":"https:\/\/repliquemangacine.fr\/katana-et-epee-de-manga-anime-autre-manga\/katana-de-yami-dans-black-clover\/","name":"Katana di Yami in Black Clover - Vendita Katana Manga | RMC","isPartOf":{"@id":"https:\/\/repliquemangacine.fr\/#website"},"primaryImageOfPage":{"@id":"https:\/\/repliquemangacine.fr\/katana-et-epee-de-manga-anime-autre-manga\/katana-de-yami-dans-black-clover\/#primaryimage"},"image":{"@id":"https:\/\/repliquemangacine.fr\/katana-et-epee-de-manga-anime-autre-manga\/katana-de-yami-dans-black-clover\/#primaryimage"},"thumbnailUrl":"https:\/\/repliquemangacine.fr\/wp-content\/uploads\/2023\/11\/Katana-Yami-Black-Clover-lame.jpg","datePublished":"2023-11-20T11:48:07+00:00","dateModified":"2026-04-21T17:29:10+00:00","description":"Scopri la Katana Yami in Black Clover al miglior prezzo. Lama in acciaio bicolore. Guardia in acciaio massiccio appositamente sagomata. Lunghezza totale: 103 cm","breadcrumb":{"@id":"https:\/\/repliquemangacine.fr\/katana-et-epee-de-manga-anime-autre-manga\/katana-de-yami-dans-black-clover\/#breadcrumb"},"inLanguage":"it-IT","potentialAction":[{"@type":"ReadAction","target":["https:\/\/repliquemangacine.fr\/katana-et-epee-de-manga-anime-autre-manga\/katana-de-yami-dans-black-clover\/"]}]},{"@type":"ImageObject","inLanguage":"it-IT","@id":"https:\/\/repliquemangacine.fr\/katana-et-epee-de-manga-anime-autre-manga\/katana-de-yami-dans-black-clover\/#primaryimage","url":"https:\/\/repliquemangacine.fr\/wp-content\/uploads\/2023\/11\/Katana-Yami-Black-Clover-lame.jpg","contentUrl":"https:\/\/repliquemangacine.fr\/wp-content\/uploads\/2023\/11\/Katana-Yami-Black-Clover-lame.jpg","width":500,"height":500,"caption":"Katana de Yami dans Black Clover"},{"@type":"BreadcrumbList","@id":"https:\/\/repliquemangacine.fr\/katana-et-epee-de-manga-anime-autre-manga\/katana-de-yami-dans-black-clover\/#breadcrumb","itemListElement":[{"@type":"ListItem","position":1,"name":"Accueil","item":"https:\/\/repliquemangacine.fr\/"},{"@type":"ListItem","position":2,"name":"Produits","item":"https:\/\/repliquemangacine.fr\/boutique\/"},{"@type":"ListItem","position":3,"name":"Katana de Yami dans Black Clover"}]},{"@type":"WebSite","@id":"https:\/\/repliquemangacine.fr\/#website","url":"https:\/\/repliquemangacine.fr\/","name":"R\u00e9plique Manga Cin\u00e9","description":"","publisher":{"@id":"https:\/\/repliquemangacine.fr\/#organization"},"potentialAction":[{"@type":"SearchAction","target":{"@type":"EntryPoint","urlTemplate":"https:\/\/repliquemangacine.fr\/?s={search_term_string}"},"query-input":{"@type":"PropertyValueSpecification","valueRequired":true,"valueName":"search_term_string"}}],"inLanguage":"it-IT"},{"@type":"Organization","@id":"https:\/\/repliquemangacine.fr\/#organization","name":"R\u00e9plique Manga Cin\u00e9","url":"https:\/\/repliquemangacine.fr\/","logo":{"@type":"ImageObject","inLanguage":"it-IT","@id":"https:\/\/repliquemangacine.fr\/#\/schema\/logo\/image\/","url":"https:\/\/repliquemangacine.fr\/wp-content\/uploads\/2023\/10\/RMC-500250.png","contentUrl":"https:\/\/repliquemangacine.fr\/wp-content\/uploads\/2023\/10\/RMC-500250.png","width":500,"height":250,"caption":"R\u00e9plique Manga Cin\u00e9"},"image":{"@id":"https:\/\/repliquemangacine.fr\/#\/schema\/logo\/image\/"},"sameAs":["https:\/\/www.facebook.com\/RepliqueMangaCine","https:\/\/www.instagram.com\/repliquemangacine.fr\/"]}]}},"_links":{"self":[{"href":"https:\/\/repliquemangacine.fr\/it\/wp-json\/wp\/v2\/product\/65656","targetHints":{"allow":["GET"]}}],"collection":[{"href":"https:\/\/repliquemangacine.fr\/it\/wp-json\/wp\/v2\/product"}],"about":[{"href":"https:\/\/repliquemangacine.fr\/it\/wp-json\/wp\/v2\/types\/product"}],"wp:featuredmedia":[{"embeddable":true,"href":"https:\/\/repliquemangacine.fr\/it\/wp-json\/wp\/v2\/media\/65658"}],"wp:attachment":[{"href":"https:\/\/repliquemangacine.fr\/it\/wp-json\/wp\/v2\/media?parent=65656"}],"wp:term":[{"taxonomy":"product_brand","embeddable":true,"href":"https:\/\/repliquemangacine.fr\/it\/wp-json\/wp\/v2\/product_brand?post=65656"},{"taxonomy":"product_cat","embeddable":true,"href":"https:\/\/repliquemangacine.fr\/it\/wp-json\/wp\/v2\/product_cat?post=65656"},{"taxonomy":"product_tag","embeddable":true,"href":"https:\/\/repliquemangacine.fr\/it\/wp-json\/wp\/v2\/product_tag?post=65656"}],"curies":[{"name":"wp","href":"https:\/\/api.w.org\/{rel}","templated":true}]}}