





{"id":65630,"date":"2023-11-19T18:24:19","date_gmt":"2023-11-19T17:24:19","guid":{"rendered":"https:\/\/repliquemangacine.fr\/?post_type=product&#038;p=65630"},"modified":"2026-02-18T20:35:18","modified_gmt":"2026-02-18T19:35:18","slug":"supporto-in-legno-napoleone","status":"publish","type":"product","link":"https:\/\/repliquemangacine.fr\/it\/repliques-darmes-napoleon\/support-en-bois-napoleon\/","title":{"rendered":"Piedistallo in legno Napoleon"},"content":{"rendered":"<h2>Piedistallo in legno Napoleon - Denix<\/h2>\n<p>Per iniziare, il supporto in legno Napoleone \u00e8 essenziale per una bella presentazione delle vostre armi. Denix ci propone un'idea originale di supporto con un semplice incastro, senza chiodi n\u00e9 viti.<\/p>\n<p>Con questo piccolo oggetto potrete esporre a basso costo tutte le vostre pistole e revolver, nonch\u00e9 le vostre spade e pugnali. Denix, azienda spagnola di fama mondiale nella vendita di riproduzioni di armi storiche.<\/p>\n<p>Inoltre, leader nel suo settore da oltre 50 anni, esporta in pi\u00f9 di 40 paesi, con una vasta rete di distributori di cui facciamo parte, per la gioia di tutti. Va sottolineato che nel loro catalogo sono presenti tutte le epoche storiche:<\/p>\n<ul>\n<li>L'antichit\u00e0 e le sue spade<\/li>\n<li>Il Medioevo e le spade<\/li>\n<li><a href=\"https:\/\/repliquemangacine.fr\/it\/primo-impero\/\">Periodo napoleonico<\/a> con i suoi fucili, pistole e sciabole<\/li>\n<li>Il mondo occidentale e i suoi puledri e vitelloni<\/li>\n<li>La seconda guerra mondiale e le sue conseguenze <a href=\"https:\/\/repliquemangacine.fr\/it\/riproduzione-armi-seconda-guerra-mondiale-denix\/\">Armi del D-Day<\/a><\/li>\n<\/ul>\n<h2>Le vostre armi Denix replica al miglior prezzo.<\/h2>\n<p>Vi offriamo una vastissima scelta di riproduzioni di armi del marchio <a href=\"https:\/\/www.denix.fr\/\" target=\"_blank\" rel=\"noopener noreferrer\">Denix<\/a>.<\/p>\n<p>Innanzitutto,<\/p>\n<ul>\n<li>Repliche dal mondo antico, come l'artiglio di Giulio Cesare, con la sua notevole finitura.<\/li>\n<li>C'\u00e8 anche il periodo western con i Winchester e i Cowboy.<\/li>\n<li>Oltre ai periodi antichi e medievali, come la spada di Re Art\u00f9 Excalibur<\/li>\n<li>Concludere la Seconda Guerra Mondiale con tutte le armi utilizzate nel D-Day.<\/li>\n<li>E molto, molto altro ancora da scoprire nel nostro negozio online!<\/li>\n<\/ul>\n<p>Ecco quindi alcune fantastiche idee regalo per tutti gli appassionati di storia. In conclusione, potete utilizzare questo supporto in legno per colt come elemento decorativo e per esporre le vostre armi da collezione.<\/p>\n<p>R\u00e9plique Manga Cin\u00e9 \u00e8 un'azienda familiare francese, distributore ufficiale del marchio Denix.<\/p>\n<h2>Stand in legno di Napoleone: per festeggiare l'uscita del film di Ridley Scott<\/h2>\n<p>In occasione dell'uscita del nuovo film epico di Ridley Scott, siamo orgogliosi di presentare il supporto in legno Napoleone.<\/p>\n<p>Progettati appositamente per gli appassionati della storia napoleonica. Realizzati con cura e precisione, perfetti per valorizzare le vostre repliche di armi napoleoniche.,<br \/>\nche si tratti di spade, pugnali o fucili.<\/p>\n<h3>Un omaggio al genio militare di Napoleone<\/h3>\n<p>Progettati per completare ed esaltare la bellezza della vostra collezione. Ispirati al genio militare e all'estetica dell'epoca napoleonica. Realizzati con materiali di alta qualit\u00e0, garantiscono durata ed eleganza. Non solo offrono un modo sicuro e accattivante per esporre le vostre repliche, ma costituiscono anche un omaggio a una delle figure pi\u00f9 emblematiche della storia.<\/p>\n<p>In conclusione, approfittate di questa occasione unica per arricchire la vostra collezione con un accessorio degno del grande Napoleone.<\/p>\n<p>&nbsp;<\/p>","protected":false},"excerpt":{"rendered":"<p>Magnifico supporto in legno con emblema della corona, appositamente progettato da Denix per l'uscita del film \"Napoleon\" di Ridley Scott.<\/p>\n<ul>\n<li>Tutto il legno verniciato<\/li>\n<li>Emblema in metallo finemente decorato<\/li>\n<li>Facile installazione a incastro<\/li>\n<\/ul>","protected":false},"featured_media":65631,"template":"","meta":[],"product_brand":[896],"product_cat":[55,52,833],"product_tag":[],"class_list":{"0":"post-65630","1":"product","2":"type-product","3":"status-publish","4":"has-post-thumbnail","6":"product_brand-replique-manga-cine","7":"product_cat-fusil-ancien","8":"product_cat-pistolet-ancien","9":"product_cat-repliques-darmes-napoleon","11":"first","12":"outofstock","13":"taxable","14":"shipping-taxable","15":"purchasable","16":"product-type-simple"},"yoast_head":"<!-- This site is optimized with the Yoast SEO plugin v27.4 - https:\/\/yoast.com\/product\/yoast-seo-wordpress\/ -->\n<title>Support en bois Napol\u00e9on - R\u00e9pliques et accessoires Denix | R\u00e9plique Manga Cin\u00e9<\/title>\n<meta name=\"description\" content=\"D\u00e9couvrez ce magnifique Support en bois Napol\u00e9on avec son embl\u00e8me de la couronne en m\u00e9tal finement d\u00e9cor\u00e9. Support tout en bois \u00e0 emboiter\" \/>\n<meta name=\"robots\" content=\"index, follow, max-snippet:-1, max-image-preview:large, max-video-preview:-1\" \/>\n<link rel=\"canonical\" href=\"https:\/\/repliquemangacine.fr\/it\/replica-pistole-napoleoniche\/supporto-in-legno-napoleone\/\" \/>\n<meta property=\"og:locale\" content=\"it_IT\" \/>\n<meta property=\"og:type\" content=\"article\" \/>\n<meta property=\"og:title\" content=\"Support en bois Napol\u00e9on - R\u00e9pliques et accessoires Denix | R\u00e9plique Manga Cin\u00e9\" \/>\n<meta property=\"og:description\" content=\"D\u00e9couvrez ce magnifique Support en bois Napol\u00e9on avec son embl\u00e8me de la couronne en m\u00e9tal finement d\u00e9cor\u00e9. Support tout en bois \u00e0 emboiter\" \/>\n<meta property=\"og:url\" content=\"https:\/\/repliquemangacine.fr\/it\/replica-pistole-napoleoniche\/supporto-in-legno-napoleone\/\" \/>\n<meta property=\"og:site_name\" content=\"R\u00e9plique Manga Cin\u00e9\" \/>\n<meta property=\"article:publisher\" content=\"https:\/\/www.facebook.com\/RepliqueMangaCine\" \/>\n<meta property=\"article:modified_time\" content=\"2026-02-18T19:35:18+00:00\" \/>\n<meta property=\"og:image\" content=\"https:\/\/repliquemangacine.fr\/wp-content\/uploads\/2023\/11\/Support-bois-Napoleon.jpg\" \/>\n\t<meta property=\"og:image:width\" content=\"500\" \/>\n\t<meta property=\"og:image:height\" content=\"500\" \/>\n\t<meta property=\"og:image:type\" content=\"image\/jpeg\" \/>\n<meta name=\"twitter:card\" content=\"summary_large_image\" \/>\n<meta name=\"twitter:label1\" content=\"Tempo di lettura stimato\" \/>\n\t<meta name=\"twitter:data1\" content=\"3 minuti\" \/>\n<script type=\"application\/ld+json\" class=\"yoast-schema-graph\">{\"@context\":\"https:\\\/\\\/schema.org\",\"@graph\":[{\"@type\":\"WebPage\",\"@id\":\"https:\\\/\\\/repliquemangacine.fr\\\/repliques-darmes-napoleon\\\/support-en-bois-napoleon\\\/\",\"url\":\"https:\\\/\\\/repliquemangacine.fr\\\/repliques-darmes-napoleon\\\/support-en-bois-napoleon\\\/\",\"name\":\"Support en bois Napol\u00e9on - R\u00e9pliques et accessoires Denix | R\u00e9plique Manga Cin\u00e9\",\"isPartOf\":{\"@id\":\"https:\\\/\\\/repliquemangacine.fr\\\/#website\"},\"primaryImageOfPage\":{\"@id\":\"https:\\\/\\\/repliquemangacine.fr\\\/repliques-darmes-napoleon\\\/support-en-bois-napoleon\\\/#primaryimage\"},\"image\":{\"@id\":\"https:\\\/\\\/repliquemangacine.fr\\\/repliques-darmes-napoleon\\\/support-en-bois-napoleon\\\/#primaryimage\"},\"thumbnailUrl\":\"https:\\\/\\\/repliquemangacine.fr\\\/wp-content\\\/uploads\\\/2023\\\/11\\\/Support-bois-Napoleon.jpg\",\"datePublished\":\"2023-11-19T17:24:19+00:00\",\"dateModified\":\"2026-02-18T19:35:18+00:00\",\"description\":\"D\u00e9couvrez ce magnifique Support en bois Napol\u00e9on avec son embl\u00e8me de la couronne en m\u00e9tal finement d\u00e9cor\u00e9. Support tout en bois \u00e0 emboiter\",\"breadcrumb\":{\"@id\":\"https:\\\/\\\/repliquemangacine.fr\\\/repliques-darmes-napoleon\\\/support-en-bois-napoleon\\\/#breadcrumb\"},\"inLanguage\":\"it-IT\",\"potentialAction\":[{\"@type\":\"ReadAction\",\"target\":[\"https:\\\/\\\/repliquemangacine.fr\\\/repliques-darmes-napoleon\\\/support-en-bois-napoleon\\\/\"]}]},{\"@type\":\"ImageObject\",\"inLanguage\":\"it-IT\",\"@id\":\"https:\\\/\\\/repliquemangacine.fr\\\/repliques-darmes-napoleon\\\/support-en-bois-napoleon\\\/#primaryimage\",\"url\":\"https:\\\/\\\/repliquemangacine.fr\\\/wp-content\\\/uploads\\\/2023\\\/11\\\/Support-bois-Napoleon.jpg\",\"contentUrl\":\"https:\\\/\\\/repliquemangacine.fr\\\/wp-content\\\/uploads\\\/2023\\\/11\\\/Support-bois-Napoleon.jpg\",\"width\":500,\"height\":500,\"caption\":\"Support en bois Napol\u00e9on\"},{\"@type\":\"BreadcrumbList\",\"@id\":\"https:\\\/\\\/repliquemangacine.fr\\\/repliques-darmes-napoleon\\\/support-en-bois-napoleon\\\/#breadcrumb\",\"itemListElement\":[{\"@type\":\"ListItem\",\"position\":1,\"name\":\"Accueil\",\"item\":\"https:\\\/\\\/repliquemangacine.fr\\\/\"},{\"@type\":\"ListItem\",\"position\":2,\"name\":\"Produits\",\"item\":\"https:\\\/\\\/repliquemangacine.fr\\\/boutique\\\/\"},{\"@type\":\"ListItem\",\"position\":3,\"name\":\"Support en bois Napol\u00e9on\"}]},{\"@type\":\"WebSite\",\"@id\":\"https:\\\/\\\/repliquemangacine.fr\\\/#website\",\"url\":\"https:\\\/\\\/repliquemangacine.fr\\\/\",\"name\":\"R\u00e9plique Manga Cin\u00e9\",\"description\":\"\",\"publisher\":{\"@id\":\"https:\\\/\\\/repliquemangacine.fr\\\/#organization\"},\"potentialAction\":[{\"@type\":\"SearchAction\",\"target\":{\"@type\":\"EntryPoint\",\"urlTemplate\":\"https:\\\/\\\/repliquemangacine.fr\\\/?s={search_term_string}\"},\"query-input\":{\"@type\":\"PropertyValueSpecification\",\"valueRequired\":true,\"valueName\":\"search_term_string\"}}],\"inLanguage\":\"it-IT\"},{\"@type\":\"Organization\",\"@id\":\"https:\\\/\\\/repliquemangacine.fr\\\/#organization\",\"name\":\"R\u00e9plique Manga Cin\u00e9\",\"url\":\"https:\\\/\\\/repliquemangacine.fr\\\/\",\"logo\":{\"@type\":\"ImageObject\",\"inLanguage\":\"it-IT\",\"@id\":\"https:\\\/\\\/repliquemangacine.fr\\\/#\\\/schema\\\/logo\\\/image\\\/\",\"url\":\"https:\\\/\\\/repliquemangacine.fr\\\/wp-content\\\/uploads\\\/2023\\\/10\\\/RMC-500250.png\",\"contentUrl\":\"https:\\\/\\\/repliquemangacine.fr\\\/wp-content\\\/uploads\\\/2023\\\/10\\\/RMC-500250.png\",\"width\":500,\"height\":250,\"caption\":\"R\u00e9plique Manga Cin\u00e9\"},\"image\":{\"@id\":\"https:\\\/\\\/repliquemangacine.fr\\\/#\\\/schema\\\/logo\\\/image\\\/\"},\"sameAs\":[\"https:\\\/\\\/www.facebook.com\\\/RepliqueMangaCine\",\"https:\\\/\\\/www.instagram.com\\\/repliquemangacine.fr\\\/\"]}]}<\/script>\n<!-- \/ Yoast SEO plugin. -->","yoast_head_json":{"title":"Piedistallo in legno di Napoleone - Repliche e accessori Denix | R\u00e9plique Manga Cin\u00e9","description":"Scoprite questo magnifico supporto in legno di Napoleone con l'emblema della corona in metallo finemente decorato. Piedistallo interamente in legno da assemblare a scatto","robots":{"index":"index","follow":"follow","max-snippet":"max-snippet:-1","max-image-preview":"max-image-preview:large","max-video-preview":"max-video-preview:-1"},"canonical":"https:\/\/repliquemangacine.fr\/it\/replica-pistole-napoleoniche\/supporto-in-legno-napoleone\/","og_locale":"it_IT","og_type":"article","og_title":"Support en bois Napol\u00e9on - R\u00e9pliques et accessoires Denix | R\u00e9plique Manga Cin\u00e9","og_description":"D\u00e9couvrez ce magnifique Support en bois Napol\u00e9on avec son embl\u00e8me de la couronne en m\u00e9tal finement d\u00e9cor\u00e9. Support tout en bois \u00e0 emboiter","og_url":"https:\/\/repliquemangacine.fr\/it\/replica-pistole-napoleoniche\/supporto-in-legno-napoleone\/","og_site_name":"R\u00e9plique Manga Cin\u00e9","article_publisher":"https:\/\/www.facebook.com\/RepliqueMangaCine","article_modified_time":"2026-02-18T19:35:18+00:00","og_image":[{"width":500,"height":500,"url":"https:\/\/repliquemangacine.fr\/wp-content\/uploads\/2023\/11\/Support-bois-Napoleon.jpg","type":"image\/jpeg"}],"twitter_card":"summary_large_image","twitter_misc":{"Tempo di lettura stimato":"3 minuti"},"schema":{"@context":"https:\/\/schema.org","@graph":[{"@type":"WebPage","@id":"https:\/\/repliquemangacine.fr\/repliques-darmes-napoleon\/support-en-bois-napoleon\/","url":"https:\/\/repliquemangacine.fr\/repliques-darmes-napoleon\/support-en-bois-napoleon\/","name":"Piedistallo in legno di Napoleone - Repliche e accessori Denix | R\u00e9plique Manga Cin\u00e9","isPartOf":{"@id":"https:\/\/repliquemangacine.fr\/#website"},"primaryImageOfPage":{"@id":"https:\/\/repliquemangacine.fr\/repliques-darmes-napoleon\/support-en-bois-napoleon\/#primaryimage"},"image":{"@id":"https:\/\/repliquemangacine.fr\/repliques-darmes-napoleon\/support-en-bois-napoleon\/#primaryimage"},"thumbnailUrl":"https:\/\/repliquemangacine.fr\/wp-content\/uploads\/2023\/11\/Support-bois-Napoleon.jpg","datePublished":"2023-11-19T17:24:19+00:00","dateModified":"2026-02-18T19:35:18+00:00","description":"Scoprite questo magnifico supporto in legno di Napoleone con l'emblema della corona in metallo finemente decorato. Piedistallo interamente in legno da assemblare a scatto","breadcrumb":{"@id":"https:\/\/repliquemangacine.fr\/repliques-darmes-napoleon\/support-en-bois-napoleon\/#breadcrumb"},"inLanguage":"it-IT","potentialAction":[{"@type":"ReadAction","target":["https:\/\/repliquemangacine.fr\/repliques-darmes-napoleon\/support-en-bois-napoleon\/"]}]},{"@type":"ImageObject","inLanguage":"it-IT","@id":"https:\/\/repliquemangacine.fr\/repliques-darmes-napoleon\/support-en-bois-napoleon\/#primaryimage","url":"https:\/\/repliquemangacine.fr\/wp-content\/uploads\/2023\/11\/Support-bois-Napoleon.jpg","contentUrl":"https:\/\/repliquemangacine.fr\/wp-content\/uploads\/2023\/11\/Support-bois-Napoleon.jpg","width":500,"height":500,"caption":"Support en bois Napol\u00e9on"},{"@type":"BreadcrumbList","@id":"https:\/\/repliquemangacine.fr\/repliques-darmes-napoleon\/support-en-bois-napoleon\/#breadcrumb","itemListElement":[{"@type":"ListItem","position":1,"name":"Accueil","item":"https:\/\/repliquemangacine.fr\/"},{"@type":"ListItem","position":2,"name":"Produits","item":"https:\/\/repliquemangacine.fr\/boutique\/"},{"@type":"ListItem","position":3,"name":"Support en bois Napol\u00e9on"}]},{"@type":"WebSite","@id":"https:\/\/repliquemangacine.fr\/#website","url":"https:\/\/repliquemangacine.fr\/","name":"R\u00e9plique Manga Cin\u00e9","description":"","publisher":{"@id":"https:\/\/repliquemangacine.fr\/#organization"},"potentialAction":[{"@type":"SearchAction","target":{"@type":"EntryPoint","urlTemplate":"https:\/\/repliquemangacine.fr\/?s={search_term_string}"},"query-input":{"@type":"PropertyValueSpecification","valueRequired":true,"valueName":"search_term_string"}}],"inLanguage":"it-IT"},{"@type":"Organization","@id":"https:\/\/repliquemangacine.fr\/#organization","name":"R\u00e9plique Manga Cin\u00e9","url":"https:\/\/repliquemangacine.fr\/","logo":{"@type":"ImageObject","inLanguage":"it-IT","@id":"https:\/\/repliquemangacine.fr\/#\/schema\/logo\/image\/","url":"https:\/\/repliquemangacine.fr\/wp-content\/uploads\/2023\/10\/RMC-500250.png","contentUrl":"https:\/\/repliquemangacine.fr\/wp-content\/uploads\/2023\/10\/RMC-500250.png","width":500,"height":250,"caption":"R\u00e9plique Manga Cin\u00e9"},"image":{"@id":"https:\/\/repliquemangacine.fr\/#\/schema\/logo\/image\/"},"sameAs":["https:\/\/www.facebook.com\/RepliqueMangaCine","https:\/\/www.instagram.com\/repliquemangacine.fr\/"]}]}},"_links":{"self":[{"href":"https:\/\/repliquemangacine.fr\/it\/wp-json\/wp\/v2\/product\/65630","targetHints":{"allow":["GET"]}}],"collection":[{"href":"https:\/\/repliquemangacine.fr\/it\/wp-json\/wp\/v2\/product"}],"about":[{"href":"https:\/\/repliquemangacine.fr\/it\/wp-json\/wp\/v2\/types\/product"}],"wp:featuredmedia":[{"embeddable":true,"href":"https:\/\/repliquemangacine.fr\/it\/wp-json\/wp\/v2\/media\/65631"}],"wp:attachment":[{"href":"https:\/\/repliquemangacine.fr\/it\/wp-json\/wp\/v2\/media?parent=65630"}],"wp:term":[{"taxonomy":"product_brand","embeddable":true,"href":"https:\/\/repliquemangacine.fr\/it\/wp-json\/wp\/v2\/product_brand?post=65630"},{"taxonomy":"product_cat","embeddable":true,"href":"https:\/\/repliquemangacine.fr\/it\/wp-json\/wp\/v2\/product_cat?post=65630"},{"taxonomy":"product_tag","embeddable":true,"href":"https:\/\/repliquemangacine.fr\/it\/wp-json\/wp\/v2\/product_tag?post=65630"}],"curies":[{"name":"wp","href":"https:\/\/api.w.org\/{rel}","templated":true}]}}