





{"id":65618,"date":"2023-11-19T17:29:01","date_gmt":"2023-11-19T16:29:01","guid":{"rendered":"https:\/\/repliquemangacine.fr\/?post_type=product&#038;p=65618"},"modified":"2026-03-27T15:05:53","modified_gmt":"2026-03-27T14:05:53","slug":"il-pugnale-dellincoronazione-di-napoleone","status":"publish","type":"product","link":"https:\/\/repliquemangacine.fr\/it\/repliques-darmes-napoleon\/dague-du-sacre-de-napoleon\/","title":{"rendered":"Il pugnale dell'incoronazione di Napoleone"},"content":{"rendered":"<h2>Il pugnale dell'incoronazione di Napoleone: un simbolo di eleganza e potere<\/h2>\n<p>Per cominciare, il pugnale dell'incoronazione di Napoleone, modello 1809, \u00e8 stato realizzato da Martin-Guillaume Biennais, \u00abOrafo di Sua Maest\u00e0 l'Imperatore e Re a Parigi\u00bb.<br \/>\nReca gli emblemi imperiali.<\/p>\n<p>Questo oggetto, spesso oscurato dalle famose spade dell'imperatore, possiede tuttavia un proprio valore storico e artistico. Riccamente decorato, simboleggiava l'eleganza e il potere di Napoleone.<\/p>\n<h3>Finezza e maestria: il pugnale da cerimonia di Napoleone<\/h3>\n<p>Il pugnale di Napoleone era un capolavoro di artigianato. L'orafo dell'epoca prest\u00f2 particolare attenzione ai dettagli. Decorando l'elsa e il fodero con motivi<br \/>\ncomplessi.  Non era solo un'arma, ma una vera e propria opera d'arte, che rappresentava lo status e il gusto raffinato dell'imperatore.<\/p>\n<p>Questo pugnale di Bonaparte rappresenta molto pi\u00f9 di una semplice arma: \u00e8 un emblema della storia e della grandezza dell'epoca napoleonica.<\/p>\n<h2>Armi napoleoniche Denix: un tesoro del passato<\/h2>\n<p>Le pistole Denix offrono una finestra unica sul passato, combinando la bellezza dell'artigianato antico con la precisione moderna.  Prodotte da uno dei leader mondiali nella produzione di armi storiche, sono pezzi eccezionali per gli amanti della storia e i collezionisti. Ecco solo alcuni esempi:<\/p>\n<ul>\n<li>Le <a href=\"https:\/\/repliquemangacine.fr\/it\/replica-pistole-napoleoniche\/accendino-con-sciabola-del-1-impero-di-fanteria-napoleonico\/\">sciabola pi\u00f9 leggera<\/a> Fanteria napoleonica<\/li>\n<li>C'\u00e8 anche il<a href=\"https:\/\/repliquemangacine.fr\/it\/replica-pistole-napoleoniche\/cannone-napoleone-1857-usa-guerra-civile-denix\/\"> cannone in miniatura<\/a> di Napoleone<\/li>\n<li>Cos\u00ec come il <a href=\"https:\/\/repliquemangacine.fr\/it\/replica-pistole-napoleoniche\/fucile-charleville-1806-con-baionetta\/\">Fucile Charleville 1806<\/a> con la sua baionetta<\/li>\n<\/ul>\n<p>Tutte le sue repliche riflettono la ricchezza della storia attraverso dettagli meticolosi e un'artigianalit\u00e0 superiore.<\/p>\n<h3>Qualit\u00e0 e autenticit\u00e0: Denix si distingue per la sua qualit\u00e0<\/h3>\n<p>Infine, il <a href=\"https:\/\/www.denix.fr\/\" target=\"_blank\" rel=\"noopener noreferrer\">Denix<\/a> si distingue per la capacit\u00e0 di creare repliche storiche che combinano la fedelt\u00e0 all'originale con una qualit\u00e0 eccezionale. Ma non si tratta di semplici riproduzioni. Sono il risultato di una meticolosa lavorazione artigianale, nel rispetto delle tecniche e del design dell'epoca.<\/p>\n<h2>Come vengono realizzate le repliche delle armi Denix?<\/h2>\n<p>Utilizzate in rievocazioni storiche, film, serie e dai collezionisti. Le riproduzioni Denix sono realizzate con materiali di alta qualit\u00e0. Sono accuratamente lavorate e assemblate per creare armi realistiche da collezione.<\/p>\n<ul>\n<li>I metalli sono in una lega metallica nota come Zamac, la cui composizione di base \u00e8 zinco in 95%.<\/li>\n<li>Le spade e i pugnali hanno una lama in acciaio inossidabile di alta qualit\u00e0.<\/li>\n<li>Le parti in plastica delle repliche sono realizzate in ABS stampato, che offre una grande resistenza.<\/li>\n<li>Il legno scelto per la sua bellezza e durata, come il mogano, l'ulivo o il noce, conferir\u00e0 ai mozziconi e alle botti un aspetto elegante e autentico.<\/li>\n<\/ul>\n<p>Vale la pena sottolineare che tutte le riproduzioni di armi Denix sono identiche agli originali, come il pugnale dell'incoronazione di Napoleone.<\/p>","protected":false},"excerpt":{"rendered":"<p>Splendida replica del pugnale dell'incoronazione di Napoleone modello 1809 firmato Denix<\/p>\n<ul>\n<li>Lama decorata in acciaio inossidabile.<\/li>\n<li>Maniglia in metallo riccamente decorata con la testa dell'imperatore<\/li>\n<li>Fodero con emblema N e aquila ad ali spiegate.<\/li>\n<li>Anello laterale per il trasporto<\/li>\n<li>Lunghezza totale: 41 cm<\/li>\n<\/ul>","protected":false},"featured_media":65619,"template":"","meta":[],"product_brand":[896],"product_cat":[25,833],"product_tag":[],"class_list":{"0":"post-65618","1":"product","2":"type-product","3":"status-publish","4":"has-post-thumbnail","6":"product_brand-replique-manga-cine","7":"product_cat-armes-historiques","8":"product_cat-repliques-darmes-napoleon","10":"first","11":"instock","12":"taxable","13":"shipping-taxable","14":"purchasable","15":"product-type-simple"},"yoast_head":"<!-- This site is optimized with the Yoast SEO plugin v27.4 - https:\/\/yoast.com\/product\/yoast-seo-wordpress\/ -->\n<title>Dague du Sacre de Napol\u00e9on - R\u00e9pliques d&#039;armes Denix | R\u00e9plique Manga Cin\u00e9<\/title>\n<meta name=\"description\" content=\"\u00c0 l&#039;occasion de la sortie du film &quot; Napol\u00e9on &quot; de Ridley Scott, la Dague du Sacre de Napol\u00e9on. Lame acier. Fourreau et poign\u00e9e avec embl\u00e8me de l&#039;empereur.\" \/>\n<meta name=\"robots\" content=\"index, follow, max-snippet:-1, max-image-preview:large, max-video-preview:-1\" \/>\n<link rel=\"canonical\" href=\"https:\/\/repliquemangacine.fr\/it\/replica-pistole-napoleoniche\/il-pugnale-dellincoronazione-di-napoleone\/\" \/>\n<meta property=\"og:locale\" content=\"it_IT\" \/>\n<meta property=\"og:type\" content=\"article\" \/>\n<meta property=\"og:title\" content=\"Dague du Sacre de Napol\u00e9on - R\u00e9pliques d&#039;armes Denix | R\u00e9plique Manga Cin\u00e9\" \/>\n<meta property=\"og:description\" content=\"\u00c0 l&#039;occasion de la sortie du film &quot; Napol\u00e9on &quot; de Ridley Scott, la Dague du Sacre de Napol\u00e9on. Lame acier. Fourreau et poign\u00e9e avec embl\u00e8me de l&#039;empereur.\" \/>\n<meta property=\"og:url\" content=\"https:\/\/repliquemangacine.fr\/it\/replica-pistole-napoleoniche\/il-pugnale-dellincoronazione-di-napoleone\/\" \/>\n<meta property=\"og:site_name\" content=\"R\u00e9plique Manga Cin\u00e9\" \/>\n<meta property=\"article:publisher\" content=\"https:\/\/www.facebook.com\/RepliqueMangaCine\" \/>\n<meta property=\"article:modified_time\" content=\"2026-03-27T14:05:53+00:00\" \/>\n<meta property=\"og:image\" content=\"https:\/\/repliquemangacine.fr\/wp-content\/uploads\/2023\/11\/dague-Napoleon-lame-jpg.jpg\" \/>\n\t<meta property=\"og:image:width\" content=\"500\" \/>\n\t<meta property=\"og:image:height\" content=\"500\" \/>\n\t<meta property=\"og:image:type\" content=\"image\/jpeg\" \/>\n<meta name=\"twitter:card\" content=\"summary_large_image\" \/>\n<meta name=\"twitter:label1\" content=\"Tempo di lettura stimato\" \/>\n\t<meta name=\"twitter:data1\" content=\"3 minuti\" \/>\n<script type=\"application\/ld+json\" class=\"yoast-schema-graph\">{\"@context\":\"https:\\\/\\\/schema.org\",\"@graph\":[{\"@type\":\"WebPage\",\"@id\":\"https:\\\/\\\/repliquemangacine.fr\\\/repliques-darmes-napoleon\\\/dague-du-sacre-de-napoleon\\\/\",\"url\":\"https:\\\/\\\/repliquemangacine.fr\\\/repliques-darmes-napoleon\\\/dague-du-sacre-de-napoleon\\\/\",\"name\":\"Dague du Sacre de Napol\u00e9on - R\u00e9pliques d'armes Denix | R\u00e9plique Manga Cin\u00e9\",\"isPartOf\":{\"@id\":\"https:\\\/\\\/repliquemangacine.fr\\\/#website\"},\"primaryImageOfPage\":{\"@id\":\"https:\\\/\\\/repliquemangacine.fr\\\/repliques-darmes-napoleon\\\/dague-du-sacre-de-napoleon\\\/#primaryimage\"},\"image\":{\"@id\":\"https:\\\/\\\/repliquemangacine.fr\\\/repliques-darmes-napoleon\\\/dague-du-sacre-de-napoleon\\\/#primaryimage\"},\"thumbnailUrl\":\"https:\\\/\\\/repliquemangacine.fr\\\/wp-content\\\/uploads\\\/2023\\\/11\\\/dague-Napoleon-lame-jpg.jpg\",\"datePublished\":\"2023-11-19T16:29:01+00:00\",\"dateModified\":\"2026-03-27T14:05:53+00:00\",\"description\":\"\u00c0 l'occasion de la sortie du film \\\" Napol\u00e9on \\\" de Ridley Scott, la Dague du Sacre de Napol\u00e9on. Lame acier. Fourreau et poign\u00e9e avec embl\u00e8me de l'empereur.\",\"breadcrumb\":{\"@id\":\"https:\\\/\\\/repliquemangacine.fr\\\/repliques-darmes-napoleon\\\/dague-du-sacre-de-napoleon\\\/#breadcrumb\"},\"inLanguage\":\"it-IT\",\"potentialAction\":[{\"@type\":\"ReadAction\",\"target\":[\"https:\\\/\\\/repliquemangacine.fr\\\/repliques-darmes-napoleon\\\/dague-du-sacre-de-napoleon\\\/\"]}]},{\"@type\":\"ImageObject\",\"inLanguage\":\"it-IT\",\"@id\":\"https:\\\/\\\/repliquemangacine.fr\\\/repliques-darmes-napoleon\\\/dague-du-sacre-de-napoleon\\\/#primaryimage\",\"url\":\"https:\\\/\\\/repliquemangacine.fr\\\/wp-content\\\/uploads\\\/2023\\\/11\\\/dague-Napoleon-lame-jpg.jpg\",\"contentUrl\":\"https:\\\/\\\/repliquemangacine.fr\\\/wp-content\\\/uploads\\\/2023\\\/11\\\/dague-Napoleon-lame-jpg.jpg\",\"width\":500,\"height\":500,\"caption\":\"Dague du Sacre de Napol\u00e9on\"},{\"@type\":\"BreadcrumbList\",\"@id\":\"https:\\\/\\\/repliquemangacine.fr\\\/repliques-darmes-napoleon\\\/dague-du-sacre-de-napoleon\\\/#breadcrumb\",\"itemListElement\":[{\"@type\":\"ListItem\",\"position\":1,\"name\":\"Accueil\",\"item\":\"https:\\\/\\\/repliquemangacine.fr\\\/\"},{\"@type\":\"ListItem\",\"position\":2,\"name\":\"Produits\",\"item\":\"https:\\\/\\\/repliquemangacine.fr\\\/boutique\\\/\"},{\"@type\":\"ListItem\",\"position\":3,\"name\":\"Dague du Sacre de Napol\u00e9on\"}]},{\"@type\":\"WebSite\",\"@id\":\"https:\\\/\\\/repliquemangacine.fr\\\/#website\",\"url\":\"https:\\\/\\\/repliquemangacine.fr\\\/\",\"name\":\"R\u00e9plique Manga Cin\u00e9\",\"description\":\"\",\"publisher\":{\"@id\":\"https:\\\/\\\/repliquemangacine.fr\\\/#organization\"},\"potentialAction\":[{\"@type\":\"SearchAction\",\"target\":{\"@type\":\"EntryPoint\",\"urlTemplate\":\"https:\\\/\\\/repliquemangacine.fr\\\/?s={search_term_string}\"},\"query-input\":{\"@type\":\"PropertyValueSpecification\",\"valueRequired\":true,\"valueName\":\"search_term_string\"}}],\"inLanguage\":\"it-IT\"},{\"@type\":\"Organization\",\"@id\":\"https:\\\/\\\/repliquemangacine.fr\\\/#organization\",\"name\":\"R\u00e9plique Manga Cin\u00e9\",\"url\":\"https:\\\/\\\/repliquemangacine.fr\\\/\",\"logo\":{\"@type\":\"ImageObject\",\"inLanguage\":\"it-IT\",\"@id\":\"https:\\\/\\\/repliquemangacine.fr\\\/#\\\/schema\\\/logo\\\/image\\\/\",\"url\":\"https:\\\/\\\/repliquemangacine.fr\\\/wp-content\\\/uploads\\\/2023\\\/10\\\/RMC-500250.png\",\"contentUrl\":\"https:\\\/\\\/repliquemangacine.fr\\\/wp-content\\\/uploads\\\/2023\\\/10\\\/RMC-500250.png\",\"width\":500,\"height\":250,\"caption\":\"R\u00e9plique Manga Cin\u00e9\"},\"image\":{\"@id\":\"https:\\\/\\\/repliquemangacine.fr\\\/#\\\/schema\\\/logo\\\/image\\\/\"},\"sameAs\":[\"https:\\\/\\\/www.facebook.com\\\/RepliqueMangaCine\",\"https:\\\/\\\/www.instagram.com\\\/repliquemangacine.fr\\\/\"]}]}<\/script>\n<!-- \/ Yoast SEO plugin. -->","yoast_head_json":{"title":"Pugnale dell'incoronazione di Napoleone - Denix Replica Weapons | R\u00e9plique Manga Cin\u00e9","description":"In occasione dell'uscita del film \"Napoleon\" di Ridley Scott, il pugnale del Rito di Napoleone. Lama in acciaio. Fodero e impugnatura con l'emblema dell'imperatore.","robots":{"index":"index","follow":"follow","max-snippet":"max-snippet:-1","max-image-preview":"max-image-preview:large","max-video-preview":"max-video-preview:-1"},"canonical":"https:\/\/repliquemangacine.fr\/it\/replica-pistole-napoleoniche\/il-pugnale-dellincoronazione-di-napoleone\/","og_locale":"it_IT","og_type":"article","og_title":"Dague du Sacre de Napol\u00e9on - R\u00e9pliques d'armes Denix | R\u00e9plique Manga Cin\u00e9","og_description":"\u00c0 l'occasion de la sortie du film \" Napol\u00e9on \" de Ridley Scott, la Dague du Sacre de Napol\u00e9on. Lame acier. Fourreau et poign\u00e9e avec embl\u00e8me de l'empereur.","og_url":"https:\/\/repliquemangacine.fr\/it\/replica-pistole-napoleoniche\/il-pugnale-dellincoronazione-di-napoleone\/","og_site_name":"R\u00e9plique Manga Cin\u00e9","article_publisher":"https:\/\/www.facebook.com\/RepliqueMangaCine","article_modified_time":"2026-03-27T14:05:53+00:00","og_image":[{"width":500,"height":500,"url":"https:\/\/repliquemangacine.fr\/wp-content\/uploads\/2023\/11\/dague-Napoleon-lame-jpg.jpg","type":"image\/jpeg"}],"twitter_card":"summary_large_image","twitter_misc":{"Tempo di lettura stimato":"3 minuti"},"schema":{"@context":"https:\/\/schema.org","@graph":[{"@type":"WebPage","@id":"https:\/\/repliquemangacine.fr\/repliques-darmes-napoleon\/dague-du-sacre-de-napoleon\/","url":"https:\/\/repliquemangacine.fr\/repliques-darmes-napoleon\/dague-du-sacre-de-napoleon\/","name":"Pugnale dell'incoronazione di Napoleone - Denix Replica Weapons | R\u00e9plique Manga Cin\u00e9","isPartOf":{"@id":"https:\/\/repliquemangacine.fr\/#website"},"primaryImageOfPage":{"@id":"https:\/\/repliquemangacine.fr\/repliques-darmes-napoleon\/dague-du-sacre-de-napoleon\/#primaryimage"},"image":{"@id":"https:\/\/repliquemangacine.fr\/repliques-darmes-napoleon\/dague-du-sacre-de-napoleon\/#primaryimage"},"thumbnailUrl":"https:\/\/repliquemangacine.fr\/wp-content\/uploads\/2023\/11\/dague-Napoleon-lame-jpg.jpg","datePublished":"2023-11-19T16:29:01+00:00","dateModified":"2026-03-27T14:05:53+00:00","description":"In occasione dell'uscita del film \"Napoleon\" di Ridley Scott, il pugnale del Rito di Napoleone. Lama in acciaio. Fodero e impugnatura con l'emblema dell'imperatore.","breadcrumb":{"@id":"https:\/\/repliquemangacine.fr\/repliques-darmes-napoleon\/dague-du-sacre-de-napoleon\/#breadcrumb"},"inLanguage":"it-IT","potentialAction":[{"@type":"ReadAction","target":["https:\/\/repliquemangacine.fr\/repliques-darmes-napoleon\/dague-du-sacre-de-napoleon\/"]}]},{"@type":"ImageObject","inLanguage":"it-IT","@id":"https:\/\/repliquemangacine.fr\/repliques-darmes-napoleon\/dague-du-sacre-de-napoleon\/#primaryimage","url":"https:\/\/repliquemangacine.fr\/wp-content\/uploads\/2023\/11\/dague-Napoleon-lame-jpg.jpg","contentUrl":"https:\/\/repliquemangacine.fr\/wp-content\/uploads\/2023\/11\/dague-Napoleon-lame-jpg.jpg","width":500,"height":500,"caption":"Dague du Sacre de Napol\u00e9on"},{"@type":"BreadcrumbList","@id":"https:\/\/repliquemangacine.fr\/repliques-darmes-napoleon\/dague-du-sacre-de-napoleon\/#breadcrumb","itemListElement":[{"@type":"ListItem","position":1,"name":"Accueil","item":"https:\/\/repliquemangacine.fr\/"},{"@type":"ListItem","position":2,"name":"Produits","item":"https:\/\/repliquemangacine.fr\/boutique\/"},{"@type":"ListItem","position":3,"name":"Dague du Sacre de Napol\u00e9on"}]},{"@type":"WebSite","@id":"https:\/\/repliquemangacine.fr\/#website","url":"https:\/\/repliquemangacine.fr\/","name":"R\u00e9plique Manga Cin\u00e9","description":"","publisher":{"@id":"https:\/\/repliquemangacine.fr\/#organization"},"potentialAction":[{"@type":"SearchAction","target":{"@type":"EntryPoint","urlTemplate":"https:\/\/repliquemangacine.fr\/?s={search_term_string}"},"query-input":{"@type":"PropertyValueSpecification","valueRequired":true,"valueName":"search_term_string"}}],"inLanguage":"it-IT"},{"@type":"Organization","@id":"https:\/\/repliquemangacine.fr\/#organization","name":"R\u00e9plique Manga Cin\u00e9","url":"https:\/\/repliquemangacine.fr\/","logo":{"@type":"ImageObject","inLanguage":"it-IT","@id":"https:\/\/repliquemangacine.fr\/#\/schema\/logo\/image\/","url":"https:\/\/repliquemangacine.fr\/wp-content\/uploads\/2023\/10\/RMC-500250.png","contentUrl":"https:\/\/repliquemangacine.fr\/wp-content\/uploads\/2023\/10\/RMC-500250.png","width":500,"height":250,"caption":"R\u00e9plique Manga Cin\u00e9"},"image":{"@id":"https:\/\/repliquemangacine.fr\/#\/schema\/logo\/image\/"},"sameAs":["https:\/\/www.facebook.com\/RepliqueMangaCine","https:\/\/www.instagram.com\/repliquemangacine.fr\/"]}]}},"_links":{"self":[{"href":"https:\/\/repliquemangacine.fr\/it\/wp-json\/wp\/v2\/product\/65618","targetHints":{"allow":["GET"]}}],"collection":[{"href":"https:\/\/repliquemangacine.fr\/it\/wp-json\/wp\/v2\/product"}],"about":[{"href":"https:\/\/repliquemangacine.fr\/it\/wp-json\/wp\/v2\/types\/product"}],"wp:featuredmedia":[{"embeddable":true,"href":"https:\/\/repliquemangacine.fr\/it\/wp-json\/wp\/v2\/media\/65619"}],"wp:attachment":[{"href":"https:\/\/repliquemangacine.fr\/it\/wp-json\/wp\/v2\/media?parent=65618"}],"wp:term":[{"taxonomy":"product_brand","embeddable":true,"href":"https:\/\/repliquemangacine.fr\/it\/wp-json\/wp\/v2\/product_brand?post=65618"},{"taxonomy":"product_cat","embeddable":true,"href":"https:\/\/repliquemangacine.fr\/it\/wp-json\/wp\/v2\/product_cat?post=65618"},{"taxonomy":"product_tag","embeddable":true,"href":"https:\/\/repliquemangacine.fr\/it\/wp-json\/wp\/v2\/product_tag?post=65618"}],"curies":[{"name":"wp","href":"https:\/\/api.w.org\/{rel}","templated":true}]}}