





{"id":65489,"date":"2023-11-14T19:04:40","date_gmt":"2023-11-14T18:04:40","guid":{"rendered":"https:\/\/repliquemangacine.fr\/?post_type=product&#038;p=65489"},"modified":"2026-02-23T15:30:02","modified_gmt":"2026-02-23T14:30:02","slug":"winchester-1873-fucile-antico","status":"publish","type":"product","link":"https:\/\/repliquemangacine.fr\/it\/armes-westerns\/fusil-winchester-1873-vieilli\/","title":{"rendered":"Fucile Winchester 1873 antico"},"content":{"rendered":"<h2>Vecchio fucile Winchester 1873 di Denix<\/h2>\n<p>Per cominciare, il <strong>Fucile Winchester 1873 antico<\/strong>, spesso descritta come \u201cl'arma che ha conquistato l'Occidente\u201d. Progettata dalla Winchester Repeating Arms Company, ha rivoluzionato le armi da fuoco dell'epoca grazie al suo innovativo meccanismo di caricamento ripetitivo.<\/p>\n<p>Il Winchester 1873 ha acquisito una fama leggendaria, spesso rappresentato nei film e nella letteratura western. Hollywood ne ha persino tratto un film intitolato \u201cWinchester \u201973\u201d, girato nel 1950, con James Stewart e diretto da Anthony Mann.<\/p>\n<h3>Progettazione e funzionamento del fucile Winchester 1873<\/h3>\n<p>Va notato che il Winchester 1873 utilizzava un meccanismo a leva per espellere una cartuccia esaurita e caricarne una nuova nella camera di cartuccia. Questo sistema permetteva di sparare in modo rapido e ripetitivo, un grande passo avanti rispetto alle armi a colpo singolo. Disponibile in diversi calibri, il pi\u00f9 comune \u00e8 il .44-40 Winchester.<\/p>\n<h2>Fucile Winchester 1873: l'icona del West di Denix<\/h2>\n<p>Le <strong>Fucile Winchester 1873 antico<\/strong> di Denix incarna lo spirito e l'avventura del West americano. Questa replica meticolosa, prodotta da Denix, leader nella riproduzione di armi storiche. Offre qualit\u00e0 e realismo eccezionali. Rinomato per il suo innovativo meccanismo a leva e per la velocit\u00e0 di fuoco. Denix ha ricreato il famoso fucile fin nei minimi dettagli. Dal calibro originale .44-40 Winchester al meccanismo di caricamento e alle finiture. In effetti, ogni aspetto riflette l'eredit\u00e0 di quest'arma leggendaria, con l'aggiunta dell'espulsione dei proiettili.<\/p>\n<h3>Replica autentica di Denix<\/h3>\n<p>Con Denix, immergetevi nella storia del western americano con autentiche repliche di pistole. Ad esempio:<\/p>\n<ul>\n<li>La replica del <a href=\"https:\/\/repliquemangacine.fr\/it\/denix\/colt-dragoon-1848\/\">Colt Dragoon del 1848<\/a> con la sua sublime incisione sulla canna.<\/li>\n<li>Oltre al famoso <a href=\"https:\/\/repliquemangacine.fr\/it\/denix\/fucile-a-doppia-canna-wyatt-earp-usa-1881\/\">Fucile a doppia canna Wyatt Earp<\/a>.<\/li>\n<li>E c'\u00e8 molto altro da scoprire!<\/li>\n<\/ul>\n<p>Ogni replica di Denix \u00e8 un omaggio al selvaggio West.<\/p>\n<h2>Qualit\u00e0 e prezzo: il meglio di Denix<\/h2>\n<p>Quando si tratta di combinare qualit\u00e0 eccezionale e convenienza, Denix si distingue come un marchio essenziale. Famoso in tutto il mondo per le sue repliche di armi storiche, <a href=\"https:\/\/www.denix.fr\/fr\/catalogue\/guerre-civile-occidentale-et-americaine-1861-1899\/carabines-carabines-et-fusils\/8318\/\" target=\"_blank\" rel=\"noopener noreferrer\">Denix<\/a> offre una gamma di prodotti che unisce fedelt\u00e0 storica e lavorazione accurata, il tutto a prezzi accessibili.<\/p>\n<p>Ogni prodotto \u00e8 il risultato di una ricerca approfondita e di una meticolosa attenzione ai dettagli, che garantiscono un'esperienza autentica. Questo rende le loro repliche ideali sia per i collezionisti esperti che per gli appassionati di storia.<\/p>\n<h3>Un rapporto qualit\u00e0-prezzo imbattibile al Denix<\/h3>\n<p>Il rapporto qualit\u00e0-prezzo di Denix non ha rivali nel campo delle repliche di armi. Sia per arricchire una collezione che per le rievocazioni storiche. In conclusione, il marchio si impegna ad offrire repliche di notevole qualit\u00e0 a prezzi che sfidano la concorrenza, rendendo la storia alla portata di tutti.<\/p>\n<p>&nbsp;<\/p>","protected":false},"excerpt":{"rendered":"<p>Superba replica del fucile a ripetizione Denix Winchester 1873.<\/p>\n<ul>\n<li>Metallo (zamac) e legno<\/li>\n<li>Meccanismo funzionale con espulsione delle balle.<\/li>\n<li>Aspetto invecchiato<\/li>\n<li>Stock di legno<\/li>\n<li>Leva funzionale della guardia del grilletto per l'espulsione dei proiettili.<\/li>\n<li>Fornito con 3 sfere di espulsione.<\/li>\n<li>Lunghezza totale: 110 cm<\/li>\n<li>Peso: 2625 g<\/li>\n<li>Non \u00e8 richiesta alcuna autorizzazione. Vendita e possesso gratuiti.<\/li>\n<\/ul>\n<p><iframe title=\"Lettore video di YouTube\" src=\"https:\/\/www.youtube.com\/embed\/hOfWcKSPhvM?si=rMilG3JhfID0RdD5\" width=\"560\" height=\"315\" frameborder=\"0\" allowfullscreen=\"allowfullscreen\"><\/iframe><\/p>","protected":false},"featured_media":85657,"template":"","meta":[],"product_brand":[896],"product_cat":[34,39,86,28,64,27],"product_tag":[],"class_list":{"0":"post-65489","1":"product","2":"type-product","3":"status-publish","4":"has-post-thumbnail","6":"product_brand-replique-manga-cine","7":"product_cat-armes-westerns","8":"product_cat-carabine-winchester","9":"product_cat-repliques-carabine-winchester-western","10":"product_cat-repliques-darmes","11":"product_cat-western-repliques-armes","12":"product_cat-armes-et-accessoires-western","14":"first","15":"outofstock","16":"sale","17":"taxable","18":"shipping-taxable","19":"purchasable","20":"product-type-simple"},"yoast_head":"<!-- This site is optimized with the Yoast SEO plugin v27.4 - https:\/\/yoast.com\/product\/yoast-seo-wordpress\/ -->\n<title>Fusil Winchester 1873 Vieilli - R\u00e9pliques d&#039;armes Denix | RMC<\/title>\n<meta name=\"description\" content=\"Venez d\u00e9couvrir cette superbe r\u00e9plique du Fusil Winchester 1873 Vieilli de Denix au meilleur prix. Mecanisme fonctionnel. \u00c9jection des balles. 110 cm\" \/>\n<meta name=\"robots\" content=\"index, follow, max-snippet:-1, max-image-preview:large, max-video-preview:-1\" \/>\n<link rel=\"canonical\" href=\"https:\/\/repliquemangacine.fr\/it\/pistole-occidentali\/winchester-1873-fucile-antico\/\" \/>\n<meta property=\"og:locale\" content=\"it_IT\" \/>\n<meta property=\"og:type\" content=\"article\" \/>\n<meta property=\"og:title\" content=\"Fusil Winchester 1873 Vieilli - R\u00e9pliques d&#039;armes Denix | RMC\" \/>\n<meta property=\"og:description\" content=\"Venez d\u00e9couvrir cette superbe r\u00e9plique du Fusil Winchester 1873 Vieilli de Denix au meilleur prix. Mecanisme fonctionnel. \u00c9jection des balles. 110 cm\" \/>\n<meta property=\"og:url\" content=\"https:\/\/repliquemangacine.fr\/it\/pistole-occidentali\/winchester-1873-fucile-antico\/\" \/>\n<meta property=\"og:site_name\" content=\"R\u00e9plique Manga Cin\u00e9\" \/>\n<meta property=\"article:publisher\" content=\"https:\/\/www.facebook.com\/RepliqueMangaCine\" \/>\n<meta property=\"article:modified_time\" content=\"2026-02-23T14:30:02+00:00\" \/>\n<meta property=\"og:image\" content=\"https:\/\/repliquemangacine.fr\/wp-content\/uploads\/2023\/11\/Fusil-Winchester-1873-Vieilli-1.jpg\" \/>\n\t<meta property=\"og:image:width\" content=\"700\" \/>\n\t<meta property=\"og:image:height\" content=\"700\" \/>\n\t<meta property=\"og:image:type\" content=\"image\/jpeg\" \/>\n<meta name=\"twitter:card\" content=\"summary_large_image\" \/>\n<meta name=\"twitter:label1\" content=\"Tempo di lettura stimato\" \/>\n\t<meta name=\"twitter:data1\" content=\"3 minuti\" \/>\n<script type=\"application\/ld+json\" class=\"yoast-schema-graph\">{\"@context\":\"https:\\\/\\\/schema.org\",\"@graph\":[{\"@type\":\"WebPage\",\"@id\":\"https:\\\/\\\/repliquemangacine.fr\\\/armes-westerns\\\/fusil-winchester-1873-vieilli\\\/\",\"url\":\"https:\\\/\\\/repliquemangacine.fr\\\/armes-westerns\\\/fusil-winchester-1873-vieilli\\\/\",\"name\":\"Fusil Winchester 1873 Vieilli - R\u00e9pliques d'armes Denix | RMC\",\"isPartOf\":{\"@id\":\"https:\\\/\\\/repliquemangacine.fr\\\/#website\"},\"primaryImageOfPage\":{\"@id\":\"https:\\\/\\\/repliquemangacine.fr\\\/armes-westerns\\\/fusil-winchester-1873-vieilli\\\/#primaryimage\"},\"image\":{\"@id\":\"https:\\\/\\\/repliquemangacine.fr\\\/armes-westerns\\\/fusil-winchester-1873-vieilli\\\/#primaryimage\"},\"thumbnailUrl\":\"https:\\\/\\\/repliquemangacine.fr\\\/wp-content\\\/uploads\\\/2023\\\/11\\\/Fusil-Winchester-1873-Vieilli-1.jpg\",\"datePublished\":\"2023-11-14T18:04:40+00:00\",\"dateModified\":\"2026-02-23T14:30:02+00:00\",\"description\":\"Venez d\u00e9couvrir cette superbe r\u00e9plique du Fusil Winchester 1873 Vieilli de Denix au meilleur prix. Mecanisme fonctionnel. \u00c9jection des balles. 110 cm\",\"breadcrumb\":{\"@id\":\"https:\\\/\\\/repliquemangacine.fr\\\/armes-westerns\\\/fusil-winchester-1873-vieilli\\\/#breadcrumb\"},\"inLanguage\":\"it-IT\",\"potentialAction\":[{\"@type\":\"ReadAction\",\"target\":[\"https:\\\/\\\/repliquemangacine.fr\\\/armes-westerns\\\/fusil-winchester-1873-vieilli\\\/\"]}]},{\"@type\":\"ImageObject\",\"inLanguage\":\"it-IT\",\"@id\":\"https:\\\/\\\/repliquemangacine.fr\\\/armes-westerns\\\/fusil-winchester-1873-vieilli\\\/#primaryimage\",\"url\":\"https:\\\/\\\/repliquemangacine.fr\\\/wp-content\\\/uploads\\\/2023\\\/11\\\/Fusil-Winchester-1873-Vieilli-1.jpg\",\"contentUrl\":\"https:\\\/\\\/repliquemangacine.fr\\\/wp-content\\\/uploads\\\/2023\\\/11\\\/Fusil-Winchester-1873-Vieilli-1.jpg\",\"width\":700,\"height\":700,\"caption\":\"Fusil Winchester 1873 Vieilli Denix\"},{\"@type\":\"BreadcrumbList\",\"@id\":\"https:\\\/\\\/repliquemangacine.fr\\\/armes-westerns\\\/fusil-winchester-1873-vieilli\\\/#breadcrumb\",\"itemListElement\":[{\"@type\":\"ListItem\",\"position\":1,\"name\":\"Accueil\",\"item\":\"https:\\\/\\\/repliquemangacine.fr\\\/\"},{\"@type\":\"ListItem\",\"position\":2,\"name\":\"Produits\",\"item\":\"https:\\\/\\\/repliquemangacine.fr\\\/boutique\\\/\"},{\"@type\":\"ListItem\",\"position\":3,\"name\":\"Fusil Winchester 1873 Vieilli\"}]},{\"@type\":\"WebSite\",\"@id\":\"https:\\\/\\\/repliquemangacine.fr\\\/#website\",\"url\":\"https:\\\/\\\/repliquemangacine.fr\\\/\",\"name\":\"R\u00e9plique Manga Cin\u00e9\",\"description\":\"\",\"publisher\":{\"@id\":\"https:\\\/\\\/repliquemangacine.fr\\\/#organization\"},\"potentialAction\":[{\"@type\":\"SearchAction\",\"target\":{\"@type\":\"EntryPoint\",\"urlTemplate\":\"https:\\\/\\\/repliquemangacine.fr\\\/?s={search_term_string}\"},\"query-input\":{\"@type\":\"PropertyValueSpecification\",\"valueRequired\":true,\"valueName\":\"search_term_string\"}}],\"inLanguage\":\"it-IT\"},{\"@type\":\"Organization\",\"@id\":\"https:\\\/\\\/repliquemangacine.fr\\\/#organization\",\"name\":\"R\u00e9plique Manga Cin\u00e9\",\"url\":\"https:\\\/\\\/repliquemangacine.fr\\\/\",\"logo\":{\"@type\":\"ImageObject\",\"inLanguage\":\"it-IT\",\"@id\":\"https:\\\/\\\/repliquemangacine.fr\\\/#\\\/schema\\\/logo\\\/image\\\/\",\"url\":\"https:\\\/\\\/repliquemangacine.fr\\\/wp-content\\\/uploads\\\/2023\\\/10\\\/RMC-500250.png\",\"contentUrl\":\"https:\\\/\\\/repliquemangacine.fr\\\/wp-content\\\/uploads\\\/2023\\\/10\\\/RMC-500250.png\",\"width\":500,\"height\":250,\"caption\":\"R\u00e9plique Manga Cin\u00e9\"},\"image\":{\"@id\":\"https:\\\/\\\/repliquemangacine.fr\\\/#\\\/schema\\\/logo\\\/image\\\/\"},\"sameAs\":[\"https:\\\/\\\/www.facebook.com\\\/RepliqueMangaCine\",\"https:\\\/\\\/www.instagram.com\\\/repliquemangacine.fr\\\/\"]}]}<\/script>\n<!-- \/ Yoast SEO plugin. -->","yoast_head_json":{"title":"Fucile Winchester 1873 antico - Denix Replica Weapons | RMC","description":"Venite a scoprire questa superba replica del fucile Denix Aged Winchester 1873 al miglior prezzo. Meccanismo funzionale. Espulsione del proiettile. Lunghezza 110 cm.","robots":{"index":"index","follow":"follow","max-snippet":"max-snippet:-1","max-image-preview":"max-image-preview:large","max-video-preview":"max-video-preview:-1"},"canonical":"https:\/\/repliquemangacine.fr\/it\/pistole-occidentali\/winchester-1873-fucile-antico\/","og_locale":"it_IT","og_type":"article","og_title":"Fusil Winchester 1873 Vieilli - R\u00e9pliques d'armes Denix | RMC","og_description":"Venez d\u00e9couvrir cette superbe r\u00e9plique du Fusil Winchester 1873 Vieilli de Denix au meilleur prix. Mecanisme fonctionnel. \u00c9jection des balles. 110 cm","og_url":"https:\/\/repliquemangacine.fr\/it\/pistole-occidentali\/winchester-1873-fucile-antico\/","og_site_name":"R\u00e9plique Manga Cin\u00e9","article_publisher":"https:\/\/www.facebook.com\/RepliqueMangaCine","article_modified_time":"2026-02-23T14:30:02+00:00","og_image":[{"width":700,"height":700,"url":"https:\/\/repliquemangacine.fr\/wp-content\/uploads\/2023\/11\/Fusil-Winchester-1873-Vieilli-1.jpg","type":"image\/jpeg"}],"twitter_card":"summary_large_image","twitter_misc":{"Tempo di lettura stimato":"3 minuti"},"schema":{"@context":"https:\/\/schema.org","@graph":[{"@type":"WebPage","@id":"https:\/\/repliquemangacine.fr\/armes-westerns\/fusil-winchester-1873-vieilli\/","url":"https:\/\/repliquemangacine.fr\/armes-westerns\/fusil-winchester-1873-vieilli\/","name":"Fucile Winchester 1873 antico - Denix Replica Weapons | RMC","isPartOf":{"@id":"https:\/\/repliquemangacine.fr\/#website"},"primaryImageOfPage":{"@id":"https:\/\/repliquemangacine.fr\/armes-westerns\/fusil-winchester-1873-vieilli\/#primaryimage"},"image":{"@id":"https:\/\/repliquemangacine.fr\/armes-westerns\/fusil-winchester-1873-vieilli\/#primaryimage"},"thumbnailUrl":"https:\/\/repliquemangacine.fr\/wp-content\/uploads\/2023\/11\/Fusil-Winchester-1873-Vieilli-1.jpg","datePublished":"2023-11-14T18:04:40+00:00","dateModified":"2026-02-23T14:30:02+00:00","description":"Venite a scoprire questa superba replica del fucile Denix Aged Winchester 1873 al miglior prezzo. Meccanismo funzionale. Espulsione del proiettile. Lunghezza 110 cm.","breadcrumb":{"@id":"https:\/\/repliquemangacine.fr\/armes-westerns\/fusil-winchester-1873-vieilli\/#breadcrumb"},"inLanguage":"it-IT","potentialAction":[{"@type":"ReadAction","target":["https:\/\/repliquemangacine.fr\/armes-westerns\/fusil-winchester-1873-vieilli\/"]}]},{"@type":"ImageObject","inLanguage":"it-IT","@id":"https:\/\/repliquemangacine.fr\/armes-westerns\/fusil-winchester-1873-vieilli\/#primaryimage","url":"https:\/\/repliquemangacine.fr\/wp-content\/uploads\/2023\/11\/Fusil-Winchester-1873-Vieilli-1.jpg","contentUrl":"https:\/\/repliquemangacine.fr\/wp-content\/uploads\/2023\/11\/Fusil-Winchester-1873-Vieilli-1.jpg","width":700,"height":700,"caption":"Fusil Winchester 1873 Vieilli Denix"},{"@type":"BreadcrumbList","@id":"https:\/\/repliquemangacine.fr\/armes-westerns\/fusil-winchester-1873-vieilli\/#breadcrumb","itemListElement":[{"@type":"ListItem","position":1,"name":"Accueil","item":"https:\/\/repliquemangacine.fr\/"},{"@type":"ListItem","position":2,"name":"Produits","item":"https:\/\/repliquemangacine.fr\/boutique\/"},{"@type":"ListItem","position":3,"name":"Fusil Winchester 1873 Vieilli"}]},{"@type":"WebSite","@id":"https:\/\/repliquemangacine.fr\/#website","url":"https:\/\/repliquemangacine.fr\/","name":"R\u00e9plique Manga Cin\u00e9","description":"","publisher":{"@id":"https:\/\/repliquemangacine.fr\/#organization"},"potentialAction":[{"@type":"SearchAction","target":{"@type":"EntryPoint","urlTemplate":"https:\/\/repliquemangacine.fr\/?s={search_term_string}"},"query-input":{"@type":"PropertyValueSpecification","valueRequired":true,"valueName":"search_term_string"}}],"inLanguage":"it-IT"},{"@type":"Organization","@id":"https:\/\/repliquemangacine.fr\/#organization","name":"R\u00e9plique Manga Cin\u00e9","url":"https:\/\/repliquemangacine.fr\/","logo":{"@type":"ImageObject","inLanguage":"it-IT","@id":"https:\/\/repliquemangacine.fr\/#\/schema\/logo\/image\/","url":"https:\/\/repliquemangacine.fr\/wp-content\/uploads\/2023\/10\/RMC-500250.png","contentUrl":"https:\/\/repliquemangacine.fr\/wp-content\/uploads\/2023\/10\/RMC-500250.png","width":500,"height":250,"caption":"R\u00e9plique Manga Cin\u00e9"},"image":{"@id":"https:\/\/repliquemangacine.fr\/#\/schema\/logo\/image\/"},"sameAs":["https:\/\/www.facebook.com\/RepliqueMangaCine","https:\/\/www.instagram.com\/repliquemangacine.fr\/"]}]}},"_links":{"self":[{"href":"https:\/\/repliquemangacine.fr\/it\/wp-json\/wp\/v2\/product\/65489","targetHints":{"allow":["GET"]}}],"collection":[{"href":"https:\/\/repliquemangacine.fr\/it\/wp-json\/wp\/v2\/product"}],"about":[{"href":"https:\/\/repliquemangacine.fr\/it\/wp-json\/wp\/v2\/types\/product"}],"wp:featuredmedia":[{"embeddable":true,"href":"https:\/\/repliquemangacine.fr\/it\/wp-json\/wp\/v2\/media\/85657"}],"wp:attachment":[{"href":"https:\/\/repliquemangacine.fr\/it\/wp-json\/wp\/v2\/media?parent=65489"}],"wp:term":[{"taxonomy":"product_brand","embeddable":true,"href":"https:\/\/repliquemangacine.fr\/it\/wp-json\/wp\/v2\/product_brand?post=65489"},{"taxonomy":"product_cat","embeddable":true,"href":"https:\/\/repliquemangacine.fr\/it\/wp-json\/wp\/v2\/product_cat?post=65489"},{"taxonomy":"product_tag","embeddable":true,"href":"https:\/\/repliquemangacine.fr\/it\/wp-json\/wp\/v2\/product_tag?post=65489"}],"curies":[{"name":"wp","href":"https:\/\/api.w.org\/{rel}","templated":true}]}}