





{"id":65456,"date":"2023-11-14T12:41:25","date_gmt":"2023-11-14T11:41:25","guid":{"rendered":"https:\/\/repliquemangacine.fr\/?post_type=product&#038;p=65456"},"modified":"2026-01-17T12:45:05","modified_gmt":"2026-01-17T11:45:05","slug":"fucile-winchester-1873-cromo","status":"publish","type":"product","link":"https:\/\/repliquemangacine.fr\/it\/western-repliques-armes\/fusil-winchester-1873-chrome\/","title":{"rendered":"Fucile Winchester 1873 Chrome"},"content":{"rendered":"<h2>Fucile Winchester 1873 cromato del marchio Denix<\/h2>\n<p>Per cominciare, il <strong>Fucile Winchester 1873 Chrome<\/strong>, spesso descritta come \u201cl'arma che ha conquistato l'Occidente\u201d. Progettata dalla Winchester Repeating Arms Company, ha rivoluzionato le armi da fuoco dell'epoca grazie al suo innovativo meccanismo di caricamento ripetitivo.<\/p>\n<p>Il Winchester 1873 ha acquisito una fama leggendaria, spesso rappresentato nei film e nella letteratura western. Hollywood ne ha persino tratto un film intitolato \u201cWinchester \u201973\u201d, girato nel 1950, con James Stewart e diretto da Anthony Mann.<\/p>\n<h3>Progettazione e funzionamento del fucile Winchester 1873<\/h3>\n<p>Va notato che il Winchester 1873 utilizzava un meccanismo a leva per espellere una cartuccia esaurita e caricarne una nuova nella camera di cartuccia. Questo sistema permetteva di sparare in modo rapido e ripetitivo, un grande passo avanti rispetto alle armi a colpo singolo. Disponibile in diversi calibri, il pi\u00f9 comune \u00e8 il .44-40 Winchester.<\/p>\n<h2>Fucile Winchester 1873: l'icona del West di Denix<\/h2>\n<p>Le <strong>Fucile Winchester 1873<\/strong> <strong>cromo<\/strong> da <a href=\"https:\/\/www.denix.fr\/fr\/catalogue\/guerre-civile-occidentale-et-americaine-1861-1899\/carabines-carabines-et-fusils\/6318\/\" target=\"_blank\" rel=\"noopener noreferrer\">Denix<\/a> incarna lo spirito e l'avventura del West americano. Questa replica meticolosa, realizzata da Denix, leader nella riproduzione di armi storiche, offre una qualit\u00e0 e un realismo eccezionali. Rinomata per il suo innovativo meccanismo a leva e la sua rapidit\u00e0 di fuoco.<\/p>\n<p>Denix ha ricreato il famoso fucile nei minimi dettagli. Dal calibro originale .44-40 Winchester al meccanismo di caricamento e alle finiture. Ogni aspetto riflette infatti l'eredit\u00e0 di quest'arma leggendaria, con in pi\u00f9 l'espulsione dei proiettili.<\/p>\n<h3>Replica autentica di Denix<\/h3>\n<p>Con Denix, immergetevi nella storia del western americano con autentiche repliche di pistole. Ad esempio:<\/p>\n<ul>\n<li>La replica del <a href=\"https:\/\/repliquemangacine.fr\/it\/denix\/revolver-colt-army-1860\/\">colt Esercito 1860<\/a> utilizzati da entrambe le parti durante la Guerra Civile Americana.<\/li>\n<li>Oltre al famoso <a href=\"https:\/\/repliquemangacine.fr\/it\/denix\/revolver-peacemaker-colt-le-frontier-calibro-45\/\">Colt \"Le Frontiere<\/a> in diverse versioni.<\/li>\n<li>E c'\u00e8 molto altro da scoprire!<\/li>\n<\/ul>\n<p>Ogni replica di Denix \u00e8 un omaggio al selvaggio West.<\/p>\n<h2>Qualit\u00e0 e prezzo: il meglio di Denix<\/h2>\n<p>Quando si tratta di combinare qualit\u00e0 eccezionale e prezzi accessibili, Denix si distingue come un marchio imprescindibile. Rinomato in tutto il mondo per le sue repliche di armi storiche, Denix offre una gamma di prodotti che uniscono fedelt\u00e0 storica e lavorazione accurata, il tutto a prezzi accessibili.<\/p>\n<p>Ogni prodotto \u00e8 il risultato di una ricerca approfondita e di una meticolosa attenzione ai dettagli, che garantiscono un'esperienza autentica. Questo rende le loro repliche ideali sia per i collezionisti esperti che per gli appassionati di storia.<\/p>\n<h3>Un rapporto qualit\u00e0-prezzo imbattibile al Denix<\/h3>\n<p>Il rapporto qualit\u00e0-prezzo di Denix non ha eguali nel settore delle repliche di armi. Sia che si tratti di arricchire una collezione o di ricostruzioni storiche.<\/p>\n<p>In conclusione, il marchio si impegna a offrire repliche di straordinaria qualit\u00e0 a prezzi imbattibili, rendendo la storia accessibile a tutti.<\/p>","protected":false},"excerpt":{"rendered":"<p>Superba replica del fucile a ripetizione Denix Winchester 1873.<\/p>\n<ul>\n<li>Metallo (zamac) e legno<\/li>\n<li>Meccanismo funzionale con espulsione delle balle.<\/li>\n<li>Stock di legno<\/li>\n<li>Leva funzionale della guardia del grilletto per l'espulsione dei proiettili.<\/li>\n<li>Fornito con 3 sfere di espulsione.<\/li>\n<li>Lunghezza totale: 110 cm<\/li>\n<li>Peso: 2625 g<\/li>\n<li>Non \u00e8 richiesta alcuna autorizzazione. Vendita e possesso gratuiti.<\/li>\n<\/ul>\n<p><iframe title=\"Lettore video di YouTube\" src=\"https:\/\/www.youtube.com\/embed\/hOfWcKSPhvM?si=rMilG3JhfID0RdD5\" width=\"560\" height=\"315\" frameborder=\"0\" allowfullscreen=\"allowfullscreen\"><\/iframe><\/p>","protected":false},"featured_media":85654,"template":"","meta":[],"product_brand":[896],"product_cat":[34,39,86,28,64,27],"product_tag":[],"class_list":{"0":"post-65456","1":"product","2":"type-product","3":"status-publish","4":"has-post-thumbnail","6":"product_brand-replique-manga-cine","7":"product_cat-armes-westerns","8":"product_cat-carabine-winchester","9":"product_cat-repliques-carabine-winchester-western","10":"product_cat-repliques-darmes","11":"product_cat-western-repliques-armes","12":"product_cat-armes-et-accessoires-western","14":"first","15":"outofstock","16":"sale","17":"taxable","18":"shipping-taxable","19":"purchasable","20":"product-type-simple"},"yoast_head":"<!-- This site is optimized with the Yoast SEO plugin v27.4 - https:\/\/yoast.com\/product\/yoast-seo-wordpress\/ -->\n<title>Fusil Winchester 1873 Chrom\u00e9 - R\u00e9pliques d&#039;armes Denix | RMC<\/title>\n<meta name=\"description\" content=\"D\u00e9couvrez le Fusil Winchester 1873 Chrom\u00e9 de la marque Denix au meilleur prix. En zamac et bois. M\u00e9canisme fonctionnel. \u00c9jection des balles. L. 110 cm\" \/>\n<meta name=\"robots\" content=\"index, follow, max-snippet:-1, max-image-preview:large, max-video-preview:-1\" \/>\n<link rel=\"canonical\" href=\"https:\/\/repliquemangacine.fr\/it\/armi-replica-occidentali\/fucile-winchester-1873-cromo\/\" \/>\n<meta property=\"og:locale\" content=\"it_IT\" \/>\n<meta property=\"og:type\" content=\"article\" \/>\n<meta property=\"og:title\" content=\"Fusil Winchester 1873 Chrom\u00e9 - R\u00e9pliques d&#039;armes Denix | RMC\" \/>\n<meta property=\"og:description\" content=\"D\u00e9couvrez le Fusil Winchester 1873 Chrom\u00e9 de la marque Denix au meilleur prix. En zamac et bois. M\u00e9canisme fonctionnel. \u00c9jection des balles. L. 110 cm\" \/>\n<meta property=\"og:url\" content=\"https:\/\/repliquemangacine.fr\/it\/armi-replica-occidentali\/fucile-winchester-1873-cromo\/\" \/>\n<meta property=\"og:site_name\" content=\"R\u00e9plique Manga Cin\u00e9\" \/>\n<meta property=\"article:publisher\" content=\"https:\/\/www.facebook.com\/RepliqueMangaCine\" \/>\n<meta property=\"article:modified_time\" content=\"2026-01-17T11:45:05+00:00\" \/>\n<meta property=\"og:image\" content=\"https:\/\/repliquemangacine.fr\/wp-content\/uploads\/2023\/11\/Fusil-Winchester-1873-Chrome.jpg\" \/>\n\t<meta property=\"og:image:width\" content=\"700\" \/>\n\t<meta property=\"og:image:height\" content=\"700\" \/>\n\t<meta property=\"og:image:type\" content=\"image\/jpeg\" \/>\n<meta name=\"twitter:card\" content=\"summary_large_image\" \/>\n<meta name=\"twitter:label1\" content=\"Tempo di lettura stimato\" \/>\n\t<meta name=\"twitter:data1\" content=\"3 minuti\" \/>\n<script type=\"application\/ld+json\" class=\"yoast-schema-graph\">{\"@context\":\"https:\\\/\\\/schema.org\",\"@graph\":[{\"@type\":\"WebPage\",\"@id\":\"https:\\\/\\\/repliquemangacine.fr\\\/western-repliques-armes\\\/fusil-winchester-1873-chrome\\\/\",\"url\":\"https:\\\/\\\/repliquemangacine.fr\\\/western-repliques-armes\\\/fusil-winchester-1873-chrome\\\/\",\"name\":\"Fusil Winchester 1873 Chrom\u00e9 - R\u00e9pliques d'armes Denix | RMC\",\"isPartOf\":{\"@id\":\"https:\\\/\\\/repliquemangacine.fr\\\/#website\"},\"primaryImageOfPage\":{\"@id\":\"https:\\\/\\\/repliquemangacine.fr\\\/western-repliques-armes\\\/fusil-winchester-1873-chrome\\\/#primaryimage\"},\"image\":{\"@id\":\"https:\\\/\\\/repliquemangacine.fr\\\/western-repliques-armes\\\/fusil-winchester-1873-chrome\\\/#primaryimage\"},\"thumbnailUrl\":\"https:\\\/\\\/repliquemangacine.fr\\\/wp-content\\\/uploads\\\/2023\\\/11\\\/Fusil-Winchester-1873-Chrome.jpg\",\"datePublished\":\"2023-11-14T11:41:25+00:00\",\"dateModified\":\"2026-01-17T11:45:05+00:00\",\"description\":\"D\u00e9couvrez le Fusil Winchester 1873 Chrom\u00e9 de la marque Denix au meilleur prix. En zamac et bois. M\u00e9canisme fonctionnel. \u00c9jection des balles. L. 110 cm\",\"breadcrumb\":{\"@id\":\"https:\\\/\\\/repliquemangacine.fr\\\/western-repliques-armes\\\/fusil-winchester-1873-chrome\\\/#breadcrumb\"},\"inLanguage\":\"it-IT\",\"potentialAction\":[{\"@type\":\"ReadAction\",\"target\":[\"https:\\\/\\\/repliquemangacine.fr\\\/western-repliques-armes\\\/fusil-winchester-1873-chrome\\\/\"]}]},{\"@type\":\"ImageObject\",\"inLanguage\":\"it-IT\",\"@id\":\"https:\\\/\\\/repliquemangacine.fr\\\/western-repliques-armes\\\/fusil-winchester-1873-chrome\\\/#primaryimage\",\"url\":\"https:\\\/\\\/repliquemangacine.fr\\\/wp-content\\\/uploads\\\/2023\\\/11\\\/Fusil-Winchester-1873-Chrome.jpg\",\"contentUrl\":\"https:\\\/\\\/repliquemangacine.fr\\\/wp-content\\\/uploads\\\/2023\\\/11\\\/Fusil-Winchester-1873-Chrome.jpg\",\"width\":700,\"height\":700,\"caption\":\"Fusil Winchester 1873 Chrom\u00e9 Denix\"},{\"@type\":\"BreadcrumbList\",\"@id\":\"https:\\\/\\\/repliquemangacine.fr\\\/western-repliques-armes\\\/fusil-winchester-1873-chrome\\\/#breadcrumb\",\"itemListElement\":[{\"@type\":\"ListItem\",\"position\":1,\"name\":\"Accueil\",\"item\":\"https:\\\/\\\/repliquemangacine.fr\\\/\"},{\"@type\":\"ListItem\",\"position\":2,\"name\":\"Produits\",\"item\":\"https:\\\/\\\/repliquemangacine.fr\\\/boutique\\\/\"},{\"@type\":\"ListItem\",\"position\":3,\"name\":\"Fusil Winchester 1873 Chrom\u00e9\"}]},{\"@type\":\"WebSite\",\"@id\":\"https:\\\/\\\/repliquemangacine.fr\\\/#website\",\"url\":\"https:\\\/\\\/repliquemangacine.fr\\\/\",\"name\":\"R\u00e9plique Manga Cin\u00e9\",\"description\":\"\",\"publisher\":{\"@id\":\"https:\\\/\\\/repliquemangacine.fr\\\/#organization\"},\"potentialAction\":[{\"@type\":\"SearchAction\",\"target\":{\"@type\":\"EntryPoint\",\"urlTemplate\":\"https:\\\/\\\/repliquemangacine.fr\\\/?s={search_term_string}\"},\"query-input\":{\"@type\":\"PropertyValueSpecification\",\"valueRequired\":true,\"valueName\":\"search_term_string\"}}],\"inLanguage\":\"it-IT\"},{\"@type\":\"Organization\",\"@id\":\"https:\\\/\\\/repliquemangacine.fr\\\/#organization\",\"name\":\"R\u00e9plique Manga Cin\u00e9\",\"url\":\"https:\\\/\\\/repliquemangacine.fr\\\/\",\"logo\":{\"@type\":\"ImageObject\",\"inLanguage\":\"it-IT\",\"@id\":\"https:\\\/\\\/repliquemangacine.fr\\\/#\\\/schema\\\/logo\\\/image\\\/\",\"url\":\"https:\\\/\\\/repliquemangacine.fr\\\/wp-content\\\/uploads\\\/2023\\\/10\\\/RMC-500250.png\",\"contentUrl\":\"https:\\\/\\\/repliquemangacine.fr\\\/wp-content\\\/uploads\\\/2023\\\/10\\\/RMC-500250.png\",\"width\":500,\"height\":250,\"caption\":\"R\u00e9plique Manga Cin\u00e9\"},\"image\":{\"@id\":\"https:\\\/\\\/repliquemangacine.fr\\\/#\\\/schema\\\/logo\\\/image\\\/\"},\"sameAs\":[\"https:\\\/\\\/www.facebook.com\\\/RepliqueMangaCine\",\"https:\\\/\\\/www.instagram.com\\\/repliquemangacine.fr\\\/\"]}]}<\/script>\n<!-- \/ Yoast SEO plugin. -->","yoast_head_json":{"title":"Fucile Winchester 1873 Chrome - Denix Replica Weapons | RMC","description":"Scoprite il fucile Winchester 1873 cromato di Denix al miglior prezzo. Realizzato in zamac e legno. Meccanismo funzionale. Espulsione dei proiettili. Lunghezza 110 cm","robots":{"index":"index","follow":"follow","max-snippet":"max-snippet:-1","max-image-preview":"max-image-preview:large","max-video-preview":"max-video-preview:-1"},"canonical":"https:\/\/repliquemangacine.fr\/it\/armi-replica-occidentali\/fucile-winchester-1873-cromo\/","og_locale":"it_IT","og_type":"article","og_title":"Fusil Winchester 1873 Chrom\u00e9 - R\u00e9pliques d'armes Denix | RMC","og_description":"D\u00e9couvrez le Fusil Winchester 1873 Chrom\u00e9 de la marque Denix au meilleur prix. En zamac et bois. M\u00e9canisme fonctionnel. \u00c9jection des balles. L. 110 cm","og_url":"https:\/\/repliquemangacine.fr\/it\/armi-replica-occidentali\/fucile-winchester-1873-cromo\/","og_site_name":"R\u00e9plique Manga Cin\u00e9","article_publisher":"https:\/\/www.facebook.com\/RepliqueMangaCine","article_modified_time":"2026-01-17T11:45:05+00:00","og_image":[{"width":700,"height":700,"url":"https:\/\/repliquemangacine.fr\/wp-content\/uploads\/2023\/11\/Fusil-Winchester-1873-Chrome.jpg","type":"image\/jpeg"}],"twitter_card":"summary_large_image","twitter_misc":{"Tempo di lettura stimato":"3 minuti"},"schema":{"@context":"https:\/\/schema.org","@graph":[{"@type":"WebPage","@id":"https:\/\/repliquemangacine.fr\/western-repliques-armes\/fusil-winchester-1873-chrome\/","url":"https:\/\/repliquemangacine.fr\/western-repliques-armes\/fusil-winchester-1873-chrome\/","name":"Fucile Winchester 1873 Chrome - Denix Replica Weapons | RMC","isPartOf":{"@id":"https:\/\/repliquemangacine.fr\/#website"},"primaryImageOfPage":{"@id":"https:\/\/repliquemangacine.fr\/western-repliques-armes\/fusil-winchester-1873-chrome\/#primaryimage"},"image":{"@id":"https:\/\/repliquemangacine.fr\/western-repliques-armes\/fusil-winchester-1873-chrome\/#primaryimage"},"thumbnailUrl":"https:\/\/repliquemangacine.fr\/wp-content\/uploads\/2023\/11\/Fusil-Winchester-1873-Chrome.jpg","datePublished":"2023-11-14T11:41:25+00:00","dateModified":"2026-01-17T11:45:05+00:00","description":"Scoprite il fucile Winchester 1873 cromato di Denix al miglior prezzo. Realizzato in zamac e legno. Meccanismo funzionale. Espulsione dei proiettili. Lunghezza 110 cm","breadcrumb":{"@id":"https:\/\/repliquemangacine.fr\/western-repliques-armes\/fusil-winchester-1873-chrome\/#breadcrumb"},"inLanguage":"it-IT","potentialAction":[{"@type":"ReadAction","target":["https:\/\/repliquemangacine.fr\/western-repliques-armes\/fusil-winchester-1873-chrome\/"]}]},{"@type":"ImageObject","inLanguage":"it-IT","@id":"https:\/\/repliquemangacine.fr\/western-repliques-armes\/fusil-winchester-1873-chrome\/#primaryimage","url":"https:\/\/repliquemangacine.fr\/wp-content\/uploads\/2023\/11\/Fusil-Winchester-1873-Chrome.jpg","contentUrl":"https:\/\/repliquemangacine.fr\/wp-content\/uploads\/2023\/11\/Fusil-Winchester-1873-Chrome.jpg","width":700,"height":700,"caption":"Fusil Winchester 1873 Chrom\u00e9 Denix"},{"@type":"BreadcrumbList","@id":"https:\/\/repliquemangacine.fr\/western-repliques-armes\/fusil-winchester-1873-chrome\/#breadcrumb","itemListElement":[{"@type":"ListItem","position":1,"name":"Accueil","item":"https:\/\/repliquemangacine.fr\/"},{"@type":"ListItem","position":2,"name":"Produits","item":"https:\/\/repliquemangacine.fr\/boutique\/"},{"@type":"ListItem","position":3,"name":"Fusil Winchester 1873 Chrom\u00e9"}]},{"@type":"WebSite","@id":"https:\/\/repliquemangacine.fr\/#website","url":"https:\/\/repliquemangacine.fr\/","name":"R\u00e9plique Manga Cin\u00e9","description":"","publisher":{"@id":"https:\/\/repliquemangacine.fr\/#organization"},"potentialAction":[{"@type":"SearchAction","target":{"@type":"EntryPoint","urlTemplate":"https:\/\/repliquemangacine.fr\/?s={search_term_string}"},"query-input":{"@type":"PropertyValueSpecification","valueRequired":true,"valueName":"search_term_string"}}],"inLanguage":"it-IT"},{"@type":"Organization","@id":"https:\/\/repliquemangacine.fr\/#organization","name":"R\u00e9plique Manga Cin\u00e9","url":"https:\/\/repliquemangacine.fr\/","logo":{"@type":"ImageObject","inLanguage":"it-IT","@id":"https:\/\/repliquemangacine.fr\/#\/schema\/logo\/image\/","url":"https:\/\/repliquemangacine.fr\/wp-content\/uploads\/2023\/10\/RMC-500250.png","contentUrl":"https:\/\/repliquemangacine.fr\/wp-content\/uploads\/2023\/10\/RMC-500250.png","width":500,"height":250,"caption":"R\u00e9plique Manga Cin\u00e9"},"image":{"@id":"https:\/\/repliquemangacine.fr\/#\/schema\/logo\/image\/"},"sameAs":["https:\/\/www.facebook.com\/RepliqueMangaCine","https:\/\/www.instagram.com\/repliquemangacine.fr\/"]}]}},"_links":{"self":[{"href":"https:\/\/repliquemangacine.fr\/it\/wp-json\/wp\/v2\/product\/65456","targetHints":{"allow":["GET"]}}],"collection":[{"href":"https:\/\/repliquemangacine.fr\/it\/wp-json\/wp\/v2\/product"}],"about":[{"href":"https:\/\/repliquemangacine.fr\/it\/wp-json\/wp\/v2\/types\/product"}],"wp:featuredmedia":[{"embeddable":true,"href":"https:\/\/repliquemangacine.fr\/it\/wp-json\/wp\/v2\/media\/85654"}],"wp:attachment":[{"href":"https:\/\/repliquemangacine.fr\/it\/wp-json\/wp\/v2\/media?parent=65456"}],"wp:term":[{"taxonomy":"product_brand","embeddable":true,"href":"https:\/\/repliquemangacine.fr\/it\/wp-json\/wp\/v2\/product_brand?post=65456"},{"taxonomy":"product_cat","embeddable":true,"href":"https:\/\/repliquemangacine.fr\/it\/wp-json\/wp\/v2\/product_cat?post=65456"},{"taxonomy":"product_tag","embeddable":true,"href":"https:\/\/repliquemangacine.fr\/it\/wp-json\/wp\/v2\/product_tag?post=65456"}],"curies":[{"name":"wp","href":"https:\/\/api.w.org\/{rel}","templated":true}]}}