





{"id":65387,"date":"2023-11-13T13:22:33","date_gmt":"2023-11-13T12:22:33","guid":{"rendered":"https:\/\/repliquemangacine.fr\/?post_type=product&#038;p=65387"},"modified":"2026-04-16T10:33:57","modified_gmt":"2026-04-16T08:33:57","slug":"colt-navy-1851-grigio","status":"publish","type":"product","link":"https:\/\/repliquemangacine.fr\/it\/colt-revolver-western\/colt-navy-1851-gris\/","title":{"rendered":"Colt Navy 1851 grigio"},"content":{"rendered":"<h2>La Colt Navy 1851 Kolser grigia: Per gli appassionati di storia.<\/h2>\n<p>Per cominciare, Le <strong>colt Navy 1851 grigio<\/strong> del marchio Kolser \u00e8 un piccolo gioiello per i collezionisti. Progettato per la prima volta nel 1851 da Samuel Colt, era allora chiamato Colt Belt Revolving Pistol. Era il revolver preferito da personalit\u00e0 di spicco e dalla maggior parte dei ranger prima della guerra civile.<\/p>\n<p>Infatti, guadagn\u00f2 rapidamente popolarit\u00e0, in particolare durante la guerra civile americana, dove fu utilizzato da entrambe le parti, dall'Unione e dalla Confederazione. Grazie alla sua capacit\u00e0 di sei colpi, alle sue dimensioni e al suo peso, nonch\u00e9 alla sua affidabilit\u00e0, era un'arma privilegiata nelle condizioni spesso difficili dei campi di battaglia.<\/p>\n<h3>L'eredit\u00e0 storica della Colt Navy 1851 nella Guerra Civile Americana<\/h3>\n<p>Questo revolver rimane un pezzo iconico della storia delle armi da fuoco. Infatti, continua a essere apprezzato dai collezionisti e dal cinema.<\/p>\n<h2>La Colt Navy 1851 di Kolser: Una miscela perfetta di qualit\u00e0 e convenienza<\/h2>\n<p>Il marchio <a href=\"https:\/\/kolser.com\/fr\/produit\/replica-colt-navy-1851\/\">Kolser<\/a>specializzata in repliche di armi storiche, offre il suo <strong>Colt Navy 1851 grigio<\/strong> una notevole combinazione di qualit\u00e0 e convenienza. Questa fedele replica del famoso revolver della Guerra Civile \u00e8 la scelta migliore per i collezionisti e gli appassionati di storia. Offre un'esperienza quasi originale senza i costi proibitivi dei pezzi d'epoca.<\/p>\n<h3>Eccezionale rapporto qualit\u00e0\/prezzo della Colt Navy 1851 Kolser<\/h3>\n<p>Kolser \u00e8 riuscita a trovare un perfetto equilibrio tra rispetto dell'autenticit\u00e0 storica e accessibilit\u00e0 economica. Realizzata con materiali di qualit\u00e0, riproduce i dettagli e la meccanica dell'arma originale, pur rimanendo accessibile al vostro budget.<\/p>\n<p>Questo rapporto qualit\u00e0-prezzo rende la Colt Navy particolarmente interessante per chi desidera aggiungere una replica storica alla propria collezione senza compromettere la qualit\u00e0. Kolser offre cos\u00ec l'opportunit\u00e0 di accedere a un pezzo di storia, combinando autenticit\u00e0, prestazioni e prezzi competitivi.<\/p>\n<h2>Kolser : Un riferimento nel mondo delle repliche storiche di armi da fuoco<\/h2>\n<p>Kolser si \u00e8 affermata come un attore imprescindibile nella produzione di repliche di armi storiche di alta qualit\u00e0. Rinomata per il suo ampio catalogo che copre diverse epoche e stili, il marchio offre agli appassionati di storia e ai collezionisti una vasta gamma di scelta, dai classici revolver del West americano.<\/p>\n<p>Prendiamo l'esempio del <a href=\"https:\/\/repliquemangacine.fr\/it\/pistola-kolser\/set-di-kolser-lucidati-peacemaker-5-5\/\">Colt Peacemaker in 5,5 pollici lucido<\/a> con un realismo incomparabile. Esistono anche winchester con espulsione dei proiettili, come il modello <a href=\"https:\/\/repliquemangacine.fr\/it\/pistola-kolser\/gamba-mares-55cm-edizione-nera-kolser\/\">Gamba della cavalla<\/a> di Josh Randall. Il catalogo comprende anche <a href=\"https:\/\/repliquemangacine.fr\/it\/pistola-kolser\/vulcanico-1854\/\">Pistola vulcanica<\/a> del 1854.<\/p>\n<h3>Diversit\u00e0 e fedelt\u00e0: i punti di forza del catalogo Kolser<\/h3>\n<p>In conclusione, ogni replica \u00e8 il risultato di un lavoro meticoloso volto a catturare l'essenza dell'arma originale.<br \/>\nChe si tratti di rievocazioni storiche, mostre o semplicemente per il piacere di collezionare, le repliche di Kolser offrono un'esperienza autentica.<\/p>","protected":false},"excerpt":{"rendered":"<p>Una replica assolutamente notevole della Colt Navy 1851 di Kolser.<\/p>\n<ul>\n<li>Tutto acciaio<\/li>\n<li>Stock di legno<\/li>\n<li>Incisione dei due lati della botte ottagonale<\/li>\n<li>Meccanismo funzionale a tre posizioni<\/li>\n<li>Cilindro rotante a 6 camere adatto agli inneschi per petardi<\/li>\n<li>Fornito in un set in scatola<\/li>\n<li>Lunghezza totale: 35 cm<\/li>\n<\/ul>\n<p><iframe title=\"Lettore video di YouTube\" src=\"https:\/\/www.youtube.com\/embed\/6lT4fGB7hAc?si=OUGueoPSUHwitwYE\" width=\"560\" height=\"315\" frameborder=\"0\" allowfullscreen=\"allowfullscreen\"><\/iframe><\/p>","protected":false},"featured_media":65394,"template":"","meta":[],"product_brand":[896],"product_cat":[100,34,77,28,64,27],"product_tag":[],"class_list":{"0":"post-65387","1":"product","2":"type-product","3":"status-publish","4":"has-post-thumbnail","6":"product_brand-replique-manga-cine","7":"product_cat-arme-kolser","8":"product_cat-armes-westerns","9":"product_cat-colt-revolver-western","10":"product_cat-repliques-darmes","11":"product_cat-western-repliques-armes","12":"product_cat-armes-et-accessoires-western","14":"first","15":"outofstock","16":"taxable","17":"shipping-taxable","18":"purchasable","19":"product-type-simple"},"yoast_head":"<!-- This site is optimized with the Yoast SEO plugin v27.4 - https:\/\/yoast.com\/product\/yoast-seo-wordpress\/ -->\n<title>Colt Navy 1851 gris - R\u00e9pliques d&#039;armes Kolser | R\u00e9plique Manga Cin\u00e9<\/title>\n<meta name=\"description\" content=\"D\u00e9couvrez cette magnifique r\u00e9plique du Colt Navy 1851 gris de la marque Kolser au meilleur prix. Tout en acier. Crosse en bois. Barillet rotatif. L. 35 cm\" \/>\n<meta name=\"robots\" content=\"index, follow, max-snippet:-1, max-image-preview:large, max-video-preview:-1\" \/>\n<link rel=\"canonical\" href=\"https:\/\/repliquemangacine.fr\/it\/revolver-colt-western\/colt-navy-1851-grigio\/\" \/>\n<meta property=\"og:locale\" content=\"it_IT\" \/>\n<meta property=\"og:type\" content=\"article\" \/>\n<meta property=\"og:title\" content=\"Colt Navy 1851 gris - R\u00e9pliques d&#039;armes Kolser | R\u00e9plique Manga Cin\u00e9\" \/>\n<meta property=\"og:description\" content=\"D\u00e9couvrez cette magnifique r\u00e9plique du Colt Navy 1851 gris de la marque Kolser au meilleur prix. Tout en acier. Crosse en bois. Barillet rotatif. L. 35 cm\" \/>\n<meta property=\"og:url\" content=\"https:\/\/repliquemangacine.fr\/it\/revolver-colt-western\/colt-navy-1851-grigio\/\" \/>\n<meta property=\"og:site_name\" content=\"R\u00e9plique Manga Cin\u00e9\" \/>\n<meta property=\"article:publisher\" content=\"https:\/\/www.facebook.com\/RepliqueMangaCine\" \/>\n<meta property=\"article:modified_time\" content=\"2026-04-16T08:33:57+00:00\" \/>\n<meta property=\"og:image\" content=\"https:\/\/repliquemangacine.fr\/wp-content\/uploads\/2023\/11\/Colt-Navy-1851-gris.jpg\" \/>\n\t<meta property=\"og:image:width\" content=\"500\" \/>\n\t<meta property=\"og:image:height\" content=\"500\" \/>\n\t<meta property=\"og:image:type\" content=\"image\/jpeg\" \/>\n<meta name=\"twitter:card\" content=\"summary_large_image\" \/>\n<meta name=\"twitter:label1\" content=\"Tempo di lettura stimato\" \/>\n\t<meta name=\"twitter:data1\" content=\"3 minuti\" \/>\n<script type=\"application\/ld+json\" class=\"yoast-schema-graph\">{\"@context\":\"https:\\\/\\\/schema.org\",\"@graph\":[{\"@type\":\"WebPage\",\"@id\":\"https:\\\/\\\/repliquemangacine.fr\\\/colt-revolver-western\\\/colt-navy-1851-gris\\\/\",\"url\":\"https:\\\/\\\/repliquemangacine.fr\\\/colt-revolver-western\\\/colt-navy-1851-gris\\\/\",\"name\":\"Colt Navy 1851 gris - R\u00e9pliques d'armes Kolser | R\u00e9plique Manga Cin\u00e9\",\"isPartOf\":{\"@id\":\"https:\\\/\\\/repliquemangacine.fr\\\/#website\"},\"primaryImageOfPage\":{\"@id\":\"https:\\\/\\\/repliquemangacine.fr\\\/colt-revolver-western\\\/colt-navy-1851-gris\\\/#primaryimage\"},\"image\":{\"@id\":\"https:\\\/\\\/repliquemangacine.fr\\\/colt-revolver-western\\\/colt-navy-1851-gris\\\/#primaryimage\"},\"thumbnailUrl\":\"https:\\\/\\\/repliquemangacine.fr\\\/wp-content\\\/uploads\\\/2023\\\/11\\\/Colt-Navy-1851-gris.jpg\",\"datePublished\":\"2023-11-13T12:22:33+00:00\",\"dateModified\":\"2026-04-16T08:33:57+00:00\",\"description\":\"D\u00e9couvrez cette magnifique r\u00e9plique du Colt Navy 1851 gris de la marque Kolser au meilleur prix. Tout en acier. Crosse en bois. Barillet rotatif. L. 35 cm\",\"breadcrumb\":{\"@id\":\"https:\\\/\\\/repliquemangacine.fr\\\/colt-revolver-western\\\/colt-navy-1851-gris\\\/#breadcrumb\"},\"inLanguage\":\"it-IT\",\"potentialAction\":[{\"@type\":\"ReadAction\",\"target\":[\"https:\\\/\\\/repliquemangacine.fr\\\/colt-revolver-western\\\/colt-navy-1851-gris\\\/\"]}]},{\"@type\":\"ImageObject\",\"inLanguage\":\"it-IT\",\"@id\":\"https:\\\/\\\/repliquemangacine.fr\\\/colt-revolver-western\\\/colt-navy-1851-gris\\\/#primaryimage\",\"url\":\"https:\\\/\\\/repliquemangacine.fr\\\/wp-content\\\/uploads\\\/2023\\\/11\\\/Colt-Navy-1851-gris.jpg\",\"contentUrl\":\"https:\\\/\\\/repliquemangacine.fr\\\/wp-content\\\/uploads\\\/2023\\\/11\\\/Colt-Navy-1851-gris.jpg\",\"width\":500,\"height\":500,\"caption\":\"Colt Navy 1851 gris\"},{\"@type\":\"BreadcrumbList\",\"@id\":\"https:\\\/\\\/repliquemangacine.fr\\\/colt-revolver-western\\\/colt-navy-1851-gris\\\/#breadcrumb\",\"itemListElement\":[{\"@type\":\"ListItem\",\"position\":1,\"name\":\"Accueil\",\"item\":\"https:\\\/\\\/repliquemangacine.fr\\\/\"},{\"@type\":\"ListItem\",\"position\":2,\"name\":\"Produits\",\"item\":\"https:\\\/\\\/repliquemangacine.fr\\\/boutique\\\/\"},{\"@type\":\"ListItem\",\"position\":3,\"name\":\"Colt Navy 1851 gris\"}]},{\"@type\":\"WebSite\",\"@id\":\"https:\\\/\\\/repliquemangacine.fr\\\/#website\",\"url\":\"https:\\\/\\\/repliquemangacine.fr\\\/\",\"name\":\"R\u00e9plique Manga Cin\u00e9\",\"description\":\"\",\"publisher\":{\"@id\":\"https:\\\/\\\/repliquemangacine.fr\\\/#organization\"},\"potentialAction\":[{\"@type\":\"SearchAction\",\"target\":{\"@type\":\"EntryPoint\",\"urlTemplate\":\"https:\\\/\\\/repliquemangacine.fr\\\/?s={search_term_string}\"},\"query-input\":{\"@type\":\"PropertyValueSpecification\",\"valueRequired\":true,\"valueName\":\"search_term_string\"}}],\"inLanguage\":\"it-IT\"},{\"@type\":\"Organization\",\"@id\":\"https:\\\/\\\/repliquemangacine.fr\\\/#organization\",\"name\":\"R\u00e9plique Manga Cin\u00e9\",\"url\":\"https:\\\/\\\/repliquemangacine.fr\\\/\",\"logo\":{\"@type\":\"ImageObject\",\"inLanguage\":\"it-IT\",\"@id\":\"https:\\\/\\\/repliquemangacine.fr\\\/#\\\/schema\\\/logo\\\/image\\\/\",\"url\":\"https:\\\/\\\/repliquemangacine.fr\\\/wp-content\\\/uploads\\\/2023\\\/10\\\/RMC-500250.png\",\"contentUrl\":\"https:\\\/\\\/repliquemangacine.fr\\\/wp-content\\\/uploads\\\/2023\\\/10\\\/RMC-500250.png\",\"width\":500,\"height\":250,\"caption\":\"R\u00e9plique Manga Cin\u00e9\"},\"image\":{\"@id\":\"https:\\\/\\\/repliquemangacine.fr\\\/#\\\/schema\\\/logo\\\/image\\\/\"},\"sameAs\":[\"https:\\\/\\\/www.facebook.com\\\/RepliqueMangaCine\",\"https:\\\/\\\/www.instagram.com\\\/repliquemangacine.fr\\\/\"]}]}<\/script>\n<!-- \/ Yoast SEO plugin. -->","yoast_head_json":{"title":"Colt Navy 1851 grigio - Kolser Replica Weapons | R\u00e9plique Manga Cin\u00e9","description":"Scoprite questa magnifica replica Colt Navy 1851 grigia di Kolser al miglior prezzo. Tutta in acciaio. Calcio in legno. Canna rotante. Lunghezza 35 cm","robots":{"index":"index","follow":"follow","max-snippet":"max-snippet:-1","max-image-preview":"max-image-preview:large","max-video-preview":"max-video-preview:-1"},"canonical":"https:\/\/repliquemangacine.fr\/it\/revolver-colt-western\/colt-navy-1851-grigio\/","og_locale":"it_IT","og_type":"article","og_title":"Colt Navy 1851 gris - R\u00e9pliques d'armes Kolser | R\u00e9plique Manga Cin\u00e9","og_description":"D\u00e9couvrez cette magnifique r\u00e9plique du Colt Navy 1851 gris de la marque Kolser au meilleur prix. Tout en acier. Crosse en bois. Barillet rotatif. L. 35 cm","og_url":"https:\/\/repliquemangacine.fr\/it\/revolver-colt-western\/colt-navy-1851-grigio\/","og_site_name":"R\u00e9plique Manga Cin\u00e9","article_publisher":"https:\/\/www.facebook.com\/RepliqueMangaCine","article_modified_time":"2026-04-16T08:33:57+00:00","og_image":[{"width":500,"height":500,"url":"https:\/\/repliquemangacine.fr\/wp-content\/uploads\/2023\/11\/Colt-Navy-1851-gris.jpg","type":"image\/jpeg"}],"twitter_card":"summary_large_image","twitter_misc":{"Tempo di lettura stimato":"3 minuti"},"schema":{"@context":"https:\/\/schema.org","@graph":[{"@type":"WebPage","@id":"https:\/\/repliquemangacine.fr\/colt-revolver-western\/colt-navy-1851-gris\/","url":"https:\/\/repliquemangacine.fr\/colt-revolver-western\/colt-navy-1851-gris\/","name":"Colt Navy 1851 grigio - Kolser Replica Weapons | R\u00e9plique Manga Cin\u00e9","isPartOf":{"@id":"https:\/\/repliquemangacine.fr\/#website"},"primaryImageOfPage":{"@id":"https:\/\/repliquemangacine.fr\/colt-revolver-western\/colt-navy-1851-gris\/#primaryimage"},"image":{"@id":"https:\/\/repliquemangacine.fr\/colt-revolver-western\/colt-navy-1851-gris\/#primaryimage"},"thumbnailUrl":"https:\/\/repliquemangacine.fr\/wp-content\/uploads\/2023\/11\/Colt-Navy-1851-gris.jpg","datePublished":"2023-11-13T12:22:33+00:00","dateModified":"2026-04-16T08:33:57+00:00","description":"Scoprite questa magnifica replica Colt Navy 1851 grigia di Kolser al miglior prezzo. Tutta in acciaio. Calcio in legno. Canna rotante. Lunghezza 35 cm","breadcrumb":{"@id":"https:\/\/repliquemangacine.fr\/colt-revolver-western\/colt-navy-1851-gris\/#breadcrumb"},"inLanguage":"it-IT","potentialAction":[{"@type":"ReadAction","target":["https:\/\/repliquemangacine.fr\/colt-revolver-western\/colt-navy-1851-gris\/"]}]},{"@type":"ImageObject","inLanguage":"it-IT","@id":"https:\/\/repliquemangacine.fr\/colt-revolver-western\/colt-navy-1851-gris\/#primaryimage","url":"https:\/\/repliquemangacine.fr\/wp-content\/uploads\/2023\/11\/Colt-Navy-1851-gris.jpg","contentUrl":"https:\/\/repliquemangacine.fr\/wp-content\/uploads\/2023\/11\/Colt-Navy-1851-gris.jpg","width":500,"height":500,"caption":"Colt Navy 1851 gris"},{"@type":"BreadcrumbList","@id":"https:\/\/repliquemangacine.fr\/colt-revolver-western\/colt-navy-1851-gris\/#breadcrumb","itemListElement":[{"@type":"ListItem","position":1,"name":"Accueil","item":"https:\/\/repliquemangacine.fr\/"},{"@type":"ListItem","position":2,"name":"Produits","item":"https:\/\/repliquemangacine.fr\/boutique\/"},{"@type":"ListItem","position":3,"name":"Colt Navy 1851 gris"}]},{"@type":"WebSite","@id":"https:\/\/repliquemangacine.fr\/#website","url":"https:\/\/repliquemangacine.fr\/","name":"R\u00e9plique Manga Cin\u00e9","description":"","publisher":{"@id":"https:\/\/repliquemangacine.fr\/#organization"},"potentialAction":[{"@type":"SearchAction","target":{"@type":"EntryPoint","urlTemplate":"https:\/\/repliquemangacine.fr\/?s={search_term_string}"},"query-input":{"@type":"PropertyValueSpecification","valueRequired":true,"valueName":"search_term_string"}}],"inLanguage":"it-IT"},{"@type":"Organization","@id":"https:\/\/repliquemangacine.fr\/#organization","name":"R\u00e9plique Manga Cin\u00e9","url":"https:\/\/repliquemangacine.fr\/","logo":{"@type":"ImageObject","inLanguage":"it-IT","@id":"https:\/\/repliquemangacine.fr\/#\/schema\/logo\/image\/","url":"https:\/\/repliquemangacine.fr\/wp-content\/uploads\/2023\/10\/RMC-500250.png","contentUrl":"https:\/\/repliquemangacine.fr\/wp-content\/uploads\/2023\/10\/RMC-500250.png","width":500,"height":250,"caption":"R\u00e9plique Manga Cin\u00e9"},"image":{"@id":"https:\/\/repliquemangacine.fr\/#\/schema\/logo\/image\/"},"sameAs":["https:\/\/www.facebook.com\/RepliqueMangaCine","https:\/\/www.instagram.com\/repliquemangacine.fr\/"]}]}},"_links":{"self":[{"href":"https:\/\/repliquemangacine.fr\/it\/wp-json\/wp\/v2\/product\/65387","targetHints":{"allow":["GET"]}}],"collection":[{"href":"https:\/\/repliquemangacine.fr\/it\/wp-json\/wp\/v2\/product"}],"about":[{"href":"https:\/\/repliquemangacine.fr\/it\/wp-json\/wp\/v2\/types\/product"}],"wp:featuredmedia":[{"embeddable":true,"href":"https:\/\/repliquemangacine.fr\/it\/wp-json\/wp\/v2\/media\/65394"}],"wp:attachment":[{"href":"https:\/\/repliquemangacine.fr\/it\/wp-json\/wp\/v2\/media?parent=65387"}],"wp:term":[{"taxonomy":"product_brand","embeddable":true,"href":"https:\/\/repliquemangacine.fr\/it\/wp-json\/wp\/v2\/product_brand?post=65387"},{"taxonomy":"product_cat","embeddable":true,"href":"https:\/\/repliquemangacine.fr\/it\/wp-json\/wp\/v2\/product_cat?post=65387"},{"taxonomy":"product_tag","embeddable":true,"href":"https:\/\/repliquemangacine.fr\/it\/wp-json\/wp\/v2\/product_tag?post=65387"}],"curies":[{"name":"wp","href":"https:\/\/api.w.org\/{rel}","templated":true}]}}