





{"id":65257,"date":"2023-11-13T11:06:10","date_gmt":"2023-11-13T10:06:10","guid":{"rendered":"https:\/\/repliquemangacine.fr\/?post_type=product&#038;p=65257"},"modified":"2025-12-12T17:24:52","modified_gmt":"2025-12-12T16:24:52","slug":"colt-navy-1862-grigio","status":"publish","type":"product","link":"https:\/\/repliquemangacine.fr\/it\/arme-kolser\/colt-navy-1862-gris\/","title":{"rendered":"Colt Navy 1862 Grigio"},"content":{"rendered":"<h2>La Colt Navy 1862 di Kolser: Una replica storica di qualit\u00e0<\/h2>\n<p>Prima di tutto, il <strong>Colt Navy 1862 grigio<\/strong>La pistola replica Kolser \u00e8 una replica di un'arma storica. Combina la fedelt\u00e0 al modello originale con l'eccellenza dell'artigianato. Questa replica \u00e8 realizzata da un marchio rinomato per la sua attenzione ai dettagli. Offre ai collezionisti e agli appassionati di storia un'autentica immersione nel passato.<\/p>\n<p>Questa Colt si distingue per la precisione della fabbricazione, che rispetta le specifiche e il design dell'arma originale. Utilizzata durante la Guerra Civile Americana. Ogni aspetto della pistola, dall'incisione alla finitura del metallo, \u00e8 stato meticolosamente realizzato per riflettere l'arma storica.<\/p>\n<h3>Affidabilit\u00e0 e precisione: i punti di forza della Colt Navy 1862 Kolser<\/h3>\n<p>Questo approccio rigoroso garantisce un'esperienza autentica agli utenti. Che si tratti di rievocatori storici o di semplici appassionati di storia. La Colt Navy 1862 di Kolser non \u00e8 solo una replica, ma un pezzo di storia tangibile che rende omaggio a un'epoca passata.<\/p>\n<h2>Colt Navy 1862 Kolser: un buon rapporto qualit\u00e0\/prezzo: Un saggio investimento<\/h2>\n<p>Il rapporto qualit\u00e0-prezzo della Kolser Colt Navy 1862 \u00e8 un fattore chiave per molti collezionisti e appassionati di armi da fuoco storiche. Questa replica combina uno scrupoloso rispetto per la storia con un prezzo accessibile, offrendo un valore eccezionale. I collezionisti possono permettersi un pezzo di storia senza compromettere la qualit\u00e0 o il budget.<\/p>\n<p>Kolser \u00e8 riuscito a trovare il perfetto equilibrio tra la riproduzione fedele di un'arma storica e l'accessibilit\u00e0 al pubblico.<\/p>\n<h3>Un equilibrio perfetto tra autenticit\u00e0 e accessibilit\u00e0<\/h3>\n<p>Questa combinazione vincente rende le repliche dei <strong>Colt Navy 1862 grigio<\/strong> accessibili a un'ampia gamma di appassionati, dai principianti ai collezionisti esperti. L'accessibilit\u00e0 di queste repliche non pregiudica in alcun modo la loro qualit\u00e0, rendendole la scelta perfetta per gli appassionati. <a href=\"https:\/\/repliquemangacine.fr\/it\/pistola-kolser\/\">Armi Kolser<\/a> una scelta ideale per chi vuole possedere un pezzo di storia tangibile.<\/p>\n<h2>Perch\u00e9 scegliere Kolser per la vostra Colt Navy 1862 Replica?<\/h2>\n<p>Scegliere una replica Kolser significa optare per un marchio con una comprovata esperienza nel campo delle armi storiche. Rinomato per la sua capacit\u00e0 di produrre repliche di eccezionale fedelt\u00e0, combinando artigianalit\u00e0 e tecnologia moderna. Questa reputazione rende Kolser una scelta imbattibile per gli appassionati di armi storiche.<\/p>\n<p>Il marchio presta particolare attenzione ai pi\u00f9 piccoli dettagli. Questo fa s\u00ec che ogni replica non sia solo un oggetto da collezione, ma anche un pezzo di storia fedele all'originale.<\/p>\n<h3>Kolser: sinonimo di fedelt\u00e0 storica e qualit\u00e0<\/h3>\n<p>Inoltre, l'impegno di <a href=\"https:\/\/kolser.com\/\" target=\"_blank\" rel=\"noopener noreferrer\">Kolser<\/a> L'impegno per la qualit\u00e0 e l'autenticit\u00e0 si riflette in tutte le repliche del catalogo, come ad esempio il modello <a href=\"https:\/\/repliquemangacine.fr\/it\/pistola-kolser\/set-di-kolser-lucidati-peacemaker-5-5\/\">colt peacemaker poli<\/a>.<\/p>\n<p>In conclusione, scegliendo Kolser, i collezionisti hanno la certezza di acquistare una replica che rispetta l'eredit\u00e0 del marchio. <strong>Colt Navy 1862 grigio<\/strong>Il tutto con il vantaggio di un'esperienza moderna e di una qualit\u00e0 di produzione impeccabile.<\/p>","protected":false},"excerpt":{"rendered":"<p>Superba replica della Colt Navy 1862 grigia di Kolser.<\/p>\n<ul>\n<li>Metallo grigio antico<\/li>\n<li>Stock di legno.<\/li>\n<li>Meccanismo funzionale a tre posizioni.<\/li>\n<li>Camera a tamburo rotante ricaricabile, adatta per inneschi di petardi<\/li>\n<li>Fornito in un set in scatola<\/li>\n<li>Lunghezza totale: 35 cm<\/li>\n<\/ul>\n<p><iframe title=\"Lettore video di YouTube\" src=\"https:\/\/www.youtube.com\/embed\/6lT4fGB7hAc?si=f_fQ1nHr52Ynp5OL\" width=\"560\" height=\"315\" frameborder=\"0\" allowfullscreen=\"allowfullscreen\"><\/iframe><\/p>","protected":false},"featured_media":65266,"template":"","meta":[],"product_brand":[896],"product_cat":[100,34,77,28,27,64],"product_tag":[],"class_list":{"0":"post-65257","1":"product","2":"type-product","3":"status-publish","4":"has-post-thumbnail","6":"product_brand-replique-manga-cine","7":"product_cat-arme-kolser","8":"product_cat-armes-westerns","9":"product_cat-colt-revolver-western","10":"product_cat-repliques-darmes","11":"product_cat-armes-et-accessoires-western","12":"product_cat-western-repliques-armes","14":"first","15":"instock","16":"taxable","17":"shipping-taxable","18":"purchasable","19":"product-type-simple"},"yoast_head":"<!-- This site is optimized with the Yoast SEO plugin v27.4 - https:\/\/yoast.com\/product\/yoast-seo-wordpress\/ -->\n<title>Colt Navy 1862 Gris - R\u00e9plique d&#039;armes Kolser | R\u00e9plique Manga Cin\u00e9<\/title>\n<meta name=\"description\" content=\"Venez vite d\u00e9couvrir notre derni\u00e8re nouveaut\u00e9 Kolser le Colt Navy 1862 gris. Tout en m\u00e9tal, fid\u00e8le \u00e0 l&#039;original. M\u00e9canisme fonctionnel. Qualit\u00e9\/prix garanti\" \/>\n<meta name=\"robots\" content=\"index, follow, max-snippet:-1, max-image-preview:large, max-video-preview:-1\" \/>\n<link rel=\"canonical\" href=\"https:\/\/repliquemangacine.fr\/it\/pistola-kolser\/colt-navy-1862-grigio\/\" \/>\n<meta property=\"og:locale\" content=\"it_IT\" \/>\n<meta property=\"og:type\" content=\"article\" \/>\n<meta property=\"og:title\" content=\"Colt Navy 1862 Gris - R\u00e9plique d&#039;armes Kolser | R\u00e9plique Manga Cin\u00e9\" \/>\n<meta property=\"og:description\" content=\"Venez vite d\u00e9couvrir notre derni\u00e8re nouveaut\u00e9 Kolser le Colt Navy 1862 gris. Tout en m\u00e9tal, fid\u00e8le \u00e0 l&#039;original. M\u00e9canisme fonctionnel. Qualit\u00e9\/prix garanti\" \/>\n<meta property=\"og:url\" content=\"https:\/\/repliquemangacine.fr\/it\/pistola-kolser\/colt-navy-1862-grigio\/\" \/>\n<meta property=\"og:site_name\" content=\"R\u00e9plique Manga Cin\u00e9\" \/>\n<meta property=\"article:publisher\" content=\"https:\/\/www.facebook.com\/RepliqueMangaCine\" \/>\n<meta property=\"article:modified_time\" content=\"2025-12-12T16:24:52+00:00\" \/>\n<meta property=\"og:image\" content=\"https:\/\/repliquemangacine.fr\/wp-content\/uploads\/2023\/11\/Colt-Navy-1862-Gris.jpg\" \/>\n\t<meta property=\"og:image:width\" content=\"500\" \/>\n\t<meta property=\"og:image:height\" content=\"500\" \/>\n\t<meta property=\"og:image:type\" content=\"image\/jpeg\" \/>\n<meta name=\"twitter:card\" content=\"summary_large_image\" \/>\n<meta name=\"twitter:label1\" content=\"Tempo di lettura stimato\" \/>\n\t<meta name=\"twitter:data1\" content=\"3 minuti\" \/>\n<script type=\"application\/ld+json\" class=\"yoast-schema-graph\">{\"@context\":\"https:\\\/\\\/schema.org\",\"@graph\":[{\"@type\":\"WebPage\",\"@id\":\"https:\\\/\\\/repliquemangacine.fr\\\/arme-kolser\\\/colt-navy-1862-gris\\\/\",\"url\":\"https:\\\/\\\/repliquemangacine.fr\\\/arme-kolser\\\/colt-navy-1862-gris\\\/\",\"name\":\"Colt Navy 1862 Gris - R\u00e9plique d'armes Kolser | R\u00e9plique Manga Cin\u00e9\",\"isPartOf\":{\"@id\":\"https:\\\/\\\/repliquemangacine.fr\\\/#website\"},\"primaryImageOfPage\":{\"@id\":\"https:\\\/\\\/repliquemangacine.fr\\\/arme-kolser\\\/colt-navy-1862-gris\\\/#primaryimage\"},\"image\":{\"@id\":\"https:\\\/\\\/repliquemangacine.fr\\\/arme-kolser\\\/colt-navy-1862-gris\\\/#primaryimage\"},\"thumbnailUrl\":\"https:\\\/\\\/repliquemangacine.fr\\\/wp-content\\\/uploads\\\/2023\\\/11\\\/Colt-Navy-1862-Gris.jpg\",\"datePublished\":\"2023-11-13T10:06:10+00:00\",\"dateModified\":\"2025-12-12T16:24:52+00:00\",\"description\":\"Venez vite d\u00e9couvrir notre derni\u00e8re nouveaut\u00e9 Kolser le Colt Navy 1862 gris. Tout en m\u00e9tal, fid\u00e8le \u00e0 l'original. M\u00e9canisme fonctionnel. Qualit\u00e9\\\/prix garanti\",\"breadcrumb\":{\"@id\":\"https:\\\/\\\/repliquemangacine.fr\\\/arme-kolser\\\/colt-navy-1862-gris\\\/#breadcrumb\"},\"inLanguage\":\"it-IT\",\"potentialAction\":[{\"@type\":\"ReadAction\",\"target\":[\"https:\\\/\\\/repliquemangacine.fr\\\/arme-kolser\\\/colt-navy-1862-gris\\\/\"]}]},{\"@type\":\"ImageObject\",\"inLanguage\":\"it-IT\",\"@id\":\"https:\\\/\\\/repliquemangacine.fr\\\/arme-kolser\\\/colt-navy-1862-gris\\\/#primaryimage\",\"url\":\"https:\\\/\\\/repliquemangacine.fr\\\/wp-content\\\/uploads\\\/2023\\\/11\\\/Colt-Navy-1862-Gris.jpg\",\"contentUrl\":\"https:\\\/\\\/repliquemangacine.fr\\\/wp-content\\\/uploads\\\/2023\\\/11\\\/Colt-Navy-1862-Gris.jpg\",\"width\":500,\"height\":500,\"caption\":\"Colt Navy 1862 gris\"},{\"@type\":\"BreadcrumbList\",\"@id\":\"https:\\\/\\\/repliquemangacine.fr\\\/arme-kolser\\\/colt-navy-1862-gris\\\/#breadcrumb\",\"itemListElement\":[{\"@type\":\"ListItem\",\"position\":1,\"name\":\"Accueil\",\"item\":\"https:\\\/\\\/repliquemangacine.fr\\\/\"},{\"@type\":\"ListItem\",\"position\":2,\"name\":\"Produits\",\"item\":\"https:\\\/\\\/repliquemangacine.fr\\\/boutique\\\/\"},{\"@type\":\"ListItem\",\"position\":3,\"name\":\"Colt Navy 1862 Gris\"}]},{\"@type\":\"WebSite\",\"@id\":\"https:\\\/\\\/repliquemangacine.fr\\\/#website\",\"url\":\"https:\\\/\\\/repliquemangacine.fr\\\/\",\"name\":\"R\u00e9plique Manga Cin\u00e9\",\"description\":\"\",\"publisher\":{\"@id\":\"https:\\\/\\\/repliquemangacine.fr\\\/#organization\"},\"potentialAction\":[{\"@type\":\"SearchAction\",\"target\":{\"@type\":\"EntryPoint\",\"urlTemplate\":\"https:\\\/\\\/repliquemangacine.fr\\\/?s={search_term_string}\"},\"query-input\":{\"@type\":\"PropertyValueSpecification\",\"valueRequired\":true,\"valueName\":\"search_term_string\"}}],\"inLanguage\":\"it-IT\"},{\"@type\":\"Organization\",\"@id\":\"https:\\\/\\\/repliquemangacine.fr\\\/#organization\",\"name\":\"R\u00e9plique Manga Cin\u00e9\",\"url\":\"https:\\\/\\\/repliquemangacine.fr\\\/\",\"logo\":{\"@type\":\"ImageObject\",\"inLanguage\":\"it-IT\",\"@id\":\"https:\\\/\\\/repliquemangacine.fr\\\/#\\\/schema\\\/logo\\\/image\\\/\",\"url\":\"https:\\\/\\\/repliquemangacine.fr\\\/wp-content\\\/uploads\\\/2023\\\/10\\\/RMC-500250.png\",\"contentUrl\":\"https:\\\/\\\/repliquemangacine.fr\\\/wp-content\\\/uploads\\\/2023\\\/10\\\/RMC-500250.png\",\"width\":500,\"height\":250,\"caption\":\"R\u00e9plique Manga Cin\u00e9\"},\"image\":{\"@id\":\"https:\\\/\\\/repliquemangacine.fr\\\/#\\\/schema\\\/logo\\\/image\\\/\"},\"sameAs\":[\"https:\\\/\\\/www.facebook.com\\\/RepliqueMangaCine\",\"https:\\\/\\\/www.instagram.com\\\/repliquemangacine.fr\\\/\"]}]}<\/script>\n<!-- \/ Yoast SEO plugin. -->","yoast_head_json":{"title":"Colt Navy 1862 Grigio - Pistola replica Kolser | R\u00e9plique Manga Cin\u00e9","description":"Venite a scoprire la nostra ultima innovazione Kolser, la Colt Navy 1862 grigia. Tutta in metallo, fedele all'originale. Meccanismo funzionale. Qualit\u00e0\/prezzo garantito","robots":{"index":"index","follow":"follow","max-snippet":"max-snippet:-1","max-image-preview":"max-image-preview:large","max-video-preview":"max-video-preview:-1"},"canonical":"https:\/\/repliquemangacine.fr\/it\/pistola-kolser\/colt-navy-1862-grigio\/","og_locale":"it_IT","og_type":"article","og_title":"Colt Navy 1862 Gris - R\u00e9plique d'armes Kolser | R\u00e9plique Manga Cin\u00e9","og_description":"Venez vite d\u00e9couvrir notre derni\u00e8re nouveaut\u00e9 Kolser le Colt Navy 1862 gris. Tout en m\u00e9tal, fid\u00e8le \u00e0 l'original. M\u00e9canisme fonctionnel. Qualit\u00e9\/prix garanti","og_url":"https:\/\/repliquemangacine.fr\/it\/pistola-kolser\/colt-navy-1862-grigio\/","og_site_name":"R\u00e9plique Manga Cin\u00e9","article_publisher":"https:\/\/www.facebook.com\/RepliqueMangaCine","article_modified_time":"2025-12-12T16:24:52+00:00","og_image":[{"width":500,"height":500,"url":"https:\/\/repliquemangacine.fr\/wp-content\/uploads\/2023\/11\/Colt-Navy-1862-Gris.jpg","type":"image\/jpeg"}],"twitter_card":"summary_large_image","twitter_misc":{"Tempo di lettura stimato":"3 minuti"},"schema":{"@context":"https:\/\/schema.org","@graph":[{"@type":"WebPage","@id":"https:\/\/repliquemangacine.fr\/arme-kolser\/colt-navy-1862-gris\/","url":"https:\/\/repliquemangacine.fr\/arme-kolser\/colt-navy-1862-gris\/","name":"Colt Navy 1862 Grigio - Pistola replica Kolser | R\u00e9plique Manga Cin\u00e9","isPartOf":{"@id":"https:\/\/repliquemangacine.fr\/#website"},"primaryImageOfPage":{"@id":"https:\/\/repliquemangacine.fr\/arme-kolser\/colt-navy-1862-gris\/#primaryimage"},"image":{"@id":"https:\/\/repliquemangacine.fr\/arme-kolser\/colt-navy-1862-gris\/#primaryimage"},"thumbnailUrl":"https:\/\/repliquemangacine.fr\/wp-content\/uploads\/2023\/11\/Colt-Navy-1862-Gris.jpg","datePublished":"2023-11-13T10:06:10+00:00","dateModified":"2025-12-12T16:24:52+00:00","description":"Venite a scoprire la nostra ultima innovazione Kolser, la Colt Navy 1862 grigia. Tutta in metallo, fedele all'originale. Meccanismo funzionale. Qualit\u00e0\/prezzo garantito","breadcrumb":{"@id":"https:\/\/repliquemangacine.fr\/arme-kolser\/colt-navy-1862-gris\/#breadcrumb"},"inLanguage":"it-IT","potentialAction":[{"@type":"ReadAction","target":["https:\/\/repliquemangacine.fr\/arme-kolser\/colt-navy-1862-gris\/"]}]},{"@type":"ImageObject","inLanguage":"it-IT","@id":"https:\/\/repliquemangacine.fr\/arme-kolser\/colt-navy-1862-gris\/#primaryimage","url":"https:\/\/repliquemangacine.fr\/wp-content\/uploads\/2023\/11\/Colt-Navy-1862-Gris.jpg","contentUrl":"https:\/\/repliquemangacine.fr\/wp-content\/uploads\/2023\/11\/Colt-Navy-1862-Gris.jpg","width":500,"height":500,"caption":"Colt Navy 1862 gris"},{"@type":"BreadcrumbList","@id":"https:\/\/repliquemangacine.fr\/arme-kolser\/colt-navy-1862-gris\/#breadcrumb","itemListElement":[{"@type":"ListItem","position":1,"name":"Accueil","item":"https:\/\/repliquemangacine.fr\/"},{"@type":"ListItem","position":2,"name":"Produits","item":"https:\/\/repliquemangacine.fr\/boutique\/"},{"@type":"ListItem","position":3,"name":"Colt Navy 1862 Gris"}]},{"@type":"WebSite","@id":"https:\/\/repliquemangacine.fr\/#website","url":"https:\/\/repliquemangacine.fr\/","name":"R\u00e9plique Manga Cin\u00e9","description":"","publisher":{"@id":"https:\/\/repliquemangacine.fr\/#organization"},"potentialAction":[{"@type":"SearchAction","target":{"@type":"EntryPoint","urlTemplate":"https:\/\/repliquemangacine.fr\/?s={search_term_string}"},"query-input":{"@type":"PropertyValueSpecification","valueRequired":true,"valueName":"search_term_string"}}],"inLanguage":"it-IT"},{"@type":"Organization","@id":"https:\/\/repliquemangacine.fr\/#organization","name":"R\u00e9plique Manga Cin\u00e9","url":"https:\/\/repliquemangacine.fr\/","logo":{"@type":"ImageObject","inLanguage":"it-IT","@id":"https:\/\/repliquemangacine.fr\/#\/schema\/logo\/image\/","url":"https:\/\/repliquemangacine.fr\/wp-content\/uploads\/2023\/10\/RMC-500250.png","contentUrl":"https:\/\/repliquemangacine.fr\/wp-content\/uploads\/2023\/10\/RMC-500250.png","width":500,"height":250,"caption":"R\u00e9plique Manga Cin\u00e9"},"image":{"@id":"https:\/\/repliquemangacine.fr\/#\/schema\/logo\/image\/"},"sameAs":["https:\/\/www.facebook.com\/RepliqueMangaCine","https:\/\/www.instagram.com\/repliquemangacine.fr\/"]}]}},"_links":{"self":[{"href":"https:\/\/repliquemangacine.fr\/it\/wp-json\/wp\/v2\/product\/65257","targetHints":{"allow":["GET"]}}],"collection":[{"href":"https:\/\/repliquemangacine.fr\/it\/wp-json\/wp\/v2\/product"}],"about":[{"href":"https:\/\/repliquemangacine.fr\/it\/wp-json\/wp\/v2\/types\/product"}],"wp:featuredmedia":[{"embeddable":true,"href":"https:\/\/repliquemangacine.fr\/it\/wp-json\/wp\/v2\/media\/65266"}],"wp:attachment":[{"href":"https:\/\/repliquemangacine.fr\/it\/wp-json\/wp\/v2\/media?parent=65257"}],"wp:term":[{"taxonomy":"product_brand","embeddable":true,"href":"https:\/\/repliquemangacine.fr\/it\/wp-json\/wp\/v2\/product_brand?post=65257"},{"taxonomy":"product_cat","embeddable":true,"href":"https:\/\/repliquemangacine.fr\/it\/wp-json\/wp\/v2\/product_cat?post=65257"},{"taxonomy":"product_tag","embeddable":true,"href":"https:\/\/repliquemangacine.fr\/it\/wp-json\/wp\/v2\/product_tag?post=65257"}],"curies":[{"name":"wp","href":"https:\/\/api.w.org\/{rel}","templated":true}]}}