





{"id":65238,"date":"2023-11-13T11:12:10","date_gmt":"2023-11-13T10:12:10","guid":{"rendered":"https:\/\/repliquemangacine.fr\/?post_type=product&#038;p=65238"},"modified":"2026-04-14T12:08:32","modified_gmt":"2026-04-14T10:08:32","slug":"colt-navy-1862-nero-e-ottone-kolser","status":"publish","type":"product","link":"https:\/\/repliquemangacine.fr\/it\/arme-kolser\/colt-navy-1862-noir-et-laiton-kolser\/","title":{"rendered":"Colt Navy 1862 in ottone - Kolser"},"content":{"rendered":"<h2>Kolser 1862 Colt Navy Confederate replica<\/h2>\n<p>Prima di tutto, il <strong>Colt Navy 1862 in ottone<\/strong> La replica invecchiata di Kolser riproduce fedelmente la pistola originariamente progettata da Samuel Colt e utilizzata dai soldati confederati durante la guerra civile americana. Sebbene sia basata sul modello del 1851, questa replica si distingue per la canna cilindrica che sostituisce il design ottagonale.<\/p>\n<p>Kolser riproduce fedelmente le dimensioni dell'arma autentica, garantendo una riproduzione fedele, mentre il suo peso corrisponde strettamente a quello dell'originale. Questa replica dispone di un meccanismo funzionale a tre posizioni e di una canna a sei camere.<\/p>\n<h3>L'eredit\u00e0 storica della Colt Navy 1862 nella guerra civile americana<\/h3>\n<p>Revolver emblematico della guerra civile americana. Apprezzato per la sua affidabilit\u00e0, precisione e maneggevolezza. Utilizzato da entrambe le parti, l'Unione e la Confederazione, questo revolver gioc\u00f2 un ruolo fondamentale in molte battaglie. Il suo design innovativo ha segnato l'evoluzione delle armi da fuoco, influenzando i modelli futuri.<\/p>\n<h2>La Colt Navy 1862 Brass: un investimento ideale per gli amanti della storia<\/h2>\n<p>Questo <strong>Colt Navy 1862 in ottone<\/strong>, riprodotta fedelmente da Kolser, rappresenta un'opportunit\u00e0 per collezionisti e appassionati di storia. Questa replica, che unisce qualit\u00e0 e prezzo accessibile, offre un'occasione unica per possedere un pezzo di storia senza spendere una fortuna. Realizzata con attenzione ai dettagli, la pistola cattura l'essenza e lo spirito dell'originale pur rimanendo accessibile.<\/p>\n<p>Queste repliche sono progettate per riflettere fedelmente le caratteristiche del modello originale, compresa la sua famosa precisione e affidabilit\u00e0. La cura dedicata a ogni dettaglio, dall'incisione alla finitura, rende ogni pezzo un oggetto da collezione di grande valore.<\/p>\n<h3>Kolser replica valore per il denaro<\/h3>\n<p>Scegliendo Kolser, i collezionisti beneficiano di un eccellente rapporto qualit\u00e0-prezzo. Inoltre, la convenienza di queste repliche le rende ideali per chi desidera iniziare o ampliare la propria collezione. \u00c8 possibile scegliere tra diversi modelli, tra cui il modello <a href=\"https:\/\/repliquemangacine.fr\/it\/pistola-kolser\/colt-thunderer-calcio-in-madreperla\/\">Colt Thunderer<\/a> e il suo calcio in madreperla, oppure il <a href=\"https:\/\/repliquemangacine.fr\/it\/pistola-kolser\/gamba-di-stagno-55cm-ottone-kolser\/\">winchester Gamba di cavalla<\/a> di Josh Randall.<\/p>\n<h2>Perch\u00e9 scegliere Kolser per la vostra Colt Navy 1862 Replica?<\/h2>\n<p><a href=\"https:\/\/kolser.com\/fr\/produit\/replica-colt-navy-confederate-1862\/\" target=\"_blank\" rel=\"noopener noreferrer\">Kolser<\/a> si \u00e8 affermata come scelta privilegiata per le repliche di armi storiche, e la <strong>Colt Navy 1862 in ottone<\/strong> non fa eccezione. Inoltre, le repliche di Kolser si distinguono per la loro fedelt\u00e0 al design originale. La loro qualit\u00e0 di fabbricazione e il loro prezzo accessibile rendono questo marchio una scelta imprescindibile per i collezionisti.<\/p>\n<p>Il marchio Kolser si \u00e8 affermato sul mercato delle riproduzioni di armi grazie al suo eccezionale impegno verso la qualit\u00e0 superiore e il notevole realismo delle sue repliche. Ci\u00f2 \u00e8 possibile grazie a un'attenta progettazione pezzo per pezzo e a un meticoloso processo di assemblaggio manuale, che garantisce un'attenzione ai dettagli senza pari.<\/p>\n<h3>I vantaggi distintivi delle repliche Kolser<\/h3>\n<p>In conclusione, scegliere una replica Kolser significa scegliere l'eccellenza nella riproduzione di armi storiche. Inoltre, Kolser utilizza materiali di qualit\u00e0 per garantire durata ed estetica.<\/p>","protected":false},"excerpt":{"rendered":"<p>Replica assolutamente magnifica della Colt Navy 1862 in ottone Kolser.<\/p>\n<ul>\n<li>Metallo e ottone<\/li>\n<li>Stock di legno.<\/li>\n<li>Meccanismo funzionale.<\/li>\n<li>Incisione su entrambi i lati della canna<\/li>\n<li>Camera a tamburo rotante ricaricabile adatta per inneschi di petardi.<\/li>\n<li>Fornito in scatola di montaggio.<\/li>\n<li>Lunghezza totale: 35 cm<\/li>\n<\/ul>\n<p><iframe title=\"Lettore video di YouTube\" src=\"https:\/\/www.youtube.com\/embed\/6lT4fGB7hAc?si=kmY9Kajzr3u-F2Ah\" width=\"560\" height=\"315\" frameborder=\"0\" allowfullscreen=\"allowfullscreen\"><\/iframe><\/p>","protected":false},"featured_media":65246,"template":"","meta":[],"product_brand":[896],"product_cat":[100,34,33,77,28,64,27],"product_tag":[],"class_list":{"0":"post-65238","1":"product","2":"type-product","3":"status-publish","4":"has-post-thumbnail","6":"product_brand-replique-manga-cine","7":"product_cat-arme-kolser","8":"product_cat-armes-westerns","9":"product_cat-colt-pistolet","10":"product_cat-colt-revolver-western","11":"product_cat-repliques-darmes","12":"product_cat-western-repliques-armes","13":"product_cat-armes-et-accessoires-western","15":"first","16":"outofstock","17":"taxable","18":"shipping-taxable","19":"purchasable","20":"product-type-simple"},"yoast_head":"<!-- This site is optimized with the Yoast SEO plugin v27.4 - https:\/\/yoast.com\/product\/yoast-seo-wordpress\/ -->\n<title>Colt Navy 1862 laiton - Kolser - R\u00e9pliques d&#039;armes westerns | RMC<\/title>\n<meta name=\"description\" content=\"D\u00e9couvrez cette superbe r\u00e9plique du Colt Navy 1862 laiton de la marque Kolser. Finitions absolument remarquables. M\u00e9canisme fonctionnel. Haute qualit\u00e9.\" \/>\n<meta name=\"robots\" content=\"index, follow, max-snippet:-1, max-image-preview:large, max-video-preview:-1\" \/>\n<link rel=\"canonical\" href=\"https:\/\/repliquemangacine.fr\/it\/pistola-kolser\/colt-navy-1862-nero-e-ottone-kolser\/\" \/>\n<meta property=\"og:locale\" content=\"it_IT\" \/>\n<meta property=\"og:type\" content=\"article\" \/>\n<meta property=\"og:title\" content=\"Colt Navy 1862 laiton - Kolser - R\u00e9pliques d&#039;armes westerns | RMC\" \/>\n<meta property=\"og:description\" content=\"D\u00e9couvrez cette superbe r\u00e9plique du Colt Navy 1862 laiton de la marque Kolser. Finitions absolument remarquables. M\u00e9canisme fonctionnel. Haute qualit\u00e9.\" \/>\n<meta property=\"og:url\" content=\"https:\/\/repliquemangacine.fr\/it\/pistola-kolser\/colt-navy-1862-nero-e-ottone-kolser\/\" \/>\n<meta property=\"og:site_name\" content=\"R\u00e9plique Manga Cin\u00e9\" \/>\n<meta property=\"article:publisher\" content=\"https:\/\/www.facebook.com\/RepliqueMangaCine\" \/>\n<meta property=\"article:modified_time\" content=\"2026-04-14T10:08:32+00:00\" \/>\n<meta property=\"og:image\" content=\"https:\/\/repliquemangacine.fr\/wp-content\/uploads\/2023\/11\/colt-navy-1862-laiton-vieilli.jpg\" \/>\n\t<meta property=\"og:image:width\" content=\"500\" \/>\n\t<meta property=\"og:image:height\" content=\"500\" \/>\n\t<meta property=\"og:image:type\" content=\"image\/jpeg\" \/>\n<meta name=\"twitter:card\" content=\"summary_large_image\" \/>\n<meta name=\"twitter:label1\" content=\"Tempo di lettura stimato\" \/>\n\t<meta name=\"twitter:data1\" content=\"3 minuti\" \/>\n<script type=\"application\/ld+json\" class=\"yoast-schema-graph\">{\"@context\":\"https:\\\/\\\/schema.org\",\"@graph\":[{\"@type\":\"WebPage\",\"@id\":\"https:\\\/\\\/repliquemangacine.fr\\\/arme-kolser\\\/colt-navy-1862-noir-et-laiton-kolser\\\/\",\"url\":\"https:\\\/\\\/repliquemangacine.fr\\\/arme-kolser\\\/colt-navy-1862-noir-et-laiton-kolser\\\/\",\"name\":\"Colt Navy 1862 laiton - Kolser - R\u00e9pliques d'armes westerns | RMC\",\"isPartOf\":{\"@id\":\"https:\\\/\\\/repliquemangacine.fr\\\/#website\"},\"primaryImageOfPage\":{\"@id\":\"https:\\\/\\\/repliquemangacine.fr\\\/arme-kolser\\\/colt-navy-1862-noir-et-laiton-kolser\\\/#primaryimage\"},\"image\":{\"@id\":\"https:\\\/\\\/repliquemangacine.fr\\\/arme-kolser\\\/colt-navy-1862-noir-et-laiton-kolser\\\/#primaryimage\"},\"thumbnailUrl\":\"https:\\\/\\\/repliquemangacine.fr\\\/wp-content\\\/uploads\\\/2023\\\/11\\\/colt-navy-1862-laiton-vieilli.jpg\",\"datePublished\":\"2023-11-13T10:12:10+00:00\",\"dateModified\":\"2026-04-14T10:08:32+00:00\",\"description\":\"D\u00e9couvrez cette superbe r\u00e9plique du Colt Navy 1862 laiton de la marque Kolser. Finitions absolument remarquables. M\u00e9canisme fonctionnel. Haute qualit\u00e9.\",\"breadcrumb\":{\"@id\":\"https:\\\/\\\/repliquemangacine.fr\\\/arme-kolser\\\/colt-navy-1862-noir-et-laiton-kolser\\\/#breadcrumb\"},\"inLanguage\":\"it-IT\",\"potentialAction\":[{\"@type\":\"ReadAction\",\"target\":[\"https:\\\/\\\/repliquemangacine.fr\\\/arme-kolser\\\/colt-navy-1862-noir-et-laiton-kolser\\\/\"]}]},{\"@type\":\"ImageObject\",\"inLanguage\":\"it-IT\",\"@id\":\"https:\\\/\\\/repliquemangacine.fr\\\/arme-kolser\\\/colt-navy-1862-noir-et-laiton-kolser\\\/#primaryimage\",\"url\":\"https:\\\/\\\/repliquemangacine.fr\\\/wp-content\\\/uploads\\\/2023\\\/11\\\/colt-navy-1862-laiton-vieilli.jpg\",\"contentUrl\":\"https:\\\/\\\/repliquemangacine.fr\\\/wp-content\\\/uploads\\\/2023\\\/11\\\/colt-navy-1862-laiton-vieilli.jpg\",\"width\":500,\"height\":500,\"caption\":\"Colt Navy 1862 laiton Kolser\"},{\"@type\":\"BreadcrumbList\",\"@id\":\"https:\\\/\\\/repliquemangacine.fr\\\/arme-kolser\\\/colt-navy-1862-noir-et-laiton-kolser\\\/#breadcrumb\",\"itemListElement\":[{\"@type\":\"ListItem\",\"position\":1,\"name\":\"Accueil\",\"item\":\"https:\\\/\\\/repliquemangacine.fr\\\/\"},{\"@type\":\"ListItem\",\"position\":2,\"name\":\"Produits\",\"item\":\"https:\\\/\\\/repliquemangacine.fr\\\/boutique\\\/\"},{\"@type\":\"ListItem\",\"position\":3,\"name\":\"Colt Navy 1862 laiton &#8211; Kolser\"}]},{\"@type\":\"WebSite\",\"@id\":\"https:\\\/\\\/repliquemangacine.fr\\\/#website\",\"url\":\"https:\\\/\\\/repliquemangacine.fr\\\/\",\"name\":\"R\u00e9plique Manga Cin\u00e9\",\"description\":\"\",\"publisher\":{\"@id\":\"https:\\\/\\\/repliquemangacine.fr\\\/#organization\"},\"potentialAction\":[{\"@type\":\"SearchAction\",\"target\":{\"@type\":\"EntryPoint\",\"urlTemplate\":\"https:\\\/\\\/repliquemangacine.fr\\\/?s={search_term_string}\"},\"query-input\":{\"@type\":\"PropertyValueSpecification\",\"valueRequired\":true,\"valueName\":\"search_term_string\"}}],\"inLanguage\":\"it-IT\"},{\"@type\":\"Organization\",\"@id\":\"https:\\\/\\\/repliquemangacine.fr\\\/#organization\",\"name\":\"R\u00e9plique Manga Cin\u00e9\",\"url\":\"https:\\\/\\\/repliquemangacine.fr\\\/\",\"logo\":{\"@type\":\"ImageObject\",\"inLanguage\":\"it-IT\",\"@id\":\"https:\\\/\\\/repliquemangacine.fr\\\/#\\\/schema\\\/logo\\\/image\\\/\",\"url\":\"https:\\\/\\\/repliquemangacine.fr\\\/wp-content\\\/uploads\\\/2023\\\/10\\\/RMC-500250.png\",\"contentUrl\":\"https:\\\/\\\/repliquemangacine.fr\\\/wp-content\\\/uploads\\\/2023\\\/10\\\/RMC-500250.png\",\"width\":500,\"height\":250,\"caption\":\"R\u00e9plique Manga Cin\u00e9\"},\"image\":{\"@id\":\"https:\\\/\\\/repliquemangacine.fr\\\/#\\\/schema\\\/logo\\\/image\\\/\"},\"sameAs\":[\"https:\\\/\\\/www.facebook.com\\\/RepliqueMangaCine\",\"https:\\\/\\\/www.instagram.com\\\/repliquemangacine.fr\\\/\"]}]}<\/script>\n<!-- \/ Yoast SEO plugin. -->","yoast_head_json":{"title":"Colt Navy 1862 in ottone - Kolser - Repliche di armi occidentali | RMC","description":"Scoprite questa superba replica della Colt Navy 1862 in ottone di Kolser. Finitura assolutamente notevole. Meccanismo funzionale. Alta qualit\u00e0.","robots":{"index":"index","follow":"follow","max-snippet":"max-snippet:-1","max-image-preview":"max-image-preview:large","max-video-preview":"max-video-preview:-1"},"canonical":"https:\/\/repliquemangacine.fr\/it\/pistola-kolser\/colt-navy-1862-nero-e-ottone-kolser\/","og_locale":"it_IT","og_type":"article","og_title":"Colt Navy 1862 laiton - Kolser - R\u00e9pliques d'armes westerns | RMC","og_description":"D\u00e9couvrez cette superbe r\u00e9plique du Colt Navy 1862 laiton de la marque Kolser. Finitions absolument remarquables. M\u00e9canisme fonctionnel. Haute qualit\u00e9.","og_url":"https:\/\/repliquemangacine.fr\/it\/pistola-kolser\/colt-navy-1862-nero-e-ottone-kolser\/","og_site_name":"R\u00e9plique Manga Cin\u00e9","article_publisher":"https:\/\/www.facebook.com\/RepliqueMangaCine","article_modified_time":"2026-04-14T10:08:32+00:00","og_image":[{"width":500,"height":500,"url":"https:\/\/repliquemangacine.fr\/wp-content\/uploads\/2023\/11\/colt-navy-1862-laiton-vieilli.jpg","type":"image\/jpeg"}],"twitter_card":"summary_large_image","twitter_misc":{"Tempo di lettura stimato":"3 minuti"},"schema":{"@context":"https:\/\/schema.org","@graph":[{"@type":"WebPage","@id":"https:\/\/repliquemangacine.fr\/arme-kolser\/colt-navy-1862-noir-et-laiton-kolser\/","url":"https:\/\/repliquemangacine.fr\/arme-kolser\/colt-navy-1862-noir-et-laiton-kolser\/","name":"Colt Navy 1862 in ottone - Kolser - Repliche di armi occidentali | RMC","isPartOf":{"@id":"https:\/\/repliquemangacine.fr\/#website"},"primaryImageOfPage":{"@id":"https:\/\/repliquemangacine.fr\/arme-kolser\/colt-navy-1862-noir-et-laiton-kolser\/#primaryimage"},"image":{"@id":"https:\/\/repliquemangacine.fr\/arme-kolser\/colt-navy-1862-noir-et-laiton-kolser\/#primaryimage"},"thumbnailUrl":"https:\/\/repliquemangacine.fr\/wp-content\/uploads\/2023\/11\/colt-navy-1862-laiton-vieilli.jpg","datePublished":"2023-11-13T10:12:10+00:00","dateModified":"2026-04-14T10:08:32+00:00","description":"Scoprite questa superba replica della Colt Navy 1862 in ottone di Kolser. Finitura assolutamente notevole. Meccanismo funzionale. Alta qualit\u00e0.","breadcrumb":{"@id":"https:\/\/repliquemangacine.fr\/arme-kolser\/colt-navy-1862-noir-et-laiton-kolser\/#breadcrumb"},"inLanguage":"it-IT","potentialAction":[{"@type":"ReadAction","target":["https:\/\/repliquemangacine.fr\/arme-kolser\/colt-navy-1862-noir-et-laiton-kolser\/"]}]},{"@type":"ImageObject","inLanguage":"it-IT","@id":"https:\/\/repliquemangacine.fr\/arme-kolser\/colt-navy-1862-noir-et-laiton-kolser\/#primaryimage","url":"https:\/\/repliquemangacine.fr\/wp-content\/uploads\/2023\/11\/colt-navy-1862-laiton-vieilli.jpg","contentUrl":"https:\/\/repliquemangacine.fr\/wp-content\/uploads\/2023\/11\/colt-navy-1862-laiton-vieilli.jpg","width":500,"height":500,"caption":"Colt Navy 1862 laiton Kolser"},{"@type":"BreadcrumbList","@id":"https:\/\/repliquemangacine.fr\/arme-kolser\/colt-navy-1862-noir-et-laiton-kolser\/#breadcrumb","itemListElement":[{"@type":"ListItem","position":1,"name":"Accueil","item":"https:\/\/repliquemangacine.fr\/"},{"@type":"ListItem","position":2,"name":"Produits","item":"https:\/\/repliquemangacine.fr\/boutique\/"},{"@type":"ListItem","position":3,"name":"Colt Navy 1862 laiton &#8211; Kolser"}]},{"@type":"WebSite","@id":"https:\/\/repliquemangacine.fr\/#website","url":"https:\/\/repliquemangacine.fr\/","name":"R\u00e9plique Manga Cin\u00e9","description":"","publisher":{"@id":"https:\/\/repliquemangacine.fr\/#organization"},"potentialAction":[{"@type":"SearchAction","target":{"@type":"EntryPoint","urlTemplate":"https:\/\/repliquemangacine.fr\/?s={search_term_string}"},"query-input":{"@type":"PropertyValueSpecification","valueRequired":true,"valueName":"search_term_string"}}],"inLanguage":"it-IT"},{"@type":"Organization","@id":"https:\/\/repliquemangacine.fr\/#organization","name":"R\u00e9plique Manga Cin\u00e9","url":"https:\/\/repliquemangacine.fr\/","logo":{"@type":"ImageObject","inLanguage":"it-IT","@id":"https:\/\/repliquemangacine.fr\/#\/schema\/logo\/image\/","url":"https:\/\/repliquemangacine.fr\/wp-content\/uploads\/2023\/10\/RMC-500250.png","contentUrl":"https:\/\/repliquemangacine.fr\/wp-content\/uploads\/2023\/10\/RMC-500250.png","width":500,"height":250,"caption":"R\u00e9plique Manga Cin\u00e9"},"image":{"@id":"https:\/\/repliquemangacine.fr\/#\/schema\/logo\/image\/"},"sameAs":["https:\/\/www.facebook.com\/RepliqueMangaCine","https:\/\/www.instagram.com\/repliquemangacine.fr\/"]}]}},"_links":{"self":[{"href":"https:\/\/repliquemangacine.fr\/it\/wp-json\/wp\/v2\/product\/65238","targetHints":{"allow":["GET"]}}],"collection":[{"href":"https:\/\/repliquemangacine.fr\/it\/wp-json\/wp\/v2\/product"}],"about":[{"href":"https:\/\/repliquemangacine.fr\/it\/wp-json\/wp\/v2\/types\/product"}],"wp:featuredmedia":[{"embeddable":true,"href":"https:\/\/repliquemangacine.fr\/it\/wp-json\/wp\/v2\/media\/65246"}],"wp:attachment":[{"href":"https:\/\/repliquemangacine.fr\/it\/wp-json\/wp\/v2\/media?parent=65238"}],"wp:term":[{"taxonomy":"product_brand","embeddable":true,"href":"https:\/\/repliquemangacine.fr\/it\/wp-json\/wp\/v2\/product_brand?post=65238"},{"taxonomy":"product_cat","embeddable":true,"href":"https:\/\/repliquemangacine.fr\/it\/wp-json\/wp\/v2\/product_cat?post=65238"},{"taxonomy":"product_tag","embeddable":true,"href":"https:\/\/repliquemangacine.fr\/it\/wp-json\/wp\/v2\/product_tag?post=65238"}],"curies":[{"name":"wp","href":"https:\/\/api.w.org\/{rel}","templated":true}]}}