





{"id":65231,"date":"2023-11-12T12:55:42","date_gmt":"2023-11-12T11:55:42","guid":{"rendered":"https:\/\/repliquemangacine.fr\/?post_type=product&#038;p=65231"},"modified":"2025-11-18T16:14:06","modified_gmt":"2025-11-18T15:14:06","slug":"statuetta-di-kakashi-hatake","status":"publish","type":"product","link":"https:\/\/repliquemangacine.fr\/it\/figurine-naruto\/figurine-kakashi-hatake\/","title":{"rendered":"Figura d'azione di Kakashi Hatake"},"content":{"rendered":"<h2>Figure di Kakashi Hatake: immersione nell'universo di Naruto<\/h2>\n<p>Per iniziare, scoprite i nostri <strong>Statuetta di Kakashi Hatake<\/strong>, dell'universo di Naruto, che delizier\u00e0 tutti i fan. Innanzitutto, la statuina di Kakashi, il leggendario ninja copiatore, \u00e8 realizzata con grande attenzione ai dettagli. Offre una rappresentazione fedele e impressionante di questo personaggio emblematico.<\/p>\n<p>Va sottolineato che questa statuina raffigura Kakashi mentre evoca la squadra dei Crocs Traqueurs.<\/p>\n<p>Questa statuetta \u00e8 la perfetta incarnazione dello spirito e della forza di Kakashi, rendendo omaggio al suo ruolo cruciale nella serie.<\/p>\n<h3>Kakashi Hatake: un personaggio iconico da collezione<\/h3>\n<p>La nostra figura di Kakashi Hatake non \u00e8 solo un oggetto da collezione, ma un simbolo dell'ingegno e del potere di questo amato personaggio. Inserendola nella vostra collezione, non solo celebrerete il personaggio di Kakashi Hatake. <a href=\"https:\/\/naruto.fandom.com\/fr\/wiki\/Kakashi_Hatake\" target=\"_blank\" rel=\"noopener noreferrer\">Kakashi<\/a>ma anche la ricca ed emozionante eredit\u00e0 della serie Naruto.<\/p>\n<h2>Servizio eccezionale per le vostre figure di Kakashi Hatake<\/h2>\n<p>Presso l'R\u00e9plique Manga Cin\u00e9, l'acquisto della vostra <strong>Statuetta di Kakashi Hatake<\/strong> \u00e8 supportato da un servizio clienti impareggiabile. Che si tratti di una statuetta o di un <a href=\"https:\/\/repliquemangacine.fr\/it\/katana-naruto\/\">Naruto katana<\/a>. Prestiamo particolare attenzione all'imballaggio di ogni articolo, garantendo la consegna in perfette condizioni. Grazie al nostro servizio di consegna rapida in 24\/48 ore, non dovrete aspettare a lungo per dare il benvenuto a Kakashi.<\/p>\n<h3>Pagamento sicuro e assistenza clienti per un'esperienza senza preoccupazioni<\/h3>\n<p>Siamo consapevoli dell'importanza della sicurezza e della fiducia negli acquisti online. Ecco perch\u00e9 offriamo un processo di acquisto sicuro 100% per la tua figura di Kakashi Hatake. In caso di domande, il nostro servizio clienti dedicato \u00e8 a disposizione per aiutarvi e consigliarvi in ogni momento.<\/p>\n<h2>Scegliete la qualit\u00e0 con le nostre figurine di Naruto<\/h2>\n<p>Quando scegliete una statuetta di Naruto della nostra collezione, scegliete l'alta qualit\u00e0. Queste statuette sono il risultato di una produzione meticolosa, che unisce durata e fedelt\u00e0 artistica. Saranno anche non ufficiali, ma sono progettate per durare nel tempo e per portare un tocco dell'universo di Naruto nel vostro spazio personale o professionale.<\/p>\n<h3>Imbattibile rapporto qualit\u00e0\/prezzo per Kakashi Hatake<\/h3>\n<p>Siamo orgogliosi di offrire le figurine di Naruto con un eccezionale rapporto qualit\u00e0-prezzo. Ad esempio: il <a href=\"https:\/\/repliquemangacine.fr\/it\/figurina-di-naruto\/figurina-naruto-rikudo-sennin\/\">Statuetta Naruto Rikudo<\/a> Sennin.<\/p>\n<p>Ogni figurina \u00e8 un investimento nella tua passione per Naruto. Aggiunge valore alla tua collezione senza appesantire il tuo budget.<\/p>\n<p>In conclusione, con R\u00e9plique Manga Cin\u00e9, possedere un pezzo eccezionale \u00e8 alla portata di tutti senza spendere una fortuna.<\/p>","protected":false},"excerpt":{"rendered":"<p>Superba statuetta <strong>non ufficiale<\/strong> del personaggio di Kakashi Hatake in Naruto.<\/p>\n<ul>\n<li>Tutti i PVC<\/li>\n<li>Finemente dettagliato<\/li>\n<li>Altezza: 18 cm<\/li>\n<li>Fornito in una scatola da esposizione.<\/li>\n<\/ul>","protected":false},"featured_media":65232,"template":"","meta":[],"product_brand":[896],"product_cat":[832,831,42],"product_tag":[],"class_list":{"0":"post-65231","1":"product","2":"type-product","3":"status-publish","4":"has-post-thumbnail","6":"product_brand-replique-manga-cine","7":"product_cat-figurine-naruto","8":"product_cat-figurines-collector","9":"product_cat-katana-goodies-naruto-kunai","11":"first","12":"instock","13":"taxable","14":"shipping-taxable","15":"purchasable","16":"product-type-simple"},"yoast_head":"<!-- This site is optimized with the Yoast SEO plugin v27.4 - https:\/\/yoast.com\/product\/yoast-seo-wordpress\/ -->\n<title>Figurine Kakashi Hatake - R\u00e9plique Manga Cin\u00e9<\/title>\n<meta name=\"description\" content=\"Venez d\u00e9couvrir votre figurine Kakashi Hatake dans Naruto au meilleur prix du march\u00e9. Tout en PVC. Finement d\u00e9taill\u00e9e. Livr\u00e9 avec sa boite vitrine. H. 18 cm\" \/>\n<meta name=\"robots\" content=\"index, follow, max-snippet:-1, max-image-preview:large, max-video-preview:-1\" \/>\n<link rel=\"canonical\" href=\"https:\/\/repliquemangacine.fr\/it\/figurina-di-naruto\/statuetta-di-kakashi-hatake\/\" \/>\n<meta property=\"og:locale\" content=\"it_IT\" \/>\n<meta property=\"og:type\" content=\"article\" \/>\n<meta property=\"og:title\" content=\"Figurine Kakashi Hatake - R\u00e9plique Manga Cin\u00e9\" \/>\n<meta property=\"og:description\" content=\"Venez d\u00e9couvrir votre figurine Kakashi Hatake dans Naruto au meilleur prix du march\u00e9. Tout en PVC. Finement d\u00e9taill\u00e9e. Livr\u00e9 avec sa boite vitrine. H. 18 cm\" \/>\n<meta property=\"og:url\" content=\"https:\/\/repliquemangacine.fr\/it\/figurina-di-naruto\/statuetta-di-kakashi-hatake\/\" \/>\n<meta property=\"og:site_name\" content=\"R\u00e9plique Manga Cin\u00e9\" \/>\n<meta property=\"article:publisher\" content=\"https:\/\/www.facebook.com\/RepliqueMangaCine\" \/>\n<meta property=\"article:modified_time\" content=\"2025-11-18T15:14:06+00:00\" \/>\n<meta property=\"og:image\" content=\"https:\/\/repliquemangacine.fr\/wp-content\/uploads\/2023\/11\/figurine-kakashi-corps.jpg\" \/>\n\t<meta property=\"og:image:width\" content=\"500\" \/>\n\t<meta property=\"og:image:height\" content=\"500\" \/>\n\t<meta property=\"og:image:type\" content=\"image\/jpeg\" \/>\n<meta name=\"twitter:card\" content=\"summary_large_image\" \/>\n<meta name=\"twitter:label1\" content=\"Tempo di lettura stimato\" \/>\n\t<meta name=\"twitter:data1\" content=\"3 minuti\" \/>\n<script type=\"application\/ld+json\" class=\"yoast-schema-graph\">{\"@context\":\"https:\\\/\\\/schema.org\",\"@graph\":[{\"@type\":\"WebPage\",\"@id\":\"https:\\\/\\\/repliquemangacine.fr\\\/figurine-naruto\\\/figurine-kakashi-hatake\\\/\",\"url\":\"https:\\\/\\\/repliquemangacine.fr\\\/figurine-naruto\\\/figurine-kakashi-hatake\\\/\",\"name\":\"Figurine Kakashi Hatake - R\u00e9plique Manga Cin\u00e9\",\"isPartOf\":{\"@id\":\"https:\\\/\\\/repliquemangacine.fr\\\/#website\"},\"primaryImageOfPage\":{\"@id\":\"https:\\\/\\\/repliquemangacine.fr\\\/figurine-naruto\\\/figurine-kakashi-hatake\\\/#primaryimage\"},\"image\":{\"@id\":\"https:\\\/\\\/repliquemangacine.fr\\\/figurine-naruto\\\/figurine-kakashi-hatake\\\/#primaryimage\"},\"thumbnailUrl\":\"https:\\\/\\\/repliquemangacine.fr\\\/wp-content\\\/uploads\\\/2023\\\/11\\\/figurine-kakashi-corps.jpg\",\"datePublished\":\"2023-11-12T11:55:42+00:00\",\"dateModified\":\"2025-11-18T15:14:06+00:00\",\"description\":\"Venez d\u00e9couvrir votre figurine Kakashi Hatake dans Naruto au meilleur prix du march\u00e9. Tout en PVC. Finement d\u00e9taill\u00e9e. Livr\u00e9 avec sa boite vitrine. H. 18 cm\",\"breadcrumb\":{\"@id\":\"https:\\\/\\\/repliquemangacine.fr\\\/figurine-naruto\\\/figurine-kakashi-hatake\\\/#breadcrumb\"},\"inLanguage\":\"it-IT\",\"potentialAction\":[{\"@type\":\"ReadAction\",\"target\":[\"https:\\\/\\\/repliquemangacine.fr\\\/figurine-naruto\\\/figurine-kakashi-hatake\\\/\"]}]},{\"@type\":\"ImageObject\",\"inLanguage\":\"it-IT\",\"@id\":\"https:\\\/\\\/repliquemangacine.fr\\\/figurine-naruto\\\/figurine-kakashi-hatake\\\/#primaryimage\",\"url\":\"https:\\\/\\\/repliquemangacine.fr\\\/wp-content\\\/uploads\\\/2023\\\/11\\\/figurine-kakashi-corps.jpg\",\"contentUrl\":\"https:\\\/\\\/repliquemangacine.fr\\\/wp-content\\\/uploads\\\/2023\\\/11\\\/figurine-kakashi-corps.jpg\",\"width\":500,\"height\":500,\"caption\":\"Figurine Kakashi Hatake dans Naruto\"},{\"@type\":\"BreadcrumbList\",\"@id\":\"https:\\\/\\\/repliquemangacine.fr\\\/figurine-naruto\\\/figurine-kakashi-hatake\\\/#breadcrumb\",\"itemListElement\":[{\"@type\":\"ListItem\",\"position\":1,\"name\":\"Accueil\",\"item\":\"https:\\\/\\\/repliquemangacine.fr\\\/\"},{\"@type\":\"ListItem\",\"position\":2,\"name\":\"Produits\",\"item\":\"https:\\\/\\\/repliquemangacine.fr\\\/boutique\\\/\"},{\"@type\":\"ListItem\",\"position\":3,\"name\":\"Figurine Kakashi Hatake\"}]},{\"@type\":\"WebSite\",\"@id\":\"https:\\\/\\\/repliquemangacine.fr\\\/#website\",\"url\":\"https:\\\/\\\/repliquemangacine.fr\\\/\",\"name\":\"R\u00e9plique Manga Cin\u00e9\",\"description\":\"\",\"publisher\":{\"@id\":\"https:\\\/\\\/repliquemangacine.fr\\\/#organization\"},\"potentialAction\":[{\"@type\":\"SearchAction\",\"target\":{\"@type\":\"EntryPoint\",\"urlTemplate\":\"https:\\\/\\\/repliquemangacine.fr\\\/?s={search_term_string}\"},\"query-input\":{\"@type\":\"PropertyValueSpecification\",\"valueRequired\":true,\"valueName\":\"search_term_string\"}}],\"inLanguage\":\"it-IT\"},{\"@type\":\"Organization\",\"@id\":\"https:\\\/\\\/repliquemangacine.fr\\\/#organization\",\"name\":\"R\u00e9plique Manga Cin\u00e9\",\"url\":\"https:\\\/\\\/repliquemangacine.fr\\\/\",\"logo\":{\"@type\":\"ImageObject\",\"inLanguage\":\"it-IT\",\"@id\":\"https:\\\/\\\/repliquemangacine.fr\\\/#\\\/schema\\\/logo\\\/image\\\/\",\"url\":\"https:\\\/\\\/repliquemangacine.fr\\\/wp-content\\\/uploads\\\/2023\\\/10\\\/RMC-500250.png\",\"contentUrl\":\"https:\\\/\\\/repliquemangacine.fr\\\/wp-content\\\/uploads\\\/2023\\\/10\\\/RMC-500250.png\",\"width\":500,\"height\":250,\"caption\":\"R\u00e9plique Manga Cin\u00e9\"},\"image\":{\"@id\":\"https:\\\/\\\/repliquemangacine.fr\\\/#\\\/schema\\\/logo\\\/image\\\/\"},\"sameAs\":[\"https:\\\/\\\/www.facebook.com\\\/RepliqueMangaCine\",\"https:\\\/\\\/www.instagram.com\\\/repliquemangacine.fr\\\/\"]}]}<\/script>\n<!-- \/ Yoast SEO plugin. -->","yoast_head_json":{"title":"Figura di Kakashi Hatake - R\u00e9plique Manga Cin\u00e9","description":"Scopri la tua statuetta di Kakashi Hatake in Naruto al miglior prezzo sul mercato. Tutto in PVC. Finemente dettagliata. Consegnata con la sua scatola da esposizione. H. 18 cm","robots":{"index":"index","follow":"follow","max-snippet":"max-snippet:-1","max-image-preview":"max-image-preview:large","max-video-preview":"max-video-preview:-1"},"canonical":"https:\/\/repliquemangacine.fr\/it\/figurina-di-naruto\/statuetta-di-kakashi-hatake\/","og_locale":"it_IT","og_type":"article","og_title":"Figurine Kakashi Hatake - R\u00e9plique Manga Cin\u00e9","og_description":"Venez d\u00e9couvrir votre figurine Kakashi Hatake dans Naruto au meilleur prix du march\u00e9. Tout en PVC. Finement d\u00e9taill\u00e9e. Livr\u00e9 avec sa boite vitrine. H. 18 cm","og_url":"https:\/\/repliquemangacine.fr\/it\/figurina-di-naruto\/statuetta-di-kakashi-hatake\/","og_site_name":"R\u00e9plique Manga Cin\u00e9","article_publisher":"https:\/\/www.facebook.com\/RepliqueMangaCine","article_modified_time":"2025-11-18T15:14:06+00:00","og_image":[{"width":500,"height":500,"url":"https:\/\/repliquemangacine.fr\/wp-content\/uploads\/2023\/11\/figurine-kakashi-corps.jpg","type":"image\/jpeg"}],"twitter_card":"summary_large_image","twitter_misc":{"Tempo di lettura stimato":"3 minuti"},"schema":{"@context":"https:\/\/schema.org","@graph":[{"@type":"WebPage","@id":"https:\/\/repliquemangacine.fr\/figurine-naruto\/figurine-kakashi-hatake\/","url":"https:\/\/repliquemangacine.fr\/figurine-naruto\/figurine-kakashi-hatake\/","name":"Figura di Kakashi Hatake - R\u00e9plique Manga Cin\u00e9","isPartOf":{"@id":"https:\/\/repliquemangacine.fr\/#website"},"primaryImageOfPage":{"@id":"https:\/\/repliquemangacine.fr\/figurine-naruto\/figurine-kakashi-hatake\/#primaryimage"},"image":{"@id":"https:\/\/repliquemangacine.fr\/figurine-naruto\/figurine-kakashi-hatake\/#primaryimage"},"thumbnailUrl":"https:\/\/repliquemangacine.fr\/wp-content\/uploads\/2023\/11\/figurine-kakashi-corps.jpg","datePublished":"2023-11-12T11:55:42+00:00","dateModified":"2025-11-18T15:14:06+00:00","description":"Scopri la tua statuetta di Kakashi Hatake in Naruto al miglior prezzo sul mercato. Tutto in PVC. Finemente dettagliata. Consegnata con la sua scatola da esposizione. H. 18 cm","breadcrumb":{"@id":"https:\/\/repliquemangacine.fr\/figurine-naruto\/figurine-kakashi-hatake\/#breadcrumb"},"inLanguage":"it-IT","potentialAction":[{"@type":"ReadAction","target":["https:\/\/repliquemangacine.fr\/figurine-naruto\/figurine-kakashi-hatake\/"]}]},{"@type":"ImageObject","inLanguage":"it-IT","@id":"https:\/\/repliquemangacine.fr\/figurine-naruto\/figurine-kakashi-hatake\/#primaryimage","url":"https:\/\/repliquemangacine.fr\/wp-content\/uploads\/2023\/11\/figurine-kakashi-corps.jpg","contentUrl":"https:\/\/repliquemangacine.fr\/wp-content\/uploads\/2023\/11\/figurine-kakashi-corps.jpg","width":500,"height":500,"caption":"Figurine Kakashi Hatake dans Naruto"},{"@type":"BreadcrumbList","@id":"https:\/\/repliquemangacine.fr\/figurine-naruto\/figurine-kakashi-hatake\/#breadcrumb","itemListElement":[{"@type":"ListItem","position":1,"name":"Accueil","item":"https:\/\/repliquemangacine.fr\/"},{"@type":"ListItem","position":2,"name":"Produits","item":"https:\/\/repliquemangacine.fr\/boutique\/"},{"@type":"ListItem","position":3,"name":"Figurine Kakashi Hatake"}]},{"@type":"WebSite","@id":"https:\/\/repliquemangacine.fr\/#website","url":"https:\/\/repliquemangacine.fr\/","name":"R\u00e9plique Manga Cin\u00e9","description":"","publisher":{"@id":"https:\/\/repliquemangacine.fr\/#organization"},"potentialAction":[{"@type":"SearchAction","target":{"@type":"EntryPoint","urlTemplate":"https:\/\/repliquemangacine.fr\/?s={search_term_string}"},"query-input":{"@type":"PropertyValueSpecification","valueRequired":true,"valueName":"search_term_string"}}],"inLanguage":"it-IT"},{"@type":"Organization","@id":"https:\/\/repliquemangacine.fr\/#organization","name":"R\u00e9plique Manga Cin\u00e9","url":"https:\/\/repliquemangacine.fr\/","logo":{"@type":"ImageObject","inLanguage":"it-IT","@id":"https:\/\/repliquemangacine.fr\/#\/schema\/logo\/image\/","url":"https:\/\/repliquemangacine.fr\/wp-content\/uploads\/2023\/10\/RMC-500250.png","contentUrl":"https:\/\/repliquemangacine.fr\/wp-content\/uploads\/2023\/10\/RMC-500250.png","width":500,"height":250,"caption":"R\u00e9plique Manga Cin\u00e9"},"image":{"@id":"https:\/\/repliquemangacine.fr\/#\/schema\/logo\/image\/"},"sameAs":["https:\/\/www.facebook.com\/RepliqueMangaCine","https:\/\/www.instagram.com\/repliquemangacine.fr\/"]}]}},"_links":{"self":[{"href":"https:\/\/repliquemangacine.fr\/it\/wp-json\/wp\/v2\/product\/65231","targetHints":{"allow":["GET"]}}],"collection":[{"href":"https:\/\/repliquemangacine.fr\/it\/wp-json\/wp\/v2\/product"}],"about":[{"href":"https:\/\/repliquemangacine.fr\/it\/wp-json\/wp\/v2\/types\/product"}],"wp:featuredmedia":[{"embeddable":true,"href":"https:\/\/repliquemangacine.fr\/it\/wp-json\/wp\/v2\/media\/65232"}],"wp:attachment":[{"href":"https:\/\/repliquemangacine.fr\/it\/wp-json\/wp\/v2\/media?parent=65231"}],"wp:term":[{"taxonomy":"product_brand","embeddable":true,"href":"https:\/\/repliquemangacine.fr\/it\/wp-json\/wp\/v2\/product_brand?post=65231"},{"taxonomy":"product_cat","embeddable":true,"href":"https:\/\/repliquemangacine.fr\/it\/wp-json\/wp\/v2\/product_cat?post=65231"},{"taxonomy":"product_tag","embeddable":true,"href":"https:\/\/repliquemangacine.fr\/it\/wp-json\/wp\/v2\/product_tag?post=65231"}],"curies":[{"name":"wp","href":"https:\/\/api.w.org\/{rel}","templated":true}]}}