





{"id":65223,"date":"2023-11-12T11:59:58","date_gmt":"2023-11-12T10:59:58","guid":{"rendered":"https:\/\/repliquemangacine.fr\/?post_type=product&#038;p=65223"},"modified":"2025-11-18T16:14:36","modified_gmt":"2025-11-18T15:14:36","slug":"figurina-naruto-uzumaki","status":"publish","type":"product","link":"https:\/\/repliquemangacine.fr\/it\/figurine-naruto\/figurine-naruto-uzumaki\/","title":{"rendered":"Figura d'azione di Naruto Uzumaki"},"content":{"rendered":"<h2>Scopri le action figure di Naruto Uzumaki<\/h2>\n<p>Per cominciare, entrate nell'affascinante mondo di Naruto con il nostro <strong>Statuetta Naruto Uzumaki<\/strong>Il ninja pi\u00f9 impavido di Konoha. Queste statuette, disegnate con cura e precisione, catturano l'essenza del personaggio principale della serie. Ogni pezzo riflette la determinazione e l'energia di Naruto, offrendo ai fan una rappresentazione fedele del loro eroe preferito. Ma non \u00e8 tutto, RMC offre anche i seguenti prodotti da aggiungere alla vostra collezione<a href=\"https:\/\/repliquemangacine.fr\/it\/katana-naruto\/kusanagi-spada-sasuke-naruto\/\"> Le katane di Sasuke<\/a>. E non dimenticate i kunai e altre chicche.<\/p>\n<h3>Lo spirito di Naruto Uzumaki in ogni figura<\/h3>\n<p>Dal suo famoso <a href=\"https:\/\/repliquemangacine.fr\/it\/bilanci\/fascia-konoha-naruto\/\">Fascia Konoha<\/a> con i suoi abiti emblematici, ogni figurina di<a href=\"https:\/\/naruto.fandom.com\/fr\/wiki\/Naruto_Uzumaki\" target=\"_blank\" rel=\"noopener noreferrer\"> Naruto Uzumaki<\/a> \u00e8 un'ode allo spirito combattivo e alla perseveranza del personaggio. Che siate collezionisti di lunga data o nuovi fan, queste figure sono un'aggiunta inestimabile a qualsiasi collezione e catturano il cuore e l'anima dell'universo di Naruto.<\/p>\n<h2>Figurine d'eccezione: qualit\u00e0\/prezzo incomparabili<\/h2>\n<p>Inoltre, la nostra selezione di figurine combina perfettamente qualit\u00e0 e prezzi competitivi. Offrendo a fan e collezionisti la possibilit\u00e0 di acquistare pezzi eccezionali senza compromessi. Ogni statuetta \u00e8 il risultato di un lavoro meticoloso, che riflette l'attenzione ai dettagli e la fedelt\u00e0 ai personaggi originali. Questa combinazione di qualit\u00e0 superiore e prezzo accessibile rende la nostra collezione unica sul mercato. Vale la pena sottolineare che si tratta di una statuetta non ufficiale, ma ci\u00f2 non ne sminuisce la qualit\u00e0, se non per il prezzo contenuto.<\/p>\n<h3>Trovate la perfezione con il nostro rapporto qualit\u00e0\/prezzo<\/h3>\n<p>Siamo consapevoli dell'importanza del buon rapporto qualit\u00e0-prezzo nel mondo delle collezioni. Per questo ci sforziamo di offrire statuette non solo esteticamente gradevoli, ma anche durevoli e convenienti. Sia che vogliate iniziare una nuova collezione o aggiungerne una gi\u00e0 esistente, le nostre figurine sono il miglior compromesso.<\/p>\n<h2>Perch\u00e9 scegliere le nostre figurine: Servizio e qualit\u00e0 garantiti<\/h2>\n<p>Scegliere le nostre figurine significa scegliere un servizio di qualit\u00e0 superiore in ogni fase della vostra esperienza di acquisto. Il nostro imballaggio accurato garantisce che ogni figurina arrivi a casa vostra in condizioni impeccabili, pronta per essere aggiunta alla vostra collezione. Inoltre, con la nostra opzione di consegna rapida in 24\/48 ore, non dovrete aspettare a lungo per godervi il vostro acquisto.<\/p>\n<p>Il nostro servizio non si limita alla consegna rapida e all'imballaggio accurato. Offriamo anche un pagamento sicuro 100% per la massima tranquillit\u00e0 durante i tuoi acquisti.<\/p>\n<h3>Impegno e affidabilit\u00e0: le promesse dei nostri clienti<\/h3>\n<p>In conclusione, se avete domande o bisogno di assistenza, il nostro servizio clienti \u00e8 sempre disponibile ad aiutarvi. Ogni cliente \u00e8 prezioso per noi e ci impegniamo a fornire un'esperienza di acquisto eccezionale, dall'inizio alla fine. In breve, ci auguriamo di vedervi presto!<\/p>","protected":false},"excerpt":{"rendered":"<p>Superba statuetta <strong>Non ufficiale<\/strong> di Naruto Uzumaki<\/p>\n<ul>\n<li>Tutti i PVC<\/li>\n<li>Finemente dettagliato<\/li>\n<li>Piccolo supporto per contenere la statuetta<\/li>\n<li>Altezza: 20 cm<\/li>\n<li>Viene fornito con scatola da collezione<\/li>\n<\/ul>","protected":false},"featured_media":65226,"template":"","meta":[],"product_brand":[896],"product_cat":[832,831,42],"product_tag":[],"class_list":{"0":"post-65223","1":"product","2":"type-product","3":"status-publish","4":"has-post-thumbnail","6":"product_brand-replique-manga-cine","7":"product_cat-figurine-naruto","8":"product_cat-figurines-collector","9":"product_cat-katana-goodies-naruto-kunai","11":"first","12":"instock","13":"taxable","14":"shipping-taxable","15":"purchasable","16":"product-type-simple"},"yoast_head":"<!-- This site is optimized with the Yoast SEO plugin v27.4 - https:\/\/yoast.com\/product\/yoast-seo-wordpress\/ -->\n<title>Figurine Naruto Uzumaki - R\u00e9plique Manga Cin\u00e9<\/title>\n<meta name=\"description\" content=\"D\u00e9couvrez cette superbe figurine Naruto Uzumaki au meilleur prix. Tout en PVC. Finement d\u00e9taill\u00e9e. Livr\u00e9 avec sa bo\u00eete collector. Hauteur : 20 cm\" \/>\n<meta name=\"robots\" content=\"index, follow, max-snippet:-1, max-image-preview:large, max-video-preview:-1\" \/>\n<link rel=\"canonical\" href=\"https:\/\/repliquemangacine.fr\/it\/figurina-di-naruto\/figurina-naruto-uzumaki\/\" \/>\n<meta property=\"og:locale\" content=\"it_IT\" \/>\n<meta property=\"og:type\" content=\"article\" \/>\n<meta property=\"og:title\" content=\"Figurine Naruto Uzumaki - R\u00e9plique Manga Cin\u00e9\" \/>\n<meta property=\"og:description\" content=\"D\u00e9couvrez cette superbe figurine Naruto Uzumaki au meilleur prix. Tout en PVC. Finement d\u00e9taill\u00e9e. Livr\u00e9 avec sa bo\u00eete collector. Hauteur : 20 cm\" \/>\n<meta property=\"og:url\" content=\"https:\/\/repliquemangacine.fr\/it\/figurina-di-naruto\/figurina-naruto-uzumaki\/\" \/>\n<meta property=\"og:site_name\" content=\"R\u00e9plique Manga Cin\u00e9\" \/>\n<meta property=\"article:publisher\" content=\"https:\/\/www.facebook.com\/RepliqueMangaCine\" \/>\n<meta property=\"article:modified_time\" content=\"2025-11-18T15:14:36+00:00\" \/>\n<meta property=\"og:image\" content=\"https:\/\/repliquemangacine.fr\/wp-content\/uploads\/2023\/11\/Figurine-naruto-1.jpg\" \/>\n\t<meta property=\"og:image:width\" content=\"500\" \/>\n\t<meta property=\"og:image:height\" content=\"500\" \/>\n\t<meta property=\"og:image:type\" content=\"image\/jpeg\" \/>\n<meta name=\"twitter:card\" content=\"summary_large_image\" \/>\n<meta name=\"twitter:label1\" content=\"Tempo di lettura stimato\" \/>\n\t<meta name=\"twitter:data1\" content=\"3 minuti\" \/>\n<script type=\"application\/ld+json\" class=\"yoast-schema-graph\">{\"@context\":\"https:\\\/\\\/schema.org\",\"@graph\":[{\"@type\":\"WebPage\",\"@id\":\"https:\\\/\\\/repliquemangacine.fr\\\/figurine-naruto\\\/figurine-naruto-uzumaki\\\/\",\"url\":\"https:\\\/\\\/repliquemangacine.fr\\\/figurine-naruto\\\/figurine-naruto-uzumaki\\\/\",\"name\":\"Figurine Naruto Uzumaki - R\u00e9plique Manga Cin\u00e9\",\"isPartOf\":{\"@id\":\"https:\\\/\\\/repliquemangacine.fr\\\/#website\"},\"primaryImageOfPage\":{\"@id\":\"https:\\\/\\\/repliquemangacine.fr\\\/figurine-naruto\\\/figurine-naruto-uzumaki\\\/#primaryimage\"},\"image\":{\"@id\":\"https:\\\/\\\/repliquemangacine.fr\\\/figurine-naruto\\\/figurine-naruto-uzumaki\\\/#primaryimage\"},\"thumbnailUrl\":\"https:\\\/\\\/repliquemangacine.fr\\\/wp-content\\\/uploads\\\/2023\\\/11\\\/Figurine-naruto-1.jpg\",\"datePublished\":\"2023-11-12T10:59:58+00:00\",\"dateModified\":\"2025-11-18T15:14:36+00:00\",\"description\":\"D\u00e9couvrez cette superbe figurine Naruto Uzumaki au meilleur prix. Tout en PVC. Finement d\u00e9taill\u00e9e. Livr\u00e9 avec sa bo\u00eete collector. Hauteur : 20 cm\",\"breadcrumb\":{\"@id\":\"https:\\\/\\\/repliquemangacine.fr\\\/figurine-naruto\\\/figurine-naruto-uzumaki\\\/#breadcrumb\"},\"inLanguage\":\"it-IT\",\"potentialAction\":[{\"@type\":\"ReadAction\",\"target\":[\"https:\\\/\\\/repliquemangacine.fr\\\/figurine-naruto\\\/figurine-naruto-uzumaki\\\/\"]}]},{\"@type\":\"ImageObject\",\"inLanguage\":\"it-IT\",\"@id\":\"https:\\\/\\\/repliquemangacine.fr\\\/figurine-naruto\\\/figurine-naruto-uzumaki\\\/#primaryimage\",\"url\":\"https:\\\/\\\/repliquemangacine.fr\\\/wp-content\\\/uploads\\\/2023\\\/11\\\/Figurine-naruto-1.jpg\",\"contentUrl\":\"https:\\\/\\\/repliquemangacine.fr\\\/wp-content\\\/uploads\\\/2023\\\/11\\\/Figurine-naruto-1.jpg\",\"width\":500,\"height\":500,\"caption\":\"Figurine Naruto Uzumaki\"},{\"@type\":\"BreadcrumbList\",\"@id\":\"https:\\\/\\\/repliquemangacine.fr\\\/figurine-naruto\\\/figurine-naruto-uzumaki\\\/#breadcrumb\",\"itemListElement\":[{\"@type\":\"ListItem\",\"position\":1,\"name\":\"Accueil\",\"item\":\"https:\\\/\\\/repliquemangacine.fr\\\/\"},{\"@type\":\"ListItem\",\"position\":2,\"name\":\"Produits\",\"item\":\"https:\\\/\\\/repliquemangacine.fr\\\/boutique\\\/\"},{\"@type\":\"ListItem\",\"position\":3,\"name\":\"Figurine Naruto Uzumaki\"}]},{\"@type\":\"WebSite\",\"@id\":\"https:\\\/\\\/repliquemangacine.fr\\\/#website\",\"url\":\"https:\\\/\\\/repliquemangacine.fr\\\/\",\"name\":\"R\u00e9plique Manga Cin\u00e9\",\"description\":\"\",\"publisher\":{\"@id\":\"https:\\\/\\\/repliquemangacine.fr\\\/#organization\"},\"potentialAction\":[{\"@type\":\"SearchAction\",\"target\":{\"@type\":\"EntryPoint\",\"urlTemplate\":\"https:\\\/\\\/repliquemangacine.fr\\\/?s={search_term_string}\"},\"query-input\":{\"@type\":\"PropertyValueSpecification\",\"valueRequired\":true,\"valueName\":\"search_term_string\"}}],\"inLanguage\":\"it-IT\"},{\"@type\":\"Organization\",\"@id\":\"https:\\\/\\\/repliquemangacine.fr\\\/#organization\",\"name\":\"R\u00e9plique Manga Cin\u00e9\",\"url\":\"https:\\\/\\\/repliquemangacine.fr\\\/\",\"logo\":{\"@type\":\"ImageObject\",\"inLanguage\":\"it-IT\",\"@id\":\"https:\\\/\\\/repliquemangacine.fr\\\/#\\\/schema\\\/logo\\\/image\\\/\",\"url\":\"https:\\\/\\\/repliquemangacine.fr\\\/wp-content\\\/uploads\\\/2023\\\/10\\\/RMC-500250.png\",\"contentUrl\":\"https:\\\/\\\/repliquemangacine.fr\\\/wp-content\\\/uploads\\\/2023\\\/10\\\/RMC-500250.png\",\"width\":500,\"height\":250,\"caption\":\"R\u00e9plique Manga Cin\u00e9\"},\"image\":{\"@id\":\"https:\\\/\\\/repliquemangacine.fr\\\/#\\\/schema\\\/logo\\\/image\\\/\"},\"sameAs\":[\"https:\\\/\\\/www.facebook.com\\\/RepliqueMangaCine\",\"https:\\\/\\\/www.instagram.com\\\/repliquemangacine.fr\\\/\"]}]}<\/script>\n<!-- \/ Yoast SEO plugin. -->","yoast_head_json":{"title":"Figura di Naruto Uzumaki - R\u00e9plique Manga Cin\u00e9","description":"Scoprite questa superba statuetta di Naruto Uzumaki al miglior prezzo. Tutto in PVC. Finemente dettagliata. Viene fornita con la sua scatola da collezione. Altezza: 20 cm","robots":{"index":"index","follow":"follow","max-snippet":"max-snippet:-1","max-image-preview":"max-image-preview:large","max-video-preview":"max-video-preview:-1"},"canonical":"https:\/\/repliquemangacine.fr\/it\/figurina-di-naruto\/figurina-naruto-uzumaki\/","og_locale":"it_IT","og_type":"article","og_title":"Figurine Naruto Uzumaki - R\u00e9plique Manga Cin\u00e9","og_description":"D\u00e9couvrez cette superbe figurine Naruto Uzumaki au meilleur prix. Tout en PVC. Finement d\u00e9taill\u00e9e. Livr\u00e9 avec sa bo\u00eete collector. Hauteur : 20 cm","og_url":"https:\/\/repliquemangacine.fr\/it\/figurina-di-naruto\/figurina-naruto-uzumaki\/","og_site_name":"R\u00e9plique Manga Cin\u00e9","article_publisher":"https:\/\/www.facebook.com\/RepliqueMangaCine","article_modified_time":"2025-11-18T15:14:36+00:00","og_image":[{"width":500,"height":500,"url":"https:\/\/repliquemangacine.fr\/wp-content\/uploads\/2023\/11\/Figurine-naruto-1.jpg","type":"image\/jpeg"}],"twitter_card":"summary_large_image","twitter_misc":{"Tempo di lettura stimato":"3 minuti"},"schema":{"@context":"https:\/\/schema.org","@graph":[{"@type":"WebPage","@id":"https:\/\/repliquemangacine.fr\/figurine-naruto\/figurine-naruto-uzumaki\/","url":"https:\/\/repliquemangacine.fr\/figurine-naruto\/figurine-naruto-uzumaki\/","name":"Figura di Naruto Uzumaki - R\u00e9plique Manga Cin\u00e9","isPartOf":{"@id":"https:\/\/repliquemangacine.fr\/#website"},"primaryImageOfPage":{"@id":"https:\/\/repliquemangacine.fr\/figurine-naruto\/figurine-naruto-uzumaki\/#primaryimage"},"image":{"@id":"https:\/\/repliquemangacine.fr\/figurine-naruto\/figurine-naruto-uzumaki\/#primaryimage"},"thumbnailUrl":"https:\/\/repliquemangacine.fr\/wp-content\/uploads\/2023\/11\/Figurine-naruto-1.jpg","datePublished":"2023-11-12T10:59:58+00:00","dateModified":"2025-11-18T15:14:36+00:00","description":"Scoprite questa superba statuetta di Naruto Uzumaki al miglior prezzo. Tutto in PVC. Finemente dettagliata. Viene fornita con la sua scatola da collezione. Altezza: 20 cm","breadcrumb":{"@id":"https:\/\/repliquemangacine.fr\/figurine-naruto\/figurine-naruto-uzumaki\/#breadcrumb"},"inLanguage":"it-IT","potentialAction":[{"@type":"ReadAction","target":["https:\/\/repliquemangacine.fr\/figurine-naruto\/figurine-naruto-uzumaki\/"]}]},{"@type":"ImageObject","inLanguage":"it-IT","@id":"https:\/\/repliquemangacine.fr\/figurine-naruto\/figurine-naruto-uzumaki\/#primaryimage","url":"https:\/\/repliquemangacine.fr\/wp-content\/uploads\/2023\/11\/Figurine-naruto-1.jpg","contentUrl":"https:\/\/repliquemangacine.fr\/wp-content\/uploads\/2023\/11\/Figurine-naruto-1.jpg","width":500,"height":500,"caption":"Figurine Naruto Uzumaki"},{"@type":"BreadcrumbList","@id":"https:\/\/repliquemangacine.fr\/figurine-naruto\/figurine-naruto-uzumaki\/#breadcrumb","itemListElement":[{"@type":"ListItem","position":1,"name":"Accueil","item":"https:\/\/repliquemangacine.fr\/"},{"@type":"ListItem","position":2,"name":"Produits","item":"https:\/\/repliquemangacine.fr\/boutique\/"},{"@type":"ListItem","position":3,"name":"Figurine Naruto Uzumaki"}]},{"@type":"WebSite","@id":"https:\/\/repliquemangacine.fr\/#website","url":"https:\/\/repliquemangacine.fr\/","name":"R\u00e9plique Manga Cin\u00e9","description":"","publisher":{"@id":"https:\/\/repliquemangacine.fr\/#organization"},"potentialAction":[{"@type":"SearchAction","target":{"@type":"EntryPoint","urlTemplate":"https:\/\/repliquemangacine.fr\/?s={search_term_string}"},"query-input":{"@type":"PropertyValueSpecification","valueRequired":true,"valueName":"search_term_string"}}],"inLanguage":"it-IT"},{"@type":"Organization","@id":"https:\/\/repliquemangacine.fr\/#organization","name":"R\u00e9plique Manga Cin\u00e9","url":"https:\/\/repliquemangacine.fr\/","logo":{"@type":"ImageObject","inLanguage":"it-IT","@id":"https:\/\/repliquemangacine.fr\/#\/schema\/logo\/image\/","url":"https:\/\/repliquemangacine.fr\/wp-content\/uploads\/2023\/10\/RMC-500250.png","contentUrl":"https:\/\/repliquemangacine.fr\/wp-content\/uploads\/2023\/10\/RMC-500250.png","width":500,"height":250,"caption":"R\u00e9plique Manga Cin\u00e9"},"image":{"@id":"https:\/\/repliquemangacine.fr\/#\/schema\/logo\/image\/"},"sameAs":["https:\/\/www.facebook.com\/RepliqueMangaCine","https:\/\/www.instagram.com\/repliquemangacine.fr\/"]}]}},"_links":{"self":[{"href":"https:\/\/repliquemangacine.fr\/it\/wp-json\/wp\/v2\/product\/65223","targetHints":{"allow":["GET"]}}],"collection":[{"href":"https:\/\/repliquemangacine.fr\/it\/wp-json\/wp\/v2\/product"}],"about":[{"href":"https:\/\/repliquemangacine.fr\/it\/wp-json\/wp\/v2\/types\/product"}],"wp:featuredmedia":[{"embeddable":true,"href":"https:\/\/repliquemangacine.fr\/it\/wp-json\/wp\/v2\/media\/65226"}],"wp:attachment":[{"href":"https:\/\/repliquemangacine.fr\/it\/wp-json\/wp\/v2\/media?parent=65223"}],"wp:term":[{"taxonomy":"product_brand","embeddable":true,"href":"https:\/\/repliquemangacine.fr\/it\/wp-json\/wp\/v2\/product_brand?post=65223"},{"taxonomy":"product_cat","embeddable":true,"href":"https:\/\/repliquemangacine.fr\/it\/wp-json\/wp\/v2\/product_cat?post=65223"},{"taxonomy":"product_tag","embeddable":true,"href":"https:\/\/repliquemangacine.fr\/it\/wp-json\/wp\/v2\/product_tag?post=65223"}],"curies":[{"name":"wp","href":"https:\/\/api.w.org\/{rel}","templated":true}]}}