





{"id":65201,"date":"2023-11-11T17:42:11","date_gmt":"2023-11-11T16:42:11","guid":{"rendered":"https:\/\/repliquemangacine.fr\/?post_type=product&#038;p=65201"},"modified":"2025-11-18T16:15:13","modified_gmt":"2025-11-18T15:15:13","slug":"figurina-naruto-rikudo-sennin","status":"publish","type":"product","link":"https:\/\/repliquemangacine.fr\/it\/figurine-naruto\/figurine-naruto-rikudo-sennin\/","title":{"rendered":"Figura d'azione di Naruto Rikudo Sennin"},"content":{"rendered":"<h2>Figurina di Naruto Rikudo Sennin: un oggetto da collezione!<\/h2>\n<p>Per cominciare, il nostro <strong>Naruto Rikudo Sennin figurina<\/strong> \u00e8 un must per tutti i fan della serie <a href=\"https:\/\/naruto.fandom.com\/fr\/wiki\/Naruto_Uzumaki\" target=\"_blank\" rel=\"noopener noreferrer\">Naruto<\/a>. Questa statuina riproduce fedelmente Naruto nella sua forma pi\u00f9 potente. Offre una rappresentazione dettagliata e fedele di questo personaggio iconico.<\/p>\n<p>Ogni aspetto della statuina, dagli abiti alle espressioni, \u00e8 stato progettato con particolare attenzione ai dettagli.  Un omaggio a uno dei momenti pi\u00f9 significativi della serie.<\/p>\n<h3>Qualit\u00e0 e fedelt\u00e0: il nostro impegno in R\u00e9plique Manga Cin\u00e9<\/h3>\n<p>Scegliendo R\u00e9plique Manga Cin\u00e9 per il vostro <strong>statuetta<\/strong>, scegliete la qualit\u00e0. Il nostro impegno verso l'eccellenza si riflette in ogni statuina che offriamo.<br \/>\nRealizzata con materiali di alta qualit\u00e0, questa statuina non \u00e8 solo visivamente impressionante, ma anche resistente, garantendo che rimarr\u00e0 un tesoro nella tua collezione per gli anni a venire.<\/p>\n<h2>La migliore esperienza di acquisto per Naruto Rikudo Sennin Figure<\/h2>\n<p>Acquista il <strong>Naruto Rikudo Sennin figurina<\/strong> Da R\u00e9plique Manga Cin\u00e9 l'esperienza \u00e8 senza intoppi. Comprendiamo l'importanza di una consegna rapida e sicura. Ecco perch\u00e9 offriamo una spedizione espressa in 24\/48 ore, affinch\u00e9 possiate godervi il vostro nuovo acquisto il pi\u00f9 rapidamente possibile.<\/p>\n<p>Il nostro processo di pagamento sicuro garantisce che ogni transazione sia non solo facile, ma anche completamente sicura. Inoltre, prestiamo grande attenzione all'imballaggio di ogni statuina, assicurandoci che arrivi a casa tua in condizioni impeccabili.<\/p>\n<h3>Servizio clienti dedicato e imballaggio accurato<\/h3>\n<p>Il nostro servizio clienti \u00e8 sempre a disposizione per rispondere alle vostre domande e garantire che la vostra esperienza di acquisto sia il pi\u00f9 piacevole possibile. Noi di RMC ci impegniamo a fornirvi non solo una statuetta di qualit\u00e0, ma anche un'esperienza di acquisto indimenticabile.<\/p>\n<h2>Perch\u00e9 scegliere l'action figure Naruto Rikudo Sennin di RMC?<\/h2>\n<p>Scegliete la statuetta di Naruto su R\u00e9plique Manga Cin\u00e9 ed entrate a far parte di una community di appassionati fan e collezionisti. Questa statuetta raffigura Naruto nella sua forma pi\u00f9 impressionante ed \u00e8 un vero e proprio oggetto da collezione.<\/p>\n<p>Scegliendo RMC, non solo avrai una statuina di alta qualit\u00e0, ma anche un servizio clienti eccezionale, pronto ad assisterti nel tuo acquisto. Ma anche altri articoli da collezione come le katana di Sasuke o le <a href=\"https:\/\/repliquemangacine.fr\/it\/naruto-kunai-e-shuriken\/\">Kunais<\/a> e le chicche.<\/p>\n<h3>Un'esperienza completa per i fan di Naruto<\/h3>\n<p>Scegliendo il nostro <strong>Naruto Rikudo Sennin figurina<\/strong>, entrerete in un mondo in cui ogni dettaglio conta, dalle lame in metallo o legno delle nostre katana alle linee precise dei nostri kunai.<br \/>\nQuesta statuina fa parte di una gamma completa di articoli che catturano e incarnano lo spirito della serie Naruto.  Con RMC, scegliete un'esperienza immersiva nell'universo di Naruto.<\/p>","protected":false},"excerpt":{"rendered":"<p>Replica superba <strong>non ufficiale<\/strong> della statuetta Naruto Rikudo sennin.<\/p>\n<ul>\n<li>Tutti i PVC<\/li>\n<li>Finemente dettagliato<\/li>\n<li>Altezza: 26 cm<\/li>\n<li>Viene fornito con la sua scatola da collezione<\/li>\n<\/ul>","protected":false},"featured_media":65203,"template":"","meta":[],"product_brand":[896],"product_cat":[832,831,42],"product_tag":[],"class_list":{"0":"post-65201","1":"product","2":"type-product","3":"status-publish","4":"has-post-thumbnail","6":"product_brand-replique-manga-cine","7":"product_cat-figurine-naruto","8":"product_cat-figurines-collector","9":"product_cat-katana-goodies-naruto-kunai","11":"first","12":"instock","13":"taxable","14":"shipping-taxable","15":"purchasable","16":"product-type-simple"},"yoast_head":"<!-- This site is optimized with the Yoast SEO plugin v27.4 - https:\/\/yoast.com\/product\/yoast-seo-wordpress\/ -->\n<title>Figurine Naruto Rikudo Sennin | R\u00e9plique Manga Cin\u00e9<\/title>\n<meta name=\"description\" content=\"D\u00e9couvrez vite ! Cette Figurine Naruto Rikudo Sennin mode au meilleur prix. Tout en PVC. Finement d\u00e9taill\u00e9s. Hauteur : 26 cm. Livr\u00e9 dans sa bo\u00eete collector\" \/>\n<meta name=\"robots\" content=\"index, follow, max-snippet:-1, max-image-preview:large, max-video-preview:-1\" \/>\n<link rel=\"canonical\" href=\"https:\/\/repliquemangacine.fr\/it\/figurina-di-naruto\/figurina-naruto-rikudo-sennin\/\" \/>\n<meta property=\"og:locale\" content=\"it_IT\" \/>\n<meta property=\"og:type\" content=\"article\" \/>\n<meta property=\"og:title\" content=\"Figurine Naruto Rikudo Sennin | R\u00e9plique Manga Cin\u00e9\" \/>\n<meta property=\"og:description\" content=\"D\u00e9couvrez vite ! Cette Figurine Naruto Rikudo Sennin mode au meilleur prix. Tout en PVC. Finement d\u00e9taill\u00e9s. Hauteur : 26 cm. Livr\u00e9 dans sa bo\u00eete collector\" \/>\n<meta property=\"og:url\" content=\"https:\/\/repliquemangacine.fr\/it\/figurina-di-naruto\/figurina-naruto-rikudo-sennin\/\" \/>\n<meta property=\"og:site_name\" content=\"R\u00e9plique Manga Cin\u00e9\" \/>\n<meta property=\"article:publisher\" content=\"https:\/\/www.facebook.com\/RepliqueMangaCine\" \/>\n<meta property=\"article:modified_time\" content=\"2025-11-18T15:15:13+00:00\" \/>\n<meta property=\"og:image\" content=\"https:\/\/repliquemangacine.fr\/wp-content\/uploads\/2023\/11\/figurine-naruto.jpg\" \/>\n\t<meta property=\"og:image:width\" content=\"500\" \/>\n\t<meta property=\"og:image:height\" content=\"500\" \/>\n\t<meta property=\"og:image:type\" content=\"image\/jpeg\" \/>\n<meta name=\"twitter:card\" content=\"summary_large_image\" \/>\n<meta name=\"twitter:label1\" content=\"Tempo di lettura stimato\" \/>\n\t<meta name=\"twitter:data1\" content=\"3 minuti\" \/>\n<script type=\"application\/ld+json\" class=\"yoast-schema-graph\">{\"@context\":\"https:\\\/\\\/schema.org\",\"@graph\":[{\"@type\":\"WebPage\",\"@id\":\"https:\\\/\\\/repliquemangacine.fr\\\/figurine-naruto\\\/figurine-naruto-rikudo-sennin\\\/\",\"url\":\"https:\\\/\\\/repliquemangacine.fr\\\/figurine-naruto\\\/figurine-naruto-rikudo-sennin\\\/\",\"name\":\"Figurine Naruto Rikudo Sennin | R\u00e9plique Manga Cin\u00e9\",\"isPartOf\":{\"@id\":\"https:\\\/\\\/repliquemangacine.fr\\\/#website\"},\"primaryImageOfPage\":{\"@id\":\"https:\\\/\\\/repliquemangacine.fr\\\/figurine-naruto\\\/figurine-naruto-rikudo-sennin\\\/#primaryimage\"},\"image\":{\"@id\":\"https:\\\/\\\/repliquemangacine.fr\\\/figurine-naruto\\\/figurine-naruto-rikudo-sennin\\\/#primaryimage\"},\"thumbnailUrl\":\"https:\\\/\\\/repliquemangacine.fr\\\/wp-content\\\/uploads\\\/2023\\\/11\\\/figurine-naruto.jpg\",\"datePublished\":\"2023-11-11T16:42:11+00:00\",\"dateModified\":\"2025-11-18T15:15:13+00:00\",\"description\":\"D\u00e9couvrez vite ! Cette Figurine Naruto Rikudo Sennin mode au meilleur prix. Tout en PVC. Finement d\u00e9taill\u00e9s. Hauteur : 26 cm. Livr\u00e9 dans sa bo\u00eete collector\",\"breadcrumb\":{\"@id\":\"https:\\\/\\\/repliquemangacine.fr\\\/figurine-naruto\\\/figurine-naruto-rikudo-sennin\\\/#breadcrumb\"},\"inLanguage\":\"it-IT\",\"potentialAction\":[{\"@type\":\"ReadAction\",\"target\":[\"https:\\\/\\\/repliquemangacine.fr\\\/figurine-naruto\\\/figurine-naruto-rikudo-sennin\\\/\"]}]},{\"@type\":\"ImageObject\",\"inLanguage\":\"it-IT\",\"@id\":\"https:\\\/\\\/repliquemangacine.fr\\\/figurine-naruto\\\/figurine-naruto-rikudo-sennin\\\/#primaryimage\",\"url\":\"https:\\\/\\\/repliquemangacine.fr\\\/wp-content\\\/uploads\\\/2023\\\/11\\\/figurine-naruto.jpg\",\"contentUrl\":\"https:\\\/\\\/repliquemangacine.fr\\\/wp-content\\\/uploads\\\/2023\\\/11\\\/figurine-naruto.jpg\",\"width\":500,\"height\":500,\"caption\":\"Figurine Naruto Rikudo sennin\"},{\"@type\":\"BreadcrumbList\",\"@id\":\"https:\\\/\\\/repliquemangacine.fr\\\/figurine-naruto\\\/figurine-naruto-rikudo-sennin\\\/#breadcrumb\",\"itemListElement\":[{\"@type\":\"ListItem\",\"position\":1,\"name\":\"Accueil\",\"item\":\"https:\\\/\\\/repliquemangacine.fr\\\/\"},{\"@type\":\"ListItem\",\"position\":2,\"name\":\"Produits\",\"item\":\"https:\\\/\\\/repliquemangacine.fr\\\/boutique\\\/\"},{\"@type\":\"ListItem\",\"position\":3,\"name\":\"Figurine Naruto Rikudo Sennin\"}]},{\"@type\":\"WebSite\",\"@id\":\"https:\\\/\\\/repliquemangacine.fr\\\/#website\",\"url\":\"https:\\\/\\\/repliquemangacine.fr\\\/\",\"name\":\"R\u00e9plique Manga Cin\u00e9\",\"description\":\"\",\"publisher\":{\"@id\":\"https:\\\/\\\/repliquemangacine.fr\\\/#organization\"},\"potentialAction\":[{\"@type\":\"SearchAction\",\"target\":{\"@type\":\"EntryPoint\",\"urlTemplate\":\"https:\\\/\\\/repliquemangacine.fr\\\/?s={search_term_string}\"},\"query-input\":{\"@type\":\"PropertyValueSpecification\",\"valueRequired\":true,\"valueName\":\"search_term_string\"}}],\"inLanguage\":\"it-IT\"},{\"@type\":\"Organization\",\"@id\":\"https:\\\/\\\/repliquemangacine.fr\\\/#organization\",\"name\":\"R\u00e9plique Manga Cin\u00e9\",\"url\":\"https:\\\/\\\/repliquemangacine.fr\\\/\",\"logo\":{\"@type\":\"ImageObject\",\"inLanguage\":\"it-IT\",\"@id\":\"https:\\\/\\\/repliquemangacine.fr\\\/#\\\/schema\\\/logo\\\/image\\\/\",\"url\":\"https:\\\/\\\/repliquemangacine.fr\\\/wp-content\\\/uploads\\\/2023\\\/10\\\/RMC-500250.png\",\"contentUrl\":\"https:\\\/\\\/repliquemangacine.fr\\\/wp-content\\\/uploads\\\/2023\\\/10\\\/RMC-500250.png\",\"width\":500,\"height\":250,\"caption\":\"R\u00e9plique Manga Cin\u00e9\"},\"image\":{\"@id\":\"https:\\\/\\\/repliquemangacine.fr\\\/#\\\/schema\\\/logo\\\/image\\\/\"},\"sameAs\":[\"https:\\\/\\\/www.facebook.com\\\/RepliqueMangaCine\",\"https:\\\/\\\/www.instagram.com\\\/repliquemangacine.fr\\\/\"]}]}<\/script>\n<!-- \/ Yoast SEO plugin. -->","yoast_head_json":{"title":"Naruto Rikudo Sennin Figura | R\u00e9plique Manga Cin\u00e9","description":"Scopritelo ora! Questa action figure di Naruto Rikudo Sennin mode \u00e8 disponibile al miglior prezzo. Tutto in PVC. Finemente dettagliata. Altezza: 26 cm. Consegnato in una scatola da collezione.","robots":{"index":"index","follow":"follow","max-snippet":"max-snippet:-1","max-image-preview":"max-image-preview:large","max-video-preview":"max-video-preview:-1"},"canonical":"https:\/\/repliquemangacine.fr\/it\/figurina-di-naruto\/figurina-naruto-rikudo-sennin\/","og_locale":"it_IT","og_type":"article","og_title":"Figurine Naruto Rikudo Sennin | R\u00e9plique Manga Cin\u00e9","og_description":"D\u00e9couvrez vite ! Cette Figurine Naruto Rikudo Sennin mode au meilleur prix. Tout en PVC. Finement d\u00e9taill\u00e9s. Hauteur : 26 cm. Livr\u00e9 dans sa bo\u00eete collector","og_url":"https:\/\/repliquemangacine.fr\/it\/figurina-di-naruto\/figurina-naruto-rikudo-sennin\/","og_site_name":"R\u00e9plique Manga Cin\u00e9","article_publisher":"https:\/\/www.facebook.com\/RepliqueMangaCine","article_modified_time":"2025-11-18T15:15:13+00:00","og_image":[{"width":500,"height":500,"url":"https:\/\/repliquemangacine.fr\/wp-content\/uploads\/2023\/11\/figurine-naruto.jpg","type":"image\/jpeg"}],"twitter_card":"summary_large_image","twitter_misc":{"Tempo di lettura stimato":"3 minuti"},"schema":{"@context":"https:\/\/schema.org","@graph":[{"@type":"WebPage","@id":"https:\/\/repliquemangacine.fr\/figurine-naruto\/figurine-naruto-rikudo-sennin\/","url":"https:\/\/repliquemangacine.fr\/figurine-naruto\/figurine-naruto-rikudo-sennin\/","name":"Naruto Rikudo Sennin Figura | R\u00e9plique Manga Cin\u00e9","isPartOf":{"@id":"https:\/\/repliquemangacine.fr\/#website"},"primaryImageOfPage":{"@id":"https:\/\/repliquemangacine.fr\/figurine-naruto\/figurine-naruto-rikudo-sennin\/#primaryimage"},"image":{"@id":"https:\/\/repliquemangacine.fr\/figurine-naruto\/figurine-naruto-rikudo-sennin\/#primaryimage"},"thumbnailUrl":"https:\/\/repliquemangacine.fr\/wp-content\/uploads\/2023\/11\/figurine-naruto.jpg","datePublished":"2023-11-11T16:42:11+00:00","dateModified":"2025-11-18T15:15:13+00:00","description":"Scopritelo ora! Questa action figure di Naruto Rikudo Sennin mode \u00e8 disponibile al miglior prezzo. Tutto in PVC. Finemente dettagliata. Altezza: 26 cm. Consegnato in una scatola da collezione.","breadcrumb":{"@id":"https:\/\/repliquemangacine.fr\/figurine-naruto\/figurine-naruto-rikudo-sennin\/#breadcrumb"},"inLanguage":"it-IT","potentialAction":[{"@type":"ReadAction","target":["https:\/\/repliquemangacine.fr\/figurine-naruto\/figurine-naruto-rikudo-sennin\/"]}]},{"@type":"ImageObject","inLanguage":"it-IT","@id":"https:\/\/repliquemangacine.fr\/figurine-naruto\/figurine-naruto-rikudo-sennin\/#primaryimage","url":"https:\/\/repliquemangacine.fr\/wp-content\/uploads\/2023\/11\/figurine-naruto.jpg","contentUrl":"https:\/\/repliquemangacine.fr\/wp-content\/uploads\/2023\/11\/figurine-naruto.jpg","width":500,"height":500,"caption":"Figurine Naruto Rikudo sennin"},{"@type":"BreadcrumbList","@id":"https:\/\/repliquemangacine.fr\/figurine-naruto\/figurine-naruto-rikudo-sennin\/#breadcrumb","itemListElement":[{"@type":"ListItem","position":1,"name":"Accueil","item":"https:\/\/repliquemangacine.fr\/"},{"@type":"ListItem","position":2,"name":"Produits","item":"https:\/\/repliquemangacine.fr\/boutique\/"},{"@type":"ListItem","position":3,"name":"Figurine Naruto Rikudo Sennin"}]},{"@type":"WebSite","@id":"https:\/\/repliquemangacine.fr\/#website","url":"https:\/\/repliquemangacine.fr\/","name":"R\u00e9plique Manga Cin\u00e9","description":"","publisher":{"@id":"https:\/\/repliquemangacine.fr\/#organization"},"potentialAction":[{"@type":"SearchAction","target":{"@type":"EntryPoint","urlTemplate":"https:\/\/repliquemangacine.fr\/?s={search_term_string}"},"query-input":{"@type":"PropertyValueSpecification","valueRequired":true,"valueName":"search_term_string"}}],"inLanguage":"it-IT"},{"@type":"Organization","@id":"https:\/\/repliquemangacine.fr\/#organization","name":"R\u00e9plique Manga Cin\u00e9","url":"https:\/\/repliquemangacine.fr\/","logo":{"@type":"ImageObject","inLanguage":"it-IT","@id":"https:\/\/repliquemangacine.fr\/#\/schema\/logo\/image\/","url":"https:\/\/repliquemangacine.fr\/wp-content\/uploads\/2023\/10\/RMC-500250.png","contentUrl":"https:\/\/repliquemangacine.fr\/wp-content\/uploads\/2023\/10\/RMC-500250.png","width":500,"height":250,"caption":"R\u00e9plique Manga Cin\u00e9"},"image":{"@id":"https:\/\/repliquemangacine.fr\/#\/schema\/logo\/image\/"},"sameAs":["https:\/\/www.facebook.com\/RepliqueMangaCine","https:\/\/www.instagram.com\/repliquemangacine.fr\/"]}]}},"_links":{"self":[{"href":"https:\/\/repliquemangacine.fr\/it\/wp-json\/wp\/v2\/product\/65201","targetHints":{"allow":["GET"]}}],"collection":[{"href":"https:\/\/repliquemangacine.fr\/it\/wp-json\/wp\/v2\/product"}],"about":[{"href":"https:\/\/repliquemangacine.fr\/it\/wp-json\/wp\/v2\/types\/product"}],"wp:featuredmedia":[{"embeddable":true,"href":"https:\/\/repliquemangacine.fr\/it\/wp-json\/wp\/v2\/media\/65203"}],"wp:attachment":[{"href":"https:\/\/repliquemangacine.fr\/it\/wp-json\/wp\/v2\/media?parent=65201"}],"wp:term":[{"taxonomy":"product_brand","embeddable":true,"href":"https:\/\/repliquemangacine.fr\/it\/wp-json\/wp\/v2\/product_brand?post=65201"},{"taxonomy":"product_cat","embeddable":true,"href":"https:\/\/repliquemangacine.fr\/it\/wp-json\/wp\/v2\/product_cat?post=65201"},{"taxonomy":"product_tag","embeddable":true,"href":"https:\/\/repliquemangacine.fr\/it\/wp-json\/wp\/v2\/product_tag?post=65201"}],"curies":[{"name":"wp","href":"https:\/\/api.w.org\/{rel}","templated":true}]}}