





{"id":65194,"date":"2023-11-11T16:38:48","date_gmt":"2023-11-11T15:38:48","guid":{"rendered":"https:\/\/repliquemangacine.fr\/?post_type=product&#038;p=65194"},"modified":"2025-11-18T16:15:41","modified_gmt":"2025-11-18T15:15:41","slug":"statuetta-di-minato-namikaze","status":"publish","type":"product","link":"https:\/\/repliquemangacine.fr\/it\/figurine-naruto\/figurine-minato-namikaze\/","title":{"rendered":"Figura d'azione di Minato Namikaze"},"content":{"rendered":"<h2>Colleziona la statuetta di Minato Namikaze da Naruto<\/h2>\n<p>Per cominciare, tuffatevi nel cuore dell'universo di Naruto con il nostro <strong>Figura d'azione di Minato Namikaze<\/strong>. Questo oggetto da collezione affascina per il suo realismo e per la sua fedelt\u00e0 al leggendario personaggio di <a href=\"https:\/\/naruto.fandom.com\/fr\/wiki\/Minato_Namikaze\" target=\"_blank\" rel=\"noopener noreferrer\">Minato.<\/a> Yondaime, il quarto Hokage di Konoha.<\/p>\n<p>Rinomata per la sua precisione in ogni dettaglio, questa statuetta incarna lo spirito e la potenza di uno dei ninja pi\u00f9 venerati della serie. Offre una perfetta rappresentazione del famoso ninja dai capelli biondi.<\/p>\n<p>Infatti, troverete alcuni articoli imperdibili per tutti i fan di Naruto che desiderano arricchire la propria collezione.<\/p>\n<h3>Figura d'azione di Minato Namikaze: un must per i fan<\/h3>\n<p>Ideale per rivivere momenti emblematici di Naruto o per fare un regalo unico a un fan della serie. Queste figurine non sono solo oggetti da collezione, ma finestre sull'affascinante mondo di Naruto, che invitano i fan a immergersi completamente.<\/p>\n<h2>Scoprite le nostre figurine di Naruto: qualit\u00e0\/prezzo garantiti<\/h2>\n<p>Entrate nell'affascinante mondo di Naruto con la nostra gamma non ufficiale di figurine di Naruto, dove qualit\u00e0 e prezzo sono in perfetta armonia.<\/p>\n<p>Vale la pena sottolineare che ogni statuetta \u00e8 progettata con cura meticolosa, garantendo la fedelt\u00e0 ai personaggi della serie. Da Naruto Uzumaki a <a href=\"https:\/\/repliquemangacine.fr\/it\/figurine\/figurina-di-naruto-sasuke-uchiwa\/\">Sasuke Uchiha<\/a>di Kakashi Hatake, le nostre statuette incarnano lo spirito ninja con un ottimo rapporto qualit\u00e0-prezzo.<\/p>\n<h3>Le nostre action figure di Naruto: al miglior prezzo<\/h3>\n<p>Inoltre, sono il risultato di una perfetta combinazione di qualit\u00e0 artigianale e prezzi accessibili, che rendono questi oggetti da collezione tanto attraenti quanto durevoli.<\/p>\n<p>Che siate collezionisti esperti o neofiti del mondo di Naruto, le nostre statuette sono la scelta perfetta per arricchire la vostra collezione senza compromettere la qualit\u00e0 o il budget.<\/p>\n<h2>Perch\u00e9 acquistare la statuetta di Minato Namikaze da R\u00e9plique Manga Cin\u00e9<\/h2>\n<p>Scoprite perch\u00e9 il nostro <strong>Statuetta Minato Namikaze<\/strong> di R\u00e9plique Manga Cin\u00e9 \u00e8 un must per i fan di Naruto. Non solo offriamo una riproduzione fedele del Quarto Hokage, ma anche un'esperienza di acquisto eccezionale.<\/p>\n<p>Grazie alla consegna rapida in 24\/48 ore, potrete avere il vostro eroe preferito a casa vostra senza ritardi. Se avete dubbi o domande, chiamateci: il vostro interlocutore sapr\u00e0 guidarvi nella scelta.<\/p>\n<h3>Servizio clienti e qualit\u00e0 garantiti da R\u00e9plique Manga Cin\u00e9<\/h3>\n<p>Il nostro impegno per la soddisfazione del cliente si riflette nel nostro meticoloso servizio di imballaggio, che garantisce che la vostra statuetta arrivi in perfette condizioni. Inoltre, per la massima tranquillit\u00e0, offriamo pagamenti sicuri per tutte le transazioni.<\/p>\n<p>In conclusione, scegliere RMC per la vostra statuetta significa optare per la qualit\u00e0, la rapidit\u00e0 di consegna e l'affidabilit\u00e0 dei servizi.<\/p>\n<p>&nbsp;<\/p>","protected":false},"excerpt":{"rendered":"<p>Replica <strong>non ufficiale<\/strong> della figura di Minato Namikaze in Naruto<\/p>\n<ul>\n<li>Tutti i PVC<\/li>\n<li>Finemente dettagliato<\/li>\n<li>Piccolo supporto trasparente<\/li>\n<li>Altezza: 27 cm<\/li>\n<li>Consegnato in scatola da collezione<\/li>\n<\/ul>","protected":false},"featured_media":65196,"template":"","meta":[],"product_brand":[896],"product_cat":[832,831,42],"product_tag":[],"class_list":{"0":"post-65194","1":"product","2":"type-product","3":"status-publish","4":"has-post-thumbnail","6":"product_brand-replique-manga-cine","7":"product_cat-figurine-naruto","8":"product_cat-figurines-collector","9":"product_cat-katana-goodies-naruto-kunai","11":"first","12":"instock","13":"taxable","14":"shipping-taxable","15":"purchasable","16":"product-type-simple"},"yoast_head":"<!-- This site is optimized with the Yoast SEO plugin v27.5 - https:\/\/yoast.com\/product\/yoast-seo-wordpress\/ -->\n<title>Figurine Minato Namikaze - Figurines Naruto | R\u00e9plique Manga Cin\u00e9<\/title>\n<meta name=\"description\" content=\"Entrez dans le monde de Naruto avec notre Figurine de Minato Namikaze au meilleur prix. Tout en PVC. Hauteur 27 cm - Livr\u00e9 avec sa boite collector\" \/>\n<meta name=\"robots\" content=\"index, follow, max-snippet:-1, max-image-preview:large, max-video-preview:-1\" \/>\n<link rel=\"canonical\" href=\"https:\/\/repliquemangacine.fr\/it\/figurina-di-naruto\/statuetta-di-minato-namikaze\/\" \/>\n<meta property=\"og:locale\" content=\"it_IT\" \/>\n<meta property=\"og:type\" content=\"article\" \/>\n<meta property=\"og:title\" content=\"Figurine Minato Namikaze - Figurines Naruto | R\u00e9plique Manga Cin\u00e9\" \/>\n<meta property=\"og:description\" content=\"Entrez dans le monde de Naruto avec notre Figurine de Minato Namikaze au meilleur prix. Tout en PVC. Hauteur 27 cm - Livr\u00e9 avec sa boite collector\" \/>\n<meta property=\"og:url\" content=\"https:\/\/repliquemangacine.fr\/it\/figurina-di-naruto\/statuetta-di-minato-namikaze\/\" \/>\n<meta property=\"og:site_name\" content=\"R\u00e9plique Manga Cin\u00e9\" \/>\n<meta property=\"article:publisher\" content=\"https:\/\/www.facebook.com\/RepliqueMangaCine\" \/>\n<meta property=\"article:modified_time\" content=\"2025-11-18T15:15:41+00:00\" \/>\n<meta property=\"og:image\" content=\"https:\/\/repliquemangacine.fr\/wp-content\/uploads\/2023\/11\/figurine-yondaime.jpg\" \/>\n\t<meta property=\"og:image:width\" content=\"500\" \/>\n\t<meta property=\"og:image:height\" content=\"500\" \/>\n\t<meta property=\"og:image:type\" content=\"image\/jpeg\" \/>\n<meta name=\"twitter:card\" content=\"summary_large_image\" \/>\n<meta name=\"twitter:label1\" content=\"Tempo di lettura stimato\" \/>\n\t<meta name=\"twitter:data1\" content=\"3 minuti\" \/>\n<script type=\"application\/ld+json\" class=\"yoast-schema-graph\">{\"@context\":\"https:\\\/\\\/schema.org\",\"@graph\":[{\"@type\":\"WebPage\",\"@id\":\"https:\\\/\\\/repliquemangacine.fr\\\/figurine-naruto\\\/figurine-minato-namikaze\\\/\",\"url\":\"https:\\\/\\\/repliquemangacine.fr\\\/figurine-naruto\\\/figurine-minato-namikaze\\\/\",\"name\":\"Figurine Minato Namikaze - Figurines Naruto | R\u00e9plique Manga Cin\u00e9\",\"isPartOf\":{\"@id\":\"https:\\\/\\\/repliquemangacine.fr\\\/#website\"},\"primaryImageOfPage\":{\"@id\":\"https:\\\/\\\/repliquemangacine.fr\\\/figurine-naruto\\\/figurine-minato-namikaze\\\/#primaryimage\"},\"image\":{\"@id\":\"https:\\\/\\\/repliquemangacine.fr\\\/figurine-naruto\\\/figurine-minato-namikaze\\\/#primaryimage\"},\"thumbnailUrl\":\"https:\\\/\\\/repliquemangacine.fr\\\/wp-content\\\/uploads\\\/2023\\\/11\\\/figurine-yondaime.jpg\",\"datePublished\":\"2023-11-11T15:38:48+00:00\",\"dateModified\":\"2025-11-18T15:15:41+00:00\",\"description\":\"Entrez dans le monde de Naruto avec notre Figurine de Minato Namikaze au meilleur prix. Tout en PVC. Hauteur 27 cm - Livr\u00e9 avec sa boite collector\",\"breadcrumb\":{\"@id\":\"https:\\\/\\\/repliquemangacine.fr\\\/figurine-naruto\\\/figurine-minato-namikaze\\\/#breadcrumb\"},\"inLanguage\":\"it-IT\",\"potentialAction\":[{\"@type\":\"ReadAction\",\"target\":[\"https:\\\/\\\/repliquemangacine.fr\\\/figurine-naruto\\\/figurine-minato-namikaze\\\/\"]}]},{\"@type\":\"ImageObject\",\"inLanguage\":\"it-IT\",\"@id\":\"https:\\\/\\\/repliquemangacine.fr\\\/figurine-naruto\\\/figurine-minato-namikaze\\\/#primaryimage\",\"url\":\"https:\\\/\\\/repliquemangacine.fr\\\/wp-content\\\/uploads\\\/2023\\\/11\\\/figurine-yondaime.jpg\",\"contentUrl\":\"https:\\\/\\\/repliquemangacine.fr\\\/wp-content\\\/uploads\\\/2023\\\/11\\\/figurine-yondaime.jpg\",\"width\":500,\"height\":500,\"caption\":\"Figurine Minato Namikaze dans Naruto\"},{\"@type\":\"BreadcrumbList\",\"@id\":\"https:\\\/\\\/repliquemangacine.fr\\\/figurine-naruto\\\/figurine-minato-namikaze\\\/#breadcrumb\",\"itemListElement\":[{\"@type\":\"ListItem\",\"position\":1,\"name\":\"Accueil\",\"item\":\"https:\\\/\\\/repliquemangacine.fr\\\/\"},{\"@type\":\"ListItem\",\"position\":2,\"name\":\"Produits\",\"item\":\"https:\\\/\\\/repliquemangacine.fr\\\/boutique\\\/\"},{\"@type\":\"ListItem\",\"position\":3,\"name\":\"Figurine Minato Namikaze\"}]},{\"@type\":\"WebSite\",\"@id\":\"https:\\\/\\\/repliquemangacine.fr\\\/#website\",\"url\":\"https:\\\/\\\/repliquemangacine.fr\\\/\",\"name\":\"R\u00e9plique Manga Cin\u00e9\",\"description\":\"\",\"publisher\":{\"@id\":\"https:\\\/\\\/repliquemangacine.fr\\\/#organization\"},\"potentialAction\":[{\"@type\":\"SearchAction\",\"target\":{\"@type\":\"EntryPoint\",\"urlTemplate\":\"https:\\\/\\\/repliquemangacine.fr\\\/?s={search_term_string}\"},\"query-input\":{\"@type\":\"PropertyValueSpecification\",\"valueRequired\":true,\"valueName\":\"search_term_string\"}}],\"inLanguage\":\"it-IT\"},{\"@type\":\"Organization\",\"@id\":\"https:\\\/\\\/repliquemangacine.fr\\\/#organization\",\"name\":\"R\u00e9plique Manga Cin\u00e9\",\"url\":\"https:\\\/\\\/repliquemangacine.fr\\\/\",\"logo\":{\"@type\":\"ImageObject\",\"inLanguage\":\"it-IT\",\"@id\":\"https:\\\/\\\/repliquemangacine.fr\\\/#\\\/schema\\\/logo\\\/image\\\/\",\"url\":\"https:\\\/\\\/repliquemangacine.fr\\\/wp-content\\\/uploads\\\/2023\\\/10\\\/RMC-500250.png\",\"contentUrl\":\"https:\\\/\\\/repliquemangacine.fr\\\/wp-content\\\/uploads\\\/2023\\\/10\\\/RMC-500250.png\",\"width\":500,\"height\":250,\"caption\":\"R\u00e9plique Manga Cin\u00e9\"},\"image\":{\"@id\":\"https:\\\/\\\/repliquemangacine.fr\\\/#\\\/schema\\\/logo\\\/image\\\/\"},\"sameAs\":[\"https:\\\/\\\/www.facebook.com\\\/RepliqueMangaCine\",\"https:\\\/\\\/www.instagram.com\\\/repliquemangacine.fr\\\/\"]}]}<\/script>\n<!-- \/ Yoast SEO plugin. -->","yoast_head_json":{"title":"Minato Namikaze action figure - Naruto action figure | R\u00e9plique Manga Cin\u00e9","description":"Entra nel mondo di Naruto con la nostra action figure di Minato Namikaze al miglior prezzo. Tutto in PVC. Altezza 27 cm - Viene fornita con scatola da collezione","robots":{"index":"index","follow":"follow","max-snippet":"max-snippet:-1","max-image-preview":"max-image-preview:large","max-video-preview":"max-video-preview:-1"},"canonical":"https:\/\/repliquemangacine.fr\/it\/figurina-di-naruto\/statuetta-di-minato-namikaze\/","og_locale":"it_IT","og_type":"article","og_title":"Figurine Minato Namikaze - Figurines Naruto | R\u00e9plique Manga Cin\u00e9","og_description":"Entrez dans le monde de Naruto avec notre Figurine de Minato Namikaze au meilleur prix. Tout en PVC. Hauteur 27 cm - Livr\u00e9 avec sa boite collector","og_url":"https:\/\/repliquemangacine.fr\/it\/figurina-di-naruto\/statuetta-di-minato-namikaze\/","og_site_name":"R\u00e9plique Manga Cin\u00e9","article_publisher":"https:\/\/www.facebook.com\/RepliqueMangaCine","article_modified_time":"2025-11-18T15:15:41+00:00","og_image":[{"width":500,"height":500,"url":"https:\/\/repliquemangacine.fr\/wp-content\/uploads\/2023\/11\/figurine-yondaime.jpg","type":"image\/jpeg"}],"twitter_card":"summary_large_image","twitter_misc":{"Tempo di lettura stimato":"3 minuti"},"schema":{"@context":"https:\/\/schema.org","@graph":[{"@type":"WebPage","@id":"https:\/\/repliquemangacine.fr\/figurine-naruto\/figurine-minato-namikaze\/","url":"https:\/\/repliquemangacine.fr\/figurine-naruto\/figurine-minato-namikaze\/","name":"Minato Namikaze action figure - Naruto action figure | R\u00e9plique Manga Cin\u00e9","isPartOf":{"@id":"https:\/\/repliquemangacine.fr\/#website"},"primaryImageOfPage":{"@id":"https:\/\/repliquemangacine.fr\/figurine-naruto\/figurine-minato-namikaze\/#primaryimage"},"image":{"@id":"https:\/\/repliquemangacine.fr\/figurine-naruto\/figurine-minato-namikaze\/#primaryimage"},"thumbnailUrl":"https:\/\/repliquemangacine.fr\/wp-content\/uploads\/2023\/11\/figurine-yondaime.jpg","datePublished":"2023-11-11T15:38:48+00:00","dateModified":"2025-11-18T15:15:41+00:00","description":"Entra nel mondo di Naruto con la nostra action figure di Minato Namikaze al miglior prezzo. Tutto in PVC. Altezza 27 cm - Viene fornita con scatola da collezione","breadcrumb":{"@id":"https:\/\/repliquemangacine.fr\/figurine-naruto\/figurine-minato-namikaze\/#breadcrumb"},"inLanguage":"it-IT","potentialAction":[{"@type":"ReadAction","target":["https:\/\/repliquemangacine.fr\/figurine-naruto\/figurine-minato-namikaze\/"]}]},{"@type":"ImageObject","inLanguage":"it-IT","@id":"https:\/\/repliquemangacine.fr\/figurine-naruto\/figurine-minato-namikaze\/#primaryimage","url":"https:\/\/repliquemangacine.fr\/wp-content\/uploads\/2023\/11\/figurine-yondaime.jpg","contentUrl":"https:\/\/repliquemangacine.fr\/wp-content\/uploads\/2023\/11\/figurine-yondaime.jpg","width":500,"height":500,"caption":"Figurine Minato Namikaze dans Naruto"},{"@type":"BreadcrumbList","@id":"https:\/\/repliquemangacine.fr\/figurine-naruto\/figurine-minato-namikaze\/#breadcrumb","itemListElement":[{"@type":"ListItem","position":1,"name":"Accueil","item":"https:\/\/repliquemangacine.fr\/"},{"@type":"ListItem","position":2,"name":"Produits","item":"https:\/\/repliquemangacine.fr\/boutique\/"},{"@type":"ListItem","position":3,"name":"Figurine Minato Namikaze"}]},{"@type":"WebSite","@id":"https:\/\/repliquemangacine.fr\/#website","url":"https:\/\/repliquemangacine.fr\/","name":"R\u00e9plique Manga Cin\u00e9","description":"","publisher":{"@id":"https:\/\/repliquemangacine.fr\/#organization"},"potentialAction":[{"@type":"SearchAction","target":{"@type":"EntryPoint","urlTemplate":"https:\/\/repliquemangacine.fr\/?s={search_term_string}"},"query-input":{"@type":"PropertyValueSpecification","valueRequired":true,"valueName":"search_term_string"}}],"inLanguage":"it-IT"},{"@type":"Organization","@id":"https:\/\/repliquemangacine.fr\/#organization","name":"R\u00e9plique Manga Cin\u00e9","url":"https:\/\/repliquemangacine.fr\/","logo":{"@type":"ImageObject","inLanguage":"it-IT","@id":"https:\/\/repliquemangacine.fr\/#\/schema\/logo\/image\/","url":"https:\/\/repliquemangacine.fr\/wp-content\/uploads\/2023\/10\/RMC-500250.png","contentUrl":"https:\/\/repliquemangacine.fr\/wp-content\/uploads\/2023\/10\/RMC-500250.png","width":500,"height":250,"caption":"R\u00e9plique Manga Cin\u00e9"},"image":{"@id":"https:\/\/repliquemangacine.fr\/#\/schema\/logo\/image\/"},"sameAs":["https:\/\/www.facebook.com\/RepliqueMangaCine","https:\/\/www.instagram.com\/repliquemangacine.fr\/"]}]}},"_links":{"self":[{"href":"https:\/\/repliquemangacine.fr\/it\/wp-json\/wp\/v2\/product\/65194","targetHints":{"allow":["GET"]}}],"collection":[{"href":"https:\/\/repliquemangacine.fr\/it\/wp-json\/wp\/v2\/product"}],"about":[{"href":"https:\/\/repliquemangacine.fr\/it\/wp-json\/wp\/v2\/types\/product"}],"wp:featuredmedia":[{"embeddable":true,"href":"https:\/\/repliquemangacine.fr\/it\/wp-json\/wp\/v2\/media\/65196"}],"wp:attachment":[{"href":"https:\/\/repliquemangacine.fr\/it\/wp-json\/wp\/v2\/media?parent=65194"}],"wp:term":[{"taxonomy":"product_brand","embeddable":true,"href":"https:\/\/repliquemangacine.fr\/it\/wp-json\/wp\/v2\/product_brand?post=65194"},{"taxonomy":"product_cat","embeddable":true,"href":"https:\/\/repliquemangacine.fr\/it\/wp-json\/wp\/v2\/product_cat?post=65194"},{"taxonomy":"product_tag","embeddable":true,"href":"https:\/\/repliquemangacine.fr\/it\/wp-json\/wp\/v2\/product_tag?post=65194"}],"curies":[{"name":"wp","href":"https:\/\/api.w.org\/{rel}","templated":true}]}}