





{"id":65151,"date":"2023-11-10T18:41:45","date_gmt":"2023-11-10T17:41:45","guid":{"rendered":"https:\/\/repliquemangacine.fr\/?post_type=product&#038;p=65151"},"modified":"2025-09-23T18:03:23","modified_gmt":"2025-09-23T16:03:23","slug":"figurina-di-naruto-sasuke-uchiwa","status":"publish","type":"product","link":"https:\/\/repliquemangacine.fr\/it\/figurines-collector\/figurine-sasuke-uchiwa-naruto\/","title":{"rendered":"Figura d'azione di Sasuke Uchiwa Naruto"},"content":{"rendered":"<h2>Figurina di Sasuke Uchiwa in Naruto - Collezione essenziale<\/h2>\n<p>Iniziate con la nostra statuetta di Sasuke Uchiwa, il personaggio iconico della famosissima serie Naruto. Questa statuetta affascina per la sua meticolosa attenzione ai dettagli, riflettendo perfettamente il carisma e la potenza di Sasuke Uchiha.<\/p>\n<p>Ogni pezzo \u00e8 stato progettato per catturare l'essenza di questo ninja leggendario, dai suoi inizi come apprendista alla sua ascesa come shinobi rinomato.<\/p>\n<p>Che tu sia un collezionista esperto o un nuovo fan di Naruto, questa statuetta di <a href=\"https:\/\/naruto.fandom.com\/fr\/wiki\/Sasuke_Uchiwa\" target=\"_blank\" rel=\"noopener noreferrer\">Sasuke<\/a> \u00e8 un must.<\/p>\n<h3>Figure di Naruto per ogni fan.<\/h3>\n<p>Perfette per arricchire la vostra collezione personale, per fare un regalo unico a una persona cara o semplicemente per rivivere i momenti pi\u00f9 memorabili della serie. Con pose dinamiche ed espressioni fedeli al personaggio, queste figurine trasformano ogni spazio in un piccolo pezzo dell'universo di Naruto.<\/p>\n<h2>Figura di Sasuke Uchiwa: miglior rapporto qualit\u00e0\/prezzo<\/h2>\n<p>Immergetevi nel mondo di Naruto con la nostra statuetta di Sasuke, che unisce l'alta qualit\u00e0 a un prezzo accessibile.<\/p>\n<p>Infatti, ogni statuetta di Sasuke Uchiha \u00e8 progettata con attenzione ai dettagli. Rappresenta fedelmente le caratteristiche e gli abiti iconici del personaggio. Queste figurine non sono semplici riproduzioni, ma tributi a uno dei ninja pi\u00f9 complessi e amati della serie Naruto.<\/p>\n<p>La nostra selezione di statuette \u00e8 perfetta per tutte le tasche, senza mai scendere a compromessi sulla qualit\u00e0.<\/p>\n<h3>Action figure di Sasuke: qualit\u00e0 e prezzo per tutti i fan<\/h3>\n<p>Che siate collezionisti esperti o fan alla ricerca del vostro primo pezzo, le nostre statuette offrono un eccellente rapporto qualit\u00e0-prezzo. Ideali per aggiungere un tocco di spirito ninja al vostro spazio personale. Saranno anche un regalo memorabile per un amico che ama Naruto.<\/p>\n<h2>Perch\u00e9 scegliere le nostre action figure di Naruto non ufficiali?<\/h2>\n<p>Le nostre figure non ufficiali di Naruto sono la scelta perfetta per i fan che cercano la qualit\u00e0 a un prezzo accessibile. Ogni statuetta rappresenta fedelmente i vostri personaggi preferiti di Naruto, da Naruto stesso a Sasuke, Yondaime e Kakashi. Vale la pena sottolineare che disponiamo anche di statuette ufficiali.<\/p>\n<p>Inoltre, ci stiamo concentrando su ci\u00f2 che conta davvero per i fan, e quindi per voi: action figure che catturano lo spirito e l'azione della serie, pur rimanendo accessibili.<\/p>\n<h3>Scoprite la magia di Naruto con le nostre figurine a prezzi accessibili<\/h3>\n<p>La forza delle nostre figurine di Naruto risiede nella combinazione unica di dettagli precisi e prezzi competitivi. Realizzate con cura, utilizzando materiali resistenti<br \/>\nper garantire una lunga durata. La nostra variegata gamma offre un'ampia scelta, consentendo a ogni tifoso di trovare la figura che pi\u00f9 lo soddisfa.<\/p>\n<p>In conclusione, scegliendo i nostri prodotti, otterrete un eccellente rapporto qualit\u00e0-prezzo. E aggiungete un tocco di universo Naruto alla vostra collezione.<\/p>","protected":false},"excerpt":{"rendered":"<p>Figurina <strong>non ufficiale<\/strong> di Sasuke Uchiwa in Naruto<\/p>\n<ul>\n<li>Tutti i PVC<\/li>\n<li>Finitura eccellente<\/li>\n<li>Altezza: 25 cm<\/li>\n<li>Piccolo supporto<\/li>\n<li>Viene fornito con scatola da collezione<\/li>\n<\/ul>","protected":false},"featured_media":65154,"template":"","meta":[],"product_brand":[896],"product_cat":[832,831,42],"product_tag":[],"class_list":{"0":"post-65151","1":"product","2":"type-product","3":"status-publish","4":"has-post-thumbnail","6":"product_brand-replique-manga-cine","7":"product_cat-figurine-naruto","8":"product_cat-figurines-collector","9":"product_cat-katana-goodies-naruto-kunai","11":"first","12":"instock","13":"taxable","14":"shipping-taxable","15":"purchasable","16":"product-type-simple"},"yoast_head":"<!-- This site is optimized with the Yoast SEO plugin v27.4 - https:\/\/yoast.com\/product\/yoast-seo-wordpress\/ -->\n<title>Figurine Sasuke Uchiwa Naruto - Figurine Naruto | R\u00e9plique Manga Cin\u00e9<\/title>\n<meta name=\"description\" content=\"D\u00e9couvrez notre figurine Sasuke Uchiwa au meilleur prix. Tout en PVC. Livr\u00e9 dans sa boite collector avec support pour tenir la figurine. Hauteur 25 cm\" \/>\n<meta name=\"robots\" content=\"index, follow, max-snippet:-1, max-image-preview:large, max-video-preview:-1\" \/>\n<link rel=\"canonical\" href=\"https:\/\/repliquemangacine.fr\/it\/figurine-da-collezione\/figurina-di-naruto-sasuke-uchiwa\/\" \/>\n<meta property=\"og:locale\" content=\"it_IT\" \/>\n<meta property=\"og:type\" content=\"article\" \/>\n<meta property=\"og:title\" content=\"Figurine Sasuke Uchiwa Naruto - Figurine Naruto | R\u00e9plique Manga Cin\u00e9\" \/>\n<meta property=\"og:description\" content=\"D\u00e9couvrez notre figurine Sasuke Uchiwa au meilleur prix. Tout en PVC. Livr\u00e9 dans sa boite collector avec support pour tenir la figurine. Hauteur 25 cm\" \/>\n<meta property=\"og:url\" content=\"https:\/\/repliquemangacine.fr\/it\/figurine-da-collezione\/figurina-di-naruto-sasuke-uchiwa\/\" \/>\n<meta property=\"og:site_name\" content=\"R\u00e9plique Manga Cin\u00e9\" \/>\n<meta property=\"article:publisher\" content=\"https:\/\/www.facebook.com\/RepliqueMangaCine\" \/>\n<meta property=\"article:modified_time\" content=\"2025-09-23T16:03:23+00:00\" \/>\n<meta property=\"og:image\" content=\"https:\/\/repliquemangacine.fr\/wp-content\/uploads\/2023\/11\/figurine-sasuke-sur-socle.jpg\" \/>\n\t<meta property=\"og:image:width\" content=\"500\" \/>\n\t<meta property=\"og:image:height\" content=\"500\" \/>\n\t<meta property=\"og:image:type\" content=\"image\/jpeg\" \/>\n<meta name=\"twitter:card\" content=\"summary_large_image\" \/>\n<meta name=\"twitter:label1\" content=\"Tempo di lettura stimato\" \/>\n\t<meta name=\"twitter:data1\" content=\"3 minuti\" \/>\n<script type=\"application\/ld+json\" class=\"yoast-schema-graph\">{\"@context\":\"https:\\\/\\\/schema.org\",\"@graph\":[{\"@type\":\"WebPage\",\"@id\":\"https:\\\/\\\/repliquemangacine.fr\\\/de\\\/sammlerfiguren\\\/figurine-sasuke-uchiwa-naruto\\\/\",\"url\":\"https:\\\/\\\/repliquemangacine.fr\\\/de\\\/sammlerfiguren\\\/figurine-sasuke-uchiwa-naruto\\\/\",\"name\":\"Figurine Sasuke Uchiwa Naruto - Figurine Naruto | R\u00e9plique Manga Cin\u00e9\",\"isPartOf\":{\"@id\":\"https:\\\/\\\/repliquemangacine.fr\\\/#website\"},\"primaryImageOfPage\":{\"@id\":\"https:\\\/\\\/repliquemangacine.fr\\\/de\\\/sammlerfiguren\\\/figurine-sasuke-uchiwa-naruto\\\/#primaryimage\"},\"image\":{\"@id\":\"https:\\\/\\\/repliquemangacine.fr\\\/de\\\/sammlerfiguren\\\/figurine-sasuke-uchiwa-naruto\\\/#primaryimage\"},\"thumbnailUrl\":\"https:\\\/\\\/repliquemangacine.fr\\\/wp-content\\\/uploads\\\/2023\\\/11\\\/figurine-sasuke-sur-socle.jpg\",\"datePublished\":\"2023-11-10T17:41:45+00:00\",\"dateModified\":\"2025-09-23T16:03:23+00:00\",\"description\":\"D\u00e9couvrez notre figurine Sasuke Uchiwa au meilleur prix. Tout en PVC. Livr\u00e9 dans sa boite collector avec support pour tenir la figurine. Hauteur 25 cm\",\"breadcrumb\":{\"@id\":\"https:\\\/\\\/repliquemangacine.fr\\\/de\\\/sammlerfiguren\\\/figurine-sasuke-uchiwa-naruto\\\/#breadcrumb\"},\"inLanguage\":\"it-IT\",\"potentialAction\":[{\"@type\":\"ReadAction\",\"target\":[\"https:\\\/\\\/repliquemangacine.fr\\\/de\\\/sammlerfiguren\\\/figurine-sasuke-uchiwa-naruto\\\/\"]}]},{\"@type\":\"ImageObject\",\"inLanguage\":\"it-IT\",\"@id\":\"https:\\\/\\\/repliquemangacine.fr\\\/de\\\/sammlerfiguren\\\/figurine-sasuke-uchiwa-naruto\\\/#primaryimage\",\"url\":\"https:\\\/\\\/repliquemangacine.fr\\\/wp-content\\\/uploads\\\/2023\\\/11\\\/figurine-sasuke-sur-socle.jpg\",\"contentUrl\":\"https:\\\/\\\/repliquemangacine.fr\\\/wp-content\\\/uploads\\\/2023\\\/11\\\/figurine-sasuke-sur-socle.jpg\",\"width\":500,\"height\":500,\"caption\":\"Figurine Sasuke Uchiwa\"},{\"@type\":\"BreadcrumbList\",\"@id\":\"https:\\\/\\\/repliquemangacine.fr\\\/de\\\/sammlerfiguren\\\/figurine-sasuke-uchiwa-naruto\\\/#breadcrumb\",\"itemListElement\":[{\"@type\":\"ListItem\",\"position\":1,\"name\":\"Accueil\",\"item\":\"https:\\\/\\\/repliquemangacine.fr\\\/\"},{\"@type\":\"ListItem\",\"position\":2,\"name\":\"Produits\",\"item\":\"https:\\\/\\\/repliquemangacine.fr\\\/boutique\\\/\"},{\"@type\":\"ListItem\",\"position\":3,\"name\":\"Figurine Sasuke Uchiwa Naruto\"}]},{\"@type\":\"WebSite\",\"@id\":\"https:\\\/\\\/repliquemangacine.fr\\\/#website\",\"url\":\"https:\\\/\\\/repliquemangacine.fr\\\/\",\"name\":\"R\u00e9plique Manga Cin\u00e9\",\"description\":\"\",\"publisher\":{\"@id\":\"https:\\\/\\\/repliquemangacine.fr\\\/#organization\"},\"potentialAction\":[{\"@type\":\"SearchAction\",\"target\":{\"@type\":\"EntryPoint\",\"urlTemplate\":\"https:\\\/\\\/repliquemangacine.fr\\\/?s={search_term_string}\"},\"query-input\":{\"@type\":\"PropertyValueSpecification\",\"valueRequired\":true,\"valueName\":\"search_term_string\"}}],\"inLanguage\":\"it-IT\"},{\"@type\":\"Organization\",\"@id\":\"https:\\\/\\\/repliquemangacine.fr\\\/#organization\",\"name\":\"R\u00e9plique Manga Cin\u00e9\",\"url\":\"https:\\\/\\\/repliquemangacine.fr\\\/\",\"logo\":{\"@type\":\"ImageObject\",\"inLanguage\":\"it-IT\",\"@id\":\"https:\\\/\\\/repliquemangacine.fr\\\/#\\\/schema\\\/logo\\\/image\\\/\",\"url\":\"https:\\\/\\\/repliquemangacine.fr\\\/wp-content\\\/uploads\\\/2023\\\/10\\\/RMC-500250.png\",\"contentUrl\":\"https:\\\/\\\/repliquemangacine.fr\\\/wp-content\\\/uploads\\\/2023\\\/10\\\/RMC-500250.png\",\"width\":500,\"height\":250,\"caption\":\"R\u00e9plique Manga Cin\u00e9\"},\"image\":{\"@id\":\"https:\\\/\\\/repliquemangacine.fr\\\/#\\\/schema\\\/logo\\\/image\\\/\"},\"sameAs\":[\"https:\\\/\\\/www.facebook.com\\\/RepliqueMangaCine\",\"https:\\\/\\\/www.instagram.com\\\/repliquemangacine.fr\\\/\"]}]}<\/script>\n<!-- \/ Yoast SEO plugin. -->","yoast_head_json":{"title":"Sasuke Uchiwa Naruto action figure - Naruto action figure | R\u00e9plique Manga Cin\u00e9","description":"Scopri la nostra statuetta di Sasuke Uchiwa al miglior prezzo. Tutto in PVC. Viene fornita in una scatola da collezione con un supporto per tenere la statuetta. Altezza 25 cm","robots":{"index":"index","follow":"follow","max-snippet":"max-snippet:-1","max-image-preview":"max-image-preview:large","max-video-preview":"max-video-preview:-1"},"canonical":"https:\/\/repliquemangacine.fr\/it\/figurine-da-collezione\/figurina-di-naruto-sasuke-uchiwa\/","og_locale":"it_IT","og_type":"article","og_title":"Figurine Sasuke Uchiwa Naruto - Figurine Naruto | R\u00e9plique Manga Cin\u00e9","og_description":"D\u00e9couvrez notre figurine Sasuke Uchiwa au meilleur prix. Tout en PVC. Livr\u00e9 dans sa boite collector avec support pour tenir la figurine. Hauteur 25 cm","og_url":"https:\/\/repliquemangacine.fr\/it\/figurine-da-collezione\/figurina-di-naruto-sasuke-uchiwa\/","og_site_name":"R\u00e9plique Manga Cin\u00e9","article_publisher":"https:\/\/www.facebook.com\/RepliqueMangaCine","article_modified_time":"2025-09-23T16:03:23+00:00","og_image":[{"width":500,"height":500,"url":"https:\/\/repliquemangacine.fr\/wp-content\/uploads\/2023\/11\/figurine-sasuke-sur-socle.jpg","type":"image\/jpeg"}],"twitter_card":"summary_large_image","twitter_misc":{"Tempo di lettura stimato":"3 minuti"},"schema":{"@context":"https:\/\/schema.org","@graph":[{"@type":"WebPage","@id":"https:\/\/repliquemangacine.fr\/de\/sammlerfiguren\/figurine-sasuke-uchiwa-naruto\/","url":"https:\/\/repliquemangacine.fr\/de\/sammlerfiguren\/figurine-sasuke-uchiwa-naruto\/","name":"Sasuke Uchiwa Naruto action figure - Naruto action figure | R\u00e9plique Manga Cin\u00e9","isPartOf":{"@id":"https:\/\/repliquemangacine.fr\/#website"},"primaryImageOfPage":{"@id":"https:\/\/repliquemangacine.fr\/de\/sammlerfiguren\/figurine-sasuke-uchiwa-naruto\/#primaryimage"},"image":{"@id":"https:\/\/repliquemangacine.fr\/de\/sammlerfiguren\/figurine-sasuke-uchiwa-naruto\/#primaryimage"},"thumbnailUrl":"https:\/\/repliquemangacine.fr\/wp-content\/uploads\/2023\/11\/figurine-sasuke-sur-socle.jpg","datePublished":"2023-11-10T17:41:45+00:00","dateModified":"2025-09-23T16:03:23+00:00","description":"Scopri la nostra statuetta di Sasuke Uchiwa al miglior prezzo. Tutto in PVC. Viene fornita in una scatola da collezione con un supporto per tenere la statuetta. Altezza 25 cm","breadcrumb":{"@id":"https:\/\/repliquemangacine.fr\/de\/sammlerfiguren\/figurine-sasuke-uchiwa-naruto\/#breadcrumb"},"inLanguage":"it-IT","potentialAction":[{"@type":"ReadAction","target":["https:\/\/repliquemangacine.fr\/de\/sammlerfiguren\/figurine-sasuke-uchiwa-naruto\/"]}]},{"@type":"ImageObject","inLanguage":"it-IT","@id":"https:\/\/repliquemangacine.fr\/de\/sammlerfiguren\/figurine-sasuke-uchiwa-naruto\/#primaryimage","url":"https:\/\/repliquemangacine.fr\/wp-content\/uploads\/2023\/11\/figurine-sasuke-sur-socle.jpg","contentUrl":"https:\/\/repliquemangacine.fr\/wp-content\/uploads\/2023\/11\/figurine-sasuke-sur-socle.jpg","width":500,"height":500,"caption":"Figurine Sasuke Uchiwa"},{"@type":"BreadcrumbList","@id":"https:\/\/repliquemangacine.fr\/de\/sammlerfiguren\/figurine-sasuke-uchiwa-naruto\/#breadcrumb","itemListElement":[{"@type":"ListItem","position":1,"name":"Accueil","item":"https:\/\/repliquemangacine.fr\/"},{"@type":"ListItem","position":2,"name":"Produits","item":"https:\/\/repliquemangacine.fr\/boutique\/"},{"@type":"ListItem","position":3,"name":"Figurine Sasuke Uchiwa Naruto"}]},{"@type":"WebSite","@id":"https:\/\/repliquemangacine.fr\/#website","url":"https:\/\/repliquemangacine.fr\/","name":"R\u00e9plique Manga Cin\u00e9","description":"","publisher":{"@id":"https:\/\/repliquemangacine.fr\/#organization"},"potentialAction":[{"@type":"SearchAction","target":{"@type":"EntryPoint","urlTemplate":"https:\/\/repliquemangacine.fr\/?s={search_term_string}"},"query-input":{"@type":"PropertyValueSpecification","valueRequired":true,"valueName":"search_term_string"}}],"inLanguage":"it-IT"},{"@type":"Organization","@id":"https:\/\/repliquemangacine.fr\/#organization","name":"R\u00e9plique Manga Cin\u00e9","url":"https:\/\/repliquemangacine.fr\/","logo":{"@type":"ImageObject","inLanguage":"it-IT","@id":"https:\/\/repliquemangacine.fr\/#\/schema\/logo\/image\/","url":"https:\/\/repliquemangacine.fr\/wp-content\/uploads\/2023\/10\/RMC-500250.png","contentUrl":"https:\/\/repliquemangacine.fr\/wp-content\/uploads\/2023\/10\/RMC-500250.png","width":500,"height":250,"caption":"R\u00e9plique Manga Cin\u00e9"},"image":{"@id":"https:\/\/repliquemangacine.fr\/#\/schema\/logo\/image\/"},"sameAs":["https:\/\/www.facebook.com\/RepliqueMangaCine","https:\/\/www.instagram.com\/repliquemangacine.fr\/"]}]}},"_links":{"self":[{"href":"https:\/\/repliquemangacine.fr\/it\/wp-json\/wp\/v2\/product\/65151","targetHints":{"allow":["GET"]}}],"collection":[{"href":"https:\/\/repliquemangacine.fr\/it\/wp-json\/wp\/v2\/product"}],"about":[{"href":"https:\/\/repliquemangacine.fr\/it\/wp-json\/wp\/v2\/types\/product"}],"wp:featuredmedia":[{"embeddable":true,"href":"https:\/\/repliquemangacine.fr\/it\/wp-json\/wp\/v2\/media\/65154"}],"wp:attachment":[{"href":"https:\/\/repliquemangacine.fr\/it\/wp-json\/wp\/v2\/media?parent=65151"}],"wp:term":[{"taxonomy":"product_brand","embeddable":true,"href":"https:\/\/repliquemangacine.fr\/it\/wp-json\/wp\/v2\/product_brand?post=65151"},{"taxonomy":"product_cat","embeddable":true,"href":"https:\/\/repliquemangacine.fr\/it\/wp-json\/wp\/v2\/product_cat?post=65151"},{"taxonomy":"product_tag","embeddable":true,"href":"https:\/\/repliquemangacine.fr\/it\/wp-json\/wp\/v2\/product_tag?post=65151"}],"curies":[{"name":"wp","href":"https:\/\/api.w.org\/{rel}","templated":true}]}}