





{"id":65062,"date":"2023-11-08T18:09:05","date_gmt":"2023-11-08T17:09:05","guid":{"rendered":"https:\/\/repliquemangacine.fr\/?post_type=product&#038;p=65062"},"modified":"2025-09-23T18:03:23","modified_gmt":"2025-09-23T16:03:23","slug":"statuetta-di-goku-saiyan-dbz","status":"publish","type":"product","link":"https:\/\/repliquemangacine.fr\/it\/figurines-collector\/figurine-saiyan-goku-dbz\/","title":{"rendered":"Figura di Goku Saiyan DBZ"},"content":{"rendered":"<h2>Figura di Goku Saiyan; l'icona di Dragon Ball Z<\/h2>\n<p>Iniziate immergendovi nel cuore dell'azione con il<strong> Statuetta di Goku Saiyan<\/strong>Questa statuetta cattura brillantemente la potenza e la determinazione del leggendario guerriero Saiyan nella sua iconica posizione di combattimento. Questa statuetta cattura brillantemente la potenza e la determinazione del leggendario guerriero Saiyan, nella sua emblematica posizione di combattimento. Ogni dettaglio, dai capelli infuocati alle pieghe dell'uniforme da combattimento, \u00e8 riprodotto fedelmente. La statuetta di Dragon Ball Z Saiyan Goku \u00e8 molto pi\u00f9 di un semplice oggetto da collezione.<\/p>\n<h3>Un'eredit\u00e0 Saiyan nel vostro salotto<\/h3>\n<p>\u00c8 una celebrazione dello spirito <a href=\"https:\/\/dragonball.fandom.com\/fr\/wiki\/Saiyans\" target=\"_blank\" rel=\"noopener noreferrer\">Saiyan<\/a>\u00c8 un omaggio allo spirito combattivo di ogni fan della serie. Con le sue finiture impeccabili e il design dinamico, incarna la forza di Goku, pronto a scatenare una devastante Kamehameha. Soprattutto, non perdete l'occasione di possedere un pezzo di storia dell'anime, dove passione e nostalgia si incontrano.<\/p>\n<h2>La tua action figure di Goku Saiyan di qualit\u00e0 a un prezzo accessibile<\/h2>\n<p>Entrate nell'arena dei Saiyan con il nostro <strong>Statuetta di Goku Saiyan<\/strong>Dragon Ball Z, un oggetto da collezione che cattura l'essenza di Dragon Ball Z senza compromettere la qualit\u00e0 o il prezzo. Questa riproduzione non ufficiale offre ai fan la possibilit\u00e0 di possedere un pezzo del loro anime preferito, incarnato in una statuetta che offre un rapporto qualit\u00e0-prezzo impareggiabile.<\/p>\n<h3>Il meglio di Goku a un prezzo imbattibile<\/h3>\n<p>Va notato che il nostro <strong>Figura di Goku Saiyan<\/strong> Dragon Ball Z combina un prezzo accessibile con una qualit\u00e0 eccezionale. Questo la rende una scelta essenziale per i collezionisti e i fan della serie. Sperimentate la potenza di Goku attraverso questa figura, pensata per chi non vuole scegliere tra una qualit\u00e0 superiore e un budget controllato. Aggiungete subito questo pezzo alla vostra collezione e celebrate l'eredit\u00e0 di Dragon Ball Z con un prodotto che onora la vostra passione.<\/p>\n<h2>R\u00e9plique Manga Cin\u00e9 : La vostra destinazione per le figurine<\/h2>\n<p>Noi di R\u00e9plique Manga Cin\u00e9 siamo consapevoli del clamore suscitato da figure iconiche come il nostro <strong>Statuetta di Goku Saiyan<\/strong> di Dragon Ball Z. Ma anche <a href=\"https:\/\/repliquemangacine.fr\/it\/figurine-one-piece\/\">Figure d'azione di One Piece<\/a>cos\u00ec come <a href=\"https:\/\/repliquemangacine.fr\/it\/statuette-delluccisore-di-demoni\/\">Statuette dell'uccisore di demoni<\/a> via Naruto.<\/p>\n<p>Ecco perch\u00e9 ci impegniamo a offrire molto pi\u00f9 che semplici repliche. Con una consegna rapida in 24\/48 ore, un imballaggio accurato per garantire che il vostro prezioso Saiyan sia al sicuro durante il trasporto e un pagamento sicuro per la massima tranquillit\u00e0.<\/p>\n<h3>Pi\u00f9 di una statuetta: un servizio di qualit\u00e0 all'R\u00e9plique Manga Cin\u00e9<\/h3>\n<p>In conclusione, potrete beneficiare di un'esperienza cliente impeccabile, dall'ordine alla consegna. Lasciatevi trasportare nel mondo di Goku con la tranquillit\u00e0 di un servizio clienti che vi accompagna in ogni momento. Aggiungete oggi stesso questo pezzo eccezionale alla vostra collezione!<\/p>","protected":false},"excerpt":{"rendered":"<p>Statuetta di Goku Super Saiyan da Dragon Ball Z<\/p>\n<ul>\n<li>Tutti i PVC<\/li>\n<li>Finemente dettagliato<\/li>\n<li>Altezza: 17 cm<\/li>\n<li>Fornito con scatola da esposizione<\/li>\n<li>Non ufficiale<\/li>\n<\/ul>","protected":false},"featured_media":65063,"template":"","meta":[],"product_brand":[896],"product_cat":[831,94],"product_tag":[],"class_list":{"0":"post-65062","1":"product","2":"type-product","3":"status-publish","4":"has-post-thumbnail","6":"product_brand-replique-manga-cine","7":"product_cat-figurines-collector","8":"product_cat-goodies","10":"first","11":"instock","12":"taxable","13":"shipping-taxable","14":"purchasable","15":"product-type-simple"},"yoast_head":"<!-- This site is optimized with the Yoast SEO plugin v27.5 - https:\/\/yoast.com\/product\/yoast-seo-wordpress\/ -->\n<title>Figurine Saiyan Goku DBZ - Figurine Dragon Ball Z | R\u00e9plique Manga Cin\u00e9<\/title>\n<meta name=\"description\" content=\"D\u00e9couvrez la figurine Saiyan Goku dans Dragon Ball Z \u00e0 la qualit\u00e9 exceptionnelle, prix imbattable. Livraison rapide. Commandez maintenant !\" \/>\n<meta name=\"robots\" content=\"index, follow, max-snippet:-1, max-image-preview:large, max-video-preview:-1\" \/>\n<link rel=\"canonical\" href=\"https:\/\/repliquemangacine.fr\/it\/figurine-da-collezione\/statuetta-di-goku-saiyan-dbz\/\" \/>\n<meta property=\"og:locale\" content=\"it_IT\" \/>\n<meta property=\"og:type\" content=\"article\" \/>\n<meta property=\"og:title\" content=\"Figurine Saiyan Goku DBZ - Figurine Dragon Ball Z | R\u00e9plique Manga Cin\u00e9\" \/>\n<meta property=\"og:description\" content=\"D\u00e9couvrez la figurine Saiyan Goku dans Dragon Ball Z \u00e0 la qualit\u00e9 exceptionnelle, prix imbattable. Livraison rapide. Commandez maintenant !\" \/>\n<meta property=\"og:url\" content=\"https:\/\/repliquemangacine.fr\/it\/figurine-da-collezione\/statuetta-di-goku-saiyan-dbz\/\" \/>\n<meta property=\"og:site_name\" content=\"R\u00e9plique Manga Cin\u00e9\" \/>\n<meta property=\"article:publisher\" content=\"https:\/\/www.facebook.com\/RepliqueMangaCine\" \/>\n<meta property=\"article:modified_time\" content=\"2025-09-23T16:03:23+00:00\" \/>\n<meta property=\"og:image\" content=\"https:\/\/repliquemangacine.fr\/wp-content\/uploads\/2023\/11\/Figurine-Dragon-ball-Z.jpg\" \/>\n\t<meta property=\"og:image:width\" content=\"500\" \/>\n\t<meta property=\"og:image:height\" content=\"500\" \/>\n\t<meta property=\"og:image:type\" content=\"image\/jpeg\" \/>\n<meta name=\"twitter:card\" content=\"summary_large_image\" \/>\n<meta name=\"twitter:label1\" content=\"Tempo di lettura stimato\" \/>\n\t<meta name=\"twitter:data1\" content=\"3 minuti\" \/>\n<script type=\"application\/ld+json\" class=\"yoast-schema-graph\">{\"@context\":\"https:\\\/\\\/schema.org\",\"@graph\":[{\"@type\":\"WebPage\",\"@id\":\"https:\\\/\\\/repliquemangacine.fr\\\/en\\\/collectors-figurines\\\/saiyan-goku-dbz-figurine\\\/\",\"url\":\"https:\\\/\\\/repliquemangacine.fr\\\/en\\\/collectors-figurines\\\/saiyan-goku-dbz-figurine\\\/\",\"name\":\"Figurine Saiyan Goku DBZ - Figurine Dragon Ball Z | R\u00e9plique Manga Cin\u00e9\",\"isPartOf\":{\"@id\":\"https:\\\/\\\/repliquemangacine.fr\\\/#website\"},\"primaryImageOfPage\":{\"@id\":\"https:\\\/\\\/repliquemangacine.fr\\\/en\\\/collectors-figurines\\\/saiyan-goku-dbz-figurine\\\/#primaryimage\"},\"image\":{\"@id\":\"https:\\\/\\\/repliquemangacine.fr\\\/en\\\/collectors-figurines\\\/saiyan-goku-dbz-figurine\\\/#primaryimage\"},\"thumbnailUrl\":\"https:\\\/\\\/repliquemangacine.fr\\\/wp-content\\\/uploads\\\/2023\\\/11\\\/Figurine-Dragon-ball-Z.jpg\",\"datePublished\":\"2023-11-08T17:09:05+00:00\",\"dateModified\":\"2025-09-23T16:03:23+00:00\",\"description\":\"D\u00e9couvrez la figurine Saiyan Goku dans Dragon Ball Z \u00e0 la qualit\u00e9 exceptionnelle, prix imbattable. Livraison rapide. Commandez maintenant !\",\"breadcrumb\":{\"@id\":\"https:\\\/\\\/repliquemangacine.fr\\\/en\\\/collectors-figurines\\\/saiyan-goku-dbz-figurine\\\/#breadcrumb\"},\"inLanguage\":\"it-IT\",\"potentialAction\":[{\"@type\":\"ReadAction\",\"target\":[\"https:\\\/\\\/repliquemangacine.fr\\\/en\\\/collectors-figurines\\\/saiyan-goku-dbz-figurine\\\/\"]}]},{\"@type\":\"ImageObject\",\"inLanguage\":\"it-IT\",\"@id\":\"https:\\\/\\\/repliquemangacine.fr\\\/en\\\/collectors-figurines\\\/saiyan-goku-dbz-figurine\\\/#primaryimage\",\"url\":\"https:\\\/\\\/repliquemangacine.fr\\\/wp-content\\\/uploads\\\/2023\\\/11\\\/Figurine-Dragon-ball-Z.jpg\",\"contentUrl\":\"https:\\\/\\\/repliquemangacine.fr\\\/wp-content\\\/uploads\\\/2023\\\/11\\\/Figurine-Dragon-ball-Z.jpg\",\"width\":500,\"height\":500,\"caption\":\"Figurine Saiyan Goku DBZ\"},{\"@type\":\"BreadcrumbList\",\"@id\":\"https:\\\/\\\/repliquemangacine.fr\\\/en\\\/collectors-figurines\\\/saiyan-goku-dbz-figurine\\\/#breadcrumb\",\"itemListElement\":[{\"@type\":\"ListItem\",\"position\":1,\"name\":\"Accueil\",\"item\":\"https:\\\/\\\/repliquemangacine.fr\\\/\"},{\"@type\":\"ListItem\",\"position\":2,\"name\":\"Produits\",\"item\":\"https:\\\/\\\/repliquemangacine.fr\\\/boutique\\\/\"},{\"@type\":\"ListItem\",\"position\":3,\"name\":\"Figurine Saiyan Goku DBZ\"}]},{\"@type\":\"WebSite\",\"@id\":\"https:\\\/\\\/repliquemangacine.fr\\\/#website\",\"url\":\"https:\\\/\\\/repliquemangacine.fr\\\/\",\"name\":\"R\u00e9plique Manga Cin\u00e9\",\"description\":\"\",\"publisher\":{\"@id\":\"https:\\\/\\\/repliquemangacine.fr\\\/#organization\"},\"potentialAction\":[{\"@type\":\"SearchAction\",\"target\":{\"@type\":\"EntryPoint\",\"urlTemplate\":\"https:\\\/\\\/repliquemangacine.fr\\\/?s={search_term_string}\"},\"query-input\":{\"@type\":\"PropertyValueSpecification\",\"valueRequired\":true,\"valueName\":\"search_term_string\"}}],\"inLanguage\":\"it-IT\"},{\"@type\":\"Organization\",\"@id\":\"https:\\\/\\\/repliquemangacine.fr\\\/#organization\",\"name\":\"R\u00e9plique Manga Cin\u00e9\",\"url\":\"https:\\\/\\\/repliquemangacine.fr\\\/\",\"logo\":{\"@type\":\"ImageObject\",\"inLanguage\":\"it-IT\",\"@id\":\"https:\\\/\\\/repliquemangacine.fr\\\/#\\\/schema\\\/logo\\\/image\\\/\",\"url\":\"https:\\\/\\\/repliquemangacine.fr\\\/wp-content\\\/uploads\\\/2023\\\/10\\\/RMC-500250.png\",\"contentUrl\":\"https:\\\/\\\/repliquemangacine.fr\\\/wp-content\\\/uploads\\\/2023\\\/10\\\/RMC-500250.png\",\"width\":500,\"height\":250,\"caption\":\"R\u00e9plique Manga Cin\u00e9\"},\"image\":{\"@id\":\"https:\\\/\\\/repliquemangacine.fr\\\/#\\\/schema\\\/logo\\\/image\\\/\"},\"sameAs\":[\"https:\\\/\\\/www.facebook.com\\\/RepliqueMangaCine\",\"https:\\\/\\\/www.instagram.com\\\/repliquemangacine.fr\\\/\"]}]}<\/script>\n<!-- \/ Yoast SEO plugin. -->","yoast_head_json":{"title":"Figura di Goku Saiyan DBZ - Figura di Dragon Ball Z | R\u00e9plique Manga Cin\u00e9","description":"Scoprite la statuetta di Goku Saiyan di Dragon Ball Z con la sua qualit\u00e0 eccezionale e il suo prezzo imbattibile. Consegna rapida. Ordinate ora!","robots":{"index":"index","follow":"follow","max-snippet":"max-snippet:-1","max-image-preview":"max-image-preview:large","max-video-preview":"max-video-preview:-1"},"canonical":"https:\/\/repliquemangacine.fr\/it\/figurine-da-collezione\/statuetta-di-goku-saiyan-dbz\/","og_locale":"it_IT","og_type":"article","og_title":"Figurine Saiyan Goku DBZ - Figurine Dragon Ball Z | R\u00e9plique Manga Cin\u00e9","og_description":"D\u00e9couvrez la figurine Saiyan Goku dans Dragon Ball Z \u00e0 la qualit\u00e9 exceptionnelle, prix imbattable. Livraison rapide. Commandez maintenant !","og_url":"https:\/\/repliquemangacine.fr\/it\/figurine-da-collezione\/statuetta-di-goku-saiyan-dbz\/","og_site_name":"R\u00e9plique Manga Cin\u00e9","article_publisher":"https:\/\/www.facebook.com\/RepliqueMangaCine","article_modified_time":"2025-09-23T16:03:23+00:00","og_image":[{"width":500,"height":500,"url":"https:\/\/repliquemangacine.fr\/wp-content\/uploads\/2023\/11\/Figurine-Dragon-ball-Z.jpg","type":"image\/jpeg"}],"twitter_card":"summary_large_image","twitter_misc":{"Tempo di lettura stimato":"3 minuti"},"schema":{"@context":"https:\/\/schema.org","@graph":[{"@type":"WebPage","@id":"https:\/\/repliquemangacine.fr\/en\/collectors-figurines\/saiyan-goku-dbz-figurine\/","url":"https:\/\/repliquemangacine.fr\/en\/collectors-figurines\/saiyan-goku-dbz-figurine\/","name":"Figura di Goku Saiyan DBZ - Figura di Dragon Ball Z | R\u00e9plique Manga Cin\u00e9","isPartOf":{"@id":"https:\/\/repliquemangacine.fr\/#website"},"primaryImageOfPage":{"@id":"https:\/\/repliquemangacine.fr\/en\/collectors-figurines\/saiyan-goku-dbz-figurine\/#primaryimage"},"image":{"@id":"https:\/\/repliquemangacine.fr\/en\/collectors-figurines\/saiyan-goku-dbz-figurine\/#primaryimage"},"thumbnailUrl":"https:\/\/repliquemangacine.fr\/wp-content\/uploads\/2023\/11\/Figurine-Dragon-ball-Z.jpg","datePublished":"2023-11-08T17:09:05+00:00","dateModified":"2025-09-23T16:03:23+00:00","description":"Scoprite la statuetta di Goku Saiyan di Dragon Ball Z con la sua qualit\u00e0 eccezionale e il suo prezzo imbattibile. Consegna rapida. Ordinate ora!","breadcrumb":{"@id":"https:\/\/repliquemangacine.fr\/en\/collectors-figurines\/saiyan-goku-dbz-figurine\/#breadcrumb"},"inLanguage":"it-IT","potentialAction":[{"@type":"ReadAction","target":["https:\/\/repliquemangacine.fr\/en\/collectors-figurines\/saiyan-goku-dbz-figurine\/"]}]},{"@type":"ImageObject","inLanguage":"it-IT","@id":"https:\/\/repliquemangacine.fr\/en\/collectors-figurines\/saiyan-goku-dbz-figurine\/#primaryimage","url":"https:\/\/repliquemangacine.fr\/wp-content\/uploads\/2023\/11\/Figurine-Dragon-ball-Z.jpg","contentUrl":"https:\/\/repliquemangacine.fr\/wp-content\/uploads\/2023\/11\/Figurine-Dragon-ball-Z.jpg","width":500,"height":500,"caption":"Figurine Saiyan Goku DBZ"},{"@type":"BreadcrumbList","@id":"https:\/\/repliquemangacine.fr\/en\/collectors-figurines\/saiyan-goku-dbz-figurine\/#breadcrumb","itemListElement":[{"@type":"ListItem","position":1,"name":"Accueil","item":"https:\/\/repliquemangacine.fr\/"},{"@type":"ListItem","position":2,"name":"Produits","item":"https:\/\/repliquemangacine.fr\/boutique\/"},{"@type":"ListItem","position":3,"name":"Figurine Saiyan Goku DBZ"}]},{"@type":"WebSite","@id":"https:\/\/repliquemangacine.fr\/#website","url":"https:\/\/repliquemangacine.fr\/","name":"R\u00e9plique Manga Cin\u00e9","description":"","publisher":{"@id":"https:\/\/repliquemangacine.fr\/#organization"},"potentialAction":[{"@type":"SearchAction","target":{"@type":"EntryPoint","urlTemplate":"https:\/\/repliquemangacine.fr\/?s={search_term_string}"},"query-input":{"@type":"PropertyValueSpecification","valueRequired":true,"valueName":"search_term_string"}}],"inLanguage":"it-IT"},{"@type":"Organization","@id":"https:\/\/repliquemangacine.fr\/#organization","name":"R\u00e9plique Manga Cin\u00e9","url":"https:\/\/repliquemangacine.fr\/","logo":{"@type":"ImageObject","inLanguage":"it-IT","@id":"https:\/\/repliquemangacine.fr\/#\/schema\/logo\/image\/","url":"https:\/\/repliquemangacine.fr\/wp-content\/uploads\/2023\/10\/RMC-500250.png","contentUrl":"https:\/\/repliquemangacine.fr\/wp-content\/uploads\/2023\/10\/RMC-500250.png","width":500,"height":250,"caption":"R\u00e9plique Manga Cin\u00e9"},"image":{"@id":"https:\/\/repliquemangacine.fr\/#\/schema\/logo\/image\/"},"sameAs":["https:\/\/www.facebook.com\/RepliqueMangaCine","https:\/\/www.instagram.com\/repliquemangacine.fr\/"]}]}},"_links":{"self":[{"href":"https:\/\/repliquemangacine.fr\/it\/wp-json\/wp\/v2\/product\/65062","targetHints":{"allow":["GET"]}}],"collection":[{"href":"https:\/\/repliquemangacine.fr\/it\/wp-json\/wp\/v2\/product"}],"about":[{"href":"https:\/\/repliquemangacine.fr\/it\/wp-json\/wp\/v2\/types\/product"}],"wp:featuredmedia":[{"embeddable":true,"href":"https:\/\/repliquemangacine.fr\/it\/wp-json\/wp\/v2\/media\/65063"}],"wp:attachment":[{"href":"https:\/\/repliquemangacine.fr\/it\/wp-json\/wp\/v2\/media?parent=65062"}],"wp:term":[{"taxonomy":"product_brand","embeddable":true,"href":"https:\/\/repliquemangacine.fr\/it\/wp-json\/wp\/v2\/product_brand?post=65062"},{"taxonomy":"product_cat","embeddable":true,"href":"https:\/\/repliquemangacine.fr\/it\/wp-json\/wp\/v2\/product_cat?post=65062"},{"taxonomy":"product_tag","embeddable":true,"href":"https:\/\/repliquemangacine.fr\/it\/wp-json\/wp\/v2\/product_tag?post=65062"}],"curies":[{"name":"wp","href":"https:\/\/api.w.org\/{rel}","templated":true}]}}