





{"id":64875,"date":"2025-11-19T15:23:42","date_gmt":"2025-11-19T14:23:42","guid":{"rendered":"https:\/\/repliquemangacine.fr\/?post_type=product&#038;p=64875"},"modified":"2025-11-19T15:23:42","modified_gmt":"2025-11-19T14:23:42","slug":"figurina-luffy-gear-4","status":"publish","type":"product","link":"https:\/\/repliquemangacine.fr\/it\/figurines-one-piece\/figurine-luffy-gear-4\/","title":{"rendered":"Figura d'azione di Luffy Gear 4"},"content":{"rendered":"<h2>Figura d'azione di Luffy Gear 4 One Piece<\/h2>\n<p>Iniziate immergendovi nell'emozionante mondo di One Piece con il <strong>Figura d'azione di Luffy Gear 4<\/strong>. Questo eccezionale oggetto da collezione cattura lo spirito avventuroso e la potenza senza pari di Monkey D. Rufy.<br \/>\nnella sua impressionante forma della tecnica Gear 4. Realizzato con meticolosa attenzione ai dettagli, questo pezzo illustra perfettamente la determinazione e la forza del famoso pirata.<\/p>\n<p>Le <a href=\"https:\/\/onepiece.fandom.com\/fr\/wiki\/Gomu_Gomu_no_Mi\/Gear_Fourth_Techniques#Gear_Fourth_Boundman\" target=\"_blank\" rel=\"noopener noreferrer\">Ingranaggio 4<\/a>, \u00c8 il nome di una tecnica di combattimento utilizzata da Monkey D. Luffy, apparsa per la prima volta nel suo combattimento contro Doflamingo. Sviluppata da Luffy durante il suo addestramento su Rusukaina.<\/p>\n<h3>Il potere di Luffy racchiuso in una statuina<\/h3>\n<p>Che tu sia un fan di lunga data o un nuovo arrivato nel mondo dei pirati, questa statuina \u00e8 un must. Non solo cattura l'essenza di Rufy,<br \/>\nSi impone come simbolo della tua passione per l'avventura e l'animazione giapponese.<\/p>\n<h2>Il miglior valore dell'action figure di Luffy Gear 4<\/h2>\n<p>Per i fan di One Piece in cerca di un tesoro unico, il nostro <strong>Statuetta Luffy Gear 4<\/strong> non ufficiale rappresenta il miglior rapporto qualit\u00e0\/prezzo disponibile sul mercato.<br \/>\nVa sottolineato che ogni dettaglio di questo pezzo \u00e8 stato progettato con cura per catturare lo spirito ribelle e la forza di carattere di Monkey D. Luffy, il capitano con il cappello di paglia.<\/p>\n<p>La nostra statuetta non ufficiale di Luffy si distingue per l'eccellente finitura e il prezzo accessibile, che la rendono imperdibile per collezionisti e fan.<\/p>\n<h3>Eccellenza e accessibilit\u00e0 in una statuetta unica<\/h3>\n<p>Che desideriate regalare questa statuina o aggiungerla alla vostra collezione, sar\u00e0 un acquisto di cui non vi pentirete, che riflette la vostra passione per l'epica avventura di Rufy.<br \/>\ne il suo equipaggio. Con la sua qualit\u00e0 superiore e il suo prezzo competitivo, promette di essere il gioiello della vostra collezione senza rovinarvi.<\/p>\n<h2>Investire in una moneta da collezione di One Piece<\/h2>\n<p>Investire nel nostro <strong>Statuetta Luffy Gear 4<\/strong> Non ufficiale, significa scegliere un pezzo da collezione eccezionale che trascende i semplici oggetti da fan.<\/p>\n<p>Ma non fermarti qui, scopri gli altri modelli di figurine One Piece per completare la tua collezione con i personaggi emblematici dell'universo creato da Eiichiro Oda.<\/p>\n<p>Prima di tutto:<\/p>\n<ul>\n<li>La <a href=\"https:\/\/repliquemangacine.fr\/it\/figurine\/figurina-di-zoro-one-piece\/\">Statuetta di Zoro<\/a> con le sue tre spade<\/li>\n<li>Cos\u00ec come il <a href=\"https:\/\/repliquemangacine.fr\/it\/figurine\/statuetta-one-piece-di-trafalgar-law\/\">Statuetta Trafalgar Law<\/a> con la sua grande katana<\/li>\n<li>E molti altri ancora nel nostro negozio online.<\/li>\n<\/ul>\n<p>In conclusione, ordina subito per approfittare di un'offerta esclusiva e iniziare o arricchire la tua collezione con la statuina non ufficiale di Luffy.<br \/>\n\u00c8 importante sottolineare che la disponibilit\u00e0 di questo pezzo eccezionale \u00e8 limitata. Non perdete quindi l'occasione di possedere un frammento della saga One Piece.<\/p>","protected":false},"excerpt":{"rendered":"<p>Superba statuetta di Luffy Gear 4 in One Piece<\/p>\n<ul>\n<li>Tutti i PVC<\/li>\n<li>Dettagli impressionanti<\/li>\n<li>Supporto<\/li>\n<li>Altezza: 25 cm<\/li>\n<li>Viene fornito con scatola da collezione<\/li>\n<\/ul>","protected":false},"featured_media":64877,"template":"","meta":[],"product_brand":[896],"product_cat":[831,124,94,23,36],"product_tag":[],"class_list":{"0":"post-64875","1":"product","2":"type-product","3":"status-publish","4":"has-post-thumbnail","6":"product_brand-replique-manga-cine","7":"product_cat-figurines-collector","8":"product_cat-figurines-one-piece","9":"product_cat-goodies","10":"product_cat-repliques-manga-jeux-video","11":"product_cat-katana-one-piece","13":"first","14":"instock","15":"taxable","16":"shipping-taxable","17":"purchasable","18":"product-type-simple"},"yoast_head":"<!-- This site is optimized with the Yoast SEO plugin v27.4 - https:\/\/yoast.com\/product\/yoast-seo-wordpress\/ -->\n<title>Figurine Luffy Gear 4 - Figurine One Piece | R\u00e9plique Manga Cin\u00e9<\/title>\n<meta name=\"description\" content=\"Commandez la Figurine Luffy Gear 4 au meilleur prix. Qualit\u00e9 sup\u00e9rieure, d\u00e9tails pr\u00e9cis \u2013 un must pour les fans de One Piece. Commandez maintenant\u202f!\" \/>\n<meta name=\"robots\" content=\"index, follow, max-snippet:-1, max-image-preview:large, max-video-preview:-1\" \/>\n<link rel=\"canonical\" href=\"https:\/\/repliquemangacine.fr\/it\/figurine-one-piece\/figurina-luffy-gear-4\/\" \/>\n<meta property=\"og:locale\" content=\"it_IT\" \/>\n<meta property=\"og:type\" content=\"article\" \/>\n<meta property=\"og:title\" content=\"Figurine Luffy Gear 4 - Figurine One Piece | R\u00e9plique Manga Cin\u00e9\" \/>\n<meta property=\"og:description\" content=\"Commandez la Figurine Luffy Gear 4 au meilleur prix. Qualit\u00e9 sup\u00e9rieure, d\u00e9tails pr\u00e9cis \u2013 un must pour les fans de One Piece. Commandez maintenant\u202f!\" \/>\n<meta property=\"og:url\" content=\"https:\/\/repliquemangacine.fr\/it\/figurine-one-piece\/figurina-luffy-gear-4\/\" \/>\n<meta property=\"og:site_name\" content=\"R\u00e9plique Manga Cin\u00e9\" \/>\n<meta property=\"article:publisher\" content=\"https:\/\/www.facebook.com\/RepliqueMangaCine\" \/>\n<meta property=\"og:image\" content=\"https:\/\/repliquemangacine.fr\/wp-content\/uploads\/2023\/11\/Figurine-Luffy-One-Piece.jpg\" \/>\n\t<meta property=\"og:image:width\" content=\"500\" \/>\n\t<meta property=\"og:image:height\" content=\"500\" \/>\n\t<meta property=\"og:image:type\" content=\"image\/jpeg\" \/>\n<meta name=\"twitter:card\" content=\"summary_large_image\" \/>\n<meta name=\"twitter:label1\" content=\"Tempo di lettura stimato\" \/>\n\t<meta name=\"twitter:data1\" content=\"3 minuti\" \/>\n<script type=\"application\/ld+json\" class=\"yoast-schema-graph\">{\"@context\":\"https:\\\/\\\/schema.org\",\"@graph\":[{\"@type\":\"WebPage\",\"@id\":\"https:\\\/\\\/repliquemangacine.fr\\\/figurines-one-piece\\\/figurine-luffy-gear-4\\\/\",\"url\":\"https:\\\/\\\/repliquemangacine.fr\\\/figurines-one-piece\\\/figurine-luffy-gear-4\\\/\",\"name\":\"Figurine Luffy Gear 4 - Figurine One Piece | R\u00e9plique Manga Cin\u00e9\",\"isPartOf\":{\"@id\":\"https:\\\/\\\/repliquemangacine.fr\\\/#website\"},\"primaryImageOfPage\":{\"@id\":\"https:\\\/\\\/repliquemangacine.fr\\\/figurines-one-piece\\\/figurine-luffy-gear-4\\\/#primaryimage\"},\"image\":{\"@id\":\"https:\\\/\\\/repliquemangacine.fr\\\/figurines-one-piece\\\/figurine-luffy-gear-4\\\/#primaryimage\"},\"thumbnailUrl\":\"https:\\\/\\\/repliquemangacine.fr\\\/wp-content\\\/uploads\\\/2023\\\/11\\\/Figurine-Luffy-One-Piece.jpg\",\"datePublished\":\"2025-11-19T14:23:42+00:00\",\"description\":\"Commandez la Figurine Luffy Gear 4 au meilleur prix. Qualit\u00e9 sup\u00e9rieure, d\u00e9tails pr\u00e9cis \u2013 un must pour les fans de One Piece. Commandez maintenant\u202f!\",\"breadcrumb\":{\"@id\":\"https:\\\/\\\/repliquemangacine.fr\\\/figurines-one-piece\\\/figurine-luffy-gear-4\\\/#breadcrumb\"},\"inLanguage\":\"it-IT\",\"potentialAction\":[{\"@type\":\"ReadAction\",\"target\":[\"https:\\\/\\\/repliquemangacine.fr\\\/figurines-one-piece\\\/figurine-luffy-gear-4\\\/\"]}]},{\"@type\":\"ImageObject\",\"inLanguage\":\"it-IT\",\"@id\":\"https:\\\/\\\/repliquemangacine.fr\\\/figurines-one-piece\\\/figurine-luffy-gear-4\\\/#primaryimage\",\"url\":\"https:\\\/\\\/repliquemangacine.fr\\\/wp-content\\\/uploads\\\/2023\\\/11\\\/Figurine-Luffy-One-Piece.jpg\",\"contentUrl\":\"https:\\\/\\\/repliquemangacine.fr\\\/wp-content\\\/uploads\\\/2023\\\/11\\\/Figurine-Luffy-One-Piece.jpg\",\"width\":500,\"height\":500,\"caption\":\"Figurine Luffy Gear 4 One piece\"},{\"@type\":\"BreadcrumbList\",\"@id\":\"https:\\\/\\\/repliquemangacine.fr\\\/figurines-one-piece\\\/figurine-luffy-gear-4\\\/#breadcrumb\",\"itemListElement\":[{\"@type\":\"ListItem\",\"position\":1,\"name\":\"Accueil\",\"item\":\"https:\\\/\\\/repliquemangacine.fr\\\/\"},{\"@type\":\"ListItem\",\"position\":2,\"name\":\"Produits\",\"item\":\"https:\\\/\\\/repliquemangacine.fr\\\/boutique\\\/\"},{\"@type\":\"ListItem\",\"position\":3,\"name\":\"Figurine Luffy Gear 4\"}]},{\"@type\":\"WebSite\",\"@id\":\"https:\\\/\\\/repliquemangacine.fr\\\/#website\",\"url\":\"https:\\\/\\\/repliquemangacine.fr\\\/\",\"name\":\"R\u00e9plique Manga Cin\u00e9\",\"description\":\"\",\"publisher\":{\"@id\":\"https:\\\/\\\/repliquemangacine.fr\\\/#organization\"},\"potentialAction\":[{\"@type\":\"SearchAction\",\"target\":{\"@type\":\"EntryPoint\",\"urlTemplate\":\"https:\\\/\\\/repliquemangacine.fr\\\/?s={search_term_string}\"},\"query-input\":{\"@type\":\"PropertyValueSpecification\",\"valueRequired\":true,\"valueName\":\"search_term_string\"}}],\"inLanguage\":\"it-IT\"},{\"@type\":\"Organization\",\"@id\":\"https:\\\/\\\/repliquemangacine.fr\\\/#organization\",\"name\":\"R\u00e9plique Manga Cin\u00e9\",\"url\":\"https:\\\/\\\/repliquemangacine.fr\\\/\",\"logo\":{\"@type\":\"ImageObject\",\"inLanguage\":\"it-IT\",\"@id\":\"https:\\\/\\\/repliquemangacine.fr\\\/#\\\/schema\\\/logo\\\/image\\\/\",\"url\":\"https:\\\/\\\/repliquemangacine.fr\\\/wp-content\\\/uploads\\\/2023\\\/10\\\/RMC-500250.png\",\"contentUrl\":\"https:\\\/\\\/repliquemangacine.fr\\\/wp-content\\\/uploads\\\/2023\\\/10\\\/RMC-500250.png\",\"width\":500,\"height\":250,\"caption\":\"R\u00e9plique Manga Cin\u00e9\"},\"image\":{\"@id\":\"https:\\\/\\\/repliquemangacine.fr\\\/#\\\/schema\\\/logo\\\/image\\\/\"},\"sameAs\":[\"https:\\\/\\\/www.facebook.com\\\/RepliqueMangaCine\",\"https:\\\/\\\/www.instagram.com\\\/repliquemangacine.fr\\\/\"]}]}<\/script>\n<!-- \/ Yoast SEO plugin. -->","yoast_head_json":{"title":"Luffy Gear 4 action figure - One Piece action figure | R\u00e9plique Manga Cin\u00e9","description":"Ordina l'action figure di Luffy Gear 4 al miglior prezzo. Massima qualit\u00e0, dettagli precisi: un must per i fan di One Piece. Ordina ora!","robots":{"index":"index","follow":"follow","max-snippet":"max-snippet:-1","max-image-preview":"max-image-preview:large","max-video-preview":"max-video-preview:-1"},"canonical":"https:\/\/repliquemangacine.fr\/it\/figurine-one-piece\/figurina-luffy-gear-4\/","og_locale":"it_IT","og_type":"article","og_title":"Figurine Luffy Gear 4 - Figurine One Piece | R\u00e9plique Manga Cin\u00e9","og_description":"Commandez la Figurine Luffy Gear 4 au meilleur prix. Qualit\u00e9 sup\u00e9rieure, d\u00e9tails pr\u00e9cis \u2013 un must pour les fans de One Piece. Commandez maintenant\u202f!","og_url":"https:\/\/repliquemangacine.fr\/it\/figurine-one-piece\/figurina-luffy-gear-4\/","og_site_name":"R\u00e9plique Manga Cin\u00e9","article_publisher":"https:\/\/www.facebook.com\/RepliqueMangaCine","og_image":[{"width":500,"height":500,"url":"https:\/\/repliquemangacine.fr\/wp-content\/uploads\/2023\/11\/Figurine-Luffy-One-Piece.jpg","type":"image\/jpeg"}],"twitter_card":"summary_large_image","twitter_misc":{"Tempo di lettura stimato":"3 minuti"},"schema":{"@context":"https:\/\/schema.org","@graph":[{"@type":"WebPage","@id":"https:\/\/repliquemangacine.fr\/figurines-one-piece\/figurine-luffy-gear-4\/","url":"https:\/\/repliquemangacine.fr\/figurines-one-piece\/figurine-luffy-gear-4\/","name":"Luffy Gear 4 action figure - One Piece action figure | R\u00e9plique Manga Cin\u00e9","isPartOf":{"@id":"https:\/\/repliquemangacine.fr\/#website"},"primaryImageOfPage":{"@id":"https:\/\/repliquemangacine.fr\/figurines-one-piece\/figurine-luffy-gear-4\/#primaryimage"},"image":{"@id":"https:\/\/repliquemangacine.fr\/figurines-one-piece\/figurine-luffy-gear-4\/#primaryimage"},"thumbnailUrl":"https:\/\/repliquemangacine.fr\/wp-content\/uploads\/2023\/11\/Figurine-Luffy-One-Piece.jpg","datePublished":"2025-11-19T14:23:42+00:00","description":"Ordina l'action figure di Luffy Gear 4 al miglior prezzo. Massima qualit\u00e0, dettagli precisi: un must per i fan di One Piece. Ordina ora!","breadcrumb":{"@id":"https:\/\/repliquemangacine.fr\/figurines-one-piece\/figurine-luffy-gear-4\/#breadcrumb"},"inLanguage":"it-IT","potentialAction":[{"@type":"ReadAction","target":["https:\/\/repliquemangacine.fr\/figurines-one-piece\/figurine-luffy-gear-4\/"]}]},{"@type":"ImageObject","inLanguage":"it-IT","@id":"https:\/\/repliquemangacine.fr\/figurines-one-piece\/figurine-luffy-gear-4\/#primaryimage","url":"https:\/\/repliquemangacine.fr\/wp-content\/uploads\/2023\/11\/Figurine-Luffy-One-Piece.jpg","contentUrl":"https:\/\/repliquemangacine.fr\/wp-content\/uploads\/2023\/11\/Figurine-Luffy-One-Piece.jpg","width":500,"height":500,"caption":"Figurine Luffy Gear 4 One piece"},{"@type":"BreadcrumbList","@id":"https:\/\/repliquemangacine.fr\/figurines-one-piece\/figurine-luffy-gear-4\/#breadcrumb","itemListElement":[{"@type":"ListItem","position":1,"name":"Accueil","item":"https:\/\/repliquemangacine.fr\/"},{"@type":"ListItem","position":2,"name":"Produits","item":"https:\/\/repliquemangacine.fr\/boutique\/"},{"@type":"ListItem","position":3,"name":"Figurine Luffy Gear 4"}]},{"@type":"WebSite","@id":"https:\/\/repliquemangacine.fr\/#website","url":"https:\/\/repliquemangacine.fr\/","name":"R\u00e9plique Manga Cin\u00e9","description":"","publisher":{"@id":"https:\/\/repliquemangacine.fr\/#organization"},"potentialAction":[{"@type":"SearchAction","target":{"@type":"EntryPoint","urlTemplate":"https:\/\/repliquemangacine.fr\/?s={search_term_string}"},"query-input":{"@type":"PropertyValueSpecification","valueRequired":true,"valueName":"search_term_string"}}],"inLanguage":"it-IT"},{"@type":"Organization","@id":"https:\/\/repliquemangacine.fr\/#organization","name":"R\u00e9plique Manga Cin\u00e9","url":"https:\/\/repliquemangacine.fr\/","logo":{"@type":"ImageObject","inLanguage":"it-IT","@id":"https:\/\/repliquemangacine.fr\/#\/schema\/logo\/image\/","url":"https:\/\/repliquemangacine.fr\/wp-content\/uploads\/2023\/10\/RMC-500250.png","contentUrl":"https:\/\/repliquemangacine.fr\/wp-content\/uploads\/2023\/10\/RMC-500250.png","width":500,"height":250,"caption":"R\u00e9plique Manga Cin\u00e9"},"image":{"@id":"https:\/\/repliquemangacine.fr\/#\/schema\/logo\/image\/"},"sameAs":["https:\/\/www.facebook.com\/RepliqueMangaCine","https:\/\/www.instagram.com\/repliquemangacine.fr\/"]}]}},"_links":{"self":[{"href":"https:\/\/repliquemangacine.fr\/it\/wp-json\/wp\/v2\/product\/64875","targetHints":{"allow":["GET"]}}],"collection":[{"href":"https:\/\/repliquemangacine.fr\/it\/wp-json\/wp\/v2\/product"}],"about":[{"href":"https:\/\/repliquemangacine.fr\/it\/wp-json\/wp\/v2\/types\/product"}],"wp:featuredmedia":[{"embeddable":true,"href":"https:\/\/repliquemangacine.fr\/it\/wp-json\/wp\/v2\/media\/64877"}],"wp:attachment":[{"href":"https:\/\/repliquemangacine.fr\/it\/wp-json\/wp\/v2\/media?parent=64875"}],"wp:term":[{"taxonomy":"product_brand","embeddable":true,"href":"https:\/\/repliquemangacine.fr\/it\/wp-json\/wp\/v2\/product_brand?post=64875"},{"taxonomy":"product_cat","embeddable":true,"href":"https:\/\/repliquemangacine.fr\/it\/wp-json\/wp\/v2\/product_cat?post=64875"},{"taxonomy":"product_tag","embeddable":true,"href":"https:\/\/repliquemangacine.fr\/it\/wp-json\/wp\/v2\/product_tag?post=64875"}],"curies":[{"name":"wp","href":"https:\/\/api.w.org\/{rel}","templated":true}]}}