





{"id":64784,"date":"2023-11-03T19:01:49","date_gmt":"2023-11-03T18:01:49","guid":{"rendered":"https:\/\/repliquemangacine.fr\/?post_type=product&#038;p=64784"},"modified":"2026-04-09T22:50:12","modified_gmt":"2026-04-09T20:50:12","slug":"anello-singolo-in-titanio-lotr","status":"publish","type":"product","link":"https:\/\/repliquemangacine.fr\/it\/bijoux-anneaux\/anneau-unique-titane-lotr\/","title":{"rendered":"Anello singolo LOTR in titanio"},"content":{"rendered":"<h2>Un Anello Il Signore degli Anelli<\/h2>\n<p>Per cominciare, il<strong>Anello singolo in titanio<\/strong> de Il Signore degli Anelli, chiamato \u201dil mio tesoro\u201d da Gollum, \u00e8 superbamente realistico in 3 diverse versioni.<\/p>\n<p>Creato da Sauron, il Signore delle Tenebre, il suo profilo riporta scritte che significano: \u201dUn anello per governarli tutti. Un anello per trovarli. Un anello per portarli tutti e legarli nell'oscurit\u00e0\u201d.\u201d<\/p>\n<p>I poteri noti dell'anello sono :<\/p>\n<ul>\n<li>Invisibile, agisce su chi se lo mette al dito, proiettandolo nel mondo delle ombre dove si aggirano gli spiriti.<\/li>\n<li>Attira anche i deboli di mente.<\/li>\n<li>Aumenta la forza.<\/li>\n<li>Elimina il processo di invecchiamento, come \u00e8 evidente quando si vede <a href=\"https:\/\/lotr.fandom.com\/fr\/wiki\/Bilbon_Sacquet\" target=\"_blank\" rel=\"noopener noreferrer\">Bilbo<\/a>.<\/li>\n<li>Infine, rende immortali, come dimostra Gollum con una durata di vita di diversi secoli.<\/li>\n<\/ul>\n<h2>Il tuo Anello Unico in titanio SDA al miglior prezzo.<\/h2>\n<p>Offriamo tutte le repliche di spade e gioielli della trilogia de Il Signore degli Anelli.<\/p>\n<p>Innanzitutto,<\/p>\n<ul>\n<li>Il magnifico <a href=\"https:\/\/repliquemangacine.fr\/it\/anelli-di-gioielleria\/collana-arwen-del-signore-degli-anelli\/\">Ciondolo Arwen<\/a> che d\u00e0 ad Aragorn.<\/li>\n<li>C'\u00e8 anche il <a href=\"https:\/\/repliquemangacine.fr\/it\/anelli-di-gioielleria\/anello-aragorn-barahir-argento-925e\/\">Anello di Aragorn Barahir<\/a> in argento 925e.<\/li>\n<li>Cos\u00ec come tutte le spade de Il Signore degli Anelli.<\/li>\n<li>E molti altri da scoprire nel nostro negozio online!<\/li>\n<\/ul>\n<p>Ecco un'ottima idea regalo per i fan della trilogia de Il Signore degli Anelli.<\/p>\n<p>In conclusione, \u00e8 possibile indossare il\u2019<strong>Anello singolo in titanio<\/strong> Il Signore degli Anelli nella vita quotidiana, come anello o al collo come Frodo. Soprattutto, questo anello \u00e8 un oggetto da collezione, ma si pu\u00f2 anche indossare.<\/p>\n<h2>Come devo prendermi cura dei miei gioielli in titanio?<\/h2>\n<p>Il titanio \u00e8 uno dei metalli pi\u00f9 durevoli con cui si possono creare gioielli. Il titanio non richiede cure particolari, ma \u00e8 possibile pulirlo. Ecco alcuni consigli che vi aiuteranno a pulire l'Unico Anello del Signore degli Anelli o altri gioielli in titanio e a prendervene cura per farli durare a lungo.<\/p>\n<p>Riempite una bacinella con acqua tiepida e aggiungete un po' di detersivo delicato.<br \/>\nImmergere l'anello di titanio o altri gioielli nella soluzione per circa 5 minuti, quindi rimuovere lo sporco strofinando delicatamente i pezzi con un panno morbido.<br \/>\nUna volta puliti i gioielli, sciacquarli con acqua e asciugarli con un asciugamano pulito (lasciare asciugare all'aria le parti in titanio pu\u00f2 macchiarle).<\/p>","protected":false},"excerpt":{"rendered":"<p>Sublime riproduzione dell'unico Anello de Il Signore degli Anelli.<\/p>\n<ul>\n<li>Disponibile in tre colori.<\/li>\n<li>Questo anello \u00e8 realizzato in acciaio inossidabile al titanio 100 %.<\/li>\n<li>Scrittura elfica incisa al laser.<\/li>\n<li>Astuccio in velluto.<\/li>\n<li>Taglia unica<\/li>\n<\/ul>","protected":false},"featured_media":64041,"template":"","meta":[],"product_brand":[],"product_cat":[78,24,29],"product_tag":[],"class_list":{"0":"post-64784","1":"product","2":"type-product","3":"status-publish","4":"has-post-thumbnail","6":"product_cat-bijoux-anneaux","7":"product_cat-films-series-tv-vente-de-katana-epee-et-produits-derives","8":"product_cat-le-seigneur-des-anneaux","10":"first","11":"instock","12":"taxable","13":"shipping-taxable","14":"purchasable","15":"product-type-variable"},"yoast_head":"<!-- This site is optimized with the Yoast SEO plugin v27.4 - https:\/\/yoast.com\/product\/yoast-seo-wordpress\/ -->\n<title>Anneau unique Titane LOTR - Bijoux Seigneur des Anneaux | RMC<\/title>\n<meta name=\"description\" content=\"Offrez-lui l&#039;Anneau unique titane Seigneur des Anneaux au meilleur prix. Acier inoxydable 100 % titane - Chaine en acier - 3 coloris - Gravure laser\" \/>\n<meta name=\"robots\" content=\"index, follow, max-snippet:-1, max-image-preview:large, max-video-preview:-1\" \/>\n<link rel=\"canonical\" href=\"https:\/\/repliquemangacine.fr\/it\/anelli-di-gioielleria\/anello-singolo-in-titanio-lotr\/\" \/>\n<meta property=\"og:locale\" content=\"it_IT\" \/>\n<meta property=\"og:type\" content=\"article\" \/>\n<meta property=\"og:title\" content=\"Anneau unique Titane LOTR - Bijoux Seigneur des Anneaux | RMC\" \/>\n<meta property=\"og:description\" content=\"Offrez-lui l&#039;Anneau unique titane Seigneur des Anneaux au meilleur prix. Acier inoxydable 100 % titane - Chaine en acier - 3 coloris - Gravure laser\" \/>\n<meta property=\"og:url\" content=\"https:\/\/repliquemangacine.fr\/it\/anelli-di-gioielleria\/anello-singolo-in-titanio-lotr\/\" \/>\n<meta property=\"og:site_name\" content=\"R\u00e9plique Manga Cin\u00e9\" \/>\n<meta property=\"article:publisher\" content=\"https:\/\/www.facebook.com\/RepliqueMangaCine\" \/>\n<meta property=\"article:modified_time\" content=\"2026-04-09T20:50:12+00:00\" \/>\n<meta property=\"og:image\" content=\"https:\/\/repliquemangacine.fr\/wp-content\/uploads\/2023\/10\/1570-Anneau-unique-Le-Seigneur-des-Anneaux-1.jpg\" \/>\n\t<meta property=\"og:image:width\" content=\"600\" \/>\n\t<meta property=\"og:image:height\" content=\"600\" \/>\n\t<meta property=\"og:image:type\" content=\"image\/jpeg\" \/>\n<meta name=\"twitter:card\" content=\"summary_large_image\" \/>\n<meta name=\"twitter:label1\" content=\"Tempo di lettura stimato\" \/>\n\t<meta name=\"twitter:data1\" content=\"3 minuti\" \/>\n<script type=\"application\/ld+json\" class=\"yoast-schema-graph\">{\"@context\":\"https:\\\/\\\/schema.org\",\"@graph\":[{\"@type\":\"WebPage\",\"@id\":\"https:\\\/\\\/repliquemangacine.fr\\\/bijoux-anneaux\\\/anneau-unique-titane-lotr\\\/\",\"url\":\"https:\\\/\\\/repliquemangacine.fr\\\/bijoux-anneaux\\\/anneau-unique-titane-lotr\\\/\",\"name\":\"Anneau unique Titane LOTR - Bijoux Seigneur des Anneaux | RMC\",\"isPartOf\":{\"@id\":\"https:\\\/\\\/repliquemangacine.fr\\\/#website\"},\"primaryImageOfPage\":{\"@id\":\"https:\\\/\\\/repliquemangacine.fr\\\/bijoux-anneaux\\\/anneau-unique-titane-lotr\\\/#primaryimage\"},\"image\":{\"@id\":\"https:\\\/\\\/repliquemangacine.fr\\\/bijoux-anneaux\\\/anneau-unique-titane-lotr\\\/#primaryimage\"},\"thumbnailUrl\":\"https:\\\/\\\/repliquemangacine.fr\\\/wp-content\\\/uploads\\\/2023\\\/10\\\/1570-Anneau-unique-Le-Seigneur-des-Anneaux-1.jpg\",\"datePublished\":\"2023-11-03T18:01:49+00:00\",\"dateModified\":\"2026-04-09T20:50:12+00:00\",\"description\":\"Offrez-lui l'Anneau unique titane Seigneur des Anneaux au meilleur prix. Acier inoxydable 100 % titane - Chaine en acier - 3 coloris - Gravure laser\",\"breadcrumb\":{\"@id\":\"https:\\\/\\\/repliquemangacine.fr\\\/bijoux-anneaux\\\/anneau-unique-titane-lotr\\\/#breadcrumb\"},\"inLanguage\":\"it-IT\",\"potentialAction\":[{\"@type\":\"ReadAction\",\"target\":[\"https:\\\/\\\/repliquemangacine.fr\\\/bijoux-anneaux\\\/anneau-unique-titane-lotr\\\/\"]}]},{\"@type\":\"ImageObject\",\"inLanguage\":\"it-IT\",\"@id\":\"https:\\\/\\\/repliquemangacine.fr\\\/bijoux-anneaux\\\/anneau-unique-titane-lotr\\\/#primaryimage\",\"url\":\"https:\\\/\\\/repliquemangacine.fr\\\/wp-content\\\/uploads\\\/2023\\\/10\\\/1570-Anneau-unique-Le-Seigneur-des-Anneaux-1.jpg\",\"contentUrl\":\"https:\\\/\\\/repliquemangacine.fr\\\/wp-content\\\/uploads\\\/2023\\\/10\\\/1570-Anneau-unique-Le-Seigneur-des-Anneaux-1.jpg\",\"width\":600,\"height\":600,\"caption\":\"Anneau unique - Le Seigneur des Anneaux\"},{\"@type\":\"BreadcrumbList\",\"@id\":\"https:\\\/\\\/repliquemangacine.fr\\\/bijoux-anneaux\\\/anneau-unique-titane-lotr\\\/#breadcrumb\",\"itemListElement\":[{\"@type\":\"ListItem\",\"position\":1,\"name\":\"Accueil\",\"item\":\"https:\\\/\\\/repliquemangacine.fr\\\/\"},{\"@type\":\"ListItem\",\"position\":2,\"name\":\"Produits\",\"item\":\"https:\\\/\\\/repliquemangacine.fr\\\/boutique\\\/\"},{\"@type\":\"ListItem\",\"position\":3,\"name\":\"Anneau unique Titane LOTR\"}]},{\"@type\":\"WebSite\",\"@id\":\"https:\\\/\\\/repliquemangacine.fr\\\/#website\",\"url\":\"https:\\\/\\\/repliquemangacine.fr\\\/\",\"name\":\"R\u00e9plique Manga Cin\u00e9\",\"description\":\"\",\"publisher\":{\"@id\":\"https:\\\/\\\/repliquemangacine.fr\\\/#organization\"},\"potentialAction\":[{\"@type\":\"SearchAction\",\"target\":{\"@type\":\"EntryPoint\",\"urlTemplate\":\"https:\\\/\\\/repliquemangacine.fr\\\/?s={search_term_string}\"},\"query-input\":{\"@type\":\"PropertyValueSpecification\",\"valueRequired\":true,\"valueName\":\"search_term_string\"}}],\"inLanguage\":\"it-IT\"},{\"@type\":\"Organization\",\"@id\":\"https:\\\/\\\/repliquemangacine.fr\\\/#organization\",\"name\":\"R\u00e9plique Manga Cin\u00e9\",\"url\":\"https:\\\/\\\/repliquemangacine.fr\\\/\",\"logo\":{\"@type\":\"ImageObject\",\"inLanguage\":\"it-IT\",\"@id\":\"https:\\\/\\\/repliquemangacine.fr\\\/#\\\/schema\\\/logo\\\/image\\\/\",\"url\":\"https:\\\/\\\/repliquemangacine.fr\\\/wp-content\\\/uploads\\\/2023\\\/10\\\/RMC-500250.png\",\"contentUrl\":\"https:\\\/\\\/repliquemangacine.fr\\\/wp-content\\\/uploads\\\/2023\\\/10\\\/RMC-500250.png\",\"width\":500,\"height\":250,\"caption\":\"R\u00e9plique Manga Cin\u00e9\"},\"image\":{\"@id\":\"https:\\\/\\\/repliquemangacine.fr\\\/#\\\/schema\\\/logo\\\/image\\\/\"},\"sameAs\":[\"https:\\\/\\\/www.facebook.com\\\/RepliqueMangaCine\",\"https:\\\/\\\/www.instagram.com\\\/repliquemangacine.fr\\\/\"]}]}<\/script>\n<!-- \/ Yoast SEO plugin. -->","yoast_head_json":{"title":"Unico anello LOTR in titanio - Gioielli del Signore degli Anelli | RMC","description":"Offritele l'Anello Unico in titanio del Signore degli Anelli al miglior prezzo. Acciaio inossidabile 100 titanio % - Catena in acciaio - 3 colori - Incisione al laser","robots":{"index":"index","follow":"follow","max-snippet":"max-snippet:-1","max-image-preview":"max-image-preview:large","max-video-preview":"max-video-preview:-1"},"canonical":"https:\/\/repliquemangacine.fr\/it\/anelli-di-gioielleria\/anello-singolo-in-titanio-lotr\/","og_locale":"it_IT","og_type":"article","og_title":"Anneau unique Titane LOTR - Bijoux Seigneur des Anneaux | RMC","og_description":"Offrez-lui l'Anneau unique titane Seigneur des Anneaux au meilleur prix. Acier inoxydable 100 % titane - Chaine en acier - 3 coloris - Gravure laser","og_url":"https:\/\/repliquemangacine.fr\/it\/anelli-di-gioielleria\/anello-singolo-in-titanio-lotr\/","og_site_name":"R\u00e9plique Manga Cin\u00e9","article_publisher":"https:\/\/www.facebook.com\/RepliqueMangaCine","article_modified_time":"2026-04-09T20:50:12+00:00","og_image":[{"width":600,"height":600,"url":"https:\/\/repliquemangacine.fr\/wp-content\/uploads\/2023\/10\/1570-Anneau-unique-Le-Seigneur-des-Anneaux-1.jpg","type":"image\/jpeg"}],"twitter_card":"summary_large_image","twitter_misc":{"Tempo di lettura stimato":"3 minuti"},"schema":{"@context":"https:\/\/schema.org","@graph":[{"@type":"WebPage","@id":"https:\/\/repliquemangacine.fr\/bijoux-anneaux\/anneau-unique-titane-lotr\/","url":"https:\/\/repliquemangacine.fr\/bijoux-anneaux\/anneau-unique-titane-lotr\/","name":"Unico anello LOTR in titanio - Gioielli del Signore degli Anelli | RMC","isPartOf":{"@id":"https:\/\/repliquemangacine.fr\/#website"},"primaryImageOfPage":{"@id":"https:\/\/repliquemangacine.fr\/bijoux-anneaux\/anneau-unique-titane-lotr\/#primaryimage"},"image":{"@id":"https:\/\/repliquemangacine.fr\/bijoux-anneaux\/anneau-unique-titane-lotr\/#primaryimage"},"thumbnailUrl":"https:\/\/repliquemangacine.fr\/wp-content\/uploads\/2023\/10\/1570-Anneau-unique-Le-Seigneur-des-Anneaux-1.jpg","datePublished":"2023-11-03T18:01:49+00:00","dateModified":"2026-04-09T20:50:12+00:00","description":"Offritele l'Anello Unico in titanio del Signore degli Anelli al miglior prezzo. Acciaio inossidabile 100 titanio % - Catena in acciaio - 3 colori - Incisione al laser","breadcrumb":{"@id":"https:\/\/repliquemangacine.fr\/bijoux-anneaux\/anneau-unique-titane-lotr\/#breadcrumb"},"inLanguage":"it-IT","potentialAction":[{"@type":"ReadAction","target":["https:\/\/repliquemangacine.fr\/bijoux-anneaux\/anneau-unique-titane-lotr\/"]}]},{"@type":"ImageObject","inLanguage":"it-IT","@id":"https:\/\/repliquemangacine.fr\/bijoux-anneaux\/anneau-unique-titane-lotr\/#primaryimage","url":"https:\/\/repliquemangacine.fr\/wp-content\/uploads\/2023\/10\/1570-Anneau-unique-Le-Seigneur-des-Anneaux-1.jpg","contentUrl":"https:\/\/repliquemangacine.fr\/wp-content\/uploads\/2023\/10\/1570-Anneau-unique-Le-Seigneur-des-Anneaux-1.jpg","width":600,"height":600,"caption":"Anneau unique - Le Seigneur des Anneaux"},{"@type":"BreadcrumbList","@id":"https:\/\/repliquemangacine.fr\/bijoux-anneaux\/anneau-unique-titane-lotr\/#breadcrumb","itemListElement":[{"@type":"ListItem","position":1,"name":"Accueil","item":"https:\/\/repliquemangacine.fr\/"},{"@type":"ListItem","position":2,"name":"Produits","item":"https:\/\/repliquemangacine.fr\/boutique\/"},{"@type":"ListItem","position":3,"name":"Anneau unique Titane LOTR"}]},{"@type":"WebSite","@id":"https:\/\/repliquemangacine.fr\/#website","url":"https:\/\/repliquemangacine.fr\/","name":"R\u00e9plique Manga Cin\u00e9","description":"","publisher":{"@id":"https:\/\/repliquemangacine.fr\/#organization"},"potentialAction":[{"@type":"SearchAction","target":{"@type":"EntryPoint","urlTemplate":"https:\/\/repliquemangacine.fr\/?s={search_term_string}"},"query-input":{"@type":"PropertyValueSpecification","valueRequired":true,"valueName":"search_term_string"}}],"inLanguage":"it-IT"},{"@type":"Organization","@id":"https:\/\/repliquemangacine.fr\/#organization","name":"R\u00e9plique Manga Cin\u00e9","url":"https:\/\/repliquemangacine.fr\/","logo":{"@type":"ImageObject","inLanguage":"it-IT","@id":"https:\/\/repliquemangacine.fr\/#\/schema\/logo\/image\/","url":"https:\/\/repliquemangacine.fr\/wp-content\/uploads\/2023\/10\/RMC-500250.png","contentUrl":"https:\/\/repliquemangacine.fr\/wp-content\/uploads\/2023\/10\/RMC-500250.png","width":500,"height":250,"caption":"R\u00e9plique Manga Cin\u00e9"},"image":{"@id":"https:\/\/repliquemangacine.fr\/#\/schema\/logo\/image\/"},"sameAs":["https:\/\/www.facebook.com\/RepliqueMangaCine","https:\/\/www.instagram.com\/repliquemangacine.fr\/"]}]}},"_links":{"self":[{"href":"https:\/\/repliquemangacine.fr\/it\/wp-json\/wp\/v2\/product\/64784","targetHints":{"allow":["GET"]}}],"collection":[{"href":"https:\/\/repliquemangacine.fr\/it\/wp-json\/wp\/v2\/product"}],"about":[{"href":"https:\/\/repliquemangacine.fr\/it\/wp-json\/wp\/v2\/types\/product"}],"wp:featuredmedia":[{"embeddable":true,"href":"https:\/\/repliquemangacine.fr\/it\/wp-json\/wp\/v2\/media\/64041"}],"wp:attachment":[{"href":"https:\/\/repliquemangacine.fr\/it\/wp-json\/wp\/v2\/media?parent=64784"}],"wp:term":[{"taxonomy":"product_brand","embeddable":true,"href":"https:\/\/repliquemangacine.fr\/it\/wp-json\/wp\/v2\/product_brand?post=64784"},{"taxonomy":"product_cat","embeddable":true,"href":"https:\/\/repliquemangacine.fr\/it\/wp-json\/wp\/v2\/product_cat?post=64784"},{"taxonomy":"product_tag","embeddable":true,"href":"https:\/\/repliquemangacine.fr\/it\/wp-json\/wp\/v2\/product_tag?post=64784"}],"curies":[{"name":"wp","href":"https:\/\/api.w.org\/{rel}","templated":true}]}}