





{"id":64782,"date":"2023-11-03T18:37:58","date_gmt":"2023-11-03T17:37:58","guid":{"rendered":"https:\/\/repliquemangacine.fr\/?post_type=product&#038;p=64782"},"modified":"2026-03-26T20:11:14","modified_gmt":"2026-03-26T19:11:14","slug":"anello-aragorn-barahir-argento-925e","status":"publish","type":"product","link":"https:\/\/repliquemangacine.fr\/it\/bijoux-anneaux\/bague-aragorn-barahir-argent-925e\/","title":{"rendered":"Anello Aragorn Barahir Argento 925e"},"content":{"rendered":"<h2>Anello Aragorn Anello d'argento Barahir Il Signore degli Anelli<\/h2>\n<p>Per cominciare, l'Anello Aragorn Barahir \u00e8 realizzato in argento 925\u1d49. Questo Anello non \u00e8 in alcun modo un Anello del potere.<\/p>\n<p>L'anello di Barahir \u00e8 il nome dato a un anello realizzato dagli \u00d1oldor a Valinor. Durante la battaglia di Dagor Bragollach, Barahir copr\u00ec la ritirata di Bragollach, che gli don\u00f2 questo anello in segno di gratitudine.<\/p>\n<p>Quando Barahir fu ucciso, la sua mano e il suo anello furono tagliati dagli Orchi come prova della sua morte. Tuttavia, Beren, il figlio di Barahir, riusc\u00ec a recuperare la mano e l'anello.<\/p>\n<p>Tenuto a Gran Burrone, Elrond lo affid\u00f2 ad Aragorn quando questi gli rivel\u00f2 la sua discendenza. <a href=\"https:\/\/lotr.fandom.com\/fr\/wiki\/Aragorn\" target=\"_blank\" rel=\"noopener noreferrer\">Aragorn<\/a> lo regal\u00f2 ad Arwen il giorno del loro matrimonio.<\/p>\n<h2>Il vostro Anello Aragorn Barahir al miglior prezzo<\/h2>\n<p>Offriamo un'ampia gamma di repliche di spade e gioielli della trilogia de Il Signore degli Anelli.<\/p>\n<p>Innanzitutto,<\/p>\n<ul>\n<li>Il magnifico <a href=\"https:\/\/repliquemangacine.fr\/it\/anelli-di-gioielleria\/replica-ciondolo-stella-della-sera-arwen\/\">Ciondolo Arwen<\/a> la stella della sera.<\/li>\n<li>Cos\u00ec come il<a href=\"https:\/\/repliquemangacine.fr\/it\/anelli-di-gioielleria\/spilla-per-collana-lorien-leaf-signore-degli-anelli\/\"> Foglia di Lorien<\/a>.<\/li>\n<li>Ma anche tutti i <a href=\"https:\/\/repliquemangacine.fr\/it\/spade-del-signore-degli-anelli\/\">Spade del Signore degli Anelli<\/a>.<\/li>\n<li>E molti altri da scoprire nel nostro negozio online!<\/li>\n<\/ul>\n<p>Ecco un'ottima idea regalo per i fan della trilogia de Il Signore degli Anelli.<\/p>\n<p>In conclusione, l'anello Aragorn Silver Barahir pu\u00f2 essere indossato nella vita quotidiana. Ma soprattutto \u00e8 un oggetto da collezione.<\/p>\n<p>R\u00e9plique Manga Cin\u00e9 \u00e8 un'azienda familiare francese.<\/p>\n<h2>Come posso prendermi cura dei miei gioielli in argento?<\/h2>\n<p>L'argento \u00e8 pi\u00f9 fragile dell'oro. Con il tempo, lo sfregamento, il sudore e la polvere, perde la sua lucentezza e si appanna.<\/p>\n<p>Ecco alcuni consigli per la pulizia dell'Anello Aragorn in argento Barahir, per rallentare la comparsa dei segni di usura.<\/p>\n<p>Bicarbonato di sodio: una soluzione efficace. Versate dell'acqua in una ciotola e scioglietevi il bicarbonato. Immergetevi i gioielli per qualche ora. Prendete uno spazzolino da denti molto morbido e strofinate delicatamente. Risciacquare con acqua pulita.<br \/>\nAceto bianco: allo stesso modo, immergere completamente i gioielli nell'aceto bianco. Attendere 2 ore, risciacquare con acqua tiepida e asciugare con un panno morbido.<br \/>\nE poi ci sono tutti i trucchi della nonna, come la Coca Cola...<\/p>\n<p>In questo modo potrete indossare i vostri gioielli pi\u00f9 a lungo.<\/p>","protected":false},"excerpt":{"rendered":"<p>Replica dell'anello di Barahir, l'anello di Aragorn.<\/p>\n<ul>\n<li>Questa riproduzione superbamente dettagliata \u00e8 realizzata in argento massiccio 925\u1d49.<\/li>\n<li>Cristallo verde (strass) al centro.<\/li>\n<li>Rimarrete stupiti dalla qualit\u00e0 della finitura di questo anello.<\/li>\n<li>Fornito nella sua scatola e custodia di velluto nero.<\/li>\n<li>Dimensioni: US09 - FR59,9<\/li>\n<\/ul>","protected":false},"featured_media":64049,"template":"","meta":[],"product_brand":[],"product_cat":[78,24,29],"product_tag":[],"class_list":{"0":"post-64782","1":"product","2":"type-product","3":"status-publish","4":"has-post-thumbnail","6":"product_cat-bijoux-anneaux","7":"product_cat-films-series-tv-vente-de-katana-epee-et-produits-derives","8":"product_cat-le-seigneur-des-anneaux","10":"first","11":"instock","12":"taxable","13":"shipping-taxable","14":"purchasable","15":"product-type-variable"},"yoast_head":"<!-- This site is optimized with the Yoast SEO plugin v27.4 - https:\/\/yoast.com\/product\/yoast-seo-wordpress\/ -->\n<title>Bague Aragorn Barahir Argent 925e - Seigneur des anneaux | RMC<\/title>\n<meta name=\"description\" content=\"Offre-lui la Bague Aragorn Barahir argent au meilleur prix. En Argent Massif 925\u1d49 - Pierre de cristal au centre. Prix exceptionnel de 79.90\u20ac ! Envoi 24\/48h\" \/>\n<meta name=\"robots\" content=\"index, follow, max-snippet:-1, max-image-preview:large, max-video-preview:-1\" \/>\n<link rel=\"canonical\" href=\"https:\/\/repliquemangacine.fr\/it\/anelli-di-gioielleria\/anello-aragorn-barahir-argento-925e\/\" \/>\n<meta property=\"og:locale\" content=\"it_IT\" \/>\n<meta property=\"og:type\" content=\"article\" \/>\n<meta property=\"og:title\" content=\"Bague Aragorn Barahir Argent 925e - Seigneur des anneaux | RMC\" \/>\n<meta property=\"og:description\" content=\"Offre-lui la Bague Aragorn Barahir argent au meilleur prix. En Argent Massif 925\u1d49 - Pierre de cristal au centre. Prix exceptionnel de 79.90\u20ac ! Envoi 24\/48h\" \/>\n<meta property=\"og:url\" content=\"https:\/\/repliquemangacine.fr\/it\/anelli-di-gioielleria\/anello-aragorn-barahir-argento-925e\/\" \/>\n<meta property=\"og:site_name\" content=\"R\u00e9plique Manga Cin\u00e9\" \/>\n<meta property=\"article:publisher\" content=\"https:\/\/www.facebook.com\/RepliqueMangaCine\" \/>\n<meta property=\"article:modified_time\" content=\"2026-03-26T19:11:14+00:00\" \/>\n<meta property=\"og:image\" content=\"https:\/\/repliquemangacine.fr\/wp-content\/uploads\/2023\/10\/1586-Anneau-Barahir-Argent-925e-Bague-Aragorn-1.jpg\" \/>\n\t<meta property=\"og:image:width\" content=\"600\" \/>\n\t<meta property=\"og:image:height\" content=\"600\" \/>\n\t<meta property=\"og:image:type\" content=\"image\/jpeg\" \/>\n<meta name=\"twitter:card\" content=\"summary_large_image\" \/>\n<meta name=\"twitter:label1\" content=\"Tempo di lettura stimato\" \/>\n\t<meta name=\"twitter:data1\" content=\"3 minuti\" \/>\n<script type=\"application\/ld+json\" class=\"yoast-schema-graph\">{\"@context\":\"https:\\\/\\\/schema.org\",\"@graph\":[{\"@type\":\"WebPage\",\"@id\":\"https:\\\/\\\/repliquemangacine.fr\\\/bijoux-anneaux\\\/bague-aragorn-barahir-argent-925e\\\/\",\"url\":\"https:\\\/\\\/repliquemangacine.fr\\\/bijoux-anneaux\\\/bague-aragorn-barahir-argent-925e\\\/\",\"name\":\"Bague Aragorn Barahir Argent 925e - Seigneur des anneaux | RMC\",\"isPartOf\":{\"@id\":\"https:\\\/\\\/repliquemangacine.fr\\\/#website\"},\"primaryImageOfPage\":{\"@id\":\"https:\\\/\\\/repliquemangacine.fr\\\/bijoux-anneaux\\\/bague-aragorn-barahir-argent-925e\\\/#primaryimage\"},\"image\":{\"@id\":\"https:\\\/\\\/repliquemangacine.fr\\\/bijoux-anneaux\\\/bague-aragorn-barahir-argent-925e\\\/#primaryimage\"},\"thumbnailUrl\":\"https:\\\/\\\/repliquemangacine.fr\\\/wp-content\\\/uploads\\\/2023\\\/10\\\/1586-Anneau-Barahir-Argent-925e-Bague-Aragorn-1.jpg\",\"datePublished\":\"2023-11-03T17:37:58+00:00\",\"dateModified\":\"2026-03-26T19:11:14+00:00\",\"description\":\"Offre-lui la Bague Aragorn Barahir argent au meilleur prix. En Argent Massif 925\u1d49 - Pierre de cristal au centre. Prix exceptionnel de 79.90\u20ac ! Envoi 24\\\/48h\",\"breadcrumb\":{\"@id\":\"https:\\\/\\\/repliquemangacine.fr\\\/bijoux-anneaux\\\/bague-aragorn-barahir-argent-925e\\\/#breadcrumb\"},\"inLanguage\":\"it-IT\",\"potentialAction\":[{\"@type\":\"ReadAction\",\"target\":[\"https:\\\/\\\/repliquemangacine.fr\\\/bijoux-anneaux\\\/bague-aragorn-barahir-argent-925e\\\/\"]}]},{\"@type\":\"ImageObject\",\"inLanguage\":\"it-IT\",\"@id\":\"https:\\\/\\\/repliquemangacine.fr\\\/bijoux-anneaux\\\/bague-aragorn-barahir-argent-925e\\\/#primaryimage\",\"url\":\"https:\\\/\\\/repliquemangacine.fr\\\/wp-content\\\/uploads\\\/2023\\\/10\\\/1586-Anneau-Barahir-Argent-925e-Bague-Aragorn-1.jpg\",\"contentUrl\":\"https:\\\/\\\/repliquemangacine.fr\\\/wp-content\\\/uploads\\\/2023\\\/10\\\/1586-Anneau-Barahir-Argent-925e-Bague-Aragorn-1.jpg\",\"width\":600,\"height\":600,\"caption\":\"Anneau Barahir Argent 925e - Bague Aragorn\"},{\"@type\":\"BreadcrumbList\",\"@id\":\"https:\\\/\\\/repliquemangacine.fr\\\/bijoux-anneaux\\\/bague-aragorn-barahir-argent-925e\\\/#breadcrumb\",\"itemListElement\":[{\"@type\":\"ListItem\",\"position\":1,\"name\":\"Accueil\",\"item\":\"https:\\\/\\\/repliquemangacine.fr\\\/\"},{\"@type\":\"ListItem\",\"position\":2,\"name\":\"Produits\",\"item\":\"https:\\\/\\\/repliquemangacine.fr\\\/boutique\\\/\"},{\"@type\":\"ListItem\",\"position\":3,\"name\":\"Bague Aragorn Barahir Argent 925e\"}]},{\"@type\":\"WebSite\",\"@id\":\"https:\\\/\\\/repliquemangacine.fr\\\/#website\",\"url\":\"https:\\\/\\\/repliquemangacine.fr\\\/\",\"name\":\"R\u00e9plique Manga Cin\u00e9\",\"description\":\"\",\"publisher\":{\"@id\":\"https:\\\/\\\/repliquemangacine.fr\\\/#organization\"},\"potentialAction\":[{\"@type\":\"SearchAction\",\"target\":{\"@type\":\"EntryPoint\",\"urlTemplate\":\"https:\\\/\\\/repliquemangacine.fr\\\/?s={search_term_string}\"},\"query-input\":{\"@type\":\"PropertyValueSpecification\",\"valueRequired\":true,\"valueName\":\"search_term_string\"}}],\"inLanguage\":\"it-IT\"},{\"@type\":\"Organization\",\"@id\":\"https:\\\/\\\/repliquemangacine.fr\\\/#organization\",\"name\":\"R\u00e9plique Manga Cin\u00e9\",\"url\":\"https:\\\/\\\/repliquemangacine.fr\\\/\",\"logo\":{\"@type\":\"ImageObject\",\"inLanguage\":\"it-IT\",\"@id\":\"https:\\\/\\\/repliquemangacine.fr\\\/#\\\/schema\\\/logo\\\/image\\\/\",\"url\":\"https:\\\/\\\/repliquemangacine.fr\\\/wp-content\\\/uploads\\\/2023\\\/10\\\/RMC-500250.png\",\"contentUrl\":\"https:\\\/\\\/repliquemangacine.fr\\\/wp-content\\\/uploads\\\/2023\\\/10\\\/RMC-500250.png\",\"width\":500,\"height\":250,\"caption\":\"R\u00e9plique Manga Cin\u00e9\"},\"image\":{\"@id\":\"https:\\\/\\\/repliquemangacine.fr\\\/#\\\/schema\\\/logo\\\/image\\\/\"},\"sameAs\":[\"https:\\\/\\\/www.facebook.com\\\/RepliqueMangaCine\",\"https:\\\/\\\/www.instagram.com\\\/repliquemangacine.fr\\\/\"]}]}<\/script>\n<!-- \/ Yoast SEO plugin. -->","yoast_head_json":{"title":"Anello Aragorn Barahir Argento 925 - Il Signore degli anelli | RMC","description":"Offritegli l'Anello Aragorn Barahir in argento al miglior prezzo. In argento massiccio 925\u1d49 - Pietra di cristallo al centro. Prezzo eccezionale di 79,90\u20ac! Spedizione 24\/48h","robots":{"index":"index","follow":"follow","max-snippet":"max-snippet:-1","max-image-preview":"max-image-preview:large","max-video-preview":"max-video-preview:-1"},"canonical":"https:\/\/repliquemangacine.fr\/it\/anelli-di-gioielleria\/anello-aragorn-barahir-argento-925e\/","og_locale":"it_IT","og_type":"article","og_title":"Bague Aragorn Barahir Argent 925e - Seigneur des anneaux | RMC","og_description":"Offre-lui la Bague Aragorn Barahir argent au meilleur prix. En Argent Massif 925\u1d49 - Pierre de cristal au centre. Prix exceptionnel de 79.90\u20ac ! Envoi 24\/48h","og_url":"https:\/\/repliquemangacine.fr\/it\/anelli-di-gioielleria\/anello-aragorn-barahir-argento-925e\/","og_site_name":"R\u00e9plique Manga Cin\u00e9","article_publisher":"https:\/\/www.facebook.com\/RepliqueMangaCine","article_modified_time":"2026-03-26T19:11:14+00:00","og_image":[{"width":600,"height":600,"url":"https:\/\/repliquemangacine.fr\/wp-content\/uploads\/2023\/10\/1586-Anneau-Barahir-Argent-925e-Bague-Aragorn-1.jpg","type":"image\/jpeg"}],"twitter_card":"summary_large_image","twitter_misc":{"Tempo di lettura stimato":"3 minuti"},"schema":{"@context":"https:\/\/schema.org","@graph":[{"@type":"WebPage","@id":"https:\/\/repliquemangacine.fr\/bijoux-anneaux\/bague-aragorn-barahir-argent-925e\/","url":"https:\/\/repliquemangacine.fr\/bijoux-anneaux\/bague-aragorn-barahir-argent-925e\/","name":"Anello Aragorn Barahir Argento 925 - Il Signore degli anelli | RMC","isPartOf":{"@id":"https:\/\/repliquemangacine.fr\/#website"},"primaryImageOfPage":{"@id":"https:\/\/repliquemangacine.fr\/bijoux-anneaux\/bague-aragorn-barahir-argent-925e\/#primaryimage"},"image":{"@id":"https:\/\/repliquemangacine.fr\/bijoux-anneaux\/bague-aragorn-barahir-argent-925e\/#primaryimage"},"thumbnailUrl":"https:\/\/repliquemangacine.fr\/wp-content\/uploads\/2023\/10\/1586-Anneau-Barahir-Argent-925e-Bague-Aragorn-1.jpg","datePublished":"2023-11-03T17:37:58+00:00","dateModified":"2026-03-26T19:11:14+00:00","description":"Offritegli l'Anello Aragorn Barahir in argento al miglior prezzo. In argento massiccio 925\u1d49 - Pietra di cristallo al centro. Prezzo eccezionale di 79,90\u20ac! Spedizione 24\/48h","breadcrumb":{"@id":"https:\/\/repliquemangacine.fr\/bijoux-anneaux\/bague-aragorn-barahir-argent-925e\/#breadcrumb"},"inLanguage":"it-IT","potentialAction":[{"@type":"ReadAction","target":["https:\/\/repliquemangacine.fr\/bijoux-anneaux\/bague-aragorn-barahir-argent-925e\/"]}]},{"@type":"ImageObject","inLanguage":"it-IT","@id":"https:\/\/repliquemangacine.fr\/bijoux-anneaux\/bague-aragorn-barahir-argent-925e\/#primaryimage","url":"https:\/\/repliquemangacine.fr\/wp-content\/uploads\/2023\/10\/1586-Anneau-Barahir-Argent-925e-Bague-Aragorn-1.jpg","contentUrl":"https:\/\/repliquemangacine.fr\/wp-content\/uploads\/2023\/10\/1586-Anneau-Barahir-Argent-925e-Bague-Aragorn-1.jpg","width":600,"height":600,"caption":"Anneau Barahir Argent 925e - Bague Aragorn"},{"@type":"BreadcrumbList","@id":"https:\/\/repliquemangacine.fr\/bijoux-anneaux\/bague-aragorn-barahir-argent-925e\/#breadcrumb","itemListElement":[{"@type":"ListItem","position":1,"name":"Accueil","item":"https:\/\/repliquemangacine.fr\/"},{"@type":"ListItem","position":2,"name":"Produits","item":"https:\/\/repliquemangacine.fr\/boutique\/"},{"@type":"ListItem","position":3,"name":"Bague Aragorn Barahir Argent 925e"}]},{"@type":"WebSite","@id":"https:\/\/repliquemangacine.fr\/#website","url":"https:\/\/repliquemangacine.fr\/","name":"R\u00e9plique Manga Cin\u00e9","description":"","publisher":{"@id":"https:\/\/repliquemangacine.fr\/#organization"},"potentialAction":[{"@type":"SearchAction","target":{"@type":"EntryPoint","urlTemplate":"https:\/\/repliquemangacine.fr\/?s={search_term_string}"},"query-input":{"@type":"PropertyValueSpecification","valueRequired":true,"valueName":"search_term_string"}}],"inLanguage":"it-IT"},{"@type":"Organization","@id":"https:\/\/repliquemangacine.fr\/#organization","name":"R\u00e9plique Manga Cin\u00e9","url":"https:\/\/repliquemangacine.fr\/","logo":{"@type":"ImageObject","inLanguage":"it-IT","@id":"https:\/\/repliquemangacine.fr\/#\/schema\/logo\/image\/","url":"https:\/\/repliquemangacine.fr\/wp-content\/uploads\/2023\/10\/RMC-500250.png","contentUrl":"https:\/\/repliquemangacine.fr\/wp-content\/uploads\/2023\/10\/RMC-500250.png","width":500,"height":250,"caption":"R\u00e9plique Manga Cin\u00e9"},"image":{"@id":"https:\/\/repliquemangacine.fr\/#\/schema\/logo\/image\/"},"sameAs":["https:\/\/www.facebook.com\/RepliqueMangaCine","https:\/\/www.instagram.com\/repliquemangacine.fr\/"]}]}},"_links":{"self":[{"href":"https:\/\/repliquemangacine.fr\/it\/wp-json\/wp\/v2\/product\/64782","targetHints":{"allow":["GET"]}}],"collection":[{"href":"https:\/\/repliquemangacine.fr\/it\/wp-json\/wp\/v2\/product"}],"about":[{"href":"https:\/\/repliquemangacine.fr\/it\/wp-json\/wp\/v2\/types\/product"}],"wp:featuredmedia":[{"embeddable":true,"href":"https:\/\/repliquemangacine.fr\/it\/wp-json\/wp\/v2\/media\/64049"}],"wp:attachment":[{"href":"https:\/\/repliquemangacine.fr\/it\/wp-json\/wp\/v2\/media?parent=64782"}],"wp:term":[{"taxonomy":"product_brand","embeddable":true,"href":"https:\/\/repliquemangacine.fr\/it\/wp-json\/wp\/v2\/product_brand?post=64782"},{"taxonomy":"product_cat","embeddable":true,"href":"https:\/\/repliquemangacine.fr\/it\/wp-json\/wp\/v2\/product_cat?post=64782"},{"taxonomy":"product_tag","embeddable":true,"href":"https:\/\/repliquemangacine.fr\/it\/wp-json\/wp\/v2\/product_tag?post=64782"}],"curies":[{"name":"wp","href":"https:\/\/api.w.org\/{rel}","templated":true}]}}