





{"id":64689,"date":"2025-11-19T15:23:42","date_gmt":"2025-11-19T14:23:42","guid":{"rendered":"https:\/\/repliquemangacine.fr\/?post_type=product&#038;p=64689"},"modified":"2025-11-19T15:23:42","modified_gmt":"2025-11-19T14:23:42","slug":"statuetta-one-piece-di-trafalgar-law","status":"publish","type":"product","link":"https:\/\/repliquemangacine.fr\/it\/figurines-collector\/figurine-trafalgar-law-one-piece\/","title":{"rendered":"Figura d'azione di Trafalgar Law One Piece"},"content":{"rendered":"<h2>Figura non ufficiale di Trafalgar Law: un tesoro per i fan<\/h2>\n<p>Prima di tutto, il <strong>Statuetta Trafalgar Law<\/strong> di One Piece \u00e8 un pezzo eccezionale che conquister\u00e0 il cuore dei fan. Questa replica, sebbene non ufficiale, cattura l'essenza del misterioso e carismatico chirurgo della morte.<\/p>\n<p>Va sottolineato che la qualit\u00e0 di questa statuina non ufficiale \u00e8 sorprendente. Offre agli ammiratori di One Piece un modo conveniente per arricchire la loro collezione. Ogni dettaglio, dai tratti distintivi di Law alle sfumature del suo costume, \u00e8 riprodotto con cura. Ci\u00f2 consente ai collezionisti di possedere una rappresentazione fedele di <a href=\"https:\/\/onepiece.fandom.com\/fr\/wiki\/Trafalgar_D._Water_Law\" target=\"_blank\" rel=\"noopener noreferrer\">Legge Trafalgar<\/a> senza spendere troppo.<\/p>\n<h3>Statuetta della legge di alta qualit\u00e0<\/h3>\n<p>Ideale per decorare uno spazio personale o come regalo per un fan dell'universo di One Piece. Questa statuetta \u00e8 un modo fantastico per celebrare uno dei personaggi pi\u00f9 intriganti della serie. \u00c8 una grande aggiunta alla collezione di ogni fan di One Piece, che unisce l'accessibilit\u00e0 alla fedelt\u00e0 artistica.<\/p>\n<h2>Statuetta Trafalgar Law: eccezionale rapporto qualit\u00e0\/prezzo<\/h2>\n<p>La statuetta non ufficiale di Trafalgar Law dell'avvincente universo di One Piece offre ai fan un rapporto qualit\u00e0-prezzo senza pari. Infatti, questa statuetta dimostra che \u00e8 possibile acquistare prodotti di alta qualit\u00e0 senza spendere troppo. Realizzata con cura meticolosa, questa statuetta non ufficiale di Trafalgar Law combina dettagli raffinati con un prezzo accessibile. La cura con cui \u00e8 stato riprodotto fedelmente l'aspetto iconico e l'aura misteriosa del personaggio \u00e8 notevole.<\/p>\n<h3>Qualit\u00e0 impressionante a un prezzo accessibile<\/h3>\n<p>I fan di One Piece possono ora aggiungere alla loro collezione una rappresentazione autentica di uno dei personaggi pi\u00f9 carismatici della serie, a un prezzo ragionevole. Perfetta per adornare una mensola o per essere regalata, questa statuetta non ufficiale \u00e8 una scelta saggia per chi vuole combinare la passione per One Piece con il rispetto del budget.<\/p>\n<h2>Perch\u00e9 scegliere le nostre figure Manga?<\/h2>\n<p>Per cominciare, perch\u00e9 le nostre figurine manga sono una scelta imperdibile per gli appassionati e i collezionisti. Esse incarnano l'eccellenza in termini di fedelt\u00e0 e qualit\u00e0, immergendo i fan nel cuore dei loro universi preferiti.<\/p>\n<p>Si distinguono per il loro realismo e la cura dei dettagli. Ogni pezzo \u00e8 il risultato di un lavoro meticoloso, che cattura l'essenza stessa dei personaggi e delle scene iconiche.<\/p>\n<p>Prendiamo il caso della <a href=\"https:\/\/repliquemangacine.fr\/it\/figurine\/figurina-di-zoro-one-piece\/\">Statuetta di Zoro<\/a> con le sue tre spade, tutto si unisce: lo spirito del personaggio, la precisione della posa e la vivacit\u00e0 dei colori.<\/p>\n<h3>Fedelt\u00e0 e qualit\u00e0 superiore: l'impegno delle nostre figurine<\/h3>\n<p>Inoltre, le nostre statuette sono realizzate con materiali di qualit\u00e0, che ne garantiscono la durata e l'eleganza nel tempo. Scegliendo le nostre statuette di One Piece, non solo si ottiene un eccezionale oggetto da collezione, ma anche un pezzo di storia di questo famoso anime.<\/p>","protected":false},"excerpt":{"rendered":"<p>Superba statuetta <strong>non ufficiale<\/strong> di Trafalgar Law in One Piece.<\/p>\n<ul>\n<li>Tutti i PVC<\/li>\n<li>Finiture extra<\/li>\n<li>Stand espositivo<\/li>\n<li>Altezza: 23 cm<\/li>\n<li>Fornito senza scatola da collezione<\/li>\n<\/ul>","protected":false},"featured_media":64690,"template":"","meta":[],"product_brand":[896],"product_cat":[831,124,94,23,36],"product_tag":[],"class_list":{"0":"post-64689","1":"product","2":"type-product","3":"status-publish","4":"has-post-thumbnail","6":"product_brand-replique-manga-cine","7":"product_cat-figurines-collector","8":"product_cat-figurines-one-piece","9":"product_cat-goodies","10":"product_cat-repliques-manga-jeux-video","11":"product_cat-katana-one-piece","13":"first","14":"instock","15":"taxable","16":"shipping-taxable","17":"purchasable","18":"product-type-simple"},"yoast_head":"<!-- This site is optimized with the Yoast SEO plugin v27.4 - https:\/\/yoast.com\/product\/yoast-seo-wordpress\/ -->\n<title>Figurine Trafalgar Law One Piece - R\u00e9plique Manga Cin\u00e9<\/title>\n<meta name=\"description\" content=\"D\u00e9couvrez notre Figurine de Trafalgar Law dans One Piece. R\u00e9plique d\u00e9taill\u00e9e, offrant un excellent rapport qualit\u00e9-prix pour les fans et collectionneurs.\" \/>\n<meta name=\"robots\" content=\"index, follow, max-snippet:-1, max-image-preview:large, max-video-preview:-1\" \/>\n<link rel=\"canonical\" href=\"https:\/\/repliquemangacine.fr\/it\/figurine-da-collezione\/statuetta-one-piece-di-trafalgar-law\/\" \/>\n<meta property=\"og:locale\" content=\"it_IT\" \/>\n<meta property=\"og:type\" content=\"article\" \/>\n<meta property=\"og:title\" content=\"Figurine Trafalgar Law One Piece - R\u00e9plique Manga Cin\u00e9\" \/>\n<meta property=\"og:description\" content=\"D\u00e9couvrez notre Figurine de Trafalgar Law dans One Piece. R\u00e9plique d\u00e9taill\u00e9e, offrant un excellent rapport qualit\u00e9-prix pour les fans et collectionneurs.\" \/>\n<meta property=\"og:url\" content=\"https:\/\/repliquemangacine.fr\/it\/figurine-da-collezione\/statuetta-one-piece-di-trafalgar-law\/\" \/>\n<meta property=\"og:site_name\" content=\"R\u00e9plique Manga Cin\u00e9\" \/>\n<meta property=\"article:publisher\" content=\"https:\/\/www.facebook.com\/RepliqueMangaCine\" \/>\n<meta property=\"og:image\" content=\"https:\/\/repliquemangacine.fr\/wp-content\/uploads\/2023\/11\/figurine-Trafalgar-Law-avec-socle.jpg\" \/>\n\t<meta property=\"og:image:width\" content=\"500\" \/>\n\t<meta property=\"og:image:height\" content=\"500\" \/>\n\t<meta property=\"og:image:type\" content=\"image\/jpeg\" \/>\n<meta name=\"twitter:card\" content=\"summary_large_image\" \/>\n<meta name=\"twitter:label1\" content=\"Tempo di lettura stimato\" \/>\n\t<meta name=\"twitter:data1\" content=\"3 minuti\" \/>\n<script type=\"application\/ld+json\" class=\"yoast-schema-graph\">{\"@context\":\"https:\\\/\\\/schema.org\",\"@graph\":[{\"@type\":\"WebPage\",\"@id\":\"https:\\\/\\\/repliquemangacine.fr\\\/figurines-collector\\\/figurine-trafalgar-law-one-piece\\\/\",\"url\":\"https:\\\/\\\/repliquemangacine.fr\\\/figurines-collector\\\/figurine-trafalgar-law-one-piece\\\/\",\"name\":\"Figurine Trafalgar Law One Piece - R\u00e9plique Manga Cin\u00e9\",\"isPartOf\":{\"@id\":\"https:\\\/\\\/repliquemangacine.fr\\\/#website\"},\"primaryImageOfPage\":{\"@id\":\"https:\\\/\\\/repliquemangacine.fr\\\/figurines-collector\\\/figurine-trafalgar-law-one-piece\\\/#primaryimage\"},\"image\":{\"@id\":\"https:\\\/\\\/repliquemangacine.fr\\\/figurines-collector\\\/figurine-trafalgar-law-one-piece\\\/#primaryimage\"},\"thumbnailUrl\":\"https:\\\/\\\/repliquemangacine.fr\\\/wp-content\\\/uploads\\\/2023\\\/11\\\/figurine-Trafalgar-Law-avec-socle.jpg\",\"datePublished\":\"2025-11-19T14:23:42+00:00\",\"description\":\"D\u00e9couvrez notre Figurine de Trafalgar Law dans One Piece. R\u00e9plique d\u00e9taill\u00e9e, offrant un excellent rapport qualit\u00e9-prix pour les fans et collectionneurs.\",\"breadcrumb\":{\"@id\":\"https:\\\/\\\/repliquemangacine.fr\\\/figurines-collector\\\/figurine-trafalgar-law-one-piece\\\/#breadcrumb\"},\"inLanguage\":\"it-IT\",\"potentialAction\":[{\"@type\":\"ReadAction\",\"target\":[\"https:\\\/\\\/repliquemangacine.fr\\\/figurines-collector\\\/figurine-trafalgar-law-one-piece\\\/\"]}]},{\"@type\":\"ImageObject\",\"inLanguage\":\"it-IT\",\"@id\":\"https:\\\/\\\/repliquemangacine.fr\\\/figurines-collector\\\/figurine-trafalgar-law-one-piece\\\/#primaryimage\",\"url\":\"https:\\\/\\\/repliquemangacine.fr\\\/wp-content\\\/uploads\\\/2023\\\/11\\\/figurine-Trafalgar-Law-avec-socle.jpg\",\"contentUrl\":\"https:\\\/\\\/repliquemangacine.fr\\\/wp-content\\\/uploads\\\/2023\\\/11\\\/figurine-Trafalgar-Law-avec-socle.jpg\",\"width\":500,\"height\":500,\"caption\":\"Figurine Trafalgar Law One Piece\"},{\"@type\":\"BreadcrumbList\",\"@id\":\"https:\\\/\\\/repliquemangacine.fr\\\/figurines-collector\\\/figurine-trafalgar-law-one-piece\\\/#breadcrumb\",\"itemListElement\":[{\"@type\":\"ListItem\",\"position\":1,\"name\":\"Accueil\",\"item\":\"https:\\\/\\\/repliquemangacine.fr\\\/\"},{\"@type\":\"ListItem\",\"position\":2,\"name\":\"Produits\",\"item\":\"https:\\\/\\\/repliquemangacine.fr\\\/boutique\\\/\"},{\"@type\":\"ListItem\",\"position\":3,\"name\":\"Figurine Trafalgar Law One Piece\"}]},{\"@type\":\"WebSite\",\"@id\":\"https:\\\/\\\/repliquemangacine.fr\\\/#website\",\"url\":\"https:\\\/\\\/repliquemangacine.fr\\\/\",\"name\":\"R\u00e9plique Manga Cin\u00e9\",\"description\":\"\",\"publisher\":{\"@id\":\"https:\\\/\\\/repliquemangacine.fr\\\/#organization\"},\"potentialAction\":[{\"@type\":\"SearchAction\",\"target\":{\"@type\":\"EntryPoint\",\"urlTemplate\":\"https:\\\/\\\/repliquemangacine.fr\\\/?s={search_term_string}\"},\"query-input\":{\"@type\":\"PropertyValueSpecification\",\"valueRequired\":true,\"valueName\":\"search_term_string\"}}],\"inLanguage\":\"it-IT\"},{\"@type\":\"Organization\",\"@id\":\"https:\\\/\\\/repliquemangacine.fr\\\/#organization\",\"name\":\"R\u00e9plique Manga Cin\u00e9\",\"url\":\"https:\\\/\\\/repliquemangacine.fr\\\/\",\"logo\":{\"@type\":\"ImageObject\",\"inLanguage\":\"it-IT\",\"@id\":\"https:\\\/\\\/repliquemangacine.fr\\\/#\\\/schema\\\/logo\\\/image\\\/\",\"url\":\"https:\\\/\\\/repliquemangacine.fr\\\/wp-content\\\/uploads\\\/2023\\\/10\\\/RMC-500250.png\",\"contentUrl\":\"https:\\\/\\\/repliquemangacine.fr\\\/wp-content\\\/uploads\\\/2023\\\/10\\\/RMC-500250.png\",\"width\":500,\"height\":250,\"caption\":\"R\u00e9plique Manga Cin\u00e9\"},\"image\":{\"@id\":\"https:\\\/\\\/repliquemangacine.fr\\\/#\\\/schema\\\/logo\\\/image\\\/\"},\"sameAs\":[\"https:\\\/\\\/www.facebook.com\\\/RepliqueMangaCine\",\"https:\\\/\\\/www.instagram.com\\\/repliquemangacine.fr\\\/\"]}]}<\/script>\n<!-- \/ Yoast SEO plugin. -->","yoast_head_json":{"title":"Figura d'azione di Trafalgar Law One Piece - R\u00e9plique Manga Cin\u00e9","description":"Scoprite la nostra statuetta di Trafalgar Law di One Piece. Una replica dettagliata che offre un eccellente rapporto qualit\u00e0-prezzo per i fan e i collezionisti.","robots":{"index":"index","follow":"follow","max-snippet":"max-snippet:-1","max-image-preview":"max-image-preview:large","max-video-preview":"max-video-preview:-1"},"canonical":"https:\/\/repliquemangacine.fr\/it\/figurine-da-collezione\/statuetta-one-piece-di-trafalgar-law\/","og_locale":"it_IT","og_type":"article","og_title":"Figurine Trafalgar Law One Piece - R\u00e9plique Manga Cin\u00e9","og_description":"D\u00e9couvrez notre Figurine de Trafalgar Law dans One Piece. R\u00e9plique d\u00e9taill\u00e9e, offrant un excellent rapport qualit\u00e9-prix pour les fans et collectionneurs.","og_url":"https:\/\/repliquemangacine.fr\/it\/figurine-da-collezione\/statuetta-one-piece-di-trafalgar-law\/","og_site_name":"R\u00e9plique Manga Cin\u00e9","article_publisher":"https:\/\/www.facebook.com\/RepliqueMangaCine","og_image":[{"width":500,"height":500,"url":"https:\/\/repliquemangacine.fr\/wp-content\/uploads\/2023\/11\/figurine-Trafalgar-Law-avec-socle.jpg","type":"image\/jpeg"}],"twitter_card":"summary_large_image","twitter_misc":{"Tempo di lettura stimato":"3 minuti"},"schema":{"@context":"https:\/\/schema.org","@graph":[{"@type":"WebPage","@id":"https:\/\/repliquemangacine.fr\/figurines-collector\/figurine-trafalgar-law-one-piece\/","url":"https:\/\/repliquemangacine.fr\/figurines-collector\/figurine-trafalgar-law-one-piece\/","name":"Figura d'azione di Trafalgar Law One Piece - R\u00e9plique Manga Cin\u00e9","isPartOf":{"@id":"https:\/\/repliquemangacine.fr\/#website"},"primaryImageOfPage":{"@id":"https:\/\/repliquemangacine.fr\/figurines-collector\/figurine-trafalgar-law-one-piece\/#primaryimage"},"image":{"@id":"https:\/\/repliquemangacine.fr\/figurines-collector\/figurine-trafalgar-law-one-piece\/#primaryimage"},"thumbnailUrl":"https:\/\/repliquemangacine.fr\/wp-content\/uploads\/2023\/11\/figurine-Trafalgar-Law-avec-socle.jpg","datePublished":"2025-11-19T14:23:42+00:00","description":"Scoprite la nostra statuetta di Trafalgar Law di One Piece. Una replica dettagliata che offre un eccellente rapporto qualit\u00e0-prezzo per i fan e i collezionisti.","breadcrumb":{"@id":"https:\/\/repliquemangacine.fr\/figurines-collector\/figurine-trafalgar-law-one-piece\/#breadcrumb"},"inLanguage":"it-IT","potentialAction":[{"@type":"ReadAction","target":["https:\/\/repliquemangacine.fr\/figurines-collector\/figurine-trafalgar-law-one-piece\/"]}]},{"@type":"ImageObject","inLanguage":"it-IT","@id":"https:\/\/repliquemangacine.fr\/figurines-collector\/figurine-trafalgar-law-one-piece\/#primaryimage","url":"https:\/\/repliquemangacine.fr\/wp-content\/uploads\/2023\/11\/figurine-Trafalgar-Law-avec-socle.jpg","contentUrl":"https:\/\/repliquemangacine.fr\/wp-content\/uploads\/2023\/11\/figurine-Trafalgar-Law-avec-socle.jpg","width":500,"height":500,"caption":"Figurine Trafalgar Law One Piece"},{"@type":"BreadcrumbList","@id":"https:\/\/repliquemangacine.fr\/figurines-collector\/figurine-trafalgar-law-one-piece\/#breadcrumb","itemListElement":[{"@type":"ListItem","position":1,"name":"Accueil","item":"https:\/\/repliquemangacine.fr\/"},{"@type":"ListItem","position":2,"name":"Produits","item":"https:\/\/repliquemangacine.fr\/boutique\/"},{"@type":"ListItem","position":3,"name":"Figurine Trafalgar Law One Piece"}]},{"@type":"WebSite","@id":"https:\/\/repliquemangacine.fr\/#website","url":"https:\/\/repliquemangacine.fr\/","name":"R\u00e9plique Manga Cin\u00e9","description":"","publisher":{"@id":"https:\/\/repliquemangacine.fr\/#organization"},"potentialAction":[{"@type":"SearchAction","target":{"@type":"EntryPoint","urlTemplate":"https:\/\/repliquemangacine.fr\/?s={search_term_string}"},"query-input":{"@type":"PropertyValueSpecification","valueRequired":true,"valueName":"search_term_string"}}],"inLanguage":"it-IT"},{"@type":"Organization","@id":"https:\/\/repliquemangacine.fr\/#organization","name":"R\u00e9plique Manga Cin\u00e9","url":"https:\/\/repliquemangacine.fr\/","logo":{"@type":"ImageObject","inLanguage":"it-IT","@id":"https:\/\/repliquemangacine.fr\/#\/schema\/logo\/image\/","url":"https:\/\/repliquemangacine.fr\/wp-content\/uploads\/2023\/10\/RMC-500250.png","contentUrl":"https:\/\/repliquemangacine.fr\/wp-content\/uploads\/2023\/10\/RMC-500250.png","width":500,"height":250,"caption":"R\u00e9plique Manga Cin\u00e9"},"image":{"@id":"https:\/\/repliquemangacine.fr\/#\/schema\/logo\/image\/"},"sameAs":["https:\/\/www.facebook.com\/RepliqueMangaCine","https:\/\/www.instagram.com\/repliquemangacine.fr\/"]}]}},"_links":{"self":[{"href":"https:\/\/repliquemangacine.fr\/it\/wp-json\/wp\/v2\/product\/64689","targetHints":{"allow":["GET"]}}],"collection":[{"href":"https:\/\/repliquemangacine.fr\/it\/wp-json\/wp\/v2\/product"}],"about":[{"href":"https:\/\/repliquemangacine.fr\/it\/wp-json\/wp\/v2\/types\/product"}],"wp:featuredmedia":[{"embeddable":true,"href":"https:\/\/repliquemangacine.fr\/it\/wp-json\/wp\/v2\/media\/64690"}],"wp:attachment":[{"href":"https:\/\/repliquemangacine.fr\/it\/wp-json\/wp\/v2\/media?parent=64689"}],"wp:term":[{"taxonomy":"product_brand","embeddable":true,"href":"https:\/\/repliquemangacine.fr\/it\/wp-json\/wp\/v2\/product_brand?post=64689"},{"taxonomy":"product_cat","embeddable":true,"href":"https:\/\/repliquemangacine.fr\/it\/wp-json\/wp\/v2\/product_cat?post=64689"},{"taxonomy":"product_tag","embeddable":true,"href":"https:\/\/repliquemangacine.fr\/it\/wp-json\/wp\/v2\/product_tag?post=64689"}],"curies":[{"name":"wp","href":"https:\/\/api.w.org\/{rel}","templated":true}]}}