





{"id":64675,"date":"2025-11-19T15:23:42","date_gmt":"2025-11-19T14:23:42","guid":{"rendered":"https:\/\/repliquemangacine.fr\/?post_type=product&#038;p=64675"},"modified":"2025-11-19T15:23:42","modified_gmt":"2025-11-19T14:23:42","slug":"statuetta-ace-one-piece","status":"publish","type":"product","link":"https:\/\/repliquemangacine.fr\/it\/figurines-one-piece\/figurine-ace-one-piece\/","title":{"rendered":"Figura d'azione Ace One Piece"},"content":{"rendered":"<h2>Statuetta Ace - One Piece: Un tesoro da collezione<\/h2>\n<p>Innanzitutto, la statuetta Ace dell'iconica saga di One Piece \u00e8 molto pi\u00f9 di un semplice oggetto da collezione. Queste statuette catturano l'essenza stessa di <a href=\"https:\/\/onepiece.fandom.com\/fr\/wiki\/Portgas_D._Ace\" target=\"_blank\" rel=\"noopener noreferrer\">Portgas D. Ace<\/a>, uno dei personaggi pi\u00f9 carismatici e amati dell'universo di One Piece.<\/p>\n<p>Anche se questa statuina non \u00e8 ufficiale, la precisione dei dettagli, l'accuratezza dei colori e la fedelt\u00e0 all'animazione vi lasceranno senza parole. Queste repliche minuziosamente progettate offrono ai fan l'opportunit\u00e0 unica di possedere un pezzo della loro serie preferita.<\/p>\n<h2>Un'immersione nell'avventura di One Piece<\/h2>\n<p>Non solo incarna l'ardente carisma di Ace, ma invita anche a un viaggio nel mondo dei pirati. Ideale per adornare una mensola, questa statuetta di Ace \u00e8 un must per ogni appassionato di One Piece. Tuffatevi nell'epica avventura e rendete la vostra collezione una leggenda vivente.<\/p>\n<h2>Action figure Ace: qualit\u00e0 imbattibile ad un prezzo imbattibile, anche se non ufficiale<\/h2>\n<p>Scoprite la statuetta Ace, dove qualit\u00e0 e accessibilit\u00e0 si incontrano, anche nella nostra gamma non ufficiale. Ogni statuetta di Portgas D. Ace, personaggio emblematico e cuore dell'avventura, incarna lo spirito di One Piece con un'autenticit\u00e0 impressionante.<\/p>\n<p>La nostra collezione di figurine Ace non ufficiali \u00e8 un vero e proprio capolavoro in termini di rapporto qualit\u00e0-prezzo. Queste creazioni, pur essendo pi\u00f9 convenienti rispetto alle versioni ufficiali, non scendono a compromessi in termini di qualit\u00e0. I dettagli accurati, i colori fedeli e il rispetto dell'estetica originale di One Piece consentono a queste figurine di distinguersi.<\/p>\n<h3>Statuette non ufficiali di qualit\u00e0 e prezzo ineguagliabili<\/h3>\n<p>Offrono agli appassionati un'immersione totale nel mondo dei pirati a un prezzo imbattibile. Perfetti per i collezionisti attenti al budget. Imbarcatevi nell'epica avventura di One Piece, dove la qualit\u00e0 va di pari passo con i prezzi accessibili.<\/p>\n<h2>Chicche e sciabole di One Piece: Colleziona l'epopea<\/h2>\n<p>Entra nell'affascinante mondo dei gadget e delle spade di One Piece, una collezione che trasporta i fan direttamente nelle acque tumultuose della Grand Line.<\/p>\n<p>Le nostre sciabole, identiche alle armi di One Piece, offrono una qualit\u00e0 e un'autenticit\u00e0 senza pari. Ecco alcuni esempi:<\/p>\n<ul>\n<li>Le <a href=\"https:\/\/repliquemangacine.fr\/it\/katana-in-legno-monopezzo\/katana-in-legno-shusui-zoro-pezzo-unico\/\">Katana di legno Shusui<\/a> di zoro, disponibile anche in metallo<\/li>\n<li>Cos\u00ec come il <a href=\"https:\/\/repliquemangacine.fr\/it\/katana-in-metallo-monopezzo\/stinchi-le-roux-spada\/\">Spada a stinchi<\/a> le roux<\/li>\n<li>Ci sono anche <a href=\"https:\/\/repliquemangacine.fr\/it\/tanto-mini-katana-one-piece\/\">mini-katana<\/a> in acciaio<\/li>\n<\/ul>\n<p>In conclusione, questi oggetti da collezione non solo incarnano la potenza e l'eleganza dei personaggi, ma sono anche un invito a possedere un frammento del loro mondo.<\/p>\n<h3>I One Piece Sabres: pi\u00f9 di una replica, una leggenda<\/h3>\n<p>Infine, i gadget, che vanno dalle figurine ai poster e agli oggetti a tema, completano questa immersione. Con la nostra selezione di gadget di One Piece, immergetevi nell'epopea e portate a casa un pezzo di questa leggendaria avventura.<\/p>","protected":false},"excerpt":{"rendered":"<p>Superba statuetta <strong>non ufficiale<\/strong> del personaggio Portgas D. Ace in One Piece<\/p>\n<ul>\n<li>Tutti i PVC<\/li>\n<li>Finemente dettagliato<\/li>\n<li>Base<\/li>\n<li>Altezza 23 cm<\/li>\n<li>Consegnato in una scatola da collezione<\/li>\n<\/ul>","protected":false},"featured_media":64680,"template":"","meta":[],"product_brand":[896],"product_cat":[831,124,94,23,36],"product_tag":[],"class_list":{"0":"post-64675","1":"product","2":"type-product","3":"status-publish","4":"has-post-thumbnail","6":"product_brand-replique-manga-cine","7":"product_cat-figurines-collector","8":"product_cat-figurines-one-piece","9":"product_cat-goodies","10":"product_cat-repliques-manga-jeux-video","11":"product_cat-katana-one-piece","13":"first","14":"instock","15":"taxable","16":"shipping-taxable","17":"purchasable","18":"product-type-simple"},"yoast_head":"<!-- This site is optimized with the Yoast SEO plugin v27.4 - https:\/\/yoast.com\/product\/yoast-seo-wordpress\/ -->\n<title>Figurine Ace - Figurine One Piece | R\u00e9plique Manga Cin\u00e9<\/title>\n<meta name=\"description\" content=\"D\u00e9couvrez notre Figurine Ace de One Piece : une r\u00e9plique d\u00e9taill\u00e9e, offrant un excellent rapport qualit\u00e9-prix pour les fans et collectionneurs.\" \/>\n<meta name=\"robots\" content=\"index, follow, max-snippet:-1, max-image-preview:large, max-video-preview:-1\" \/>\n<link rel=\"canonical\" href=\"https:\/\/repliquemangacine.fr\/it\/figurine-one-piece\/statuetta-ace-one-piece\/\" \/>\n<meta property=\"og:locale\" content=\"it_IT\" \/>\n<meta property=\"og:type\" content=\"article\" \/>\n<meta property=\"og:title\" content=\"Figurine Ace - Figurine One Piece | R\u00e9plique Manga Cin\u00e9\" \/>\n<meta property=\"og:description\" content=\"D\u00e9couvrez notre Figurine Ace de One Piece : une r\u00e9plique d\u00e9taill\u00e9e, offrant un excellent rapport qualit\u00e9-prix pour les fans et collectionneurs.\" \/>\n<meta property=\"og:url\" content=\"https:\/\/repliquemangacine.fr\/it\/figurine-one-piece\/statuetta-ace-one-piece\/\" \/>\n<meta property=\"og:site_name\" content=\"R\u00e9plique Manga Cin\u00e9\" \/>\n<meta property=\"article:publisher\" content=\"https:\/\/www.facebook.com\/RepliqueMangaCine\" \/>\n<meta property=\"og:image\" content=\"https:\/\/repliquemangacine.fr\/wp-content\/uploads\/2023\/11\/Figurine-Ace-One-Piece.jpg\" \/>\n\t<meta property=\"og:image:width\" content=\"500\" \/>\n\t<meta property=\"og:image:height\" content=\"500\" \/>\n\t<meta property=\"og:image:type\" content=\"image\/jpeg\" \/>\n<meta name=\"twitter:card\" content=\"summary_large_image\" \/>\n<meta name=\"twitter:label1\" content=\"Tempo di lettura stimato\" \/>\n\t<meta name=\"twitter:data1\" content=\"3 minuti\" \/>\n<script type=\"application\/ld+json\" class=\"yoast-schema-graph\">{\"@context\":\"https:\\\/\\\/schema.org\",\"@graph\":[{\"@type\":\"WebPage\",\"@id\":\"https:\\\/\\\/repliquemangacine.fr\\\/figurines-one-piece\\\/figurine-ace-one-piece\\\/\",\"url\":\"https:\\\/\\\/repliquemangacine.fr\\\/figurines-one-piece\\\/figurine-ace-one-piece\\\/\",\"name\":\"Figurine Ace - Figurine One Piece | R\u00e9plique Manga Cin\u00e9\",\"isPartOf\":{\"@id\":\"https:\\\/\\\/repliquemangacine.fr\\\/#website\"},\"primaryImageOfPage\":{\"@id\":\"https:\\\/\\\/repliquemangacine.fr\\\/figurines-one-piece\\\/figurine-ace-one-piece\\\/#primaryimage\"},\"image\":{\"@id\":\"https:\\\/\\\/repliquemangacine.fr\\\/figurines-one-piece\\\/figurine-ace-one-piece\\\/#primaryimage\"},\"thumbnailUrl\":\"https:\\\/\\\/repliquemangacine.fr\\\/wp-content\\\/uploads\\\/2023\\\/11\\\/Figurine-Ace-One-Piece.jpg\",\"datePublished\":\"2025-11-19T14:23:42+00:00\",\"description\":\"D\u00e9couvrez notre Figurine Ace de One Piece : une r\u00e9plique d\u00e9taill\u00e9e, offrant un excellent rapport qualit\u00e9-prix pour les fans et collectionneurs.\",\"breadcrumb\":{\"@id\":\"https:\\\/\\\/repliquemangacine.fr\\\/figurines-one-piece\\\/figurine-ace-one-piece\\\/#breadcrumb\"},\"inLanguage\":\"it-IT\",\"potentialAction\":[{\"@type\":\"ReadAction\",\"target\":[\"https:\\\/\\\/repliquemangacine.fr\\\/figurines-one-piece\\\/figurine-ace-one-piece\\\/\"]}]},{\"@type\":\"ImageObject\",\"inLanguage\":\"it-IT\",\"@id\":\"https:\\\/\\\/repliquemangacine.fr\\\/figurines-one-piece\\\/figurine-ace-one-piece\\\/#primaryimage\",\"url\":\"https:\\\/\\\/repliquemangacine.fr\\\/wp-content\\\/uploads\\\/2023\\\/11\\\/Figurine-Ace-One-Piece.jpg\",\"contentUrl\":\"https:\\\/\\\/repliquemangacine.fr\\\/wp-content\\\/uploads\\\/2023\\\/11\\\/Figurine-Ace-One-Piece.jpg\",\"width\":500,\"height\":500,\"caption\":\"Figurine Ace One Piece\"},{\"@type\":\"BreadcrumbList\",\"@id\":\"https:\\\/\\\/repliquemangacine.fr\\\/figurines-one-piece\\\/figurine-ace-one-piece\\\/#breadcrumb\",\"itemListElement\":[{\"@type\":\"ListItem\",\"position\":1,\"name\":\"Accueil\",\"item\":\"https:\\\/\\\/repliquemangacine.fr\\\/\"},{\"@type\":\"ListItem\",\"position\":2,\"name\":\"Produits\",\"item\":\"https:\\\/\\\/repliquemangacine.fr\\\/boutique\\\/\"},{\"@type\":\"ListItem\",\"position\":3,\"name\":\"Figurine Ace One Piece\"}]},{\"@type\":\"WebSite\",\"@id\":\"https:\\\/\\\/repliquemangacine.fr\\\/#website\",\"url\":\"https:\\\/\\\/repliquemangacine.fr\\\/\",\"name\":\"R\u00e9plique Manga Cin\u00e9\",\"description\":\"\",\"publisher\":{\"@id\":\"https:\\\/\\\/repliquemangacine.fr\\\/#organization\"},\"potentialAction\":[{\"@type\":\"SearchAction\",\"target\":{\"@type\":\"EntryPoint\",\"urlTemplate\":\"https:\\\/\\\/repliquemangacine.fr\\\/?s={search_term_string}\"},\"query-input\":{\"@type\":\"PropertyValueSpecification\",\"valueRequired\":true,\"valueName\":\"search_term_string\"}}],\"inLanguage\":\"it-IT\"},{\"@type\":\"Organization\",\"@id\":\"https:\\\/\\\/repliquemangacine.fr\\\/#organization\",\"name\":\"R\u00e9plique Manga Cin\u00e9\",\"url\":\"https:\\\/\\\/repliquemangacine.fr\\\/\",\"logo\":{\"@type\":\"ImageObject\",\"inLanguage\":\"it-IT\",\"@id\":\"https:\\\/\\\/repliquemangacine.fr\\\/#\\\/schema\\\/logo\\\/image\\\/\",\"url\":\"https:\\\/\\\/repliquemangacine.fr\\\/wp-content\\\/uploads\\\/2023\\\/10\\\/RMC-500250.png\",\"contentUrl\":\"https:\\\/\\\/repliquemangacine.fr\\\/wp-content\\\/uploads\\\/2023\\\/10\\\/RMC-500250.png\",\"width\":500,\"height\":250,\"caption\":\"R\u00e9plique Manga Cin\u00e9\"},\"image\":{\"@id\":\"https:\\\/\\\/repliquemangacine.fr\\\/#\\\/schema\\\/logo\\\/image\\\/\"},\"sameAs\":[\"https:\\\/\\\/www.facebook.com\\\/RepliqueMangaCine\",\"https:\\\/\\\/www.instagram.com\\\/repliquemangacine.fr\\\/\"]}]}<\/script>\n<!-- \/ Yoast SEO plugin. -->","yoast_head_json":{"title":"Figurina di Ace - Figurina di One Piece | R\u00e9plique Manga Cin\u00e9","description":"Scoprite la nostra statuetta di Ace di One Piece: una replica dettagliata che offre un ottimo rapporto qualit\u00e0-prezzo a fan e collezionisti.","robots":{"index":"index","follow":"follow","max-snippet":"max-snippet:-1","max-image-preview":"max-image-preview:large","max-video-preview":"max-video-preview:-1"},"canonical":"https:\/\/repliquemangacine.fr\/it\/figurine-one-piece\/statuetta-ace-one-piece\/","og_locale":"it_IT","og_type":"article","og_title":"Figurine Ace - Figurine One Piece | R\u00e9plique Manga Cin\u00e9","og_description":"D\u00e9couvrez notre Figurine Ace de One Piece : une r\u00e9plique d\u00e9taill\u00e9e, offrant un excellent rapport qualit\u00e9-prix pour les fans et collectionneurs.","og_url":"https:\/\/repliquemangacine.fr\/it\/figurine-one-piece\/statuetta-ace-one-piece\/","og_site_name":"R\u00e9plique Manga Cin\u00e9","article_publisher":"https:\/\/www.facebook.com\/RepliqueMangaCine","og_image":[{"width":500,"height":500,"url":"https:\/\/repliquemangacine.fr\/wp-content\/uploads\/2023\/11\/Figurine-Ace-One-Piece.jpg","type":"image\/jpeg"}],"twitter_card":"summary_large_image","twitter_misc":{"Tempo di lettura stimato":"3 minuti"},"schema":{"@context":"https:\/\/schema.org","@graph":[{"@type":"WebPage","@id":"https:\/\/repliquemangacine.fr\/figurines-one-piece\/figurine-ace-one-piece\/","url":"https:\/\/repliquemangacine.fr\/figurines-one-piece\/figurine-ace-one-piece\/","name":"Figurina di Ace - Figurina di One Piece | R\u00e9plique Manga Cin\u00e9","isPartOf":{"@id":"https:\/\/repliquemangacine.fr\/#website"},"primaryImageOfPage":{"@id":"https:\/\/repliquemangacine.fr\/figurines-one-piece\/figurine-ace-one-piece\/#primaryimage"},"image":{"@id":"https:\/\/repliquemangacine.fr\/figurines-one-piece\/figurine-ace-one-piece\/#primaryimage"},"thumbnailUrl":"https:\/\/repliquemangacine.fr\/wp-content\/uploads\/2023\/11\/Figurine-Ace-One-Piece.jpg","datePublished":"2025-11-19T14:23:42+00:00","description":"Scoprite la nostra statuetta di Ace di One Piece: una replica dettagliata che offre un ottimo rapporto qualit\u00e0-prezzo a fan e collezionisti.","breadcrumb":{"@id":"https:\/\/repliquemangacine.fr\/figurines-one-piece\/figurine-ace-one-piece\/#breadcrumb"},"inLanguage":"it-IT","potentialAction":[{"@type":"ReadAction","target":["https:\/\/repliquemangacine.fr\/figurines-one-piece\/figurine-ace-one-piece\/"]}]},{"@type":"ImageObject","inLanguage":"it-IT","@id":"https:\/\/repliquemangacine.fr\/figurines-one-piece\/figurine-ace-one-piece\/#primaryimage","url":"https:\/\/repliquemangacine.fr\/wp-content\/uploads\/2023\/11\/Figurine-Ace-One-Piece.jpg","contentUrl":"https:\/\/repliquemangacine.fr\/wp-content\/uploads\/2023\/11\/Figurine-Ace-One-Piece.jpg","width":500,"height":500,"caption":"Figurine Ace One Piece"},{"@type":"BreadcrumbList","@id":"https:\/\/repliquemangacine.fr\/figurines-one-piece\/figurine-ace-one-piece\/#breadcrumb","itemListElement":[{"@type":"ListItem","position":1,"name":"Accueil","item":"https:\/\/repliquemangacine.fr\/"},{"@type":"ListItem","position":2,"name":"Produits","item":"https:\/\/repliquemangacine.fr\/boutique\/"},{"@type":"ListItem","position":3,"name":"Figurine Ace One Piece"}]},{"@type":"WebSite","@id":"https:\/\/repliquemangacine.fr\/#website","url":"https:\/\/repliquemangacine.fr\/","name":"R\u00e9plique Manga Cin\u00e9","description":"","publisher":{"@id":"https:\/\/repliquemangacine.fr\/#organization"},"potentialAction":[{"@type":"SearchAction","target":{"@type":"EntryPoint","urlTemplate":"https:\/\/repliquemangacine.fr\/?s={search_term_string}"},"query-input":{"@type":"PropertyValueSpecification","valueRequired":true,"valueName":"search_term_string"}}],"inLanguage":"it-IT"},{"@type":"Organization","@id":"https:\/\/repliquemangacine.fr\/#organization","name":"R\u00e9plique Manga Cin\u00e9","url":"https:\/\/repliquemangacine.fr\/","logo":{"@type":"ImageObject","inLanguage":"it-IT","@id":"https:\/\/repliquemangacine.fr\/#\/schema\/logo\/image\/","url":"https:\/\/repliquemangacine.fr\/wp-content\/uploads\/2023\/10\/RMC-500250.png","contentUrl":"https:\/\/repliquemangacine.fr\/wp-content\/uploads\/2023\/10\/RMC-500250.png","width":500,"height":250,"caption":"R\u00e9plique Manga Cin\u00e9"},"image":{"@id":"https:\/\/repliquemangacine.fr\/#\/schema\/logo\/image\/"},"sameAs":["https:\/\/www.facebook.com\/RepliqueMangaCine","https:\/\/www.instagram.com\/repliquemangacine.fr\/"]}]}},"_links":{"self":[{"href":"https:\/\/repliquemangacine.fr\/it\/wp-json\/wp\/v2\/product\/64675","targetHints":{"allow":["GET"]}}],"collection":[{"href":"https:\/\/repliquemangacine.fr\/it\/wp-json\/wp\/v2\/product"}],"about":[{"href":"https:\/\/repliquemangacine.fr\/it\/wp-json\/wp\/v2\/types\/product"}],"wp:featuredmedia":[{"embeddable":true,"href":"https:\/\/repliquemangacine.fr\/it\/wp-json\/wp\/v2\/media\/64680"}],"wp:attachment":[{"href":"https:\/\/repliquemangacine.fr\/it\/wp-json\/wp\/v2\/media?parent=64675"}],"wp:term":[{"taxonomy":"product_brand","embeddable":true,"href":"https:\/\/repliquemangacine.fr\/it\/wp-json\/wp\/v2\/product_brand?post=64675"},{"taxonomy":"product_cat","embeddable":true,"href":"https:\/\/repliquemangacine.fr\/it\/wp-json\/wp\/v2\/product_cat?post=64675"},{"taxonomy":"product_tag","embeddable":true,"href":"https:\/\/repliquemangacine.fr\/it\/wp-json\/wp\/v2\/product_tag?post=64675"}],"curies":[{"name":"wp","href":"https:\/\/api.w.org\/{rel}","templated":true}]}}