





{"id":64670,"date":"2025-11-19T15:23:42","date_gmt":"2025-11-19T14:23:42","guid":{"rendered":"https:\/\/repliquemangacine.fr\/?post_type=product&#038;p=64670"},"modified":"2025-12-17T13:37:32","modified_gmt":"2025-12-17T12:37:32","slug":"figurina-roronoa-zoro-one-piece","status":"publish","type":"product","link":"https:\/\/repliquemangacine.fr\/it\/figurines-one-piece\/figurine-roronoa-zoro-one-piece\/","title":{"rendered":"Figura d'azione di Roronoa Zoro One Piece"},"content":{"rendered":"<h2>Immergiti nell'universo di One Piece con la statuina di Roronoa Zoro<\/h2>\n<p>Innanzitutto, la nostra statuetta non ufficiale di Roronoa Zoro  di \u201cOne Piece\u201d \u00e8 una rappresentazione perfetta, che riflette ogni dettaglio dell'iconico personaggio. Ogni aspetto, dal kimono dettagliato alle iconiche spade, \u00e8 riprodotto fedelmente. Ideale per i collezionisti o come pezzo centrale di una mostra a tema, questa statuina trasporta gli ammiratori di \u201cOne Piece\u201d direttamente nell'entusiasmante universo del manga.<\/p>\n<h3>La statuetta di Roronoa Zoro: immersione nel mondo di One Piece<\/h3>\n<p>Infatti, incarna lo spirito avventuroso e la determinazione di Zoro, rendendo omaggio alla sua forza e al suo carisma. Perfetta per i fan desiderosi di rivivere i momenti epici della serie, questa statuina \u00e8 un'aggiunta inestimabile a qualsiasi collezione.<\/p>\n<h2>Rapporto qualit\u00e0-prezzo per la statuina di Zoro<\/h2>\n<p>Va sottolineato che la statuetta non ufficiale di <a href=\"https:\/\/onepiece.fandom.com\/fr\/wiki\/Roronoa_Zoro\" target=\"_blank\" rel=\"noopener noreferrer\">Roronoa Zoro<\/a> di \u201cOne Piece\u201d unisce un'eccellente maestria artigianale a un prezzo accessibile. Ogni dettaglio di questa statuina \u00e8 stato studiato con cura, dai tratti espressivi del viso alla dinamica postura di combattimento. Offre una fedelt\u00e0 eccezionale al personaggio originale, pur rimanendo accessibile a tutte le tasche.<\/p>\n<h3>Alta qualit\u00e0 a prezzi accessibili: la statuina di Roronoa Zoro<\/h3>\n<p>Inoltre, questa rara combinazione di alta qualit\u00e0 e prezzo competitivo lo rende una scelta privilegiata per collezionisti e appassionati. \u00c8 un regalo eccellente per gli amanti dei manga e diventer\u00e0 sicuramente un tesoro in qualsiasi collezione di \u201cOne Piece\u201d.<\/p>\n<h2>Ampliate la vostra collezione One Piece con i nostri gadget<\/h2>\n<p>Per cominciare, la nostra gamma di gadget \u201cOne Piece\u201d completa perfettamente la tua collezione. Ma non \u00e8 tutto. Ti proponiamo anche le spade di legno e persino le katana di metallo dei tuoi eroi preferiti. Troverai:<\/p>\n<ul>\n<li>tutte le spade di Zoro, compresa l'ultima, l\u2019<a href=\"https:\/\/repliquemangacine.fr\/it\/katana-in-metallo-monopezzo\/costume-intero-enma-katana-viola\/\">enma in viola<\/a><\/li>\n<li>ma anche il <a href=\"https:\/\/repliquemangacine.fr\/it\/katana-in-metallo-monopezzo\/nidai-kitetsu-la-spada-di-luffy-one-piece\/\">La katana di Luffy<\/a>,<\/li>\n<li>cos\u00ec come il grande <a href=\"https:\/\/repliquemangacine.fr\/it\/katana-in-metallo-monopezzo\/costume-intero-katana-trafalgar-law-viola\/\">katana di Law<\/a> lungo 143 cm.<\/li>\n<\/ul>\n<h3>Cofanetti e portachiavi One Piece: tesori per i fan<\/h3>\n<p>Dai cofanetti da collezione ai portachiavi, ogni articolo \u00e8 una celebrazione dello spirito avventuroso di \u201cOne Piece\u201d. Questi oggetti da collezione, accuratamente selezionati, offrono ai fan un modo unico per mostrare il loro amore per la serie.<\/p>","protected":false},"excerpt":{"rendered":"<p>Superba statuetta <strong>non ufficiale<\/strong> di Roronoa Zoro in One Piece<\/p>\n<ul>\n<li>Tutti i PVC<\/li>\n<li>Base<\/li>\n<li>Altezza: 16 cm<\/li>\n<li>Viene fornito con scatola da collezione<\/li>\n<\/ul>","protected":false},"featured_media":64671,"template":"","meta":[],"product_brand":[896],"product_cat":[831,124,94,23,36],"product_tag":[],"class_list":{"0":"post-64670","1":"product","2":"type-product","3":"status-publish","4":"has-post-thumbnail","6":"product_brand-replique-manga-cine","7":"product_cat-figurines-collector","8":"product_cat-figurines-one-piece","9":"product_cat-goodies","10":"product_cat-repliques-manga-jeux-video","11":"product_cat-katana-one-piece","13":"first","14":"outofstock","15":"sale","16":"taxable","17":"shipping-taxable","18":"purchasable","19":"product-type-simple"},"yoast_head":"<!-- This site is optimized with the Yoast SEO plugin v27.4 - https:\/\/yoast.com\/product\/yoast-seo-wordpress\/ -->\n<title>Figurine Roronoa Zoro One Piece | R\u00e9plique Manga Cin\u00e9<\/title>\n<meta name=\"description\" content=\"N&#039;attendez plus ! Commandez vite votre Figurine Roronoa Zoro dans One Piece au meilleur prix. Tout en PVC. Hauteur : 16 cm. Boite collector\" \/>\n<meta name=\"robots\" content=\"index, follow, max-snippet:-1, max-image-preview:large, max-video-preview:-1\" \/>\n<link rel=\"canonical\" href=\"https:\/\/repliquemangacine.fr\/it\/figurine-one-piece\/figurina-roronoa-zoro-one-piece\/\" \/>\n<meta property=\"og:locale\" content=\"it_IT\" \/>\n<meta property=\"og:type\" content=\"article\" \/>\n<meta property=\"og:title\" content=\"Figurine Roronoa Zoro One Piece | R\u00e9plique Manga Cin\u00e9\" \/>\n<meta property=\"og:description\" content=\"N&#039;attendez plus ! Commandez vite votre Figurine Roronoa Zoro dans One Piece au meilleur prix. Tout en PVC. Hauteur : 16 cm. Boite collector\" \/>\n<meta property=\"og:url\" content=\"https:\/\/repliquemangacine.fr\/it\/figurine-one-piece\/figurina-roronoa-zoro-one-piece\/\" \/>\n<meta property=\"og:site_name\" content=\"R\u00e9plique Manga Cin\u00e9\" \/>\n<meta property=\"article:publisher\" content=\"https:\/\/www.facebook.com\/RepliqueMangaCine\" \/>\n<meta property=\"article:modified_time\" content=\"2025-12-17T12:37:32+00:00\" \/>\n<meta property=\"og:image\" content=\"https:\/\/repliquemangacine.fr\/wp-content\/uploads\/2023\/11\/Figurine-Roronoa-Zoro-One-Piece-avec-socle.jpg\" \/>\n\t<meta property=\"og:image:width\" content=\"500\" \/>\n\t<meta property=\"og:image:height\" content=\"500\" \/>\n\t<meta property=\"og:image:type\" content=\"image\/jpeg\" \/>\n<meta name=\"twitter:card\" content=\"summary_large_image\" \/>\n<meta name=\"twitter:label1\" content=\"Tempo di lettura stimato\" \/>\n\t<meta name=\"twitter:data1\" content=\"3 minuti\" \/>\n<script type=\"application\/ld+json\" class=\"yoast-schema-graph\">{\"@context\":\"https:\\\/\\\/schema.org\",\"@graph\":[{\"@type\":\"WebPage\",\"@id\":\"https:\\\/\\\/repliquemangacine.fr\\\/figurines-one-piece\\\/figurine-roronoa-zoro-one-piece\\\/\",\"url\":\"https:\\\/\\\/repliquemangacine.fr\\\/figurines-one-piece\\\/figurine-roronoa-zoro-one-piece\\\/\",\"name\":\"Figurine Roronoa Zoro One Piece | R\u00e9plique Manga Cin\u00e9\",\"isPartOf\":{\"@id\":\"https:\\\/\\\/repliquemangacine.fr\\\/#website\"},\"primaryImageOfPage\":{\"@id\":\"https:\\\/\\\/repliquemangacine.fr\\\/figurines-one-piece\\\/figurine-roronoa-zoro-one-piece\\\/#primaryimage\"},\"image\":{\"@id\":\"https:\\\/\\\/repliquemangacine.fr\\\/figurines-one-piece\\\/figurine-roronoa-zoro-one-piece\\\/#primaryimage\"},\"thumbnailUrl\":\"https:\\\/\\\/repliquemangacine.fr\\\/wp-content\\\/uploads\\\/2023\\\/11\\\/Figurine-Roronoa-Zoro-One-Piece-avec-socle.jpg\",\"datePublished\":\"2025-11-19T14:23:42+00:00\",\"dateModified\":\"2025-12-17T12:37:32+00:00\",\"description\":\"N'attendez plus ! Commandez vite votre Figurine Roronoa Zoro dans One Piece au meilleur prix. Tout en PVC. Hauteur : 16 cm. Boite collector\",\"breadcrumb\":{\"@id\":\"https:\\\/\\\/repliquemangacine.fr\\\/figurines-one-piece\\\/figurine-roronoa-zoro-one-piece\\\/#breadcrumb\"},\"inLanguage\":\"it-IT\",\"potentialAction\":[{\"@type\":\"ReadAction\",\"target\":[\"https:\\\/\\\/repliquemangacine.fr\\\/figurines-one-piece\\\/figurine-roronoa-zoro-one-piece\\\/\"]}]},{\"@type\":\"ImageObject\",\"inLanguage\":\"it-IT\",\"@id\":\"https:\\\/\\\/repliquemangacine.fr\\\/figurines-one-piece\\\/figurine-roronoa-zoro-one-piece\\\/#primaryimage\",\"url\":\"https:\\\/\\\/repliquemangacine.fr\\\/wp-content\\\/uploads\\\/2023\\\/11\\\/Figurine-Roronoa-Zoro-One-Piece-avec-socle.jpg\",\"contentUrl\":\"https:\\\/\\\/repliquemangacine.fr\\\/wp-content\\\/uploads\\\/2023\\\/11\\\/Figurine-Roronoa-Zoro-One-Piece-avec-socle.jpg\",\"width\":500,\"height\":500,\"caption\":\"Figurine Roronoa Zoro avec socle\"},{\"@type\":\"BreadcrumbList\",\"@id\":\"https:\\\/\\\/repliquemangacine.fr\\\/figurines-one-piece\\\/figurine-roronoa-zoro-one-piece\\\/#breadcrumb\",\"itemListElement\":[{\"@type\":\"ListItem\",\"position\":1,\"name\":\"Accueil\",\"item\":\"https:\\\/\\\/repliquemangacine.fr\\\/\"},{\"@type\":\"ListItem\",\"position\":2,\"name\":\"Produits\",\"item\":\"https:\\\/\\\/repliquemangacine.fr\\\/boutique\\\/\"},{\"@type\":\"ListItem\",\"position\":3,\"name\":\"Figurine Roronoa Zoro One Piece\"}]},{\"@type\":\"WebSite\",\"@id\":\"https:\\\/\\\/repliquemangacine.fr\\\/#website\",\"url\":\"https:\\\/\\\/repliquemangacine.fr\\\/\",\"name\":\"R\u00e9plique Manga Cin\u00e9\",\"description\":\"\",\"publisher\":{\"@id\":\"https:\\\/\\\/repliquemangacine.fr\\\/#organization\"},\"potentialAction\":[{\"@type\":\"SearchAction\",\"target\":{\"@type\":\"EntryPoint\",\"urlTemplate\":\"https:\\\/\\\/repliquemangacine.fr\\\/?s={search_term_string}\"},\"query-input\":{\"@type\":\"PropertyValueSpecification\",\"valueRequired\":true,\"valueName\":\"search_term_string\"}}],\"inLanguage\":\"it-IT\"},{\"@type\":\"Organization\",\"@id\":\"https:\\\/\\\/repliquemangacine.fr\\\/#organization\",\"name\":\"R\u00e9plique Manga Cin\u00e9\",\"url\":\"https:\\\/\\\/repliquemangacine.fr\\\/\",\"logo\":{\"@type\":\"ImageObject\",\"inLanguage\":\"it-IT\",\"@id\":\"https:\\\/\\\/repliquemangacine.fr\\\/#\\\/schema\\\/logo\\\/image\\\/\",\"url\":\"https:\\\/\\\/repliquemangacine.fr\\\/wp-content\\\/uploads\\\/2023\\\/10\\\/RMC-500250.png\",\"contentUrl\":\"https:\\\/\\\/repliquemangacine.fr\\\/wp-content\\\/uploads\\\/2023\\\/10\\\/RMC-500250.png\",\"width\":500,\"height\":250,\"caption\":\"R\u00e9plique Manga Cin\u00e9\"},\"image\":{\"@id\":\"https:\\\/\\\/repliquemangacine.fr\\\/#\\\/schema\\\/logo\\\/image\\\/\"},\"sameAs\":[\"https:\\\/\\\/www.facebook.com\\\/RepliqueMangaCine\",\"https:\\\/\\\/www.instagram.com\\\/repliquemangacine.fr\\\/\"]}]}<\/script>\n<!-- \/ Yoast SEO plugin. -->","yoast_head_json":{"title":"Figurina Roronoa Zoro One Piece | R\u00e9plique Manga Cin\u00e9","description":"Non aspettare oltre! Ordina subito la tua statuina di Roronoa Zoro di One Piece al miglior prezzo. Interamente in PVC. Altezza: 16 cm. Confezione da collezione.","robots":{"index":"index","follow":"follow","max-snippet":"max-snippet:-1","max-image-preview":"max-image-preview:large","max-video-preview":"max-video-preview:-1"},"canonical":"https:\/\/repliquemangacine.fr\/it\/figurine-one-piece\/figurina-roronoa-zoro-one-piece\/","og_locale":"it_IT","og_type":"article","og_title":"Figurine Roronoa Zoro One Piece | R\u00e9plique Manga Cin\u00e9","og_description":"N'attendez plus ! Commandez vite votre Figurine Roronoa Zoro dans One Piece au meilleur prix. Tout en PVC. Hauteur : 16 cm. Boite collector","og_url":"https:\/\/repliquemangacine.fr\/it\/figurine-one-piece\/figurina-roronoa-zoro-one-piece\/","og_site_name":"R\u00e9plique Manga Cin\u00e9","article_publisher":"https:\/\/www.facebook.com\/RepliqueMangaCine","article_modified_time":"2025-12-17T12:37:32+00:00","og_image":[{"width":500,"height":500,"url":"https:\/\/repliquemangacine.fr\/wp-content\/uploads\/2023\/11\/Figurine-Roronoa-Zoro-One-Piece-avec-socle.jpg","type":"image\/jpeg"}],"twitter_card":"summary_large_image","twitter_misc":{"Tempo di lettura stimato":"3 minuti"},"schema":{"@context":"https:\/\/schema.org","@graph":[{"@type":"WebPage","@id":"https:\/\/repliquemangacine.fr\/figurines-one-piece\/figurine-roronoa-zoro-one-piece\/","url":"https:\/\/repliquemangacine.fr\/figurines-one-piece\/figurine-roronoa-zoro-one-piece\/","name":"Figurina Roronoa Zoro One Piece | R\u00e9plique Manga Cin\u00e9","isPartOf":{"@id":"https:\/\/repliquemangacine.fr\/#website"},"primaryImageOfPage":{"@id":"https:\/\/repliquemangacine.fr\/figurines-one-piece\/figurine-roronoa-zoro-one-piece\/#primaryimage"},"image":{"@id":"https:\/\/repliquemangacine.fr\/figurines-one-piece\/figurine-roronoa-zoro-one-piece\/#primaryimage"},"thumbnailUrl":"https:\/\/repliquemangacine.fr\/wp-content\/uploads\/2023\/11\/Figurine-Roronoa-Zoro-One-Piece-avec-socle.jpg","datePublished":"2025-11-19T14:23:42+00:00","dateModified":"2025-12-17T12:37:32+00:00","description":"Non aspettare oltre! Ordina subito la tua statuina di Roronoa Zoro di One Piece al miglior prezzo. Interamente in PVC. Altezza: 16 cm. Confezione da collezione.","breadcrumb":{"@id":"https:\/\/repliquemangacine.fr\/figurines-one-piece\/figurine-roronoa-zoro-one-piece\/#breadcrumb"},"inLanguage":"it-IT","potentialAction":[{"@type":"ReadAction","target":["https:\/\/repliquemangacine.fr\/figurines-one-piece\/figurine-roronoa-zoro-one-piece\/"]}]},{"@type":"ImageObject","inLanguage":"it-IT","@id":"https:\/\/repliquemangacine.fr\/figurines-one-piece\/figurine-roronoa-zoro-one-piece\/#primaryimage","url":"https:\/\/repliquemangacine.fr\/wp-content\/uploads\/2023\/11\/Figurine-Roronoa-Zoro-One-Piece-avec-socle.jpg","contentUrl":"https:\/\/repliquemangacine.fr\/wp-content\/uploads\/2023\/11\/Figurine-Roronoa-Zoro-One-Piece-avec-socle.jpg","width":500,"height":500,"caption":"Figurine Roronoa Zoro avec socle"},{"@type":"BreadcrumbList","@id":"https:\/\/repliquemangacine.fr\/figurines-one-piece\/figurine-roronoa-zoro-one-piece\/#breadcrumb","itemListElement":[{"@type":"ListItem","position":1,"name":"Accueil","item":"https:\/\/repliquemangacine.fr\/"},{"@type":"ListItem","position":2,"name":"Produits","item":"https:\/\/repliquemangacine.fr\/boutique\/"},{"@type":"ListItem","position":3,"name":"Figurine Roronoa Zoro One Piece"}]},{"@type":"WebSite","@id":"https:\/\/repliquemangacine.fr\/#website","url":"https:\/\/repliquemangacine.fr\/","name":"R\u00e9plique Manga Cin\u00e9","description":"","publisher":{"@id":"https:\/\/repliquemangacine.fr\/#organization"},"potentialAction":[{"@type":"SearchAction","target":{"@type":"EntryPoint","urlTemplate":"https:\/\/repliquemangacine.fr\/?s={search_term_string}"},"query-input":{"@type":"PropertyValueSpecification","valueRequired":true,"valueName":"search_term_string"}}],"inLanguage":"it-IT"},{"@type":"Organization","@id":"https:\/\/repliquemangacine.fr\/#organization","name":"R\u00e9plique Manga Cin\u00e9","url":"https:\/\/repliquemangacine.fr\/","logo":{"@type":"ImageObject","inLanguage":"it-IT","@id":"https:\/\/repliquemangacine.fr\/#\/schema\/logo\/image\/","url":"https:\/\/repliquemangacine.fr\/wp-content\/uploads\/2023\/10\/RMC-500250.png","contentUrl":"https:\/\/repliquemangacine.fr\/wp-content\/uploads\/2023\/10\/RMC-500250.png","width":500,"height":250,"caption":"R\u00e9plique Manga Cin\u00e9"},"image":{"@id":"https:\/\/repliquemangacine.fr\/#\/schema\/logo\/image\/"},"sameAs":["https:\/\/www.facebook.com\/RepliqueMangaCine","https:\/\/www.instagram.com\/repliquemangacine.fr\/"]}]}},"_links":{"self":[{"href":"https:\/\/repliquemangacine.fr\/it\/wp-json\/wp\/v2\/product\/64670","targetHints":{"allow":["GET"]}}],"collection":[{"href":"https:\/\/repliquemangacine.fr\/it\/wp-json\/wp\/v2\/product"}],"about":[{"href":"https:\/\/repliquemangacine.fr\/it\/wp-json\/wp\/v2\/types\/product"}],"wp:featuredmedia":[{"embeddable":true,"href":"https:\/\/repliquemangacine.fr\/it\/wp-json\/wp\/v2\/media\/64671"}],"wp:attachment":[{"href":"https:\/\/repliquemangacine.fr\/it\/wp-json\/wp\/v2\/media?parent=64670"}],"wp:term":[{"taxonomy":"product_brand","embeddable":true,"href":"https:\/\/repliquemangacine.fr\/it\/wp-json\/wp\/v2\/product_brand?post=64670"},{"taxonomy":"product_cat","embeddable":true,"href":"https:\/\/repliquemangacine.fr\/it\/wp-json\/wp\/v2\/product_cat?post=64670"},{"taxonomy":"product_tag","embeddable":true,"href":"https:\/\/repliquemangacine.fr\/it\/wp-json\/wp\/v2\/product_tag?post=64670"}],"curies":[{"name":"wp","href":"https:\/\/api.w.org\/{rel}","templated":true}]}}