





{"id":64658,"date":"2025-11-19T15:23:42","date_gmt":"2025-11-19T14:23:42","guid":{"rendered":"https:\/\/repliquemangacine.fr\/?post_type=product&#038;p=64658"},"modified":"2025-11-19T15:27:20","modified_gmt":"2025-11-19T14:27:20","slug":"figurina-di-zoro-one-piece","status":"publish","type":"product","link":"https:\/\/repliquemangacine.fr\/it\/figurines-collector\/figurine-zoro-one-piece\/","title":{"rendered":"Figura d'azione di Zoro One Piece"},"content":{"rendered":"<h2>Figurina Zoro One Piece : Il guerriero delle tre spade<\/h2>\n<p>Prima di tutto, immergetevi nel mondo di \u201cOne Piece\u201d con la statuetta di Zoro di One Piece. Inoltre, questa <a href=\"https:\/\/onepiece.fandom.com\/fr\/wiki\/Roronoa_Zoro\" target=\"_blank\" rel=\"noopener noreferrer\">Roronoa Zoro<\/a> cattura il suo carattere indomito e la sua maestria nell'arte della spada.<\/p>\n<h3>Squisiti dettagli di Zoro e delle sue Tre Spade<\/h3>\n<p>Di alta qualit\u00e0, ogni statuina raffigura fedelmente Zoro con le sue tre spade emblematiche: Wado Ichimonji, Sandai Kitetsu e Shusui. Va sottolineato che questi dettagli minuziosi, dal suo sguardo feroce, con la testa intercambiabile, rendono questo pezzo un must per i fan di \u201cOne Piece\u201d.<\/p>\n<p>Inoltre, incarna la potenza e il carisma di Zoro, rendendo questa statuina pi\u00f9 di un semplice oggetto da collezione: un vero e proprio omaggio allo spirito della serie. Arricchite la vostra collezione e lasciatevi trasportare dall'epica avventura di Zoro e della ciurma di Cappello di Paglia.<\/p>\n<h2>Statuetta Zoro di One Piece al miglior prezzo<\/h2>\n<p>Scoprite la statuetta di Zoro di \u201cOne Piece\u201d, un capolavoro che unisce qualit\u00e0 e convenienza. Questa fedele riproduzione di Roronoa Zoro \u00e8 un must per i fan dell'anime e per i collezionisti pi\u00f9 esigenti.<\/p>\n<h3>Finiture di alta qualit\u00e0 a prezzi accessibili<\/h3>\n<p>Progettata con una meticolosa attenzione ai dettagli, questa miniatura <strong>non ufficiale<\/strong> incarna la perfezione in ogni dettaglio. Colori vivaci e autentici e una riproduzione accurata di ogni spada. La statuina di Zoro \u00e8 un esempio lampante di ottimo rapporto qualit\u00e0-prezzo.<\/p>\n<p>Inoltre, senza compromettere la qualit\u00e0, rimane accessibile a tutte le tasche, garantendo cos\u00ec la soddisfazione e l'ammirazione dei fan. Ideale per arricchire la vostra collezione o per fare un regalo unico, la statuina di Zoro di \u201cOne Piece\u201d \u00e8 la promessa di un oggetto da collezione dal valore duraturo e dall'impatto visivo sorprendente.<\/p>\n<h2>Scoprite l'universo di One Piece all'R\u00e9plique Manga Cin\u00e9<\/h2>\n<p>Entra nell'epopea marittima di \u201cOne Piece\u201d con la collezione esclusiva di RMC. Il nostro assortimento va ben oltre le figurine: ti offriamo un mondo di repliche e gadget accattivanti.<\/p>\n<p>Grazie a tutti i suoi prodotti derivati, ti trasportiamo nel vivace mondo di \u201cOne Piece\u201d. Cominciamo con le nostre repliche di spade, in metallo o legno, che sono pezzi fondamentali per i fan.<\/p>\n<h3>Avventuratevi in un'avventura con i gadget e le repliche di One Piece<\/h3>\n<p>Infatti, immaginate di tenere in mano il <a href=\"https:\/\/repliquemangacine.fr\/it\/katana-in-metallo-monopezzo\/spada-katana-wado-ichimonji-spada-di-zoro\/\">Spada Wado Ichimonji<\/a> di Zoro, sentirne il peso, la consistenza, un'immersione totale nell'universo del famoso pirata.<\/p>\n<p>In altre parole, ogni articolo come i nostri <a href=\"https:\/\/repliquemangacine.fr\/it\/portachiavi\/porte-cles-roronoa-zoro-chibi\/\">Portachiavi Zoro<\/a> \u00e8 una porta aperta all'avventura, un invito a rivivere i momenti leggendari di \u201cOne Piece\u201d nel comfort della tua casa.<\/p>\n<p>In conclusione, unitevi a noi per un'esperienza da collezione indimenticabile!<\/p>","protected":false},"excerpt":{"rendered":"<p>Superba statuetta <strong>non ufficiale<\/strong> di Roronoa Zoro in One Piece<\/p>\n<ul>\n<li>Tutti i PVC<\/li>\n<li>Dettagli di alta qualit\u00e0<\/li>\n<li>Testa intercambiabile<\/li>\n<li>Altezza: 21 cm<\/li>\n<li>Viene fornito con scatola da collezione<\/li>\n<\/ul>","protected":false},"featured_media":64660,"template":"","meta":[],"product_brand":[896],"product_cat":[831,124,94,23,36],"product_tag":[],"class_list":{"0":"post-64658","1":"product","2":"type-product","3":"status-publish","4":"has-post-thumbnail","6":"product_brand-replique-manga-cine","7":"product_cat-figurines-collector","8":"product_cat-figurines-one-piece","9":"product_cat-goodies","10":"product_cat-repliques-manga-jeux-video","11":"product_cat-katana-one-piece","13":"first","14":"instock","15":"sale","16":"taxable","17":"shipping-taxable","18":"purchasable","19":"product-type-simple"},"yoast_head":"<!-- This site is optimized with the Yoast SEO plugin v27.4 - https:\/\/yoast.com\/product\/yoast-seo-wordpress\/ -->\n<title>Figurine Zoro One Piece | R\u00e9plique Manga Cin\u00e9<\/title>\n<meta name=\"description\" content=\"D\u00e9couvrez notre Figurine de Zoro dans One Piece. une combinaison parfaite de qualit\u00e9 et de prix avantageux pour les passionn\u00e9s et collectionneurs.\" \/>\n<meta name=\"robots\" content=\"index, follow, max-snippet:-1, max-image-preview:large, max-video-preview:-1\" \/>\n<link rel=\"canonical\" href=\"https:\/\/repliquemangacine.fr\/it\/figurine-da-collezione\/figurina-di-zoro-one-piece\/\" \/>\n<meta property=\"og:locale\" content=\"it_IT\" \/>\n<meta property=\"og:type\" content=\"article\" \/>\n<meta property=\"og:title\" content=\"Figurine Zoro One Piece | R\u00e9plique Manga Cin\u00e9\" \/>\n<meta property=\"og:description\" content=\"D\u00e9couvrez notre Figurine de Zoro dans One Piece. une combinaison parfaite de qualit\u00e9 et de prix avantageux pour les passionn\u00e9s et collectionneurs.\" \/>\n<meta property=\"og:url\" content=\"https:\/\/repliquemangacine.fr\/it\/figurine-da-collezione\/figurina-di-zoro-one-piece\/\" \/>\n<meta property=\"og:site_name\" content=\"R\u00e9plique Manga Cin\u00e9\" \/>\n<meta property=\"article:publisher\" content=\"https:\/\/www.facebook.com\/RepliqueMangaCine\" \/>\n<meta property=\"article:modified_time\" content=\"2025-11-19T14:27:20+00:00\" \/>\n<meta property=\"og:image\" content=\"https:\/\/repliquemangacine.fr\/wp-content\/uploads\/2023\/11\/figurine-zoro-sur-socle.jpg\" \/>\n\t<meta property=\"og:image:width\" content=\"500\" \/>\n\t<meta property=\"og:image:height\" content=\"500\" \/>\n\t<meta property=\"og:image:type\" content=\"image\/jpeg\" \/>\n<meta name=\"twitter:card\" content=\"summary_large_image\" \/>\n<meta name=\"twitter:label1\" content=\"Tempo di lettura stimato\" \/>\n\t<meta name=\"twitter:data1\" content=\"3 minuti\" \/>\n<script type=\"application\/ld+json\" class=\"yoast-schema-graph\">{\"@context\":\"https:\\\/\\\/schema.org\",\"@graph\":[{\"@type\":\"WebPage\",\"@id\":\"https:\\\/\\\/repliquemangacine.fr\\\/figurines-collector\\\/figurine-zoro-one-piece\\\/\",\"url\":\"https:\\\/\\\/repliquemangacine.fr\\\/figurines-collector\\\/figurine-zoro-one-piece\\\/\",\"name\":\"Figurine Zoro One Piece | R\u00e9plique Manga Cin\u00e9\",\"isPartOf\":{\"@id\":\"https:\\\/\\\/repliquemangacine.fr\\\/#website\"},\"primaryImageOfPage\":{\"@id\":\"https:\\\/\\\/repliquemangacine.fr\\\/figurines-collector\\\/figurine-zoro-one-piece\\\/#primaryimage\"},\"image\":{\"@id\":\"https:\\\/\\\/repliquemangacine.fr\\\/figurines-collector\\\/figurine-zoro-one-piece\\\/#primaryimage\"},\"thumbnailUrl\":\"https:\\\/\\\/repliquemangacine.fr\\\/wp-content\\\/uploads\\\/2023\\\/11\\\/figurine-zoro-sur-socle.jpg\",\"datePublished\":\"2025-11-19T14:23:42+00:00\",\"dateModified\":\"2025-11-19T14:27:20+00:00\",\"description\":\"D\u00e9couvrez notre Figurine de Zoro dans One Piece. une combinaison parfaite de qualit\u00e9 et de prix avantageux pour les passionn\u00e9s et collectionneurs.\",\"breadcrumb\":{\"@id\":\"https:\\\/\\\/repliquemangacine.fr\\\/figurines-collector\\\/figurine-zoro-one-piece\\\/#breadcrumb\"},\"inLanguage\":\"it-IT\",\"potentialAction\":[{\"@type\":\"ReadAction\",\"target\":[\"https:\\\/\\\/repliquemangacine.fr\\\/figurines-collector\\\/figurine-zoro-one-piece\\\/\"]}]},{\"@type\":\"ImageObject\",\"inLanguage\":\"it-IT\",\"@id\":\"https:\\\/\\\/repliquemangacine.fr\\\/figurines-collector\\\/figurine-zoro-one-piece\\\/#primaryimage\",\"url\":\"https:\\\/\\\/repliquemangacine.fr\\\/wp-content\\\/uploads\\\/2023\\\/11\\\/figurine-zoro-sur-socle.jpg\",\"contentUrl\":\"https:\\\/\\\/repliquemangacine.fr\\\/wp-content\\\/uploads\\\/2023\\\/11\\\/figurine-zoro-sur-socle.jpg\",\"width\":500,\"height\":500,\"caption\":\"Figurine Zoro One Piece avec son socle\"},{\"@type\":\"BreadcrumbList\",\"@id\":\"https:\\\/\\\/repliquemangacine.fr\\\/figurines-collector\\\/figurine-zoro-one-piece\\\/#breadcrumb\",\"itemListElement\":[{\"@type\":\"ListItem\",\"position\":1,\"name\":\"Accueil\",\"item\":\"https:\\\/\\\/repliquemangacine.fr\\\/\"},{\"@type\":\"ListItem\",\"position\":2,\"name\":\"Produits\",\"item\":\"https:\\\/\\\/repliquemangacine.fr\\\/boutique\\\/\"},{\"@type\":\"ListItem\",\"position\":3,\"name\":\"Figurine Zoro One Piece\"}]},{\"@type\":\"WebSite\",\"@id\":\"https:\\\/\\\/repliquemangacine.fr\\\/#website\",\"url\":\"https:\\\/\\\/repliquemangacine.fr\\\/\",\"name\":\"R\u00e9plique Manga Cin\u00e9\",\"description\":\"\",\"publisher\":{\"@id\":\"https:\\\/\\\/repliquemangacine.fr\\\/#organization\"},\"potentialAction\":[{\"@type\":\"SearchAction\",\"target\":{\"@type\":\"EntryPoint\",\"urlTemplate\":\"https:\\\/\\\/repliquemangacine.fr\\\/?s={search_term_string}\"},\"query-input\":{\"@type\":\"PropertyValueSpecification\",\"valueRequired\":true,\"valueName\":\"search_term_string\"}}],\"inLanguage\":\"it-IT\"},{\"@type\":\"Organization\",\"@id\":\"https:\\\/\\\/repliquemangacine.fr\\\/#organization\",\"name\":\"R\u00e9plique Manga Cin\u00e9\",\"url\":\"https:\\\/\\\/repliquemangacine.fr\\\/\",\"logo\":{\"@type\":\"ImageObject\",\"inLanguage\":\"it-IT\",\"@id\":\"https:\\\/\\\/repliquemangacine.fr\\\/#\\\/schema\\\/logo\\\/image\\\/\",\"url\":\"https:\\\/\\\/repliquemangacine.fr\\\/wp-content\\\/uploads\\\/2023\\\/10\\\/RMC-500250.png\",\"contentUrl\":\"https:\\\/\\\/repliquemangacine.fr\\\/wp-content\\\/uploads\\\/2023\\\/10\\\/RMC-500250.png\",\"width\":500,\"height\":250,\"caption\":\"R\u00e9plique Manga Cin\u00e9\"},\"image\":{\"@id\":\"https:\\\/\\\/repliquemangacine.fr\\\/#\\\/schema\\\/logo\\\/image\\\/\"},\"sameAs\":[\"https:\\\/\\\/www.facebook.com\\\/RepliqueMangaCine\",\"https:\\\/\\\/www.instagram.com\\\/repliquemangacine.fr\\\/\"]}]}<\/script>\n<!-- \/ Yoast SEO plugin. -->","yoast_head_json":{"title":"Zoro figura One Piece | R\u00e9plique Manga Cin\u00e9","description":"Scoprite la nostra statuetta di Zoro in One Piece, una combinazione perfetta di qualit\u00e0 e prezzo contenuto per appassionati e collezionisti.","robots":{"index":"index","follow":"follow","max-snippet":"max-snippet:-1","max-image-preview":"max-image-preview:large","max-video-preview":"max-video-preview:-1"},"canonical":"https:\/\/repliquemangacine.fr\/it\/figurine-da-collezione\/figurina-di-zoro-one-piece\/","og_locale":"it_IT","og_type":"article","og_title":"Figurine Zoro One Piece | R\u00e9plique Manga Cin\u00e9","og_description":"D\u00e9couvrez notre Figurine de Zoro dans One Piece. une combinaison parfaite de qualit\u00e9 et de prix avantageux pour les passionn\u00e9s et collectionneurs.","og_url":"https:\/\/repliquemangacine.fr\/it\/figurine-da-collezione\/figurina-di-zoro-one-piece\/","og_site_name":"R\u00e9plique Manga Cin\u00e9","article_publisher":"https:\/\/www.facebook.com\/RepliqueMangaCine","article_modified_time":"2025-11-19T14:27:20+00:00","og_image":[{"width":500,"height":500,"url":"https:\/\/repliquemangacine.fr\/wp-content\/uploads\/2023\/11\/figurine-zoro-sur-socle.jpg","type":"image\/jpeg"}],"twitter_card":"summary_large_image","twitter_misc":{"Tempo di lettura stimato":"3 minuti"},"schema":{"@context":"https:\/\/schema.org","@graph":[{"@type":"WebPage","@id":"https:\/\/repliquemangacine.fr\/figurines-collector\/figurine-zoro-one-piece\/","url":"https:\/\/repliquemangacine.fr\/figurines-collector\/figurine-zoro-one-piece\/","name":"Zoro figura One Piece | R\u00e9plique Manga Cin\u00e9","isPartOf":{"@id":"https:\/\/repliquemangacine.fr\/#website"},"primaryImageOfPage":{"@id":"https:\/\/repliquemangacine.fr\/figurines-collector\/figurine-zoro-one-piece\/#primaryimage"},"image":{"@id":"https:\/\/repliquemangacine.fr\/figurines-collector\/figurine-zoro-one-piece\/#primaryimage"},"thumbnailUrl":"https:\/\/repliquemangacine.fr\/wp-content\/uploads\/2023\/11\/figurine-zoro-sur-socle.jpg","datePublished":"2025-11-19T14:23:42+00:00","dateModified":"2025-11-19T14:27:20+00:00","description":"Scoprite la nostra statuetta di Zoro in One Piece, una combinazione perfetta di qualit\u00e0 e prezzo contenuto per appassionati e collezionisti.","breadcrumb":{"@id":"https:\/\/repliquemangacine.fr\/figurines-collector\/figurine-zoro-one-piece\/#breadcrumb"},"inLanguage":"it-IT","potentialAction":[{"@type":"ReadAction","target":["https:\/\/repliquemangacine.fr\/figurines-collector\/figurine-zoro-one-piece\/"]}]},{"@type":"ImageObject","inLanguage":"it-IT","@id":"https:\/\/repliquemangacine.fr\/figurines-collector\/figurine-zoro-one-piece\/#primaryimage","url":"https:\/\/repliquemangacine.fr\/wp-content\/uploads\/2023\/11\/figurine-zoro-sur-socle.jpg","contentUrl":"https:\/\/repliquemangacine.fr\/wp-content\/uploads\/2023\/11\/figurine-zoro-sur-socle.jpg","width":500,"height":500,"caption":"Figurine Zoro One Piece avec son socle"},{"@type":"BreadcrumbList","@id":"https:\/\/repliquemangacine.fr\/figurines-collector\/figurine-zoro-one-piece\/#breadcrumb","itemListElement":[{"@type":"ListItem","position":1,"name":"Accueil","item":"https:\/\/repliquemangacine.fr\/"},{"@type":"ListItem","position":2,"name":"Produits","item":"https:\/\/repliquemangacine.fr\/boutique\/"},{"@type":"ListItem","position":3,"name":"Figurine Zoro One Piece"}]},{"@type":"WebSite","@id":"https:\/\/repliquemangacine.fr\/#website","url":"https:\/\/repliquemangacine.fr\/","name":"R\u00e9plique Manga Cin\u00e9","description":"","publisher":{"@id":"https:\/\/repliquemangacine.fr\/#organization"},"potentialAction":[{"@type":"SearchAction","target":{"@type":"EntryPoint","urlTemplate":"https:\/\/repliquemangacine.fr\/?s={search_term_string}"},"query-input":{"@type":"PropertyValueSpecification","valueRequired":true,"valueName":"search_term_string"}}],"inLanguage":"it-IT"},{"@type":"Organization","@id":"https:\/\/repliquemangacine.fr\/#organization","name":"R\u00e9plique Manga Cin\u00e9","url":"https:\/\/repliquemangacine.fr\/","logo":{"@type":"ImageObject","inLanguage":"it-IT","@id":"https:\/\/repliquemangacine.fr\/#\/schema\/logo\/image\/","url":"https:\/\/repliquemangacine.fr\/wp-content\/uploads\/2023\/10\/RMC-500250.png","contentUrl":"https:\/\/repliquemangacine.fr\/wp-content\/uploads\/2023\/10\/RMC-500250.png","width":500,"height":250,"caption":"R\u00e9plique Manga Cin\u00e9"},"image":{"@id":"https:\/\/repliquemangacine.fr\/#\/schema\/logo\/image\/"},"sameAs":["https:\/\/www.facebook.com\/RepliqueMangaCine","https:\/\/www.instagram.com\/repliquemangacine.fr\/"]}]}},"_links":{"self":[{"href":"https:\/\/repliquemangacine.fr\/it\/wp-json\/wp\/v2\/product\/64658","targetHints":{"allow":["GET"]}}],"collection":[{"href":"https:\/\/repliquemangacine.fr\/it\/wp-json\/wp\/v2\/product"}],"about":[{"href":"https:\/\/repliquemangacine.fr\/it\/wp-json\/wp\/v2\/types\/product"}],"wp:featuredmedia":[{"embeddable":true,"href":"https:\/\/repliquemangacine.fr\/it\/wp-json\/wp\/v2\/media\/64660"}],"wp:attachment":[{"href":"https:\/\/repliquemangacine.fr\/it\/wp-json\/wp\/v2\/media?parent=64658"}],"wp:term":[{"taxonomy":"product_brand","embeddable":true,"href":"https:\/\/repliquemangacine.fr\/it\/wp-json\/wp\/v2\/product_brand?post=64658"},{"taxonomy":"product_cat","embeddable":true,"href":"https:\/\/repliquemangacine.fr\/it\/wp-json\/wp\/v2\/product_cat?post=64658"},{"taxonomy":"product_tag","embeddable":true,"href":"https:\/\/repliquemangacine.fr\/it\/wp-json\/wp\/v2\/product_tag?post=64658"}],"curies":[{"name":"wp","href":"https:\/\/api.w.org\/{rel}","templated":true}]}}