





{"id":63737,"date":"2021-03-18T13:45:29","date_gmt":"2021-03-18T12:45:29","guid":{"rendered":"https:\/\/repliquemangacine.fr\/?post_type=product&#038;p=63737"},"modified":"2025-12-15T09:45:54","modified_gmt":"2025-12-15T08:45:54","slug":"il-bastone-della-squadra-suicida-del-joker","status":"publish","type":"product","link":"https:\/\/repliquemangacine.fr\/it\/super-heros-marvel\/la-canne-de-joker-suicide-squad\/","title":{"rendered":"Bastone da joker di Suicide Squad"},"content":{"rendered":"<h2>Il bastone da passeggio di Joker in Suicide Squad DC.<\/h2>\n<p>Per cominciare, il bastone di Joker di Suicide Squad \u00e8 concesso in licenza ufficiale dai fumetti Suicide Squad DC distribuiti da The <a href=\"https:\/\/noblecollection.fr\/canne-joker-suicide-squad-comics-p-5543.html\" target=\"_blank\" rel=\"noopener noreferrer\">Collezione Nobile<\/a>.<\/p>\n<p>Nemesi di Batman, Joker \u00e8 senza dubbio il suo pi\u00f9 grande nemico. Ingegnoso virtuoso del crimine, la sua follia non conosce limiti. Per completare il suo abbigliamento da dandy, Joker non si separa mai dal suo bastone da passeggio, che fa parte del suo abbigliamento da gangster.<\/p>\n<p>I suoi primi crimini sono sfide quasi insormontabili per Batman. La tecnica \u00e8 sempre la stessa: Joker annuncia che uccider\u00e0 una persona specifica in un momento specifico.<\/p>\n<p>Naturalmente, la polizia e Batman si assumono il compito di proteggere la futura vittima, ma senza successo. Perch\u00e9 Joker \u00e8 sempre un passo avanti.<\/p>\n<p>Batman alla fine lo ha fermato, ma non senza lasciarsi dietro molte vittime ogni volta.<\/p>\n<h2>Il tuo bastone Joker Suicide Squad al miglior prezzo.<\/h2>\n<p>Vi offriamo tutte le repliche da collezione dei vostri supereroi preferiti.<\/p>\n<p>Innanzitutto,<\/p>\n<ul>\n<li>La <a href=\"https:\/\/repliquemangacine.fr\/it\/supereroi\/mazza-da-baseball-harley-quinn\/\">La mazza da baseball di Harley Quinn<\/a> tutti in legno con scritte come \"Good Night\".<\/li>\n<li>C'\u00e8 anche il<a href=\"https:\/\/repliquemangacine.fr\/it\/supereroi\/reattore-ad-arco-mk1-reattore-cuore-uomo-di-ferro\/\">Reattore ad arco<\/a> di Iron Man, in alluminio luminoso.<\/li>\n<li>Oltre al magnifico <a href=\"https:\/\/repliquemangacine.fr\/it\/supereroi\/scudo-di-capitan-america-versione-lusso\/\">Lo scudo di Capitan America<\/a> tutto acciaio.<\/li>\n<li>E molto altro ancora da scoprire nel nostro negozio online!<\/li>\n<\/ul>\n<p>Ecco un'ottima idea regalo per i fan di Batman e Suicide Squad.<\/p>\n<p>In conclusione, \u00e8 possibile utilizzare questo bastone di Joker di Suicide Squad nelle sfilate di cosplay o nelle feste a tema. Ma soprattutto \u00e8 un oggetto da collezione.<\/p>\n<h2>Come vengono prodotti i nostri prodotti Marvel?<\/h2>\n<p>Per cominciare, tutti i nostri prodotti derivati sono di altissima qualit\u00e0, realizzati con una meticolosa attenzione ai dettagli. Alcuni di essi sono realizzati a mano, per riprodurre i minimi dettagli. Le parti pi\u00f9 importanti sono lavorate con macchine molto precise. Le incisioni sono generalmente realizzate con una punta di diamante o con il laser.<\/p>\n<p>Il bastone di Joker di Suicide Squad \u00e8 stato realizzato per riprodurre esattamente ogni dettaglio. Il manico \u00e8 pressofuso e intarsiato con strass. Alta qualit\u00e0. Grande eleganza.<\/p>\n<p>In conclusione, importate dalla Cina o dalla Spagna, le nostre repliche vi stupiranno!<\/p>\n<p>R\u00e9plique Manga Cin\u00e9 \u00e8 un'azienda familiare francese.<\/p>","protected":false},"excerpt":{"rendered":"<p>Replica ufficiale del bastone da passeggio di Joker\u2122 nel film Suicid Squad\u2122.<\/p>\n<ul>\n<li>Canna viola.<\/li>\n<li>Punta in gomma all'estremit\u00e0 del bastone.<\/li>\n<li>Manico pressofuso intarsiato con strass.<\/li>\n<li>Scatola con i colori del film.<\/li>\n<li>Con licenza ufficiale<\/li>\n<li>Lunghezza totale: 96 cm Peso totale: 776 grammi<\/li>\n<\/ul>","protected":false},"featured_media":63738,"template":"","meta":[],"product_brand":[896],"product_cat":[24,59],"product_tag":[],"class_list":{"0":"post-63737","1":"product","2":"type-product","3":"status-publish","4":"has-post-thumbnail","6":"product_brand-replique-manga-cine","7":"product_cat-films-series-tv-vente-de-katana-epee-et-produits-derives","8":"product_cat-super-heros-marvel","10":"first","11":"instock","12":"taxable","13":"shipping-taxable","14":"purchasable","15":"product-type-simple"},"yoast_head":"<!-- This site is optimized with the Yoast SEO plugin v27.4 - https:\/\/yoast.com\/product\/yoast-seo-wordpress\/ -->\n<title>Canne de Joker Suicide Squad- DC Comics - R\u00e9plique Manga Cin\u00e9<\/title>\n<meta name=\"description\" content=\"Offrez-vous la Canne du Joker Suicide Squad, au meilleur prix. Tout en m\u00e9tal - Strass incrust\u00e9s sur la poign\u00e9e - Licence officielle Suicide Squad - 96 cm\" \/>\n<meta name=\"robots\" content=\"index, follow, max-snippet:-1, max-image-preview:large, max-video-preview:-1\" \/>\n<link rel=\"canonical\" href=\"https:\/\/repliquemangacine.fr\/it\/supereroi-marvel\/il-bastone-della-squadra-suicida-del-joker\/\" \/>\n<meta property=\"og:locale\" content=\"it_IT\" \/>\n<meta property=\"og:type\" content=\"article\" \/>\n<meta property=\"og:title\" content=\"Canne de Joker Suicide Squad- DC Comics - R\u00e9plique Manga Cin\u00e9\" \/>\n<meta property=\"og:description\" content=\"Offrez-vous la Canne du Joker Suicide Squad, au meilleur prix. Tout en m\u00e9tal - Strass incrust\u00e9s sur la poign\u00e9e - Licence officielle Suicide Squad - 96 cm\" \/>\n<meta property=\"og:url\" content=\"https:\/\/repliquemangacine.fr\/it\/supereroi-marvel\/il-bastone-della-squadra-suicida-del-joker\/\" \/>\n<meta property=\"og:site_name\" content=\"R\u00e9plique Manga Cin\u00e9\" \/>\n<meta property=\"article:publisher\" content=\"https:\/\/www.facebook.com\/RepliqueMangaCine\" \/>\n<meta property=\"article:modified_time\" content=\"2025-12-15T08:45:54+00:00\" \/>\n<meta property=\"og:image\" content=\"https:\/\/repliquemangacine.fr\/wp-content\/uploads\/2023\/10\/4010-Canne-de-marche-joker.jpg\" \/>\n\t<meta property=\"og:image:width\" content=\"800\" \/>\n\t<meta property=\"og:image:height\" content=\"800\" \/>\n\t<meta property=\"og:image:type\" content=\"image\/jpeg\" \/>\n<meta name=\"twitter:card\" content=\"summary_large_image\" \/>\n<meta name=\"twitter:label1\" content=\"Tempo di lettura stimato\" \/>\n\t<meta name=\"twitter:data1\" content=\"1 minuto\" \/>\n<script type=\"application\/ld+json\" class=\"yoast-schema-graph\">{\"@context\":\"https:\\\/\\\/schema.org\",\"@graph\":[{\"@type\":\"WebPage\",\"@id\":\"https:\\\/\\\/repliquemangacine.fr\\\/super-heros-marvel\\\/la-canne-de-joker-suicide-squad\\\/\",\"url\":\"https:\\\/\\\/repliquemangacine.fr\\\/super-heros-marvel\\\/la-canne-de-joker-suicide-squad\\\/\",\"name\":\"Canne de Joker Suicide Squad- DC Comics - R\u00e9plique Manga Cin\u00e9\",\"isPartOf\":{\"@id\":\"https:\\\/\\\/repliquemangacine.fr\\\/#website\"},\"primaryImageOfPage\":{\"@id\":\"https:\\\/\\\/repliquemangacine.fr\\\/super-heros-marvel\\\/la-canne-de-joker-suicide-squad\\\/#primaryimage\"},\"image\":{\"@id\":\"https:\\\/\\\/repliquemangacine.fr\\\/super-heros-marvel\\\/la-canne-de-joker-suicide-squad\\\/#primaryimage\"},\"thumbnailUrl\":\"https:\\\/\\\/repliquemangacine.fr\\\/wp-content\\\/uploads\\\/2023\\\/10\\\/4010-Canne-de-marche-joker.jpg\",\"datePublished\":\"2021-03-18T12:45:29+00:00\",\"dateModified\":\"2025-12-15T08:45:54+00:00\",\"description\":\"Offrez-vous la Canne du Joker Suicide Squad, au meilleur prix. Tout en m\u00e9tal - Strass incrust\u00e9s sur la poign\u00e9e - Licence officielle Suicide Squad - 96 cm\",\"breadcrumb\":{\"@id\":\"https:\\\/\\\/repliquemangacine.fr\\\/super-heros-marvel\\\/la-canne-de-joker-suicide-squad\\\/#breadcrumb\"},\"inLanguage\":\"it-IT\",\"potentialAction\":[{\"@type\":\"ReadAction\",\"target\":[\"https:\\\/\\\/repliquemangacine.fr\\\/super-heros-marvel\\\/la-canne-de-joker-suicide-squad\\\/\"]}]},{\"@type\":\"ImageObject\",\"inLanguage\":\"it-IT\",\"@id\":\"https:\\\/\\\/repliquemangacine.fr\\\/super-heros-marvel\\\/la-canne-de-joker-suicide-squad\\\/#primaryimage\",\"url\":\"https:\\\/\\\/repliquemangacine.fr\\\/wp-content\\\/uploads\\\/2023\\\/10\\\/4010-Canne-de-marche-joker.jpg\",\"contentUrl\":\"https:\\\/\\\/repliquemangacine.fr\\\/wp-content\\\/uploads\\\/2023\\\/10\\\/4010-Canne-de-marche-joker.jpg\",\"width\":800,\"height\":800,\"caption\":\"Canne de marche joker\"},{\"@type\":\"BreadcrumbList\",\"@id\":\"https:\\\/\\\/repliquemangacine.fr\\\/super-heros-marvel\\\/la-canne-de-joker-suicide-squad\\\/#breadcrumb\",\"itemListElement\":[{\"@type\":\"ListItem\",\"position\":1,\"name\":\"Accueil\",\"item\":\"https:\\\/\\\/repliquemangacine.fr\\\/\"},{\"@type\":\"ListItem\",\"position\":2,\"name\":\"Produits\",\"item\":\"https:\\\/\\\/repliquemangacine.fr\\\/boutique\\\/\"},{\"@type\":\"ListItem\",\"position\":3,\"name\":\"Canne joker Suicide Squad\"}]},{\"@type\":\"WebSite\",\"@id\":\"https:\\\/\\\/repliquemangacine.fr\\\/#website\",\"url\":\"https:\\\/\\\/repliquemangacine.fr\\\/\",\"name\":\"R\u00e9plique Manga Cin\u00e9\",\"description\":\"\",\"publisher\":{\"@id\":\"https:\\\/\\\/repliquemangacine.fr\\\/#organization\"},\"potentialAction\":[{\"@type\":\"SearchAction\",\"target\":{\"@type\":\"EntryPoint\",\"urlTemplate\":\"https:\\\/\\\/repliquemangacine.fr\\\/?s={search_term_string}\"},\"query-input\":{\"@type\":\"PropertyValueSpecification\",\"valueRequired\":true,\"valueName\":\"search_term_string\"}}],\"inLanguage\":\"it-IT\"},{\"@type\":\"Organization\",\"@id\":\"https:\\\/\\\/repliquemangacine.fr\\\/#organization\",\"name\":\"R\u00e9plique Manga Cin\u00e9\",\"url\":\"https:\\\/\\\/repliquemangacine.fr\\\/\",\"logo\":{\"@type\":\"ImageObject\",\"inLanguage\":\"it-IT\",\"@id\":\"https:\\\/\\\/repliquemangacine.fr\\\/#\\\/schema\\\/logo\\\/image\\\/\",\"url\":\"https:\\\/\\\/repliquemangacine.fr\\\/wp-content\\\/uploads\\\/2023\\\/10\\\/RMC-500250.png\",\"contentUrl\":\"https:\\\/\\\/repliquemangacine.fr\\\/wp-content\\\/uploads\\\/2023\\\/10\\\/RMC-500250.png\",\"width\":500,\"height\":250,\"caption\":\"R\u00e9plique Manga Cin\u00e9\"},\"image\":{\"@id\":\"https:\\\/\\\/repliquemangacine.fr\\\/#\\\/schema\\\/logo\\\/image\\\/\"},\"sameAs\":[\"https:\\\/\\\/www.facebook.com\\\/RepliqueMangaCine\",\"https:\\\/\\\/www.instagram.com\\\/repliquemangacine.fr\\\/\"]}]}<\/script>\n<!-- \/ Yoast SEO plugin. -->","yoast_head_json":{"title":"Bastone Joker della Squadra Suicida - DC Comics - R\u00e9plique Manga Cin\u00e9","description":"Regalati la canna Joker di Suicide Squad, al miglior prezzo. Tutto in metallo - Strass intarsiati sul manico - Licenza ufficiale Suicide Squad - 96 cm","robots":{"index":"index","follow":"follow","max-snippet":"max-snippet:-1","max-image-preview":"max-image-preview:large","max-video-preview":"max-video-preview:-1"},"canonical":"https:\/\/repliquemangacine.fr\/it\/supereroi-marvel\/il-bastone-della-squadra-suicida-del-joker\/","og_locale":"it_IT","og_type":"article","og_title":"Canne de Joker Suicide Squad- DC Comics - R\u00e9plique Manga Cin\u00e9","og_description":"Offrez-vous la Canne du Joker Suicide Squad, au meilleur prix. Tout en m\u00e9tal - Strass incrust\u00e9s sur la poign\u00e9e - Licence officielle Suicide Squad - 96 cm","og_url":"https:\/\/repliquemangacine.fr\/it\/supereroi-marvel\/il-bastone-della-squadra-suicida-del-joker\/","og_site_name":"R\u00e9plique Manga Cin\u00e9","article_publisher":"https:\/\/www.facebook.com\/RepliqueMangaCine","article_modified_time":"2025-12-15T08:45:54+00:00","og_image":[{"width":800,"height":800,"url":"https:\/\/repliquemangacine.fr\/wp-content\/uploads\/2023\/10\/4010-Canne-de-marche-joker.jpg","type":"image\/jpeg"}],"twitter_card":"summary_large_image","twitter_misc":{"Tempo di lettura stimato":"1 minuto"},"schema":{"@context":"https:\/\/schema.org","@graph":[{"@type":"WebPage","@id":"https:\/\/repliquemangacine.fr\/super-heros-marvel\/la-canne-de-joker-suicide-squad\/","url":"https:\/\/repliquemangacine.fr\/super-heros-marvel\/la-canne-de-joker-suicide-squad\/","name":"Bastone Joker della Squadra Suicida - DC Comics - R\u00e9plique Manga Cin\u00e9","isPartOf":{"@id":"https:\/\/repliquemangacine.fr\/#website"},"primaryImageOfPage":{"@id":"https:\/\/repliquemangacine.fr\/super-heros-marvel\/la-canne-de-joker-suicide-squad\/#primaryimage"},"image":{"@id":"https:\/\/repliquemangacine.fr\/super-heros-marvel\/la-canne-de-joker-suicide-squad\/#primaryimage"},"thumbnailUrl":"https:\/\/repliquemangacine.fr\/wp-content\/uploads\/2023\/10\/4010-Canne-de-marche-joker.jpg","datePublished":"2021-03-18T12:45:29+00:00","dateModified":"2025-12-15T08:45:54+00:00","description":"Regalati la canna Joker di Suicide Squad, al miglior prezzo. Tutto in metallo - Strass intarsiati sul manico - Licenza ufficiale Suicide Squad - 96 cm","breadcrumb":{"@id":"https:\/\/repliquemangacine.fr\/super-heros-marvel\/la-canne-de-joker-suicide-squad\/#breadcrumb"},"inLanguage":"it-IT","potentialAction":[{"@type":"ReadAction","target":["https:\/\/repliquemangacine.fr\/super-heros-marvel\/la-canne-de-joker-suicide-squad\/"]}]},{"@type":"ImageObject","inLanguage":"it-IT","@id":"https:\/\/repliquemangacine.fr\/super-heros-marvel\/la-canne-de-joker-suicide-squad\/#primaryimage","url":"https:\/\/repliquemangacine.fr\/wp-content\/uploads\/2023\/10\/4010-Canne-de-marche-joker.jpg","contentUrl":"https:\/\/repliquemangacine.fr\/wp-content\/uploads\/2023\/10\/4010-Canne-de-marche-joker.jpg","width":800,"height":800,"caption":"Canne de marche joker"},{"@type":"BreadcrumbList","@id":"https:\/\/repliquemangacine.fr\/super-heros-marvel\/la-canne-de-joker-suicide-squad\/#breadcrumb","itemListElement":[{"@type":"ListItem","position":1,"name":"Accueil","item":"https:\/\/repliquemangacine.fr\/"},{"@type":"ListItem","position":2,"name":"Produits","item":"https:\/\/repliquemangacine.fr\/boutique\/"},{"@type":"ListItem","position":3,"name":"Canne joker Suicide Squad"}]},{"@type":"WebSite","@id":"https:\/\/repliquemangacine.fr\/#website","url":"https:\/\/repliquemangacine.fr\/","name":"R\u00e9plique Manga Cin\u00e9","description":"","publisher":{"@id":"https:\/\/repliquemangacine.fr\/#organization"},"potentialAction":[{"@type":"SearchAction","target":{"@type":"EntryPoint","urlTemplate":"https:\/\/repliquemangacine.fr\/?s={search_term_string}"},"query-input":{"@type":"PropertyValueSpecification","valueRequired":true,"valueName":"search_term_string"}}],"inLanguage":"it-IT"},{"@type":"Organization","@id":"https:\/\/repliquemangacine.fr\/#organization","name":"R\u00e9plique Manga Cin\u00e9","url":"https:\/\/repliquemangacine.fr\/","logo":{"@type":"ImageObject","inLanguage":"it-IT","@id":"https:\/\/repliquemangacine.fr\/#\/schema\/logo\/image\/","url":"https:\/\/repliquemangacine.fr\/wp-content\/uploads\/2023\/10\/RMC-500250.png","contentUrl":"https:\/\/repliquemangacine.fr\/wp-content\/uploads\/2023\/10\/RMC-500250.png","width":500,"height":250,"caption":"R\u00e9plique Manga Cin\u00e9"},"image":{"@id":"https:\/\/repliquemangacine.fr\/#\/schema\/logo\/image\/"},"sameAs":["https:\/\/www.facebook.com\/RepliqueMangaCine","https:\/\/www.instagram.com\/repliquemangacine.fr\/"]}]}},"_links":{"self":[{"href":"https:\/\/repliquemangacine.fr\/it\/wp-json\/wp\/v2\/product\/63737","targetHints":{"allow":["GET"]}}],"collection":[{"href":"https:\/\/repliquemangacine.fr\/it\/wp-json\/wp\/v2\/product"}],"about":[{"href":"https:\/\/repliquemangacine.fr\/it\/wp-json\/wp\/v2\/types\/product"}],"wp:featuredmedia":[{"embeddable":true,"href":"https:\/\/repliquemangacine.fr\/it\/wp-json\/wp\/v2\/media\/63738"}],"wp:attachment":[{"href":"https:\/\/repliquemangacine.fr\/it\/wp-json\/wp\/v2\/media?parent=63737"}],"wp:term":[{"taxonomy":"product_brand","embeddable":true,"href":"https:\/\/repliquemangacine.fr\/it\/wp-json\/wp\/v2\/product_brand?post=63737"},{"taxonomy":"product_cat","embeddable":true,"href":"https:\/\/repliquemangacine.fr\/it\/wp-json\/wp\/v2\/product_cat?post=63737"},{"taxonomy":"product_tag","embeddable":true,"href":"https:\/\/repliquemangacine.fr\/it\/wp-json\/wp\/v2\/product_tag?post=63737"}],"curies":[{"name":"wp","href":"https:\/\/api.w.org\/{rel}","templated":true}]}}