





{"id":63711,"date":"2018-12-11T18:24:25","date_gmt":"2018-12-11T17:24:25","guid":{"rendered":"https:\/\/repliquemangacine.fr\/?post_type=product&#038;p=63711"},"modified":"2025-09-23T18:03:11","modified_gmt":"2025-09-23T16:03:11","slug":"manufatti-di-harry-potter-da-collezione-nobile-scatola-da-collezione","status":"publish","type":"product","link":"https:\/\/repliquemangacine.fr\/it\/collectors-et-goodies-harry-potter\/boite-artefacts-harry-potter-collector-noble-collection\/","title":{"rendered":"Artefatto Harry Potter Collezionista Nobile collezione"},"content":{"rendered":"<h2>Scatola dei manufatti di Harry Potter.<\/h2>\n<p>Per cominciare, il <strong>Scatola dei manufatti di Harry Potter<\/strong> riunisce gli oggetti che fanno riferimento ad esso. Con licenza ufficiale <a href=\"https:\/\/noblecollection.fr\/boite-artefacts-harry-potter-p-701.html\" target=\"_blank\" rel=\"noopener noreferrer\">Collezione Nobile<\/a>.<\/p>\n<p>Harry Potter \u00e8 il figlio di James Potter e Lily Evans. \u00c8 anche l'unico essere umano noto ad essere sopravvissuto all'incantesimo di morte di Voldemort. Il tentato omicidio gli ha lasciato una cicatrice a forma di saetta sulla fronte.<\/p>\n<p>Durante l'anno, Harry scopre la Pietra Filosofale di Nicolas Flamel, che pu\u00f2 dare vita eterna al suo proprietario. Alla fine dell'anno, insieme a Ron e Hermione, recupera la pietra prima che Voldemort possa prenderla.<\/p>\n<p>Le loro avventure portano alla Battaglia di Hogwarts e al compimento della profezia.<\/p>\n<h2>Il vostro oggetto da collezione di Harry Potter al miglior prezzo.<\/h2>\n<h3>Offriamo un'ampia gamma di articoli di Harry Potter.<\/h3>\n<p>Prima di tutto, naturalmente, ci sono le bacchette dei suoi amici, ma anche quelle di:<\/p>\n<ul>\n<li>La bacchetta magica del suo padrino <a href=\"https:\/\/repliquemangacine.fr\/it\/bacchette-per-personaggi\/sirius-nero-asta-con-anima-in-metallo-di-alta-qualita\/\">Sirius Black<\/a>.<\/li>\n<li>Cos\u00ec come il <a href=\"https:\/\/repliquemangacine.fr\/it\/bacchette-per-personaggi\/bacchetta-di-albus-silente-anima-in-metallo-di-alta-qualita\/\">La bacchetta di Albus Silente<\/a> il suo padrone.<\/li>\n<li>E molti altri da scoprire nel nostro negozio online!<br \/>\nNaturalmente, su richiesta, disponiamo anche di tutte le bacchette ufficiali della Noble Collection.<\/li>\n<\/ul>\n<p>Ecco un'ottima idea regalo per tutti i fan di Harry Potter<\/p>\n<p>In conclusione, \u00e8 possibile utilizzare questo <strong>Scatola dei manufatti di Harry Potter<\/strong> per i vostri cosplay o feste a tema. Ma soprattutto, \u00e8 un oggetto da collezione e una decorazione.<\/p>\n<p>R\u00e9plique Manga Cin\u00e9 \u00e8 un'azienda familiare francese.<\/p>\n<p>&nbsp;<\/p>","protected":false},"excerpt":{"rendered":"<p>La scatola dei manufatti di Harry Potter contiene :<\/p>\n<ul>\n<li>Lettera di candidatura a Hogwarts.<\/li>\n<li>L'esatto avviso di ricerca per Sirius Black.<\/li>\n<li>Un biglietto per la Coppa del Mondo di Quidditch.<\/li>\n<li>La lettera di sua madre Lily Potter a Sirius Black.<\/li>\n<li>L'etichetta del bagaglio dell'Hogwarts Express.<\/li>\n<li>L'elenco delle firme dell'Esercito di Silente e una foto.<\/li>\n<li>Dimensioni della scatola 21 cm x 28 cm x 3,5 cm<\/li>\n<\/ul>","protected":false},"featured_media":63712,"template":"","meta":[],"product_brand":[896],"product_cat":[87,24,41],"product_tag":[],"class_list":{"0":"post-63711","1":"product","2":"type-product","3":"status-publish","4":"has-post-thumbnail","6":"product_brand-replique-manga-cine","7":"product_cat-collectors-et-goodies-harry-potter","8":"product_cat-films-series-tv-vente-de-katana-epee-et-produits-derives","9":"product_cat-baguettes-et-goodies-harry-potter","11":"first","12":"instock","13":"taxable","14":"shipping-taxable","15":"purchasable","16":"product-type-simple"},"yoast_head":"<!-- This site is optimized with the Yoast SEO plugin v27.4 - https:\/\/yoast.com\/product\/yoast-seo-wordpress\/ -->\n<title>Boite Artefacts Harry Potter - Boutique en ligne - RMC<\/title>\n<meta name=\"description\" content=\"Offrez-lui ! Cette Boite Artefacts Harry Potter au meilleur prix. Objets Collector - Sous licence Officielle - The Noble Collection - Envoi 24\/48h\" \/>\n<meta name=\"robots\" content=\"index, follow, max-snippet:-1, max-image-preview:large, max-video-preview:-1\" \/>\n<link rel=\"canonical\" href=\"https:\/\/repliquemangacine.fr\/it\/collezionisti-di-harry-potter-e-chicche\/manufatti-di-harry-potter-da-collezione-nobile-scatola-da-collezione\/\" \/>\n<meta property=\"og:locale\" content=\"it_IT\" \/>\n<meta property=\"og:type\" content=\"article\" \/>\n<meta property=\"og:title\" content=\"Boite Artefacts Harry Potter - Boutique en ligne - RMC\" \/>\n<meta property=\"og:description\" content=\"Offrez-lui ! Cette Boite Artefacts Harry Potter au meilleur prix. Objets Collector - Sous licence Officielle - The Noble Collection - Envoi 24\/48h\" \/>\n<meta property=\"og:url\" content=\"https:\/\/repliquemangacine.fr\/it\/collezionisti-di-harry-potter-e-chicche\/manufatti-di-harry-potter-da-collezione-nobile-scatola-da-collezione\/\" \/>\n<meta property=\"og:site_name\" content=\"R\u00e9plique Manga Cin\u00e9\" \/>\n<meta property=\"article:publisher\" content=\"https:\/\/www.facebook.com\/RepliqueMangaCine\" \/>\n<meta property=\"article:modified_time\" content=\"2025-09-23T16:03:11+00:00\" \/>\n<meta property=\"og:image\" content=\"https:\/\/repliquemangacine.fr\/wp-content\/uploads\/2023\/10\/2689-Boite-Artefact-Harry-Potter-collector.jpg\" \/>\n\t<meta property=\"og:image:width\" content=\"900\" \/>\n\t<meta property=\"og:image:height\" content=\"900\" \/>\n\t<meta property=\"og:image:type\" content=\"image\/jpeg\" \/>\n<meta name=\"twitter:card\" content=\"summary_large_image\" \/>\n<meta name=\"twitter:label1\" content=\"Tempo di lettura stimato\" \/>\n\t<meta name=\"twitter:data1\" content=\"1 minuto\" \/>\n<script type=\"application\/ld+json\" class=\"yoast-schema-graph\">{\"@context\":\"https:\\\/\\\/schema.org\",\"@graph\":[{\"@type\":\"WebPage\",\"@id\":\"https:\\\/\\\/repliquemangacine.fr\\\/collectors-et-goodies-harry-potter\\\/boite-artefacts-harry-potter-collector-noble-collection\\\/\",\"url\":\"https:\\\/\\\/repliquemangacine.fr\\\/collectors-et-goodies-harry-potter\\\/boite-artefacts-harry-potter-collector-noble-collection\\\/\",\"name\":\"Boite Artefacts Harry Potter - Boutique en ligne - RMC\",\"isPartOf\":{\"@id\":\"https:\\\/\\\/repliquemangacine.fr\\\/#website\"},\"primaryImageOfPage\":{\"@id\":\"https:\\\/\\\/repliquemangacine.fr\\\/collectors-et-goodies-harry-potter\\\/boite-artefacts-harry-potter-collector-noble-collection\\\/#primaryimage\"},\"image\":{\"@id\":\"https:\\\/\\\/repliquemangacine.fr\\\/collectors-et-goodies-harry-potter\\\/boite-artefacts-harry-potter-collector-noble-collection\\\/#primaryimage\"},\"thumbnailUrl\":\"https:\\\/\\\/repliquemangacine.fr\\\/wp-content\\\/uploads\\\/2023\\\/10\\\/2689-Boite-Artefact-Harry-Potter-collector.jpg\",\"datePublished\":\"2018-12-11T17:24:25+00:00\",\"dateModified\":\"2025-09-23T16:03:11+00:00\",\"description\":\"Offrez-lui ! Cette Boite Artefacts Harry Potter au meilleur prix. Objets Collector - Sous licence Officielle - The Noble Collection - Envoi 24\\\/48h\",\"breadcrumb\":{\"@id\":\"https:\\\/\\\/repliquemangacine.fr\\\/collectors-et-goodies-harry-potter\\\/boite-artefacts-harry-potter-collector-noble-collection\\\/#breadcrumb\"},\"inLanguage\":\"it-IT\",\"potentialAction\":[{\"@type\":\"ReadAction\",\"target\":[\"https:\\\/\\\/repliquemangacine.fr\\\/collectors-et-goodies-harry-potter\\\/boite-artefacts-harry-potter-collector-noble-collection\\\/\"]}]},{\"@type\":\"ImageObject\",\"inLanguage\":\"it-IT\",\"@id\":\"https:\\\/\\\/repliquemangacine.fr\\\/collectors-et-goodies-harry-potter\\\/boite-artefacts-harry-potter-collector-noble-collection\\\/#primaryimage\",\"url\":\"https:\\\/\\\/repliquemangacine.fr\\\/wp-content\\\/uploads\\\/2023\\\/10\\\/2689-Boite-Artefact-Harry-Potter-collector.jpg\",\"contentUrl\":\"https:\\\/\\\/repliquemangacine.fr\\\/wp-content\\\/uploads\\\/2023\\\/10\\\/2689-Boite-Artefact-Harry-Potter-collector.jpg\",\"width\":900,\"height\":900,\"caption\":\"Boite Artefact Harry Potter collector\"},{\"@type\":\"BreadcrumbList\",\"@id\":\"https:\\\/\\\/repliquemangacine.fr\\\/collectors-et-goodies-harry-potter\\\/boite-artefacts-harry-potter-collector-noble-collection\\\/#breadcrumb\",\"itemListElement\":[{\"@type\":\"ListItem\",\"position\":1,\"name\":\"Accueil\",\"item\":\"https:\\\/\\\/repliquemangacine.fr\\\/\"},{\"@type\":\"ListItem\",\"position\":2,\"name\":\"Produits\",\"item\":\"https:\\\/\\\/repliquemangacine.fr\\\/boutique\\\/\"},{\"@type\":\"ListItem\",\"position\":3,\"name\":\"Artefact Harry Potter Collector Noble collection\"}]},{\"@type\":\"WebSite\",\"@id\":\"https:\\\/\\\/repliquemangacine.fr\\\/#website\",\"url\":\"https:\\\/\\\/repliquemangacine.fr\\\/\",\"name\":\"R\u00e9plique Manga Cin\u00e9\",\"description\":\"\",\"publisher\":{\"@id\":\"https:\\\/\\\/repliquemangacine.fr\\\/#organization\"},\"potentialAction\":[{\"@type\":\"SearchAction\",\"target\":{\"@type\":\"EntryPoint\",\"urlTemplate\":\"https:\\\/\\\/repliquemangacine.fr\\\/?s={search_term_string}\"},\"query-input\":{\"@type\":\"PropertyValueSpecification\",\"valueRequired\":true,\"valueName\":\"search_term_string\"}}],\"inLanguage\":\"it-IT\"},{\"@type\":\"Organization\",\"@id\":\"https:\\\/\\\/repliquemangacine.fr\\\/#organization\",\"name\":\"R\u00e9plique Manga Cin\u00e9\",\"url\":\"https:\\\/\\\/repliquemangacine.fr\\\/\",\"logo\":{\"@type\":\"ImageObject\",\"inLanguage\":\"it-IT\",\"@id\":\"https:\\\/\\\/repliquemangacine.fr\\\/#\\\/schema\\\/logo\\\/image\\\/\",\"url\":\"https:\\\/\\\/repliquemangacine.fr\\\/wp-content\\\/uploads\\\/2023\\\/10\\\/RMC-500250.png\",\"contentUrl\":\"https:\\\/\\\/repliquemangacine.fr\\\/wp-content\\\/uploads\\\/2023\\\/10\\\/RMC-500250.png\",\"width\":500,\"height\":250,\"caption\":\"R\u00e9plique Manga Cin\u00e9\"},\"image\":{\"@id\":\"https:\\\/\\\/repliquemangacine.fr\\\/#\\\/schema\\\/logo\\\/image\\\/\"},\"sameAs\":[\"https:\\\/\\\/www.facebook.com\\\/RepliqueMangaCine\",\"https:\\\/\\\/www.instagram.com\\\/repliquemangacine.fr\\\/\"]}]}<\/script>\n<!-- \/ Yoast SEO plugin. -->","yoast_head_json":{"title":"Scatola dei manufatti di Harry Potter - Negozio online - RMC","description":"Regalateglielo! Questo cofanetto di Harry Potter Artefacts al miglior prezzo. Articoli da collezione - Su licenza ufficiale - The Noble Collection - Spedizione 24\/48h","robots":{"index":"index","follow":"follow","max-snippet":"max-snippet:-1","max-image-preview":"max-image-preview:large","max-video-preview":"max-video-preview:-1"},"canonical":"https:\/\/repliquemangacine.fr\/it\/collezionisti-di-harry-potter-e-chicche\/manufatti-di-harry-potter-da-collezione-nobile-scatola-da-collezione\/","og_locale":"it_IT","og_type":"article","og_title":"Boite Artefacts Harry Potter - Boutique en ligne - RMC","og_description":"Offrez-lui ! Cette Boite Artefacts Harry Potter au meilleur prix. Objets Collector - Sous licence Officielle - The Noble Collection - Envoi 24\/48h","og_url":"https:\/\/repliquemangacine.fr\/it\/collezionisti-di-harry-potter-e-chicche\/manufatti-di-harry-potter-da-collezione-nobile-scatola-da-collezione\/","og_site_name":"R\u00e9plique Manga Cin\u00e9","article_publisher":"https:\/\/www.facebook.com\/RepliqueMangaCine","article_modified_time":"2025-09-23T16:03:11+00:00","og_image":[{"width":900,"height":900,"url":"https:\/\/repliquemangacine.fr\/wp-content\/uploads\/2023\/10\/2689-Boite-Artefact-Harry-Potter-collector.jpg","type":"image\/jpeg"}],"twitter_card":"summary_large_image","twitter_misc":{"Tempo di lettura stimato":"1 minuto"},"schema":{"@context":"https:\/\/schema.org","@graph":[{"@type":"WebPage","@id":"https:\/\/repliquemangacine.fr\/collectors-et-goodies-harry-potter\/boite-artefacts-harry-potter-collector-noble-collection\/","url":"https:\/\/repliquemangacine.fr\/collectors-et-goodies-harry-potter\/boite-artefacts-harry-potter-collector-noble-collection\/","name":"Scatola dei manufatti di Harry Potter - Negozio online - RMC","isPartOf":{"@id":"https:\/\/repliquemangacine.fr\/#website"},"primaryImageOfPage":{"@id":"https:\/\/repliquemangacine.fr\/collectors-et-goodies-harry-potter\/boite-artefacts-harry-potter-collector-noble-collection\/#primaryimage"},"image":{"@id":"https:\/\/repliquemangacine.fr\/collectors-et-goodies-harry-potter\/boite-artefacts-harry-potter-collector-noble-collection\/#primaryimage"},"thumbnailUrl":"https:\/\/repliquemangacine.fr\/wp-content\/uploads\/2023\/10\/2689-Boite-Artefact-Harry-Potter-collector.jpg","datePublished":"2018-12-11T17:24:25+00:00","dateModified":"2025-09-23T16:03:11+00:00","description":"Regalateglielo! Questo cofanetto di Harry Potter Artefacts al miglior prezzo. Articoli da collezione - Su licenza ufficiale - The Noble Collection - Spedizione 24\/48h","breadcrumb":{"@id":"https:\/\/repliquemangacine.fr\/collectors-et-goodies-harry-potter\/boite-artefacts-harry-potter-collector-noble-collection\/#breadcrumb"},"inLanguage":"it-IT","potentialAction":[{"@type":"ReadAction","target":["https:\/\/repliquemangacine.fr\/collectors-et-goodies-harry-potter\/boite-artefacts-harry-potter-collector-noble-collection\/"]}]},{"@type":"ImageObject","inLanguage":"it-IT","@id":"https:\/\/repliquemangacine.fr\/collectors-et-goodies-harry-potter\/boite-artefacts-harry-potter-collector-noble-collection\/#primaryimage","url":"https:\/\/repliquemangacine.fr\/wp-content\/uploads\/2023\/10\/2689-Boite-Artefact-Harry-Potter-collector.jpg","contentUrl":"https:\/\/repliquemangacine.fr\/wp-content\/uploads\/2023\/10\/2689-Boite-Artefact-Harry-Potter-collector.jpg","width":900,"height":900,"caption":"Boite Artefact Harry Potter collector"},{"@type":"BreadcrumbList","@id":"https:\/\/repliquemangacine.fr\/collectors-et-goodies-harry-potter\/boite-artefacts-harry-potter-collector-noble-collection\/#breadcrumb","itemListElement":[{"@type":"ListItem","position":1,"name":"Accueil","item":"https:\/\/repliquemangacine.fr\/"},{"@type":"ListItem","position":2,"name":"Produits","item":"https:\/\/repliquemangacine.fr\/boutique\/"},{"@type":"ListItem","position":3,"name":"Artefact Harry Potter Collector Noble collection"}]},{"@type":"WebSite","@id":"https:\/\/repliquemangacine.fr\/#website","url":"https:\/\/repliquemangacine.fr\/","name":"R\u00e9plique Manga Cin\u00e9","description":"","publisher":{"@id":"https:\/\/repliquemangacine.fr\/#organization"},"potentialAction":[{"@type":"SearchAction","target":{"@type":"EntryPoint","urlTemplate":"https:\/\/repliquemangacine.fr\/?s={search_term_string}"},"query-input":{"@type":"PropertyValueSpecification","valueRequired":true,"valueName":"search_term_string"}}],"inLanguage":"it-IT"},{"@type":"Organization","@id":"https:\/\/repliquemangacine.fr\/#organization","name":"R\u00e9plique Manga Cin\u00e9","url":"https:\/\/repliquemangacine.fr\/","logo":{"@type":"ImageObject","inLanguage":"it-IT","@id":"https:\/\/repliquemangacine.fr\/#\/schema\/logo\/image\/","url":"https:\/\/repliquemangacine.fr\/wp-content\/uploads\/2023\/10\/RMC-500250.png","contentUrl":"https:\/\/repliquemangacine.fr\/wp-content\/uploads\/2023\/10\/RMC-500250.png","width":500,"height":250,"caption":"R\u00e9plique Manga Cin\u00e9"},"image":{"@id":"https:\/\/repliquemangacine.fr\/#\/schema\/logo\/image\/"},"sameAs":["https:\/\/www.facebook.com\/RepliqueMangaCine","https:\/\/www.instagram.com\/repliquemangacine.fr\/"]}]}},"_links":{"self":[{"href":"https:\/\/repliquemangacine.fr\/it\/wp-json\/wp\/v2\/product\/63711","targetHints":{"allow":["GET"]}}],"collection":[{"href":"https:\/\/repliquemangacine.fr\/it\/wp-json\/wp\/v2\/product"}],"about":[{"href":"https:\/\/repliquemangacine.fr\/it\/wp-json\/wp\/v2\/types\/product"}],"wp:featuredmedia":[{"embeddable":true,"href":"https:\/\/repliquemangacine.fr\/it\/wp-json\/wp\/v2\/media\/63712"}],"wp:attachment":[{"href":"https:\/\/repliquemangacine.fr\/it\/wp-json\/wp\/v2\/media?parent=63711"}],"wp:term":[{"taxonomy":"product_brand","embeddable":true,"href":"https:\/\/repliquemangacine.fr\/it\/wp-json\/wp\/v2\/product_brand?post=63711"},{"taxonomy":"product_cat","embeddable":true,"href":"https:\/\/repliquemangacine.fr\/it\/wp-json\/wp\/v2\/product_cat?post=63711"},{"taxonomy":"product_tag","embeddable":true,"href":"https:\/\/repliquemangacine.fr\/it\/wp-json\/wp\/v2\/product_tag?post=63711"}],"curies":[{"name":"wp","href":"https:\/\/api.w.org\/{rel}","templated":true}]}}