





{"id":63702,"date":"2016-11-22T18:52:56","date_gmt":"2016-11-22T17:52:56","guid":{"rendered":"https:\/\/repliquemangacine.fr\/?post_type=product&#038;p=63702"},"modified":"2025-12-06T20:50:33","modified_gmt":"2025-12-06T19:50:33","slug":"elmo-francese-adriano-m1915","status":"publish","type":"product","link":"https:\/\/repliquemangacine.fr\/it\/dagues-et-accessoires-seconde-guerre-mondiale-materiels-militaria\/casque-francais-adrian-m1915\/","title":{"rendered":"Elmo francese Adrian M1915"},"content":{"rendered":"<p>L'elmetto Adrian M 1915, ispirato all'elmo borgognone del Medioevo, era l'elmetto militare indossato dalle truppe francesi durante la Prima Guerra Mondiale. Fu progettato d'urgenza quando milioni di soldati si trovarono impegnati nella guerra di trincea e le ferite alla testa divennero la causa di una percentuale significativa di vittime sul campo di battaglia; prima della sua adozione, il 77 % delle ferite riportate da Poilus erano alla testa, cifra che scese a 22 % nel 1916.<br \/>L'elmetto Adrian era stato progettato per proteggere i soldati dalle schegge delle granate che esplodevano sopra le trincee. La presenza di una cresta ricorda gli elmi da cavalleria, progettati per assorbire gli urti dall'alto (la cresta viene schiacciata, quindi l'urto viene trasmesso alla calotta dell'elmo).<\/p>","protected":false},"excerpt":{"rendered":"<p>Riproduzione dell'elmo francese Adrian. Calotta in acciaio con bordo arrotolato, stemma allegato e granata sulla parte anteriore dell'elmo.<span style=\"font-family:Arial, Helvetica, sans-serif;font-size:small;\"><\/span>. Cappuccio interno in pelle. Sottogola in pelle con meccanismo autobloccante. Completamente funzionante per le vostre rievocazioni.<\/p>","protected":false},"featured_media":63703,"template":"","meta":[],"product_brand":[896],"product_cat":[25,54,85],"product_tag":[],"class_list":{"0":"post-63702","1":"product","2":"type-product","3":"status-publish","4":"has-post-thumbnail","6":"product_brand-replique-manga-cine","7":"product_cat-armes-historiques","8":"product_cat-armes-accessoires-guerre-mondiale","9":"product_cat-dagues-et-accessoires-seconde-guerre-mondiale-materiels-militaria","11":"first","12":"instock","13":"taxable","14":"shipping-taxable","15":"purchasable","16":"product-type-simple"},"yoast_head":"<!-- This site is optimized with the Yoast SEO plugin v27.4 - https:\/\/yoast.com\/product\/yoast-seo-wordpress\/ -->\n<title>Reproduction du Casque Fran\u00e7ais Adrian 1915 - Replique Manga Cine<\/title>\n<meta name=\"description\" content=\"R\u00e9plique fonctionnelle du casque Fran\u00e7ais Adrian mod\u00e8le 1915. Tout en acier avec cimier et sa grenade sur le dessus du casque. Coiffe int\u00e9rieur en cuir. Superbe\" \/>\n<meta name=\"robots\" content=\"index, follow, max-snippet:-1, max-image-preview:large, max-video-preview:-1\" \/>\n<link rel=\"canonical\" href=\"https:\/\/repliquemangacine.fr\/it\/pugnali-e-accessori-materiale-militare-della-seconda-guerra-mondiale\/elmo-francese-adriano-m1915\/\" \/>\n<meta property=\"og:locale\" content=\"it_IT\" \/>\n<meta property=\"og:type\" content=\"article\" \/>\n<meta property=\"og:title\" content=\"Reproduction du Casque Fran\u00e7ais Adrian 1915 - Replique Manga Cine\" \/>\n<meta property=\"og:description\" content=\"R\u00e9plique fonctionnelle du casque Fran\u00e7ais Adrian mod\u00e8le 1915. Tout en acier avec cimier et sa grenade sur le dessus du casque. Coiffe int\u00e9rieur en cuir. Superbe\" \/>\n<meta property=\"og:url\" content=\"https:\/\/repliquemangacine.fr\/it\/pugnali-e-accessori-materiale-militare-della-seconda-guerra-mondiale\/elmo-francese-adriano-m1915\/\" \/>\n<meta property=\"og:site_name\" content=\"R\u00e9plique Manga Cin\u00e9\" \/>\n<meta property=\"article:publisher\" content=\"https:\/\/www.facebook.com\/RepliqueMangaCine\" \/>\n<meta property=\"article:modified_time\" content=\"2025-12-06T19:50:33+00:00\" \/>\n<meta property=\"og:image\" content=\"https:\/\/repliquemangacine.fr\/wp-content\/uploads\/2023\/10\/1104-Casque-Francais-Adrian-M1915.jpg\" \/>\n\t<meta property=\"og:image:width\" content=\"800\" \/>\n\t<meta property=\"og:image:height\" content=\"800\" \/>\n\t<meta property=\"og:image:type\" content=\"image\/jpeg\" \/>\n<meta name=\"twitter:card\" content=\"summary_large_image\" \/>\n<meta name=\"twitter:label1\" content=\"Tempo di lettura stimato\" \/>\n\t<meta name=\"twitter:data1\" content=\"1 minuto\" \/>\n<script type=\"application\/ld+json\" class=\"yoast-schema-graph\">{\"@context\":\"https:\\\/\\\/schema.org\",\"@graph\":[{\"@type\":\"WebPage\",\"@id\":\"https:\\\/\\\/repliquemangacine.fr\\\/dagues-et-accessoires-seconde-guerre-mondiale-materiels-militaria\\\/casque-francais-adrian-m1915\\\/\",\"url\":\"https:\\\/\\\/repliquemangacine.fr\\\/dagues-et-accessoires-seconde-guerre-mondiale-materiels-militaria\\\/casque-francais-adrian-m1915\\\/\",\"name\":\"Reproduction du Casque Fran\u00e7ais Adrian 1915 - Replique Manga Cine\",\"isPartOf\":{\"@id\":\"https:\\\/\\\/repliquemangacine.fr\\\/#website\"},\"primaryImageOfPage\":{\"@id\":\"https:\\\/\\\/repliquemangacine.fr\\\/dagues-et-accessoires-seconde-guerre-mondiale-materiels-militaria\\\/casque-francais-adrian-m1915\\\/#primaryimage\"},\"image\":{\"@id\":\"https:\\\/\\\/repliquemangacine.fr\\\/dagues-et-accessoires-seconde-guerre-mondiale-materiels-militaria\\\/casque-francais-adrian-m1915\\\/#primaryimage\"},\"thumbnailUrl\":\"https:\\\/\\\/repliquemangacine.fr\\\/wp-content\\\/uploads\\\/2023\\\/10\\\/1104-Casque-Francais-Adrian-M1915.jpg\",\"datePublished\":\"2016-11-22T17:52:56+00:00\",\"dateModified\":\"2025-12-06T19:50:33+00:00\",\"description\":\"R\u00e9plique fonctionnelle du casque Fran\u00e7ais Adrian mod\u00e8le 1915. Tout en acier avec cimier et sa grenade sur le dessus du casque. Coiffe int\u00e9rieur en cuir. Superbe\",\"breadcrumb\":{\"@id\":\"https:\\\/\\\/repliquemangacine.fr\\\/dagues-et-accessoires-seconde-guerre-mondiale-materiels-militaria\\\/casque-francais-adrian-m1915\\\/#breadcrumb\"},\"inLanguage\":\"it-IT\",\"potentialAction\":[{\"@type\":\"ReadAction\",\"target\":[\"https:\\\/\\\/repliquemangacine.fr\\\/dagues-et-accessoires-seconde-guerre-mondiale-materiels-militaria\\\/casque-francais-adrian-m1915\\\/\"]}]},{\"@type\":\"ImageObject\",\"inLanguage\":\"it-IT\",\"@id\":\"https:\\\/\\\/repliquemangacine.fr\\\/dagues-et-accessoires-seconde-guerre-mondiale-materiels-militaria\\\/casque-francais-adrian-m1915\\\/#primaryimage\",\"url\":\"https:\\\/\\\/repliquemangacine.fr\\\/wp-content\\\/uploads\\\/2023\\\/10\\\/1104-Casque-Francais-Adrian-M1915.jpg\",\"contentUrl\":\"https:\\\/\\\/repliquemangacine.fr\\\/wp-content\\\/uploads\\\/2023\\\/10\\\/1104-Casque-Francais-Adrian-M1915.jpg\",\"width\":800,\"height\":800,\"caption\":\"Casque Fran\u00e7ais Adrian M1915\"},{\"@type\":\"BreadcrumbList\",\"@id\":\"https:\\\/\\\/repliquemangacine.fr\\\/dagues-et-accessoires-seconde-guerre-mondiale-materiels-militaria\\\/casque-francais-adrian-m1915\\\/#breadcrumb\",\"itemListElement\":[{\"@type\":\"ListItem\",\"position\":1,\"name\":\"Accueil\",\"item\":\"https:\\\/\\\/repliquemangacine.fr\\\/\"},{\"@type\":\"ListItem\",\"position\":2,\"name\":\"Produits\",\"item\":\"https:\\\/\\\/repliquemangacine.fr\\\/boutique\\\/\"},{\"@type\":\"ListItem\",\"position\":3,\"name\":\"Casque Fran\u00e7ais Adrian M1915\"}]},{\"@type\":\"WebSite\",\"@id\":\"https:\\\/\\\/repliquemangacine.fr\\\/#website\",\"url\":\"https:\\\/\\\/repliquemangacine.fr\\\/\",\"name\":\"R\u00e9plique Manga Cin\u00e9\",\"description\":\"\",\"publisher\":{\"@id\":\"https:\\\/\\\/repliquemangacine.fr\\\/#organization\"},\"potentialAction\":[{\"@type\":\"SearchAction\",\"target\":{\"@type\":\"EntryPoint\",\"urlTemplate\":\"https:\\\/\\\/repliquemangacine.fr\\\/?s={search_term_string}\"},\"query-input\":{\"@type\":\"PropertyValueSpecification\",\"valueRequired\":true,\"valueName\":\"search_term_string\"}}],\"inLanguage\":\"it-IT\"},{\"@type\":\"Organization\",\"@id\":\"https:\\\/\\\/repliquemangacine.fr\\\/#organization\",\"name\":\"R\u00e9plique Manga Cin\u00e9\",\"url\":\"https:\\\/\\\/repliquemangacine.fr\\\/\",\"logo\":{\"@type\":\"ImageObject\",\"inLanguage\":\"it-IT\",\"@id\":\"https:\\\/\\\/repliquemangacine.fr\\\/#\\\/schema\\\/logo\\\/image\\\/\",\"url\":\"https:\\\/\\\/repliquemangacine.fr\\\/wp-content\\\/uploads\\\/2023\\\/10\\\/RMC-500250.png\",\"contentUrl\":\"https:\\\/\\\/repliquemangacine.fr\\\/wp-content\\\/uploads\\\/2023\\\/10\\\/RMC-500250.png\",\"width\":500,\"height\":250,\"caption\":\"R\u00e9plique Manga Cin\u00e9\"},\"image\":{\"@id\":\"https:\\\/\\\/repliquemangacine.fr\\\/#\\\/schema\\\/logo\\\/image\\\/\"},\"sameAs\":[\"https:\\\/\\\/www.facebook.com\\\/RepliqueMangaCine\",\"https:\\\/\\\/www.instagram.com\\\/repliquemangacine.fr\\\/\"]}]}<\/script>\n<!-- \/ Yoast SEO plugin. -->","yoast_head_json":{"title":"Riproduzione del casco francese Adrian del 1915 - Replica Manga Cine","description":"Replica funzionale dell'elmetto francese Adrian modello 1915. Tutto in acciaio con stemma e granata sulla parte superiore dell'elmo. Fodera in pelle. Superbo","robots":{"index":"index","follow":"follow","max-snippet":"max-snippet:-1","max-image-preview":"max-image-preview:large","max-video-preview":"max-video-preview:-1"},"canonical":"https:\/\/repliquemangacine.fr\/it\/pugnali-e-accessori-materiale-militare-della-seconda-guerra-mondiale\/elmo-francese-adriano-m1915\/","og_locale":"it_IT","og_type":"article","og_title":"Reproduction du Casque Fran\u00e7ais Adrian 1915 - Replique Manga Cine","og_description":"R\u00e9plique fonctionnelle du casque Fran\u00e7ais Adrian mod\u00e8le 1915. Tout en acier avec cimier et sa grenade sur le dessus du casque. Coiffe int\u00e9rieur en cuir. Superbe","og_url":"https:\/\/repliquemangacine.fr\/it\/pugnali-e-accessori-materiale-militare-della-seconda-guerra-mondiale\/elmo-francese-adriano-m1915\/","og_site_name":"R\u00e9plique Manga Cin\u00e9","article_publisher":"https:\/\/www.facebook.com\/RepliqueMangaCine","article_modified_time":"2025-12-06T19:50:33+00:00","og_image":[{"width":800,"height":800,"url":"https:\/\/repliquemangacine.fr\/wp-content\/uploads\/2023\/10\/1104-Casque-Francais-Adrian-M1915.jpg","type":"image\/jpeg"}],"twitter_card":"summary_large_image","twitter_misc":{"Tempo di lettura stimato":"1 minuto"},"schema":{"@context":"https:\/\/schema.org","@graph":[{"@type":"WebPage","@id":"https:\/\/repliquemangacine.fr\/dagues-et-accessoires-seconde-guerre-mondiale-materiels-militaria\/casque-francais-adrian-m1915\/","url":"https:\/\/repliquemangacine.fr\/dagues-et-accessoires-seconde-guerre-mondiale-materiels-militaria\/casque-francais-adrian-m1915\/","name":"Riproduzione del casco francese Adrian del 1915 - Replica Manga Cine","isPartOf":{"@id":"https:\/\/repliquemangacine.fr\/#website"},"primaryImageOfPage":{"@id":"https:\/\/repliquemangacine.fr\/dagues-et-accessoires-seconde-guerre-mondiale-materiels-militaria\/casque-francais-adrian-m1915\/#primaryimage"},"image":{"@id":"https:\/\/repliquemangacine.fr\/dagues-et-accessoires-seconde-guerre-mondiale-materiels-militaria\/casque-francais-adrian-m1915\/#primaryimage"},"thumbnailUrl":"https:\/\/repliquemangacine.fr\/wp-content\/uploads\/2023\/10\/1104-Casque-Francais-Adrian-M1915.jpg","datePublished":"2016-11-22T17:52:56+00:00","dateModified":"2025-12-06T19:50:33+00:00","description":"Replica funzionale dell'elmetto francese Adrian modello 1915. Tutto in acciaio con stemma e granata sulla parte superiore dell'elmo. Fodera in pelle. Superbo","breadcrumb":{"@id":"https:\/\/repliquemangacine.fr\/dagues-et-accessoires-seconde-guerre-mondiale-materiels-militaria\/casque-francais-adrian-m1915\/#breadcrumb"},"inLanguage":"it-IT","potentialAction":[{"@type":"ReadAction","target":["https:\/\/repliquemangacine.fr\/dagues-et-accessoires-seconde-guerre-mondiale-materiels-militaria\/casque-francais-adrian-m1915\/"]}]},{"@type":"ImageObject","inLanguage":"it-IT","@id":"https:\/\/repliquemangacine.fr\/dagues-et-accessoires-seconde-guerre-mondiale-materiels-militaria\/casque-francais-adrian-m1915\/#primaryimage","url":"https:\/\/repliquemangacine.fr\/wp-content\/uploads\/2023\/10\/1104-Casque-Francais-Adrian-M1915.jpg","contentUrl":"https:\/\/repliquemangacine.fr\/wp-content\/uploads\/2023\/10\/1104-Casque-Francais-Adrian-M1915.jpg","width":800,"height":800,"caption":"Casque Fran\u00e7ais Adrian M1915"},{"@type":"BreadcrumbList","@id":"https:\/\/repliquemangacine.fr\/dagues-et-accessoires-seconde-guerre-mondiale-materiels-militaria\/casque-francais-adrian-m1915\/#breadcrumb","itemListElement":[{"@type":"ListItem","position":1,"name":"Accueil","item":"https:\/\/repliquemangacine.fr\/"},{"@type":"ListItem","position":2,"name":"Produits","item":"https:\/\/repliquemangacine.fr\/boutique\/"},{"@type":"ListItem","position":3,"name":"Casque Fran\u00e7ais Adrian M1915"}]},{"@type":"WebSite","@id":"https:\/\/repliquemangacine.fr\/#website","url":"https:\/\/repliquemangacine.fr\/","name":"R\u00e9plique Manga Cin\u00e9","description":"","publisher":{"@id":"https:\/\/repliquemangacine.fr\/#organization"},"potentialAction":[{"@type":"SearchAction","target":{"@type":"EntryPoint","urlTemplate":"https:\/\/repliquemangacine.fr\/?s={search_term_string}"},"query-input":{"@type":"PropertyValueSpecification","valueRequired":true,"valueName":"search_term_string"}}],"inLanguage":"it-IT"},{"@type":"Organization","@id":"https:\/\/repliquemangacine.fr\/#organization","name":"R\u00e9plique Manga Cin\u00e9","url":"https:\/\/repliquemangacine.fr\/","logo":{"@type":"ImageObject","inLanguage":"it-IT","@id":"https:\/\/repliquemangacine.fr\/#\/schema\/logo\/image\/","url":"https:\/\/repliquemangacine.fr\/wp-content\/uploads\/2023\/10\/RMC-500250.png","contentUrl":"https:\/\/repliquemangacine.fr\/wp-content\/uploads\/2023\/10\/RMC-500250.png","width":500,"height":250,"caption":"R\u00e9plique Manga Cin\u00e9"},"image":{"@id":"https:\/\/repliquemangacine.fr\/#\/schema\/logo\/image\/"},"sameAs":["https:\/\/www.facebook.com\/RepliqueMangaCine","https:\/\/www.instagram.com\/repliquemangacine.fr\/"]}]}},"_links":{"self":[{"href":"https:\/\/repliquemangacine.fr\/it\/wp-json\/wp\/v2\/product\/63702","targetHints":{"allow":["GET"]}}],"collection":[{"href":"https:\/\/repliquemangacine.fr\/it\/wp-json\/wp\/v2\/product"}],"about":[{"href":"https:\/\/repliquemangacine.fr\/it\/wp-json\/wp\/v2\/types\/product"}],"wp:featuredmedia":[{"embeddable":true,"href":"https:\/\/repliquemangacine.fr\/it\/wp-json\/wp\/v2\/media\/63703"}],"wp:attachment":[{"href":"https:\/\/repliquemangacine.fr\/it\/wp-json\/wp\/v2\/media?parent=63702"}],"wp:term":[{"taxonomy":"product_brand","embeddable":true,"href":"https:\/\/repliquemangacine.fr\/it\/wp-json\/wp\/v2\/product_brand?post=63702"},{"taxonomy":"product_cat","embeddable":true,"href":"https:\/\/repliquemangacine.fr\/it\/wp-json\/wp\/v2\/product_cat?post=63702"},{"taxonomy":"product_tag","embeddable":true,"href":"https:\/\/repliquemangacine.fr\/it\/wp-json\/wp\/v2\/product_tag?post=63702"}],"curies":[{"name":"wp","href":"https:\/\/api.w.org\/{rel}","templated":true}]}}