





{"id":63700,"date":"2016-10-17T14:29:32","date_gmt":"2016-10-17T12:29:32","guid":{"rendered":"https:\/\/repliquemangacine.fr\/?post_type=product&#038;p=63700"},"modified":"2026-03-25T14:27:02","modified_gmt":"2026-03-25T13:27:02","slug":"proiettili-finti-winchester-denix","status":"publish","type":"product","link":"https:\/\/repliquemangacine.fr\/it\/repliques-carabine-winchester-western\/balles-factices-winchester-denix\/","title":{"rendered":"Proiettile fittizio Winchester Denix"},"content":{"rendered":"<h2>Proiettili Winchester Denix Replica Dummy<\/h2>\n<p>Per cominciare, il <strong>Proiettili finti Winchester<\/strong> Denix o imitazione di proiettile, un oggetto che a volte imita le munizioni reali in modo molto realistico. Le armi e i proiettili finti sono solitamente giocattoli o repliche per collezionisti.<\/p>\n<p>I winchester Denix sono tutti fatti a mano e di altissima qualit\u00e0. Con meccanismo, simulatore di caricamento e di sparo.<\/p>\n<p>I proiettili sono in acciaio massiccio color oro. Nessun pericolo, nessuna carica esplosiva in questi proiettili finti. Potete esporre questi proiettili accanto al vostro fucile Winchester per arricchire la vostra collezione.<\/p>\n<p>In conclusione, i proiettili finti sono un'aggiunta essenziale per rendere pi\u00f9 realistico il vostro Denix Winchester.<\/p>\n<h2>I vostri accessori western al miglior prezzo.<\/h2>\n<p>Offriamo un'ampia gamma di repliche di armi Denix.<\/p>\n<p>Innanzitutto,<\/p>\n<ul>\n<li>La riproduzione di <a href=\"https:\/\/repliquemangacine.fr\/it\/fucile-winchester-western-country\/fucile-winchester-john-wayne-modello-1892\/\">Fucile John Wayne<\/a> con le sue iniziali sul calcio e la sua grande leva sotto la guardia.<\/li>\n<li>Cos\u00ec come il <a href=\"https:\/\/repliquemangacine.fr\/it\/pistola-kolser\/winchester-108cm-grey-kolser\/\">winchester del 1892<\/a> di kolser, versione lunga 108 cm.<\/li>\n<li>C'\u00e8 anche il <a href=\"https:\/\/repliquemangacine.fr\/it\/accessori-per-fondine\/portaproiettili-per-winchester-kolser\/\">portapalle in pelle<\/a> per i fucili, in modo da avere i proiettili a portata di mano.<\/li>\n<li>E molto altro ancora!<\/li>\n<\/ul>\n<p>Ecco perch\u00e9 questa \u00e8 un'ottima idea regalo per tutti gli amanti delle armi storiche.<\/p>\n<p>In conclusione, \u00e8 possibile utilizzare questi <strong>Proiettili finti Winchester<\/strong> Denix per le vostre rievocazioni e ambientazioni storiche.<\/p>\n<p>Soprattutto, quest'arma \u00e8 un oggetto da collezione e un pezzo decorativo.<\/p>\n<p>R\u00e9plique Manga Cin\u00e9 \u00e8 un'azienda francese e distributore ufficiale del marchio <a href=\"https:\/\/www.denix.fr\/fr\/catalogue\/guerre-civile-occidentale-et-americaine-1861-1899\/balles\/54\/\" target=\"_blank\" rel=\"noopener noreferrer\">Denix<\/a>.<\/p>","protected":false},"excerpt":{"rendered":"<p>I proiettili finti sono un'aggiunta essenziale per rendere i vostri fucili western Denix ancora pi\u00f9 realistici.<\/p>\n<ul>\n<li>Realizzato interamente in metallo placcato oro.<\/li>\n<li>Questi proiettili non contengono carica esplosiva.<\/li>\n<li>Confezionato in sacchi da 6 balle.<\/li>\n<li>Dimensioni: 3,8 cm - Peso: 15 grammi<\/li>\n<\/ul>","protected":false},"featured_media":63701,"template":"","meta":[],"product_brand":[896],"product_cat":[51,34,86,39,102,90,28,27],"product_tag":[],"class_list":{"0":"post-63700","1":"product","2":"type-product","3":"status-publish","4":"has-post-thumbnail","6":"product_brand-replique-manga-cine","7":"product_cat-accessoires-western","8":"product_cat-armes-westerns","9":"product_cat-repliques-carabine-winchester-western","10":"product_cat-carabine-winchester","11":"product_cat-denix","12":"product_cat-holster-accessoires-western","13":"product_cat-repliques-darmes","14":"product_cat-armes-et-accessoires-western","16":"first","17":"instock","18":"taxable","19":"shipping-taxable","20":"purchasable","21":"product-type-simple"},"yoast_head":"<!-- This site is optimized with the Yoast SEO plugin v27.4 - https:\/\/yoast.com\/product\/yoast-seo-wordpress\/ -->\n<title>Balles factices Winchester - Accessoires Western Denix - RMC<\/title>\n<meta name=\"description\" content=\"D\u00e9couvrez les Balles factices Winchester Denix au meilleur prix - En m\u00e9tal dor\u00e9 - Ces balles ne contiennent aucune charge explosive - Sachet de 6 balles\" \/>\n<meta name=\"robots\" content=\"index, follow, max-snippet:-1, max-image-preview:large, max-video-preview:-1\" \/>\n<link rel=\"canonical\" href=\"https:\/\/repliquemangacine.fr\/it\/denix\/proiettili-finti-winchester-denix\/\" \/>\n<meta property=\"og:locale\" content=\"it_IT\" \/>\n<meta property=\"og:type\" content=\"article\" \/>\n<meta property=\"og:title\" content=\"Balles factices Winchester - Accessoires Western Denix - RMC\" \/>\n<meta property=\"og:description\" content=\"D\u00e9couvrez les Balles factices Winchester Denix au meilleur prix - En m\u00e9tal dor\u00e9 - Ces balles ne contiennent aucune charge explosive - Sachet de 6 balles\" \/>\n<meta property=\"og:url\" content=\"https:\/\/repliquemangacine.fr\/it\/denix\/proiettili-finti-winchester-denix\/\" \/>\n<meta property=\"og:site_name\" content=\"R\u00e9plique Manga Cin\u00e9\" \/>\n<meta property=\"article:publisher\" content=\"https:\/\/www.facebook.com\/RepliqueMangaCine\" \/>\n<meta property=\"article:modified_time\" content=\"2026-03-25T13:27:02+00:00\" \/>\n<meta property=\"og:image\" content=\"https:\/\/repliquemangacine.fr\/wp-content\/uploads\/2023\/10\/538-6-Balles-factices-pour-Winchester-Denix.jpg\" \/>\n\t<meta property=\"og:image:width\" content=\"800\" \/>\n\t<meta property=\"og:image:height\" content=\"800\" \/>\n\t<meta property=\"og:image:type\" content=\"image\/jpeg\" \/>\n<meta name=\"twitter:card\" content=\"summary_large_image\" \/>\n<meta name=\"twitter:label1\" content=\"Tempo di lettura stimato\" \/>\n\t<meta name=\"twitter:data1\" content=\"2 minuti\" \/>\n<script type=\"application\/ld+json\" class=\"yoast-schema-graph\">{\"@context\":\"https:\\\/\\\/schema.org\",\"@graph\":[{\"@type\":\"WebPage\",\"@id\":\"https:\\\/\\\/repliquemangacine.fr\\\/denix\\\/balles-factices-winchester-denix\\\/\",\"url\":\"https:\\\/\\\/repliquemangacine.fr\\\/denix\\\/balles-factices-winchester-denix\\\/\",\"name\":\"Balles factices Winchester - Accessoires Western Denix - RMC\",\"isPartOf\":{\"@id\":\"https:\\\/\\\/repliquemangacine.fr\\\/#website\"},\"primaryImageOfPage\":{\"@id\":\"https:\\\/\\\/repliquemangacine.fr\\\/denix\\\/balles-factices-winchester-denix\\\/#primaryimage\"},\"image\":{\"@id\":\"https:\\\/\\\/repliquemangacine.fr\\\/denix\\\/balles-factices-winchester-denix\\\/#primaryimage\"},\"thumbnailUrl\":\"https:\\\/\\\/repliquemangacine.fr\\\/wp-content\\\/uploads\\\/2023\\\/10\\\/538-6-Balles-factices-pour-Winchester-Denix.jpg\",\"datePublished\":\"2016-10-17T12:29:32+00:00\",\"dateModified\":\"2026-03-25T13:27:02+00:00\",\"description\":\"D\u00e9couvrez les Balles factices Winchester Denix au meilleur prix - En m\u00e9tal dor\u00e9 - Ces balles ne contiennent aucune charge explosive - Sachet de 6 balles\",\"breadcrumb\":{\"@id\":\"https:\\\/\\\/repliquemangacine.fr\\\/denix\\\/balles-factices-winchester-denix\\\/#breadcrumb\"},\"inLanguage\":\"it-IT\",\"potentialAction\":[{\"@type\":\"ReadAction\",\"target\":[\"https:\\\/\\\/repliquemangacine.fr\\\/denix\\\/balles-factices-winchester-denix\\\/\"]}]},{\"@type\":\"ImageObject\",\"inLanguage\":\"it-IT\",\"@id\":\"https:\\\/\\\/repliquemangacine.fr\\\/denix\\\/balles-factices-winchester-denix\\\/#primaryimage\",\"url\":\"https:\\\/\\\/repliquemangacine.fr\\\/wp-content\\\/uploads\\\/2023\\\/10\\\/538-6-Balles-factices-pour-Winchester-Denix.jpg\",\"contentUrl\":\"https:\\\/\\\/repliquemangacine.fr\\\/wp-content\\\/uploads\\\/2023\\\/10\\\/538-6-Balles-factices-pour-Winchester-Denix.jpg\",\"width\":800,\"height\":800,\"caption\":\"6 Balles factices pour Winchester Denix\"},{\"@type\":\"BreadcrumbList\",\"@id\":\"https:\\\/\\\/repliquemangacine.fr\\\/denix\\\/balles-factices-winchester-denix\\\/#breadcrumb\",\"itemListElement\":[{\"@type\":\"ListItem\",\"position\":1,\"name\":\"Accueil\",\"item\":\"https:\\\/\\\/repliquemangacine.fr\\\/\"},{\"@type\":\"ListItem\",\"position\":2,\"name\":\"Produits\",\"item\":\"https:\\\/\\\/repliquemangacine.fr\\\/boutique\\\/\"},{\"@type\":\"ListItem\",\"position\":3,\"name\":\"Balles factice Winchester Denix\"}]},{\"@type\":\"WebSite\",\"@id\":\"https:\\\/\\\/repliquemangacine.fr\\\/#website\",\"url\":\"https:\\\/\\\/repliquemangacine.fr\\\/\",\"name\":\"R\u00e9plique Manga Cin\u00e9\",\"description\":\"\",\"publisher\":{\"@id\":\"https:\\\/\\\/repliquemangacine.fr\\\/#organization\"},\"potentialAction\":[{\"@type\":\"SearchAction\",\"target\":{\"@type\":\"EntryPoint\",\"urlTemplate\":\"https:\\\/\\\/repliquemangacine.fr\\\/?s={search_term_string}\"},\"query-input\":{\"@type\":\"PropertyValueSpecification\",\"valueRequired\":true,\"valueName\":\"search_term_string\"}}],\"inLanguage\":\"it-IT\"},{\"@type\":\"Organization\",\"@id\":\"https:\\\/\\\/repliquemangacine.fr\\\/#organization\",\"name\":\"R\u00e9plique Manga Cin\u00e9\",\"url\":\"https:\\\/\\\/repliquemangacine.fr\\\/\",\"logo\":{\"@type\":\"ImageObject\",\"inLanguage\":\"it-IT\",\"@id\":\"https:\\\/\\\/repliquemangacine.fr\\\/#\\\/schema\\\/logo\\\/image\\\/\",\"url\":\"https:\\\/\\\/repliquemangacine.fr\\\/wp-content\\\/uploads\\\/2023\\\/10\\\/RMC-500250.png\",\"contentUrl\":\"https:\\\/\\\/repliquemangacine.fr\\\/wp-content\\\/uploads\\\/2023\\\/10\\\/RMC-500250.png\",\"width\":500,\"height\":250,\"caption\":\"R\u00e9plique Manga Cin\u00e9\"},\"image\":{\"@id\":\"https:\\\/\\\/repliquemangacine.fr\\\/#\\\/schema\\\/logo\\\/image\\\/\"},\"sameAs\":[\"https:\\\/\\\/www.facebook.com\\\/RepliqueMangaCine\",\"https:\\\/\\\/www.instagram.com\\\/repliquemangacine.fr\\\/\"]}]}<\/script>\n<!-- \/ Yoast SEO plugin. -->","yoast_head_json":{"title":"Proiettili Winchester - Accessori Western Denix - RMC","description":"Proiettili Winchester Denix al miglior prezzo - In metallo placcato oro - Questi proiettili non contengono carica esplosiva - Confezione da 6 proiettili","robots":{"index":"index","follow":"follow","max-snippet":"max-snippet:-1","max-image-preview":"max-image-preview:large","max-video-preview":"max-video-preview:-1"},"canonical":"https:\/\/repliquemangacine.fr\/it\/denix\/proiettili-finti-winchester-denix\/","og_locale":"it_IT","og_type":"article","og_title":"Balles factices Winchester - Accessoires Western Denix - RMC","og_description":"D\u00e9couvrez les Balles factices Winchester Denix au meilleur prix - En m\u00e9tal dor\u00e9 - Ces balles ne contiennent aucune charge explosive - Sachet de 6 balles","og_url":"https:\/\/repliquemangacine.fr\/it\/denix\/proiettili-finti-winchester-denix\/","og_site_name":"R\u00e9plique Manga Cin\u00e9","article_publisher":"https:\/\/www.facebook.com\/RepliqueMangaCine","article_modified_time":"2026-03-25T13:27:02+00:00","og_image":[{"width":800,"height":800,"url":"https:\/\/repliquemangacine.fr\/wp-content\/uploads\/2023\/10\/538-6-Balles-factices-pour-Winchester-Denix.jpg","type":"image\/jpeg"}],"twitter_card":"summary_large_image","twitter_misc":{"Tempo di lettura stimato":"2 minuti"},"schema":{"@context":"https:\/\/schema.org","@graph":[{"@type":"WebPage","@id":"https:\/\/repliquemangacine.fr\/denix\/balles-factices-winchester-denix\/","url":"https:\/\/repliquemangacine.fr\/denix\/balles-factices-winchester-denix\/","name":"Proiettili Winchester - Accessori Western Denix - RMC","isPartOf":{"@id":"https:\/\/repliquemangacine.fr\/#website"},"primaryImageOfPage":{"@id":"https:\/\/repliquemangacine.fr\/denix\/balles-factices-winchester-denix\/#primaryimage"},"image":{"@id":"https:\/\/repliquemangacine.fr\/denix\/balles-factices-winchester-denix\/#primaryimage"},"thumbnailUrl":"https:\/\/repliquemangacine.fr\/wp-content\/uploads\/2023\/10\/538-6-Balles-factices-pour-Winchester-Denix.jpg","datePublished":"2016-10-17T12:29:32+00:00","dateModified":"2026-03-25T13:27:02+00:00","description":"Proiettili Winchester Denix al miglior prezzo - In metallo placcato oro - Questi proiettili non contengono carica esplosiva - Confezione da 6 proiettili","breadcrumb":{"@id":"https:\/\/repliquemangacine.fr\/denix\/balles-factices-winchester-denix\/#breadcrumb"},"inLanguage":"it-IT","potentialAction":[{"@type":"ReadAction","target":["https:\/\/repliquemangacine.fr\/denix\/balles-factices-winchester-denix\/"]}]},{"@type":"ImageObject","inLanguage":"it-IT","@id":"https:\/\/repliquemangacine.fr\/denix\/balles-factices-winchester-denix\/#primaryimage","url":"https:\/\/repliquemangacine.fr\/wp-content\/uploads\/2023\/10\/538-6-Balles-factices-pour-Winchester-Denix.jpg","contentUrl":"https:\/\/repliquemangacine.fr\/wp-content\/uploads\/2023\/10\/538-6-Balles-factices-pour-Winchester-Denix.jpg","width":800,"height":800,"caption":"6 Balles factices pour Winchester Denix"},{"@type":"BreadcrumbList","@id":"https:\/\/repliquemangacine.fr\/denix\/balles-factices-winchester-denix\/#breadcrumb","itemListElement":[{"@type":"ListItem","position":1,"name":"Accueil","item":"https:\/\/repliquemangacine.fr\/"},{"@type":"ListItem","position":2,"name":"Produits","item":"https:\/\/repliquemangacine.fr\/boutique\/"},{"@type":"ListItem","position":3,"name":"Balles factice Winchester Denix"}]},{"@type":"WebSite","@id":"https:\/\/repliquemangacine.fr\/#website","url":"https:\/\/repliquemangacine.fr\/","name":"R\u00e9plique Manga Cin\u00e9","description":"","publisher":{"@id":"https:\/\/repliquemangacine.fr\/#organization"},"potentialAction":[{"@type":"SearchAction","target":{"@type":"EntryPoint","urlTemplate":"https:\/\/repliquemangacine.fr\/?s={search_term_string}"},"query-input":{"@type":"PropertyValueSpecification","valueRequired":true,"valueName":"search_term_string"}}],"inLanguage":"it-IT"},{"@type":"Organization","@id":"https:\/\/repliquemangacine.fr\/#organization","name":"R\u00e9plique Manga Cin\u00e9","url":"https:\/\/repliquemangacine.fr\/","logo":{"@type":"ImageObject","inLanguage":"it-IT","@id":"https:\/\/repliquemangacine.fr\/#\/schema\/logo\/image\/","url":"https:\/\/repliquemangacine.fr\/wp-content\/uploads\/2023\/10\/RMC-500250.png","contentUrl":"https:\/\/repliquemangacine.fr\/wp-content\/uploads\/2023\/10\/RMC-500250.png","width":500,"height":250,"caption":"R\u00e9plique Manga Cin\u00e9"},"image":{"@id":"https:\/\/repliquemangacine.fr\/#\/schema\/logo\/image\/"},"sameAs":["https:\/\/www.facebook.com\/RepliqueMangaCine","https:\/\/www.instagram.com\/repliquemangacine.fr\/"]}]}},"_links":{"self":[{"href":"https:\/\/repliquemangacine.fr\/it\/wp-json\/wp\/v2\/product\/63700","targetHints":{"allow":["GET"]}}],"collection":[{"href":"https:\/\/repliquemangacine.fr\/it\/wp-json\/wp\/v2\/product"}],"about":[{"href":"https:\/\/repliquemangacine.fr\/it\/wp-json\/wp\/v2\/types\/product"}],"wp:featuredmedia":[{"embeddable":true,"href":"https:\/\/repliquemangacine.fr\/it\/wp-json\/wp\/v2\/media\/63701"}],"wp:attachment":[{"href":"https:\/\/repliquemangacine.fr\/it\/wp-json\/wp\/v2\/media?parent=63700"}],"wp:term":[{"taxonomy":"product_brand","embeddable":true,"href":"https:\/\/repliquemangacine.fr\/it\/wp-json\/wp\/v2\/product_brand?post=63700"},{"taxonomy":"product_cat","embeddable":true,"href":"https:\/\/repliquemangacine.fr\/it\/wp-json\/wp\/v2\/product_cat?post=63700"},{"taxonomy":"product_tag","embeddable":true,"href":"https:\/\/repliquemangacine.fr\/it\/wp-json\/wp\/v2\/product_tag?post=63700"}],"curies":[{"name":"wp","href":"https:\/\/api.w.org\/{rel}","templated":true}]}}