





{"id":63695,"date":"2016-10-12T19:34:41","date_gmt":"2016-10-12T17:34:41","guid":{"rendered":"https:\/\/repliquemangacine.fr\/?post_type=product&#038;p=63695"},"modified":"2025-09-23T18:03:09","modified_gmt":"2025-09-23T16:03:09","slug":"distintivo-a-stella-da-vice-sceriffo-di-denix","status":"publish","type":"product","link":"https:\/\/repliquemangacine.fr\/it\/holster-accessoires-western\/insigne-deputy-us-marshal-denix-etoile-de-sherif\/","title":{"rendered":"Distintivo da vice sceriffo degli Stati Uniti"},"content":{"rendered":"<h2>Distintivo da vice sceriffo degli Stati Uniti<\/h2>\n<p>Per cominciare, il distintivo Deputy US Marshal \u00e8 realizzato in metallo decorato, un accessorio essenziale per il vostro abbigliamento da cowboy.<\/p>\n<p>Un'insegna \u00e8 un segno distintivo di appartenenza a un gruppo, a un grado o a una funzione.<\/p>\n<p>Al singolare, le insegne si riferiscono di solito all'elemento principale, solitamente metallico o tessile. Al plurale, le insegne si riferiscono a tutte le parti di una decorazione o ai diversi elementi che compongono un rango, un grado o una dignit\u00e0.<\/p>\n<p>Un marshal, o US marshal, \u00e8 un ufficiale dello United States Marshals Service, un'agenzia di polizia federale del Dipartimento di Giustizia degli Stati Uniti d'America, responsabile della protezione di tribunali, giudici e testimoni, nonch\u00e9 della ricerca di fuggitivi.<\/p>\n<h2>I vostri accessori western al miglior prezzo.<\/h2>\n<p>Offriamo un'ampia gamma di riproduzioni di accessori western.<\/p>\n<p>Innanzitutto,<\/p>\n<ul>\n<li>Questo <a href=\"https:\/\/repliquemangacine.fr\/it\/accessori-per-fondine\/ceinturon-cuir-pour-colt-45-holster-simple\/\">fondina<\/a> cintura per i collari da sceriffo per completare il travestimento.<\/li>\n<li>Cos\u00ec come <a href=\"https:\/\/repliquemangacine.fr\/it\/accessori-per-fondine\/6-balles-factices-pour-winchester-denix\/\">proiettili finti<\/a> per accompagnare il revolver.<\/li>\n<li>C'\u00e8 anche questo <a href=\"https:\/\/repliquemangacine.fr\/it\/accessori-per-fondine\/supporto-a-parete-a-forma-di-proiettile-per-pistola-fucile-e-spada\/\">staffa a parete<\/a> due pezzi a forma di proiettile per esporre pistole e fucili.<\/li>\n<li>E molti altri da scoprire nel nostro negozio online!<\/li>\n<\/ul>\n<p>Ecco perch\u00e9 abbiamo pensato ad alcune idee regalo per gli appassionati di storia.<\/p>\n<p>In conclusione, potete utilizzare questo distintivo da Deputy US Marshal anche per le vostre serate country. Ma soprattutto, questa sciabola \u00e8 un oggetto da collezione e un pezzo decorativo.<\/p>\n<p>R\u00e9plique Manga Cin\u00e9 \u00e8 un'azienda familiare francese. Distributore ufficiale del marchio <a href=\"https:\/\/www.denix.fr\/fr\/catalogue\/guerre-civile-occidentale-et-americaine-1861-1899\/plaques\/112-nq\/\" target=\"_blank\" rel=\"noopener noreferrer\">Denix<\/a>.<\/p>","protected":false},"excerpt":{"rendered":"<p>Distintivo da vice sceriffo degli Stati Uniti<\/p>\n<ul>\n<li>Questo distintivo a spilla \u00e8 realizzato in metallo anticato.<\/li>\n<li>Design altamente sofisticato.<\/li>\n<li>Un'aquila si trova in cima al distintivo.<\/li>\n<li>Incisione al centro della scritta Deputy US Marshal.<\/li>\n<li>Dimensioni: 8,2 cm - Peso: 27 grammi<\/li>\n<\/ul>","protected":false},"featured_media":63696,"template":"","meta":[],"product_brand":[896],"product_cat":[51,34,102,90,28,27],"product_tag":[],"class_list":{"0":"post-63695","1":"product","2":"type-product","3":"status-publish","4":"has-post-thumbnail","6":"product_brand-replique-manga-cine","7":"product_cat-accessoires-western","8":"product_cat-armes-westerns","9":"product_cat-denix","10":"product_cat-holster-accessoires-western","11":"product_cat-repliques-darmes","12":"product_cat-armes-et-accessoires-western","14":"first","15":"instock","16":"taxable","17":"shipping-taxable","18":"purchasable","19":"product-type-simple"},"yoast_head":"<!-- This site is optimized with the Yoast SEO plugin v27.4 - https:\/\/yoast.com\/product\/yoast-seo-wordpress\/ -->\n<title>Insigne Deputy US Marshal - Vente d&#039;accessoires Western | RMC<\/title>\n<meta name=\"description\" content=\"D\u00e9couvrez cette Insigne Deputy US Marshal au meilleur prix - En m\u00e9tal finement travaill\u00e9 - D\u00e9cor\u00e9 d&#039;un aigle - \u00c9pingle broche - 8.2 cm\" \/>\n<meta name=\"robots\" content=\"index, follow, max-snippet:-1, max-image-preview:large, max-video-preview:-1\" \/>\n<link rel=\"canonical\" href=\"https:\/\/repliquemangacine.fr\/it\/denix\/distintivo-a-stella-da-vice-sceriffo-di-denix\/\" \/>\n<meta property=\"og:locale\" content=\"it_IT\" \/>\n<meta property=\"og:type\" content=\"article\" \/>\n<meta property=\"og:title\" content=\"Insigne Deputy US Marshal - Vente d&#039;accessoires Western | RMC\" \/>\n<meta property=\"og:description\" content=\"D\u00e9couvrez cette Insigne Deputy US Marshal au meilleur prix - En m\u00e9tal finement travaill\u00e9 - D\u00e9cor\u00e9 d&#039;un aigle - \u00c9pingle broche - 8.2 cm\" \/>\n<meta property=\"og:url\" content=\"https:\/\/repliquemangacine.fr\/it\/denix\/distintivo-a-stella-da-vice-sceriffo-di-denix\/\" \/>\n<meta property=\"og:site_name\" content=\"R\u00e9plique Manga Cin\u00e9\" \/>\n<meta property=\"article:publisher\" content=\"https:\/\/www.facebook.com\/RepliqueMangaCine\" \/>\n<meta property=\"article:modified_time\" content=\"2025-09-23T16:03:09+00:00\" \/>\n<meta property=\"og:image\" content=\"https:\/\/repliquemangacine.fr\/wp-content\/uploads\/2023\/10\/531-Insigne-Deputy-US-Marshal-Denix.jpg\" \/>\n\t<meta property=\"og:image:width\" content=\"800\" \/>\n\t<meta property=\"og:image:height\" content=\"800\" \/>\n\t<meta property=\"og:image:type\" content=\"image\/jpeg\" \/>\n<meta name=\"twitter:card\" content=\"summary_large_image\" \/>\n<meta name=\"twitter:label1\" content=\"Tempo di lettura stimato\" \/>\n\t<meta name=\"twitter:data1\" content=\"2 minuti\" \/>\n<script type=\"application\/ld+json\" class=\"yoast-schema-graph\">{\"@context\":\"https:\\\/\\\/schema.org\",\"@graph\":[{\"@type\":\"WebPage\",\"@id\":\"https:\\\/\\\/repliquemangacine.fr\\\/denix\\\/insigne-deputy-us-marshal-denix-etoile-de-sherif\\\/\",\"url\":\"https:\\\/\\\/repliquemangacine.fr\\\/denix\\\/insigne-deputy-us-marshal-denix-etoile-de-sherif\\\/\",\"name\":\"Insigne Deputy US Marshal - Vente d'accessoires Western | RMC\",\"isPartOf\":{\"@id\":\"https:\\\/\\\/repliquemangacine.fr\\\/#website\"},\"primaryImageOfPage\":{\"@id\":\"https:\\\/\\\/repliquemangacine.fr\\\/denix\\\/insigne-deputy-us-marshal-denix-etoile-de-sherif\\\/#primaryimage\"},\"image\":{\"@id\":\"https:\\\/\\\/repliquemangacine.fr\\\/denix\\\/insigne-deputy-us-marshal-denix-etoile-de-sherif\\\/#primaryimage\"},\"thumbnailUrl\":\"https:\\\/\\\/repliquemangacine.fr\\\/wp-content\\\/uploads\\\/2023\\\/10\\\/531-Insigne-Deputy-US-Marshal-Denix.jpg\",\"datePublished\":\"2016-10-12T17:34:41+00:00\",\"dateModified\":\"2025-09-23T16:03:09+00:00\",\"description\":\"D\u00e9couvrez cette Insigne Deputy US Marshal au meilleur prix - En m\u00e9tal finement travaill\u00e9 - D\u00e9cor\u00e9 d'un aigle - \u00c9pingle broche - 8.2 cm\",\"breadcrumb\":{\"@id\":\"https:\\\/\\\/repliquemangacine.fr\\\/denix\\\/insigne-deputy-us-marshal-denix-etoile-de-sherif\\\/#breadcrumb\"},\"inLanguage\":\"it-IT\",\"potentialAction\":[{\"@type\":\"ReadAction\",\"target\":[\"https:\\\/\\\/repliquemangacine.fr\\\/denix\\\/insigne-deputy-us-marshal-denix-etoile-de-sherif\\\/\"]}]},{\"@type\":\"ImageObject\",\"inLanguage\":\"it-IT\",\"@id\":\"https:\\\/\\\/repliquemangacine.fr\\\/denix\\\/insigne-deputy-us-marshal-denix-etoile-de-sherif\\\/#primaryimage\",\"url\":\"https:\\\/\\\/repliquemangacine.fr\\\/wp-content\\\/uploads\\\/2023\\\/10\\\/531-Insigne-Deputy-US-Marshal-Denix.jpg\",\"contentUrl\":\"https:\\\/\\\/repliquemangacine.fr\\\/wp-content\\\/uploads\\\/2023\\\/10\\\/531-Insigne-Deputy-US-Marshal-Denix.jpg\",\"width\":800,\"height\":800,\"caption\":\"Insigne Deputy US Marshal - Denix\"},{\"@type\":\"BreadcrumbList\",\"@id\":\"https:\\\/\\\/repliquemangacine.fr\\\/denix\\\/insigne-deputy-us-marshal-denix-etoile-de-sherif\\\/#breadcrumb\",\"itemListElement\":[{\"@type\":\"ListItem\",\"position\":1,\"name\":\"Accueil\",\"item\":\"https:\\\/\\\/repliquemangacine.fr\\\/\"},{\"@type\":\"ListItem\",\"position\":2,\"name\":\"Produits\",\"item\":\"https:\\\/\\\/repliquemangacine.fr\\\/boutique\\\/\"},{\"@type\":\"ListItem\",\"position\":3,\"name\":\"Insigne Deputy US Marshal\"}]},{\"@type\":\"WebSite\",\"@id\":\"https:\\\/\\\/repliquemangacine.fr\\\/#website\",\"url\":\"https:\\\/\\\/repliquemangacine.fr\\\/\",\"name\":\"R\u00e9plique Manga Cin\u00e9\",\"description\":\"\",\"publisher\":{\"@id\":\"https:\\\/\\\/repliquemangacine.fr\\\/#organization\"},\"potentialAction\":[{\"@type\":\"SearchAction\",\"target\":{\"@type\":\"EntryPoint\",\"urlTemplate\":\"https:\\\/\\\/repliquemangacine.fr\\\/?s={search_term_string}\"},\"query-input\":{\"@type\":\"PropertyValueSpecification\",\"valueRequired\":true,\"valueName\":\"search_term_string\"}}],\"inLanguage\":\"it-IT\"},{\"@type\":\"Organization\",\"@id\":\"https:\\\/\\\/repliquemangacine.fr\\\/#organization\",\"name\":\"R\u00e9plique Manga Cin\u00e9\",\"url\":\"https:\\\/\\\/repliquemangacine.fr\\\/\",\"logo\":{\"@type\":\"ImageObject\",\"inLanguage\":\"it-IT\",\"@id\":\"https:\\\/\\\/repliquemangacine.fr\\\/#\\\/schema\\\/logo\\\/image\\\/\",\"url\":\"https:\\\/\\\/repliquemangacine.fr\\\/wp-content\\\/uploads\\\/2023\\\/10\\\/RMC-500250.png\",\"contentUrl\":\"https:\\\/\\\/repliquemangacine.fr\\\/wp-content\\\/uploads\\\/2023\\\/10\\\/RMC-500250.png\",\"width\":500,\"height\":250,\"caption\":\"R\u00e9plique Manga Cin\u00e9\"},\"image\":{\"@id\":\"https:\\\/\\\/repliquemangacine.fr\\\/#\\\/schema\\\/logo\\\/image\\\/\"},\"sameAs\":[\"https:\\\/\\\/www.facebook.com\\\/RepliqueMangaCine\",\"https:\\\/\\\/www.instagram.com\\\/repliquemangacine.fr\\\/\"]}]}<\/script>\n<!-- \/ Yoast SEO plugin. -->","yoast_head_json":{"title":"Distintivo per vice sceriffo degli Stati Uniti - Vendita accessori western | RMC","description":"Scopri questo distintivo Deputy US Marshal al miglior prezzo - Metallo finemente lavorato - Decorato con un'aquila - Spilla - 8,2 cm","robots":{"index":"index","follow":"follow","max-snippet":"max-snippet:-1","max-image-preview":"max-image-preview:large","max-video-preview":"max-video-preview:-1"},"canonical":"https:\/\/repliquemangacine.fr\/it\/denix\/distintivo-a-stella-da-vice-sceriffo-di-denix\/","og_locale":"it_IT","og_type":"article","og_title":"Insigne Deputy US Marshal - Vente d'accessoires Western | RMC","og_description":"D\u00e9couvrez cette Insigne Deputy US Marshal au meilleur prix - En m\u00e9tal finement travaill\u00e9 - D\u00e9cor\u00e9 d'un aigle - \u00c9pingle broche - 8.2 cm","og_url":"https:\/\/repliquemangacine.fr\/it\/denix\/distintivo-a-stella-da-vice-sceriffo-di-denix\/","og_site_name":"R\u00e9plique Manga Cin\u00e9","article_publisher":"https:\/\/www.facebook.com\/RepliqueMangaCine","article_modified_time":"2025-09-23T16:03:09+00:00","og_image":[{"width":800,"height":800,"url":"https:\/\/repliquemangacine.fr\/wp-content\/uploads\/2023\/10\/531-Insigne-Deputy-US-Marshal-Denix.jpg","type":"image\/jpeg"}],"twitter_card":"summary_large_image","twitter_misc":{"Tempo di lettura stimato":"2 minuti"},"schema":{"@context":"https:\/\/schema.org","@graph":[{"@type":"WebPage","@id":"https:\/\/repliquemangacine.fr\/denix\/insigne-deputy-us-marshal-denix-etoile-de-sherif\/","url":"https:\/\/repliquemangacine.fr\/denix\/insigne-deputy-us-marshal-denix-etoile-de-sherif\/","name":"Distintivo per vice sceriffo degli Stati Uniti - Vendita accessori western | RMC","isPartOf":{"@id":"https:\/\/repliquemangacine.fr\/#website"},"primaryImageOfPage":{"@id":"https:\/\/repliquemangacine.fr\/denix\/insigne-deputy-us-marshal-denix-etoile-de-sherif\/#primaryimage"},"image":{"@id":"https:\/\/repliquemangacine.fr\/denix\/insigne-deputy-us-marshal-denix-etoile-de-sherif\/#primaryimage"},"thumbnailUrl":"https:\/\/repliquemangacine.fr\/wp-content\/uploads\/2023\/10\/531-Insigne-Deputy-US-Marshal-Denix.jpg","datePublished":"2016-10-12T17:34:41+00:00","dateModified":"2025-09-23T16:03:09+00:00","description":"Scopri questo distintivo Deputy US Marshal al miglior prezzo - Metallo finemente lavorato - Decorato con un'aquila - Spilla - 8,2 cm","breadcrumb":{"@id":"https:\/\/repliquemangacine.fr\/denix\/insigne-deputy-us-marshal-denix-etoile-de-sherif\/#breadcrumb"},"inLanguage":"it-IT","potentialAction":[{"@type":"ReadAction","target":["https:\/\/repliquemangacine.fr\/denix\/insigne-deputy-us-marshal-denix-etoile-de-sherif\/"]}]},{"@type":"ImageObject","inLanguage":"it-IT","@id":"https:\/\/repliquemangacine.fr\/denix\/insigne-deputy-us-marshal-denix-etoile-de-sherif\/#primaryimage","url":"https:\/\/repliquemangacine.fr\/wp-content\/uploads\/2023\/10\/531-Insigne-Deputy-US-Marshal-Denix.jpg","contentUrl":"https:\/\/repliquemangacine.fr\/wp-content\/uploads\/2023\/10\/531-Insigne-Deputy-US-Marshal-Denix.jpg","width":800,"height":800,"caption":"Insigne Deputy US Marshal - Denix"},{"@type":"BreadcrumbList","@id":"https:\/\/repliquemangacine.fr\/denix\/insigne-deputy-us-marshal-denix-etoile-de-sherif\/#breadcrumb","itemListElement":[{"@type":"ListItem","position":1,"name":"Accueil","item":"https:\/\/repliquemangacine.fr\/"},{"@type":"ListItem","position":2,"name":"Produits","item":"https:\/\/repliquemangacine.fr\/boutique\/"},{"@type":"ListItem","position":3,"name":"Insigne Deputy US Marshal"}]},{"@type":"WebSite","@id":"https:\/\/repliquemangacine.fr\/#website","url":"https:\/\/repliquemangacine.fr\/","name":"R\u00e9plique Manga Cin\u00e9","description":"","publisher":{"@id":"https:\/\/repliquemangacine.fr\/#organization"},"potentialAction":[{"@type":"SearchAction","target":{"@type":"EntryPoint","urlTemplate":"https:\/\/repliquemangacine.fr\/?s={search_term_string}"},"query-input":{"@type":"PropertyValueSpecification","valueRequired":true,"valueName":"search_term_string"}}],"inLanguage":"it-IT"},{"@type":"Organization","@id":"https:\/\/repliquemangacine.fr\/#organization","name":"R\u00e9plique Manga Cin\u00e9","url":"https:\/\/repliquemangacine.fr\/","logo":{"@type":"ImageObject","inLanguage":"it-IT","@id":"https:\/\/repliquemangacine.fr\/#\/schema\/logo\/image\/","url":"https:\/\/repliquemangacine.fr\/wp-content\/uploads\/2023\/10\/RMC-500250.png","contentUrl":"https:\/\/repliquemangacine.fr\/wp-content\/uploads\/2023\/10\/RMC-500250.png","width":500,"height":250,"caption":"R\u00e9plique Manga Cin\u00e9"},"image":{"@id":"https:\/\/repliquemangacine.fr\/#\/schema\/logo\/image\/"},"sameAs":["https:\/\/www.facebook.com\/RepliqueMangaCine","https:\/\/www.instagram.com\/repliquemangacine.fr\/"]}]}},"_links":{"self":[{"href":"https:\/\/repliquemangacine.fr\/it\/wp-json\/wp\/v2\/product\/63695","targetHints":{"allow":["GET"]}}],"collection":[{"href":"https:\/\/repliquemangacine.fr\/it\/wp-json\/wp\/v2\/product"}],"about":[{"href":"https:\/\/repliquemangacine.fr\/it\/wp-json\/wp\/v2\/types\/product"}],"wp:featuredmedia":[{"embeddable":true,"href":"https:\/\/repliquemangacine.fr\/it\/wp-json\/wp\/v2\/media\/63696"}],"wp:attachment":[{"href":"https:\/\/repliquemangacine.fr\/it\/wp-json\/wp\/v2\/media?parent=63695"}],"wp:term":[{"taxonomy":"product_brand","embeddable":true,"href":"https:\/\/repliquemangacine.fr\/it\/wp-json\/wp\/v2\/product_brand?post=63695"},{"taxonomy":"product_cat","embeddable":true,"href":"https:\/\/repliquemangacine.fr\/it\/wp-json\/wp\/v2\/product_cat?post=63695"},{"taxonomy":"product_tag","embeddable":true,"href":"https:\/\/repliquemangacine.fr\/it\/wp-json\/wp\/v2\/product_tag?post=63695"}],"curies":[{"name":"wp","href":"https:\/\/api.w.org\/{rel}","templated":true}]}}