





{"id":63686,"date":"2016-09-21T19:16:08","date_gmt":"2016-09-21T17:16:08","guid":{"rendered":"https:\/\/repliquemangacine.fr\/?post_type=product&#038;p=63686"},"modified":"2026-04-06T16:08:27","modified_gmt":"2026-04-06T14:08:27","slug":"spada-a-dardo-frodo-lo-hobbit","status":"publish","type":"product","link":"https:\/\/repliquemangacine.fr\/it\/epees-seigneur-des-anneaux\/dard-epee-frodon-le-hobbit\/","title":{"rendered":"Pungolo della spada di Frodo Baggins"},"content":{"rendered":"<h2>La spada di Frodo Dard - Lo Hobbit<\/h2>\n<p>Prima di tutto, le cose da fare,<strong> la Spada di Frodo Dard <\/strong>\u00e8 una lama senza nome che Bilbo Baggins scopre in una grotta di troll. Allo stesso tempo, Gandalf e Thorin scoprono le loro rispettive spade, Glamdring e Orcrist.<\/p>\n<p>Sebbene sia solo un pugnale, \u00e8 una spada corta per una creatura delle dimensioni di un hobbit. Questo pugnale \u00e8 stato forgiato dagli elfi di Gondolin nella Prima Era. La sua caratteristica \u00e8 che si illumina di blu quando gli orchi sono vicini.<\/p>\n<p>Il Dard \u00e8 particolarmente prezioso per Sam Gamegie, il servo di Frodo, che lo usa per tagliare le ragnatele di Aracne e combatterla. Infatti, Sam Gamegie recupera la Dard quando crede che il suo padrone Frodo sia morto, avvelenato dal veleno di Aracne, e la usa contro gli Orchi di Cirith Ungol.<\/p>\n<h2>La vostra spada Frodo, Dard al miglior prezzo<\/h2>\n<p>Abbiamo tutte le repliche de Il Signore degli Anelli, basate sul lavoro di <a href=\"https:\/\/www.tolkiendil.com\/tolkien\/biographie\" target=\"_blank\" rel=\"noopener noreferrer\">Tolkien<\/a>.<\/p>\n<p>Innanzitutto,<\/p>\n<ul>\n<li>La replica del<a href=\"https:\/\/repliquemangacine.fr\/it\/spade-del-signore-degli-anelli\/anduril-aragorn-spada-signore-degli-anelli\/\">spada di Aragorn l'Anduril<\/a>.<\/li>\n<li>Cos\u00ec come il<a href=\"https:\/\/repliquemangacine.fr\/it\/spade-del-signore-degli-anelli\/signore-degli-anelli-glamdring-spada-gandalf\/\">spada di Gandalf il Grigio<\/a>il mago.<\/li>\n<li>C'\u00e8 anche il film di Boromir<\/li>\n<li>E molto altro ancora da scoprire nel nostro negozio online!<\/li>\n<\/ul>\n<p>Ecco un'ottima idea regalo per i fan della trilogia de Il Signore degli Anelli.<\/p>\n<p>Infine, \u00e8 possibile utilizzare l'opzione\u2019<strong>La spada di Frodo Dard<\/strong> nelle sfide dei cosplay alle convention. Ma soprattutto \u00e8 un oggetto da collezione e una decorazione.<\/p>\n<h2>Come faccio a mantenere la lama della mia spada del Signore degli Anelli?<\/h2>\n<p>Le spade da collezione e decorative sono realizzate e assemblate in modo semplificato. Poich\u00e9 il loro uso \u00e8 decorativo, non hanno le caratteristiche di sicurezza richieste per una spada giapponese destinata all'allenamento.<\/p>\n<p>Tuttavia, il vostro <strong>Spada Frodon Dard<\/strong> a una lama d'acciaio che deve essere curata per evitare che si danneggi nel tempo. Quando si espone la katana, gli amici saranno curiosi di vedere la lama e di toccarla. \u00c8 qui che bisogna fare attenzione, perch\u00e9 l'acidit\u00e0 delle dita \u00e8 molto dannosa per l'acciaio, indipendentemente dalla sua qualit\u00e0.<\/p>\n<p>Tuttavia, se ci\u00f2 dovesse accadere, niente panico: basta un panno inumidito con un po' d'olio per eliminare le impronte. In questo modo, la spada durer\u00e0 a lungo.<\/p>","protected":false},"excerpt":{"rendered":"<p>Dard (Sting in inglese) appare nei film Lo Hobbit e Il Signore degli Anelli.<\/p>\n<ul>\n<li>Lama in acciaio con scritta elfica.<\/li>\n<li>Impugnatura e protezione in acciaio.<\/li>\n<li>Fodero decorato.<\/li>\n<li>Lunghezza lama: 44 cm - Lunghezza totale: 58 cm<\/li>\n<li>Peso: 985 g con fodero<\/li>\n<\/ul>\n<p><strong>\u00a0<\/strong><\/p>","protected":false},"featured_media":88636,"template":"","meta":[],"product_brand":[896],"product_cat":[68,24,29],"product_tag":[],"class_list":{"0":"post-63686","1":"product","2":"type-product","3":"status-publish","4":"has-post-thumbnail","6":"product_brand-replique-manga-cine","7":"product_cat-epees-seigneur-des-anneaux","8":"product_cat-films-series-tv-vente-de-katana-epee-et-produits-derives","9":"product_cat-le-seigneur-des-anneaux","11":"first","12":"instock","13":"taxable","14":"shipping-taxable","15":"purchasable","16":"product-type-simple"},"yoast_head":"<!-- This site is optimized with the Yoast SEO plugin v27.4 - https:\/\/yoast.com\/product\/yoast-seo-wordpress\/ -->\n<title>Ep\u00e9e Frodon Dard - Seigneur des Anneaux - R\u00e9plique Manga Cin\u00e9<\/title>\n<meta name=\"description\" content=\"Commandez vite cette Ep\u00e9e Frodon Dard dans le seigneur des anneaux au meilleur prix. Lame acier - Fourreau - Longueur totale : 48 cm - Envoi 24\/48h\" \/>\n<meta name=\"robots\" content=\"index, follow, max-snippet:-1, max-image-preview:large, max-video-preview:-1\" \/>\n<link rel=\"canonical\" href=\"https:\/\/repliquemangacine.fr\/it\/spade-del-signore-degli-anelli\/spada-a-dardo-frodo-lo-hobbit\/\" \/>\n<meta property=\"og:locale\" content=\"it_IT\" \/>\n<meta property=\"og:type\" content=\"article\" \/>\n<meta property=\"og:title\" content=\"Ep\u00e9e Frodon Dard - Seigneur des Anneaux - R\u00e9plique Manga Cin\u00e9\" \/>\n<meta property=\"og:description\" content=\"Commandez vite cette Ep\u00e9e Frodon Dard dans le seigneur des anneaux au meilleur prix. Lame acier - Fourreau - Longueur totale : 48 cm - Envoi 24\/48h\" \/>\n<meta property=\"og:url\" content=\"https:\/\/repliquemangacine.fr\/it\/spade-del-signore-degli-anelli\/spada-a-dardo-frodo-lo-hobbit\/\" \/>\n<meta property=\"og:site_name\" content=\"R\u00e9plique Manga Cin\u00e9\" \/>\n<meta property=\"article:publisher\" content=\"https:\/\/www.facebook.com\/RepliqueMangaCine\" \/>\n<meta property=\"article:modified_time\" content=\"2026-04-06T14:08:27+00:00\" \/>\n<meta property=\"og:image\" content=\"https:\/\/repliquemangacine.fr\/wp-content\/uploads\/2016\/09\/Epee-Frodon-Dard.jpg\" \/>\n\t<meta property=\"og:image:width\" content=\"700\" \/>\n\t<meta property=\"og:image:height\" content=\"700\" \/>\n\t<meta property=\"og:image:type\" content=\"image\/jpeg\" \/>\n<meta name=\"twitter:card\" content=\"summary_large_image\" \/>\n<meta name=\"twitter:label1\" content=\"Tempo di lettura stimato\" \/>\n\t<meta name=\"twitter:data1\" content=\"3 minuti\" \/>\n<script type=\"application\/ld+json\" class=\"yoast-schema-graph\">{\"@context\":\"https:\\\/\\\/schema.org\",\"@graph\":[{\"@type\":\"WebPage\",\"@id\":\"https:\\\/\\\/repliquemangacine.fr\\\/epees-seigneur-des-anneaux\\\/dard-epee-frodon-le-hobbit\\\/\",\"url\":\"https:\\\/\\\/repliquemangacine.fr\\\/epees-seigneur-des-anneaux\\\/dard-epee-frodon-le-hobbit\\\/\",\"name\":\"Ep\u00e9e Frodon Dard - Seigneur des Anneaux - R\u00e9plique Manga Cin\u00e9\",\"isPartOf\":{\"@id\":\"https:\\\/\\\/repliquemangacine.fr\\\/#website\"},\"primaryImageOfPage\":{\"@id\":\"https:\\\/\\\/repliquemangacine.fr\\\/epees-seigneur-des-anneaux\\\/dard-epee-frodon-le-hobbit\\\/#primaryimage\"},\"image\":{\"@id\":\"https:\\\/\\\/repliquemangacine.fr\\\/epees-seigneur-des-anneaux\\\/dard-epee-frodon-le-hobbit\\\/#primaryimage\"},\"thumbnailUrl\":\"https:\\\/\\\/repliquemangacine.fr\\\/wp-content\\\/uploads\\\/2016\\\/09\\\/Epee-Frodon-Dard.jpg\",\"datePublished\":\"2016-09-21T17:16:08+00:00\",\"dateModified\":\"2026-04-06T14:08:27+00:00\",\"description\":\"Commandez vite cette Ep\u00e9e Frodon Dard dans le seigneur des anneaux au meilleur prix. Lame acier - Fourreau - Longueur totale : 48 cm - Envoi 24\\\/48h\",\"breadcrumb\":{\"@id\":\"https:\\\/\\\/repliquemangacine.fr\\\/epees-seigneur-des-anneaux\\\/dard-epee-frodon-le-hobbit\\\/#breadcrumb\"},\"inLanguage\":\"it-IT\",\"potentialAction\":[{\"@type\":\"ReadAction\",\"target\":[\"https:\\\/\\\/repliquemangacine.fr\\\/epees-seigneur-des-anneaux\\\/dard-epee-frodon-le-hobbit\\\/\"]}]},{\"@type\":\"ImageObject\",\"inLanguage\":\"it-IT\",\"@id\":\"https:\\\/\\\/repliquemangacine.fr\\\/epees-seigneur-des-anneaux\\\/dard-epee-frodon-le-hobbit\\\/#primaryimage\",\"url\":\"https:\\\/\\\/repliquemangacine.fr\\\/wp-content\\\/uploads\\\/2016\\\/09\\\/Epee-Frodon-Dard.jpg\",\"contentUrl\":\"https:\\\/\\\/repliquemangacine.fr\\\/wp-content\\\/uploads\\\/2016\\\/09\\\/Epee-Frodon-Dard.jpg\",\"width\":700,\"height\":700,\"caption\":\"Ep\u00e9e Frodon Dard - Le Seigneur des Anneaux\"},{\"@type\":\"BreadcrumbList\",\"@id\":\"https:\\\/\\\/repliquemangacine.fr\\\/epees-seigneur-des-anneaux\\\/dard-epee-frodon-le-hobbit\\\/#breadcrumb\",\"itemListElement\":[{\"@type\":\"ListItem\",\"position\":1,\"name\":\"Accueil\",\"item\":\"https:\\\/\\\/repliquemangacine.fr\\\/\"},{\"@type\":\"ListItem\",\"position\":2,\"name\":\"Produits\",\"item\":\"https:\\\/\\\/repliquemangacine.fr\\\/boutique\\\/\"},{\"@type\":\"ListItem\",\"position\":3,\"name\":\"Dard Ep\u00e9e Frodon Sacquet\"}]},{\"@type\":\"WebSite\",\"@id\":\"https:\\\/\\\/repliquemangacine.fr\\\/#website\",\"url\":\"https:\\\/\\\/repliquemangacine.fr\\\/\",\"name\":\"R\u00e9plique Manga Cin\u00e9\",\"description\":\"\",\"publisher\":{\"@id\":\"https:\\\/\\\/repliquemangacine.fr\\\/#organization\"},\"potentialAction\":[{\"@type\":\"SearchAction\",\"target\":{\"@type\":\"EntryPoint\",\"urlTemplate\":\"https:\\\/\\\/repliquemangacine.fr\\\/?s={search_term_string}\"},\"query-input\":{\"@type\":\"PropertyValueSpecification\",\"valueRequired\":true,\"valueName\":\"search_term_string\"}}],\"inLanguage\":\"it-IT\"},{\"@type\":\"Organization\",\"@id\":\"https:\\\/\\\/repliquemangacine.fr\\\/#organization\",\"name\":\"R\u00e9plique Manga Cin\u00e9\",\"url\":\"https:\\\/\\\/repliquemangacine.fr\\\/\",\"logo\":{\"@type\":\"ImageObject\",\"inLanguage\":\"it-IT\",\"@id\":\"https:\\\/\\\/repliquemangacine.fr\\\/#\\\/schema\\\/logo\\\/image\\\/\",\"url\":\"https:\\\/\\\/repliquemangacine.fr\\\/wp-content\\\/uploads\\\/2023\\\/10\\\/RMC-500250.png\",\"contentUrl\":\"https:\\\/\\\/repliquemangacine.fr\\\/wp-content\\\/uploads\\\/2023\\\/10\\\/RMC-500250.png\",\"width\":500,\"height\":250,\"caption\":\"R\u00e9plique Manga Cin\u00e9\"},\"image\":{\"@id\":\"https:\\\/\\\/repliquemangacine.fr\\\/#\\\/schema\\\/logo\\\/image\\\/\"},\"sameAs\":[\"https:\\\/\\\/www.facebook.com\\\/RepliqueMangaCine\",\"https:\\\/\\\/www.instagram.com\\\/repliquemangacine.fr\\\/\"]}]}<\/script>\n<!-- \/ Yoast SEO plugin. -->","yoast_head_json":{"title":"Spada Frodo Dard - Il Signore degli Anelli - R\u00e9plique Manga Cin\u00e9","description":"Ordina questa spada di Frodo Dard dal Signore degli Anelli al miglior prezzo. Lama in acciaio - Fodero - Lunghezza totale: 48 cm - Spedizione 24\/48h","robots":{"index":"index","follow":"follow","max-snippet":"max-snippet:-1","max-image-preview":"max-image-preview:large","max-video-preview":"max-video-preview:-1"},"canonical":"https:\/\/repliquemangacine.fr\/it\/spade-del-signore-degli-anelli\/spada-a-dardo-frodo-lo-hobbit\/","og_locale":"it_IT","og_type":"article","og_title":"Ep\u00e9e Frodon Dard - Seigneur des Anneaux - R\u00e9plique Manga Cin\u00e9","og_description":"Commandez vite cette Ep\u00e9e Frodon Dard dans le seigneur des anneaux au meilleur prix. Lame acier - Fourreau - Longueur totale : 48 cm - Envoi 24\/48h","og_url":"https:\/\/repliquemangacine.fr\/it\/spade-del-signore-degli-anelli\/spada-a-dardo-frodo-lo-hobbit\/","og_site_name":"R\u00e9plique Manga Cin\u00e9","article_publisher":"https:\/\/www.facebook.com\/RepliqueMangaCine","article_modified_time":"2026-04-06T14:08:27+00:00","og_image":[{"width":700,"height":700,"url":"https:\/\/repliquemangacine.fr\/wp-content\/uploads\/2016\/09\/Epee-Frodon-Dard.jpg","type":"image\/jpeg"}],"twitter_card":"summary_large_image","twitter_misc":{"Tempo di lettura stimato":"3 minuti"},"schema":{"@context":"https:\/\/schema.org","@graph":[{"@type":"WebPage","@id":"https:\/\/repliquemangacine.fr\/epees-seigneur-des-anneaux\/dard-epee-frodon-le-hobbit\/","url":"https:\/\/repliquemangacine.fr\/epees-seigneur-des-anneaux\/dard-epee-frodon-le-hobbit\/","name":"Spada Frodo Dard - Il Signore degli Anelli - R\u00e9plique Manga Cin\u00e9","isPartOf":{"@id":"https:\/\/repliquemangacine.fr\/#website"},"primaryImageOfPage":{"@id":"https:\/\/repliquemangacine.fr\/epees-seigneur-des-anneaux\/dard-epee-frodon-le-hobbit\/#primaryimage"},"image":{"@id":"https:\/\/repliquemangacine.fr\/epees-seigneur-des-anneaux\/dard-epee-frodon-le-hobbit\/#primaryimage"},"thumbnailUrl":"https:\/\/repliquemangacine.fr\/wp-content\/uploads\/2016\/09\/Epee-Frodon-Dard.jpg","datePublished":"2016-09-21T17:16:08+00:00","dateModified":"2026-04-06T14:08:27+00:00","description":"Ordina questa spada di Frodo Dard dal Signore degli Anelli al miglior prezzo. Lama in acciaio - Fodero - Lunghezza totale: 48 cm - Spedizione 24\/48h","breadcrumb":{"@id":"https:\/\/repliquemangacine.fr\/epees-seigneur-des-anneaux\/dard-epee-frodon-le-hobbit\/#breadcrumb"},"inLanguage":"it-IT","potentialAction":[{"@type":"ReadAction","target":["https:\/\/repliquemangacine.fr\/epees-seigneur-des-anneaux\/dard-epee-frodon-le-hobbit\/"]}]},{"@type":"ImageObject","inLanguage":"it-IT","@id":"https:\/\/repliquemangacine.fr\/epees-seigneur-des-anneaux\/dard-epee-frodon-le-hobbit\/#primaryimage","url":"https:\/\/repliquemangacine.fr\/wp-content\/uploads\/2016\/09\/Epee-Frodon-Dard.jpg","contentUrl":"https:\/\/repliquemangacine.fr\/wp-content\/uploads\/2016\/09\/Epee-Frodon-Dard.jpg","width":700,"height":700,"caption":"Ep\u00e9e Frodon Dard - Le Seigneur des Anneaux"},{"@type":"BreadcrumbList","@id":"https:\/\/repliquemangacine.fr\/epees-seigneur-des-anneaux\/dard-epee-frodon-le-hobbit\/#breadcrumb","itemListElement":[{"@type":"ListItem","position":1,"name":"Accueil","item":"https:\/\/repliquemangacine.fr\/"},{"@type":"ListItem","position":2,"name":"Produits","item":"https:\/\/repliquemangacine.fr\/boutique\/"},{"@type":"ListItem","position":3,"name":"Dard Ep\u00e9e Frodon Sacquet"}]},{"@type":"WebSite","@id":"https:\/\/repliquemangacine.fr\/#website","url":"https:\/\/repliquemangacine.fr\/","name":"R\u00e9plique Manga Cin\u00e9","description":"","publisher":{"@id":"https:\/\/repliquemangacine.fr\/#organization"},"potentialAction":[{"@type":"SearchAction","target":{"@type":"EntryPoint","urlTemplate":"https:\/\/repliquemangacine.fr\/?s={search_term_string}"},"query-input":{"@type":"PropertyValueSpecification","valueRequired":true,"valueName":"search_term_string"}}],"inLanguage":"it-IT"},{"@type":"Organization","@id":"https:\/\/repliquemangacine.fr\/#organization","name":"R\u00e9plique Manga Cin\u00e9","url":"https:\/\/repliquemangacine.fr\/","logo":{"@type":"ImageObject","inLanguage":"it-IT","@id":"https:\/\/repliquemangacine.fr\/#\/schema\/logo\/image\/","url":"https:\/\/repliquemangacine.fr\/wp-content\/uploads\/2023\/10\/RMC-500250.png","contentUrl":"https:\/\/repliquemangacine.fr\/wp-content\/uploads\/2023\/10\/RMC-500250.png","width":500,"height":250,"caption":"R\u00e9plique Manga Cin\u00e9"},"image":{"@id":"https:\/\/repliquemangacine.fr\/#\/schema\/logo\/image\/"},"sameAs":["https:\/\/www.facebook.com\/RepliqueMangaCine","https:\/\/www.instagram.com\/repliquemangacine.fr\/"]}]}},"_links":{"self":[{"href":"https:\/\/repliquemangacine.fr\/it\/wp-json\/wp\/v2\/product\/63686","targetHints":{"allow":["GET"]}}],"collection":[{"href":"https:\/\/repliquemangacine.fr\/it\/wp-json\/wp\/v2\/product"}],"about":[{"href":"https:\/\/repliquemangacine.fr\/it\/wp-json\/wp\/v2\/types\/product"}],"wp:featuredmedia":[{"embeddable":true,"href":"https:\/\/repliquemangacine.fr\/it\/wp-json\/wp\/v2\/media\/88636"}],"wp:attachment":[{"href":"https:\/\/repliquemangacine.fr\/it\/wp-json\/wp\/v2\/media?parent=63686"}],"wp:term":[{"taxonomy":"product_brand","embeddable":true,"href":"https:\/\/repliquemangacine.fr\/it\/wp-json\/wp\/v2\/product_brand?post=63686"},{"taxonomy":"product_cat","embeddable":true,"href":"https:\/\/repliquemangacine.fr\/it\/wp-json\/wp\/v2\/product_cat?post=63686"},{"taxonomy":"product_tag","embeddable":true,"href":"https:\/\/repliquemangacine.fr\/it\/wp-json\/wp\/v2\/product_tag?post=63686"}],"curies":[{"name":"wp","href":"https:\/\/api.w.org\/{rel}","templated":true}]}}