





{"id":63681,"date":"2016-08-23T15:39:34","date_gmt":"2016-08-23T13:39:34","guid":{"rendered":"https:\/\/repliquemangacine.fr\/?post_type=product&#038;p=63681"},"modified":"2025-09-23T18:03:09","modified_gmt":"2025-09-23T16:03:09","slug":"spada-shikai-de-zangetsu-v2-ichigo","status":"publish","type":"product","link":"https:\/\/repliquemangacine.fr\/it\/katana-bleach\/shikai-de-zangetsu-v2-epee-ichigo\/","title":{"rendered":"Shika\u00ef Ichigo V2"},"content":{"rendered":"<h2>Replica dello Shikai Ichigo V2 in Bleach<\/h2>\n<p>Per cominciare, la Shikai Ichigo v2 di Bleach si vede nel capitolo 459. Questa spada Ichigo ha la forma di una mannaia.<\/p>\n<p>Quando Ichigo riacquista i suoi poteri, lo shikai di <a href=\"https:\/\/bleach.fandom.com\/fr\/wiki\/Zangetsu_(Pouvoirs_Quincy)\" target=\"_blank\" rel=\"noopener noreferrer\">Zangetsu<\/a> La forma, simile a quella di un grande coltello da macellaio appuntito, \u00e8 stilizzata: la punta della lama \u00e8 ricurva come un artiglio, cos\u00ec come la protuberanza alla base della lama. L'impugnatura di questo nuovo Zangetsu \u00e8 priva di nastro, come quella di una normale spada giapponese. La sua tecnica speciale \u00e8 il Gestuga Tensho\u201d.<\/p>\n<p>Ichigo Kurosaki \u00e8 un umano con l'eccezionale capacit\u00e0 di distinguere i fantasmi. La sua vita viene stravolta quando incontra Rukia Kuchiki, che gli trasferisce i suoi poteri di Shinigami per salvare la sua famiglia da un attacco Hollow. Ichigo \u00e8 il protagonista principale del manga Bleach.<\/p>\n<h2>Il tuo Shikai Ichigo V2 al miglior prezzo.<\/h2>\n<p>Vi proponiamo tutte le battute dei vostri personaggi preferiti nel manga Bleach.<\/p>\n<p>Innanzitutto,<\/p>\n<ul>\n<li>Il primo <a href=\"https:\/\/repliquemangacine.fr\/it\/katana-bleach\/katana-tensa-zangetsu\/\">bankai d'ichigo<\/a>la versione breve di Tensa Zangetsu.<\/li>\n<li>Cos\u00ec come il <a href=\"https:\/\/repliquemangacine.fr\/it\/katana-bleach\/shikai-ichigo-bleach\/\">Shikai di Ichigo<\/a>una grande spada a forma di mannaia.<\/li>\n<li>C'\u00e8 anche il <a href=\"https:\/\/repliquemangacine.fr\/it\/katana-bleach\/katana-bleach-epee-de-kenpachi-nozarashi\/\">Kenpachi katana<\/a>Questa zanpakuto si chiama Nozarashi.<\/li>\n<li>E molti altri da scoprire nel nostro negozio online!<\/li>\n<\/ul>\n<p>Ecco quindi alcune fantastiche idee regalo per i fan di Bleach.<\/p>\n<p>In conclusione, potete darle questo <strong>Shikai Ichigo v2<\/strong> per ampliare la propria collezione di Bleach. Ma soprattutto, questa spada Ichigo Bleach \u00e8 anche un oggetto da collezione e un pezzo decorativo.<\/p>\n<h2>Come si mantiene la lama della katana di Bleach?<\/h2>\n<p>Le katane da collezione e decorative sono realizzate e assemblate in modo semplificato. Poich\u00e9 il loro uso \u00e8 decorativo, non hanno le caratteristiche di sicurezza richieste da una spada giapponese destinata all'allenamento.<\/p>\n<p>Tuttavia, il vostro <strong>Shikai Ichigo V2<\/strong> a una lama d'acciaio che deve essere curata per evitare che si danneggi nel tempo. Quando si espone la katana, gli amici saranno curiosi di vedere la lama e di toccarla. \u00c8 qui che bisogna fare attenzione, perch\u00e9 l'acidit\u00e0 delle dita \u00e8 molto dannosa per l'acciaio, indipendentemente dalla sua qualit\u00e0.<\/p>\n<p>Tuttavia, se ci\u00f2 dovesse accadere, niente panico: basta un panno inumidito con un po' d'olio per eliminare le impronte. In questo modo, la spada durer\u00e0 a lungo.<\/p>\n<p>&nbsp;<\/p>","protected":false},"excerpt":{"rendered":"<p>Dopo l'ellisse Shikai, non ha una forma sigillata e rimane costantemente nello Shikai.<\/p>\n<ul>\n<li>Enorme lama ricurva (non affilata) in acciaio bicolore con intaglio all'estremit\u00e0 della lama.<\/li>\n<li>Impugnatura rivestita in similpelle.<\/li>\n<li>Viene fornito con un fodero in similpelle con cinturino che pu\u00f2 essere indossato sulla schiena a causa delle sue dimensioni.<\/li>\n<\/ul>","protected":false},"featured_media":63682,"template":"","meta":[],"product_brand":[896],"product_cat":[30,23],"product_tag":[],"class_list":{"0":"post-63681","1":"product","2":"type-product","3":"status-publish","4":"has-post-thumbnail","6":"product_brand-replique-manga-cine","7":"product_cat-katana-bleach","8":"product_cat-repliques-manga-jeux-video","10":"first","11":"outofstock","12":"taxable","13":"shipping-taxable","14":"purchasable","15":"product-type-simple"},"yoast_head":"<!-- This site is optimized with the Yoast SEO plugin v27.4 - https:\/\/yoast.com\/product\/yoast-seo-wordpress\/ -->\n<title>Shikai Ichigo v2- Ep\u00e9e Ichigo Bleach - Boutique en ligne | RMC<\/title>\n<meta name=\"description\" content=\"Achetez vite ! Cet \u00e9norme shikai Ichigo v2 dans Bleach au meilleur prix. Lame en acier - Fourreau en simili - Longueur totale : 105 cm - Envoi 24\/48H\" \/>\n<meta name=\"robots\" content=\"index, follow, max-snippet:-1, max-image-preview:large, max-video-preview:-1\" \/>\n<link rel=\"canonical\" href=\"https:\/\/repliquemangacine.fr\/it\/katana-bleach\/spada-shikai-de-zangetsu-v2-ichigo\/\" \/>\n<meta property=\"og:locale\" content=\"it_IT\" \/>\n<meta property=\"og:type\" content=\"article\" \/>\n<meta property=\"og:title\" content=\"Shikai Ichigo v2- Ep\u00e9e Ichigo Bleach - Boutique en ligne | RMC\" \/>\n<meta property=\"og:description\" content=\"Achetez vite ! Cet \u00e9norme shikai Ichigo v2 dans Bleach au meilleur prix. Lame en acier - Fourreau en simili - Longueur totale : 105 cm - Envoi 24\/48H\" \/>\n<meta property=\"og:url\" content=\"https:\/\/repliquemangacine.fr\/it\/katana-bleach\/spada-shikai-de-zangetsu-v2-ichigo\/\" \/>\n<meta property=\"og:site_name\" content=\"R\u00e9plique Manga Cin\u00e9\" \/>\n<meta property=\"article:publisher\" content=\"https:\/\/www.facebook.com\/RepliqueMangaCine\" \/>\n<meta property=\"article:modified_time\" content=\"2025-09-23T16:03:09+00:00\" \/>\n<meta property=\"og:image\" content=\"https:\/\/repliquemangacine.fr\/wp-content\/uploads\/2023\/10\/133-Shikai-de-Zangetsu-V2-sabre-Ichigo.jpg\" \/>\n\t<meta property=\"og:image:width\" content=\"800\" \/>\n\t<meta property=\"og:image:height\" content=\"800\" \/>\n\t<meta property=\"og:image:type\" content=\"image\/jpeg\" \/>\n<meta name=\"twitter:card\" content=\"summary_large_image\" \/>\n<meta name=\"twitter:label1\" content=\"Tempo di lettura stimato\" \/>\n\t<meta name=\"twitter:data1\" content=\"2 minuti\" \/>\n<script type=\"application\/ld+json\" class=\"yoast-schema-graph\">{\"@context\":\"https:\\\/\\\/schema.org\",\"@graph\":[{\"@type\":\"WebPage\",\"@id\":\"https:\\\/\\\/repliquemangacine.fr\\\/katana-bleach\\\/shikai-de-zangetsu-v2-epee-ichigo\\\/\",\"url\":\"https:\\\/\\\/repliquemangacine.fr\\\/katana-bleach\\\/shikai-de-zangetsu-v2-epee-ichigo\\\/\",\"name\":\"Shikai Ichigo v2- Ep\u00e9e Ichigo Bleach - Boutique en ligne | RMC\",\"isPartOf\":{\"@id\":\"https:\\\/\\\/repliquemangacine.fr\\\/#website\"},\"primaryImageOfPage\":{\"@id\":\"https:\\\/\\\/repliquemangacine.fr\\\/katana-bleach\\\/shikai-de-zangetsu-v2-epee-ichigo\\\/#primaryimage\"},\"image\":{\"@id\":\"https:\\\/\\\/repliquemangacine.fr\\\/katana-bleach\\\/shikai-de-zangetsu-v2-epee-ichigo\\\/#primaryimage\"},\"thumbnailUrl\":\"https:\\\/\\\/repliquemangacine.fr\\\/wp-content\\\/uploads\\\/2023\\\/10\\\/133-Shikai-de-Zangetsu-V2-sabre-Ichigo.jpg\",\"datePublished\":\"2016-08-23T13:39:34+00:00\",\"dateModified\":\"2025-09-23T16:03:09+00:00\",\"description\":\"Achetez vite ! Cet \u00e9norme shikai Ichigo v2 dans Bleach au meilleur prix. Lame en acier - Fourreau en simili - Longueur totale : 105 cm - Envoi 24\\\/48H\",\"breadcrumb\":{\"@id\":\"https:\\\/\\\/repliquemangacine.fr\\\/katana-bleach\\\/shikai-de-zangetsu-v2-epee-ichigo\\\/#breadcrumb\"},\"inLanguage\":\"it-IT\",\"potentialAction\":[{\"@type\":\"ReadAction\",\"target\":[\"https:\\\/\\\/repliquemangacine.fr\\\/katana-bleach\\\/shikai-de-zangetsu-v2-epee-ichigo\\\/\"]}]},{\"@type\":\"ImageObject\",\"inLanguage\":\"it-IT\",\"@id\":\"https:\\\/\\\/repliquemangacine.fr\\\/katana-bleach\\\/shikai-de-zangetsu-v2-epee-ichigo\\\/#primaryimage\",\"url\":\"https:\\\/\\\/repliquemangacine.fr\\\/wp-content\\\/uploads\\\/2023\\\/10\\\/133-Shikai-de-Zangetsu-V2-sabre-Ichigo.jpg\",\"contentUrl\":\"https:\\\/\\\/repliquemangacine.fr\\\/wp-content\\\/uploads\\\/2023\\\/10\\\/133-Shikai-de-Zangetsu-V2-sabre-Ichigo.jpg\",\"width\":800,\"height\":800,\"caption\":\"Shika\u00ef de Zangetsu V2 - sabre Ichigo\"},{\"@type\":\"BreadcrumbList\",\"@id\":\"https:\\\/\\\/repliquemangacine.fr\\\/katana-bleach\\\/shikai-de-zangetsu-v2-epee-ichigo\\\/#breadcrumb\",\"itemListElement\":[{\"@type\":\"ListItem\",\"position\":1,\"name\":\"Accueil\",\"item\":\"https:\\\/\\\/repliquemangacine.fr\\\/\"},{\"@type\":\"ListItem\",\"position\":2,\"name\":\"Produits\",\"item\":\"https:\\\/\\\/repliquemangacine.fr\\\/boutique\\\/\"},{\"@type\":\"ListItem\",\"position\":3,\"name\":\"Shika\u00ef Ichigo V2\"}]},{\"@type\":\"WebSite\",\"@id\":\"https:\\\/\\\/repliquemangacine.fr\\\/#website\",\"url\":\"https:\\\/\\\/repliquemangacine.fr\\\/\",\"name\":\"R\u00e9plique Manga Cin\u00e9\",\"description\":\"\",\"publisher\":{\"@id\":\"https:\\\/\\\/repliquemangacine.fr\\\/#organization\"},\"potentialAction\":[{\"@type\":\"SearchAction\",\"target\":{\"@type\":\"EntryPoint\",\"urlTemplate\":\"https:\\\/\\\/repliquemangacine.fr\\\/?s={search_term_string}\"},\"query-input\":{\"@type\":\"PropertyValueSpecification\",\"valueRequired\":true,\"valueName\":\"search_term_string\"}}],\"inLanguage\":\"it-IT\"},{\"@type\":\"Organization\",\"@id\":\"https:\\\/\\\/repliquemangacine.fr\\\/#organization\",\"name\":\"R\u00e9plique Manga Cin\u00e9\",\"url\":\"https:\\\/\\\/repliquemangacine.fr\\\/\",\"logo\":{\"@type\":\"ImageObject\",\"inLanguage\":\"it-IT\",\"@id\":\"https:\\\/\\\/repliquemangacine.fr\\\/#\\\/schema\\\/logo\\\/image\\\/\",\"url\":\"https:\\\/\\\/repliquemangacine.fr\\\/wp-content\\\/uploads\\\/2023\\\/10\\\/RMC-500250.png\",\"contentUrl\":\"https:\\\/\\\/repliquemangacine.fr\\\/wp-content\\\/uploads\\\/2023\\\/10\\\/RMC-500250.png\",\"width\":500,\"height\":250,\"caption\":\"R\u00e9plique Manga Cin\u00e9\"},\"image\":{\"@id\":\"https:\\\/\\\/repliquemangacine.fr\\\/#\\\/schema\\\/logo\\\/image\\\/\"},\"sameAs\":[\"https:\\\/\\\/www.facebook.com\\\/RepliqueMangaCine\",\"https:\\\/\\\/www.instagram.com\\\/repliquemangacine.fr\\\/\"]}]}<\/script>\n<!-- \/ Yoast SEO plugin. -->","yoast_head_json":{"title":"Shikai Ichigo v2 - Spada Ichigo Bleach - Boutique en ligne | RMC","description":"Comprate ora! Questo enorme shikai Ichigo v2 in Bleach al miglior prezzo. Lama in acciaio - Fodero in similpelle - Lunghezza totale: 105 cm - Spedizione 24\/48H","robots":{"index":"index","follow":"follow","max-snippet":"max-snippet:-1","max-image-preview":"max-image-preview:large","max-video-preview":"max-video-preview:-1"},"canonical":"https:\/\/repliquemangacine.fr\/it\/katana-bleach\/spada-shikai-de-zangetsu-v2-ichigo\/","og_locale":"it_IT","og_type":"article","og_title":"Shikai Ichigo v2- Ep\u00e9e Ichigo Bleach - Boutique en ligne | RMC","og_description":"Achetez vite ! Cet \u00e9norme shikai Ichigo v2 dans Bleach au meilleur prix. Lame en acier - Fourreau en simili - Longueur totale : 105 cm - Envoi 24\/48H","og_url":"https:\/\/repliquemangacine.fr\/it\/katana-bleach\/spada-shikai-de-zangetsu-v2-ichigo\/","og_site_name":"R\u00e9plique Manga Cin\u00e9","article_publisher":"https:\/\/www.facebook.com\/RepliqueMangaCine","article_modified_time":"2025-09-23T16:03:09+00:00","og_image":[{"width":800,"height":800,"url":"https:\/\/repliquemangacine.fr\/wp-content\/uploads\/2023\/10\/133-Shikai-de-Zangetsu-V2-sabre-Ichigo.jpg","type":"image\/jpeg"}],"twitter_card":"summary_large_image","twitter_misc":{"Tempo di lettura stimato":"2 minuti"},"schema":{"@context":"https:\/\/schema.org","@graph":[{"@type":"WebPage","@id":"https:\/\/repliquemangacine.fr\/katana-bleach\/shikai-de-zangetsu-v2-epee-ichigo\/","url":"https:\/\/repliquemangacine.fr\/katana-bleach\/shikai-de-zangetsu-v2-epee-ichigo\/","name":"Shikai Ichigo v2 - Spada Ichigo Bleach - Boutique en ligne | RMC","isPartOf":{"@id":"https:\/\/repliquemangacine.fr\/#website"},"primaryImageOfPage":{"@id":"https:\/\/repliquemangacine.fr\/katana-bleach\/shikai-de-zangetsu-v2-epee-ichigo\/#primaryimage"},"image":{"@id":"https:\/\/repliquemangacine.fr\/katana-bleach\/shikai-de-zangetsu-v2-epee-ichigo\/#primaryimage"},"thumbnailUrl":"https:\/\/repliquemangacine.fr\/wp-content\/uploads\/2023\/10\/133-Shikai-de-Zangetsu-V2-sabre-Ichigo.jpg","datePublished":"2016-08-23T13:39:34+00:00","dateModified":"2025-09-23T16:03:09+00:00","description":"Comprate ora! Questo enorme shikai Ichigo v2 in Bleach al miglior prezzo. Lama in acciaio - Fodero in similpelle - Lunghezza totale: 105 cm - Spedizione 24\/48H","breadcrumb":{"@id":"https:\/\/repliquemangacine.fr\/katana-bleach\/shikai-de-zangetsu-v2-epee-ichigo\/#breadcrumb"},"inLanguage":"it-IT","potentialAction":[{"@type":"ReadAction","target":["https:\/\/repliquemangacine.fr\/katana-bleach\/shikai-de-zangetsu-v2-epee-ichigo\/"]}]},{"@type":"ImageObject","inLanguage":"it-IT","@id":"https:\/\/repliquemangacine.fr\/katana-bleach\/shikai-de-zangetsu-v2-epee-ichigo\/#primaryimage","url":"https:\/\/repliquemangacine.fr\/wp-content\/uploads\/2023\/10\/133-Shikai-de-Zangetsu-V2-sabre-Ichigo.jpg","contentUrl":"https:\/\/repliquemangacine.fr\/wp-content\/uploads\/2023\/10\/133-Shikai-de-Zangetsu-V2-sabre-Ichigo.jpg","width":800,"height":800,"caption":"Shika\u00ef de Zangetsu V2 - sabre Ichigo"},{"@type":"BreadcrumbList","@id":"https:\/\/repliquemangacine.fr\/katana-bleach\/shikai-de-zangetsu-v2-epee-ichigo\/#breadcrumb","itemListElement":[{"@type":"ListItem","position":1,"name":"Accueil","item":"https:\/\/repliquemangacine.fr\/"},{"@type":"ListItem","position":2,"name":"Produits","item":"https:\/\/repliquemangacine.fr\/boutique\/"},{"@type":"ListItem","position":3,"name":"Shika\u00ef Ichigo V2"}]},{"@type":"WebSite","@id":"https:\/\/repliquemangacine.fr\/#website","url":"https:\/\/repliquemangacine.fr\/","name":"R\u00e9plique Manga Cin\u00e9","description":"","publisher":{"@id":"https:\/\/repliquemangacine.fr\/#organization"},"potentialAction":[{"@type":"SearchAction","target":{"@type":"EntryPoint","urlTemplate":"https:\/\/repliquemangacine.fr\/?s={search_term_string}"},"query-input":{"@type":"PropertyValueSpecification","valueRequired":true,"valueName":"search_term_string"}}],"inLanguage":"it-IT"},{"@type":"Organization","@id":"https:\/\/repliquemangacine.fr\/#organization","name":"R\u00e9plique Manga Cin\u00e9","url":"https:\/\/repliquemangacine.fr\/","logo":{"@type":"ImageObject","inLanguage":"it-IT","@id":"https:\/\/repliquemangacine.fr\/#\/schema\/logo\/image\/","url":"https:\/\/repliquemangacine.fr\/wp-content\/uploads\/2023\/10\/RMC-500250.png","contentUrl":"https:\/\/repliquemangacine.fr\/wp-content\/uploads\/2023\/10\/RMC-500250.png","width":500,"height":250,"caption":"R\u00e9plique Manga Cin\u00e9"},"image":{"@id":"https:\/\/repliquemangacine.fr\/#\/schema\/logo\/image\/"},"sameAs":["https:\/\/www.facebook.com\/RepliqueMangaCine","https:\/\/www.instagram.com\/repliquemangacine.fr\/"]}]}},"_links":{"self":[{"href":"https:\/\/repliquemangacine.fr\/it\/wp-json\/wp\/v2\/product\/63681","targetHints":{"allow":["GET"]}}],"collection":[{"href":"https:\/\/repliquemangacine.fr\/it\/wp-json\/wp\/v2\/product"}],"about":[{"href":"https:\/\/repliquemangacine.fr\/it\/wp-json\/wp\/v2\/types\/product"}],"wp:featuredmedia":[{"embeddable":true,"href":"https:\/\/repliquemangacine.fr\/it\/wp-json\/wp\/v2\/media\/63682"}],"wp:attachment":[{"href":"https:\/\/repliquemangacine.fr\/it\/wp-json\/wp\/v2\/media?parent=63681"}],"wp:term":[{"taxonomy":"product_brand","embeddable":true,"href":"https:\/\/repliquemangacine.fr\/it\/wp-json\/wp\/v2\/product_brand?post=63681"},{"taxonomy":"product_cat","embeddable":true,"href":"https:\/\/repliquemangacine.fr\/it\/wp-json\/wp\/v2\/product_cat?post=63681"},{"taxonomy":"product_tag","embeddable":true,"href":"https:\/\/repliquemangacine.fr\/it\/wp-json\/wp\/v2\/product_tag?post=63681"}],"curies":[{"name":"wp","href":"https:\/\/api.w.org\/{rel}","templated":true}]}}