





{"id":63675,"date":"2016-08-21T21:47:15","date_gmt":"2016-08-21T19:47:15","guid":{"rendered":"https:\/\/repliquemangacine.fr\/?post_type=product&#038;p=63675"},"modified":"2026-01-08T15:36:58","modified_gmt":"2026-01-08T14:36:58","slug":"katana-tensa-zangetsu-v3-bankai-104cm","status":"publish","type":"product","link":"https:\/\/repliquemangacine.fr\/it\/katana-bleach\/katana-tensa-zangetsu-v3-bankai-104cm\/","title":{"rendered":"Katana Tensa Zangetsu V3"},"content":{"rendered":"<h2>104cm Tensa Zangetsu V3 Katana replica<\/h2>\n<p>Per cominciare, il <strong>Katana Tensa Zangetsu V3<\/strong>, \u00e8 una forma alternativa del bankai, la zanpakuto Getsuga Tensh\u014d Ultimate. Dopo aver recuperato i suoi poteri perduti tramite Fullbring, Ichigo recupera la sua Zanpakuto. Nel suo stato Bankai, subisce dei cambiamenti, come la lama pi\u00f9 lunga e affilata, completa di denti. L'arma \u00e8 molto pi\u00f9 affilata.<\/p>\n<p>Con l'obiettivo di sconfiggere Aizen, Ichigo si allena nel Dangai (il mondo intermedio) per 3 mesi, che corrispondono a 1 ora nel mondo reale, per imparare la tecnica definitiva della sua Zanpakut\u014d, la Getsuga Tensh\u014d Ultima.<\/p>\n<p>Al suo ritorno dal Dangai, <a href=\"https:\/\/bleach.fandom.com\/fr\/wiki\/Ichigo_Kurosaki#Zanpakut\u014d\" target=\"_blank\" rel=\"noopener noreferrer\">Ichigo<\/a> ha acquisito una forza senza precedenti, capace di superare la forma finale della fusione di Aizen con H\u00f4gyoku e di resistere a Had\u00f4 #90 con un incantesimo, uscendo indenne.<\/p>\n<h2>La tua Katana Tensa Zangetsu V3 al miglior prezzo.<\/h2>\n<p>Vi proponiamo tutte le battute dei vostri personaggi preferiti nel manga Bleach.<\/p>\n<p>Innanzitutto,<\/p>\n<ul>\n<li>Le <a href=\"https:\/\/repliquemangacine.fr\/it\/candeggina\/zangetsu-hollow-katana-blanc-ichigo\/\">cava di zangetsu<\/a> (katana bianca), che rappresenta il lato oscuro dell'anima di Ichigo.<\/li>\n<li>Ma si trovano anche versioni diverse, pi\u00f9 lunghe e con un diverso invecchiamento.<\/li>\n<li>C'\u00e8 anche il <a href=\"https:\/\/repliquemangacine.fr\/it\/candeggina\/shikai-benihime-katana-urahara-kisuke\/\">shikai Benihime<\/a> e il suo bastone da passeggio.<\/li>\n<li>E molti altri da scoprire nel nostro negozio online!<\/li>\n<\/ul>\n<p>Ecco quindi alcune fantastiche idee regalo per i fan di Bleach.<\/p>\n<p>In conclusione, \u00e8 possibile utilizzare questo <strong>Katana Tensa Zangetsu V3<\/strong> per le vostre sfilate di cosplay. Ma soprattutto, il Banka\u00ef Tensa Zangetsu V3 \u00e8 anche un oggetto da collezione e un pezzo decorativo.<\/p>\n<h2>Come si mantiene la lama della katana di Bleach?<\/h2>\n<p>Le katane da collezione e decorative sono realizzate e assemblate in modo semplificato. Poich\u00e9 il loro uso \u00e8 decorativo, non hanno le caratteristiche di sicurezza richieste da una spada giapponese destinata all'allenamento.<\/p>\n<p>Tuttavia, il vostro <strong>Katana Tensa Zangetsu V3<\/strong> a una lama d'acciaio che deve essere curata per evitare che si danneggi nel tempo. Quando si espone la katana, gli amici saranno curiosi di vedere la lama e di toccarla. \u00c8 qui che bisogna fare attenzione, perch\u00e9 l'acidit\u00e0 delle dita \u00e8 molto dannosa per l'acciaio, indipendentemente dalla sua qualit\u00e0.<\/p>\n<p>Tuttavia, se ci\u00f2 dovesse accadere, non fatevi prendere dal panico: basta un panno inumidito con un po' di olio per rimuovere le impronte digitali. In questo modo, la vostra spada durer\u00e0 a lungo.<\/p>","protected":false},"excerpt":{"rendered":"<p>Il Tensa Zangetsu versione corta 104 cm3 del bankai fullbring di Ichigo.<\/p>\n<ul>\n<li>Lama in acciaio non affilata con 3 curve seghettate.<\/li>\n<li>Manico circondato da una treccia di cotone nero.<\/li>\n<li>Catena di metallo di 105 cm.<\/li>\n<li>Protezione in metallo.<\/li>\n<li>Lunghezza lama: 69 cm - Lunghezza totale: 103 cm<\/li>\n<\/ul>\n<p>&nbsp;<\/p>","protected":false},"featured_media":63676,"template":"","meta":[],"product_brand":[896],"product_cat":[30,23],"product_tag":[],"class_list":{"0":"post-63675","1":"product","2":"type-product","3":"status-publish","4":"has-post-thumbnail","6":"product_brand-replique-manga-cine","7":"product_cat-katana-bleach","8":"product_cat-repliques-manga-jeux-video","10":"first","11":"instock","12":"taxable","13":"shipping-taxable","14":"purchasable","15":"product-type-simple"},"yoast_head":"<!-- This site is optimized with the Yoast SEO plugin v27.4 - https:\/\/yoast.com\/product\/yoast-seo-wordpress\/ -->\n<title>Katana Tensa Zangetsu V3 - Bleach - Boutique en ligne | RMC<\/title>\n<meta name=\"description\" content=\"Commandez vite ! Le Katana Tensa Zangetsu V3 dans Bleach au meilleur prix. Lame en acier dentel\u00e9e de 69cm - Longue chaine - Longueur 103cm - Envoi 24\/48H\" \/>\n<meta name=\"robots\" content=\"index, follow, max-snippet:-1, max-image-preview:large, max-video-preview:-1\" \/>\n<link rel=\"canonical\" href=\"https:\/\/repliquemangacine.fr\/it\/katana-bleach\/katana-tensa-zangetsu-v3-bankai-104cm\/\" \/>\n<meta property=\"og:locale\" content=\"it_IT\" \/>\n<meta property=\"og:type\" content=\"article\" \/>\n<meta property=\"og:title\" content=\"Katana Tensa Zangetsu V3 - Bleach - Boutique en ligne | RMC\" \/>\n<meta property=\"og:description\" content=\"Commandez vite ! Le Katana Tensa Zangetsu V3 dans Bleach au meilleur prix. Lame en acier dentel\u00e9e de 69cm - Longue chaine - Longueur 103cm - Envoi 24\/48H\" \/>\n<meta property=\"og:url\" content=\"https:\/\/repliquemangacine.fr\/it\/katana-bleach\/katana-tensa-zangetsu-v3-bankai-104cm\/\" \/>\n<meta property=\"og:site_name\" content=\"R\u00e9plique Manga Cin\u00e9\" \/>\n<meta property=\"article:publisher\" content=\"https:\/\/www.facebook.com\/RepliqueMangaCine\" \/>\n<meta property=\"article:modified_time\" content=\"2026-01-08T14:36:58+00:00\" \/>\n<meta property=\"og:image\" content=\"https:\/\/repliquemangacine.fr\/wp-content\/uploads\/2023\/10\/108-Bankai-Ichigo-Tensa-Zangetsu-V3-104cm.jpg\" \/>\n\t<meta property=\"og:image:width\" content=\"800\" \/>\n\t<meta property=\"og:image:height\" content=\"800\" \/>\n\t<meta property=\"og:image:type\" content=\"image\/jpeg\" \/>\n<meta name=\"twitter:card\" content=\"summary_large_image\" \/>\n<meta name=\"twitter:label1\" content=\"Tempo di lettura stimato\" \/>\n\t<meta name=\"twitter:data1\" content=\"2 minuti\" \/>\n<script type=\"application\/ld+json\" class=\"yoast-schema-graph\">{\"@context\":\"https:\\\/\\\/schema.org\",\"@graph\":[{\"@type\":\"WebPage\",\"@id\":\"https:\\\/\\\/repliquemangacine.fr\\\/katana-bleach\\\/katana-tensa-zangetsu-v3-bankai-104cm\\\/\",\"url\":\"https:\\\/\\\/repliquemangacine.fr\\\/katana-bleach\\\/katana-tensa-zangetsu-v3-bankai-104cm\\\/\",\"name\":\"Katana Tensa Zangetsu V3 - Bleach - Boutique en ligne | RMC\",\"isPartOf\":{\"@id\":\"https:\\\/\\\/repliquemangacine.fr\\\/#website\"},\"primaryImageOfPage\":{\"@id\":\"https:\\\/\\\/repliquemangacine.fr\\\/katana-bleach\\\/katana-tensa-zangetsu-v3-bankai-104cm\\\/#primaryimage\"},\"image\":{\"@id\":\"https:\\\/\\\/repliquemangacine.fr\\\/katana-bleach\\\/katana-tensa-zangetsu-v3-bankai-104cm\\\/#primaryimage\"},\"thumbnailUrl\":\"https:\\\/\\\/repliquemangacine.fr\\\/wp-content\\\/uploads\\\/2023\\\/10\\\/108-Bankai-Ichigo-Tensa-Zangetsu-V3-104cm.jpg\",\"datePublished\":\"2016-08-21T19:47:15+00:00\",\"dateModified\":\"2026-01-08T14:36:58+00:00\",\"description\":\"Commandez vite ! Le Katana Tensa Zangetsu V3 dans Bleach au meilleur prix. Lame en acier dentel\u00e9e de 69cm - Longue chaine - Longueur 103cm - Envoi 24\\\/48H\",\"breadcrumb\":{\"@id\":\"https:\\\/\\\/repliquemangacine.fr\\\/katana-bleach\\\/katana-tensa-zangetsu-v3-bankai-104cm\\\/#breadcrumb\"},\"inLanguage\":\"it-IT\",\"potentialAction\":[{\"@type\":\"ReadAction\",\"target\":[\"https:\\\/\\\/repliquemangacine.fr\\\/katana-bleach\\\/katana-tensa-zangetsu-v3-bankai-104cm\\\/\"]}]},{\"@type\":\"ImageObject\",\"inLanguage\":\"it-IT\",\"@id\":\"https:\\\/\\\/repliquemangacine.fr\\\/katana-bleach\\\/katana-tensa-zangetsu-v3-bankai-104cm\\\/#primaryimage\",\"url\":\"https:\\\/\\\/repliquemangacine.fr\\\/wp-content\\\/uploads\\\/2023\\\/10\\\/108-Bankai-Ichigo-Tensa-Zangetsu-V3-104cm.jpg\",\"contentUrl\":\"https:\\\/\\\/repliquemangacine.fr\\\/wp-content\\\/uploads\\\/2023\\\/10\\\/108-Bankai-Ichigo-Tensa-Zangetsu-V3-104cm.jpg\",\"width\":800,\"height\":800,\"caption\":\"Banka\u00ef Ichigo - Tensa Zangetsu V3 104cm\"},{\"@type\":\"BreadcrumbList\",\"@id\":\"https:\\\/\\\/repliquemangacine.fr\\\/katana-bleach\\\/katana-tensa-zangetsu-v3-bankai-104cm\\\/#breadcrumb\",\"itemListElement\":[{\"@type\":\"ListItem\",\"position\":1,\"name\":\"Accueil\",\"item\":\"https:\\\/\\\/repliquemangacine.fr\\\/\"},{\"@type\":\"ListItem\",\"position\":2,\"name\":\"Produits\",\"item\":\"https:\\\/\\\/repliquemangacine.fr\\\/boutique\\\/\"},{\"@type\":\"ListItem\",\"position\":3,\"name\":\"Katana Tensa Zangetsu V3\"}]},{\"@type\":\"WebSite\",\"@id\":\"https:\\\/\\\/repliquemangacine.fr\\\/#website\",\"url\":\"https:\\\/\\\/repliquemangacine.fr\\\/\",\"name\":\"R\u00e9plique Manga Cin\u00e9\",\"description\":\"\",\"publisher\":{\"@id\":\"https:\\\/\\\/repliquemangacine.fr\\\/#organization\"},\"potentialAction\":[{\"@type\":\"SearchAction\",\"target\":{\"@type\":\"EntryPoint\",\"urlTemplate\":\"https:\\\/\\\/repliquemangacine.fr\\\/?s={search_term_string}\"},\"query-input\":{\"@type\":\"PropertyValueSpecification\",\"valueRequired\":true,\"valueName\":\"search_term_string\"}}],\"inLanguage\":\"it-IT\"},{\"@type\":\"Organization\",\"@id\":\"https:\\\/\\\/repliquemangacine.fr\\\/#organization\",\"name\":\"R\u00e9plique Manga Cin\u00e9\",\"url\":\"https:\\\/\\\/repliquemangacine.fr\\\/\",\"logo\":{\"@type\":\"ImageObject\",\"inLanguage\":\"it-IT\",\"@id\":\"https:\\\/\\\/repliquemangacine.fr\\\/#\\\/schema\\\/logo\\\/image\\\/\",\"url\":\"https:\\\/\\\/repliquemangacine.fr\\\/wp-content\\\/uploads\\\/2023\\\/10\\\/RMC-500250.png\",\"contentUrl\":\"https:\\\/\\\/repliquemangacine.fr\\\/wp-content\\\/uploads\\\/2023\\\/10\\\/RMC-500250.png\",\"width\":500,\"height\":250,\"caption\":\"R\u00e9plique Manga Cin\u00e9\"},\"image\":{\"@id\":\"https:\\\/\\\/repliquemangacine.fr\\\/#\\\/schema\\\/logo\\\/image\\\/\"},\"sameAs\":[\"https:\\\/\\\/www.facebook.com\\\/RepliqueMangaCine\",\"https:\\\/\\\/www.instagram.com\\\/repliquemangacine.fr\\\/\"]}]}<\/script>\n<!-- \/ Yoast SEO plugin. -->","yoast_head_json":{"title":"Katana Tensa Zangetsu V3 - Bleach - Negozio online | RMC","description":"Ordina ora! La Katana Tensa Zangetsu V3 in Bleach al miglior prezzo. Lama in acciaio seghettata 69cm - Catena lunga - Lunghezza 103cm - Spedizione 24\/48H","robots":{"index":"index","follow":"follow","max-snippet":"max-snippet:-1","max-image-preview":"max-image-preview:large","max-video-preview":"max-video-preview:-1"},"canonical":"https:\/\/repliquemangacine.fr\/it\/katana-bleach\/katana-tensa-zangetsu-v3-bankai-104cm\/","og_locale":"it_IT","og_type":"article","og_title":"Katana Tensa Zangetsu V3 - Bleach - Boutique en ligne | RMC","og_description":"Commandez vite ! Le Katana Tensa Zangetsu V3 dans Bleach au meilleur prix. Lame en acier dentel\u00e9e de 69cm - Longue chaine - Longueur 103cm - Envoi 24\/48H","og_url":"https:\/\/repliquemangacine.fr\/it\/katana-bleach\/katana-tensa-zangetsu-v3-bankai-104cm\/","og_site_name":"R\u00e9plique Manga Cin\u00e9","article_publisher":"https:\/\/www.facebook.com\/RepliqueMangaCine","article_modified_time":"2026-01-08T14:36:58+00:00","og_image":[{"width":800,"height":800,"url":"https:\/\/repliquemangacine.fr\/wp-content\/uploads\/2023\/10\/108-Bankai-Ichigo-Tensa-Zangetsu-V3-104cm.jpg","type":"image\/jpeg"}],"twitter_card":"summary_large_image","twitter_misc":{"Tempo di lettura stimato":"2 minuti"},"schema":{"@context":"https:\/\/schema.org","@graph":[{"@type":"WebPage","@id":"https:\/\/repliquemangacine.fr\/katana-bleach\/katana-tensa-zangetsu-v3-bankai-104cm\/","url":"https:\/\/repliquemangacine.fr\/katana-bleach\/katana-tensa-zangetsu-v3-bankai-104cm\/","name":"Katana Tensa Zangetsu V3 - Bleach - Negozio online | RMC","isPartOf":{"@id":"https:\/\/repliquemangacine.fr\/#website"},"primaryImageOfPage":{"@id":"https:\/\/repliquemangacine.fr\/katana-bleach\/katana-tensa-zangetsu-v3-bankai-104cm\/#primaryimage"},"image":{"@id":"https:\/\/repliquemangacine.fr\/katana-bleach\/katana-tensa-zangetsu-v3-bankai-104cm\/#primaryimage"},"thumbnailUrl":"https:\/\/repliquemangacine.fr\/wp-content\/uploads\/2023\/10\/108-Bankai-Ichigo-Tensa-Zangetsu-V3-104cm.jpg","datePublished":"2016-08-21T19:47:15+00:00","dateModified":"2026-01-08T14:36:58+00:00","description":"Ordina ora! La Katana Tensa Zangetsu V3 in Bleach al miglior prezzo. Lama in acciaio seghettata 69cm - Catena lunga - Lunghezza 103cm - Spedizione 24\/48H","breadcrumb":{"@id":"https:\/\/repliquemangacine.fr\/katana-bleach\/katana-tensa-zangetsu-v3-bankai-104cm\/#breadcrumb"},"inLanguage":"it-IT","potentialAction":[{"@type":"ReadAction","target":["https:\/\/repliquemangacine.fr\/katana-bleach\/katana-tensa-zangetsu-v3-bankai-104cm\/"]}]},{"@type":"ImageObject","inLanguage":"it-IT","@id":"https:\/\/repliquemangacine.fr\/katana-bleach\/katana-tensa-zangetsu-v3-bankai-104cm\/#primaryimage","url":"https:\/\/repliquemangacine.fr\/wp-content\/uploads\/2023\/10\/108-Bankai-Ichigo-Tensa-Zangetsu-V3-104cm.jpg","contentUrl":"https:\/\/repliquemangacine.fr\/wp-content\/uploads\/2023\/10\/108-Bankai-Ichigo-Tensa-Zangetsu-V3-104cm.jpg","width":800,"height":800,"caption":"Banka\u00ef Ichigo - Tensa Zangetsu V3 104cm"},{"@type":"BreadcrumbList","@id":"https:\/\/repliquemangacine.fr\/katana-bleach\/katana-tensa-zangetsu-v3-bankai-104cm\/#breadcrumb","itemListElement":[{"@type":"ListItem","position":1,"name":"Accueil","item":"https:\/\/repliquemangacine.fr\/"},{"@type":"ListItem","position":2,"name":"Produits","item":"https:\/\/repliquemangacine.fr\/boutique\/"},{"@type":"ListItem","position":3,"name":"Katana Tensa Zangetsu V3"}]},{"@type":"WebSite","@id":"https:\/\/repliquemangacine.fr\/#website","url":"https:\/\/repliquemangacine.fr\/","name":"R\u00e9plique Manga Cin\u00e9","description":"","publisher":{"@id":"https:\/\/repliquemangacine.fr\/#organization"},"potentialAction":[{"@type":"SearchAction","target":{"@type":"EntryPoint","urlTemplate":"https:\/\/repliquemangacine.fr\/?s={search_term_string}"},"query-input":{"@type":"PropertyValueSpecification","valueRequired":true,"valueName":"search_term_string"}}],"inLanguage":"it-IT"},{"@type":"Organization","@id":"https:\/\/repliquemangacine.fr\/#organization","name":"R\u00e9plique Manga Cin\u00e9","url":"https:\/\/repliquemangacine.fr\/","logo":{"@type":"ImageObject","inLanguage":"it-IT","@id":"https:\/\/repliquemangacine.fr\/#\/schema\/logo\/image\/","url":"https:\/\/repliquemangacine.fr\/wp-content\/uploads\/2023\/10\/RMC-500250.png","contentUrl":"https:\/\/repliquemangacine.fr\/wp-content\/uploads\/2023\/10\/RMC-500250.png","width":500,"height":250,"caption":"R\u00e9plique Manga Cin\u00e9"},"image":{"@id":"https:\/\/repliquemangacine.fr\/#\/schema\/logo\/image\/"},"sameAs":["https:\/\/www.facebook.com\/RepliqueMangaCine","https:\/\/www.instagram.com\/repliquemangacine.fr\/"]}]}},"_links":{"self":[{"href":"https:\/\/repliquemangacine.fr\/it\/wp-json\/wp\/v2\/product\/63675","targetHints":{"allow":["GET"]}}],"collection":[{"href":"https:\/\/repliquemangacine.fr\/it\/wp-json\/wp\/v2\/product"}],"about":[{"href":"https:\/\/repliquemangacine.fr\/it\/wp-json\/wp\/v2\/types\/product"}],"wp:featuredmedia":[{"embeddable":true,"href":"https:\/\/repliquemangacine.fr\/it\/wp-json\/wp\/v2\/media\/63676"}],"wp:attachment":[{"href":"https:\/\/repliquemangacine.fr\/it\/wp-json\/wp\/v2\/media?parent=63675"}],"wp:term":[{"taxonomy":"product_brand","embeddable":true,"href":"https:\/\/repliquemangacine.fr\/it\/wp-json\/wp\/v2\/product_brand?post=63675"},{"taxonomy":"product_cat","embeddable":true,"href":"https:\/\/repliquemangacine.fr\/it\/wp-json\/wp\/v2\/product_cat?post=63675"},{"taxonomy":"product_tag","embeddable":true,"href":"https:\/\/repliquemangacine.fr\/it\/wp-json\/wp\/v2\/product_tag?post=63675"}],"curies":[{"name":"wp","href":"https:\/\/api.w.org\/{rel}","templated":true}]}}