





{"id":63668,"date":"2016-08-16T15:00:50","date_gmt":"2016-08-16T13:00:50","guid":{"rendered":"https:\/\/repliquemangacine.fr\/?post_type=product&#038;p=63668"},"modified":"2026-04-20T00:33:31","modified_gmt":"2026-04-19T22:33:31","slug":"fucile-ak47-kalachnicov-dassaut-denix","status":"publish","type":"product","link":"https:\/\/repliquemangacine.fr\/it\/fusil-d-assaut-fusil-moderne\/ak47-kalachnicov-fusil-dassaut-denix\/","title":{"rendered":"AK-47 Kalashnikov"},"content":{"rendered":"<h2>Fucile d'assalto AK47 Kalachnicov - Denix<\/h2>\n<p>Per cominciare, il fucile d'assalto <strong>AK47 Kalachnicov<\/strong>, progettato dall'ingegnere sovietico Mikhail Kalashnikov.<\/p>\n<p>Tra tutte le armi da fuoco esistenti al mondo al momento della sua creazione, l'AK-47 \u00e8 una delle pi\u00f9 affidabili. Infatti, quest'arma si inceppa raramente ed \u00e8 resistente a tutti gli ambienti: acqua, sabbia, ecc.<\/p>\n<p>Il costo molto basso, la robustezza, l'affidabilit\u00e0 e la facilit\u00e0 di manutenzione lo rendono estremamente popolare.<\/p>\n<p>Tuttavia, la denominazione \u00abAK-47\u00bb \u00e8 entrata a far parte del linguaggio quotidiano, al punto che pochissime persone dicono \u00abAK\u00bb senza il 47.<\/p>\n<p>Il mondo della cultura cinematografica, dei videogiochi, ecc. ha fatto largo uso di quest'arma emblematica.<\/p>\n<h2>Il vostro fucile d'assalto AK47 Kalachnicov al miglior prezzo.<\/h2>\n<p>Offriamo un'ampia gamma di riproduzioni di armi storiche.<\/p>\n<p>Innanzitutto,<\/p>\n<ul>\n<li>La pistola mitragliatrice <a href=\"https:\/\/repliquemangacine.fr\/it\/riproduzioni-darmes\/pistolet-mitrailleur-mp40-denix\/\">MP40<\/a> dall'abbreviazione tedesca Maschinenpistole 1940.<\/li>\n<li>Cos\u00ec come il fucile d'assalto <a href=\"https:\/\/repliquemangacine.fr\/it\/fucile-moderno\/fusil-d-assaut-m16\/\">M16<\/a> l'arma standard dell'esercito americano in Vietnam.<\/li>\n<li>E molti altri da scoprire nel nostro negozio online!<\/li>\n<\/ul>\n<p>Ecco perch\u00e9 questa \u00e8 un'ottima idea regalo per tutti gli amanti delle armi storiche.<\/p>\n<p>In conclusione, \u00e8 possibile utilizzare questo fucile d'assalto <strong>AK47 Kalachnicov<\/strong> per le vostre rievocazioni storiche. Ma soprattutto, quest'arma \u00e8 un oggetto da collezione e un pezzo decorativo.<\/p>\n<p>R\u00e9plique Manga Cin\u00e9 \u00e8 un'azienda francese e distributore ufficiale del marchio <a href=\"https:\/\/www.denix.fr\/fr\/catalogue\/armes-modernes-1945-1982\/mitraillettes-et-mitrailleuses\/1086\/\" target=\"_blank\" rel=\"noopener noreferrer\">Denix<\/a>.<\/p>\n<h2>Come vengono realizzate le repliche delle armi Denix?<\/h2>\n<p>Utilizzate in rievocazioni storiche, film, serie e dai collezionisti. Le riproduzioni Denix sono realizzate con materiali di alta qualit\u00e0. Sono accuratamente lavorate e assemblate per creare armi realistiche da collezione.<\/p>\n<ul>\n<li>I metalli sono in una lega metallica nota come Zamac, la cui composizione di base \u00e8 zinco in 95%.<\/li>\n<li>Le parti in plastica delle repliche sono realizzate in ABS stampato, che offre una grande resistenza.<\/li>\n<li>Il legno scelto per la sua bellezza e durata, come il mogano, l'ulivo o il noce, conferir\u00e0 ai mozziconi e alle botti un aspetto elegante e autentico.<\/li>\n<\/ul>\n<p>Si noti che tutte le riproduzioni Denix sono identiche agli originali, come il vostro <strong>AK47 Kalachnicov<\/strong>.<\/p>","protected":false},"excerpt":{"rendered":"<p>Strettamente identico all'originale, il fucile d'assalto AK-47 Kalashnikov.<\/p>\n<ul>\n<li>Calcio in legno massiccio.<\/li>\n<li>Parti metalliche in Zamac.<\/li>\n<li>Caricatore rimovibile.<\/li>\n<li>Armi in alto e colpi, ma <strong>totalmente inadatto a sparare<\/strong>.<\/li>\n<li>Non \u00e8 richiesta alcuna autorizzazione. Vendita e possesso gratuiti<\/li>\n<li>Lunghezza totale: 87 cm - Peso: 4250 grammi<\/li>\n<\/ul>\n<p><iframe title=\"Lettore video di YouTube\" src=\"https:\/\/www.youtube-nocookie.com\/embed\/EU22v4d67RQ\" width=\"370\" height=\"208\" frameborder=\"0\" allowfullscreen=\"allowfullscreen\"><\/iframe><\/p>","protected":false},"featured_media":63669,"template":"","meta":[],"product_brand":[896],"product_cat":[102,46,28],"product_tag":[],"class_list":{"0":"post-63668","1":"product","2":"type-product","3":"status-publish","4":"has-post-thumbnail","6":"product_brand-replique-manga-cine","7":"product_cat-denix","8":"product_cat-fusil-d-assaut-fusil-moderne","9":"product_cat-repliques-darmes","11":"first","12":"outofstock","13":"sale","14":"taxable","15":"shipping-taxable","16":"purchasable","17":"product-type-simple"},"yoast_head":"<!-- This site is optimized with the Yoast SEO plugin v27.4 - https:\/\/yoast.com\/product\/yoast-seo-wordpress\/ -->\n<title>AK47 Kalachnicov - Fusil d&#039;assaut Denix | R\u00e9plique Manga Cin\u00e9<\/title>\n<meta name=\"description\" content=\"Offrez-vous ! Cette r\u00e9plique de l&#039;AK47 Kalachnicov au meilleur prix - Tout en bois et zamac - M\u00e9canisme fonctionnel - Inapte aux tirs - Longueur : 87 cm\" \/>\n<meta name=\"robots\" content=\"index, follow, max-snippet:-1, max-image-preview:large, max-video-preview:-1\" \/>\n<link rel=\"canonical\" href=\"https:\/\/repliquemangacine.fr\/it\/fucile-dassalto-fucile-moderno\/fucile-ak47-kalachnicov-dassaut-denix\/\" \/>\n<meta property=\"og:locale\" content=\"it_IT\" \/>\n<meta property=\"og:type\" content=\"article\" \/>\n<meta property=\"og:title\" content=\"AK47 Kalachnicov - Fusil d&#039;assaut Denix | R\u00e9plique Manga Cin\u00e9\" \/>\n<meta property=\"og:description\" content=\"Offrez-vous ! Cette r\u00e9plique de l&#039;AK47 Kalachnicov au meilleur prix - Tout en bois et zamac - M\u00e9canisme fonctionnel - Inapte aux tirs - Longueur : 87 cm\" \/>\n<meta property=\"og:url\" content=\"https:\/\/repliquemangacine.fr\/it\/fucile-dassalto-fucile-moderno\/fucile-ak47-kalachnicov-dassaut-denix\/\" \/>\n<meta property=\"og:site_name\" content=\"R\u00e9plique Manga Cin\u00e9\" \/>\n<meta property=\"article:publisher\" content=\"https:\/\/www.facebook.com\/RepliqueMangaCine\" \/>\n<meta property=\"article:modified_time\" content=\"2026-04-19T22:33:31+00:00\" \/>\n<meta property=\"og:image\" content=\"https:\/\/repliquemangacine.fr\/wp-content\/uploads\/2023\/10\/1448-Kalach-AK-47.jpg\" \/>\n\t<meta property=\"og:image:width\" content=\"800\" \/>\n\t<meta property=\"og:image:height\" content=\"800\" \/>\n\t<meta property=\"og:image:type\" content=\"image\/jpeg\" \/>\n<meta name=\"twitter:card\" content=\"summary_large_image\" \/>\n<meta name=\"twitter:label1\" content=\"Tempo di lettura stimato\" \/>\n\t<meta name=\"twitter:data1\" content=\"2 minuti\" \/>\n<script type=\"application\/ld+json\" class=\"yoast-schema-graph\">{\"@context\":\"https:\\\/\\\/schema.org\",\"@graph\":[{\"@type\":\"WebPage\",\"@id\":\"https:\\\/\\\/repliquemangacine.fr\\\/fusil-d-assaut-fusil-moderne\\\/ak47-kalachnicov-fusil-dassaut-denix\\\/\",\"url\":\"https:\\\/\\\/repliquemangacine.fr\\\/fusil-d-assaut-fusil-moderne\\\/ak47-kalachnicov-fusil-dassaut-denix\\\/\",\"name\":\"AK47 Kalachnicov - Fusil d'assaut Denix | R\u00e9plique Manga Cin\u00e9\",\"isPartOf\":{\"@id\":\"https:\\\/\\\/repliquemangacine.fr\\\/#website\"},\"primaryImageOfPage\":{\"@id\":\"https:\\\/\\\/repliquemangacine.fr\\\/fusil-d-assaut-fusil-moderne\\\/ak47-kalachnicov-fusil-dassaut-denix\\\/#primaryimage\"},\"image\":{\"@id\":\"https:\\\/\\\/repliquemangacine.fr\\\/fusil-d-assaut-fusil-moderne\\\/ak47-kalachnicov-fusil-dassaut-denix\\\/#primaryimage\"},\"thumbnailUrl\":\"https:\\\/\\\/repliquemangacine.fr\\\/wp-content\\\/uploads\\\/2023\\\/10\\\/1448-Kalach-AK-47.jpg\",\"datePublished\":\"2016-08-16T13:00:50+00:00\",\"dateModified\":\"2026-04-19T22:33:31+00:00\",\"description\":\"Offrez-vous ! Cette r\u00e9plique de l'AK47 Kalachnicov au meilleur prix - Tout en bois et zamac - M\u00e9canisme fonctionnel - Inapte aux tirs - Longueur : 87 cm\",\"breadcrumb\":{\"@id\":\"https:\\\/\\\/repliquemangacine.fr\\\/fusil-d-assaut-fusil-moderne\\\/ak47-kalachnicov-fusil-dassaut-denix\\\/#breadcrumb\"},\"inLanguage\":\"it-IT\",\"potentialAction\":[{\"@type\":\"ReadAction\",\"target\":[\"https:\\\/\\\/repliquemangacine.fr\\\/fusil-d-assaut-fusil-moderne\\\/ak47-kalachnicov-fusil-dassaut-denix\\\/\"]}]},{\"@type\":\"ImageObject\",\"inLanguage\":\"it-IT\",\"@id\":\"https:\\\/\\\/repliquemangacine.fr\\\/fusil-d-assaut-fusil-moderne\\\/ak47-kalachnicov-fusil-dassaut-denix\\\/#primaryimage\",\"url\":\"https:\\\/\\\/repliquemangacine.fr\\\/wp-content\\\/uploads\\\/2023\\\/10\\\/1448-Kalach-AK-47.jpg\",\"contentUrl\":\"https:\\\/\\\/repliquemangacine.fr\\\/wp-content\\\/uploads\\\/2023\\\/10\\\/1448-Kalach-AK-47.jpg\",\"width\":800,\"height\":800,\"caption\":\"AK-47 Kalachnicov fusil d'assaut denix\"},{\"@type\":\"BreadcrumbList\",\"@id\":\"https:\\\/\\\/repliquemangacine.fr\\\/fusil-d-assaut-fusil-moderne\\\/ak47-kalachnicov-fusil-dassaut-denix\\\/#breadcrumb\",\"itemListElement\":[{\"@type\":\"ListItem\",\"position\":1,\"name\":\"Accueil\",\"item\":\"https:\\\/\\\/repliquemangacine.fr\\\/\"},{\"@type\":\"ListItem\",\"position\":2,\"name\":\"Produits\",\"item\":\"https:\\\/\\\/repliquemangacine.fr\\\/boutique\\\/\"},{\"@type\":\"ListItem\",\"position\":3,\"name\":\"AK-47 Kalachnikov\"}]},{\"@type\":\"WebSite\",\"@id\":\"https:\\\/\\\/repliquemangacine.fr\\\/#website\",\"url\":\"https:\\\/\\\/repliquemangacine.fr\\\/\",\"name\":\"R\u00e9plique Manga Cin\u00e9\",\"description\":\"\",\"publisher\":{\"@id\":\"https:\\\/\\\/repliquemangacine.fr\\\/#organization\"},\"potentialAction\":[{\"@type\":\"SearchAction\",\"target\":{\"@type\":\"EntryPoint\",\"urlTemplate\":\"https:\\\/\\\/repliquemangacine.fr\\\/?s={search_term_string}\"},\"query-input\":{\"@type\":\"PropertyValueSpecification\",\"valueRequired\":true,\"valueName\":\"search_term_string\"}}],\"inLanguage\":\"it-IT\"},{\"@type\":\"Organization\",\"@id\":\"https:\\\/\\\/repliquemangacine.fr\\\/#organization\",\"name\":\"R\u00e9plique Manga Cin\u00e9\",\"url\":\"https:\\\/\\\/repliquemangacine.fr\\\/\",\"logo\":{\"@type\":\"ImageObject\",\"inLanguage\":\"it-IT\",\"@id\":\"https:\\\/\\\/repliquemangacine.fr\\\/#\\\/schema\\\/logo\\\/image\\\/\",\"url\":\"https:\\\/\\\/repliquemangacine.fr\\\/wp-content\\\/uploads\\\/2023\\\/10\\\/RMC-500250.png\",\"contentUrl\":\"https:\\\/\\\/repliquemangacine.fr\\\/wp-content\\\/uploads\\\/2023\\\/10\\\/RMC-500250.png\",\"width\":500,\"height\":250,\"caption\":\"R\u00e9plique Manga Cin\u00e9\"},\"image\":{\"@id\":\"https:\\\/\\\/repliquemangacine.fr\\\/#\\\/schema\\\/logo\\\/image\\\/\"},\"sameAs\":[\"https:\\\/\\\/www.facebook.com\\\/RepliqueMangaCine\",\"https:\\\/\\\/www.instagram.com\\\/repliquemangacine.fr\\\/\"]}]}<\/script>\n<!-- \/ Yoast SEO plugin. -->","yoast_head_json":{"title":"AK47 Kalachnicov - Fucile d'assalto Denix | R\u00e9plique Manga Cin\u00e9","description":"Regalatevi! Questa replica di AK47 Kalachnicov al miglior prezzo - Tutto in legno e zamac - Meccanismo funzionale - Non adatto al tiro - Lunghezza: 87 cm","robots":{"index":"index","follow":"follow","max-snippet":"max-snippet:-1","max-image-preview":"max-image-preview:large","max-video-preview":"max-video-preview:-1"},"canonical":"https:\/\/repliquemangacine.fr\/it\/fucile-dassalto-fucile-moderno\/fucile-ak47-kalachnicov-dassaut-denix\/","og_locale":"it_IT","og_type":"article","og_title":"AK47 Kalachnicov - Fusil d'assaut Denix | R\u00e9plique Manga Cin\u00e9","og_description":"Offrez-vous ! Cette r\u00e9plique de l'AK47 Kalachnicov au meilleur prix - Tout en bois et zamac - M\u00e9canisme fonctionnel - Inapte aux tirs - Longueur : 87 cm","og_url":"https:\/\/repliquemangacine.fr\/it\/fucile-dassalto-fucile-moderno\/fucile-ak47-kalachnicov-dassaut-denix\/","og_site_name":"R\u00e9plique Manga Cin\u00e9","article_publisher":"https:\/\/www.facebook.com\/RepliqueMangaCine","article_modified_time":"2026-04-19T22:33:31+00:00","og_image":[{"width":800,"height":800,"url":"https:\/\/repliquemangacine.fr\/wp-content\/uploads\/2023\/10\/1448-Kalach-AK-47.jpg","type":"image\/jpeg"}],"twitter_card":"summary_large_image","twitter_misc":{"Tempo di lettura stimato":"2 minuti"},"schema":{"@context":"https:\/\/schema.org","@graph":[{"@type":"WebPage","@id":"https:\/\/repliquemangacine.fr\/fusil-d-assaut-fusil-moderne\/ak47-kalachnicov-fusil-dassaut-denix\/","url":"https:\/\/repliquemangacine.fr\/fusil-d-assaut-fusil-moderne\/ak47-kalachnicov-fusil-dassaut-denix\/","name":"AK47 Kalachnicov - Fucile d'assalto Denix | R\u00e9plique Manga Cin\u00e9","isPartOf":{"@id":"https:\/\/repliquemangacine.fr\/#website"},"primaryImageOfPage":{"@id":"https:\/\/repliquemangacine.fr\/fusil-d-assaut-fusil-moderne\/ak47-kalachnicov-fusil-dassaut-denix\/#primaryimage"},"image":{"@id":"https:\/\/repliquemangacine.fr\/fusil-d-assaut-fusil-moderne\/ak47-kalachnicov-fusil-dassaut-denix\/#primaryimage"},"thumbnailUrl":"https:\/\/repliquemangacine.fr\/wp-content\/uploads\/2023\/10\/1448-Kalach-AK-47.jpg","datePublished":"2016-08-16T13:00:50+00:00","dateModified":"2026-04-19T22:33:31+00:00","description":"Regalatevi! Questa replica di AK47 Kalachnicov al miglior prezzo - Tutto in legno e zamac - Meccanismo funzionale - Non adatto al tiro - Lunghezza: 87 cm","breadcrumb":{"@id":"https:\/\/repliquemangacine.fr\/fusil-d-assaut-fusil-moderne\/ak47-kalachnicov-fusil-dassaut-denix\/#breadcrumb"},"inLanguage":"it-IT","potentialAction":[{"@type":"ReadAction","target":["https:\/\/repliquemangacine.fr\/fusil-d-assaut-fusil-moderne\/ak47-kalachnicov-fusil-dassaut-denix\/"]}]},{"@type":"ImageObject","inLanguage":"it-IT","@id":"https:\/\/repliquemangacine.fr\/fusil-d-assaut-fusil-moderne\/ak47-kalachnicov-fusil-dassaut-denix\/#primaryimage","url":"https:\/\/repliquemangacine.fr\/wp-content\/uploads\/2023\/10\/1448-Kalach-AK-47.jpg","contentUrl":"https:\/\/repliquemangacine.fr\/wp-content\/uploads\/2023\/10\/1448-Kalach-AK-47.jpg","width":800,"height":800,"caption":"AK-47 Kalachnicov fusil d'assaut denix"},{"@type":"BreadcrumbList","@id":"https:\/\/repliquemangacine.fr\/fusil-d-assaut-fusil-moderne\/ak47-kalachnicov-fusil-dassaut-denix\/#breadcrumb","itemListElement":[{"@type":"ListItem","position":1,"name":"Accueil","item":"https:\/\/repliquemangacine.fr\/"},{"@type":"ListItem","position":2,"name":"Produits","item":"https:\/\/repliquemangacine.fr\/boutique\/"},{"@type":"ListItem","position":3,"name":"AK-47 Kalachnikov"}]},{"@type":"WebSite","@id":"https:\/\/repliquemangacine.fr\/#website","url":"https:\/\/repliquemangacine.fr\/","name":"R\u00e9plique Manga Cin\u00e9","description":"","publisher":{"@id":"https:\/\/repliquemangacine.fr\/#organization"},"potentialAction":[{"@type":"SearchAction","target":{"@type":"EntryPoint","urlTemplate":"https:\/\/repliquemangacine.fr\/?s={search_term_string}"},"query-input":{"@type":"PropertyValueSpecification","valueRequired":true,"valueName":"search_term_string"}}],"inLanguage":"it-IT"},{"@type":"Organization","@id":"https:\/\/repliquemangacine.fr\/#organization","name":"R\u00e9plique Manga Cin\u00e9","url":"https:\/\/repliquemangacine.fr\/","logo":{"@type":"ImageObject","inLanguage":"it-IT","@id":"https:\/\/repliquemangacine.fr\/#\/schema\/logo\/image\/","url":"https:\/\/repliquemangacine.fr\/wp-content\/uploads\/2023\/10\/RMC-500250.png","contentUrl":"https:\/\/repliquemangacine.fr\/wp-content\/uploads\/2023\/10\/RMC-500250.png","width":500,"height":250,"caption":"R\u00e9plique Manga Cin\u00e9"},"image":{"@id":"https:\/\/repliquemangacine.fr\/#\/schema\/logo\/image\/"},"sameAs":["https:\/\/www.facebook.com\/RepliqueMangaCine","https:\/\/www.instagram.com\/repliquemangacine.fr\/"]}]}},"_links":{"self":[{"href":"https:\/\/repliquemangacine.fr\/it\/wp-json\/wp\/v2\/product\/63668","targetHints":{"allow":["GET"]}}],"collection":[{"href":"https:\/\/repliquemangacine.fr\/it\/wp-json\/wp\/v2\/product"}],"about":[{"href":"https:\/\/repliquemangacine.fr\/it\/wp-json\/wp\/v2\/types\/product"}],"wp:featuredmedia":[{"embeddable":true,"href":"https:\/\/repliquemangacine.fr\/it\/wp-json\/wp\/v2\/media\/63669"}],"wp:attachment":[{"href":"https:\/\/repliquemangacine.fr\/it\/wp-json\/wp\/v2\/media?parent=63668"}],"wp:term":[{"taxonomy":"product_brand","embeddable":true,"href":"https:\/\/repliquemangacine.fr\/it\/wp-json\/wp\/v2\/product_brand?post=63668"},{"taxonomy":"product_cat","embeddable":true,"href":"https:\/\/repliquemangacine.fr\/it\/wp-json\/wp\/v2\/product_cat?post=63668"},{"taxonomy":"product_tag","embeddable":true,"href":"https:\/\/repliquemangacine.fr\/it\/wp-json\/wp\/v2\/product_tag?post=63668"}],"curies":[{"name":"wp","href":"https:\/\/api.w.org\/{rel}","templated":true}]}}