





{"id":63607,"date":"2023-06-24T16:40:24","date_gmt":"2023-06-24T14:40:24","guid":{"rendered":"https:\/\/repliquemangacine.fr\/?post_type=product&#038;p=63607"},"modified":"2025-11-18T22:38:16","modified_gmt":"2025-11-18T21:38:16","slug":"set-6-pezzi-grifondoro","status":"publish","type":"product","link":"https:\/\/repliquemangacine.fr\/it\/collectors-et-goodies-harry-potter\/coffret-6-pieces-gryffondor\/","title":{"rendered":"Set 6 pezzi Grifondoro"},"content":{"rendered":"<h2>Set 6 pezzi Grifondoro<\/h2>\n<p>Per cominciare, il <strong>Set 6 pezzi Grifondoro<\/strong>Licenza ufficiale Warner Bros Harry Potter di Cin\u00e9replicas. Questa confezione di abbigliamento, disegnata in Francia, \u00e8 un completo ad un prezzo eccezionale!<\/p>\n<p><a href=\"https:\/\/harrypotter.fandom.com\/fr\/wiki\/Gryffondor\" target=\"_blank\" rel=\"noopener noreferrer\">Grifondoro<\/a> \u00e8 una delle quattro case di Hogwarts. Prende il nome da Godric Grifondoro, uno dei quattro fondatori della scuola. Il suo stemma \u00e8 un leone d'oro su sfondo rosso.<\/p>\n<p>Se andrai a Grifondoro, ti unirai ai coraggiosi, agli audaci e ai forti, riuniti in questo luogo elevato. Da una canzone de \u201cIl Cappello di Smistamento\u201d.\u201d<\/p>\n<p>Cosa vi serve per entrare a Hogwarts? Una tunica da mago, una cravatta, un berretto, dei guanti e una sciarpa, tutti nei colori di Grifondoro.<\/p>\n<p>Siate orgogliosi di appartenere alla Scuola di Magia e Stregoneria di Hogwarts e alla vostra casa!<\/p>\n<h2>Il tuo set da 6 pezzi Grifondoro al miglior prezzo!<\/h2>\n<p>Offriamo un'ampia gamma di repliche ufficiali e non ufficiali della saga di Harry Potter.<\/p>\n<p>Innanzitutto,<\/p>\n<ul>\n<li>Il <a href=\"https:\/\/repliquemangacine.fr\/it\/bacchette-di-harry-potter\/\">bacchette magiche<\/a> di tutti i personaggi in termini ufficiali e in linee.<\/li>\n<li>Ci sono anche oggetti da collezione, come il <a href=\"https:\/\/repliquemangacine.fr\/it\/bacchette-e-oggetti-di-harry-potter\/il-deluminatore-di-ron-weasley\/\">Deluminatore<\/a> da Ron<\/li>\n<li>Cos\u00ec come il <a href=\"https:\/\/repliquemangacine.fr\/it\/collezionisti-di-harry-potter-e-chicche\/scacchiera-dei-maghi-gioco-degli-scacchi-hp\/\">set di scacchi dello stregone<\/a> Harry Potter<\/li>\n<li>E molti altri da scoprire nel nostro negozio online!<\/li>\n<\/ul>\n<p>Ecco un'ottima idea regalo per tutti i fan di Harry Potter<\/p>\n<p>In conclusione, \u00e8 possibile utilizzare questo <strong>Set 6 pezzi Grifondoro<\/strong> per la vostra festa in maschera o da aggiungere alla vostra collezione.<\/p>\n<p>R\u00e9plique Manga Cin\u00e9 \u00e8 un'azienda familiare francese.<\/p>\n<h2>Scoprite le ultime uscite di Harry Potter!<\/h2>\n<p>Sempre alla ricerca degli ultimi prodotti sul mercato, abbiamo alcune repliche da aggiungere alla vostra collezione personale.<\/p>\n<p>Prima di tutto, lo avete chiesto e sta arrivando!<\/p>\n<ul>\n<li>Le <a href=\"https:\/\/repliquemangacine.fr\/it\/collezionisti-di-harry-potter-e-chicche\/scopa-di-harry-potter-firebolt\/\">Scopa Firebolt<\/a> (Firebolt) in un'edizione limitata di 10.000 copie in tutto il mondo. Su licenza ufficiale della Warner Bros.<\/li>\n<li>\u00c8 presente anche una collezione di creature magiche, come la figura di Edvige di Harry Potter, numero 1, e Dobby, numero 2.<\/li>\n<li>Cos\u00ec come il <a href=\"https:\/\/repliquemangacine.fr\/it\/collezionisti-di-harry-potter-e-chicche\/la-borsa-di-hermione\/\">La borsa di Hermione Granger<\/a>la replica autentica dell'horcrux...<\/li>\n<li>E molti altri da scoprire presto nel nostro negozio.<\/li>\n<\/ul>\n<p>Auguriamo a tutti voi un buon viaggio lungo l'incrocio!<\/p>","protected":false},"excerpt":{"rendered":"<p>Siate orgogliosi della vostra appartenenza alla Scuola di Magia e Stregoneria di Hogwarts e della vostra Casa di Grifondoro!<\/p>\n<p>Disponibile in diverse taglie: 10-12 anni - S e M<\/p>\n<ul>\n<li>Un abito da Grifondoro<\/li>\n<li>Una cravatta di 140 x 7 cm<\/li>\n<li>una sciarpa lunga 150 cm<\/li>\n<li>Un cofano<\/li>\n<li>Un paio di guanti<\/li>\n<li>Un paio di calzini<\/li>\n<\/ul>\n<p>Prodotto su licenza ufficiale Harry Potter<\/p>","protected":false},"featured_media":64313,"template":"","meta":[],"product_brand":[896],"product_cat":[87,24,41],"product_tag":[],"class_list":{"0":"post-63607","1":"product","2":"type-product","3":"status-publish","4":"has-post-thumbnail","6":"product_brand-replique-manga-cine","7":"product_cat-collectors-et-goodies-harry-potter","8":"product_cat-films-series-tv-vente-de-katana-epee-et-produits-derives","9":"product_cat-baguettes-et-goodies-harry-potter","11":"first","12":"instock","13":"taxable","14":"shipping-taxable","15":"purchasable","16":"product-type-variable"},"yoast_head":"<!-- This site is optimized with the Yoast SEO plugin v27.4 - https:\/\/yoast.com\/product\/yoast-seo-wordpress\/ -->\n<title>Coffret 6 Pi\u00e8ces Gryffondor - D\u00e9guisement Harry Potter - RMC<\/title>\n<meta name=\"description\" content=\"Offrez-lui vite ! Ce superbe Coffret 6 Pi\u00e8ces Gryffondor au meilleur prix. Ce pack comprend : Robe de sorcier, gant, \u00e9charpe, cravate, chaussette, bonnet.\" \/>\n<meta name=\"robots\" content=\"index, follow, max-snippet:-1, max-image-preview:large, max-video-preview:-1\" \/>\n<link rel=\"canonical\" href=\"https:\/\/repliquemangacine.fr\/it\/collezionisti-di-harry-potter-e-chicche\/set-6-pezzi-grifondoro\/\" \/>\n<meta property=\"og:locale\" content=\"it_IT\" \/>\n<meta property=\"og:type\" content=\"article\" \/>\n<meta property=\"og:title\" content=\"Coffret 6 Pi\u00e8ces Gryffondor - D\u00e9guisement Harry Potter - RMC\" \/>\n<meta property=\"og:description\" content=\"Offrez-lui vite ! Ce superbe Coffret 6 Pi\u00e8ces Gryffondor au meilleur prix. Ce pack comprend : Robe de sorcier, gant, \u00e9charpe, cravate, chaussette, bonnet.\" \/>\n<meta property=\"og:url\" content=\"https:\/\/repliquemangacine.fr\/it\/collezionisti-di-harry-potter-e-chicche\/set-6-pezzi-grifondoro\/\" \/>\n<meta property=\"og:site_name\" content=\"R\u00e9plique Manga Cin\u00e9\" \/>\n<meta property=\"article:publisher\" content=\"https:\/\/www.facebook.com\/RepliqueMangaCine\" \/>\n<meta property=\"article:modified_time\" content=\"2025-11-18T21:38:16+00:00\" \/>\n<meta property=\"og:image\" content=\"https:\/\/repliquemangacine.fr\/wp-content\/uploads\/2023\/10\/Coffret-de-6-pieces-Gryffondor-2.jpg-2.jpg\" \/>\n\t<meta property=\"og:image:width\" content=\"500\" \/>\n\t<meta property=\"og:image:height\" content=\"500\" \/>\n\t<meta property=\"og:image:type\" content=\"image\/jpeg\" \/>\n<meta name=\"twitter:card\" content=\"summary_large_image\" \/>\n<meta name=\"twitter:label1\" content=\"Tempo di lettura stimato\" \/>\n\t<meta name=\"twitter:data1\" content=\"3 minuti\" \/>\n<script type=\"application\/ld+json\" class=\"yoast-schema-graph\">{\"@context\":\"https:\\\/\\\/schema.org\",\"@graph\":[{\"@type\":\"WebPage\",\"@id\":\"https:\\\/\\\/repliquemangacine.fr\\\/collectors-et-goodies-harry-potter\\\/coffret-6-pieces-gryffondor\\\/\",\"url\":\"https:\\\/\\\/repliquemangacine.fr\\\/collectors-et-goodies-harry-potter\\\/coffret-6-pieces-gryffondor\\\/\",\"name\":\"Coffret 6 Pi\u00e8ces Gryffondor - D\u00e9guisement Harry Potter - RMC\",\"isPartOf\":{\"@id\":\"https:\\\/\\\/repliquemangacine.fr\\\/#website\"},\"primaryImageOfPage\":{\"@id\":\"https:\\\/\\\/repliquemangacine.fr\\\/collectors-et-goodies-harry-potter\\\/coffret-6-pieces-gryffondor\\\/#primaryimage\"},\"image\":{\"@id\":\"https:\\\/\\\/repliquemangacine.fr\\\/collectors-et-goodies-harry-potter\\\/coffret-6-pieces-gryffondor\\\/#primaryimage\"},\"thumbnailUrl\":\"https:\\\/\\\/repliquemangacine.fr\\\/wp-content\\\/uploads\\\/2023\\\/10\\\/Coffret-de-6-pieces-Gryffondor-2.jpg-2.jpg\",\"datePublished\":\"2023-06-24T14:40:24+00:00\",\"dateModified\":\"2025-11-18T21:38:16+00:00\",\"description\":\"Offrez-lui vite ! Ce superbe Coffret 6 Pi\u00e8ces Gryffondor au meilleur prix. Ce pack comprend : Robe de sorcier, gant, \u00e9charpe, cravate, chaussette, bonnet.\",\"breadcrumb\":{\"@id\":\"https:\\\/\\\/repliquemangacine.fr\\\/collectors-et-goodies-harry-potter\\\/coffret-6-pieces-gryffondor\\\/#breadcrumb\"},\"inLanguage\":\"it-IT\",\"potentialAction\":[{\"@type\":\"ReadAction\",\"target\":[\"https:\\\/\\\/repliquemangacine.fr\\\/collectors-et-goodies-harry-potter\\\/coffret-6-pieces-gryffondor\\\/\"]}]},{\"@type\":\"ImageObject\",\"inLanguage\":\"it-IT\",\"@id\":\"https:\\\/\\\/repliquemangacine.fr\\\/collectors-et-goodies-harry-potter\\\/coffret-6-pieces-gryffondor\\\/#primaryimage\",\"url\":\"https:\\\/\\\/repliquemangacine.fr\\\/wp-content\\\/uploads\\\/2023\\\/10\\\/Coffret-de-6-pieces-Gryffondor-2.jpg-2.jpg\",\"contentUrl\":\"https:\\\/\\\/repliquemangacine.fr\\\/wp-content\\\/uploads\\\/2023\\\/10\\\/Coffret-de-6-pieces-Gryffondor-2.jpg-2.jpg\",\"width\":500,\"height\":500,\"caption\":\"Coffret 6 Pi\u00e8ces Gryffondor\"},{\"@type\":\"BreadcrumbList\",\"@id\":\"https:\\\/\\\/repliquemangacine.fr\\\/collectors-et-goodies-harry-potter\\\/coffret-6-pieces-gryffondor\\\/#breadcrumb\",\"itemListElement\":[{\"@type\":\"ListItem\",\"position\":1,\"name\":\"Accueil\",\"item\":\"https:\\\/\\\/repliquemangacine.fr\\\/\"},{\"@type\":\"ListItem\",\"position\":2,\"name\":\"Produits\",\"item\":\"https:\\\/\\\/repliquemangacine.fr\\\/boutique\\\/\"},{\"@type\":\"ListItem\",\"position\":3,\"name\":\"Coffret 6 Pi\u00e8ces Gryffondor\"}]},{\"@type\":\"WebSite\",\"@id\":\"https:\\\/\\\/repliquemangacine.fr\\\/#website\",\"url\":\"https:\\\/\\\/repliquemangacine.fr\\\/\",\"name\":\"R\u00e9plique Manga Cin\u00e9\",\"description\":\"\",\"publisher\":{\"@id\":\"https:\\\/\\\/repliquemangacine.fr\\\/#organization\"},\"potentialAction\":[{\"@type\":\"SearchAction\",\"target\":{\"@type\":\"EntryPoint\",\"urlTemplate\":\"https:\\\/\\\/repliquemangacine.fr\\\/?s={search_term_string}\"},\"query-input\":{\"@type\":\"PropertyValueSpecification\",\"valueRequired\":true,\"valueName\":\"search_term_string\"}}],\"inLanguage\":\"it-IT\"},{\"@type\":\"Organization\",\"@id\":\"https:\\\/\\\/repliquemangacine.fr\\\/#organization\",\"name\":\"R\u00e9plique Manga Cin\u00e9\",\"url\":\"https:\\\/\\\/repliquemangacine.fr\\\/\",\"logo\":{\"@type\":\"ImageObject\",\"inLanguage\":\"it-IT\",\"@id\":\"https:\\\/\\\/repliquemangacine.fr\\\/#\\\/schema\\\/logo\\\/image\\\/\",\"url\":\"https:\\\/\\\/repliquemangacine.fr\\\/wp-content\\\/uploads\\\/2023\\\/10\\\/RMC-500250.png\",\"contentUrl\":\"https:\\\/\\\/repliquemangacine.fr\\\/wp-content\\\/uploads\\\/2023\\\/10\\\/RMC-500250.png\",\"width\":500,\"height\":250,\"caption\":\"R\u00e9plique Manga Cin\u00e9\"},\"image\":{\"@id\":\"https:\\\/\\\/repliquemangacine.fr\\\/#\\\/schema\\\/logo\\\/image\\\/\"},\"sameAs\":[\"https:\\\/\\\/www.facebook.com\\\/RepliqueMangaCine\",\"https:\\\/\\\/www.instagram.com\\\/repliquemangacine.fr\\\/\"]}]}<\/script>\n<!-- \/ Yoast SEO plugin. -->","yoast_head_json":{"title":"Set 6 pezzi Grifondoro - Costume da Harry Potter - RMC","description":"Regalatele ora! Questo superbo set da 6 pezzi Grifondoro al miglior prezzo. Questa confezione comprende: Vestaglia da mago, guanto, sciarpa, cravatta, calzino, cappello.","robots":{"index":"index","follow":"follow","max-snippet":"max-snippet:-1","max-image-preview":"max-image-preview:large","max-video-preview":"max-video-preview:-1"},"canonical":"https:\/\/repliquemangacine.fr\/it\/collezionisti-di-harry-potter-e-chicche\/set-6-pezzi-grifondoro\/","og_locale":"it_IT","og_type":"article","og_title":"Coffret 6 Pi\u00e8ces Gryffondor - D\u00e9guisement Harry Potter - RMC","og_description":"Offrez-lui vite ! Ce superbe Coffret 6 Pi\u00e8ces Gryffondor au meilleur prix. Ce pack comprend : Robe de sorcier, gant, \u00e9charpe, cravate, chaussette, bonnet.","og_url":"https:\/\/repliquemangacine.fr\/it\/collezionisti-di-harry-potter-e-chicche\/set-6-pezzi-grifondoro\/","og_site_name":"R\u00e9plique Manga Cin\u00e9","article_publisher":"https:\/\/www.facebook.com\/RepliqueMangaCine","article_modified_time":"2025-11-18T21:38:16+00:00","og_image":[{"width":500,"height":500,"url":"https:\/\/repliquemangacine.fr\/wp-content\/uploads\/2023\/10\/Coffret-de-6-pieces-Gryffondor-2.jpg-2.jpg","type":"image\/jpeg"}],"twitter_card":"summary_large_image","twitter_misc":{"Tempo di lettura stimato":"3 minuti"},"schema":{"@context":"https:\/\/schema.org","@graph":[{"@type":"WebPage","@id":"https:\/\/repliquemangacine.fr\/collectors-et-goodies-harry-potter\/coffret-6-pieces-gryffondor\/","url":"https:\/\/repliquemangacine.fr\/collectors-et-goodies-harry-potter\/coffret-6-pieces-gryffondor\/","name":"Set 6 pezzi Grifondoro - Costume da Harry Potter - RMC","isPartOf":{"@id":"https:\/\/repliquemangacine.fr\/#website"},"primaryImageOfPage":{"@id":"https:\/\/repliquemangacine.fr\/collectors-et-goodies-harry-potter\/coffret-6-pieces-gryffondor\/#primaryimage"},"image":{"@id":"https:\/\/repliquemangacine.fr\/collectors-et-goodies-harry-potter\/coffret-6-pieces-gryffondor\/#primaryimage"},"thumbnailUrl":"https:\/\/repliquemangacine.fr\/wp-content\/uploads\/2023\/10\/Coffret-de-6-pieces-Gryffondor-2.jpg-2.jpg","datePublished":"2023-06-24T14:40:24+00:00","dateModified":"2025-11-18T21:38:16+00:00","description":"Regalatele ora! Questo superbo set da 6 pezzi Grifondoro al miglior prezzo. Questa confezione comprende: Vestaglia da mago, guanto, sciarpa, cravatta, calzino, cappello.","breadcrumb":{"@id":"https:\/\/repliquemangacine.fr\/collectors-et-goodies-harry-potter\/coffret-6-pieces-gryffondor\/#breadcrumb"},"inLanguage":"it-IT","potentialAction":[{"@type":"ReadAction","target":["https:\/\/repliquemangacine.fr\/collectors-et-goodies-harry-potter\/coffret-6-pieces-gryffondor\/"]}]},{"@type":"ImageObject","inLanguage":"it-IT","@id":"https:\/\/repliquemangacine.fr\/collectors-et-goodies-harry-potter\/coffret-6-pieces-gryffondor\/#primaryimage","url":"https:\/\/repliquemangacine.fr\/wp-content\/uploads\/2023\/10\/Coffret-de-6-pieces-Gryffondor-2.jpg-2.jpg","contentUrl":"https:\/\/repliquemangacine.fr\/wp-content\/uploads\/2023\/10\/Coffret-de-6-pieces-Gryffondor-2.jpg-2.jpg","width":500,"height":500,"caption":"Coffret 6 Pi\u00e8ces Gryffondor"},{"@type":"BreadcrumbList","@id":"https:\/\/repliquemangacine.fr\/collectors-et-goodies-harry-potter\/coffret-6-pieces-gryffondor\/#breadcrumb","itemListElement":[{"@type":"ListItem","position":1,"name":"Accueil","item":"https:\/\/repliquemangacine.fr\/"},{"@type":"ListItem","position":2,"name":"Produits","item":"https:\/\/repliquemangacine.fr\/boutique\/"},{"@type":"ListItem","position":3,"name":"Coffret 6 Pi\u00e8ces Gryffondor"}]},{"@type":"WebSite","@id":"https:\/\/repliquemangacine.fr\/#website","url":"https:\/\/repliquemangacine.fr\/","name":"R\u00e9plique Manga Cin\u00e9","description":"","publisher":{"@id":"https:\/\/repliquemangacine.fr\/#organization"},"potentialAction":[{"@type":"SearchAction","target":{"@type":"EntryPoint","urlTemplate":"https:\/\/repliquemangacine.fr\/?s={search_term_string}"},"query-input":{"@type":"PropertyValueSpecification","valueRequired":true,"valueName":"search_term_string"}}],"inLanguage":"it-IT"},{"@type":"Organization","@id":"https:\/\/repliquemangacine.fr\/#organization","name":"R\u00e9plique Manga Cin\u00e9","url":"https:\/\/repliquemangacine.fr\/","logo":{"@type":"ImageObject","inLanguage":"it-IT","@id":"https:\/\/repliquemangacine.fr\/#\/schema\/logo\/image\/","url":"https:\/\/repliquemangacine.fr\/wp-content\/uploads\/2023\/10\/RMC-500250.png","contentUrl":"https:\/\/repliquemangacine.fr\/wp-content\/uploads\/2023\/10\/RMC-500250.png","width":500,"height":250,"caption":"R\u00e9plique Manga Cin\u00e9"},"image":{"@id":"https:\/\/repliquemangacine.fr\/#\/schema\/logo\/image\/"},"sameAs":["https:\/\/www.facebook.com\/RepliqueMangaCine","https:\/\/www.instagram.com\/repliquemangacine.fr\/"]}]}},"_links":{"self":[{"href":"https:\/\/repliquemangacine.fr\/it\/wp-json\/wp\/v2\/product\/63607","targetHints":{"allow":["GET"]}}],"collection":[{"href":"https:\/\/repliquemangacine.fr\/it\/wp-json\/wp\/v2\/product"}],"about":[{"href":"https:\/\/repliquemangacine.fr\/it\/wp-json\/wp\/v2\/types\/product"}],"wp:featuredmedia":[{"embeddable":true,"href":"https:\/\/repliquemangacine.fr\/it\/wp-json\/wp\/v2\/media\/64313"}],"wp:attachment":[{"href":"https:\/\/repliquemangacine.fr\/it\/wp-json\/wp\/v2\/media?parent=63607"}],"wp:term":[{"taxonomy":"product_brand","embeddable":true,"href":"https:\/\/repliquemangacine.fr\/it\/wp-json\/wp\/v2\/product_brand?post=63607"},{"taxonomy":"product_cat","embeddable":true,"href":"https:\/\/repliquemangacine.fr\/it\/wp-json\/wp\/v2\/product_cat?post=63607"},{"taxonomy":"product_tag","embeddable":true,"href":"https:\/\/repliquemangacine.fr\/it\/wp-json\/wp\/v2\/product_tag?post=63607"}],"curies":[{"name":"wp","href":"https:\/\/api.w.org\/{rel}","templated":true}]}}