





{"id":63603,"date":"2022-01-10T18:45:26","date_gmt":"2022-01-10T17:45:26","guid":{"rendered":"https:\/\/repliquemangacine.fr\/?post_type=product&#038;p=63603"},"modified":"2025-09-23T18:03:15","modified_gmt":"2025-09-23T16:03:15","slug":"outfit-067-gioco-del-calamaro","status":"publish","type":"product","link":"https:\/\/repliquemangacine.fr\/it\/squid-game-costumes-et-masques\/tenue-067-squid-game\/","title":{"rendered":"067 Completo da gioco per calamari"},"content":{"rendered":"<h2>Costume completo per il gioco 067 Squid Game<\/h2>\n<p>Per cominciare, il <strong>067 Completo da gioco per calamari<\/strong> \u00e8 una tuta da jogging e una felpa di alta qualit\u00e0. Indossata da Kang Sae-byeok.<\/p>\n<p>456 persone, tutte in difficolt\u00e0 economiche, sono invitate a partecipare a una misteriosa gara di sopravvivenza. Partecipano a una serie di giochi tradizionali per bambini, ma con esiti mortali. I giocatori rischiano la vita per vincere il premio di 45,6 miliardi di won (32 milioni di euro).<\/p>\n<p>Nel primo episodio di Squid Game, a ogni giocatore viene assegnato un numero. I numeri sono in ordine di reclutamento.<\/p>\n<p>Kang Sae-byeok \u00e8 un personaggio principale della stagione 1 della serie Squid Game. Appare nell'episodio Uno, due, tre, sole. <a href=\"https:\/\/squid-game.fandom.com\/fr\/wiki\/Kang_Sae-byeok\" target=\"_blank\" rel=\"noopener noreferrer\">Kang Sae-byeok<\/a> \u00e8 la sorella di Kang Cheol.<\/p>\n<h2>Il tuo completo 067 Squid Game al miglior prezzo.<\/h2>\n<p>Offriamo una vasta gamma di travestimenti tratti dalla serie televisiva Squid Game<\/p>\n<p>Innanzitutto,<\/p>\n<ul>\n<li>La replica di questo <a href=\"https:\/\/repliquemangacine.fr\/it\/gioco-del-calamaro\/masque-cercle-squid-game\/\">maschera del guardiano<\/a> con la forma geometrica di un cerchio, per identificare i supervisori.<\/li>\n<li>C'\u00e8 anche la tuta da ginnastica del giocatore. <a href=\"https:\/\/repliquemangacine.fr\/it\/gioco-del-calamaro\/survetement-joueurs-456-squid-game\/\">Seong Gi-hun sul n. 456<\/a>.<\/li>\n<li>Cos\u00ec come il <a href=\"https:\/\/repliquemangacine.fr\/it\/gioco-del-calamaro\/combinaison-rouge-des-soldats-squid-game\/\">combinazione di soldati<\/a> responsabile della supervisione del gioco e dell'eliminazione dei partecipanti se commettono il minimo errore.<\/li>\n<li>E molti altri da scoprire nel nostro negozio online!<\/li>\n<\/ul>\n<p>Ecco un'ottima idea regalo per i fan della serie Netflix Squid Game.<\/p>\n<p>In conclusione, \u00e8 possibile utilizzare il metodo <strong>067 Completo da gioco per calamari<\/strong> per le vostre sfilate cosplay o serate a tema. Soprattutto, \u00e8 un oggetto da collezione, ma naturalmente si pu\u00f2 indossare.<\/p>\n<h2>Come vengono realizzati i costumi?<\/h2>\n<p>Per cominciare, tutti i nostri prodotti derivati sono di altissima qualit\u00e0, realizzati con una meticolosa attenzione ai dettagli. Alcuni di essi sono realizzati a mano, per riprodurre i minimi dettagli. Le parti pi\u00f9 importanti sono lavorate con macchine molto precise. Le incisioni sono generalmente realizzate con una punta di diamante o con il laser.<\/p>\n<p>Il tuo <strong>067 Completo da gioco per calamari<\/strong> \u00e8 stato realizzato per riprodurre esattamente ogni dettaglio. Realizzato in tessuto di poliestere di alta qualit\u00e0, confortevole, morbido e delicato sulla pelle.<br \/>\nIn conclusione, importate dalla Cina o dalla Spagna, le nostre repliche vi stupiranno!<\/p>\n<p>R\u00e9plique Manga Cin\u00e9 \u00e8 un'azienda familiare francese.<\/p>\n<p>Buona visita.<\/p>","protected":false},"excerpt":{"rendered":"<p>Set felpa e jogging del gioco del calamaro.<\/p>\n<ul>\n<li>Tessuto in poliestere di alta qualit\u00e0, confortevole, morbido e delicato sulla pelle.<\/li>\n<li>Pantaloni con elastico in vita e coulisse.<\/li>\n<li>Giacca con il numero del giocatore sul fronte e sul retro.<\/li>\n<li>Due tasche. Chiusura con cerniera<\/li>\n<\/ul>\n<p>Tre taglie: M - L - XL<\/p>","protected":false},"featured_media":64250,"template":"","meta":[],"product_brand":[896],"product_cat":[24,101,99],"product_tag":[],"class_list":{"0":"post-63603","1":"product","2":"type-product","3":"status-publish","4":"has-post-thumbnail","6":"product_brand-replique-manga-cine","7":"product_cat-films-series-tv-vente-de-katana-epee-et-produits-derives","8":"product_cat-soldes","9":"product_cat-squid-game-costumes-et-masques","11":"first","12":"instock","13":"sale","14":"taxable","15":"shipping-taxable","16":"purchasable","17":"product-type-variable"},"yoast_head":"<!-- This site is optimized with the Yoast SEO plugin v27.4 - https:\/\/yoast.com\/product\/yoast-seo-wordpress\/ -->\n<title>Tenue 067 Squid Game - Boutique en ligne - R\u00e9plique Manga Cin\u00e9<\/title>\n<meta name=\"description\" content=\"Offrez-vous la Tenue 067 Squid Game au meilleur prix. Tissu polyester de qualit\u00e9 - Ensemble de sport Jogging Sweatshirt - Fermeture Zipp\u00e9e - Deux Poches\" \/>\n<meta name=\"robots\" content=\"index, follow, max-snippet:-1, max-image-preview:large, max-video-preview:-1\" \/>\n<link rel=\"canonical\" href=\"https:\/\/repliquemangacine.fr\/it\/bilanci\/outfit-067-gioco-del-calamaro\/\" \/>\n<meta property=\"og:locale\" content=\"it_IT\" \/>\n<meta property=\"og:type\" content=\"article\" \/>\n<meta property=\"og:title\" content=\"Tenue 067 Squid Game - Boutique en ligne - R\u00e9plique Manga Cin\u00e9\" \/>\n<meta property=\"og:description\" content=\"Offrez-vous la Tenue 067 Squid Game au meilleur prix. Tissu polyester de qualit\u00e9 - Ensemble de sport Jogging Sweatshirt - Fermeture Zipp\u00e9e - Deux Poches\" \/>\n<meta property=\"og:url\" content=\"https:\/\/repliquemangacine.fr\/it\/bilanci\/outfit-067-gioco-del-calamaro\/\" \/>\n<meta property=\"og:site_name\" content=\"R\u00e9plique Manga Cin\u00e9\" \/>\n<meta property=\"article:publisher\" content=\"https:\/\/www.facebook.com\/RepliqueMangaCine\" \/>\n<meta property=\"article:modified_time\" content=\"2025-09-23T16:03:15+00:00\" \/>\n<meta property=\"og:image\" content=\"https:\/\/repliquemangacine.fr\/wp-content\/uploads\/2023\/10\/squid-game-067-1.jpg\" \/>\n\t<meta property=\"og:image:width\" content=\"800\" \/>\n\t<meta property=\"og:image:height\" content=\"800\" \/>\n\t<meta property=\"og:image:type\" content=\"image\/jpeg\" \/>\n<meta name=\"twitter:card\" content=\"summary_large_image\" \/>\n<meta name=\"twitter:label1\" content=\"Tempo di lettura stimato\" \/>\n\t<meta name=\"twitter:data1\" content=\"3 minuti\" \/>\n<script type=\"application\/ld+json\" class=\"yoast-schema-graph\">{\"@context\":\"https:\\\/\\\/schema.org\",\"@graph\":[{\"@type\":\"WebPage\",\"@id\":\"https:\\\/\\\/repliquemangacine.fr\\\/soldes\\\/tenue-067-squid-game\\\/\",\"url\":\"https:\\\/\\\/repliquemangacine.fr\\\/soldes\\\/tenue-067-squid-game\\\/\",\"name\":\"Tenue 067 Squid Game - Boutique en ligne - R\u00e9plique Manga Cin\u00e9\",\"isPartOf\":{\"@id\":\"https:\\\/\\\/repliquemangacine.fr\\\/#website\"},\"primaryImageOfPage\":{\"@id\":\"https:\\\/\\\/repliquemangacine.fr\\\/soldes\\\/tenue-067-squid-game\\\/#primaryimage\"},\"image\":{\"@id\":\"https:\\\/\\\/repliquemangacine.fr\\\/soldes\\\/tenue-067-squid-game\\\/#primaryimage\"},\"thumbnailUrl\":\"https:\\\/\\\/repliquemangacine.fr\\\/wp-content\\\/uploads\\\/2023\\\/10\\\/squid-game-067-1.jpg\",\"datePublished\":\"2022-01-10T17:45:26+00:00\",\"dateModified\":\"2025-09-23T16:03:15+00:00\",\"description\":\"Offrez-vous la Tenue 067 Squid Game au meilleur prix. Tissu polyester de qualit\u00e9 - Ensemble de sport Jogging Sweatshirt - Fermeture Zipp\u00e9e - Deux Poches\",\"breadcrumb\":{\"@id\":\"https:\\\/\\\/repliquemangacine.fr\\\/soldes\\\/tenue-067-squid-game\\\/#breadcrumb\"},\"inLanguage\":\"it-IT\",\"potentialAction\":[{\"@type\":\"ReadAction\",\"target\":[\"https:\\\/\\\/repliquemangacine.fr\\\/soldes\\\/tenue-067-squid-game\\\/\"]}]},{\"@type\":\"ImageObject\",\"inLanguage\":\"it-IT\",\"@id\":\"https:\\\/\\\/repliquemangacine.fr\\\/soldes\\\/tenue-067-squid-game\\\/#primaryimage\",\"url\":\"https:\\\/\\\/repliquemangacine.fr\\\/wp-content\\\/uploads\\\/2023\\\/10\\\/squid-game-067-1.jpg\",\"contentUrl\":\"https:\\\/\\\/repliquemangacine.fr\\\/wp-content\\\/uploads\\\/2023\\\/10\\\/squid-game-067-1.jpg\",\"width\":800,\"height\":800,\"caption\":\"Surv\u00eatement N\u00b0 067 Squid Game\"},{\"@type\":\"BreadcrumbList\",\"@id\":\"https:\\\/\\\/repliquemangacine.fr\\\/soldes\\\/tenue-067-squid-game\\\/#breadcrumb\",\"itemListElement\":[{\"@type\":\"ListItem\",\"position\":1,\"name\":\"Accueil\",\"item\":\"https:\\\/\\\/repliquemangacine.fr\\\/\"},{\"@type\":\"ListItem\",\"position\":2,\"name\":\"Produits\",\"item\":\"https:\\\/\\\/repliquemangacine.fr\\\/boutique\\\/\"},{\"@type\":\"ListItem\",\"position\":3,\"name\":\"Tenue 067 Squid Game\"}]},{\"@type\":\"WebSite\",\"@id\":\"https:\\\/\\\/repliquemangacine.fr\\\/#website\",\"url\":\"https:\\\/\\\/repliquemangacine.fr\\\/\",\"name\":\"R\u00e9plique Manga Cin\u00e9\",\"description\":\"\",\"publisher\":{\"@id\":\"https:\\\/\\\/repliquemangacine.fr\\\/#organization\"},\"potentialAction\":[{\"@type\":\"SearchAction\",\"target\":{\"@type\":\"EntryPoint\",\"urlTemplate\":\"https:\\\/\\\/repliquemangacine.fr\\\/?s={search_term_string}\"},\"query-input\":{\"@type\":\"PropertyValueSpecification\",\"valueRequired\":true,\"valueName\":\"search_term_string\"}}],\"inLanguage\":\"it-IT\"},{\"@type\":\"Organization\",\"@id\":\"https:\\\/\\\/repliquemangacine.fr\\\/#organization\",\"name\":\"R\u00e9plique Manga Cin\u00e9\",\"url\":\"https:\\\/\\\/repliquemangacine.fr\\\/\",\"logo\":{\"@type\":\"ImageObject\",\"inLanguage\":\"it-IT\",\"@id\":\"https:\\\/\\\/repliquemangacine.fr\\\/#\\\/schema\\\/logo\\\/image\\\/\",\"url\":\"https:\\\/\\\/repliquemangacine.fr\\\/wp-content\\\/uploads\\\/2023\\\/10\\\/RMC-500250.png\",\"contentUrl\":\"https:\\\/\\\/repliquemangacine.fr\\\/wp-content\\\/uploads\\\/2023\\\/10\\\/RMC-500250.png\",\"width\":500,\"height\":250,\"caption\":\"R\u00e9plique Manga Cin\u00e9\"},\"image\":{\"@id\":\"https:\\\/\\\/repliquemangacine.fr\\\/#\\\/schema\\\/logo\\\/image\\\/\"},\"sameAs\":[\"https:\\\/\\\/www.facebook.com\\\/RepliqueMangaCine\",\"https:\\\/\\\/www.instagram.com\\\/repliquemangacine.fr\\\/\"]}]}<\/script>\n<!-- \/ Yoast SEO plugin. -->","yoast_head_json":{"title":"Tenue 067 Gioco del calamaro - Negozio online - R\u00e9plique Manga Cin\u00e9","description":"Regalati il completo 067 Squid Game al miglior prezzo. Tessuto in poliestere di qualit\u00e0 - Kit sportivo in felpa da jogging - Chiusura con zip - Due tasche","robots":{"index":"index","follow":"follow","max-snippet":"max-snippet:-1","max-image-preview":"max-image-preview:large","max-video-preview":"max-video-preview:-1"},"canonical":"https:\/\/repliquemangacine.fr\/it\/bilanci\/outfit-067-gioco-del-calamaro\/","og_locale":"it_IT","og_type":"article","og_title":"Tenue 067 Squid Game - Boutique en ligne - R\u00e9plique Manga Cin\u00e9","og_description":"Offrez-vous la Tenue 067 Squid Game au meilleur prix. Tissu polyester de qualit\u00e9 - Ensemble de sport Jogging Sweatshirt - Fermeture Zipp\u00e9e - Deux Poches","og_url":"https:\/\/repliquemangacine.fr\/it\/bilanci\/outfit-067-gioco-del-calamaro\/","og_site_name":"R\u00e9plique Manga Cin\u00e9","article_publisher":"https:\/\/www.facebook.com\/RepliqueMangaCine","article_modified_time":"2025-09-23T16:03:15+00:00","og_image":[{"width":800,"height":800,"url":"https:\/\/repliquemangacine.fr\/wp-content\/uploads\/2023\/10\/squid-game-067-1.jpg","type":"image\/jpeg"}],"twitter_card":"summary_large_image","twitter_misc":{"Tempo di lettura stimato":"3 minuti"},"schema":{"@context":"https:\/\/schema.org","@graph":[{"@type":"WebPage","@id":"https:\/\/repliquemangacine.fr\/soldes\/tenue-067-squid-game\/","url":"https:\/\/repliquemangacine.fr\/soldes\/tenue-067-squid-game\/","name":"Tenue 067 Gioco del calamaro - Negozio online - R\u00e9plique Manga Cin\u00e9","isPartOf":{"@id":"https:\/\/repliquemangacine.fr\/#website"},"primaryImageOfPage":{"@id":"https:\/\/repliquemangacine.fr\/soldes\/tenue-067-squid-game\/#primaryimage"},"image":{"@id":"https:\/\/repliquemangacine.fr\/soldes\/tenue-067-squid-game\/#primaryimage"},"thumbnailUrl":"https:\/\/repliquemangacine.fr\/wp-content\/uploads\/2023\/10\/squid-game-067-1.jpg","datePublished":"2022-01-10T17:45:26+00:00","dateModified":"2025-09-23T16:03:15+00:00","description":"Regalati il completo 067 Squid Game al miglior prezzo. Tessuto in poliestere di qualit\u00e0 - Kit sportivo in felpa da jogging - Chiusura con zip - Due tasche","breadcrumb":{"@id":"https:\/\/repliquemangacine.fr\/soldes\/tenue-067-squid-game\/#breadcrumb"},"inLanguage":"it-IT","potentialAction":[{"@type":"ReadAction","target":["https:\/\/repliquemangacine.fr\/soldes\/tenue-067-squid-game\/"]}]},{"@type":"ImageObject","inLanguage":"it-IT","@id":"https:\/\/repliquemangacine.fr\/soldes\/tenue-067-squid-game\/#primaryimage","url":"https:\/\/repliquemangacine.fr\/wp-content\/uploads\/2023\/10\/squid-game-067-1.jpg","contentUrl":"https:\/\/repliquemangacine.fr\/wp-content\/uploads\/2023\/10\/squid-game-067-1.jpg","width":800,"height":800,"caption":"Surv\u00eatement N\u00b0 067 Squid Game"},{"@type":"BreadcrumbList","@id":"https:\/\/repliquemangacine.fr\/soldes\/tenue-067-squid-game\/#breadcrumb","itemListElement":[{"@type":"ListItem","position":1,"name":"Accueil","item":"https:\/\/repliquemangacine.fr\/"},{"@type":"ListItem","position":2,"name":"Produits","item":"https:\/\/repliquemangacine.fr\/boutique\/"},{"@type":"ListItem","position":3,"name":"Tenue 067 Squid Game"}]},{"@type":"WebSite","@id":"https:\/\/repliquemangacine.fr\/#website","url":"https:\/\/repliquemangacine.fr\/","name":"R\u00e9plique Manga Cin\u00e9","description":"","publisher":{"@id":"https:\/\/repliquemangacine.fr\/#organization"},"potentialAction":[{"@type":"SearchAction","target":{"@type":"EntryPoint","urlTemplate":"https:\/\/repliquemangacine.fr\/?s={search_term_string}"},"query-input":{"@type":"PropertyValueSpecification","valueRequired":true,"valueName":"search_term_string"}}],"inLanguage":"it-IT"},{"@type":"Organization","@id":"https:\/\/repliquemangacine.fr\/#organization","name":"R\u00e9plique Manga Cin\u00e9","url":"https:\/\/repliquemangacine.fr\/","logo":{"@type":"ImageObject","inLanguage":"it-IT","@id":"https:\/\/repliquemangacine.fr\/#\/schema\/logo\/image\/","url":"https:\/\/repliquemangacine.fr\/wp-content\/uploads\/2023\/10\/RMC-500250.png","contentUrl":"https:\/\/repliquemangacine.fr\/wp-content\/uploads\/2023\/10\/RMC-500250.png","width":500,"height":250,"caption":"R\u00e9plique Manga Cin\u00e9"},"image":{"@id":"https:\/\/repliquemangacine.fr\/#\/schema\/logo\/image\/"},"sameAs":["https:\/\/www.facebook.com\/RepliqueMangaCine","https:\/\/www.instagram.com\/repliquemangacine.fr\/"]}]}},"_links":{"self":[{"href":"https:\/\/repliquemangacine.fr\/it\/wp-json\/wp\/v2\/product\/63603","targetHints":{"allow":["GET"]}}],"collection":[{"href":"https:\/\/repliquemangacine.fr\/it\/wp-json\/wp\/v2\/product"}],"about":[{"href":"https:\/\/repliquemangacine.fr\/it\/wp-json\/wp\/v2\/types\/product"}],"wp:featuredmedia":[{"embeddable":true,"href":"https:\/\/repliquemangacine.fr\/it\/wp-json\/wp\/v2\/media\/64250"}],"wp:attachment":[{"href":"https:\/\/repliquemangacine.fr\/it\/wp-json\/wp\/v2\/media?parent=63603"}],"wp:term":[{"taxonomy":"product_brand","embeddable":true,"href":"https:\/\/repliquemangacine.fr\/it\/wp-json\/wp\/v2\/product_brand?post=63603"},{"taxonomy":"product_cat","embeddable":true,"href":"https:\/\/repliquemangacine.fr\/it\/wp-json\/wp\/v2\/product_cat?post=63603"},{"taxonomy":"product_tag","embeddable":true,"href":"https:\/\/repliquemangacine.fr\/it\/wp-json\/wp\/v2\/product_tag?post=63603"}],"curies":[{"name":"wp","href":"https:\/\/api.w.org\/{rel}","templated":true}]}}