





{"id":63595,"date":"2017-02-01T15:55:31","date_gmt":"2017-02-01T14:55:31","guid":{"rendered":"https:\/\/repliquemangacine.fr\/?post_type=product&#038;p=63595"},"modified":"2026-02-24T17:34:56","modified_gmt":"2026-02-24T16:34:56","slug":"anello-aragorn-anello-barahir","status":"publish","type":"product","link":"https:\/\/repliquemangacine.fr\/it\/bijoux-anneaux\/bague-aragorn-anneau-barahir\/","title":{"rendered":"Anello Aragorn Anello Barahir"},"content":{"rendered":"<h2>Replica dell'Anello Barahir di Aragorn ne Il Signore degli Anelli<\/h2>\n<p>L'Anello di Aragorn Anello di Barahir \u00e8 assolutamente splendido per una replica a basso prezzo! Questo Anello non \u00e8 in alcun modo un Anello del Potere.<\/p>\n<p>L'anello di Barahir (noto anche come anello di Felagund) \u00e8 il nome dato a un anello realizzato dagli \u00d1oldor a Valinor e originariamente indossato da Finrod Felagund. Nella battaglia di Dagor Bragollach, <a href=\"https:\/\/lotr.fandom.com\/fr\/wiki\/Anneau_de_Barahir\">Barahir<\/a> copr\u00ec la ritirata di Barahir e gli don\u00f2 questo anello in segno di gratitudine. Quando Barahir fu ucciso a Dorthonion, la sua mano e l'anello furono tagliati dagli Orchi come prova della sua morte. Beren, figlio di Barahir, riusc\u00ec comunque a recuperare la mano e l'anello.<\/p>\n<p>L'anello pass\u00f2 poi al figlio di Beren, Dior Eluch\u00edl, quindi a Elwing, Elros e ai re di N\u00famenor. Tar-Elendil lo don\u00f2 alla figlia maggiore Silmari\u00ebn, che non potendo salire al trono lo affid\u00f2 al figlio Valandil, primo signore di And\u00fani\u00eb. Rimase a questa famiglia fino a Elendil. Riportato nella Terra di Mezzo da Elendil, divenne uno dei tesori reali del regno di Arnor e della casa di Isildur.<\/p>\n<p>Conservato a Gran Burrone, Elrond lo affid\u00f2 ad Aragorn quando questi rivel\u00f2 la sua discendenza. Aragorn lo diede ad Arwen quando si sposarono.<\/p>\n<h3>Offriamo un'ampia gamma di repliche di spade e gioielli della trilogia de Il Signore degli Anelli.<\/h3>\n<p>Innanzitutto,<\/p>\n<ul>\n<li>Il magnifico <a href=\"https:\/\/repliquemangacine.fr\/it\/il-signore-degli-anelli\/replica-ciondolo-stella-della-sera-arwen\/\">Ciondolo Arwen<\/a> la stella della sera.<\/li>\n<li>Cos\u00ec come il <a href=\"https:\/\/repliquemangacine.fr\/it\/anelli-di-gioielleria\/spilla-per-collana-lorien-leaf-signore-degli-anelli\/\">Foglia di Lorien<\/a>.<\/li>\n<li>Ma anche tutti i <a href=\"https:\/\/repliquemangacine.fr\/it\/spade-del-signore-degli-anelli\/\">Spade del Signore degli Anelli<\/a><\/li>\n<\/ul>\n<p>\u00c8 un'ottima idea regalo per i fan della trilogia del Signore degli Anelli.<\/p>\n<h3>\u00c8 possibile utilizzare l'Anello di Aragorn di Barahir per completare il proprio travestimento per le serate a tema.<\/h3>\n<p>Innanzitutto \u00e8 un oggetto da collezione, ma pu\u00f2 essere utilizzato anche come gioiello quotidiano.<\/p>","protected":false},"excerpt":{"rendered":"<p>Replica dell'anello di Barahir, l'anello di Aragorn.<\/p>\n<ul>\n<li>Questa riproduzione superbamente dettagliata.<\/li>\n<li>In lega di zinco argentato con un cristallo verde (strass) al centro.<\/li>\n<li>Rimarrete stupiti dalla qualit\u00e0 delle finiture di questa replica.<\/li>\n<li>Fornito in un astuccio nero del Signore dell'Anello<\/li>\n<\/ul>","protected":false},"featured_media":64034,"template":"","meta":[],"product_brand":[896],"product_cat":[78,24,29],"product_tag":[],"class_list":{"0":"post-63595","1":"product","2":"type-product","3":"status-publish","4":"has-post-thumbnail","6":"product_brand-replique-manga-cine","7":"product_cat-bijoux-anneaux","8":"product_cat-films-series-tv-vente-de-katana-epee-et-produits-derives","9":"product_cat-le-seigneur-des-anneaux","11":"first","12":"instock","13":"taxable","14":"shipping-taxable","15":"purchasable","16":"product-type-variable"},"yoast_head":"<!-- This site is optimized with the Yoast SEO plugin v27.4 - https:\/\/yoast.com\/product\/yoast-seo-wordpress\/ -->\n<title>Bague Aragorn Anneau Barahir - LOTR - R\u00e9plique Manga Cin\u00e9<\/title>\n<meta name=\"description\" content=\"Cette reproduction de la bague Aragorn Anneau Barahir va vous \u00e9tonner ! en alliage de zinc avec une finesse des d\u00e9tails incroyable pour 19.90\u20ac seulement !\" \/>\n<meta name=\"robots\" content=\"index, follow, max-snippet:-1, max-image-preview:large, max-video-preview:-1\" \/>\n<link rel=\"canonical\" href=\"https:\/\/repliquemangacine.fr\/it\/anelli-di-gioielleria\/anello-aragorn-anello-barahir\/\" \/>\n<meta property=\"og:locale\" content=\"it_IT\" \/>\n<meta property=\"og:type\" content=\"article\" \/>\n<meta property=\"og:title\" content=\"Bague Aragorn Anneau Barahir - LOTR - R\u00e9plique Manga Cin\u00e9\" \/>\n<meta property=\"og:description\" content=\"Cette reproduction de la bague Aragorn Anneau Barahir va vous \u00e9tonner ! en alliage de zinc avec une finesse des d\u00e9tails incroyable pour 19.90\u20ac seulement !\" \/>\n<meta property=\"og:url\" content=\"https:\/\/repliquemangacine.fr\/it\/anelli-di-gioielleria\/anello-aragorn-anello-barahir\/\" \/>\n<meta property=\"og:site_name\" content=\"R\u00e9plique Manga Cin\u00e9\" \/>\n<meta property=\"article:publisher\" content=\"https:\/\/www.facebook.com\/RepliqueMangaCine\" \/>\n<meta property=\"article:modified_time\" content=\"2026-02-24T16:34:56+00:00\" \/>\n<meta property=\"og:image\" content=\"https:\/\/repliquemangacine.fr\/wp-content\/uploads\/2023\/10\/bague-aragorn-1.jpg\" \/>\n\t<meta property=\"og:image:width\" content=\"500\" \/>\n\t<meta property=\"og:image:height\" content=\"500\" \/>\n\t<meta property=\"og:image:type\" content=\"image\/jpeg\" \/>\n<meta name=\"twitter:card\" content=\"summary_large_image\" \/>\n<meta name=\"twitter:label1\" content=\"Tempo di lettura stimato\" \/>\n\t<meta name=\"twitter:data1\" content=\"2 minuti\" \/>\n<script type=\"application\/ld+json\" class=\"yoast-schema-graph\">{\"@context\":\"https:\\\/\\\/schema.org\",\"@graph\":[{\"@type\":\"WebPage\",\"@id\":\"https:\\\/\\\/repliquemangacine.fr\\\/bijoux-anneaux\\\/bague-aragorn-anneau-barahir\\\/\",\"url\":\"https:\\\/\\\/repliquemangacine.fr\\\/bijoux-anneaux\\\/bague-aragorn-anneau-barahir\\\/\",\"name\":\"Bague Aragorn Anneau Barahir - LOTR - R\u00e9plique Manga Cin\u00e9\",\"isPartOf\":{\"@id\":\"https:\\\/\\\/repliquemangacine.fr\\\/#website\"},\"primaryImageOfPage\":{\"@id\":\"https:\\\/\\\/repliquemangacine.fr\\\/bijoux-anneaux\\\/bague-aragorn-anneau-barahir\\\/#primaryimage\"},\"image\":{\"@id\":\"https:\\\/\\\/repliquemangacine.fr\\\/bijoux-anneaux\\\/bague-aragorn-anneau-barahir\\\/#primaryimage\"},\"thumbnailUrl\":\"https:\\\/\\\/repliquemangacine.fr\\\/wp-content\\\/uploads\\\/2023\\\/10\\\/bague-aragorn-1.jpg\",\"datePublished\":\"2017-02-01T14:55:31+00:00\",\"dateModified\":\"2026-02-24T16:34:56+00:00\",\"description\":\"Cette reproduction de la bague Aragorn Anneau Barahir va vous \u00e9tonner ! en alliage de zinc avec une finesse des d\u00e9tails incroyable pour 19.90\u20ac seulement !\",\"breadcrumb\":{\"@id\":\"https:\\\/\\\/repliquemangacine.fr\\\/bijoux-anneaux\\\/bague-aragorn-anneau-barahir\\\/#breadcrumb\"},\"inLanguage\":\"it-IT\",\"potentialAction\":[{\"@type\":\"ReadAction\",\"target\":[\"https:\\\/\\\/repliquemangacine.fr\\\/bijoux-anneaux\\\/bague-aragorn-anneau-barahir\\\/\"]}]},{\"@type\":\"ImageObject\",\"inLanguage\":\"it-IT\",\"@id\":\"https:\\\/\\\/repliquemangacine.fr\\\/bijoux-anneaux\\\/bague-aragorn-anneau-barahir\\\/#primaryimage\",\"url\":\"https:\\\/\\\/repliquemangacine.fr\\\/wp-content\\\/uploads\\\/2023\\\/10\\\/bague-aragorn-1.jpg\",\"contentUrl\":\"https:\\\/\\\/repliquemangacine.fr\\\/wp-content\\\/uploads\\\/2023\\\/10\\\/bague-aragorn-1.jpg\",\"width\":500,\"height\":500,\"caption\":\"Bague Aragorn Anneau Barahir\"},{\"@type\":\"BreadcrumbList\",\"@id\":\"https:\\\/\\\/repliquemangacine.fr\\\/bijoux-anneaux\\\/bague-aragorn-anneau-barahir\\\/#breadcrumb\",\"itemListElement\":[{\"@type\":\"ListItem\",\"position\":1,\"name\":\"Accueil\",\"item\":\"https:\\\/\\\/repliquemangacine.fr\\\/\"},{\"@type\":\"ListItem\",\"position\":2,\"name\":\"Produits\",\"item\":\"https:\\\/\\\/repliquemangacine.fr\\\/boutique\\\/\"},{\"@type\":\"ListItem\",\"position\":3,\"name\":\"Bague Aragorn Anneau Barahir\"}]},{\"@type\":\"WebSite\",\"@id\":\"https:\\\/\\\/repliquemangacine.fr\\\/#website\",\"url\":\"https:\\\/\\\/repliquemangacine.fr\\\/\",\"name\":\"R\u00e9plique Manga Cin\u00e9\",\"description\":\"\",\"publisher\":{\"@id\":\"https:\\\/\\\/repliquemangacine.fr\\\/#organization\"},\"potentialAction\":[{\"@type\":\"SearchAction\",\"target\":{\"@type\":\"EntryPoint\",\"urlTemplate\":\"https:\\\/\\\/repliquemangacine.fr\\\/?s={search_term_string}\"},\"query-input\":{\"@type\":\"PropertyValueSpecification\",\"valueRequired\":true,\"valueName\":\"search_term_string\"}}],\"inLanguage\":\"it-IT\"},{\"@type\":\"Organization\",\"@id\":\"https:\\\/\\\/repliquemangacine.fr\\\/#organization\",\"name\":\"R\u00e9plique Manga Cin\u00e9\",\"url\":\"https:\\\/\\\/repliquemangacine.fr\\\/\",\"logo\":{\"@type\":\"ImageObject\",\"inLanguage\":\"it-IT\",\"@id\":\"https:\\\/\\\/repliquemangacine.fr\\\/#\\\/schema\\\/logo\\\/image\\\/\",\"url\":\"https:\\\/\\\/repliquemangacine.fr\\\/wp-content\\\/uploads\\\/2023\\\/10\\\/RMC-500250.png\",\"contentUrl\":\"https:\\\/\\\/repliquemangacine.fr\\\/wp-content\\\/uploads\\\/2023\\\/10\\\/RMC-500250.png\",\"width\":500,\"height\":250,\"caption\":\"R\u00e9plique Manga Cin\u00e9\"},\"image\":{\"@id\":\"https:\\\/\\\/repliquemangacine.fr\\\/#\\\/schema\\\/logo\\\/image\\\/\"},\"sameAs\":[\"https:\\\/\\\/www.facebook.com\\\/RepliqueMangaCine\",\"https:\\\/\\\/www.instagram.com\\\/repliquemangacine.fr\\\/\"]}]}<\/script>\n<!-- \/ Yoast SEO plugin. -->","yoast_head_json":{"title":"Anello Aragorn Anello Barahir - LOTR - R\u00e9plique Manga Cin\u00e9","description":"Questa riproduzione dell'anello Aragorn Anneau Barahir vi stupir\u00e0! Lega di zinco con dettagli incredibili a soli 19,90\u20ac!","robots":{"index":"index","follow":"follow","max-snippet":"max-snippet:-1","max-image-preview":"max-image-preview:large","max-video-preview":"max-video-preview:-1"},"canonical":"https:\/\/repliquemangacine.fr\/it\/anelli-di-gioielleria\/anello-aragorn-anello-barahir\/","og_locale":"it_IT","og_type":"article","og_title":"Bague Aragorn Anneau Barahir - LOTR - R\u00e9plique Manga Cin\u00e9","og_description":"Cette reproduction de la bague Aragorn Anneau Barahir va vous \u00e9tonner ! en alliage de zinc avec une finesse des d\u00e9tails incroyable pour 19.90\u20ac seulement !","og_url":"https:\/\/repliquemangacine.fr\/it\/anelli-di-gioielleria\/anello-aragorn-anello-barahir\/","og_site_name":"R\u00e9plique Manga Cin\u00e9","article_publisher":"https:\/\/www.facebook.com\/RepliqueMangaCine","article_modified_time":"2026-02-24T16:34:56+00:00","og_image":[{"width":500,"height":500,"url":"https:\/\/repliquemangacine.fr\/wp-content\/uploads\/2023\/10\/bague-aragorn-1.jpg","type":"image\/jpeg"}],"twitter_card":"summary_large_image","twitter_misc":{"Tempo di lettura stimato":"2 minuti"},"schema":{"@context":"https:\/\/schema.org","@graph":[{"@type":"WebPage","@id":"https:\/\/repliquemangacine.fr\/bijoux-anneaux\/bague-aragorn-anneau-barahir\/","url":"https:\/\/repliquemangacine.fr\/bijoux-anneaux\/bague-aragorn-anneau-barahir\/","name":"Anello Aragorn Anello Barahir - LOTR - R\u00e9plique Manga Cin\u00e9","isPartOf":{"@id":"https:\/\/repliquemangacine.fr\/#website"},"primaryImageOfPage":{"@id":"https:\/\/repliquemangacine.fr\/bijoux-anneaux\/bague-aragorn-anneau-barahir\/#primaryimage"},"image":{"@id":"https:\/\/repliquemangacine.fr\/bijoux-anneaux\/bague-aragorn-anneau-barahir\/#primaryimage"},"thumbnailUrl":"https:\/\/repliquemangacine.fr\/wp-content\/uploads\/2023\/10\/bague-aragorn-1.jpg","datePublished":"2017-02-01T14:55:31+00:00","dateModified":"2026-02-24T16:34:56+00:00","description":"Questa riproduzione dell'anello Aragorn Anneau Barahir vi stupir\u00e0! Lega di zinco con dettagli incredibili a soli 19,90\u20ac!","breadcrumb":{"@id":"https:\/\/repliquemangacine.fr\/bijoux-anneaux\/bague-aragorn-anneau-barahir\/#breadcrumb"},"inLanguage":"it-IT","potentialAction":[{"@type":"ReadAction","target":["https:\/\/repliquemangacine.fr\/bijoux-anneaux\/bague-aragorn-anneau-barahir\/"]}]},{"@type":"ImageObject","inLanguage":"it-IT","@id":"https:\/\/repliquemangacine.fr\/bijoux-anneaux\/bague-aragorn-anneau-barahir\/#primaryimage","url":"https:\/\/repliquemangacine.fr\/wp-content\/uploads\/2023\/10\/bague-aragorn-1.jpg","contentUrl":"https:\/\/repliquemangacine.fr\/wp-content\/uploads\/2023\/10\/bague-aragorn-1.jpg","width":500,"height":500,"caption":"Bague Aragorn Anneau Barahir"},{"@type":"BreadcrumbList","@id":"https:\/\/repliquemangacine.fr\/bijoux-anneaux\/bague-aragorn-anneau-barahir\/#breadcrumb","itemListElement":[{"@type":"ListItem","position":1,"name":"Accueil","item":"https:\/\/repliquemangacine.fr\/"},{"@type":"ListItem","position":2,"name":"Produits","item":"https:\/\/repliquemangacine.fr\/boutique\/"},{"@type":"ListItem","position":3,"name":"Bague Aragorn Anneau Barahir"}]},{"@type":"WebSite","@id":"https:\/\/repliquemangacine.fr\/#website","url":"https:\/\/repliquemangacine.fr\/","name":"R\u00e9plique Manga Cin\u00e9","description":"","publisher":{"@id":"https:\/\/repliquemangacine.fr\/#organization"},"potentialAction":[{"@type":"SearchAction","target":{"@type":"EntryPoint","urlTemplate":"https:\/\/repliquemangacine.fr\/?s={search_term_string}"},"query-input":{"@type":"PropertyValueSpecification","valueRequired":true,"valueName":"search_term_string"}}],"inLanguage":"it-IT"},{"@type":"Organization","@id":"https:\/\/repliquemangacine.fr\/#organization","name":"R\u00e9plique Manga Cin\u00e9","url":"https:\/\/repliquemangacine.fr\/","logo":{"@type":"ImageObject","inLanguage":"it-IT","@id":"https:\/\/repliquemangacine.fr\/#\/schema\/logo\/image\/","url":"https:\/\/repliquemangacine.fr\/wp-content\/uploads\/2023\/10\/RMC-500250.png","contentUrl":"https:\/\/repliquemangacine.fr\/wp-content\/uploads\/2023\/10\/RMC-500250.png","width":500,"height":250,"caption":"R\u00e9plique Manga Cin\u00e9"},"image":{"@id":"https:\/\/repliquemangacine.fr\/#\/schema\/logo\/image\/"},"sameAs":["https:\/\/www.facebook.com\/RepliqueMangaCine","https:\/\/www.instagram.com\/repliquemangacine.fr\/"]}]}},"_links":{"self":[{"href":"https:\/\/repliquemangacine.fr\/it\/wp-json\/wp\/v2\/product\/63595","targetHints":{"allow":["GET"]}}],"collection":[{"href":"https:\/\/repliquemangacine.fr\/it\/wp-json\/wp\/v2\/product"}],"about":[{"href":"https:\/\/repliquemangacine.fr\/it\/wp-json\/wp\/v2\/types\/product"}],"wp:featuredmedia":[{"embeddable":true,"href":"https:\/\/repliquemangacine.fr\/it\/wp-json\/wp\/v2\/media\/64034"}],"wp:attachment":[{"href":"https:\/\/repliquemangacine.fr\/it\/wp-json\/wp\/v2\/media?parent=63595"}],"wp:term":[{"taxonomy":"product_brand","embeddable":true,"href":"https:\/\/repliquemangacine.fr\/it\/wp-json\/wp\/v2\/product_brand?post=63595"},{"taxonomy":"product_cat","embeddable":true,"href":"https:\/\/repliquemangacine.fr\/it\/wp-json\/wp\/v2\/product_cat?post=63595"},{"taxonomy":"product_tag","embeddable":true,"href":"https:\/\/repliquemangacine.fr\/it\/wp-json\/wp\/v2\/product_tag?post=63595"}],"curies":[{"name":"wp","href":"https:\/\/api.w.org\/{rel}","templated":true}]}}