





{"id":62768,"date":"2023-09-26T10:48:06","date_gmt":"2023-09-26T08:48:06","guid":{"rendered":"https:\/\/repliquemangacine.fr\/?post_type=product&#038;p=62768"},"modified":"2025-11-18T18:25:07","modified_gmt":"2025-11-18T17:25:07","slug":"ruggito-dei-leoni-spada-da-impatto-genshin","status":"publish","type":"product","link":"https:\/\/repliquemangacine.fr\/it\/katana-et-epee-de-jeux-video-autre-jeux-video\/epee-lions-roar-genshin-impact\/","title":{"rendered":"Spada Ruggito del Leone - Impatto Genshin"},"content":{"rendered":"<h2>Spada del Ruggito del Leone in Genshin Impact<\/h2>\n<p>Per cominciare, il<strong>Spada Ruggito del Leone<\/strong> in Genshin Impact, una leggendaria spada a una mano di Liyue.<\/p>\n<p>Il fodero sarebbe stato realizzato in agar boid decorato con mica e intarsiato con scene di guerra. Purtroppo questa preziosa protezione \u00e8 oggi scomparsa. Per la spada, il fodero era una prigione che le impediva di raggiungere il suo obiettivo finale. Si dice che la sua lama sia cos\u00ec affilata che le vittime si accorgono di essere state colpite solo un'ora dopo il fatto.<\/p>\n<p><a href=\"https:\/\/genshin-impact.fandom.com\/fr\/wiki\/Wiki_Genshin_Impact\" target=\"_blank\" rel=\"noopener noreferrer\">Impatto Genshin<\/a> un videogioco di ruolo d'azione sviluppato e pubblicato da miHoYo. Il gioco presenta un ambiente open-world in stile anime e un sistema di combattimento basato sull'azione che utilizza la magia elementale e il cambio di personaggio.<\/p>\n<h2>La tua Spada Ruggito del Leone al miglior prezzo.<\/h2>\n<p>Offriamo un'ampia gamma di spade replica del vostro videogioco preferito Genshim Impact.<\/p>\n<p>Innanzitutto,<\/p>\n<ul>\n<li>La spada di <a href=\"https:\/\/repliquemangacine.fr\/it\/katana-e-spada-videogiochi-altri-videogiochi\/fredom-sworn-dans-genshin-impact\/\">Fredom Giurato<\/a> in Genshin Impact con la sua specifica guardia dorata.<\/li>\n<li>C'\u00e8 anche il<a href=\"https:\/\/repliquemangacine.fr\/it\/katana-e-spada-videogiochi-altri-videogiochi\/spada-forgiata-rompi-nebbia\/\">spada marrone forgiata<\/a>Inazuman, spada a una mano.<\/li>\n<li>Cos\u00ec come il<a href=\"https:\/\/repliquemangacine.fr\/it\/katana-e-spada-videogiochi-altri-videogiochi\/katana-kageuchi-damenoma\/\">La spada Kageuchi di Amenoma<\/a>Spada ad una mano in Genshin Impact<\/li>\n<li>E molto, molto altro ancora da scoprire nel nostro negozio online!<\/li>\n<\/ul>\n<p>Ecco quindi alcune grandi idee regalo per tutti gli appassionati di videogiochi.<\/p>\n<p>In conclusione, \u00e8 possibile utilizzare\u2019<strong>Spada Ruggito del Leone<\/strong> in Genshin Impact per le vostre sfilate cosplay o feste a tema. Ma soprattutto, \u00e8 un oggetto da collezione e una decorazione.<\/p>\n<h2>Come faccio a mantenere la lama della mia spada Genshin Impact?<\/h2>\n<p>Spade da collezione e decorative, realizzate e assemblate in modo semplificato. Poich\u00e9 il loro uso \u00e8 decorativo, non hanno le caratteristiche di sicurezza richieste da una spada giapponese destinata all'allenamento.<\/p>\n<p>Tuttavia, il vostro <strong>Spada Ruggito del Leone<\/strong> Genshin Impact ha una lama in acciaio che deve essere mantenuta per evitare che si danneggi nel tempo. Quando esponete la vostra spada, i vostri amici saranno curiosi di vedere la lama e di toccarla. \u00c8 qui che bisogna fare attenzione, perch\u00e9 l'acidit\u00e0 delle dita \u00e8 molto dannosa per l'acciaio, indipendentemente dalla sua qualit\u00e0.<\/p>\n<p>Tuttavia, se ci\u00f2 accade, non bisogna farsi prendere dal panico: basta usare un panno inumidito con un po' d'olio e cancellare le impronte digitali. In questo modo, la spada durer\u00e0 a lungo.<\/p>","protected":false},"excerpt":{"rendered":"<p>Eccellente replica della spada Ruggito del Leone in Genshin Impact.<\/p>\n<ul>\n<li>Lama in acciaio inox 440<\/li>\n<li>Protezione in acciaio placcato oro appositamente sagomata<\/li>\n<li>Pomello in metallo dorato<\/li>\n<li>Manico rivestito di filo di cotone rosso<\/li>\n<li>Lunghezza lama: 63 cm - Lunghezza totale: 95 cm<\/li>\n<\/ul>","protected":false},"featured_media":62769,"template":"","meta":[],"product_brand":[896],"product_cat":[119,23,67],"product_tag":[],"class_list":{"0":"post-62768","1":"product","2":"type-product","3":"status-publish","4":"has-post-thumbnail","6":"product_brand-replique-manga-cine","7":"product_cat-genshin-impact","8":"product_cat-repliques-manga-jeux-video","9":"product_cat-katana-et-epee-de-jeux-video-autre-jeux-video","11":"first","12":"instock","13":"taxable","14":"shipping-taxable","15":"purchasable","16":"product-type-simple"},"yoast_head":"<!-- This site is optimized with the Yoast SEO plugin v27.4 - https:\/\/yoast.com\/product\/yoast-seo-wordpress\/ -->\n<title>Ep\u00e9e Lion&#039;s Roar - Genshin Impact - R\u00e9plique Manga Cin\u00e9<\/title>\n<meta name=\"description\" content=\"D\u00e9couvrez cette superbe Ep\u00e9e Lion&#039;s Roar dans Genshin Impact au meilleur prix. Lame en acier 440 stainless. Garde sp\u00e9cifique dor\u00e9e. Longueur 96 cm\" \/>\n<meta name=\"robots\" content=\"index, follow, max-snippet:-1, max-image-preview:large, max-video-preview:-1\" \/>\n<link rel=\"canonical\" href=\"https:\/\/repliquemangacine.fr\/it\/impatto-genshin\/ruggito-dei-leoni-spada-da-impatto-genshin\/\" \/>\n<meta property=\"og:locale\" content=\"it_IT\" \/>\n<meta property=\"og:type\" content=\"article\" \/>\n<meta property=\"og:title\" content=\"Ep\u00e9e Lion&#039;s Roar - Genshin Impact - R\u00e9plique Manga Cin\u00e9\" \/>\n<meta property=\"og:description\" content=\"D\u00e9couvrez cette superbe Ep\u00e9e Lion&#039;s Roar dans Genshin Impact au meilleur prix. Lame en acier 440 stainless. Garde sp\u00e9cifique dor\u00e9e. Longueur 96 cm\" \/>\n<meta property=\"og:url\" content=\"https:\/\/repliquemangacine.fr\/it\/impatto-genshin\/ruggito-dei-leoni-spada-da-impatto-genshin\/\" \/>\n<meta property=\"og:site_name\" content=\"R\u00e9plique Manga Cin\u00e9\" \/>\n<meta property=\"article:publisher\" content=\"https:\/\/www.facebook.com\/RepliqueMangaCine\" \/>\n<meta property=\"article:modified_time\" content=\"2025-11-18T17:25:07+00:00\" \/>\n<meta property=\"og:image\" content=\"https:\/\/repliquemangacine.fr\/wp-content\/uploads\/2023\/10\/Epee-Lions-Roar.jpg\" \/>\n\t<meta property=\"og:image:width\" content=\"500\" \/>\n\t<meta property=\"og:image:height\" content=\"500\" \/>\n\t<meta property=\"og:image:type\" content=\"image\/jpeg\" \/>\n<meta name=\"twitter:card\" content=\"summary_large_image\" \/>\n<meta name=\"twitter:label1\" content=\"Tempo di lettura stimato\" \/>\n\t<meta name=\"twitter:data1\" content=\"3 minuti\" \/>\n<script type=\"application\/ld+json\" class=\"yoast-schema-graph\">{\"@context\":\"https:\\\/\\\/schema.org\",\"@graph\":[{\"@type\":\"WebPage\",\"@id\":\"https:\\\/\\\/repliquemangacine.fr\\\/genshin-impact\\\/epee-lions-roar-genshin-impact\\\/\",\"url\":\"https:\\\/\\\/repliquemangacine.fr\\\/genshin-impact\\\/epee-lions-roar-genshin-impact\\\/\",\"name\":\"Ep\u00e9e Lion's Roar - Genshin Impact - R\u00e9plique Manga Cin\u00e9\",\"isPartOf\":{\"@id\":\"https:\\\/\\\/repliquemangacine.fr\\\/#website\"},\"primaryImageOfPage\":{\"@id\":\"https:\\\/\\\/repliquemangacine.fr\\\/genshin-impact\\\/epee-lions-roar-genshin-impact\\\/#primaryimage\"},\"image\":{\"@id\":\"https:\\\/\\\/repliquemangacine.fr\\\/genshin-impact\\\/epee-lions-roar-genshin-impact\\\/#primaryimage\"},\"thumbnailUrl\":\"https:\\\/\\\/repliquemangacine.fr\\\/wp-content\\\/uploads\\\/2023\\\/10\\\/Epee-Lions-Roar.jpg\",\"datePublished\":\"2023-09-26T08:48:06+00:00\",\"dateModified\":\"2025-11-18T17:25:07+00:00\",\"description\":\"D\u00e9couvrez cette superbe Ep\u00e9e Lion's Roar dans Genshin Impact au meilleur prix. Lame en acier 440 stainless. Garde sp\u00e9cifique dor\u00e9e. Longueur 96 cm\",\"breadcrumb\":{\"@id\":\"https:\\\/\\\/repliquemangacine.fr\\\/genshin-impact\\\/epee-lions-roar-genshin-impact\\\/#breadcrumb\"},\"inLanguage\":\"it-IT\",\"potentialAction\":[{\"@type\":\"ReadAction\",\"target\":[\"https:\\\/\\\/repliquemangacine.fr\\\/genshin-impact\\\/epee-lions-roar-genshin-impact\\\/\"]}]},{\"@type\":\"ImageObject\",\"inLanguage\":\"it-IT\",\"@id\":\"https:\\\/\\\/repliquemangacine.fr\\\/genshin-impact\\\/epee-lions-roar-genshin-impact\\\/#primaryimage\",\"url\":\"https:\\\/\\\/repliquemangacine.fr\\\/wp-content\\\/uploads\\\/2023\\\/10\\\/Epee-Lions-Roar.jpg\",\"contentUrl\":\"https:\\\/\\\/repliquemangacine.fr\\\/wp-content\\\/uploads\\\/2023\\\/10\\\/Epee-Lions-Roar.jpg\",\"width\":500,\"height\":500,\"caption\":\"Ep\u00e9e Lion's Roar\"},{\"@type\":\"BreadcrumbList\",\"@id\":\"https:\\\/\\\/repliquemangacine.fr\\\/genshin-impact\\\/epee-lions-roar-genshin-impact\\\/#breadcrumb\",\"itemListElement\":[{\"@type\":\"ListItem\",\"position\":1,\"name\":\"Accueil\",\"item\":\"https:\\\/\\\/repliquemangacine.fr\\\/\"},{\"@type\":\"ListItem\",\"position\":2,\"name\":\"Produits\",\"item\":\"https:\\\/\\\/repliquemangacine.fr\\\/boutique\\\/\"},{\"@type\":\"ListItem\",\"position\":3,\"name\":\"Ep\u00e9e Lion&#8217;s Roar &#8211; Genshin Impact\"}]},{\"@type\":\"WebSite\",\"@id\":\"https:\\\/\\\/repliquemangacine.fr\\\/#website\",\"url\":\"https:\\\/\\\/repliquemangacine.fr\\\/\",\"name\":\"R\u00e9plique Manga Cin\u00e9\",\"description\":\"\",\"publisher\":{\"@id\":\"https:\\\/\\\/repliquemangacine.fr\\\/#organization\"},\"potentialAction\":[{\"@type\":\"SearchAction\",\"target\":{\"@type\":\"EntryPoint\",\"urlTemplate\":\"https:\\\/\\\/repliquemangacine.fr\\\/?s={search_term_string}\"},\"query-input\":{\"@type\":\"PropertyValueSpecification\",\"valueRequired\":true,\"valueName\":\"search_term_string\"}}],\"inLanguage\":\"it-IT\"},{\"@type\":\"Organization\",\"@id\":\"https:\\\/\\\/repliquemangacine.fr\\\/#organization\",\"name\":\"R\u00e9plique Manga Cin\u00e9\",\"url\":\"https:\\\/\\\/repliquemangacine.fr\\\/\",\"logo\":{\"@type\":\"ImageObject\",\"inLanguage\":\"it-IT\",\"@id\":\"https:\\\/\\\/repliquemangacine.fr\\\/#\\\/schema\\\/logo\\\/image\\\/\",\"url\":\"https:\\\/\\\/repliquemangacine.fr\\\/wp-content\\\/uploads\\\/2023\\\/10\\\/RMC-500250.png\",\"contentUrl\":\"https:\\\/\\\/repliquemangacine.fr\\\/wp-content\\\/uploads\\\/2023\\\/10\\\/RMC-500250.png\",\"width\":500,\"height\":250,\"caption\":\"R\u00e9plique Manga Cin\u00e9\"},\"image\":{\"@id\":\"https:\\\/\\\/repliquemangacine.fr\\\/#\\\/schema\\\/logo\\\/image\\\/\"},\"sameAs\":[\"https:\\\/\\\/www.facebook.com\\\/RepliqueMangaCine\",\"https:\\\/\\\/www.instagram.com\\\/repliquemangacine.fr\\\/\"]}]}<\/script>\n<!-- \/ Yoast SEO plugin. -->","yoast_head_json":{"title":"Spada del Ruggito del Leone - Impatto Genshin - R\u00e9plique Manga Cin\u00e9","description":"Scoprite questa superba spada Lion's Roar in Genshin Impact al miglior prezzo. Lama in acciaio inox 440. Guardia specifica dorata. Lunghezza 96 cm.","robots":{"index":"index","follow":"follow","max-snippet":"max-snippet:-1","max-image-preview":"max-image-preview:large","max-video-preview":"max-video-preview:-1"},"canonical":"https:\/\/repliquemangacine.fr\/it\/impatto-genshin\/ruggito-dei-leoni-spada-da-impatto-genshin\/","og_locale":"it_IT","og_type":"article","og_title":"Ep\u00e9e Lion's Roar - Genshin Impact - R\u00e9plique Manga Cin\u00e9","og_description":"D\u00e9couvrez cette superbe Ep\u00e9e Lion's Roar dans Genshin Impact au meilleur prix. Lame en acier 440 stainless. Garde sp\u00e9cifique dor\u00e9e. Longueur 96 cm","og_url":"https:\/\/repliquemangacine.fr\/it\/impatto-genshin\/ruggito-dei-leoni-spada-da-impatto-genshin\/","og_site_name":"R\u00e9plique Manga Cin\u00e9","article_publisher":"https:\/\/www.facebook.com\/RepliqueMangaCine","article_modified_time":"2025-11-18T17:25:07+00:00","og_image":[{"width":500,"height":500,"url":"https:\/\/repliquemangacine.fr\/wp-content\/uploads\/2023\/10\/Epee-Lions-Roar.jpg","type":"image\/jpeg"}],"twitter_card":"summary_large_image","twitter_misc":{"Tempo di lettura stimato":"3 minuti"},"schema":{"@context":"https:\/\/schema.org","@graph":[{"@type":"WebPage","@id":"https:\/\/repliquemangacine.fr\/genshin-impact\/epee-lions-roar-genshin-impact\/","url":"https:\/\/repliquemangacine.fr\/genshin-impact\/epee-lions-roar-genshin-impact\/","name":"Spada del Ruggito del Leone - Impatto Genshin - R\u00e9plique Manga Cin\u00e9","isPartOf":{"@id":"https:\/\/repliquemangacine.fr\/#website"},"primaryImageOfPage":{"@id":"https:\/\/repliquemangacine.fr\/genshin-impact\/epee-lions-roar-genshin-impact\/#primaryimage"},"image":{"@id":"https:\/\/repliquemangacine.fr\/genshin-impact\/epee-lions-roar-genshin-impact\/#primaryimage"},"thumbnailUrl":"https:\/\/repliquemangacine.fr\/wp-content\/uploads\/2023\/10\/Epee-Lions-Roar.jpg","datePublished":"2023-09-26T08:48:06+00:00","dateModified":"2025-11-18T17:25:07+00:00","description":"Scoprite questa superba spada Lion's Roar in Genshin Impact al miglior prezzo. Lama in acciaio inox 440. Guardia specifica dorata. Lunghezza 96 cm.","breadcrumb":{"@id":"https:\/\/repliquemangacine.fr\/genshin-impact\/epee-lions-roar-genshin-impact\/#breadcrumb"},"inLanguage":"it-IT","potentialAction":[{"@type":"ReadAction","target":["https:\/\/repliquemangacine.fr\/genshin-impact\/epee-lions-roar-genshin-impact\/"]}]},{"@type":"ImageObject","inLanguage":"it-IT","@id":"https:\/\/repliquemangacine.fr\/genshin-impact\/epee-lions-roar-genshin-impact\/#primaryimage","url":"https:\/\/repliquemangacine.fr\/wp-content\/uploads\/2023\/10\/Epee-Lions-Roar.jpg","contentUrl":"https:\/\/repliquemangacine.fr\/wp-content\/uploads\/2023\/10\/Epee-Lions-Roar.jpg","width":500,"height":500,"caption":"Ep\u00e9e Lion's Roar"},{"@type":"BreadcrumbList","@id":"https:\/\/repliquemangacine.fr\/genshin-impact\/epee-lions-roar-genshin-impact\/#breadcrumb","itemListElement":[{"@type":"ListItem","position":1,"name":"Accueil","item":"https:\/\/repliquemangacine.fr\/"},{"@type":"ListItem","position":2,"name":"Produits","item":"https:\/\/repliquemangacine.fr\/boutique\/"},{"@type":"ListItem","position":3,"name":"Ep\u00e9e Lion&#8217;s Roar &#8211; Genshin Impact"}]},{"@type":"WebSite","@id":"https:\/\/repliquemangacine.fr\/#website","url":"https:\/\/repliquemangacine.fr\/","name":"R\u00e9plique Manga Cin\u00e9","description":"","publisher":{"@id":"https:\/\/repliquemangacine.fr\/#organization"},"potentialAction":[{"@type":"SearchAction","target":{"@type":"EntryPoint","urlTemplate":"https:\/\/repliquemangacine.fr\/?s={search_term_string}"},"query-input":{"@type":"PropertyValueSpecification","valueRequired":true,"valueName":"search_term_string"}}],"inLanguage":"it-IT"},{"@type":"Organization","@id":"https:\/\/repliquemangacine.fr\/#organization","name":"R\u00e9plique Manga Cin\u00e9","url":"https:\/\/repliquemangacine.fr\/","logo":{"@type":"ImageObject","inLanguage":"it-IT","@id":"https:\/\/repliquemangacine.fr\/#\/schema\/logo\/image\/","url":"https:\/\/repliquemangacine.fr\/wp-content\/uploads\/2023\/10\/RMC-500250.png","contentUrl":"https:\/\/repliquemangacine.fr\/wp-content\/uploads\/2023\/10\/RMC-500250.png","width":500,"height":250,"caption":"R\u00e9plique Manga Cin\u00e9"},"image":{"@id":"https:\/\/repliquemangacine.fr\/#\/schema\/logo\/image\/"},"sameAs":["https:\/\/www.facebook.com\/RepliqueMangaCine","https:\/\/www.instagram.com\/repliquemangacine.fr\/"]}]}},"_links":{"self":[{"href":"https:\/\/repliquemangacine.fr\/it\/wp-json\/wp\/v2\/product\/62768","targetHints":{"allow":["GET"]}}],"collection":[{"href":"https:\/\/repliquemangacine.fr\/it\/wp-json\/wp\/v2\/product"}],"about":[{"href":"https:\/\/repliquemangacine.fr\/it\/wp-json\/wp\/v2\/types\/product"}],"wp:featuredmedia":[{"embeddable":true,"href":"https:\/\/repliquemangacine.fr\/it\/wp-json\/wp\/v2\/media\/62769"}],"wp:attachment":[{"href":"https:\/\/repliquemangacine.fr\/it\/wp-json\/wp\/v2\/media?parent=62768"}],"wp:term":[{"taxonomy":"product_brand","embeddable":true,"href":"https:\/\/repliquemangacine.fr\/it\/wp-json\/wp\/v2\/product_brand?post=62768"},{"taxonomy":"product_cat","embeddable":true,"href":"https:\/\/repliquemangacine.fr\/it\/wp-json\/wp\/v2\/product_cat?post=62768"},{"taxonomy":"product_tag","embeddable":true,"href":"https:\/\/repliquemangacine.fr\/it\/wp-json\/wp\/v2\/product_tag?post=62768"}],"curies":[{"name":"wp","href":"https:\/\/api.w.org\/{rel}","templated":true}]}}