





{"id":62738,"date":"2023-09-25T17:13:04","date_gmt":"2023-09-25T15:13:04","guid":{"rendered":"https:\/\/repliquemangacine.fr\/?post_type=product&#038;p=62738"},"modified":"2025-12-11T14:02:43","modified_gmt":"2025-12-11T13:02:43","slug":"katana-moonveil-nellanello-elden","status":"publish","type":"product","link":"https:\/\/repliquemangacine.fr\/it\/elden-ring\/katana-moonveil-dans-elden-ring\/","title":{"rendered":"Katana Moonveil nell'anello di Elden"},"content":{"rendered":"<h2>Katana Moonveil nell'anello di Elden<\/h2>\n<p>Per cominciare, il <strong>Katana Moonveil nell'anello di Elden<\/strong>, Quest'arma magica richiede 12 Forza, 18 Destrezza e 23 Intelligenza per essere impugnata. \u00c8 ampiamente considerata una delle migliori armi da mischia per qualsiasi build basata sulla stregoneria, grazie al suo eccellente punteggio di Intelligenza. Inoltre, provoca un accumulo di sangue che infligge danni aggiuntivi.<\/p>\n<p>L'attrazione principale di <a href=\"https:\/\/eldenring.fandom.com\/wiki\/Moonveil\" target=\"_blank\" rel=\"noopener noreferrer\">Moonveil<\/a> Il suo punto di forza \u00e8 l'abilit\u00e0 dell'arma, Transient Moonlight. Questa abilit\u00e0 permette al giocatore di riporre la katana nella fondina e di rilasciare un'onda orizzontale di energia magica per infliggere danni devastanti.<\/p>\n<p>Elden Ring \u00e8 il nuovo gioco di From Software. \u00c8 un RPG d'azione in terza persona ambientato in un mondo fantasy oscuro. Offre un'incredibile variet\u00e0 di armi, ma \u00e8 difficile resistere a brandire una katana.<\/p>\n<h2>Il tuo Katana Moonveil in Elden Ring al miglior prezzo<\/h2>\n<p>Offriamo un'ampia gamma di spade replica dei vostri videogiochi preferiti.<\/p>\n<p>Innanzitutto,<\/p>\n<ul>\n<li>L'<a href=\"https:\/\/repliquemangacine.fr\/it\/katana-e-spada-videogiochi-altri-videogiochi\/katana-kageuchi-damenoma\/\">La spada Kageuchi di Amenoma<\/a> nell'Impatto Genshin, donato al Clan Saimon da Douin.<\/li>\n<li>C'\u00e8 anche il<a href=\"https:\/\/repliquemangacine.fr\/it\/katana-e-spada-videogiochi-altri-videogiochi\/spada-ribelle-spada-di-dante-devil-may-cry\/\">spada della ribellione in Devil My Cry<\/a> con la sua protezione del cranio<\/li>\n<li>Cos\u00ec come il<a href=\"https:\/\/repliquemangacine.fr\/it\/katana-e-spada-videogiochi-altri-videogiochi\/nuvola-ff7-spada-tritatutto\/\">Spada schiaccia nuvole<\/a> in Final Fantasy 7 Remake<\/li>\n<li>E molto, molto altro ancora da scoprire nel nostro negozio online!<\/li>\n<\/ul>\n<p>Ecco quindi alcune grandi idee regalo per tutti gli appassionati di videogiochi.<\/p>\n<p>In conclusione, \u00e8 possibile utilizzare il metodo <strong>Katana Moonveil nell'anello di Elden<\/strong> per le sfilate di cosplay. Ma soprattutto \u00e8 un oggetto da collezione e una decorazione.<\/p>\n<h2>Come faccio a mantenere la lama della mia spada?<\/h2>\n<p>Le spade da collezione e decorative sono realizzate e assemblate in modo semplificato. Poich\u00e9 il loro uso \u00e8 decorativo, non hanno le caratteristiche di sicurezza richieste per una spada giapponese destinata all'allenamento.<\/p>\n<p>Tuttavia, il vostro <strong>Katana Moonveil nell'anello di Elden<\/strong> a una lama d'acciaio che deve essere mantenuta per evitare che si danneggi nel tempo. Quando si espone la spada, gli amici saranno curiosi di vedere la lama e di toccarla. \u00c8 qui che bisogna fare attenzione, perch\u00e9 l'acidit\u00e0 delle dita \u00e8 molto dannosa per l'acciaio, qualunque sia la sua qualit\u00e0.<\/p>\n<p>Tuttavia, se ci\u00f2 accade, non bisogna farsi prendere dal panico: basta usare un panno inumidito con un po' d'olio e cancellare le impronte digitali. In questo modo, la spada durer\u00e0 a lungo.<\/p>","protected":false},"excerpt":{"rendered":"<p>Splendida replica della Katana Moonveil nell'Anello di Elden<\/p>\n<ul>\n<li>Lama in acciaio 440 bicolore, decorata sulla parte superiore.<\/li>\n<li>Guardia e pomo in acciaio invecchiato appositamente sagomato.<\/li>\n<li>Fodero in legno nero<\/li>\n<li>Manico rivestito di treccia di cotone nero.<\/li>\n<li>Lunghezza lama: 68 cm - Lunghezza totale: 103 cm<\/li>\n<\/ul>","protected":false},"featured_media":62739,"template":"","meta":[],"product_brand":[896],"product_cat":[876,23,67],"product_tag":[],"class_list":{"0":"post-62738","1":"product","2":"type-product","3":"status-publish","4":"has-post-thumbnail","6":"product_brand-replique-manga-cine","7":"product_cat-elden-ring","8":"product_cat-repliques-manga-jeux-video","9":"product_cat-katana-et-epee-de-jeux-video-autre-jeux-video","11":"first","12":"instock","13":"taxable","14":"shipping-taxable","15":"purchasable","16":"product-type-simple"},"yoast_head":"<!-- This site is optimized with the Yoast SEO plugin v27.4 - https:\/\/yoast.com\/product\/yoast-seo-wordpress\/ -->\n<title>Katana Moonveil dans Elden Ring - R\u00e9plique Manga Cin\u00e9<\/title>\n<meta name=\"description\" content=\"Commandez vite ! Ce magnifique Katana Moonveil dans Elden Ring au meilleur prix. Lame en acier d\u00e9cor\u00e9. Garde et pommeau en m\u00e9tal vieilli. Fourreau. 100 cm\" \/>\n<meta name=\"robots\" content=\"index, follow, max-snippet:-1, max-image-preview:large, max-video-preview:-1\" \/>\n<link rel=\"canonical\" href=\"https:\/\/repliquemangacine.fr\/it\/anello-di-elden\/katana-moonveil-nellanello-elden\/\" \/>\n<meta property=\"og:locale\" content=\"it_IT\" \/>\n<meta property=\"og:type\" content=\"article\" \/>\n<meta property=\"og:title\" content=\"Katana Moonveil dans Elden Ring - R\u00e9plique Manga Cin\u00e9\" \/>\n<meta property=\"og:description\" content=\"Commandez vite ! Ce magnifique Katana Moonveil dans Elden Ring au meilleur prix. Lame en acier d\u00e9cor\u00e9. Garde et pommeau en m\u00e9tal vieilli. Fourreau. 100 cm\" \/>\n<meta property=\"og:url\" content=\"https:\/\/repliquemangacine.fr\/it\/anello-di-elden\/katana-moonveil-nellanello-elden\/\" \/>\n<meta property=\"og:site_name\" content=\"R\u00e9plique Manga Cin\u00e9\" \/>\n<meta property=\"article:publisher\" content=\"https:\/\/www.facebook.com\/RepliqueMangaCine\" \/>\n<meta property=\"article:modified_time\" content=\"2025-12-11T13:02:43+00:00\" \/>\n<meta property=\"og:image\" content=\"https:\/\/repliquemangacine.fr\/wp-content\/uploads\/2023\/10\/Katana-Moonveil-dans-Elden-Ring-lame.jpg\" \/>\n\t<meta property=\"og:image:width\" content=\"500\" \/>\n\t<meta property=\"og:image:height\" content=\"500\" \/>\n\t<meta property=\"og:image:type\" content=\"image\/jpeg\" \/>\n<meta name=\"twitter:card\" content=\"summary_large_image\" \/>\n<meta name=\"twitter:label1\" content=\"Tempo di lettura stimato\" \/>\n\t<meta name=\"twitter:data1\" content=\"3 minuti\" \/>\n<script type=\"application\/ld+json\" class=\"yoast-schema-graph\">{\"@context\":\"https:\\\/\\\/schema.org\",\"@graph\":[{\"@type\":\"WebPage\",\"@id\":\"https:\\\/\\\/repliquemangacine.fr\\\/elden-ring\\\/katana-moonveil-dans-elden-ring\\\/\",\"url\":\"https:\\\/\\\/repliquemangacine.fr\\\/elden-ring\\\/katana-moonveil-dans-elden-ring\\\/\",\"name\":\"Katana Moonveil dans Elden Ring - R\u00e9plique Manga Cin\u00e9\",\"isPartOf\":{\"@id\":\"https:\\\/\\\/repliquemangacine.fr\\\/#website\"},\"primaryImageOfPage\":{\"@id\":\"https:\\\/\\\/repliquemangacine.fr\\\/elden-ring\\\/katana-moonveil-dans-elden-ring\\\/#primaryimage\"},\"image\":{\"@id\":\"https:\\\/\\\/repliquemangacine.fr\\\/elden-ring\\\/katana-moonveil-dans-elden-ring\\\/#primaryimage\"},\"thumbnailUrl\":\"https:\\\/\\\/repliquemangacine.fr\\\/wp-content\\\/uploads\\\/2023\\\/10\\\/Katana-Moonveil-dans-Elden-Ring-lame.jpg\",\"datePublished\":\"2023-09-25T15:13:04+00:00\",\"dateModified\":\"2025-12-11T13:02:43+00:00\",\"description\":\"Commandez vite ! Ce magnifique Katana Moonveil dans Elden Ring au meilleur prix. Lame en acier d\u00e9cor\u00e9. Garde et pommeau en m\u00e9tal vieilli. Fourreau. 100 cm\",\"breadcrumb\":{\"@id\":\"https:\\\/\\\/repliquemangacine.fr\\\/elden-ring\\\/katana-moonveil-dans-elden-ring\\\/#breadcrumb\"},\"inLanguage\":\"it-IT\",\"potentialAction\":[{\"@type\":\"ReadAction\",\"target\":[\"https:\\\/\\\/repliquemangacine.fr\\\/elden-ring\\\/katana-moonveil-dans-elden-ring\\\/\"]}]},{\"@type\":\"ImageObject\",\"inLanguage\":\"it-IT\",\"@id\":\"https:\\\/\\\/repliquemangacine.fr\\\/elden-ring\\\/katana-moonveil-dans-elden-ring\\\/#primaryimage\",\"url\":\"https:\\\/\\\/repliquemangacine.fr\\\/wp-content\\\/uploads\\\/2023\\\/10\\\/Katana-Moonveil-dans-Elden-Ring-lame.jpg\",\"contentUrl\":\"https:\\\/\\\/repliquemangacine.fr\\\/wp-content\\\/uploads\\\/2023\\\/10\\\/Katana-Moonveil-dans-Elden-Ring-lame.jpg\",\"width\":500,\"height\":500,\"caption\":\"Katana Moonveil dans Elden Ring\"},{\"@type\":\"BreadcrumbList\",\"@id\":\"https:\\\/\\\/repliquemangacine.fr\\\/elden-ring\\\/katana-moonveil-dans-elden-ring\\\/#breadcrumb\",\"itemListElement\":[{\"@type\":\"ListItem\",\"position\":1,\"name\":\"Accueil\",\"item\":\"https:\\\/\\\/repliquemangacine.fr\\\/\"},{\"@type\":\"ListItem\",\"position\":2,\"name\":\"Produits\",\"item\":\"https:\\\/\\\/repliquemangacine.fr\\\/boutique\\\/\"},{\"@type\":\"ListItem\",\"position\":3,\"name\":\"Katana Moonveil dans Elden Ring\"}]},{\"@type\":\"WebSite\",\"@id\":\"https:\\\/\\\/repliquemangacine.fr\\\/#website\",\"url\":\"https:\\\/\\\/repliquemangacine.fr\\\/\",\"name\":\"R\u00e9plique Manga Cin\u00e9\",\"description\":\"\",\"publisher\":{\"@id\":\"https:\\\/\\\/repliquemangacine.fr\\\/#organization\"},\"potentialAction\":[{\"@type\":\"SearchAction\",\"target\":{\"@type\":\"EntryPoint\",\"urlTemplate\":\"https:\\\/\\\/repliquemangacine.fr\\\/?s={search_term_string}\"},\"query-input\":{\"@type\":\"PropertyValueSpecification\",\"valueRequired\":true,\"valueName\":\"search_term_string\"}}],\"inLanguage\":\"it-IT\"},{\"@type\":\"Organization\",\"@id\":\"https:\\\/\\\/repliquemangacine.fr\\\/#organization\",\"name\":\"R\u00e9plique Manga Cin\u00e9\",\"url\":\"https:\\\/\\\/repliquemangacine.fr\\\/\",\"logo\":{\"@type\":\"ImageObject\",\"inLanguage\":\"it-IT\",\"@id\":\"https:\\\/\\\/repliquemangacine.fr\\\/#\\\/schema\\\/logo\\\/image\\\/\",\"url\":\"https:\\\/\\\/repliquemangacine.fr\\\/wp-content\\\/uploads\\\/2023\\\/10\\\/RMC-500250.png\",\"contentUrl\":\"https:\\\/\\\/repliquemangacine.fr\\\/wp-content\\\/uploads\\\/2023\\\/10\\\/RMC-500250.png\",\"width\":500,\"height\":250,\"caption\":\"R\u00e9plique Manga Cin\u00e9\"},\"image\":{\"@id\":\"https:\\\/\\\/repliquemangacine.fr\\\/#\\\/schema\\\/logo\\\/image\\\/\"},\"sameAs\":[\"https:\\\/\\\/www.facebook.com\\\/RepliqueMangaCine\",\"https:\\\/\\\/www.instagram.com\\\/repliquemangacine.fr\\\/\"]}]}<\/script>\n<!-- \/ Yoast SEO plugin. -->","yoast_head_json":{"title":"Katana Moonveil con anello Elden - R\u00e9plique Manga Cin\u00e9","description":"Ordinate ora! Questa magnifica Katana Moonveil in Elden Ring al miglior prezzo. Lama in acciaio decorato. Elsa e pomo in metallo antico. Fodero. Lunghezza 100 cm.","robots":{"index":"index","follow":"follow","max-snippet":"max-snippet:-1","max-image-preview":"max-image-preview:large","max-video-preview":"max-video-preview:-1"},"canonical":"https:\/\/repliquemangacine.fr\/it\/anello-di-elden\/katana-moonveil-nellanello-elden\/","og_locale":"it_IT","og_type":"article","og_title":"Katana Moonveil dans Elden Ring - R\u00e9plique Manga Cin\u00e9","og_description":"Commandez vite ! Ce magnifique Katana Moonveil dans Elden Ring au meilleur prix. Lame en acier d\u00e9cor\u00e9. Garde et pommeau en m\u00e9tal vieilli. Fourreau. 100 cm","og_url":"https:\/\/repliquemangacine.fr\/it\/anello-di-elden\/katana-moonveil-nellanello-elden\/","og_site_name":"R\u00e9plique Manga Cin\u00e9","article_publisher":"https:\/\/www.facebook.com\/RepliqueMangaCine","article_modified_time":"2025-12-11T13:02:43+00:00","og_image":[{"width":500,"height":500,"url":"https:\/\/repliquemangacine.fr\/wp-content\/uploads\/2023\/10\/Katana-Moonveil-dans-Elden-Ring-lame.jpg","type":"image\/jpeg"}],"twitter_card":"summary_large_image","twitter_misc":{"Tempo di lettura stimato":"3 minuti"},"schema":{"@context":"https:\/\/schema.org","@graph":[{"@type":"WebPage","@id":"https:\/\/repliquemangacine.fr\/elden-ring\/katana-moonveil-dans-elden-ring\/","url":"https:\/\/repliquemangacine.fr\/elden-ring\/katana-moonveil-dans-elden-ring\/","name":"Katana Moonveil con anello Elden - R\u00e9plique Manga Cin\u00e9","isPartOf":{"@id":"https:\/\/repliquemangacine.fr\/#website"},"primaryImageOfPage":{"@id":"https:\/\/repliquemangacine.fr\/elden-ring\/katana-moonveil-dans-elden-ring\/#primaryimage"},"image":{"@id":"https:\/\/repliquemangacine.fr\/elden-ring\/katana-moonveil-dans-elden-ring\/#primaryimage"},"thumbnailUrl":"https:\/\/repliquemangacine.fr\/wp-content\/uploads\/2023\/10\/Katana-Moonveil-dans-Elden-Ring-lame.jpg","datePublished":"2023-09-25T15:13:04+00:00","dateModified":"2025-12-11T13:02:43+00:00","description":"Ordinate ora! Questa magnifica Katana Moonveil in Elden Ring al miglior prezzo. Lama in acciaio decorato. Elsa e pomo in metallo antico. Fodero. Lunghezza 100 cm.","breadcrumb":{"@id":"https:\/\/repliquemangacine.fr\/elden-ring\/katana-moonveil-dans-elden-ring\/#breadcrumb"},"inLanguage":"it-IT","potentialAction":[{"@type":"ReadAction","target":["https:\/\/repliquemangacine.fr\/elden-ring\/katana-moonveil-dans-elden-ring\/"]}]},{"@type":"ImageObject","inLanguage":"it-IT","@id":"https:\/\/repliquemangacine.fr\/elden-ring\/katana-moonveil-dans-elden-ring\/#primaryimage","url":"https:\/\/repliquemangacine.fr\/wp-content\/uploads\/2023\/10\/Katana-Moonveil-dans-Elden-Ring-lame.jpg","contentUrl":"https:\/\/repliquemangacine.fr\/wp-content\/uploads\/2023\/10\/Katana-Moonveil-dans-Elden-Ring-lame.jpg","width":500,"height":500,"caption":"Katana Moonveil dans Elden Ring"},{"@type":"BreadcrumbList","@id":"https:\/\/repliquemangacine.fr\/elden-ring\/katana-moonveil-dans-elden-ring\/#breadcrumb","itemListElement":[{"@type":"ListItem","position":1,"name":"Accueil","item":"https:\/\/repliquemangacine.fr\/"},{"@type":"ListItem","position":2,"name":"Produits","item":"https:\/\/repliquemangacine.fr\/boutique\/"},{"@type":"ListItem","position":3,"name":"Katana Moonveil dans Elden Ring"}]},{"@type":"WebSite","@id":"https:\/\/repliquemangacine.fr\/#website","url":"https:\/\/repliquemangacine.fr\/","name":"R\u00e9plique Manga Cin\u00e9","description":"","publisher":{"@id":"https:\/\/repliquemangacine.fr\/#organization"},"potentialAction":[{"@type":"SearchAction","target":{"@type":"EntryPoint","urlTemplate":"https:\/\/repliquemangacine.fr\/?s={search_term_string}"},"query-input":{"@type":"PropertyValueSpecification","valueRequired":true,"valueName":"search_term_string"}}],"inLanguage":"it-IT"},{"@type":"Organization","@id":"https:\/\/repliquemangacine.fr\/#organization","name":"R\u00e9plique Manga Cin\u00e9","url":"https:\/\/repliquemangacine.fr\/","logo":{"@type":"ImageObject","inLanguage":"it-IT","@id":"https:\/\/repliquemangacine.fr\/#\/schema\/logo\/image\/","url":"https:\/\/repliquemangacine.fr\/wp-content\/uploads\/2023\/10\/RMC-500250.png","contentUrl":"https:\/\/repliquemangacine.fr\/wp-content\/uploads\/2023\/10\/RMC-500250.png","width":500,"height":250,"caption":"R\u00e9plique Manga Cin\u00e9"},"image":{"@id":"https:\/\/repliquemangacine.fr\/#\/schema\/logo\/image\/"},"sameAs":["https:\/\/www.facebook.com\/RepliqueMangaCine","https:\/\/www.instagram.com\/repliquemangacine.fr\/"]}]}},"_links":{"self":[{"href":"https:\/\/repliquemangacine.fr\/it\/wp-json\/wp\/v2\/product\/62738","targetHints":{"allow":["GET"]}}],"collection":[{"href":"https:\/\/repliquemangacine.fr\/it\/wp-json\/wp\/v2\/product"}],"about":[{"href":"https:\/\/repliquemangacine.fr\/it\/wp-json\/wp\/v2\/types\/product"}],"wp:featuredmedia":[{"embeddable":true,"href":"https:\/\/repliquemangacine.fr\/it\/wp-json\/wp\/v2\/media\/62739"}],"wp:attachment":[{"href":"https:\/\/repliquemangacine.fr\/it\/wp-json\/wp\/v2\/media?parent=62738"}],"wp:term":[{"taxonomy":"product_brand","embeddable":true,"href":"https:\/\/repliquemangacine.fr\/it\/wp-json\/wp\/v2\/product_brand?post=62738"},{"taxonomy":"product_cat","embeddable":true,"href":"https:\/\/repliquemangacine.fr\/it\/wp-json\/wp\/v2\/product_cat?post=62738"},{"taxonomy":"product_tag","embeddable":true,"href":"https:\/\/repliquemangacine.fr\/it\/wp-json\/wp\/v2\/product_tag?post=62738"}],"curies":[{"name":"wp","href":"https:\/\/api.w.org\/{rel}","templated":true}]}}