





{"id":62682,"date":"2023-09-24T12:13:01","date_gmt":"2023-09-24T10:13:01","guid":{"rendered":"https:\/\/repliquemangacine.fr\/?post_type=product&#038;p=62682"},"modified":"2025-12-12T16:12:19","modified_gmt":"2025-12-12T15:12:19","slug":"tanto-di-inosuke-hashibira-cacciatore-di-demoni","status":"publish","type":"product","link":"https:\/\/repliquemangacine.fr\/it\/tanto-mini-katana-demon-slayer\/tanto-de-inosuke-hashibira-demon-slayer\/","title":{"rendered":"Tanto di Inosuke Hashibira - Uccisore di demoni"},"content":{"rendered":"<h2>Tanto di Inosuke Hashibira - Uccisore di demoni<\/h2>\n<p>Per cominciare, il <strong>Tanto di Inosuke Hashibira<\/strong> in Demon Slayer, si ispira alla sua katana. \u00c8 una spada del sole.<\/p>\n<p><a href=\"https:\/\/kimetsu-no-yaiba.fandom.com\/fr\/wiki\/Inosuke_Hashibira\" target=\"_blank\" rel=\"noopener noreferrer\">Inosuke Hashibira<\/a> \u00e8 un cacciatore di demoni e compagno di viaggio di Tanjiro Kamado. \u00c8 uno dei personaggi principali di Kimetsu no Yaiba. \u00c8 un ottimo combattente, in grado di eguagliare e persino superare Tanjiro grazie alla sua flessibilit\u00e0 e al suo stile di combattimento non convenzionale.<\/p>\n<p>Inosuke \u00e8 molto flessibile, al punto da poter mettere la testa tra le gambe. Ha dimostrato un'abilit\u00e0 esemplare nella doppia impugnatura delle sue katane del sole, che gli ha permesso di affrontare e sconfiggere i demoni in varie occasioni, arrivando a eguagliare i membri delle Dodici Lune Demoniache. Il suo stile di combattimento \u00e8 il \u201crespiro della bestia\u201d.<\/p>\n<h2>Your Tanto by Inosuke Hashibira al miglior prezzo<\/h2>\n<p>Abbiamo tutte le battute dei vostri personaggi preferiti in questo manga anime Demon Slayer.<\/p>\n<p>Innanzitutto,<\/p>\n<ul>\n<li>il <a href=\"https:\/\/repliquemangacine.fr\/it\/katana-uccisore-di-demoni\/katana-delluccisore-di-demoni-zenitsu-agatsuma\/\">Katana di Zenitsu Agatsuma<\/a> e la sua lama serigrafata in oro che imita un cablaggio elettrico.<\/li>\n<li>Cos\u00ec come <a href=\"https:\/\/repliquemangacine.fr\/it\/katana-uccisore-di-demoni\/le-spade-gemelle-di-tengen\/\">due spade gemelle di Tengen<\/a>con la sua catena che collega le due spade.<\/li>\n<li>E molti altri da scoprire nel nostro negozio online!<\/li>\n<\/ul>\n<p>Ecco quindi alcune fantastiche idee regalo per i fan di Kimetsu no Yaiba o Demon Slayer.<\/p>\n<p>In conclusione, \u00e8 possibile utilizzare questo <strong>Tanto di Inosuke Hashibira<\/strong> per le sfilate di cosplay o le serate a tema. Ma soprattutto, \u00e8 anche un oggetto da collezione e un pezzo decorativo.<\/p>\n<h2>Come faccio a mantenere la lama della mia mini-katana?<\/h2>\n<p>Le katana da collezione e decorative sono realizzate e assemblate in modo semplificato. Essendo destinate a scopi decorativi, non dispongono degli elementi di sicurezza necessari per una spada giapponese destinata all'allenamento.<\/p>\n<p>Tuttavia, il vostro <strong>Tanto di Inosuke Hashibira<\/strong> una lama in acciaio che deve essere curata per evitare che si rovini con il tempo. Infatti, esporrete la vostra katana e i vostri amici saranno curiosi di vedere la lama e di toccarla. \u00c8 qui che bisogna prestare attenzione, poich\u00e9 l'acidit\u00e0 delle dita \u00e8 molto dannosa per l'acciaio, indipendentemente dalla sua qualit\u00e0.<\/p>\n<p>Se ci\u00f2 dovesse accadere, non preoccupatevi, basta solo un panno inumidito con un po' di olio per rimuovere le impronte digitali. In questo modo, la vostra mini-katana durer\u00e0 a lungo.<\/p>","protected":false},"excerpt":{"rendered":"<p>Superbo Tanto di Inosuke Hashibira, insirato dalla sua spada.<\/p>\n<ul>\n<li>Lama in acciaio bicolore.<\/li>\n<li>Tacca lungo tutta la lama.<\/li>\n<li>Manico ricoperto da una striscia di cotone bianco.<\/li>\n<li>Anche il fodero \u00e8 ricoperto da una striscia di cotone.<\/li>\n<li>Fornito con supporto<\/li>\n<li>Lunghezza lama: 28 cm - Lunghezza totale: 43 cm - Peso: 224 g<\/li>\n<\/ul>","protected":false},"featured_media":62683,"template":"","meta":[],"product_brand":[896],"product_cat":[63,23,118],"product_tag":[],"class_list":{"0":"post-62682","1":"product","2":"type-product","3":"status-publish","4":"has-post-thumbnail","6":"product_brand-replique-manga-cine","7":"product_cat-katana-demon-slayer","8":"product_cat-repliques-manga-jeux-video","9":"product_cat-tanto-mini-katana-demon-slayer","11":"first","12":"instock","13":"taxable","14":"shipping-taxable","15":"purchasable","16":"product-type-simple"},"yoast_head":"<!-- This site is optimized with the Yoast SEO plugin v27.4 - https:\/\/yoast.com\/product\/yoast-seo-wordpress\/ -->\n<title>Tanto de Inosuke Hashibira - Demon Slayer - R\u00e9plique Manga Cin\u00e9<\/title>\n<meta name=\"description\" content=\"D\u00e9couvrez ce superbe Tanto de Inosuke Hashibira dans Demon Slayer au meilleur prix. Lame dentel\u00e9e en acier de 28 cm. Fourreau. Livr\u00e9 avec support. 43 cm\" \/>\n<meta name=\"robots\" content=\"index, follow, max-snippet:-1, max-image-preview:large, max-video-preview:-1\" \/>\n<link rel=\"canonical\" href=\"https:\/\/repliquemangacine.fr\/it\/tanto-mini-katana-demon-slayer\/tanto-di-inosuke-hashibira-cacciatore-di-demoni\/\" \/>\n<meta property=\"og:locale\" content=\"it_IT\" \/>\n<meta property=\"og:type\" content=\"article\" \/>\n<meta property=\"og:title\" content=\"Tanto de Inosuke Hashibira - Demon Slayer - R\u00e9plique Manga Cin\u00e9\" \/>\n<meta property=\"og:description\" content=\"D\u00e9couvrez ce superbe Tanto de Inosuke Hashibira dans Demon Slayer au meilleur prix. Lame dentel\u00e9e en acier de 28 cm. Fourreau. Livr\u00e9 avec support. 43 cm\" \/>\n<meta property=\"og:url\" content=\"https:\/\/repliquemangacine.fr\/it\/tanto-mini-katana-demon-slayer\/tanto-di-inosuke-hashibira-cacciatore-di-demoni\/\" \/>\n<meta property=\"og:site_name\" content=\"R\u00e9plique Manga Cin\u00e9\" \/>\n<meta property=\"article:publisher\" content=\"https:\/\/www.facebook.com\/RepliqueMangaCine\" \/>\n<meta property=\"article:modified_time\" content=\"2025-12-12T15:12:19+00:00\" \/>\n<meta property=\"og:image\" content=\"https:\/\/repliquemangacine.fr\/wp-content\/uploads\/2023\/10\/Tanto-de-Inosuke-Hashibira.jpg\" \/>\n\t<meta property=\"og:image:width\" content=\"500\" \/>\n\t<meta property=\"og:image:height\" content=\"500\" \/>\n\t<meta property=\"og:image:type\" content=\"image\/jpeg\" \/>\n<meta name=\"twitter:card\" content=\"summary_large_image\" \/>\n<meta name=\"twitter:label1\" content=\"Tempo di lettura stimato\" \/>\n\t<meta name=\"twitter:data1\" content=\"3 minuti\" \/>\n<script type=\"application\/ld+json\" class=\"yoast-schema-graph\">{\"@context\":\"https:\\\/\\\/schema.org\",\"@graph\":[{\"@type\":\"WebPage\",\"@id\":\"https:\\\/\\\/repliquemangacine.fr\\\/tanto-mini-katana-demon-slayer\\\/tanto-de-inosuke-hashibira-demon-slayer\\\/\",\"url\":\"https:\\\/\\\/repliquemangacine.fr\\\/tanto-mini-katana-demon-slayer\\\/tanto-de-inosuke-hashibira-demon-slayer\\\/\",\"name\":\"Tanto de Inosuke Hashibira - Demon Slayer - R\u00e9plique Manga Cin\u00e9\",\"isPartOf\":{\"@id\":\"https:\\\/\\\/repliquemangacine.fr\\\/#website\"},\"primaryImageOfPage\":{\"@id\":\"https:\\\/\\\/repliquemangacine.fr\\\/tanto-mini-katana-demon-slayer\\\/tanto-de-inosuke-hashibira-demon-slayer\\\/#primaryimage\"},\"image\":{\"@id\":\"https:\\\/\\\/repliquemangacine.fr\\\/tanto-mini-katana-demon-slayer\\\/tanto-de-inosuke-hashibira-demon-slayer\\\/#primaryimage\"},\"thumbnailUrl\":\"https:\\\/\\\/repliquemangacine.fr\\\/wp-content\\\/uploads\\\/2023\\\/10\\\/Tanto-de-Inosuke-Hashibira.jpg\",\"datePublished\":\"2023-09-24T10:13:01+00:00\",\"dateModified\":\"2025-12-12T15:12:19+00:00\",\"description\":\"D\u00e9couvrez ce superbe Tanto de Inosuke Hashibira dans Demon Slayer au meilleur prix. Lame dentel\u00e9e en acier de 28 cm. Fourreau. Livr\u00e9 avec support. 43 cm\",\"breadcrumb\":{\"@id\":\"https:\\\/\\\/repliquemangacine.fr\\\/tanto-mini-katana-demon-slayer\\\/tanto-de-inosuke-hashibira-demon-slayer\\\/#breadcrumb\"},\"inLanguage\":\"it-IT\",\"potentialAction\":[{\"@type\":\"ReadAction\",\"target\":[\"https:\\\/\\\/repliquemangacine.fr\\\/tanto-mini-katana-demon-slayer\\\/tanto-de-inosuke-hashibira-demon-slayer\\\/\"]}]},{\"@type\":\"ImageObject\",\"inLanguage\":\"it-IT\",\"@id\":\"https:\\\/\\\/repliquemangacine.fr\\\/tanto-mini-katana-demon-slayer\\\/tanto-de-inosuke-hashibira-demon-slayer\\\/#primaryimage\",\"url\":\"https:\\\/\\\/repliquemangacine.fr\\\/wp-content\\\/uploads\\\/2023\\\/10\\\/Tanto-de-Inosuke-Hashibira.jpg\",\"contentUrl\":\"https:\\\/\\\/repliquemangacine.fr\\\/wp-content\\\/uploads\\\/2023\\\/10\\\/Tanto-de-Inosuke-Hashibira.jpg\",\"width\":500,\"height\":500,\"caption\":\"Tanto de Inosuke Hashibira\"},{\"@type\":\"BreadcrumbList\",\"@id\":\"https:\\\/\\\/repliquemangacine.fr\\\/tanto-mini-katana-demon-slayer\\\/tanto-de-inosuke-hashibira-demon-slayer\\\/#breadcrumb\",\"itemListElement\":[{\"@type\":\"ListItem\",\"position\":1,\"name\":\"Accueil\",\"item\":\"https:\\\/\\\/repliquemangacine.fr\\\/\"},{\"@type\":\"ListItem\",\"position\":2,\"name\":\"Produits\",\"item\":\"https:\\\/\\\/repliquemangacine.fr\\\/boutique\\\/\"},{\"@type\":\"ListItem\",\"position\":3,\"name\":\"Tanto de Inosuke Hashibira &#8211; Demon Slayer\"}]},{\"@type\":\"WebSite\",\"@id\":\"https:\\\/\\\/repliquemangacine.fr\\\/#website\",\"url\":\"https:\\\/\\\/repliquemangacine.fr\\\/\",\"name\":\"R\u00e9plique Manga Cin\u00e9\",\"description\":\"\",\"publisher\":{\"@id\":\"https:\\\/\\\/repliquemangacine.fr\\\/#organization\"},\"potentialAction\":[{\"@type\":\"SearchAction\",\"target\":{\"@type\":\"EntryPoint\",\"urlTemplate\":\"https:\\\/\\\/repliquemangacine.fr\\\/?s={search_term_string}\"},\"query-input\":{\"@type\":\"PropertyValueSpecification\",\"valueRequired\":true,\"valueName\":\"search_term_string\"}}],\"inLanguage\":\"it-IT\"},{\"@type\":\"Organization\",\"@id\":\"https:\\\/\\\/repliquemangacine.fr\\\/#organization\",\"name\":\"R\u00e9plique Manga Cin\u00e9\",\"url\":\"https:\\\/\\\/repliquemangacine.fr\\\/\",\"logo\":{\"@type\":\"ImageObject\",\"inLanguage\":\"it-IT\",\"@id\":\"https:\\\/\\\/repliquemangacine.fr\\\/#\\\/schema\\\/logo\\\/image\\\/\",\"url\":\"https:\\\/\\\/repliquemangacine.fr\\\/wp-content\\\/uploads\\\/2023\\\/10\\\/RMC-500250.png\",\"contentUrl\":\"https:\\\/\\\/repliquemangacine.fr\\\/wp-content\\\/uploads\\\/2023\\\/10\\\/RMC-500250.png\",\"width\":500,\"height\":250,\"caption\":\"R\u00e9plique Manga Cin\u00e9\"},\"image\":{\"@id\":\"https:\\\/\\\/repliquemangacine.fr\\\/#\\\/schema\\\/logo\\\/image\\\/\"},\"sameAs\":[\"https:\\\/\\\/www.facebook.com\\\/RepliqueMangaCine\",\"https:\\\/\\\/www.instagram.com\\\/repliquemangacine.fr\\\/\"]}]}<\/script>\n<!-- \/ Yoast SEO plugin. -->","yoast_head_json":{"title":"Tanto di Inosuke Hashibira - Uccisore di demoni - R\u00e9plique Manga Cin\u00e9","description":"Scoprite questo superbo Tanto di Inosuke Hashibira in Demon Slayer al miglior prezzo. Lama in acciaio seghettato da 28 cm. Fodero. Fornito con supporto. Lunghezza 43 cm","robots":{"index":"index","follow":"follow","max-snippet":"max-snippet:-1","max-image-preview":"max-image-preview:large","max-video-preview":"max-video-preview:-1"},"canonical":"https:\/\/repliquemangacine.fr\/it\/tanto-mini-katana-demon-slayer\/tanto-di-inosuke-hashibira-cacciatore-di-demoni\/","og_locale":"it_IT","og_type":"article","og_title":"Tanto de Inosuke Hashibira - Demon Slayer - R\u00e9plique Manga Cin\u00e9","og_description":"D\u00e9couvrez ce superbe Tanto de Inosuke Hashibira dans Demon Slayer au meilleur prix. Lame dentel\u00e9e en acier de 28 cm. Fourreau. Livr\u00e9 avec support. 43 cm","og_url":"https:\/\/repliquemangacine.fr\/it\/tanto-mini-katana-demon-slayer\/tanto-di-inosuke-hashibira-cacciatore-di-demoni\/","og_site_name":"R\u00e9plique Manga Cin\u00e9","article_publisher":"https:\/\/www.facebook.com\/RepliqueMangaCine","article_modified_time":"2025-12-12T15:12:19+00:00","og_image":[{"width":500,"height":500,"url":"https:\/\/repliquemangacine.fr\/wp-content\/uploads\/2023\/10\/Tanto-de-Inosuke-Hashibira.jpg","type":"image\/jpeg"}],"twitter_card":"summary_large_image","twitter_misc":{"Tempo di lettura stimato":"3 minuti"},"schema":{"@context":"https:\/\/schema.org","@graph":[{"@type":"WebPage","@id":"https:\/\/repliquemangacine.fr\/tanto-mini-katana-demon-slayer\/tanto-de-inosuke-hashibira-demon-slayer\/","url":"https:\/\/repliquemangacine.fr\/tanto-mini-katana-demon-slayer\/tanto-de-inosuke-hashibira-demon-slayer\/","name":"Tanto di Inosuke Hashibira - Uccisore di demoni - R\u00e9plique Manga Cin\u00e9","isPartOf":{"@id":"https:\/\/repliquemangacine.fr\/#website"},"primaryImageOfPage":{"@id":"https:\/\/repliquemangacine.fr\/tanto-mini-katana-demon-slayer\/tanto-de-inosuke-hashibira-demon-slayer\/#primaryimage"},"image":{"@id":"https:\/\/repliquemangacine.fr\/tanto-mini-katana-demon-slayer\/tanto-de-inosuke-hashibira-demon-slayer\/#primaryimage"},"thumbnailUrl":"https:\/\/repliquemangacine.fr\/wp-content\/uploads\/2023\/10\/Tanto-de-Inosuke-Hashibira.jpg","datePublished":"2023-09-24T10:13:01+00:00","dateModified":"2025-12-12T15:12:19+00:00","description":"Scoprite questo superbo Tanto di Inosuke Hashibira in Demon Slayer al miglior prezzo. Lama in acciaio seghettato da 28 cm. Fodero. Fornito con supporto. Lunghezza 43 cm","breadcrumb":{"@id":"https:\/\/repliquemangacine.fr\/tanto-mini-katana-demon-slayer\/tanto-de-inosuke-hashibira-demon-slayer\/#breadcrumb"},"inLanguage":"it-IT","potentialAction":[{"@type":"ReadAction","target":["https:\/\/repliquemangacine.fr\/tanto-mini-katana-demon-slayer\/tanto-de-inosuke-hashibira-demon-slayer\/"]}]},{"@type":"ImageObject","inLanguage":"it-IT","@id":"https:\/\/repliquemangacine.fr\/tanto-mini-katana-demon-slayer\/tanto-de-inosuke-hashibira-demon-slayer\/#primaryimage","url":"https:\/\/repliquemangacine.fr\/wp-content\/uploads\/2023\/10\/Tanto-de-Inosuke-Hashibira.jpg","contentUrl":"https:\/\/repliquemangacine.fr\/wp-content\/uploads\/2023\/10\/Tanto-de-Inosuke-Hashibira.jpg","width":500,"height":500,"caption":"Tanto de Inosuke Hashibira"},{"@type":"BreadcrumbList","@id":"https:\/\/repliquemangacine.fr\/tanto-mini-katana-demon-slayer\/tanto-de-inosuke-hashibira-demon-slayer\/#breadcrumb","itemListElement":[{"@type":"ListItem","position":1,"name":"Accueil","item":"https:\/\/repliquemangacine.fr\/"},{"@type":"ListItem","position":2,"name":"Produits","item":"https:\/\/repliquemangacine.fr\/boutique\/"},{"@type":"ListItem","position":3,"name":"Tanto de Inosuke Hashibira &#8211; Demon Slayer"}]},{"@type":"WebSite","@id":"https:\/\/repliquemangacine.fr\/#website","url":"https:\/\/repliquemangacine.fr\/","name":"R\u00e9plique Manga Cin\u00e9","description":"","publisher":{"@id":"https:\/\/repliquemangacine.fr\/#organization"},"potentialAction":[{"@type":"SearchAction","target":{"@type":"EntryPoint","urlTemplate":"https:\/\/repliquemangacine.fr\/?s={search_term_string}"},"query-input":{"@type":"PropertyValueSpecification","valueRequired":true,"valueName":"search_term_string"}}],"inLanguage":"it-IT"},{"@type":"Organization","@id":"https:\/\/repliquemangacine.fr\/#organization","name":"R\u00e9plique Manga Cin\u00e9","url":"https:\/\/repliquemangacine.fr\/","logo":{"@type":"ImageObject","inLanguage":"it-IT","@id":"https:\/\/repliquemangacine.fr\/#\/schema\/logo\/image\/","url":"https:\/\/repliquemangacine.fr\/wp-content\/uploads\/2023\/10\/RMC-500250.png","contentUrl":"https:\/\/repliquemangacine.fr\/wp-content\/uploads\/2023\/10\/RMC-500250.png","width":500,"height":250,"caption":"R\u00e9plique Manga Cin\u00e9"},"image":{"@id":"https:\/\/repliquemangacine.fr\/#\/schema\/logo\/image\/"},"sameAs":["https:\/\/www.facebook.com\/RepliqueMangaCine","https:\/\/www.instagram.com\/repliquemangacine.fr\/"]}]}},"_links":{"self":[{"href":"https:\/\/repliquemangacine.fr\/it\/wp-json\/wp\/v2\/product\/62682","targetHints":{"allow":["GET"]}}],"collection":[{"href":"https:\/\/repliquemangacine.fr\/it\/wp-json\/wp\/v2\/product"}],"about":[{"href":"https:\/\/repliquemangacine.fr\/it\/wp-json\/wp\/v2\/types\/product"}],"wp:featuredmedia":[{"embeddable":true,"href":"https:\/\/repliquemangacine.fr\/it\/wp-json\/wp\/v2\/media\/62683"}],"wp:attachment":[{"href":"https:\/\/repliquemangacine.fr\/it\/wp-json\/wp\/v2\/media?parent=62682"}],"wp:term":[{"taxonomy":"product_brand","embeddable":true,"href":"https:\/\/repliquemangacine.fr\/it\/wp-json\/wp\/v2\/product_brand?post=62682"},{"taxonomy":"product_cat","embeddable":true,"href":"https:\/\/repliquemangacine.fr\/it\/wp-json\/wp\/v2\/product_cat?post=62682"},{"taxonomy":"product_tag","embeddable":true,"href":"https:\/\/repliquemangacine.fr\/it\/wp-json\/wp\/v2\/product_tag?post=62682"}],"curies":[{"name":"wp","href":"https:\/\/api.w.org\/{rel}","templated":true}]}}