





{"id":62215,"date":"2023-08-21T14:37:13","date_gmt":"2023-08-21T12:37:13","guid":{"rendered":"https:\/\/repliquemangacine.fr\/?post_type=product&#038;p=62215"},"modified":"2025-11-18T21:22:49","modified_gmt":"2025-11-18T20:22:49","slug":"cinghia-per-mg-34","status":"publish","type":"product","link":"https:\/\/repliquemangacine.fr\/it\/dagues-et-accessoires-seconde-guerre-mondiale-materiels-militaria\/bretelle-pour-mg-34\/","title":{"rendered":"Tracolla per MG 34"},"content":{"rendered":"<h2>Tracolla per MG 34 e 42<\/h2>\n<p>Per cominciare, il <strong>Tracolla per MG 34<\/strong> o 42 l'accessorio essenziale per la vostra collezione.<\/p>\n<p>La mitragliatrice MG34 o Maschinengewehr 34, una mitragliatrice tedesca a rinculo e raffreddamento ad aria compressa utilizzata durante la Seconda Guerra Mondiale.<\/p>\n<p>La sua versatilit\u00e0 era rivoluzionaria e permetteva di utilizzarlo sul bipiede per il fuoco antiaereo. Inoltre, il bipiede aveva due posizioni.<\/p>\n<p>La mitragliatrice era dotata di un selettore di fuoco che consentiva di sparare in singoli colpi quando si premeva la base del grilletto.<\/p>\n<p>Fu utilizzata fino alla produzione di massa della MG 42, meno costosa e meno soggetta a incrostazioni. La MG34 fu comunque utilizzata per tutta la guerra, nella sua versione a canna pesante montata su veicoli corazzati, la MG 34T.<\/p>\n<p>La Germania era riuscita a produrre quella che probabilmente sarebbe diventata la migliore mitragliatrice della Seconda Guerra Mondiale.<\/p>\n<h2>La vostra tracolla MG34 al miglior prezzo.<\/h2>\n<p>Offriamo una vasta gamma di accessori e riproduzioni di armi storiche.<\/p>\n<p>Innanzitutto,<\/p>\n<ul>\n<li>La mitragliatrice, <a href=\"https:\/\/repliquemangacine.fr\/it\/armi-accessorie-guerra-mondiale\/replica-della-mitragliatrice-mg34-con-treppiedi-denix\/\">MG 34<\/a> e il suo bipiede.<\/li>\n<li>Oltre all'emblematico fucile <a href=\"https:\/\/repliquemangacine.fr\/it\/armi-storiche\/fucile-m1-garand\/\">M1 Garand<\/a> G.I. americano<\/li>\n<li>Esiste anche il fucile inglese Lee-Enfield SMLE Mark II.<\/li>\n<li>E molti altri da scoprire nel nostro negozio online!<\/li>\n<\/ul>\n<p>Ecco perch\u00e9 \u00e8 un'idea regalo fantastica per tutti gli appassionati di armi storiche.<\/p>\n<p>In conclusione, potete utilizzare questa fionda MG34 per le vostre rievocazioni storiche. Ma soprattutto, quest'arma \u00e8 un oggetto da collezione e un pezzo decorativo.<\/p>\n<p>R\u00e9plique Manga Cin\u00e9 \u00e8 un'azienda francese e distributore ufficiale del marchio <a href=\"https:\/\/www.denix.fr\/\" target=\"_blank\" rel=\"noopener noreferrer\">Denix<\/a>.<\/p>\n<h2>Come vengono realizzate le repliche delle armi Denix?<\/h2>\n<p>Utilizzate in rievocazioni storiche, film, serie e dai collezionisti. Le riproduzioni Denix sono realizzate con materiali di alta qualit\u00e0. Sono accuratamente lavorate e assemblate per creare armi realistiche da collezione.<\/p>\n<ul>\n<li>I metalli sono in una lega metallica nota come Zamac, la cui composizione di base \u00e8 zinco in 95%.<\/li>\n<li>Le parti in plastica delle repliche sono realizzate in ABS stampato, che offre una grande resistenza.<\/li>\n<li>Il legno scelto per la sua bellezza e durata, come il mogano, l'ulivo o il noce, conferir\u00e0 ai mozziconi e alle botti un aspetto elegante e autentico.<\/li>\n<\/ul>\n<p>Si noti che tutte le riproduzioni Denix sono identiche agli originali, come il vostro <strong>imbragatura per mitragliatrice MG34<\/strong>.<\/p>","protected":false},"excerpt":{"rendered":"<p>Tracolla per mitragliatrici MG 34 e 42<\/p>\n<ul>\n<li>Tutta la pelle<\/li>\n<li>Moschettone in metallo<\/li>\n<\/ul>","protected":false},"featured_media":62216,"template":"","meta":[],"product_brand":[896],"product_cat":[25,54,85],"product_tag":[],"class_list":{"0":"post-62215","1":"product","2":"type-product","3":"status-publish","4":"has-post-thumbnail","6":"product_brand-replique-manga-cine","7":"product_cat-armes-historiques","8":"product_cat-armes-accessoires-guerre-mondiale","9":"product_cat-dagues-et-accessoires-seconde-guerre-mondiale-materiels-militaria","11":"first","12":"instock","13":"taxable","14":"shipping-taxable","15":"purchasable","16":"product-type-simple"},"yoast_head":"<!-- This site is optimized with the Yoast SEO plugin v27.4 - https:\/\/yoast.com\/product\/yoast-seo-wordpress\/ -->\n<title>Bretelle pour MG 34 - Denix - Accessoires Militaria - R\u00e9plique Manga Cin\u00e9<\/title>\n<meta name=\"description\" content=\"Superbe Bretelle pour MG 34 de la marque Denix au meilleur prix. Utilisable \u00e9galement pour la mitrailleuse MG 42. Mousqueton en m\u00e9tal.\" \/>\n<meta name=\"robots\" content=\"index, follow, max-snippet:-1, max-image-preview:large, max-video-preview:-1\" \/>\n<link rel=\"canonical\" href=\"https:\/\/repliquemangacine.fr\/it\/pugnali-e-accessori-materiale-militare-della-seconda-guerra-mondiale\/cinghia-per-mg-34\/\" \/>\n<meta property=\"og:locale\" content=\"it_IT\" \/>\n<meta property=\"og:type\" content=\"article\" \/>\n<meta property=\"og:title\" content=\"Bretelle pour MG 34 - Denix - Accessoires Militaria - R\u00e9plique Manga Cin\u00e9\" \/>\n<meta property=\"og:description\" content=\"Superbe Bretelle pour MG 34 de la marque Denix au meilleur prix. Utilisable \u00e9galement pour la mitrailleuse MG 42. Mousqueton en m\u00e9tal.\" \/>\n<meta property=\"og:url\" content=\"https:\/\/repliquemangacine.fr\/it\/pugnali-e-accessori-materiale-militare-della-seconda-guerra-mondiale\/cinghia-per-mg-34\/\" \/>\n<meta property=\"og:site_name\" content=\"R\u00e9plique Manga Cin\u00e9\" \/>\n<meta property=\"article:publisher\" content=\"https:\/\/www.facebook.com\/RepliqueMangaCine\" \/>\n<meta property=\"article:modified_time\" content=\"2025-11-18T20:22:49+00:00\" \/>\n<meta property=\"og:image\" content=\"https:\/\/repliquemangacine.fr\/wp-content\/uploads\/2023\/10\/Bretelle-pour-MG-34.jpg\" \/>\n\t<meta property=\"og:image:width\" content=\"500\" \/>\n\t<meta property=\"og:image:height\" content=\"500\" \/>\n\t<meta property=\"og:image:type\" content=\"image\/jpeg\" \/>\n<meta name=\"twitter:card\" content=\"summary_large_image\" \/>\n<meta name=\"twitter:label1\" content=\"Tempo di lettura stimato\" \/>\n\t<meta name=\"twitter:data1\" content=\"3 minuti\" \/>\n<script type=\"application\/ld+json\" class=\"yoast-schema-graph\">{\"@context\":\"https:\\\/\\\/schema.org\",\"@graph\":[{\"@type\":\"WebPage\",\"@id\":\"https:\\\/\\\/repliquemangacine.fr\\\/dagues-et-accessoires-seconde-guerre-mondiale-materiels-militaria\\\/bretelle-pour-mg-34\\\/\",\"url\":\"https:\\\/\\\/repliquemangacine.fr\\\/dagues-et-accessoires-seconde-guerre-mondiale-materiels-militaria\\\/bretelle-pour-mg-34\\\/\",\"name\":\"Bretelle pour MG 34 - Denix - Accessoires Militaria - R\u00e9plique Manga Cin\u00e9\",\"isPartOf\":{\"@id\":\"https:\\\/\\\/repliquemangacine.fr\\\/#website\"},\"primaryImageOfPage\":{\"@id\":\"https:\\\/\\\/repliquemangacine.fr\\\/dagues-et-accessoires-seconde-guerre-mondiale-materiels-militaria\\\/bretelle-pour-mg-34\\\/#primaryimage\"},\"image\":{\"@id\":\"https:\\\/\\\/repliquemangacine.fr\\\/dagues-et-accessoires-seconde-guerre-mondiale-materiels-militaria\\\/bretelle-pour-mg-34\\\/#primaryimage\"},\"thumbnailUrl\":\"https:\\\/\\\/repliquemangacine.fr\\\/wp-content\\\/uploads\\\/2023\\\/10\\\/Bretelle-pour-MG-34.jpg\",\"datePublished\":\"2023-08-21T12:37:13+00:00\",\"dateModified\":\"2025-11-18T20:22:49+00:00\",\"description\":\"Superbe Bretelle pour MG 34 de la marque Denix au meilleur prix. Utilisable \u00e9galement pour la mitrailleuse MG 42. Mousqueton en m\u00e9tal.\",\"breadcrumb\":{\"@id\":\"https:\\\/\\\/repliquemangacine.fr\\\/dagues-et-accessoires-seconde-guerre-mondiale-materiels-militaria\\\/bretelle-pour-mg-34\\\/#breadcrumb\"},\"inLanguage\":\"it-IT\",\"potentialAction\":[{\"@type\":\"ReadAction\",\"target\":[\"https:\\\/\\\/repliquemangacine.fr\\\/dagues-et-accessoires-seconde-guerre-mondiale-materiels-militaria\\\/bretelle-pour-mg-34\\\/\"]}]},{\"@type\":\"ImageObject\",\"inLanguage\":\"it-IT\",\"@id\":\"https:\\\/\\\/repliquemangacine.fr\\\/dagues-et-accessoires-seconde-guerre-mondiale-materiels-militaria\\\/bretelle-pour-mg-34\\\/#primaryimage\",\"url\":\"https:\\\/\\\/repliquemangacine.fr\\\/wp-content\\\/uploads\\\/2023\\\/10\\\/Bretelle-pour-MG-34.jpg\",\"contentUrl\":\"https:\\\/\\\/repliquemangacine.fr\\\/wp-content\\\/uploads\\\/2023\\\/10\\\/Bretelle-pour-MG-34.jpg\",\"width\":500,\"height\":500,\"caption\":\"Bretelle MG 34\"},{\"@type\":\"BreadcrumbList\",\"@id\":\"https:\\\/\\\/repliquemangacine.fr\\\/dagues-et-accessoires-seconde-guerre-mondiale-materiels-militaria\\\/bretelle-pour-mg-34\\\/#breadcrumb\",\"itemListElement\":[{\"@type\":\"ListItem\",\"position\":1,\"name\":\"Accueil\",\"item\":\"https:\\\/\\\/repliquemangacine.fr\\\/\"},{\"@type\":\"ListItem\",\"position\":2,\"name\":\"Produits\",\"item\":\"https:\\\/\\\/repliquemangacine.fr\\\/boutique\\\/\"},{\"@type\":\"ListItem\",\"position\":3,\"name\":\"Bretelle pour MG 34\"}]},{\"@type\":\"WebSite\",\"@id\":\"https:\\\/\\\/repliquemangacine.fr\\\/#website\",\"url\":\"https:\\\/\\\/repliquemangacine.fr\\\/\",\"name\":\"R\u00e9plique Manga Cin\u00e9\",\"description\":\"\",\"publisher\":{\"@id\":\"https:\\\/\\\/repliquemangacine.fr\\\/#organization\"},\"potentialAction\":[{\"@type\":\"SearchAction\",\"target\":{\"@type\":\"EntryPoint\",\"urlTemplate\":\"https:\\\/\\\/repliquemangacine.fr\\\/?s={search_term_string}\"},\"query-input\":{\"@type\":\"PropertyValueSpecification\",\"valueRequired\":true,\"valueName\":\"search_term_string\"}}],\"inLanguage\":\"it-IT\"},{\"@type\":\"Organization\",\"@id\":\"https:\\\/\\\/repliquemangacine.fr\\\/#organization\",\"name\":\"R\u00e9plique Manga Cin\u00e9\",\"url\":\"https:\\\/\\\/repliquemangacine.fr\\\/\",\"logo\":{\"@type\":\"ImageObject\",\"inLanguage\":\"it-IT\",\"@id\":\"https:\\\/\\\/repliquemangacine.fr\\\/#\\\/schema\\\/logo\\\/image\\\/\",\"url\":\"https:\\\/\\\/repliquemangacine.fr\\\/wp-content\\\/uploads\\\/2023\\\/10\\\/RMC-500250.png\",\"contentUrl\":\"https:\\\/\\\/repliquemangacine.fr\\\/wp-content\\\/uploads\\\/2023\\\/10\\\/RMC-500250.png\",\"width\":500,\"height\":250,\"caption\":\"R\u00e9plique Manga Cin\u00e9\"},\"image\":{\"@id\":\"https:\\\/\\\/repliquemangacine.fr\\\/#\\\/schema\\\/logo\\\/image\\\/\"},\"sameAs\":[\"https:\\\/\\\/www.facebook.com\\\/RepliqueMangaCine\",\"https:\\\/\\\/www.instagram.com\\\/repliquemangacine.fr\\\/\"]}]}<\/script>\n<!-- \/ Yoast SEO plugin. -->","yoast_head_json":{"title":"Tracolla per MG 34 - Denix - Accessori Militaria - R\u00e9plique Manga Cin\u00e9","description":"Eccellente tracolla per MG 34 di Denix al miglior prezzo. Pu\u00f2 essere utilizzata anche per la mitragliatrice MG 42. Moschettone in metallo.","robots":{"index":"index","follow":"follow","max-snippet":"max-snippet:-1","max-image-preview":"max-image-preview:large","max-video-preview":"max-video-preview:-1"},"canonical":"https:\/\/repliquemangacine.fr\/it\/pugnali-e-accessori-materiale-militare-della-seconda-guerra-mondiale\/cinghia-per-mg-34\/","og_locale":"it_IT","og_type":"article","og_title":"Bretelle pour MG 34 - Denix - Accessoires Militaria - R\u00e9plique Manga Cin\u00e9","og_description":"Superbe Bretelle pour MG 34 de la marque Denix au meilleur prix. Utilisable \u00e9galement pour la mitrailleuse MG 42. Mousqueton en m\u00e9tal.","og_url":"https:\/\/repliquemangacine.fr\/it\/pugnali-e-accessori-materiale-militare-della-seconda-guerra-mondiale\/cinghia-per-mg-34\/","og_site_name":"R\u00e9plique Manga Cin\u00e9","article_publisher":"https:\/\/www.facebook.com\/RepliqueMangaCine","article_modified_time":"2025-11-18T20:22:49+00:00","og_image":[{"width":500,"height":500,"url":"https:\/\/repliquemangacine.fr\/wp-content\/uploads\/2023\/10\/Bretelle-pour-MG-34.jpg","type":"image\/jpeg"}],"twitter_card":"summary_large_image","twitter_misc":{"Tempo di lettura stimato":"3 minuti"},"schema":{"@context":"https:\/\/schema.org","@graph":[{"@type":"WebPage","@id":"https:\/\/repliquemangacine.fr\/dagues-et-accessoires-seconde-guerre-mondiale-materiels-militaria\/bretelle-pour-mg-34\/","url":"https:\/\/repliquemangacine.fr\/dagues-et-accessoires-seconde-guerre-mondiale-materiels-militaria\/bretelle-pour-mg-34\/","name":"Tracolla per MG 34 - Denix - Accessori Militaria - R\u00e9plique Manga Cin\u00e9","isPartOf":{"@id":"https:\/\/repliquemangacine.fr\/#website"},"primaryImageOfPage":{"@id":"https:\/\/repliquemangacine.fr\/dagues-et-accessoires-seconde-guerre-mondiale-materiels-militaria\/bretelle-pour-mg-34\/#primaryimage"},"image":{"@id":"https:\/\/repliquemangacine.fr\/dagues-et-accessoires-seconde-guerre-mondiale-materiels-militaria\/bretelle-pour-mg-34\/#primaryimage"},"thumbnailUrl":"https:\/\/repliquemangacine.fr\/wp-content\/uploads\/2023\/10\/Bretelle-pour-MG-34.jpg","datePublished":"2023-08-21T12:37:13+00:00","dateModified":"2025-11-18T20:22:49+00:00","description":"Eccellente tracolla per MG 34 di Denix al miglior prezzo. Pu\u00f2 essere utilizzata anche per la mitragliatrice MG 42. Moschettone in metallo.","breadcrumb":{"@id":"https:\/\/repliquemangacine.fr\/dagues-et-accessoires-seconde-guerre-mondiale-materiels-militaria\/bretelle-pour-mg-34\/#breadcrumb"},"inLanguage":"it-IT","potentialAction":[{"@type":"ReadAction","target":["https:\/\/repliquemangacine.fr\/dagues-et-accessoires-seconde-guerre-mondiale-materiels-militaria\/bretelle-pour-mg-34\/"]}]},{"@type":"ImageObject","inLanguage":"it-IT","@id":"https:\/\/repliquemangacine.fr\/dagues-et-accessoires-seconde-guerre-mondiale-materiels-militaria\/bretelle-pour-mg-34\/#primaryimage","url":"https:\/\/repliquemangacine.fr\/wp-content\/uploads\/2023\/10\/Bretelle-pour-MG-34.jpg","contentUrl":"https:\/\/repliquemangacine.fr\/wp-content\/uploads\/2023\/10\/Bretelle-pour-MG-34.jpg","width":500,"height":500,"caption":"Bretelle MG 34"},{"@type":"BreadcrumbList","@id":"https:\/\/repliquemangacine.fr\/dagues-et-accessoires-seconde-guerre-mondiale-materiels-militaria\/bretelle-pour-mg-34\/#breadcrumb","itemListElement":[{"@type":"ListItem","position":1,"name":"Accueil","item":"https:\/\/repliquemangacine.fr\/"},{"@type":"ListItem","position":2,"name":"Produits","item":"https:\/\/repliquemangacine.fr\/boutique\/"},{"@type":"ListItem","position":3,"name":"Bretelle pour MG 34"}]},{"@type":"WebSite","@id":"https:\/\/repliquemangacine.fr\/#website","url":"https:\/\/repliquemangacine.fr\/","name":"R\u00e9plique Manga Cin\u00e9","description":"","publisher":{"@id":"https:\/\/repliquemangacine.fr\/#organization"},"potentialAction":[{"@type":"SearchAction","target":{"@type":"EntryPoint","urlTemplate":"https:\/\/repliquemangacine.fr\/?s={search_term_string}"},"query-input":{"@type":"PropertyValueSpecification","valueRequired":true,"valueName":"search_term_string"}}],"inLanguage":"it-IT"},{"@type":"Organization","@id":"https:\/\/repliquemangacine.fr\/#organization","name":"R\u00e9plique Manga Cin\u00e9","url":"https:\/\/repliquemangacine.fr\/","logo":{"@type":"ImageObject","inLanguage":"it-IT","@id":"https:\/\/repliquemangacine.fr\/#\/schema\/logo\/image\/","url":"https:\/\/repliquemangacine.fr\/wp-content\/uploads\/2023\/10\/RMC-500250.png","contentUrl":"https:\/\/repliquemangacine.fr\/wp-content\/uploads\/2023\/10\/RMC-500250.png","width":500,"height":250,"caption":"R\u00e9plique Manga Cin\u00e9"},"image":{"@id":"https:\/\/repliquemangacine.fr\/#\/schema\/logo\/image\/"},"sameAs":["https:\/\/www.facebook.com\/RepliqueMangaCine","https:\/\/www.instagram.com\/repliquemangacine.fr\/"]}]}},"_links":{"self":[{"href":"https:\/\/repliquemangacine.fr\/it\/wp-json\/wp\/v2\/product\/62215","targetHints":{"allow":["GET"]}}],"collection":[{"href":"https:\/\/repliquemangacine.fr\/it\/wp-json\/wp\/v2\/product"}],"about":[{"href":"https:\/\/repliquemangacine.fr\/it\/wp-json\/wp\/v2\/types\/product"}],"wp:featuredmedia":[{"embeddable":true,"href":"https:\/\/repliquemangacine.fr\/it\/wp-json\/wp\/v2\/media\/62216"}],"wp:attachment":[{"href":"https:\/\/repliquemangacine.fr\/it\/wp-json\/wp\/v2\/media?parent=62215"}],"wp:term":[{"taxonomy":"product_brand","embeddable":true,"href":"https:\/\/repliquemangacine.fr\/it\/wp-json\/wp\/v2\/product_brand?post=62215"},{"taxonomy":"product_cat","embeddable":true,"href":"https:\/\/repliquemangacine.fr\/it\/wp-json\/wp\/v2\/product_cat?post=62215"},{"taxonomy":"product_tag","embeddable":true,"href":"https:\/\/repliquemangacine.fr\/it\/wp-json\/wp\/v2\/product_tag?post=62215"}],"curies":[{"name":"wp","href":"https:\/\/api.w.org\/{rel}","templated":true}]}}