





{"id":61815,"date":"2023-07-31T16:42:04","date_gmt":"2023-07-31T14:42:04","guid":{"rendered":"https:\/\/repliquemangacine.fr\/?post_type=product&#038;p=61815"},"modified":"2025-11-18T21:47:08","modified_gmt":"2025-11-18T20:47:08","slug":"rasoio-classico-17%e1%b5%89-corbiere-lama-larga","status":"publish","type":"product","link":"https:\/\/repliquemangacine.fr\/it\/epee-templier-medievale\/rapiere-classique-17%e1%b5%89-corbiere-lame-large\/","title":{"rendered":"Spada classica 17\u1d49"},"content":{"rendered":"<h2>Spada classica con lama larga 17\u1d49<\/h2>\n<p>Per cominciare, questo <strong>Spada classica 17\u1d49<\/strong> si ispira ai classici Corbi\u00e8res del secolo scorso, ma si distingue per la sua lama larga. La lama non \u00e8 affilata, \u00e8 realizzata in acciaio al carbonio ed \u00e8 integrata nel complesso cesto del manico.<\/p>\n<p>La pinza \u00e8 una spada lunga e sottile con un'elsa elaborata e una lama flessibile, progettata principalmente per la spinta. Era un'arma molto comune tra la fine del XV e la fine del XVII secolo.<\/p>\n<p>Dalla fine del XVI secolo, le tecniche italiane includono sempre pi\u00f9 il pugnale sinistro. Ed \u00e8 intorno a questa scuola italiana che si stabilirono i maestri d'armi francesi e inglesi.<\/p>\n<p>All'inizio del XVII secolo si assiste alla supremazia dello stile italiano, con l'importanza di maestri d'armi come <a href=\"https:\/\/www.escrimeurs-libres.fr\/salvator-fabris\/\" target=\"_blank\" rel=\"noopener noreferrer\">Salvator Fabris<\/a>.<\/p>\n<h2>Il vostro 17\u1d49 Classic Rapier al miglior prezzo.<\/h2>\n<p>Offriamo un'ampia gamma di repliche storiche.<\/p>\n<p>Innanzitutto,<\/p>\n<ul>\n<li>L'<a href=\"https:\/\/repliquemangacine.fr\/it\/spada-templare-medievale\/spada-del-templare-jacques-de-molay\/\">Jacques de Molay spada<\/a>l'ultimo Gran Maestro dei Cavalieri Templari.<\/li>\n<li>C'\u00e8 anche il<a href=\"https:\/\/repliquemangacine.fr\/it\/riproduzioni-di-armi-e-accessori-medievali\/excalibur-re-arthur-spada-leggendaria\/\">la leggendaria spada Excalibur<\/a> di Re Art\u00f9.<\/li>\n<li>Cos\u00ec come il<a href=\"https:\/\/repliquemangacine.fr\/it\/riproduzioni-di-armi-e-accessori-medievali\/epee-richard-coeur-de-lion-coeur\/\">spada di Riccardo Cuor di Leone<\/a>Re d'Inghilterra<\/li>\n<li>E molti altri da scoprire nel nostro negozio online.<\/li>\n<\/ul>\n<p>Ecco perch\u00e9 questa \u00e8 un'ottima idea regalo per tutti gli appassionati di storia.<\/p>\n<p>In conclusione, \u00e8 possibile utilizzare anche il metodo <strong>Spada classica 17\u1d49<\/strong> per le vostre rievocazioni e rappresentazioni storiche.<\/p>\n<p>Ma soprattutto, questa spada \u00e8 anche un oggetto da collezione e un pezzo decorativo.<\/p>\n<p>R\u00e9plique Manga Cin\u00e9 \u00e8 un'azienda familiare francese che distribuisce i marchi Denix e Kolser.<\/p>\n<h2>Come faccio a mantenere la lama della mia spada?<\/h2>\n<p>Le spade da collezione e decorative sono realizzate e assemblate in modo semplificato. Poich\u00e9 il loro uso \u00e8 decorativo, non hanno le caratteristiche di sicurezza richieste per una spada giapponese destinata all'allenamento.<\/p>\n<p>Tuttavia, il vostro <strong>Spada classica 17\u1d49<\/strong> a una lama d'acciaio che deve essere mantenuta per evitare che si danneggi nel tempo. Quando si espone la spada, gli amici saranno curiosi di vedere la lama e di toccarla. \u00c8 qui che bisogna fare attenzione, perch\u00e9 l'acidit\u00e0 delle dita \u00e8 molto dannosa per l'acciaio, qualunque sia la sua qualit\u00e0.<\/p>\n<p>Tuttavia, se ci\u00f2 accade, non bisogna farsi prendere dal panico: basta usare un panno inumidito con un po' d'olio e cancellare le impronte digitali. In questo modo, la spada durer\u00e0 a lungo.<\/p>","protected":false},"excerpt":{"rendered":"<p>Questa pinza si ispira ai classici Corbi\u00e8res del grande 17\u1d49 secolo.<\/p>\n<ul>\n<li>Lama larga (3 cm) in acciaio al carbonio non affilato.<\/li>\n<li>Manico in legno circondato da filo d'acciaio<\/li>\n<li>Protezione del cestino in metallo<\/li>\n<li>Fodero in legno rivestito in pelle nera.<\/li>\n<li>Lunghezza lama: 93 cm - Lunghezza totale: 117 cm<\/li>\n<li>Peso: 1550 g<\/li>\n<\/ul>","protected":false},"featured_media":61816,"template":"","meta":[],"product_brand":[896],"product_cat":[25,84,43],"product_tag":[],"class_list":{"0":"post-61815","1":"product","2":"type-product","3":"status-publish","4":"has-post-thumbnail","6":"product_brand-replique-manga-cine","7":"product_cat-armes-historiques","8":"product_cat-epee-templier-medievale","9":"product_cat-reproductions-d-armes-et-accessoires-medievales","11":"first","12":"outofstock","13":"taxable","14":"shipping-taxable","15":"purchasable","16":"product-type-simple"},"yoast_head":"<!-- This site is optimized with the Yoast SEO plugin v27.5 - https:\/\/yoast.com\/product\/yoast-seo-wordpress\/ -->\n<title>Rapi\u00e8re classique 17\u1d49 - Vente de Reproduction armes historiques - R\u00e9plique Manga Cin\u00e9<\/title>\n<meta name=\"description\" content=\"D\u00e9couvrez cette superbe Rapi\u00e8re classique 17\u1d49 au meilleur prix. Lame large en acier carbone, non aff\u00fbt\u00e9e. Fourreau en cuir noir. Longueur totale : 117 cm\" \/>\n<meta name=\"robots\" content=\"index, follow, max-snippet:-1, max-image-preview:large, max-video-preview:-1\" \/>\n<link rel=\"canonical\" href=\"https:\/\/repliquemangacine.fr\/it\/spada-templare-medievale\/rasoio-classico-17\u1d49-corbiere-lama-larga\/\" \/>\n<meta property=\"og:locale\" content=\"it_IT\" \/>\n<meta property=\"og:type\" content=\"article\" \/>\n<meta property=\"og:title\" content=\"Rapi\u00e8re classique 17\u1d49 - Vente de Reproduction armes historiques - R\u00e9plique Manga Cin\u00e9\" \/>\n<meta property=\"og:description\" content=\"D\u00e9couvrez cette superbe Rapi\u00e8re classique 17\u1d49 au meilleur prix. Lame large en acier carbone, non aff\u00fbt\u00e9e. Fourreau en cuir noir. Longueur totale : 117 cm\" \/>\n<meta property=\"og:url\" content=\"https:\/\/repliquemangacine.fr\/it\/spada-templare-medievale\/rasoio-classico-17\u1d49-corbiere-lama-larga\/\" \/>\n<meta property=\"og:site_name\" content=\"R\u00e9plique Manga Cin\u00e9\" \/>\n<meta property=\"article:publisher\" content=\"https:\/\/www.facebook.com\/RepliqueMangaCine\" \/>\n<meta property=\"article:modified_time\" content=\"2025-11-18T20:47:08+00:00\" \/>\n<meta property=\"og:image\" content=\"https:\/\/repliquemangacine.fr\/wp-content\/uploads\/2023\/10\/rapiere-2.jpg\" \/>\n\t<meta property=\"og:image:width\" content=\"500\" \/>\n\t<meta property=\"og:image:height\" content=\"500\" \/>\n\t<meta property=\"og:image:type\" content=\"image\/jpeg\" \/>\n<meta name=\"twitter:card\" content=\"summary_large_image\" \/>\n<meta name=\"twitter:label1\" content=\"Tempo di lettura stimato\" \/>\n\t<meta name=\"twitter:data1\" content=\"3 minuti\" \/>\n<script type=\"application\/ld+json\" class=\"yoast-schema-graph\">{\"@context\":\"https:\\\/\\\/schema.org\",\"@graph\":[{\"@type\":\"WebPage\",\"@id\":\"https:\\\/\\\/repliquemangacine.fr\\\/epee-templier-medievale\\\/rapiere-classique-17%e1%b5%89-corbiere-lame-large\\\/\",\"url\":\"https:\\\/\\\/repliquemangacine.fr\\\/epee-templier-medievale\\\/rapiere-classique-17%e1%b5%89-corbiere-lame-large\\\/\",\"name\":\"Rapi\u00e8re classique 17\u1d49 - Vente de Reproduction armes historiques - R\u00e9plique Manga Cin\u00e9\",\"isPartOf\":{\"@id\":\"https:\\\/\\\/repliquemangacine.fr\\\/#website\"},\"primaryImageOfPage\":{\"@id\":\"https:\\\/\\\/repliquemangacine.fr\\\/epee-templier-medievale\\\/rapiere-classique-17%e1%b5%89-corbiere-lame-large\\\/#primaryimage\"},\"image\":{\"@id\":\"https:\\\/\\\/repliquemangacine.fr\\\/epee-templier-medievale\\\/rapiere-classique-17%e1%b5%89-corbiere-lame-large\\\/#primaryimage\"},\"thumbnailUrl\":\"https:\\\/\\\/repliquemangacine.fr\\\/wp-content\\\/uploads\\\/2023\\\/10\\\/rapiere-2.jpg\",\"datePublished\":\"2023-07-31T14:42:04+00:00\",\"dateModified\":\"2025-11-18T20:47:08+00:00\",\"description\":\"D\u00e9couvrez cette superbe Rapi\u00e8re classique 17\u1d49 au meilleur prix. Lame large en acier carbone, non aff\u00fbt\u00e9e. Fourreau en cuir noir. Longueur totale : 117 cm\",\"breadcrumb\":{\"@id\":\"https:\\\/\\\/repliquemangacine.fr\\\/epee-templier-medievale\\\/rapiere-classique-17%e1%b5%89-corbiere-lame-large\\\/#breadcrumb\"},\"inLanguage\":\"it-IT\",\"potentialAction\":[{\"@type\":\"ReadAction\",\"target\":[\"https:\\\/\\\/repliquemangacine.fr\\\/epee-templier-medievale\\\/rapiere-classique-17%e1%b5%89-corbiere-lame-large\\\/\"]}]},{\"@type\":\"ImageObject\",\"inLanguage\":\"it-IT\",\"@id\":\"https:\\\/\\\/repliquemangacine.fr\\\/epee-templier-medievale\\\/rapiere-classique-17%e1%b5%89-corbiere-lame-large\\\/#primaryimage\",\"url\":\"https:\\\/\\\/repliquemangacine.fr\\\/wp-content\\\/uploads\\\/2023\\\/10\\\/rapiere-2.jpg\",\"contentUrl\":\"https:\\\/\\\/repliquemangacine.fr\\\/wp-content\\\/uploads\\\/2023\\\/10\\\/rapiere-2.jpg\",\"width\":500,\"height\":500,\"caption\":\"Rapi\u00e8re classique 17\u1d49\"},{\"@type\":\"BreadcrumbList\",\"@id\":\"https:\\\/\\\/repliquemangacine.fr\\\/epee-templier-medievale\\\/rapiere-classique-17%e1%b5%89-corbiere-lame-large\\\/#breadcrumb\",\"itemListElement\":[{\"@type\":\"ListItem\",\"position\":1,\"name\":\"Accueil\",\"item\":\"https:\\\/\\\/repliquemangacine.fr\\\/\"},{\"@type\":\"ListItem\",\"position\":2,\"name\":\"Produits\",\"item\":\"https:\\\/\\\/repliquemangacine.fr\\\/boutique\\\/\"},{\"@type\":\"ListItem\",\"position\":3,\"name\":\"Rapi\u00e8re classique 17\u1d49\"}]},{\"@type\":\"WebSite\",\"@id\":\"https:\\\/\\\/repliquemangacine.fr\\\/#website\",\"url\":\"https:\\\/\\\/repliquemangacine.fr\\\/\",\"name\":\"R\u00e9plique Manga Cin\u00e9\",\"description\":\"\",\"publisher\":{\"@id\":\"https:\\\/\\\/repliquemangacine.fr\\\/#organization\"},\"potentialAction\":[{\"@type\":\"SearchAction\",\"target\":{\"@type\":\"EntryPoint\",\"urlTemplate\":\"https:\\\/\\\/repliquemangacine.fr\\\/?s={search_term_string}\"},\"query-input\":{\"@type\":\"PropertyValueSpecification\",\"valueRequired\":true,\"valueName\":\"search_term_string\"}}],\"inLanguage\":\"it-IT\"},{\"@type\":\"Organization\",\"@id\":\"https:\\\/\\\/repliquemangacine.fr\\\/#organization\",\"name\":\"R\u00e9plique Manga Cin\u00e9\",\"url\":\"https:\\\/\\\/repliquemangacine.fr\\\/\",\"logo\":{\"@type\":\"ImageObject\",\"inLanguage\":\"it-IT\",\"@id\":\"https:\\\/\\\/repliquemangacine.fr\\\/#\\\/schema\\\/logo\\\/image\\\/\",\"url\":\"https:\\\/\\\/repliquemangacine.fr\\\/wp-content\\\/uploads\\\/2023\\\/10\\\/RMC-500250.png\",\"contentUrl\":\"https:\\\/\\\/repliquemangacine.fr\\\/wp-content\\\/uploads\\\/2023\\\/10\\\/RMC-500250.png\",\"width\":500,\"height\":250,\"caption\":\"R\u00e9plique Manga Cin\u00e9\"},\"image\":{\"@id\":\"https:\\\/\\\/repliquemangacine.fr\\\/#\\\/schema\\\/logo\\\/image\\\/\"},\"sameAs\":[\"https:\\\/\\\/www.facebook.com\\\/RepliqueMangaCine\",\"https:\\\/\\\/www.instagram.com\\\/repliquemangacine.fr\\\/\"]}]}<\/script>\n<!-- \/ Yoast SEO plugin. -->","yoast_head_json":{"title":"Spada classica 17\u1d49 - Vendita di Riproduzione di armi storiche - R\u00e9plique Manga Cin\u00e9","description":"Scoprite questo superbo 17\u1d49 Classic Rapier al miglior prezzo. Lama larga e non affilata in acciaio al carbonio. Fodero in pelle nera. Lunghezza totale: 117 cm","robots":{"index":"index","follow":"follow","max-snippet":"max-snippet:-1","max-image-preview":"max-image-preview:large","max-video-preview":"max-video-preview:-1"},"canonical":"https:\/\/repliquemangacine.fr\/it\/spada-templare-medievale\/rasoio-classico-17\u1d49-corbiere-lama-larga\/","og_locale":"it_IT","og_type":"article","og_title":"Rapi\u00e8re classique 17\u1d49 - Vente de Reproduction armes historiques - R\u00e9plique Manga Cin\u00e9","og_description":"D\u00e9couvrez cette superbe Rapi\u00e8re classique 17\u1d49 au meilleur prix. Lame large en acier carbone, non aff\u00fbt\u00e9e. Fourreau en cuir noir. Longueur totale : 117 cm","og_url":"https:\/\/repliquemangacine.fr\/it\/spada-templare-medievale\/rasoio-classico-17\u1d49-corbiere-lama-larga\/","og_site_name":"R\u00e9plique Manga Cin\u00e9","article_publisher":"https:\/\/www.facebook.com\/RepliqueMangaCine","article_modified_time":"2025-11-18T20:47:08+00:00","og_image":[{"width":500,"height":500,"url":"https:\/\/repliquemangacine.fr\/wp-content\/uploads\/2023\/10\/rapiere-2.jpg","type":"image\/jpeg"}],"twitter_card":"summary_large_image","twitter_misc":{"Tempo di lettura stimato":"3 minuti"},"schema":{"@context":"https:\/\/schema.org","@graph":[{"@type":"WebPage","@id":"https:\/\/repliquemangacine.fr\/epee-templier-medievale\/rapiere-classique-17%e1%b5%89-corbiere-lame-large\/","url":"https:\/\/repliquemangacine.fr\/epee-templier-medievale\/rapiere-classique-17%e1%b5%89-corbiere-lame-large\/","name":"Spada classica 17\u1d49 - Vendita di Riproduzione di armi storiche - R\u00e9plique Manga Cin\u00e9","isPartOf":{"@id":"https:\/\/repliquemangacine.fr\/#website"},"primaryImageOfPage":{"@id":"https:\/\/repliquemangacine.fr\/epee-templier-medievale\/rapiere-classique-17%e1%b5%89-corbiere-lame-large\/#primaryimage"},"image":{"@id":"https:\/\/repliquemangacine.fr\/epee-templier-medievale\/rapiere-classique-17%e1%b5%89-corbiere-lame-large\/#primaryimage"},"thumbnailUrl":"https:\/\/repliquemangacine.fr\/wp-content\/uploads\/2023\/10\/rapiere-2.jpg","datePublished":"2023-07-31T14:42:04+00:00","dateModified":"2025-11-18T20:47:08+00:00","description":"Scoprite questo superbo 17\u1d49 Classic Rapier al miglior prezzo. Lama larga e non affilata in acciaio al carbonio. Fodero in pelle nera. Lunghezza totale: 117 cm","breadcrumb":{"@id":"https:\/\/repliquemangacine.fr\/epee-templier-medievale\/rapiere-classique-17%e1%b5%89-corbiere-lame-large\/#breadcrumb"},"inLanguage":"it-IT","potentialAction":[{"@type":"ReadAction","target":["https:\/\/repliquemangacine.fr\/epee-templier-medievale\/rapiere-classique-17%e1%b5%89-corbiere-lame-large\/"]}]},{"@type":"ImageObject","inLanguage":"it-IT","@id":"https:\/\/repliquemangacine.fr\/epee-templier-medievale\/rapiere-classique-17%e1%b5%89-corbiere-lame-large\/#primaryimage","url":"https:\/\/repliquemangacine.fr\/wp-content\/uploads\/2023\/10\/rapiere-2.jpg","contentUrl":"https:\/\/repliquemangacine.fr\/wp-content\/uploads\/2023\/10\/rapiere-2.jpg","width":500,"height":500,"caption":"Rapi\u00e8re classique 17\u1d49"},{"@type":"BreadcrumbList","@id":"https:\/\/repliquemangacine.fr\/epee-templier-medievale\/rapiere-classique-17%e1%b5%89-corbiere-lame-large\/#breadcrumb","itemListElement":[{"@type":"ListItem","position":1,"name":"Accueil","item":"https:\/\/repliquemangacine.fr\/"},{"@type":"ListItem","position":2,"name":"Produits","item":"https:\/\/repliquemangacine.fr\/boutique\/"},{"@type":"ListItem","position":3,"name":"Rapi\u00e8re classique 17\u1d49"}]},{"@type":"WebSite","@id":"https:\/\/repliquemangacine.fr\/#website","url":"https:\/\/repliquemangacine.fr\/","name":"R\u00e9plique Manga Cin\u00e9","description":"","publisher":{"@id":"https:\/\/repliquemangacine.fr\/#organization"},"potentialAction":[{"@type":"SearchAction","target":{"@type":"EntryPoint","urlTemplate":"https:\/\/repliquemangacine.fr\/?s={search_term_string}"},"query-input":{"@type":"PropertyValueSpecification","valueRequired":true,"valueName":"search_term_string"}}],"inLanguage":"it-IT"},{"@type":"Organization","@id":"https:\/\/repliquemangacine.fr\/#organization","name":"R\u00e9plique Manga Cin\u00e9","url":"https:\/\/repliquemangacine.fr\/","logo":{"@type":"ImageObject","inLanguage":"it-IT","@id":"https:\/\/repliquemangacine.fr\/#\/schema\/logo\/image\/","url":"https:\/\/repliquemangacine.fr\/wp-content\/uploads\/2023\/10\/RMC-500250.png","contentUrl":"https:\/\/repliquemangacine.fr\/wp-content\/uploads\/2023\/10\/RMC-500250.png","width":500,"height":250,"caption":"R\u00e9plique Manga Cin\u00e9"},"image":{"@id":"https:\/\/repliquemangacine.fr\/#\/schema\/logo\/image\/"},"sameAs":["https:\/\/www.facebook.com\/RepliqueMangaCine","https:\/\/www.instagram.com\/repliquemangacine.fr\/"]}]}},"_links":{"self":[{"href":"https:\/\/repliquemangacine.fr\/it\/wp-json\/wp\/v2\/product\/61815","targetHints":{"allow":["GET"]}}],"collection":[{"href":"https:\/\/repliquemangacine.fr\/it\/wp-json\/wp\/v2\/product"}],"about":[{"href":"https:\/\/repliquemangacine.fr\/it\/wp-json\/wp\/v2\/types\/product"}],"wp:featuredmedia":[{"embeddable":true,"href":"https:\/\/repliquemangacine.fr\/it\/wp-json\/wp\/v2\/media\/61816"}],"wp:attachment":[{"href":"https:\/\/repliquemangacine.fr\/it\/wp-json\/wp\/v2\/media?parent=61815"}],"wp:term":[{"taxonomy":"product_brand","embeddable":true,"href":"https:\/\/repliquemangacine.fr\/it\/wp-json\/wp\/v2\/product_brand?post=61815"},{"taxonomy":"product_cat","embeddable":true,"href":"https:\/\/repliquemangacine.fr\/it\/wp-json\/wp\/v2\/product_cat?post=61815"},{"taxonomy":"product_tag","embeddable":true,"href":"https:\/\/repliquemangacine.fr\/it\/wp-json\/wp\/v2\/product_tag?post=61815"}],"curies":[{"name":"wp","href":"https:\/\/api.w.org\/{rel}","templated":true}]}}