





{"id":61742,"date":"2023-07-26T18:21:10","date_gmt":"2023-07-26T16:21:10","guid":{"rendered":"https:\/\/repliquemangacine.fr\/?post_type=product&#038;p=61742"},"modified":"2025-11-18T21:50:53","modified_gmt":"2025-11-18T20:50:53","slug":"katana-duncan-macleod-highlander","status":"publish","type":"product","link":"https:\/\/repliquemangacine.fr\/it\/katana-les-epees-de-films-et-series\/katana-duncan-macleod-highlander\/","title":{"rendered":"Katana Duncan MacLeod Highlander"},"content":{"rendered":"<h2>Katana Duncan MacLeod Highlander<\/h2>\n<p>Per cominciare, il <strong>Katana Duncan MacLeod Highlander<\/strong> \u00e8 identico all'originale utilizzato nella serie da Adrien Paul.<\/p>\n<p>Highlander, film americano-britannico di Russell Mulcahy, uscito nel 1986. Divenuto negli anni un film di culto, ha generato diversi sequel e numerosi spin-off (serie TV, romanzi, cartoni animati, ecc.).<\/p>\n<p><a href=\"https:\/\/highlander.fandom.com\/fr\/wiki\/Duncan_MacLeod\" target=\"_blank\" rel=\"noopener noreferrer\">Duncan MacLeod<\/a> \u00e8 un Immortale e il secondo del suo clan a portare il nome di Highlander (il primo \u00e8 Connor MacLeod). Questo giovane e arrogante Immortale scozzese combatte per il bene e d\u00e0 valore alle vite dei mortali. A differenza del suo genitore Connor, Duncan non ha sempre partecipato attivamente al Gioco. Non cerca particolarmente di sfidare gli Immortali che incontra lungo il cammino, ma non rifiuta mai un combattimento.<\/p>\n<h2>Il tuo <strong>Katana Duncan MacLeod Highlander<\/strong> al miglior prezzo.<\/h2>\n<p>Offriamo un'ampia gamma di repliche dal mondo del cinema e delle serie TV.<\/p>\n<p>Innanzitutto,<\/p>\n<ul>\n<li>La replica di <a href=\"https:\/\/repliquemangacine.fr\/it\/film-serie-tv-vendita-di-spade-katana-e-prodotti-correlati\/artigli-di-ghiottone-x-uomini\/\">Gli artigli di Wolverine<\/a> ispirato alla serie di film degli X-Men.<\/li>\n<li>C'\u00e8 anche la lama ritorta del<a href=\"https:\/\/repliquemangacine.fr\/it\/altri-film-e-serie\/arcangelo-lama-soprannaturale\/\">arcangelo Lama<\/a> della serie Supernatural.<\/li>\n<li>E molti altri da scoprire nel nostro negozio online!<\/li>\n<\/ul>\n<p>Ecco perch\u00e9 abbiamo pensato ad alcune idee regalo per tutti gli appassionati di film e serie TV.<\/p>\n<p>In conclusione, \u00e8 possibile utilizzare il metodo <strong>Katana Duncan MacLeod Highlander<\/strong> per le vostre sfilate cosplay o serate a tema. Ma soprattutto, questa spada \u00e8 un oggetto da collezione e un pezzo decorativo.<\/p>\n<h2>Come si mantiene la lama della sciabola?<\/h2>\n<p>Le katana da collezione e decorative sono realizzate e assemblate in modo semplificato. Essendo destinate a scopi decorativi, non dispongono degli elementi di sicurezza necessari per una spada giapponese destinata all'allenamento.<\/p>\n<p>Tuttavia, il vostro <strong>Katana Duncan MacLeod Highlander<\/strong> una lama in acciaio che deve essere curata per evitare che si rovini con il tempo. Infatti, esporrete la vostra katana e i vostri amici saranno curiosi di vedere la lama e di toccarla. \u00c8 qui che bisogna prestare attenzione, perch\u00e9 l'acidit\u00e0 delle dita \u00e8 molto dannosa per l'acciaio, indipendentemente dalla sua qualit\u00e0.<\/p>\n<p>Tuttavia, se ci\u00f2 accade, non bisogna farsi prendere dal panico: basta usare un panno inumidito con un po' d'olio e cancellare le impronte digitali. In questo modo, la spada durer\u00e0 a lungo.<\/p>","protected":false},"excerpt":{"rendered":"<p>Splendida replica della katana di Duncan McLeod in Highlander.<\/p>\n<ul>\n<li>Lama in acciaio inox 440<\/li>\n<li>Manico in resina a forma di testa di serpente<\/li>\n<li>Fodero laccato nero con decorazioni dorate alle estremit\u00e0.<\/li>\n<li>Lunghezza totale: 104 cm<\/li>\n<\/ul>","protected":false},"featured_media":61743,"template":"","meta":[],"product_brand":[896],"product_cat":[91,66,24,26,32],"product_tag":[],"class_list":{"0":"post-61742","1":"product","2":"type-product","3":"status-publish","4":"has-post-thumbnail","6":"product_brand-replique-manga-cine","7":"product_cat-katana-les-epees-de-films-et-series","8":"product_cat-repliques-d-armes-films-et-series","9":"product_cat-films-series-tv-vente-de-katana-epee-et-produits-derives","10":"product_cat-katana-epee","11":"product_cat-katana-decoration","13":"first","14":"outofstock","15":"taxable","16":"shipping-taxable","17":"purchasable","18":"product-type-simple"},"yoast_head":"<!-- This site is optimized with the Yoast SEO plugin v27.4 - https:\/\/yoast.com\/product\/yoast-seo-wordpress\/ -->\n<title>Katana Duncan MacLeod Highlander - R\u00e9plique Manga Cin\u00e9<\/title>\n<meta name=\"description\" content=\"Offrez-lui ce splendide Katana Duncan MacLeod Highlander au meilleur prix. Lame en acier inox 440. Poign\u00e9e t\u00eate de serpent en r\u00e9sine finement d\u00e9cor\u00e9. 104 cm\" \/>\n<meta name=\"robots\" content=\"index, follow, max-snippet:-1, max-image-preview:large, max-video-preview:-1\" \/>\n<link rel=\"canonical\" href=\"https:\/\/repliquemangacine.fr\/it\/spade-katana-da-film-e-serie\/katana-duncan-macleod-highlander\/\" \/>\n<meta property=\"og:locale\" content=\"it_IT\" \/>\n<meta property=\"og:type\" content=\"article\" \/>\n<meta property=\"og:title\" content=\"Katana Duncan MacLeod Highlander - R\u00e9plique Manga Cin\u00e9\" \/>\n<meta property=\"og:description\" content=\"Offrez-lui ce splendide Katana Duncan MacLeod Highlander au meilleur prix. Lame en acier inox 440. Poign\u00e9e t\u00eate de serpent en r\u00e9sine finement d\u00e9cor\u00e9. 104 cm\" \/>\n<meta property=\"og:url\" content=\"https:\/\/repliquemangacine.fr\/it\/spade-katana-da-film-e-serie\/katana-duncan-macleod-highlander\/\" \/>\n<meta property=\"og:site_name\" content=\"R\u00e9plique Manga Cin\u00e9\" \/>\n<meta property=\"article:publisher\" content=\"https:\/\/www.facebook.com\/RepliqueMangaCine\" \/>\n<meta property=\"article:modified_time\" content=\"2025-11-18T20:50:53+00:00\" \/>\n<meta property=\"og:image\" content=\"https:\/\/repliquemangacine.fr\/wp-content\/uploads\/2023\/10\/katana-duncan.jpg\" \/>\n\t<meta property=\"og:image:width\" content=\"500\" \/>\n\t<meta property=\"og:image:height\" content=\"500\" \/>\n\t<meta property=\"og:image:type\" content=\"image\/jpeg\" \/>\n<meta name=\"twitter:card\" content=\"summary_large_image\" \/>\n<meta name=\"twitter:label1\" content=\"Tempo di lettura stimato\" \/>\n\t<meta name=\"twitter:data1\" content=\"3 minuti\" \/>\n<script type=\"application\/ld+json\" class=\"yoast-schema-graph\">{\"@context\":\"https:\\\/\\\/schema.org\",\"@graph\":[{\"@type\":\"WebPage\",\"@id\":\"https:\\\/\\\/repliquemangacine.fr\\\/katana-les-epees-de-films-et-series\\\/katana-duncan-macleod-highlander\\\/\",\"url\":\"https:\\\/\\\/repliquemangacine.fr\\\/katana-les-epees-de-films-et-series\\\/katana-duncan-macleod-highlander\\\/\",\"name\":\"Katana Duncan MacLeod Highlander - R\u00e9plique Manga Cin\u00e9\",\"isPartOf\":{\"@id\":\"https:\\\/\\\/repliquemangacine.fr\\\/#website\"},\"primaryImageOfPage\":{\"@id\":\"https:\\\/\\\/repliquemangacine.fr\\\/katana-les-epees-de-films-et-series\\\/katana-duncan-macleod-highlander\\\/#primaryimage\"},\"image\":{\"@id\":\"https:\\\/\\\/repliquemangacine.fr\\\/katana-les-epees-de-films-et-series\\\/katana-duncan-macleod-highlander\\\/#primaryimage\"},\"thumbnailUrl\":\"https:\\\/\\\/repliquemangacine.fr\\\/wp-content\\\/uploads\\\/2023\\\/10\\\/katana-duncan.jpg\",\"datePublished\":\"2023-07-26T16:21:10+00:00\",\"dateModified\":\"2025-11-18T20:50:53+00:00\",\"description\":\"Offrez-lui ce splendide Katana Duncan MacLeod Highlander au meilleur prix. Lame en acier inox 440. Poign\u00e9e t\u00eate de serpent en r\u00e9sine finement d\u00e9cor\u00e9. 104 cm\",\"breadcrumb\":{\"@id\":\"https:\\\/\\\/repliquemangacine.fr\\\/katana-les-epees-de-films-et-series\\\/katana-duncan-macleod-highlander\\\/#breadcrumb\"},\"inLanguage\":\"it-IT\",\"potentialAction\":[{\"@type\":\"ReadAction\",\"target\":[\"https:\\\/\\\/repliquemangacine.fr\\\/katana-les-epees-de-films-et-series\\\/katana-duncan-macleod-highlander\\\/\"]}]},{\"@type\":\"ImageObject\",\"inLanguage\":\"it-IT\",\"@id\":\"https:\\\/\\\/repliquemangacine.fr\\\/katana-les-epees-de-films-et-series\\\/katana-duncan-macleod-highlander\\\/#primaryimage\",\"url\":\"https:\\\/\\\/repliquemangacine.fr\\\/wp-content\\\/uploads\\\/2023\\\/10\\\/katana-duncan.jpg\",\"contentUrl\":\"https:\\\/\\\/repliquemangacine.fr\\\/wp-content\\\/uploads\\\/2023\\\/10\\\/katana-duncan.jpg\",\"width\":500,\"height\":500,\"caption\":\"Katana Duncan MacLeod Highlander\"},{\"@type\":\"BreadcrumbList\",\"@id\":\"https:\\\/\\\/repliquemangacine.fr\\\/katana-les-epees-de-films-et-series\\\/katana-duncan-macleod-highlander\\\/#breadcrumb\",\"itemListElement\":[{\"@type\":\"ListItem\",\"position\":1,\"name\":\"Accueil\",\"item\":\"https:\\\/\\\/repliquemangacine.fr\\\/\"},{\"@type\":\"ListItem\",\"position\":2,\"name\":\"Produits\",\"item\":\"https:\\\/\\\/repliquemangacine.fr\\\/boutique\\\/\"},{\"@type\":\"ListItem\",\"position\":3,\"name\":\"Katana Duncan MacLeod Highlander\"}]},{\"@type\":\"WebSite\",\"@id\":\"https:\\\/\\\/repliquemangacine.fr\\\/#website\",\"url\":\"https:\\\/\\\/repliquemangacine.fr\\\/\",\"name\":\"R\u00e9plique Manga Cin\u00e9\",\"description\":\"\",\"publisher\":{\"@id\":\"https:\\\/\\\/repliquemangacine.fr\\\/#organization\"},\"potentialAction\":[{\"@type\":\"SearchAction\",\"target\":{\"@type\":\"EntryPoint\",\"urlTemplate\":\"https:\\\/\\\/repliquemangacine.fr\\\/?s={search_term_string}\"},\"query-input\":{\"@type\":\"PropertyValueSpecification\",\"valueRequired\":true,\"valueName\":\"search_term_string\"}}],\"inLanguage\":\"it-IT\"},{\"@type\":\"Organization\",\"@id\":\"https:\\\/\\\/repliquemangacine.fr\\\/#organization\",\"name\":\"R\u00e9plique Manga Cin\u00e9\",\"url\":\"https:\\\/\\\/repliquemangacine.fr\\\/\",\"logo\":{\"@type\":\"ImageObject\",\"inLanguage\":\"it-IT\",\"@id\":\"https:\\\/\\\/repliquemangacine.fr\\\/#\\\/schema\\\/logo\\\/image\\\/\",\"url\":\"https:\\\/\\\/repliquemangacine.fr\\\/wp-content\\\/uploads\\\/2023\\\/10\\\/RMC-500250.png\",\"contentUrl\":\"https:\\\/\\\/repliquemangacine.fr\\\/wp-content\\\/uploads\\\/2023\\\/10\\\/RMC-500250.png\",\"width\":500,\"height\":250,\"caption\":\"R\u00e9plique Manga Cin\u00e9\"},\"image\":{\"@id\":\"https:\\\/\\\/repliquemangacine.fr\\\/#\\\/schema\\\/logo\\\/image\\\/\"},\"sameAs\":[\"https:\\\/\\\/www.facebook.com\\\/RepliqueMangaCine\",\"https:\\\/\\\/www.instagram.com\\\/repliquemangacine.fr\\\/\"]}]}<\/script>\n<!-- \/ Yoast SEO plugin. -->","yoast_head_json":{"title":"Katana Highlander Duncan MacLeod - R\u00e9plique Manga Cin\u00e9","description":"Regalategli questa splendida Katana Highlander di Duncan MacLeod al miglior prezzo. Lama in acciaio inox 440. Impugnatura a testa di serpente in resina finemente decorata. 104 cm","robots":{"index":"index","follow":"follow","max-snippet":"max-snippet:-1","max-image-preview":"max-image-preview:large","max-video-preview":"max-video-preview:-1"},"canonical":"https:\/\/repliquemangacine.fr\/it\/spade-katana-da-film-e-serie\/katana-duncan-macleod-highlander\/","og_locale":"it_IT","og_type":"article","og_title":"Katana Duncan MacLeod Highlander - R\u00e9plique Manga Cin\u00e9","og_description":"Offrez-lui ce splendide Katana Duncan MacLeod Highlander au meilleur prix. Lame en acier inox 440. Poign\u00e9e t\u00eate de serpent en r\u00e9sine finement d\u00e9cor\u00e9. 104 cm","og_url":"https:\/\/repliquemangacine.fr\/it\/spade-katana-da-film-e-serie\/katana-duncan-macleod-highlander\/","og_site_name":"R\u00e9plique Manga Cin\u00e9","article_publisher":"https:\/\/www.facebook.com\/RepliqueMangaCine","article_modified_time":"2025-11-18T20:50:53+00:00","og_image":[{"width":500,"height":500,"url":"https:\/\/repliquemangacine.fr\/wp-content\/uploads\/2023\/10\/katana-duncan.jpg","type":"image\/jpeg"}],"twitter_card":"summary_large_image","twitter_misc":{"Tempo di lettura stimato":"3 minuti"},"schema":{"@context":"https:\/\/schema.org","@graph":[{"@type":"WebPage","@id":"https:\/\/repliquemangacine.fr\/katana-les-epees-de-films-et-series\/katana-duncan-macleod-highlander\/","url":"https:\/\/repliquemangacine.fr\/katana-les-epees-de-films-et-series\/katana-duncan-macleod-highlander\/","name":"Katana Highlander Duncan MacLeod - R\u00e9plique Manga Cin\u00e9","isPartOf":{"@id":"https:\/\/repliquemangacine.fr\/#website"},"primaryImageOfPage":{"@id":"https:\/\/repliquemangacine.fr\/katana-les-epees-de-films-et-series\/katana-duncan-macleod-highlander\/#primaryimage"},"image":{"@id":"https:\/\/repliquemangacine.fr\/katana-les-epees-de-films-et-series\/katana-duncan-macleod-highlander\/#primaryimage"},"thumbnailUrl":"https:\/\/repliquemangacine.fr\/wp-content\/uploads\/2023\/10\/katana-duncan.jpg","datePublished":"2023-07-26T16:21:10+00:00","dateModified":"2025-11-18T20:50:53+00:00","description":"Regalategli questa splendida Katana Highlander di Duncan MacLeod al miglior prezzo. Lama in acciaio inox 440. Impugnatura a testa di serpente in resina finemente decorata. 104 cm","breadcrumb":{"@id":"https:\/\/repliquemangacine.fr\/katana-les-epees-de-films-et-series\/katana-duncan-macleod-highlander\/#breadcrumb"},"inLanguage":"it-IT","potentialAction":[{"@type":"ReadAction","target":["https:\/\/repliquemangacine.fr\/katana-les-epees-de-films-et-series\/katana-duncan-macleod-highlander\/"]}]},{"@type":"ImageObject","inLanguage":"it-IT","@id":"https:\/\/repliquemangacine.fr\/katana-les-epees-de-films-et-series\/katana-duncan-macleod-highlander\/#primaryimage","url":"https:\/\/repliquemangacine.fr\/wp-content\/uploads\/2023\/10\/katana-duncan.jpg","contentUrl":"https:\/\/repliquemangacine.fr\/wp-content\/uploads\/2023\/10\/katana-duncan.jpg","width":500,"height":500,"caption":"Katana Duncan MacLeod Highlander"},{"@type":"BreadcrumbList","@id":"https:\/\/repliquemangacine.fr\/katana-les-epees-de-films-et-series\/katana-duncan-macleod-highlander\/#breadcrumb","itemListElement":[{"@type":"ListItem","position":1,"name":"Accueil","item":"https:\/\/repliquemangacine.fr\/"},{"@type":"ListItem","position":2,"name":"Produits","item":"https:\/\/repliquemangacine.fr\/boutique\/"},{"@type":"ListItem","position":3,"name":"Katana Duncan MacLeod Highlander"}]},{"@type":"WebSite","@id":"https:\/\/repliquemangacine.fr\/#website","url":"https:\/\/repliquemangacine.fr\/","name":"R\u00e9plique Manga Cin\u00e9","description":"","publisher":{"@id":"https:\/\/repliquemangacine.fr\/#organization"},"potentialAction":[{"@type":"SearchAction","target":{"@type":"EntryPoint","urlTemplate":"https:\/\/repliquemangacine.fr\/?s={search_term_string}"},"query-input":{"@type":"PropertyValueSpecification","valueRequired":true,"valueName":"search_term_string"}}],"inLanguage":"it-IT"},{"@type":"Organization","@id":"https:\/\/repliquemangacine.fr\/#organization","name":"R\u00e9plique Manga Cin\u00e9","url":"https:\/\/repliquemangacine.fr\/","logo":{"@type":"ImageObject","inLanguage":"it-IT","@id":"https:\/\/repliquemangacine.fr\/#\/schema\/logo\/image\/","url":"https:\/\/repliquemangacine.fr\/wp-content\/uploads\/2023\/10\/RMC-500250.png","contentUrl":"https:\/\/repliquemangacine.fr\/wp-content\/uploads\/2023\/10\/RMC-500250.png","width":500,"height":250,"caption":"R\u00e9plique Manga Cin\u00e9"},"image":{"@id":"https:\/\/repliquemangacine.fr\/#\/schema\/logo\/image\/"},"sameAs":["https:\/\/www.facebook.com\/RepliqueMangaCine","https:\/\/www.instagram.com\/repliquemangacine.fr\/"]}]}},"_links":{"self":[{"href":"https:\/\/repliquemangacine.fr\/it\/wp-json\/wp\/v2\/product\/61742","targetHints":{"allow":["GET"]}}],"collection":[{"href":"https:\/\/repliquemangacine.fr\/it\/wp-json\/wp\/v2\/product"}],"about":[{"href":"https:\/\/repliquemangacine.fr\/it\/wp-json\/wp\/v2\/types\/product"}],"wp:featuredmedia":[{"embeddable":true,"href":"https:\/\/repliquemangacine.fr\/it\/wp-json\/wp\/v2\/media\/61743"}],"wp:attachment":[{"href":"https:\/\/repliquemangacine.fr\/it\/wp-json\/wp\/v2\/media?parent=61742"}],"wp:term":[{"taxonomy":"product_brand","embeddable":true,"href":"https:\/\/repliquemangacine.fr\/it\/wp-json\/wp\/v2\/product_brand?post=61742"},{"taxonomy":"product_cat","embeddable":true,"href":"https:\/\/repliquemangacine.fr\/it\/wp-json\/wp\/v2\/product_cat?post=61742"},{"taxonomy":"product_tag","embeddable":true,"href":"https:\/\/repliquemangacine.fr\/it\/wp-json\/wp\/v2\/product_tag?post=61742"}],"curies":[{"name":"wp","href":"https:\/\/api.w.org\/{rel}","templated":true}]}}