





{"id":61719,"date":"2023-07-25T19:07:08","date_gmt":"2023-07-25T17:07:08","guid":{"rendered":"https:\/\/repliquemangacine.fr\/?post_type=product&#038;p=61719"},"modified":"2026-04-10T15:46:48","modified_gmt":"2026-04-10T13:46:48","slug":"katana-deco-fiore-giapponese","status":"publish","type":"product","link":"https:\/\/repliquemangacine.fr\/it\/katana-decoration\/katana-deco-fleur-du-japon\/","title":{"rendered":"Katana decorazione floreale giapponese"},"content":{"rendered":"<h2>Il tuo <strong>Katana decorazione floreale giapponese<\/strong><\/h2>\n<p>Per cominciare, il <strong>Katana giapponese dal design floreale, <\/strong>Nello spirito dei samurai, il simbolo dei guerrieri giapponesi abbellir\u00e0 la vostra casa.<\/p>\n<p>La Katana \u00e8 un <a href=\"https:\/\/furansujapon.com\/culture\/katana-ce-quil-faut-savoir-du-sabre-japonais\/\" target=\"_blank\" rel=\"noopener noreferrer\">Spada giapponese<\/a> (arma bianca ricurva a un solo taglio) di oltre 60 cm. Si indossa infilata nella cintura. In genere viene impugnata con entrambe le mani, ma alcuni allenamenti, come la tecnica che prevede l'uso del fodero, richiedono l'uso di una sola mano.<\/p>\n<p>Le katane decorative non sono affilate n\u00e9 destinate alla pratica delle arti marziali. Il loro scopo \u00e8 puramente decorativo. Esistono diversi modi per esibire la katana:<\/p>\n<ul>\n<li>O con un supporto da collocare su un mobile<\/li>\n<li>O un supporto a parete<\/li>\n<li>O un supporto verticale<\/li>\n<\/ul>\n<h2>La vostra Katana floreale giapponese al miglior prezzo!<\/h2>\n<p>Offriamo un'ampia gamma di katane decorative tratte da manga e videogiochi, nonch\u00e9 da film e serie TV.<\/p>\n<p>Innanzitutto,<\/p>\n<ul>\n<li>Le <a href=\"https:\/\/repliquemangacine.fr\/it\/katana-uccisore-di-demoni\/katana-tanjiro-kamado-uccisore-di-demoni\/\">La katana di Tanjiro<\/a> nel manga animato Demon Slayer. Disponibile anche in versione forgiata.<\/li>\n<li>C'\u00e8 anche il <a href=\"https:\/\/repliquemangacine.fr\/it\/katana-lultimo-samurai\/katana-du-dernier-samourai-lultimo-samourai\/\">katana dell'ultimo samurai<\/a> con Tom Cruise.<\/li>\n<li>Cos\u00ec come il<a href=\"https:\/\/repliquemangacine.fr\/it\/film-serie-tv-vendita-di-spade-katana-e-prodotti-correlati\/spada-katana-heroes-di-hiro-nakamura\/\"> La spada di Hiro<\/a> della serie Heroes.<\/li>\n<li>E molto altro ancora da scoprire nel nostro negozio online.<\/li>\n<\/ul>\n<p>Ecco perch\u00e9 abbiamo pensato ad alcune idee regalo per tutti gli appassionati di film e serie TV.<\/p>\n<p>In conclusione, \u00e8 possibile utilizzare il metodo <strong>katana deco fiore giapponese<\/strong> per le vostre sfilate cosplay o serate a tema. Ma soprattutto, questa spada \u00e8 un oggetto da collezione e un pezzo decorativo.<\/p>\n<h2>Come si mantiene la lama della sciabola?<\/h2>\n<p>Le katana da collezione e decorative sono realizzate e assemblate in modo semplificato. Essendo destinate a scopi decorativi, non dispongono degli elementi di sicurezza necessari per una spada giapponese destinata all'allenamento.<\/p>\n<p>Tuttavia, il vostro <strong>katana deco fiore giapponese<\/strong> una lama in acciaio che deve essere curata per evitare che si rovini con il tempo. Infatti, esporrete la vostra katana e i vostri amici saranno curiosi di vedere la lama e di toccarla. \u00c8 qui che bisogna prestare attenzione, perch\u00e9 l'acidit\u00e0 delle dita \u00e8 molto dannosa per l'acciaio, indipendentemente dalla sua qualit\u00e0.<\/p>\n<p>Tuttavia, se ci\u00f2 accade, non bisogna farsi prendere dal panico: basta usare un panno inumidito con un po' d'olio e cancellare le impronte digitali. In questo modo, la spada durer\u00e0 a lungo.<\/p>","protected":false},"excerpt":{"rendered":"<p>Superba katana per la decorazione di interni.<\/p>\n<ul>\n<li>Lama in acciaio inox 440, non affilata.<\/li>\n<li>Fodero laccato nero con fiore giapponese.<\/li>\n<li>Manico in finta pelle di razza, ricoperto da una treccia di cotone verde.<\/li>\n<li>Protezione decorata in acciaio massiccio.<\/li>\n<li>Lunghezza totale: 103 cm<\/li>\n<\/ul>","protected":false},"featured_media":61720,"template":"","meta":[],"product_brand":[896],"product_cat":[26,32],"product_tag":[],"class_list":{"0":"post-61719","1":"product","2":"type-product","3":"status-publish","4":"has-post-thumbnail","6":"product_brand-replique-manga-cine","7":"product_cat-katana-epee","8":"product_cat-katana-decoration","10":"first","11":"outofstock","12":"sale","13":"taxable","14":"shipping-taxable","15":"purchasable","16":"product-type-simple"},"yoast_head":"<!-- This site is optimized with the Yoast SEO plugin v27.4 - https:\/\/yoast.com\/product\/yoast-seo-wordpress\/ -->\n<title>Katana d\u00e9co fleur du Japon - Boutique en ligne de katana - RMC<\/title>\n<meta name=\"description\" content=\"D\u00e9couvrez ce superbe Katana d\u00e9co fleur du Japon au meilleur prix. Lame en acier inox 440. Fourreau laqu\u00e9 noir avec fleur du Japon. Garde m\u00e9tal. 103 cm\" \/>\n<meta name=\"robots\" content=\"index, follow, max-snippet:-1, max-image-preview:large, max-video-preview:-1\" \/>\n<link rel=\"canonical\" href=\"https:\/\/repliquemangacine.fr\/it\/decorazione-della-katana\/katana-deco-fiore-giapponese\/\" \/>\n<meta property=\"og:locale\" content=\"it_IT\" \/>\n<meta property=\"og:type\" content=\"article\" \/>\n<meta property=\"og:title\" content=\"Katana d\u00e9co fleur du Japon - Boutique en ligne de katana - RMC\" \/>\n<meta property=\"og:description\" content=\"D\u00e9couvrez ce superbe Katana d\u00e9co fleur du Japon au meilleur prix. Lame en acier inox 440. Fourreau laqu\u00e9 noir avec fleur du Japon. Garde m\u00e9tal. 103 cm\" \/>\n<meta property=\"og:url\" content=\"https:\/\/repliquemangacine.fr\/it\/decorazione-della-katana\/katana-deco-fiore-giapponese\/\" \/>\n<meta property=\"og:site_name\" content=\"R\u00e9plique Manga Cin\u00e9\" \/>\n<meta property=\"article:publisher\" content=\"https:\/\/www.facebook.com\/RepliqueMangaCine\" \/>\n<meta property=\"article:modified_time\" content=\"2026-04-10T13:46:48+00:00\" \/>\n<meta property=\"og:image\" content=\"https:\/\/repliquemangacine.fr\/wp-content\/uploads\/2023\/10\/katana-deco-fleur.jpg\" \/>\n\t<meta property=\"og:image:width\" content=\"500\" \/>\n\t<meta property=\"og:image:height\" content=\"500\" \/>\n\t<meta property=\"og:image:type\" content=\"image\/jpeg\" \/>\n<meta name=\"twitter:card\" content=\"summary_large_image\" \/>\n<meta name=\"twitter:label1\" content=\"Tempo di lettura stimato\" \/>\n\t<meta name=\"twitter:data1\" content=\"3 minuti\" \/>\n<script type=\"application\/ld+json\" class=\"yoast-schema-graph\">{\"@context\":\"https:\\\/\\\/schema.org\",\"@graph\":[{\"@type\":\"WebPage\",\"@id\":\"https:\\\/\\\/repliquemangacine.fr\\\/katana-decoration\\\/katana-deco-fleur-du-japon\\\/\",\"url\":\"https:\\\/\\\/repliquemangacine.fr\\\/katana-decoration\\\/katana-deco-fleur-du-japon\\\/\",\"name\":\"Katana d\u00e9co fleur du Japon - Boutique en ligne de katana - RMC\",\"isPartOf\":{\"@id\":\"https:\\\/\\\/repliquemangacine.fr\\\/#website\"},\"primaryImageOfPage\":{\"@id\":\"https:\\\/\\\/repliquemangacine.fr\\\/katana-decoration\\\/katana-deco-fleur-du-japon\\\/#primaryimage\"},\"image\":{\"@id\":\"https:\\\/\\\/repliquemangacine.fr\\\/katana-decoration\\\/katana-deco-fleur-du-japon\\\/#primaryimage\"},\"thumbnailUrl\":\"https:\\\/\\\/repliquemangacine.fr\\\/wp-content\\\/uploads\\\/2023\\\/10\\\/katana-deco-fleur.jpg\",\"datePublished\":\"2023-07-25T17:07:08+00:00\",\"dateModified\":\"2026-04-10T13:46:48+00:00\",\"description\":\"D\u00e9couvrez ce superbe Katana d\u00e9co fleur du Japon au meilleur prix. Lame en acier inox 440. Fourreau laqu\u00e9 noir avec fleur du Japon. Garde m\u00e9tal. 103 cm\",\"breadcrumb\":{\"@id\":\"https:\\\/\\\/repliquemangacine.fr\\\/katana-decoration\\\/katana-deco-fleur-du-japon\\\/#breadcrumb\"},\"inLanguage\":\"it-IT\",\"potentialAction\":[{\"@type\":\"ReadAction\",\"target\":[\"https:\\\/\\\/repliquemangacine.fr\\\/katana-decoration\\\/katana-deco-fleur-du-japon\\\/\"]}]},{\"@type\":\"ImageObject\",\"inLanguage\":\"it-IT\",\"@id\":\"https:\\\/\\\/repliquemangacine.fr\\\/katana-decoration\\\/katana-deco-fleur-du-japon\\\/#primaryimage\",\"url\":\"https:\\\/\\\/repliquemangacine.fr\\\/wp-content\\\/uploads\\\/2023\\\/10\\\/katana-deco-fleur.jpg\",\"contentUrl\":\"https:\\\/\\\/repliquemangacine.fr\\\/wp-content\\\/uploads\\\/2023\\\/10\\\/katana-deco-fleur.jpg\",\"width\":500,\"height\":500,\"caption\":\"Katana d\u00e9co Fleur du Japon\"},{\"@type\":\"BreadcrumbList\",\"@id\":\"https:\\\/\\\/repliquemangacine.fr\\\/katana-decoration\\\/katana-deco-fleur-du-japon\\\/#breadcrumb\",\"itemListElement\":[{\"@type\":\"ListItem\",\"position\":1,\"name\":\"Accueil\",\"item\":\"https:\\\/\\\/repliquemangacine.fr\\\/\"},{\"@type\":\"ListItem\",\"position\":2,\"name\":\"Produits\",\"item\":\"https:\\\/\\\/repliquemangacine.fr\\\/boutique\\\/\"},{\"@type\":\"ListItem\",\"position\":3,\"name\":\"Katana d\u00e9co fleur du Japon\"}]},{\"@type\":\"WebSite\",\"@id\":\"https:\\\/\\\/repliquemangacine.fr\\\/#website\",\"url\":\"https:\\\/\\\/repliquemangacine.fr\\\/\",\"name\":\"R\u00e9plique Manga Cin\u00e9\",\"description\":\"\",\"publisher\":{\"@id\":\"https:\\\/\\\/repliquemangacine.fr\\\/#organization\"},\"potentialAction\":[{\"@type\":\"SearchAction\",\"target\":{\"@type\":\"EntryPoint\",\"urlTemplate\":\"https:\\\/\\\/repliquemangacine.fr\\\/?s={search_term_string}\"},\"query-input\":{\"@type\":\"PropertyValueSpecification\",\"valueRequired\":true,\"valueName\":\"search_term_string\"}}],\"inLanguage\":\"it-IT\"},{\"@type\":\"Organization\",\"@id\":\"https:\\\/\\\/repliquemangacine.fr\\\/#organization\",\"name\":\"R\u00e9plique Manga Cin\u00e9\",\"url\":\"https:\\\/\\\/repliquemangacine.fr\\\/\",\"logo\":{\"@type\":\"ImageObject\",\"inLanguage\":\"it-IT\",\"@id\":\"https:\\\/\\\/repliquemangacine.fr\\\/#\\\/schema\\\/logo\\\/image\\\/\",\"url\":\"https:\\\/\\\/repliquemangacine.fr\\\/wp-content\\\/uploads\\\/2023\\\/10\\\/RMC-500250.png\",\"contentUrl\":\"https:\\\/\\\/repliquemangacine.fr\\\/wp-content\\\/uploads\\\/2023\\\/10\\\/RMC-500250.png\",\"width\":500,\"height\":250,\"caption\":\"R\u00e9plique Manga Cin\u00e9\"},\"image\":{\"@id\":\"https:\\\/\\\/repliquemangacine.fr\\\/#\\\/schema\\\/logo\\\/image\\\/\"},\"sameAs\":[\"https:\\\/\\\/www.facebook.com\\\/RepliqueMangaCine\",\"https:\\\/\\\/www.instagram.com\\\/repliquemangacine.fr\\\/\"]}]}<\/script>\n<!-- \/ Yoast SEO plugin. -->","yoast_head_json":{"title":"Katana deco fiore giapponese - Katana negozio online - RMC","description":"Scoprite questa superba Katana con fiore giapponese al miglior prezzo. Lama in acciaio inox 440. Fodero laccato nero con fiore giapponese. Guardia in metallo. Lunghezza 103 cm","robots":{"index":"index","follow":"follow","max-snippet":"max-snippet:-1","max-image-preview":"max-image-preview:large","max-video-preview":"max-video-preview:-1"},"canonical":"https:\/\/repliquemangacine.fr\/it\/decorazione-della-katana\/katana-deco-fiore-giapponese\/","og_locale":"it_IT","og_type":"article","og_title":"Katana d\u00e9co fleur du Japon - Boutique en ligne de katana - RMC","og_description":"D\u00e9couvrez ce superbe Katana d\u00e9co fleur du Japon au meilleur prix. Lame en acier inox 440. Fourreau laqu\u00e9 noir avec fleur du Japon. Garde m\u00e9tal. 103 cm","og_url":"https:\/\/repliquemangacine.fr\/it\/decorazione-della-katana\/katana-deco-fiore-giapponese\/","og_site_name":"R\u00e9plique Manga Cin\u00e9","article_publisher":"https:\/\/www.facebook.com\/RepliqueMangaCine","article_modified_time":"2026-04-10T13:46:48+00:00","og_image":[{"width":500,"height":500,"url":"https:\/\/repliquemangacine.fr\/wp-content\/uploads\/2023\/10\/katana-deco-fleur.jpg","type":"image\/jpeg"}],"twitter_card":"summary_large_image","twitter_misc":{"Tempo di lettura stimato":"3 minuti"},"schema":{"@context":"https:\/\/schema.org","@graph":[{"@type":"WebPage","@id":"https:\/\/repliquemangacine.fr\/katana-decoration\/katana-deco-fleur-du-japon\/","url":"https:\/\/repliquemangacine.fr\/katana-decoration\/katana-deco-fleur-du-japon\/","name":"Katana deco fiore giapponese - Katana negozio online - RMC","isPartOf":{"@id":"https:\/\/repliquemangacine.fr\/#website"},"primaryImageOfPage":{"@id":"https:\/\/repliquemangacine.fr\/katana-decoration\/katana-deco-fleur-du-japon\/#primaryimage"},"image":{"@id":"https:\/\/repliquemangacine.fr\/katana-decoration\/katana-deco-fleur-du-japon\/#primaryimage"},"thumbnailUrl":"https:\/\/repliquemangacine.fr\/wp-content\/uploads\/2023\/10\/katana-deco-fleur.jpg","datePublished":"2023-07-25T17:07:08+00:00","dateModified":"2026-04-10T13:46:48+00:00","description":"Scoprite questa superba Katana con fiore giapponese al miglior prezzo. Lama in acciaio inox 440. Fodero laccato nero con fiore giapponese. Guardia in metallo. Lunghezza 103 cm","breadcrumb":{"@id":"https:\/\/repliquemangacine.fr\/katana-decoration\/katana-deco-fleur-du-japon\/#breadcrumb"},"inLanguage":"it-IT","potentialAction":[{"@type":"ReadAction","target":["https:\/\/repliquemangacine.fr\/katana-decoration\/katana-deco-fleur-du-japon\/"]}]},{"@type":"ImageObject","inLanguage":"it-IT","@id":"https:\/\/repliquemangacine.fr\/katana-decoration\/katana-deco-fleur-du-japon\/#primaryimage","url":"https:\/\/repliquemangacine.fr\/wp-content\/uploads\/2023\/10\/katana-deco-fleur.jpg","contentUrl":"https:\/\/repliquemangacine.fr\/wp-content\/uploads\/2023\/10\/katana-deco-fleur.jpg","width":500,"height":500,"caption":"Katana d\u00e9co Fleur du Japon"},{"@type":"BreadcrumbList","@id":"https:\/\/repliquemangacine.fr\/katana-decoration\/katana-deco-fleur-du-japon\/#breadcrumb","itemListElement":[{"@type":"ListItem","position":1,"name":"Accueil","item":"https:\/\/repliquemangacine.fr\/"},{"@type":"ListItem","position":2,"name":"Produits","item":"https:\/\/repliquemangacine.fr\/boutique\/"},{"@type":"ListItem","position":3,"name":"Katana d\u00e9co fleur du Japon"}]},{"@type":"WebSite","@id":"https:\/\/repliquemangacine.fr\/#website","url":"https:\/\/repliquemangacine.fr\/","name":"R\u00e9plique Manga Cin\u00e9","description":"","publisher":{"@id":"https:\/\/repliquemangacine.fr\/#organization"},"potentialAction":[{"@type":"SearchAction","target":{"@type":"EntryPoint","urlTemplate":"https:\/\/repliquemangacine.fr\/?s={search_term_string}"},"query-input":{"@type":"PropertyValueSpecification","valueRequired":true,"valueName":"search_term_string"}}],"inLanguage":"it-IT"},{"@type":"Organization","@id":"https:\/\/repliquemangacine.fr\/#organization","name":"R\u00e9plique Manga Cin\u00e9","url":"https:\/\/repliquemangacine.fr\/","logo":{"@type":"ImageObject","inLanguage":"it-IT","@id":"https:\/\/repliquemangacine.fr\/#\/schema\/logo\/image\/","url":"https:\/\/repliquemangacine.fr\/wp-content\/uploads\/2023\/10\/RMC-500250.png","contentUrl":"https:\/\/repliquemangacine.fr\/wp-content\/uploads\/2023\/10\/RMC-500250.png","width":500,"height":250,"caption":"R\u00e9plique Manga Cin\u00e9"},"image":{"@id":"https:\/\/repliquemangacine.fr\/#\/schema\/logo\/image\/"},"sameAs":["https:\/\/www.facebook.com\/RepliqueMangaCine","https:\/\/www.instagram.com\/repliquemangacine.fr\/"]}]}},"_links":{"self":[{"href":"https:\/\/repliquemangacine.fr\/it\/wp-json\/wp\/v2\/product\/61719","targetHints":{"allow":["GET"]}}],"collection":[{"href":"https:\/\/repliquemangacine.fr\/it\/wp-json\/wp\/v2\/product"}],"about":[{"href":"https:\/\/repliquemangacine.fr\/it\/wp-json\/wp\/v2\/types\/product"}],"wp:featuredmedia":[{"embeddable":true,"href":"https:\/\/repliquemangacine.fr\/it\/wp-json\/wp\/v2\/media\/61720"}],"wp:attachment":[{"href":"https:\/\/repliquemangacine.fr\/it\/wp-json\/wp\/v2\/media?parent=61719"}],"wp:term":[{"taxonomy":"product_brand","embeddable":true,"href":"https:\/\/repliquemangacine.fr\/it\/wp-json\/wp\/v2\/product_brand?post=61719"},{"taxonomy":"product_cat","embeddable":true,"href":"https:\/\/repliquemangacine.fr\/it\/wp-json\/wp\/v2\/product_cat?post=61719"},{"taxonomy":"product_tag","embeddable":true,"href":"https:\/\/repliquemangacine.fr\/it\/wp-json\/wp\/v2\/product_tag?post=61719"}],"curies":[{"name":"wp","href":"https:\/\/api.w.org\/{rel}","templated":true}]}}