





{"id":61707,"date":"2023-07-25T15:18:55","date_gmt":"2023-07-25T13:18:55","guid":{"rendered":"https:\/\/repliquemangacine.fr\/?post_type=product&#038;p=61707"},"modified":"2025-12-21T14:02:05","modified_gmt":"2025-12-21T13:02:05","slug":"fucile-winchester-lucido","status":"publish","type":"product","link":"https:\/\/repliquemangacine.fr\/it\/repliques-carabine-winchester-western\/carabine-winchester-poli\/","title":{"rendered":"Fucile Winchester lucidato"},"content":{"rendered":"<h2>Fucile Winchester lucido - Denix<\/h2>\n<p>Per cominciare, il <strong>Fucile Winchester lucidato<\/strong> del 1866, una delle pistole pi\u00f9 famose del West americano. Lucidato a mano in edizione limitata.<\/p>\n<p>Oliver Winchester modifica il fucile Henry per trasformarlo nel primo fucile Winchester, il famoso modello Winchester 1866 soprannominato Yellow Boy. Questo modello utilizza, come l'Henry, munizioni a percussione anulare e un efficiente caricatore. Grande successo con oltre 118.000 pezzi venduti tra il 1866 e il 1873.<\/p>\n<p>Per concludere, un altro modello molto popolare fu lanciato nel 1873, il Winchester modello 1873, che utilizzava cartucce a percussione centrale.<\/p>\n<p>I modelli 66 e 73 Winchester sarebbero diventati entrambi noti come i fucili che hanno conquistato il West.<\/p>\n<h2>Il vostro fucile Winchester lucido al miglior prezzo.<\/h2>\n<p>Vi proponiamo un'ampia scelta di riproduzioni di armi western.<\/p>\n<p>Innanzitutto,<\/p>\n<ul>\n<li>Il famoso <a href=\"https:\/\/repliquemangacine.fr\/it\/fucile-winchester\/fucile-henry-guerra-civile-usa-1860\/\">Fucile Henry<\/a> 1860 da Denix.<\/li>\n<li>Cos\u00ec come il <a href=\"https:\/\/repliquemangacine.fr\/it\/fondina-per-accessori-western\/fodero-per-fucile-winchester\/\">Fodero per fucile Winchester<\/a> tutto in pelle.<\/li>\n<li>C'\u00e8 anche il <a href=\"https:\/\/repliquemangacine.fr\/it\/replica-western-winchester\/fucile-a-doppia-canna-wyatt-earp-usa-1881\/\">Fucile a doppia canna Wyatt Earp<\/a> 1881.<\/li>\n<li>E molti altri da scoprire nel nostro negozio online!<\/li>\n<\/ul>\n<p>Ecco quindi alcune fantastiche idee regalo per tutti gli appassionati di western.<\/p>\n<p>In conclusione, \u00e8 possibile utilizzare il metodo <strong>Fucile Winchester lucidato<\/strong> per le vostre esibizioni western. Ma soprattutto, questa riproduzione \u00e8 un'arma da collezione e decorativa.<\/p>\n<p>R\u00e9plique Manga Cin\u00e9 \u00e8 un'azienda familiare francese e distributore ufficiale di <a href=\"https:\/\/www.denix.fr\/\" target=\"_blank\" rel=\"noopener noreferrer\">Denix<\/a>.<\/p>\n<h2>Come vengono realizzate le repliche delle armi Denix?<\/h2>\n<p>Utilizzate in rievocazioni storiche, film, serie e dai collezionisti. Le riproduzioni Denix sono realizzate con materiali di alta qualit\u00e0. Sono accuratamente lavorate e assemblate per creare armi realistiche da collezione.<\/p>\n<ul>\n<li>I metalli sono in una lega metallica nota come Zamac, la cui composizione di base \u00e8 zinco in 95%.<\/li>\n<li>Le parti in plastica delle repliche sono realizzate in ABS stampato, che offre una grande resistenza.<\/li>\n<li>Il legno scelto per la sua bellezza e durata, come il mogano, l'ulivo o il noce, conferir\u00e0 ai mozziconi e alle botti un aspetto elegante e autentico.<\/li>\n<\/ul>\n<p>Si noti che tutte le riproduzioni Denix sono identiche agli originali, come il vostro <strong>Fucile Winchester lucidato<\/strong> 1866.<\/p>","protected":false},"excerpt":{"rendered":"<p>Replica di fucile Winchester 1866 lucidato a mano in <strong>edizione limitata<\/strong> da Denix.<\/p>\n<ul>\n<li>Calibro 44, modello 1866.<\/li>\n<li>Calcio e canna in legno.<\/li>\n<li>Meccanismo in metallo nichelato lucidato a mano.<\/li>\n<li>Anello della sella sul lato sinistro.<\/li>\n<li>Armi e scioperi.<\/li>\n<li>Non idoneo a sparare.<\/li>\n<li>Non \u00e8 richiesta alcuna autorizzazione. Vendita e possesso gratuiti.<\/li>\n<li>Dimensioni: 100 cm - Peso: 2700 g<\/li>\n<\/ul>","protected":false},"featured_media":61708,"template":"","meta":[],"product_brand":[896],"product_cat":[34,39,86,102,28,101,27],"product_tag":[],"class_list":{"0":"post-61707","1":"product","2":"type-product","3":"status-publish","4":"has-post-thumbnail","6":"product_brand-replique-manga-cine","7":"product_cat-armes-westerns","8":"product_cat-carabine-winchester","9":"product_cat-repliques-carabine-winchester-western","10":"product_cat-denix","11":"product_cat-repliques-darmes","12":"product_cat-soldes","13":"product_cat-armes-et-accessoires-western","15":"first","16":"outofstock","17":"sale","18":"taxable","19":"shipping-taxable","20":"purchasable","21":"product-type-simple"},"yoast_head":"<!-- This site is optimized with the Yoast SEO plugin v27.4 - https:\/\/yoast.com\/product\/yoast-seo-wordpress\/ -->\n<title>Carabine Winchester poli - Reproduction d&#039;armes Denix - R\u00e9plique Manga Cin\u00e9<\/title>\n<meta name=\"description\" content=\"D\u00e9couvrez cette Carabine Winchester poli \u00e0 la main au meilleur prix. M\u00e9canisme fonctionnel. Ne tire pas. Crosse en bois. \u00c9dition limit\u00e9e. Longueur : 100 cm\" \/>\n<meta name=\"robots\" content=\"index, follow, max-snippet:-1, max-image-preview:large, max-video-preview:-1\" \/>\n<link rel=\"canonical\" href=\"https:\/\/repliquemangacine.fr\/it\/fucile-winchester-western-replica\/fucile-winchester-lucido\/\" \/>\n<meta property=\"og:locale\" content=\"it_IT\" \/>\n<meta property=\"og:type\" content=\"article\" \/>\n<meta property=\"og:title\" content=\"Carabine Winchester poli - Reproduction d&#039;armes Denix - R\u00e9plique Manga Cin\u00e9\" \/>\n<meta property=\"og:description\" content=\"D\u00e9couvrez cette Carabine Winchester poli \u00e0 la main au meilleur prix. M\u00e9canisme fonctionnel. Ne tire pas. Crosse en bois. \u00c9dition limit\u00e9e. Longueur : 100 cm\" \/>\n<meta property=\"og:url\" content=\"https:\/\/repliquemangacine.fr\/it\/fucile-winchester-western-replica\/fucile-winchester-lucido\/\" \/>\n<meta property=\"og:site_name\" content=\"R\u00e9plique Manga Cin\u00e9\" \/>\n<meta property=\"article:publisher\" content=\"https:\/\/www.facebook.com\/RepliqueMangaCine\" \/>\n<meta property=\"article:modified_time\" content=\"2025-12-21T13:02:05+00:00\" \/>\n<meta property=\"og:image\" content=\"https:\/\/repliquemangacine.fr\/wp-content\/uploads\/2023\/10\/winchester-poli.jpg\" \/>\n\t<meta property=\"og:image:width\" content=\"500\" \/>\n\t<meta property=\"og:image:height\" content=\"500\" \/>\n\t<meta property=\"og:image:type\" content=\"image\/jpeg\" \/>\n<meta name=\"twitter:card\" content=\"summary_large_image\" \/>\n<meta name=\"twitter:label1\" content=\"Tempo di lettura stimato\" \/>\n\t<meta name=\"twitter:data1\" content=\"3 minuti\" \/>\n<script type=\"application\/ld+json\" class=\"yoast-schema-graph\">{\"@context\":\"https:\\\/\\\/schema.org\",\"@graph\":[{\"@type\":\"WebPage\",\"@id\":\"https:\\\/\\\/repliquemangacine.fr\\\/repliques-carabine-winchester-western\\\/carabine-winchester-poli\\\/\",\"url\":\"https:\\\/\\\/repliquemangacine.fr\\\/repliques-carabine-winchester-western\\\/carabine-winchester-poli\\\/\",\"name\":\"Carabine Winchester poli - Reproduction d'armes Denix - R\u00e9plique Manga Cin\u00e9\",\"isPartOf\":{\"@id\":\"https:\\\/\\\/repliquemangacine.fr\\\/#website\"},\"primaryImageOfPage\":{\"@id\":\"https:\\\/\\\/repliquemangacine.fr\\\/repliques-carabine-winchester-western\\\/carabine-winchester-poli\\\/#primaryimage\"},\"image\":{\"@id\":\"https:\\\/\\\/repliquemangacine.fr\\\/repliques-carabine-winchester-western\\\/carabine-winchester-poli\\\/#primaryimage\"},\"thumbnailUrl\":\"https:\\\/\\\/repliquemangacine.fr\\\/wp-content\\\/uploads\\\/2023\\\/10\\\/winchester-poli.jpg\",\"datePublished\":\"2023-07-25T13:18:55+00:00\",\"dateModified\":\"2025-12-21T13:02:05+00:00\",\"description\":\"D\u00e9couvrez cette Carabine Winchester poli \u00e0 la main au meilleur prix. M\u00e9canisme fonctionnel. Ne tire pas. Crosse en bois. \u00c9dition limit\u00e9e. Longueur : 100 cm\",\"breadcrumb\":{\"@id\":\"https:\\\/\\\/repliquemangacine.fr\\\/repliques-carabine-winchester-western\\\/carabine-winchester-poli\\\/#breadcrumb\"},\"inLanguage\":\"it-IT\",\"potentialAction\":[{\"@type\":\"ReadAction\",\"target\":[\"https:\\\/\\\/repliquemangacine.fr\\\/repliques-carabine-winchester-western\\\/carabine-winchester-poli\\\/\"]}]},{\"@type\":\"ImageObject\",\"inLanguage\":\"it-IT\",\"@id\":\"https:\\\/\\\/repliquemangacine.fr\\\/repliques-carabine-winchester-western\\\/carabine-winchester-poli\\\/#primaryimage\",\"url\":\"https:\\\/\\\/repliquemangacine.fr\\\/wp-content\\\/uploads\\\/2023\\\/10\\\/winchester-poli.jpg\",\"contentUrl\":\"https:\\\/\\\/repliquemangacine.fr\\\/wp-content\\\/uploads\\\/2023\\\/10\\\/winchester-poli.jpg\",\"width\":500,\"height\":500,\"caption\":\"Carabine Winchester Poli\"},{\"@type\":\"BreadcrumbList\",\"@id\":\"https:\\\/\\\/repliquemangacine.fr\\\/repliques-carabine-winchester-western\\\/carabine-winchester-poli\\\/#breadcrumb\",\"itemListElement\":[{\"@type\":\"ListItem\",\"position\":1,\"name\":\"Accueil\",\"item\":\"https:\\\/\\\/repliquemangacine.fr\\\/\"},{\"@type\":\"ListItem\",\"position\":2,\"name\":\"Produits\",\"item\":\"https:\\\/\\\/repliquemangacine.fr\\\/boutique\\\/\"},{\"@type\":\"ListItem\",\"position\":3,\"name\":\"Carabine Winchester poli\"}]},{\"@type\":\"WebSite\",\"@id\":\"https:\\\/\\\/repliquemangacine.fr\\\/#website\",\"url\":\"https:\\\/\\\/repliquemangacine.fr\\\/\",\"name\":\"R\u00e9plique Manga Cin\u00e9\",\"description\":\"\",\"publisher\":{\"@id\":\"https:\\\/\\\/repliquemangacine.fr\\\/#organization\"},\"potentialAction\":[{\"@type\":\"SearchAction\",\"target\":{\"@type\":\"EntryPoint\",\"urlTemplate\":\"https:\\\/\\\/repliquemangacine.fr\\\/?s={search_term_string}\"},\"query-input\":{\"@type\":\"PropertyValueSpecification\",\"valueRequired\":true,\"valueName\":\"search_term_string\"}}],\"inLanguage\":\"it-IT\"},{\"@type\":\"Organization\",\"@id\":\"https:\\\/\\\/repliquemangacine.fr\\\/#organization\",\"name\":\"R\u00e9plique Manga Cin\u00e9\",\"url\":\"https:\\\/\\\/repliquemangacine.fr\\\/\",\"logo\":{\"@type\":\"ImageObject\",\"inLanguage\":\"it-IT\",\"@id\":\"https:\\\/\\\/repliquemangacine.fr\\\/#\\\/schema\\\/logo\\\/image\\\/\",\"url\":\"https:\\\/\\\/repliquemangacine.fr\\\/wp-content\\\/uploads\\\/2023\\\/10\\\/RMC-500250.png\",\"contentUrl\":\"https:\\\/\\\/repliquemangacine.fr\\\/wp-content\\\/uploads\\\/2023\\\/10\\\/RMC-500250.png\",\"width\":500,\"height\":250,\"caption\":\"R\u00e9plique Manga Cin\u00e9\"},\"image\":{\"@id\":\"https:\\\/\\\/repliquemangacine.fr\\\/#\\\/schema\\\/logo\\\/image\\\/\"},\"sameAs\":[\"https:\\\/\\\/www.facebook.com\\\/RepliqueMangaCine\",\"https:\\\/\\\/www.instagram.com\\\/repliquemangacine.fr\\\/\"]}]}<\/script>\n<!-- \/ Yoast SEO plugin. -->","yoast_head_json":{"title":"Fucile Winchester lucido - Riproduzione di armi Denix - R\u00e9plique Manga Cin\u00e9","description":"Scoprite questo fucile Winchester lucidato a mano al miglior prezzo. Meccanismo funzionante. Non spara. Calcio in legno. Edizione limitata. Lunghezza: 100 cm","robots":{"index":"index","follow":"follow","max-snippet":"max-snippet:-1","max-image-preview":"max-image-preview:large","max-video-preview":"max-video-preview:-1"},"canonical":"https:\/\/repliquemangacine.fr\/it\/fucile-winchester-western-replica\/fucile-winchester-lucido\/","og_locale":"it_IT","og_type":"article","og_title":"Carabine Winchester poli - Reproduction d'armes Denix - R\u00e9plique Manga Cin\u00e9","og_description":"D\u00e9couvrez cette Carabine Winchester poli \u00e0 la main au meilleur prix. M\u00e9canisme fonctionnel. Ne tire pas. Crosse en bois. \u00c9dition limit\u00e9e. Longueur : 100 cm","og_url":"https:\/\/repliquemangacine.fr\/it\/fucile-winchester-western-replica\/fucile-winchester-lucido\/","og_site_name":"R\u00e9plique Manga Cin\u00e9","article_publisher":"https:\/\/www.facebook.com\/RepliqueMangaCine","article_modified_time":"2025-12-21T13:02:05+00:00","og_image":[{"width":500,"height":500,"url":"https:\/\/repliquemangacine.fr\/wp-content\/uploads\/2023\/10\/winchester-poli.jpg","type":"image\/jpeg"}],"twitter_card":"summary_large_image","twitter_misc":{"Tempo di lettura stimato":"3 minuti"},"schema":{"@context":"https:\/\/schema.org","@graph":[{"@type":"WebPage","@id":"https:\/\/repliquemangacine.fr\/repliques-carabine-winchester-western\/carabine-winchester-poli\/","url":"https:\/\/repliquemangacine.fr\/repliques-carabine-winchester-western\/carabine-winchester-poli\/","name":"Fucile Winchester lucido - Riproduzione di armi Denix - R\u00e9plique Manga Cin\u00e9","isPartOf":{"@id":"https:\/\/repliquemangacine.fr\/#website"},"primaryImageOfPage":{"@id":"https:\/\/repliquemangacine.fr\/repliques-carabine-winchester-western\/carabine-winchester-poli\/#primaryimage"},"image":{"@id":"https:\/\/repliquemangacine.fr\/repliques-carabine-winchester-western\/carabine-winchester-poli\/#primaryimage"},"thumbnailUrl":"https:\/\/repliquemangacine.fr\/wp-content\/uploads\/2023\/10\/winchester-poli.jpg","datePublished":"2023-07-25T13:18:55+00:00","dateModified":"2025-12-21T13:02:05+00:00","description":"Scoprite questo fucile Winchester lucidato a mano al miglior prezzo. Meccanismo funzionante. Non spara. Calcio in legno. Edizione limitata. Lunghezza: 100 cm","breadcrumb":{"@id":"https:\/\/repliquemangacine.fr\/repliques-carabine-winchester-western\/carabine-winchester-poli\/#breadcrumb"},"inLanguage":"it-IT","potentialAction":[{"@type":"ReadAction","target":["https:\/\/repliquemangacine.fr\/repliques-carabine-winchester-western\/carabine-winchester-poli\/"]}]},{"@type":"ImageObject","inLanguage":"it-IT","@id":"https:\/\/repliquemangacine.fr\/repliques-carabine-winchester-western\/carabine-winchester-poli\/#primaryimage","url":"https:\/\/repliquemangacine.fr\/wp-content\/uploads\/2023\/10\/winchester-poli.jpg","contentUrl":"https:\/\/repliquemangacine.fr\/wp-content\/uploads\/2023\/10\/winchester-poli.jpg","width":500,"height":500,"caption":"Carabine Winchester Poli"},{"@type":"BreadcrumbList","@id":"https:\/\/repliquemangacine.fr\/repliques-carabine-winchester-western\/carabine-winchester-poli\/#breadcrumb","itemListElement":[{"@type":"ListItem","position":1,"name":"Accueil","item":"https:\/\/repliquemangacine.fr\/"},{"@type":"ListItem","position":2,"name":"Produits","item":"https:\/\/repliquemangacine.fr\/boutique\/"},{"@type":"ListItem","position":3,"name":"Carabine Winchester poli"}]},{"@type":"WebSite","@id":"https:\/\/repliquemangacine.fr\/#website","url":"https:\/\/repliquemangacine.fr\/","name":"R\u00e9plique Manga Cin\u00e9","description":"","publisher":{"@id":"https:\/\/repliquemangacine.fr\/#organization"},"potentialAction":[{"@type":"SearchAction","target":{"@type":"EntryPoint","urlTemplate":"https:\/\/repliquemangacine.fr\/?s={search_term_string}"},"query-input":{"@type":"PropertyValueSpecification","valueRequired":true,"valueName":"search_term_string"}}],"inLanguage":"it-IT"},{"@type":"Organization","@id":"https:\/\/repliquemangacine.fr\/#organization","name":"R\u00e9plique Manga Cin\u00e9","url":"https:\/\/repliquemangacine.fr\/","logo":{"@type":"ImageObject","inLanguage":"it-IT","@id":"https:\/\/repliquemangacine.fr\/#\/schema\/logo\/image\/","url":"https:\/\/repliquemangacine.fr\/wp-content\/uploads\/2023\/10\/RMC-500250.png","contentUrl":"https:\/\/repliquemangacine.fr\/wp-content\/uploads\/2023\/10\/RMC-500250.png","width":500,"height":250,"caption":"R\u00e9plique Manga Cin\u00e9"},"image":{"@id":"https:\/\/repliquemangacine.fr\/#\/schema\/logo\/image\/"},"sameAs":["https:\/\/www.facebook.com\/RepliqueMangaCine","https:\/\/www.instagram.com\/repliquemangacine.fr\/"]}]}},"_links":{"self":[{"href":"https:\/\/repliquemangacine.fr\/it\/wp-json\/wp\/v2\/product\/61707","targetHints":{"allow":["GET"]}}],"collection":[{"href":"https:\/\/repliquemangacine.fr\/it\/wp-json\/wp\/v2\/product"}],"about":[{"href":"https:\/\/repliquemangacine.fr\/it\/wp-json\/wp\/v2\/types\/product"}],"wp:featuredmedia":[{"embeddable":true,"href":"https:\/\/repliquemangacine.fr\/it\/wp-json\/wp\/v2\/media\/61708"}],"wp:attachment":[{"href":"https:\/\/repliquemangacine.fr\/it\/wp-json\/wp\/v2\/media?parent=61707"}],"wp:term":[{"taxonomy":"product_brand","embeddable":true,"href":"https:\/\/repliquemangacine.fr\/it\/wp-json\/wp\/v2\/product_brand?post=61707"},{"taxonomy":"product_cat","embeddable":true,"href":"https:\/\/repliquemangacine.fr\/it\/wp-json\/wp\/v2\/product_cat?post=61707"},{"taxonomy":"product_tag","embeddable":true,"href":"https:\/\/repliquemangacine.fr\/it\/wp-json\/wp\/v2\/product_tag?post=61707"}],"curies":[{"name":"wp","href":"https:\/\/api.w.org\/{rel}","templated":true}]}}